{"id":25506,"date":"2024-10-01T14:24:48","date_gmt":"2024-10-01T14:24:48","guid":{"rendered":"https:\/\/monti.lt\/?post_type=product&#038;p=25506"},"modified":"2026-04-22T08:51:17","modified_gmt":"2026-04-22T08:51:17","slug":"spalvu-zaidimas","status":"publish","type":"product","link":"https:\/\/monti.lt\/en\/product\/spalvu-zaidimas\/","title":{"rendered":"Spalv\u0173 \u017eaidimas"},"content":{"rendered":"<h1 class=\"wp-block-heading\">LOGINIS \u017dAIDIMAS&nbsp;<\/h1>\n\n\n\n<ul class=\"wp-block-list\">\n<li><strong>LOGINIO M\u0104STYMO MOKYMASIS IR ATMINTIES lavinimas<\/strong>\u00a0\u2013 loginis \u017eaidimas yra\u00a0<strong>puiki mokomoji priemon\u0117<\/strong>\u00a0, kuri\u00a0<strong>padeda vaikams lavinti loginio m\u0105stymo \u012fg\u016bd\u017eius<\/strong>\u00a0ir\u00a0<strong>pagerinti atmint\u012f<\/strong>\u00a0. Nors linksminasi\u00a0<strong>\u017eaid\u0117jai privalo<\/strong>\u00a0ne tik\u00a0<strong>greitai analizuoti situacij\u0105<\/strong>\u00a0, bet ir\u00a0<strong>tiksliai atkurti kortel\u0117se pateiktus ra\u0161tus<\/strong>\u00a0.\u00a0<strong>Spalving\u0173 p\u0117stinink\u0173 i\u0161d\u0117stymas pagal nurodytus ra\u0161tus<\/strong>\u00a0reikalauja susikaupimo ir geros koordinacijos, o tai padeda vystytis\u00a0<strong>vaiko pa\u017eintiniai geb\u0117jimai<\/strong>\u00a0.<strong>\u00a0Laiko spaudimas ir konkurencija<\/strong>\u00a0su kitu \u017eaid\u0117ju sukuria papildom\u0173 i\u0161\u0161\u016bki\u0173 vaikams, kuri\u0173 d\u0117ka jie \u017eaid\u017eia<strong>\u00a0\u012ftraukia juos daugeliu lygi\u0173<\/strong>\u00a0.<\/li>\n\n\n\n<li><strong>SPALVINGI ELEMENTAI IR \u012eVAIR\u016aS RA\u0160TAI<\/strong>\u00a0\u2013 \u017eaidime yra\u00a0<strong>40 korteli\u0173 su \u012fvairiais, spalvingais ra\u0161tais<\/strong>\u00a0<strong>\u017eaid\u0117jas turi \u017eem\u0117lap\u012f lentoje<\/strong>\u00a0.\u00a0<strong>Kortel\u0117s pagamintos i\u0161 storo kartono<\/strong>\u00a0, kuris u\u017etikrina j\u0173 ilgaam\u017ei\u0161kum\u0105\u00a0<strong>ilgaam\u017ei\u0161kumas ir atsparumas sunaikinimui<\/strong>\u00a0. Jis taip pat prieinamas \u017eaid\u0117jams\u00a0<strong>16 vienet\u0173 keturi\u0173 pagrindini\u0173 spalv\u0173: geltona, raudona, \u017ealia ir m\u0117lyna<\/strong>\u00a0. \u0160ie elementai i\u0161\u00a0<strong>PP (polipropilenas)<\/strong>\u00a0jais lengva manipuliuoti, tod\u0117l \u017eaidimas yra prieinamas net jaunesniems vaikams. I\u0161d\u0117styti spalvingas fig\u016br\u0117les ant lentos gali atrodyti lengva, ta\u010diau laiko spaudimas ir konkurencija paver\u010dia \u017eaidim\u0105 tikru i\u0161\u0161\u016bkiu, reikalaujan\u010diu visi\u0161ko susikaupimo.<\/li>\n\n\n\n<li><strong>JUD\u0116JIMO PABAIGOS SIGNALAVIMAS<\/strong>\u00a0\u2013 vienas \u012fdomiausi\u0173 \u017eaidimo element\u0173\u00a0<strong>varpas,<\/strong>\u00a0kurios\u00a0<strong>skleid\u017eia malon\u0173 gars\u0105<\/strong>\u00a0, kai\u00a0<strong>vienas \u017eaid\u0117jas u\u017ebaigia \u0161ablon\u0105<\/strong>\u00a0. Tai viskas\u00a0<strong>varpas yra pagrindinis elementas, signalizuojantis raundo pabaig\u0105<\/strong>\u00a0ir priver\u010dia emocijas augti su kiekviena \u017eaidimo sekunde. Varpelis\u00a0<strong>prideda konkurencijos element\u0105 ir padidina \u017eaidimo dinamik\u0105<\/strong>.\u00a0<strong>\u017daidimas baigiasi<\/strong>\u00a0<strong>kai vienas \u017eaid\u0117jas s\u0117kmingai u\u017ebaigia \u0161ablon\u0105 ir pirmasis paspaud\u017eia varpel\u012f<\/strong>\u00a0, leid\u017eiant\u012f greitai apsisukti\u00a0<strong>i\u0161spr\u0119sti raund\u0105 ir pereiti prie kito i\u0161\u0161\u016bkio<\/strong>\u00a0. D\u0117l to \u017eaidimas \u012ftraukia, motyvuoja ir ver\u010dia vaikus entuziastingai \u017ei\u016br\u0117ti \u012f kiekvien\u0105 \u017eaidim\u0105.<\/li>\n\n\n\n<li><strong>\u017dAIDIMAS DVIEM<\/strong>\u00a0&#8211; \u017eaidimas buvo sukurtas su&#8230;\u00a0<strong>\u017eaidimai dviems \u017emon\u0117ms<\/strong>\u00a0, tod\u0117l tai idealus pasirinkimas \u017eaid\u017eiant kartu su broliais ir seserimis, t\u0117vais ar draugais. IN\u00a0<strong>Rinkin\u012f sudaro dvi \u017eaidimo lentos<\/strong>\u00a0pagamintas i\u0161\u00a0<strong>auk\u0161tos kokyb\u0117s juoda PET med\u017eiaga<\/strong>\u00a0<strong>patvarus ir atsparus pa\u017eeidimams<\/strong>\u00a0, tod\u0117l galite m\u0117gautis \u017eaidimu ilg\u0105 laik\u0105, nesijaudindami d\u0117l element\u0173 susid\u0117v\u0117jimo.\u00a0<strong>Plombas ir ra\u0161t\u0173 lentas lengva valyti,<\/strong>\u00a0nes visus elementus galima nuplauti.<\/li>\n\n\n\n<li><strong>SPECIFIKACIJOS &#8211;\u00a0<\/strong>med\u017eiaga: popierius, PP, PET, gele\u017eis, ABS; matmenys: 5,2 x 3,2 x 1,5 cm; pakuot\u0117s matmenys: 30 x 21 x 7,5 cm; svoris: 0,24 kg; svoris pakuot\u0117je: 0,4 kg.\u00a0<\/li>\n<\/ul>\n\n\n\n<p><strong>\u017dAIDIMO SPECIFIKACIJOS:<\/strong><\/p>\n\n\n\n<ul class=\"wp-block-list\">\n<li>med\u017eiaga: popierius, PP, PET, gele\u017eis, ABS<\/li>\n\n\n\n<li>matmenys: 5,2 x 3,2 x 1,5 cm<\/li>\n\n\n\n<li>pakuot\u0117s matmenys: 30 x 21 x 7,5 cm<\/li>\n\n\n\n<li>svoris: 0,24 kg<\/li>\n\n\n\n<li>svoris pakuot\u0117je: 0,4 kg<\/li>\n<\/ul>\n\n\n\n<p><strong>\u012eSKAI\u010cIUOTA:<\/strong><\/p>\n\n\n\n<ul class=\"wp-block-list\">\n<li>2x lenta<\/li>\n\n\n\n<li>varpas<\/li>\n\n\n\n<li>16 x ritulys<\/li>\n\n\n\n<li>40x kortel\u0117<\/li>\n<\/ul>","protected":false},"excerpt":{"rendered":"<p>LOGINIS \u017dAIDIMAS&nbsp; \u017dAIDIMO SPECIFIKACIJOS: \u012eSKAI\u010cIUOTA:<\/p>","protected":false},"featured_media":25507,"template":"","meta":{"_acf_changed":false,"iawp_total_views":500},"product_cat":[218,217,191,84,91,199,49,39,201],"product_tag":[97,98,99],"class_list":{"0":"post-25506","1":"product","2":"type-product","3":"status-publish","4":"has-post-thumbnail","6":"product_cat-darzeliu-grupems","7":"product_cat-dovanos-5-7-metu-vaikams","8":"product_cat-dovanos-vaikams","9":"product_cat-lavinamieji-zaislai","10":"product_cat-loginiam-mastymui","11":"product_cat-ugdymo-istaigoms","12":"product_cat-visi-zaislai","13":"product_cat-zaislai","14":"product_cat-zaislai-kelioneje","15":"product_tag-3-m-4-m","16":"product_tag-5-m-7-m","17":"product_tag-8-m-11-m","19":"first","20":"instock","21":"taxable","22":"shipping-taxable","23":"purchasable","24":"product-type-simple"},"acf":[],"yoast_head":"<!-- This site is optimized with the Yoast SEO plugin v23.3 - https:\/\/yoast.com\/wordpress\/plugins\/seo\/ -->\n<title>Spalv\u0173 \u017eaidimas - Montessori \u017eaislai<\/title>\n<meta name=\"robots\" content=\"index, follow, max-snippet:-1, max-image-preview:large, max-video-preview:-1\" \/>\n<link rel=\"canonical\" href=\"https:\/\/monti.lt\/en\/product\/spalvu-zaidimas\/\" \/>\n<meta property=\"og:locale\" content=\"en_US\" \/>\n<meta property=\"og:type\" content=\"article\" \/>\n<meta property=\"og:title\" content=\"Spalv\u0173 \u017eaidimas - Montessori \u017eaislai\" \/>\n<meta property=\"og:description\" content=\"LOGINIS \u017dAIDIMAS&nbsp; \u017dAIDIMO SPECIFIKACIJOS: \u012eSKAI\u010cIUOTA:\" \/>\n<meta property=\"og:url\" content=\"https:\/\/monti.lt\/en\/product\/spalvu-zaidimas\/\" \/>\n<meta property=\"og:site_name\" content=\"Montessori \u017eaislai\" \/>\n<meta property=\"article:modified_time\" content=\"2026-04-22T08:51:17+00:00\" \/>\n<meta property=\"og:image\" content=\"https:\/\/monti.lt\/wp-content\/uploads\/2024\/10\/lit_pl_Deliones-zaidimas-Kruzzel-24671-17871_3.jpg\" \/>\n\t<meta property=\"og:image:width\" content=\"500\" \/>\n\t<meta property=\"og:image:height\" content=\"500\" \/>\n\t<meta property=\"og:image:type\" content=\"image\/jpeg\" \/>\n<meta name=\"twitter:card\" content=\"summary_large_image\" \/>\n<meta name=\"twitter:label1\" content=\"Est. reading time\" \/>\n\t<meta name=\"twitter:data1\" content=\"3 minutes\" \/>\n<script type=\"application\/ld+json\" class=\"yoast-schema-graph\">{\"@context\":\"https:\/\/schema.org\",\"@graph\":[{\"@type\":\"WebPage\",\"@id\":\"https:\/\/monti.lt\/product\/spalvu-zaidimas\/\",\"url\":\"https:\/\/monti.lt\/product\/spalvu-zaidimas\/\",\"name\":\"Spalv\u0173 \u017eaidimas - Montessori \u017eaislai\",\"isPartOf\":{\"@id\":\"https:\/\/monti.lt\/#website\"},\"primaryImageOfPage\":{\"@id\":\"https:\/\/monti.lt\/product\/spalvu-zaidimas\/#primaryimage\"},\"image\":{\"@id\":\"https:\/\/monti.lt\/product\/spalvu-zaidimas\/#primaryimage\"},\"thumbnailUrl\":\"https:\/\/monti.lt\/wp-content\/uploads\/2024\/10\/lit_pl_Deliones-zaidimas-Kruzzel-24671-17871_3.jpg\",\"datePublished\":\"2024-10-01T14:24:48+00:00\",\"dateModified\":\"2026-04-22T08:51:17+00:00\",\"breadcrumb\":{\"@id\":\"https:\/\/monti.lt\/product\/spalvu-zaidimas\/#breadcrumb\"},\"inLanguage\":\"en-US\",\"potentialAction\":[{\"@type\":\"ReadAction\",\"target\":[\"https:\/\/monti.lt\/product\/spalvu-zaidimas\/\"]}]},{\"@type\":\"ImageObject\",\"inLanguage\":\"en-US\",\"@id\":\"https:\/\/monti.lt\/product\/spalvu-zaidimas\/#primaryimage\",\"url\":\"https:\/\/monti.lt\/wp-content\/uploads\/2024\/10\/lit_pl_Deliones-zaidimas-Kruzzel-24671-17871_3.jpg\",\"contentUrl\":\"https:\/\/monti.lt\/wp-content\/uploads\/2024\/10\/lit_pl_Deliones-zaidimas-Kruzzel-24671-17871_3.jpg\",\"width\":500,\"height\":500,\"caption\":\"loginis zaidimas\"},{\"@type\":\"BreadcrumbList\",\"@id\":\"https:\/\/monti.lt\/product\/spalvu-zaidimas\/#breadcrumb\",\"itemListElement\":[{\"@type\":\"ListItem\",\"position\":1,\"name\":\"Home\",\"item\":\"https:\/\/monti.lt\/\"},{\"@type\":\"ListItem\",\"position\":2,\"name\":\"Parduotuv\u0117\",\"item\":\"https:\/\/monti.lt\/shop\/\"},{\"@type\":\"ListItem\",\"position\":3,\"name\":\"Spalv\u0173 \u017eaidimas\"}]},{\"@type\":\"WebSite\",\"@id\":\"https:\/\/monti.lt\/#website\",\"url\":\"https:\/\/monti.lt\/\",\"name\":\"Montessori \u017eaislai\",\"description\":\"\",\"publisher\":{\"@id\":\"https:\/\/monti.lt\/#organization\"},\"potentialAction\":[{\"@type\":\"SearchAction\",\"target\":{\"@type\":\"EntryPoint\",\"urlTemplate\":\"https:\/\/monti.lt\/?s={search_term_string}\"},\"query-input\":\"required name=search_term_string\"}],\"inLanguage\":\"en-US\"},{\"@type\":\"Organization\",\"@id\":\"https:\/\/monti.lt\/#organization\",\"name\":\"Montessori \u017eaislai\",\"url\":\"https:\/\/monti.lt\/\",\"logo\":{\"@type\":\"ImageObject\",\"inLanguage\":\"en-US\",\"@id\":\"https:\/\/monti.lt\/#\/schema\/logo\/image\/\",\"url\":\"https:\/\/monti.lt\/wp-content\/uploads\/2022\/03\/montilogo-1.png\",\"contentUrl\":\"https:\/\/monti.lt\/wp-content\/uploads\/2022\/03\/montilogo-1.png\",\"width\":512,\"height\":512,\"caption\":\"Montessori \u017eaislai\"},\"image\":{\"@id\":\"https:\/\/monti.lt\/#\/schema\/logo\/image\/\"}}]}<\/script>\n<!-- \/ Yoast SEO plugin. -->","yoast_head_json":{"title":"Spalv\u0173 \u017eaidimas - Montessori \u017eaislai","robots":{"index":"index","follow":"follow","max-snippet":"max-snippet:-1","max-image-preview":"max-image-preview:large","max-video-preview":"max-video-preview:-1"},"canonical":"https:\/\/monti.lt\/en\/product\/spalvu-zaidimas\/","og_locale":"en_US","og_type":"article","og_title":"Spalv\u0173 \u017eaidimas - Montessori \u017eaislai","og_description":"LOGINIS \u017dAIDIMAS&nbsp; \u017dAIDIMO SPECIFIKACIJOS: \u012eSKAI\u010cIUOTA:","og_url":"https:\/\/monti.lt\/en\/product\/spalvu-zaidimas\/","og_site_name":"Montessori \u017eaislai","article_modified_time":"2026-04-22T08:51:17+00:00","og_image":[{"width":500,"height":500,"url":"https:\/\/monti.lt\/wp-content\/uploads\/2024\/10\/lit_pl_Deliones-zaidimas-Kruzzel-24671-17871_3.jpg","type":"image\/jpeg"}],"twitter_card":"summary_large_image","twitter_misc":{"Est. reading time":"3 minutes"},"schema":{"@context":"https:\/\/schema.org","@graph":[{"@type":"WebPage","@id":"https:\/\/monti.lt\/product\/spalvu-zaidimas\/","url":"https:\/\/monti.lt\/product\/spalvu-zaidimas\/","name":"Spalv\u0173 \u017eaidimas - Montessori \u017eaislai","isPartOf":{"@id":"https:\/\/monti.lt\/#website"},"primaryImageOfPage":{"@id":"https:\/\/monti.lt\/product\/spalvu-zaidimas\/#primaryimage"},"image":{"@id":"https:\/\/monti.lt\/product\/spalvu-zaidimas\/#primaryimage"},"thumbnailUrl":"https:\/\/monti.lt\/wp-content\/uploads\/2024\/10\/lit_pl_Deliones-zaidimas-Kruzzel-24671-17871_3.jpg","datePublished":"2024-10-01T14:24:48+00:00","dateModified":"2026-04-22T08:51:17+00:00","breadcrumb":{"@id":"https:\/\/monti.lt\/product\/spalvu-zaidimas\/#breadcrumb"},"inLanguage":"en-US","potentialAction":[{"@type":"ReadAction","target":["https:\/\/monti.lt\/product\/spalvu-zaidimas\/"]}]},{"@type":"ImageObject","inLanguage":"en-US","@id":"https:\/\/monti.lt\/product\/spalvu-zaidimas\/#primaryimage","url":"https:\/\/monti.lt\/wp-content\/uploads\/2024\/10\/lit_pl_Deliones-zaidimas-Kruzzel-24671-17871_3.jpg","contentUrl":"https:\/\/monti.lt\/wp-content\/uploads\/2024\/10\/lit_pl_Deliones-zaidimas-Kruzzel-24671-17871_3.jpg","width":500,"height":500,"caption":"loginis zaidimas"},{"@type":"BreadcrumbList","@id":"https:\/\/monti.lt\/product\/spalvu-zaidimas\/#breadcrumb","itemListElement":[{"@type":"ListItem","position":1,"name":"Home","item":"https:\/\/monti.lt\/"},{"@type":"ListItem","position":2,"name":"Parduotuv\u0117","item":"https:\/\/monti.lt\/shop\/"},{"@type":"ListItem","position":3,"name":"Spalv\u0173 \u017eaidimas"}]},{"@type":"WebSite","@id":"https:\/\/monti.lt\/#website","url":"https:\/\/monti.lt\/","name":"Montessori \u017eaislai","description":"","publisher":{"@id":"https:\/\/monti.lt\/#organization"},"potentialAction":[{"@type":"SearchAction","target":{"@type":"EntryPoint","urlTemplate":"https:\/\/monti.lt\/?s={search_term_string}"},"query-input":"required name=search_term_string"}],"inLanguage":"en-US"},{"@type":"Organization","@id":"https:\/\/monti.lt\/#organization","name":"Montessori \u017eaislai","url":"https:\/\/monti.lt\/","logo":{"@type":"ImageObject","inLanguage":"en-US","@id":"https:\/\/monti.lt\/#\/schema\/logo\/image\/","url":"https:\/\/monti.lt\/wp-content\/uploads\/2022\/03\/montilogo-1.png","contentUrl":"https:\/\/monti.lt\/wp-content\/uploads\/2022\/03\/montilogo-1.png","width":512,"height":512,"caption":"Montessori \u017eaislai"},"image":{"@id":"https:\/\/monti.lt\/#\/schema\/logo\/image\/"}}]}},"_links":{"self":[{"href":"https:\/\/monti.lt\/en\/wp-json\/wp\/v2\/product\/25506"}],"collection":[{"href":"https:\/\/monti.lt\/en\/wp-json\/wp\/v2\/product"}],"about":[{"href":"https:\/\/monti.lt\/en\/wp-json\/wp\/v2\/types\/product"}],"version-history":[{"count":1,"href":"https:\/\/monti.lt\/en\/wp-json\/wp\/v2\/product\/25506\/revisions"}],"predecessor-version":[{"id":25513,"href":"https:\/\/monti.lt\/en\/wp-json\/wp\/v2\/product\/25506\/revisions\/25513"}],"wp:featuredmedia":[{"embeddable":true,"href":"https:\/\/monti.lt\/en\/wp-json\/wp\/v2\/media\/25507"}],"wp:attachment":[{"href":"https:\/\/monti.lt\/en\/wp-json\/wp\/v2\/media?parent=25506"}],"wp:term":[{"taxonomy":"product_cat","embeddable":true,"href":"https:\/\/monti.lt\/en\/wp-json\/wp\/v2\/product_cat?post=25506"},{"taxonomy":"product_tag","embeddable":true,"href":"https:\/\/monti.lt\/en\/wp-json\/wp\/v2\/product_tag?post=25506"}],"curies":[{"name":"wp","href":"https:\/\/api.w.org\/{rel}","templated":true}]}}