{"id":25514,"date":"2024-10-01T14:29:50","date_gmt":"2024-10-01T14:29:50","guid":{"rendered":"https:\/\/monti.lt\/?post_type=product&#038;p=25514"},"modified":"2025-12-03T12:17:05","modified_gmt":"2025-12-03T12:17:05","slug":"stalo-zaidimas-daugybos-lentele","status":"publish","type":"product","link":"https:\/\/monti.lt\/en\/product\/stalo-zaidimas-daugybos-lentele\/","title":{"rendered":"Stalo \u017eaidimas &#8220;Daugybos lentel\u0117&#8221;"},"content":{"rendered":"<p><\/p>\n\n\n\n<ul class=\"wp-block-list\">\n<li><strong>Lenta<\/strong>\u00a0i\u0161 \u017eaidimo \u201eDaugybos lentel\u0117\u201c yra pagaminta i\u0161\u00a0<strong>auk\u0161tos kokyb\u0117s nat\u016bralios medienos<\/strong>\u00a0, tod\u0117l yra patvari, ekologi\u0161ka ir atspari pa\u017eeidimams. lenta\u00a0<strong>Jis turi lyg\u0173 pavir\u0161i\u0173 be a\u0161tri\u0173 briaun\u0173<\/strong>\u00a0, o tai u\u017etikrina saug\u0173 vaik\u0173 \u017eaidim\u0105.\u00a0<strong>Apskritimai su \u012fspaustais skai\u010diais nuo 1 iki 12 yra tiksliai i\u0161d\u0117styti<\/strong>\u00a0, o skai\u010diai yra ant i\u0161orini\u0173 lentos kra\u0161t\u0173, kad b\u016bt\u0173 lengviau greitai ir intuityviai nar\u0161yti daugybos lentel\u0119.<\/li>\n\n\n\n<li>\u012f komplekt\u0105 \u012feina\u00a0<strong>144 popierin\u0117s kortel\u0117s padengtos laminatu<\/strong>\u00a0, tod\u0117l jas daro\u00a0<strong>atsparus vandeniui ir atsparus pa\u017eeidimams<\/strong>\u00a0. Kortel\u0117s\u00a0<strong>viena vertus, jie turi daugybos a, a pavyzd\u017ei\u0173\u00a0kita vertus, patraukli, spalvinga grafika<\/strong>\u00a0, kuri daro \u017eaidim\u0105 patrauklesn\u012f. Be to, \u017eaidime yra\u00a0<strong>4 mediniai p\u0117stininkai, da\u017eyti milteliniu b\u016bdu<\/strong>\u00a0, kuriuos galima d\u0117ti ant lentos. \u017daidimas taip pat apima<strong>\u00a0du dvylikos pusi\u0173 kauliukai<\/strong>\u00a0, ant kuri\u0173\u00a0<strong>skai\u010diai yra i\u0161rai\u017eyti ir nuda\u017eyti, tod\u0117l jie nesitrina<\/strong>\u00a0.<\/li>\n\n\n\n<li>papildomai \u012f komplekt\u0105 \u012feina\u00a0<strong>rakt\u0173 pakabukas su 12 korteli\u0173<\/strong>\u00a0<strong>pateikiami kiekvieno skaitmens nuo 1 iki 12 daugybos operacij\u0173 pavyzd\u017eiai<\/strong>\u00a0. Tai tobula\u00a0<strong>daugybos lenteli\u0173 kartojimo ir konsolidavimo \u012frankis<\/strong>\u00a0. \u0160ios kortel\u0117s puikiai tinka tiek savaranki\u0161kam mokymuisi, tiek greitam per\u017ei\u016br\u0117jimui bet kur ir bet kada.<\/li>\n\n\n\n<li>\u017eaidimas leid\u017eia\u00a0<strong>i\u0161mokti daugybos lentel\u0119 patraukliu ir interaktyviu b\u016bdu<\/strong>\u00a0. J\u016bs galite\u00a0<strong>\u017eaisti dviem b\u016bdais<\/strong>\u00a0: pirmasis yra\u00a0<strong>matematini\u0173 veiksm\u0173 brai\u017eymas i\u0161 korteli\u0173<\/strong>\u00a0ir rezultato \u017eym\u0117jimas lentoje p\u0117stininku, o antrasis \u2013\u00a0<strong>kauliuk\u0173 metimas<\/strong>\u00a0ir rasti tinkam\u0105 rezultat\u0105 lentoje. Taip\u00a0<strong>\u0160i matematikos mokymosi forma moko vaik\u0105 logi\u0161kai m\u0105styti ir gerina atmint\u012f<\/strong>\u00a0, taip pat \u012fveda var\u017eyb\u0173 ir linksmybi\u0173 element\u0105.<\/li>\n<\/ul>\n\n\n\n<ul class=\"wp-block-list\">\n<li><strong>SPECIFIKACIJA\u00a0<\/strong>&#8211; med\u017eiaga: mediena, popierius, PE, akrilas; matmenys: 27 x 27 x 0,7 cm; svoris: 0,47 kg; svoris pakuot\u0117je: 0,56 kg.\u00a0<\/li>\n<\/ul>\n\n\n\n<p><strong>\u017dAIDIMO SPECIFIKACIJOS:<\/strong><\/p>\n\n\n\n<ul class=\"wp-block-list\">\n<li>med\u017eiaga: mediena, popierius, PE, akrilas<\/li>\n\n\n\n<li>matmenys: 27 x 27 x 0,7 cm<\/li>\n\n\n\n<li>svoris: 0,47 kg<\/li>\n\n\n\n<li>svoris pakuot\u0117je: 0,56 kg<\/li>\n<\/ul>\n\n\n\n<p><strong>\u012eSKAI\u010cIUOTA:<\/strong><\/p>\n\n\n\n<ul class=\"wp-block-list\">\n<li>144 kortel\u0117s su u\u017eduotimis<\/li>\n\n\n\n<li>12 daugybos lentel\u0117s korteli\u0173<\/li>\n\n\n\n<li>2 kauliukai<\/li>\n\n\n\n<li>4 p\u0117stininkai<\/li>\n\n\n\n<li>1 lenta<\/li>\n<\/ul>","protected":false},"excerpt":{"rendered":"<p>\u017dAIDIMO SPECIFIKACIJOS: \u012eSKAI\u010cIUOTA:<\/p>","protected":false},"featured_media":25515,"template":"","meta":{"_acf_changed":false,"iawp_total_views":647},"product_cat":[217,191,84,102,88,199,49,39,201],"product_tag":[101,97,98,99],"class_list":{"0":"post-25514","1":"product","2":"type-product","3":"status-publish","4":"has-post-thumbnail","6":"product_cat-dovanos-5-7-metu-vaikams","7":"product_cat-dovanos-vaikams","8":"product_cat-lavinamieji-zaislai","9":"product_cat-mediniai-zaislai","10":"product_cat-mokausi-zaisti","11":"product_cat-ugdymo-istaigoms","12":"product_cat-visi-zaislai","13":"product_cat-zaislai","14":"product_cat-zaislai-kelioneje","15":"product_tag-12-m-14-m","16":"product_tag-3-m-4-m","17":"product_tag-5-m-7-m","18":"product_tag-8-m-11-m","20":"first","21":"outofstock","22":"sale","23":"taxable","24":"shipping-taxable","25":"purchasable","26":"product-type-simple"},"acf":[],"yoast_head":"<!-- This site is optimized with the Yoast SEO plugin v23.3 - https:\/\/yoast.com\/wordpress\/plugins\/seo\/ -->\n<title>Stalo \u017eaidimas &quot;Daugybos lentel\u0117&quot; - Montessori \u017eaislai<\/title>\n<meta name=\"robots\" content=\"index, follow, max-snippet:-1, max-image-preview:large, max-video-preview:-1\" \/>\n<link rel=\"canonical\" href=\"https:\/\/monti.lt\/en\/product\/stalo-zaidimas-daugybos-lentele\/\" \/>\n<meta property=\"og:locale\" content=\"en_US\" \/>\n<meta property=\"og:type\" content=\"article\" \/>\n<meta property=\"og:title\" content=\"Stalo \u017eaidimas &quot;Daugybos lentel\u0117&quot; - Montessori \u017eaislai\" \/>\n<meta property=\"og:description\" content=\"\u017dAIDIMO SPECIFIKACIJOS: \u012eSKAI\u010cIUOTA:\" \/>\n<meta property=\"og:url\" content=\"https:\/\/monti.lt\/en\/product\/stalo-zaidimas-daugybos-lentele\/\" \/>\n<meta property=\"og:site_name\" content=\"Montessori \u017eaislai\" \/>\n<meta property=\"article:modified_time\" content=\"2025-12-03T12:17:05+00:00\" \/>\n<meta property=\"og:image\" content=\"https:\/\/monti.lt\/wp-content\/uploads\/2024\/10\/lit_pl_Daugybos-lentele-stalo-zaidimas-Kruzzel-24639-17872_6.jpg\" \/>\n\t<meta property=\"og:image:width\" content=\"500\" \/>\n\t<meta property=\"og:image:height\" content=\"500\" \/>\n\t<meta property=\"og:image:type\" content=\"image\/jpeg\" \/>\n<meta name=\"twitter:card\" content=\"summary_large_image\" \/>\n<meta name=\"twitter:label1\" content=\"Est. reading time\" \/>\n\t<meta name=\"twitter:data1\" content=\"2 minutes\" \/>\n<script type=\"application\/ld+json\" class=\"yoast-schema-graph\">{\"@context\":\"https:\/\/schema.org\",\"@graph\":[{\"@type\":\"WebPage\",\"@id\":\"https:\/\/monti.lt\/product\/stalo-zaidimas-daugybos-lentele\/\",\"url\":\"https:\/\/monti.lt\/product\/stalo-zaidimas-daugybos-lentele\/\",\"name\":\"Stalo \u017eaidimas \\\"Daugybos lentel\u0117\\\" - Montessori \u017eaislai\",\"isPartOf\":{\"@id\":\"https:\/\/monti.lt\/#website\"},\"primaryImageOfPage\":{\"@id\":\"https:\/\/monti.lt\/product\/stalo-zaidimas-daugybos-lentele\/#primaryimage\"},\"image\":{\"@id\":\"https:\/\/monti.lt\/product\/stalo-zaidimas-daugybos-lentele\/#primaryimage\"},\"thumbnailUrl\":\"https:\/\/monti.lt\/wp-content\/uploads\/2024\/10\/lit_pl_Daugybos-lentele-stalo-zaidimas-Kruzzel-24639-17872_6.jpg\",\"datePublished\":\"2024-10-01T14:29:50+00:00\",\"dateModified\":\"2025-12-03T12:17:05+00:00\",\"breadcrumb\":{\"@id\":\"https:\/\/monti.lt\/product\/stalo-zaidimas-daugybos-lentele\/#breadcrumb\"},\"inLanguage\":\"en-US\",\"potentialAction\":[{\"@type\":\"ReadAction\",\"target\":[\"https:\/\/monti.lt\/product\/stalo-zaidimas-daugybos-lentele\/\"]}]},{\"@type\":\"ImageObject\",\"inLanguage\":\"en-US\",\"@id\":\"https:\/\/monti.lt\/product\/stalo-zaidimas-daugybos-lentele\/#primaryimage\",\"url\":\"https:\/\/monti.lt\/wp-content\/uploads\/2024\/10\/lit_pl_Daugybos-lentele-stalo-zaidimas-Kruzzel-24639-17872_6.jpg\",\"contentUrl\":\"https:\/\/monti.lt\/wp-content\/uploads\/2024\/10\/lit_pl_Daugybos-lentele-stalo-zaidimas-Kruzzel-24639-17872_6.jpg\",\"width\":500,\"height\":500,\"caption\":\"zaidimas daugybos lentele\"},{\"@type\":\"BreadcrumbList\",\"@id\":\"https:\/\/monti.lt\/product\/stalo-zaidimas-daugybos-lentele\/#breadcrumb\",\"itemListElement\":[{\"@type\":\"ListItem\",\"position\":1,\"name\":\"Home\",\"item\":\"https:\/\/monti.lt\/\"},{\"@type\":\"ListItem\",\"position\":2,\"name\":\"Parduotuv\u0117\",\"item\":\"https:\/\/monti.lt\/shop\/\"},{\"@type\":\"ListItem\",\"position\":3,\"name\":\"Stalo \u017eaidimas &#8220;Daugybos lentel\u0117&#8221;\"}]},{\"@type\":\"WebSite\",\"@id\":\"https:\/\/monti.lt\/#website\",\"url\":\"https:\/\/monti.lt\/\",\"name\":\"Montessori \u017eaislai\",\"description\":\"\",\"publisher\":{\"@id\":\"https:\/\/monti.lt\/#organization\"},\"potentialAction\":[{\"@type\":\"SearchAction\",\"target\":{\"@type\":\"EntryPoint\",\"urlTemplate\":\"https:\/\/monti.lt\/?s={search_term_string}\"},\"query-input\":\"required name=search_term_string\"}],\"inLanguage\":\"en-US\"},{\"@type\":\"Organization\",\"@id\":\"https:\/\/monti.lt\/#organization\",\"name\":\"Montessori \u017eaislai\",\"url\":\"https:\/\/monti.lt\/\",\"logo\":{\"@type\":\"ImageObject\",\"inLanguage\":\"en-US\",\"@id\":\"https:\/\/monti.lt\/#\/schema\/logo\/image\/\",\"url\":\"https:\/\/monti.lt\/wp-content\/uploads\/2022\/03\/montilogo-1.png\",\"contentUrl\":\"https:\/\/monti.lt\/wp-content\/uploads\/2022\/03\/montilogo-1.png\",\"width\":512,\"height\":512,\"caption\":\"Montessori \u017eaislai\"},\"image\":{\"@id\":\"https:\/\/monti.lt\/#\/schema\/logo\/image\/\"}}]}<\/script>\n<!-- \/ Yoast SEO plugin. -->","yoast_head_json":{"title":"Stalo \u017eaidimas \"Daugybos lentel\u0117\" - Montessori \u017eaislai","robots":{"index":"index","follow":"follow","max-snippet":"max-snippet:-1","max-image-preview":"max-image-preview:large","max-video-preview":"max-video-preview:-1"},"canonical":"https:\/\/monti.lt\/en\/product\/stalo-zaidimas-daugybos-lentele\/","og_locale":"en_US","og_type":"article","og_title":"Stalo \u017eaidimas \"Daugybos lentel\u0117\" - Montessori \u017eaislai","og_description":"\u017dAIDIMO SPECIFIKACIJOS: \u012eSKAI\u010cIUOTA:","og_url":"https:\/\/monti.lt\/en\/product\/stalo-zaidimas-daugybos-lentele\/","og_site_name":"Montessori \u017eaislai","article_modified_time":"2025-12-03T12:17:05+00:00","og_image":[{"width":500,"height":500,"url":"https:\/\/monti.lt\/wp-content\/uploads\/2024\/10\/lit_pl_Daugybos-lentele-stalo-zaidimas-Kruzzel-24639-17872_6.jpg","type":"image\/jpeg"}],"twitter_card":"summary_large_image","twitter_misc":{"Est. reading time":"2 minutes"},"schema":{"@context":"https:\/\/schema.org","@graph":[{"@type":"WebPage","@id":"https:\/\/monti.lt\/product\/stalo-zaidimas-daugybos-lentele\/","url":"https:\/\/monti.lt\/product\/stalo-zaidimas-daugybos-lentele\/","name":"Stalo \u017eaidimas \"Daugybos lentel\u0117\" - Montessori \u017eaislai","isPartOf":{"@id":"https:\/\/monti.lt\/#website"},"primaryImageOfPage":{"@id":"https:\/\/monti.lt\/product\/stalo-zaidimas-daugybos-lentele\/#primaryimage"},"image":{"@id":"https:\/\/monti.lt\/product\/stalo-zaidimas-daugybos-lentele\/#primaryimage"},"thumbnailUrl":"https:\/\/monti.lt\/wp-content\/uploads\/2024\/10\/lit_pl_Daugybos-lentele-stalo-zaidimas-Kruzzel-24639-17872_6.jpg","datePublished":"2024-10-01T14:29:50+00:00","dateModified":"2025-12-03T12:17:05+00:00","breadcrumb":{"@id":"https:\/\/monti.lt\/product\/stalo-zaidimas-daugybos-lentele\/#breadcrumb"},"inLanguage":"en-US","potentialAction":[{"@type":"ReadAction","target":["https:\/\/monti.lt\/product\/stalo-zaidimas-daugybos-lentele\/"]}]},{"@type":"ImageObject","inLanguage":"en-US","@id":"https:\/\/monti.lt\/product\/stalo-zaidimas-daugybos-lentele\/#primaryimage","url":"https:\/\/monti.lt\/wp-content\/uploads\/2024\/10\/lit_pl_Daugybos-lentele-stalo-zaidimas-Kruzzel-24639-17872_6.jpg","contentUrl":"https:\/\/monti.lt\/wp-content\/uploads\/2024\/10\/lit_pl_Daugybos-lentele-stalo-zaidimas-Kruzzel-24639-17872_6.jpg","width":500,"height":500,"caption":"zaidimas daugybos lentele"},{"@type":"BreadcrumbList","@id":"https:\/\/monti.lt\/product\/stalo-zaidimas-daugybos-lentele\/#breadcrumb","itemListElement":[{"@type":"ListItem","position":1,"name":"Home","item":"https:\/\/monti.lt\/"},{"@type":"ListItem","position":2,"name":"Parduotuv\u0117","item":"https:\/\/monti.lt\/shop\/"},{"@type":"ListItem","position":3,"name":"Stalo \u017eaidimas &#8220;Daugybos lentel\u0117&#8221;"}]},{"@type":"WebSite","@id":"https:\/\/monti.lt\/#website","url":"https:\/\/monti.lt\/","name":"Montessori \u017eaislai","description":"","publisher":{"@id":"https:\/\/monti.lt\/#organization"},"potentialAction":[{"@type":"SearchAction","target":{"@type":"EntryPoint","urlTemplate":"https:\/\/monti.lt\/?s={search_term_string}"},"query-input":"required name=search_term_string"}],"inLanguage":"en-US"},{"@type":"Organization","@id":"https:\/\/monti.lt\/#organization","name":"Montessori \u017eaislai","url":"https:\/\/monti.lt\/","logo":{"@type":"ImageObject","inLanguage":"en-US","@id":"https:\/\/monti.lt\/#\/schema\/logo\/image\/","url":"https:\/\/monti.lt\/wp-content\/uploads\/2022\/03\/montilogo-1.png","contentUrl":"https:\/\/monti.lt\/wp-content\/uploads\/2022\/03\/montilogo-1.png","width":512,"height":512,"caption":"Montessori \u017eaislai"},"image":{"@id":"https:\/\/monti.lt\/#\/schema\/logo\/image\/"}}]}},"_links":{"self":[{"href":"https:\/\/monti.lt\/en\/wp-json\/wp\/v2\/product\/25514"}],"collection":[{"href":"https:\/\/monti.lt\/en\/wp-json\/wp\/v2\/product"}],"about":[{"href":"https:\/\/monti.lt\/en\/wp-json\/wp\/v2\/types\/product"}],"version-history":[{"count":1,"href":"https:\/\/monti.lt\/en\/wp-json\/wp\/v2\/product\/25514\/revisions"}],"predecessor-version":[{"id":25521,"href":"https:\/\/monti.lt\/en\/wp-json\/wp\/v2\/product\/25514\/revisions\/25521"}],"wp:featuredmedia":[{"embeddable":true,"href":"https:\/\/monti.lt\/en\/wp-json\/wp\/v2\/media\/25515"}],"wp:attachment":[{"href":"https:\/\/monti.lt\/en\/wp-json\/wp\/v2\/media?parent=25514"}],"wp:term":[{"taxonomy":"product_cat","embeddable":true,"href":"https:\/\/monti.lt\/en\/wp-json\/wp\/v2\/product_cat?post=25514"},{"taxonomy":"product_tag","embeddable":true,"href":"https:\/\/monti.lt\/en\/wp-json\/wp\/v2\/product_tag?post=25514"}],"curies":[{"name":"wp","href":"https:\/\/api.w.org\/{rel}","templated":true}]}}