{"id":25932,"date":"2024-10-17T11:30:20","date_gmt":"2024-10-17T11:30:20","guid":{"rendered":"https:\/\/monti.lt\/?post_type=product&#038;p=25932"},"modified":"2026-02-13T12:41:10","modified_gmt":"2026-02-13T12:41:10","slug":"kepurele-maudynems","status":"publish","type":"product","link":"https:\/\/monti.lt\/en\/product\/kepurele-maudynems\/","title":{"rendered":"Kepur\u0117l\u0117 maudyn\u0117ms"},"content":{"rendered":"<p>\u0160i maudymosi kepur\u0117l\u0117 puikiai tinka j\u016bs\u0173 vaiko galvos plovimui. Pagaminta i\u0161 auk\u0161tos kokyb\u0117s med\u017eiag\u0173, ji u\u017etikrina saugum\u0105 ir komfort\u0105 kiekvien\u0173 maudyni\u0173 metu.<\/p>\n\n\n\n<p>D\u0117l specialiai sukurtos patentuotos konstrukcijos, dviej\u0173 med\u017eiag\u0173 (standaus skydelio ir mink\u0161to silikono) derinio, apavas apsaugos j\u016bs\u0173 vaiko akis, ausis ir veid\u0105 nuo vandens ir \u0161amp\u016bno. \u0160velni sm\u0117lio spalvos apdaila suteikia m\u016bs\u0173 gaminiui \u017eavesio ir elegancijos.<\/p>\n\n\n\n<p><br>\u201eNICEkids PREMIUM\u201c maudymosi kepur\u0117 yra reguliuojama, kad puikiai tikt\u0173 \u012fvairi\u0173 dyd\u017ei\u0173 vaik\u0173 galvoms. Patogus u\u017esegimas ne tik u\u017etikrina lengv\u0105 ir greit\u0105 u\u017esegim\u0105, bet ir i\u0161laiko kepur\u0119 vietoje maudymosi metu.<\/p>\n\n\n\n<p>D\u0117l 21 dyd\u017eio reguliavimo, kepur\u0119 gali naudoti ir ma\u017ei vaikai, ir suaugusieji.<br>Naujo tipo sagtis neleis nety\u010dia atsisegti karu\u010dio maudantis.<br>\u012esigij\u0119 vien\u0105 kart\u0105 PREMIUM kokyb\u0117s gamin\u012f , naudosite daugel\u012f met\u0173!!!<\/p>\n\n\n\n<ul class=\"wp-block-list\">\n<li>ma\u017edaug 24 cm skersmens<\/li>\n\n\n\n<li>svoris 73 g (\u201eSUPER LIGHT\u201c)<\/li>\n<\/ul>\n\n\n\n<p><\/p>","protected":false},"excerpt":{"rendered":"<p>\u0160i maudymosi kepur\u0117l\u0117 puikiai tinka j\u016bs\u0173 vaiko galvos plovimui. Pagaminta i\u0161 auk\u0161tos kokyb\u0117s med\u017eiag\u0173, ji u\u017etikrina saugum\u0105 ir komfort\u0105 kiekvien\u0173 maudyni\u0173 metu. D\u0117l specialiai sukurtos patentuotos konstrukcijos, dviej\u0173 med\u017eiag\u0173 (standaus skydelio ir mink\u0161to silikono) derinio, apavas apsaugos j\u016bs\u0173 vaiko akis, ausis ir veid\u0105 nuo vandens ir \u0161amp\u016bno. \u0160velni sm\u0117lio spalvos apdaila suteikia m\u016bs\u0173 gaminiui \u017eavesio [&hellip;]<\/p>","protected":false},"featured_media":25933,"template":"","meta":{"_acf_changed":false,"iawp_total_views":228},"product_cat":[81,190,39],"product_tag":[95,96,97,98,94],"class_list":{"0":"post-25932","1":"product","2":"type-product","3":"status-publish","4":"has-post-thumbnail","6":"product_cat-kiti-zaislai","7":"product_cat-maudynems","8":"product_cat-zaislai","9":"product_tag-1-m-2-m","10":"product_tag-2-m-3-m","11":"product_tag-3-m-4-m","12":"product_tag-5-m-7-m","13":"product_tag-iki-1-m","15":"first","16":"outofstock","17":"sale","18":"taxable","19":"shipping-taxable","20":"purchasable","21":"product-type-simple"},"acf":[],"yoast_head":"<!-- This site is optimized with the Yoast SEO plugin v23.3 - https:\/\/yoast.com\/wordpress\/plugins\/seo\/ -->\n<title>Kepur\u0117l\u0117 maudyn\u0117ms - Montessori \u017eaislai<\/title>\n<meta name=\"robots\" content=\"index, follow, max-snippet:-1, max-image-preview:large, max-video-preview:-1\" \/>\n<link rel=\"canonical\" href=\"https:\/\/monti.lt\/en\/product\/kepurele-maudynems\/\" \/>\n<meta property=\"og:locale\" content=\"en_US\" \/>\n<meta property=\"og:type\" content=\"article\" \/>\n<meta property=\"og:title\" content=\"Kepur\u0117l\u0117 maudyn\u0117ms - Montessori \u017eaislai\" \/>\n<meta property=\"og:description\" content=\"\u0160i maudymosi kepur\u0117l\u0117 puikiai tinka j\u016bs\u0173 vaiko galvos plovimui. Pagaminta i\u0161 auk\u0161tos kokyb\u0117s med\u017eiag\u0173, ji u\u017etikrina saugum\u0105 ir komfort\u0105 kiekvien\u0173 maudyni\u0173 metu. D\u0117l specialiai sukurtos patentuotos konstrukcijos, dviej\u0173 med\u017eiag\u0173 (standaus skydelio ir mink\u0161to silikono) derinio, apavas apsaugos j\u016bs\u0173 vaiko akis, ausis ir veid\u0105 nuo vandens ir \u0161amp\u016bno. \u0160velni sm\u0117lio spalvos apdaila suteikia m\u016bs\u0173 gaminiui \u017eavesio [&hellip;]\" \/>\n<meta property=\"og:url\" content=\"https:\/\/monti.lt\/en\/product\/kepurele-maudynems\/\" \/>\n<meta property=\"og:site_name\" content=\"Montessori \u017eaislai\" \/>\n<meta property=\"article:modified_time\" content=\"2026-02-13T12:41:10+00:00\" \/>\n<meta property=\"og:image\" content=\"https:\/\/monti.lt\/wp-content\/uploads\/2024\/10\/rondo-kapielowe-nicekids-premium-daszek-do-mycia-glowy-kapiel-dzieci-bezowy.webp\" \/>\n\t<meta property=\"og:image:width\" content=\"800\" \/>\n\t<meta property=\"og:image:height\" content=\"800\" \/>\n\t<meta property=\"og:image:type\" content=\"image\/webp\" \/>\n<meta name=\"twitter:card\" content=\"summary_large_image\" \/>\n<meta name=\"twitter:label1\" content=\"Est. reading time\" \/>\n\t<meta name=\"twitter:data1\" content=\"1 minute\" \/>\n<script type=\"application\/ld+json\" class=\"yoast-schema-graph\">{\"@context\":\"https:\/\/schema.org\",\"@graph\":[{\"@type\":\"WebPage\",\"@id\":\"https:\/\/monti.lt\/product\/kepurele-maudynems\/\",\"url\":\"https:\/\/monti.lt\/product\/kepurele-maudynems\/\",\"name\":\"Kepur\u0117l\u0117 maudyn\u0117ms - Montessori \u017eaislai\",\"isPartOf\":{\"@id\":\"https:\/\/monti.lt\/#website\"},\"primaryImageOfPage\":{\"@id\":\"https:\/\/monti.lt\/product\/kepurele-maudynems\/#primaryimage\"},\"image\":{\"@id\":\"https:\/\/monti.lt\/product\/kepurele-maudynems\/#primaryimage\"},\"thumbnailUrl\":\"https:\/\/monti.lt\/wp-content\/uploads\/2024\/10\/rondo-kapielowe-nicekids-premium-daszek-do-mycia-glowy-kapiel-dzieci-bezowy.webp\",\"datePublished\":\"2024-10-17T11:30:20+00:00\",\"dateModified\":\"2026-02-13T12:41:10+00:00\",\"breadcrumb\":{\"@id\":\"https:\/\/monti.lt\/product\/kepurele-maudynems\/#breadcrumb\"},\"inLanguage\":\"en-US\",\"potentialAction\":[{\"@type\":\"ReadAction\",\"target\":[\"https:\/\/monti.lt\/product\/kepurele-maudynems\/\"]}]},{\"@type\":\"ImageObject\",\"inLanguage\":\"en-US\",\"@id\":\"https:\/\/monti.lt\/product\/kepurele-maudynems\/#primaryimage\",\"url\":\"https:\/\/monti.lt\/wp-content\/uploads\/2024\/10\/rondo-kapielowe-nicekids-premium-daszek-do-mycia-glowy-kapiel-dzieci-bezowy.webp\",\"contentUrl\":\"https:\/\/monti.lt\/wp-content\/uploads\/2024\/10\/rondo-kapielowe-nicekids-premium-daszek-do-mycia-glowy-kapiel-dzieci-bezowy.webp\",\"width\":800,\"height\":800,\"caption\":\"kepure maudynems\"},{\"@type\":\"BreadcrumbList\",\"@id\":\"https:\/\/monti.lt\/product\/kepurele-maudynems\/#breadcrumb\",\"itemListElement\":[{\"@type\":\"ListItem\",\"position\":1,\"name\":\"Home\",\"item\":\"https:\/\/monti.lt\/\"},{\"@type\":\"ListItem\",\"position\":2,\"name\":\"Parduotuv\u0117\",\"item\":\"https:\/\/monti.lt\/shop\/\"},{\"@type\":\"ListItem\",\"position\":3,\"name\":\"Kepur\u0117l\u0117 maudyn\u0117ms\"}]},{\"@type\":\"WebSite\",\"@id\":\"https:\/\/monti.lt\/#website\",\"url\":\"https:\/\/monti.lt\/\",\"name\":\"Montessori \u017eaislai\",\"description\":\"\",\"publisher\":{\"@id\":\"https:\/\/monti.lt\/#organization\"},\"potentialAction\":[{\"@type\":\"SearchAction\",\"target\":{\"@type\":\"EntryPoint\",\"urlTemplate\":\"https:\/\/monti.lt\/?s={search_term_string}\"},\"query-input\":\"required name=search_term_string\"}],\"inLanguage\":\"en-US\"},{\"@type\":\"Organization\",\"@id\":\"https:\/\/monti.lt\/#organization\",\"name\":\"Montessori \u017eaislai\",\"url\":\"https:\/\/monti.lt\/\",\"logo\":{\"@type\":\"ImageObject\",\"inLanguage\":\"en-US\",\"@id\":\"https:\/\/monti.lt\/#\/schema\/logo\/image\/\",\"url\":\"https:\/\/monti.lt\/wp-content\/uploads\/2022\/03\/montilogo-1.png\",\"contentUrl\":\"https:\/\/monti.lt\/wp-content\/uploads\/2022\/03\/montilogo-1.png\",\"width\":512,\"height\":512,\"caption\":\"Montessori \u017eaislai\"},\"image\":{\"@id\":\"https:\/\/monti.lt\/#\/schema\/logo\/image\/\"}}]}<\/script>\n<!-- \/ Yoast SEO plugin. -->","yoast_head_json":{"title":"Kepur\u0117l\u0117 maudyn\u0117ms - Montessori \u017eaislai","robots":{"index":"index","follow":"follow","max-snippet":"max-snippet:-1","max-image-preview":"max-image-preview:large","max-video-preview":"max-video-preview:-1"},"canonical":"https:\/\/monti.lt\/en\/product\/kepurele-maudynems\/","og_locale":"en_US","og_type":"article","og_title":"Kepur\u0117l\u0117 maudyn\u0117ms - Montessori \u017eaislai","og_description":"\u0160i maudymosi kepur\u0117l\u0117 puikiai tinka j\u016bs\u0173 vaiko galvos plovimui. Pagaminta i\u0161 auk\u0161tos kokyb\u0117s med\u017eiag\u0173, ji u\u017etikrina saugum\u0105 ir komfort\u0105 kiekvien\u0173 maudyni\u0173 metu. D\u0117l specialiai sukurtos patentuotos konstrukcijos, dviej\u0173 med\u017eiag\u0173 (standaus skydelio ir mink\u0161to silikono) derinio, apavas apsaugos j\u016bs\u0173 vaiko akis, ausis ir veid\u0105 nuo vandens ir \u0161amp\u016bno. \u0160velni sm\u0117lio spalvos apdaila suteikia m\u016bs\u0173 gaminiui \u017eavesio [&hellip;]","og_url":"https:\/\/monti.lt\/en\/product\/kepurele-maudynems\/","og_site_name":"Montessori \u017eaislai","article_modified_time":"2026-02-13T12:41:10+00:00","og_image":[{"width":800,"height":800,"url":"https:\/\/monti.lt\/wp-content\/uploads\/2024\/10\/rondo-kapielowe-nicekids-premium-daszek-do-mycia-glowy-kapiel-dzieci-bezowy.webp","type":"image\/webp"}],"twitter_card":"summary_large_image","twitter_misc":{"Est. reading time":"1 minute"},"schema":{"@context":"https:\/\/schema.org","@graph":[{"@type":"WebPage","@id":"https:\/\/monti.lt\/product\/kepurele-maudynems\/","url":"https:\/\/monti.lt\/product\/kepurele-maudynems\/","name":"Kepur\u0117l\u0117 maudyn\u0117ms - Montessori \u017eaislai","isPartOf":{"@id":"https:\/\/monti.lt\/#website"},"primaryImageOfPage":{"@id":"https:\/\/monti.lt\/product\/kepurele-maudynems\/#primaryimage"},"image":{"@id":"https:\/\/monti.lt\/product\/kepurele-maudynems\/#primaryimage"},"thumbnailUrl":"https:\/\/monti.lt\/wp-content\/uploads\/2024\/10\/rondo-kapielowe-nicekids-premium-daszek-do-mycia-glowy-kapiel-dzieci-bezowy.webp","datePublished":"2024-10-17T11:30:20+00:00","dateModified":"2026-02-13T12:41:10+00:00","breadcrumb":{"@id":"https:\/\/monti.lt\/product\/kepurele-maudynems\/#breadcrumb"},"inLanguage":"en-US","potentialAction":[{"@type":"ReadAction","target":["https:\/\/monti.lt\/product\/kepurele-maudynems\/"]}]},{"@type":"ImageObject","inLanguage":"en-US","@id":"https:\/\/monti.lt\/product\/kepurele-maudynems\/#primaryimage","url":"https:\/\/monti.lt\/wp-content\/uploads\/2024\/10\/rondo-kapielowe-nicekids-premium-daszek-do-mycia-glowy-kapiel-dzieci-bezowy.webp","contentUrl":"https:\/\/monti.lt\/wp-content\/uploads\/2024\/10\/rondo-kapielowe-nicekids-premium-daszek-do-mycia-glowy-kapiel-dzieci-bezowy.webp","width":800,"height":800,"caption":"kepure maudynems"},{"@type":"BreadcrumbList","@id":"https:\/\/monti.lt\/product\/kepurele-maudynems\/#breadcrumb","itemListElement":[{"@type":"ListItem","position":1,"name":"Home","item":"https:\/\/monti.lt\/"},{"@type":"ListItem","position":2,"name":"Parduotuv\u0117","item":"https:\/\/monti.lt\/shop\/"},{"@type":"ListItem","position":3,"name":"Kepur\u0117l\u0117 maudyn\u0117ms"}]},{"@type":"WebSite","@id":"https:\/\/monti.lt\/#website","url":"https:\/\/monti.lt\/","name":"Montessori \u017eaislai","description":"","publisher":{"@id":"https:\/\/monti.lt\/#organization"},"potentialAction":[{"@type":"SearchAction","target":{"@type":"EntryPoint","urlTemplate":"https:\/\/monti.lt\/?s={search_term_string}"},"query-input":"required name=search_term_string"}],"inLanguage":"en-US"},{"@type":"Organization","@id":"https:\/\/monti.lt\/#organization","name":"Montessori \u017eaislai","url":"https:\/\/monti.lt\/","logo":{"@type":"ImageObject","inLanguage":"en-US","@id":"https:\/\/monti.lt\/#\/schema\/logo\/image\/","url":"https:\/\/monti.lt\/wp-content\/uploads\/2022\/03\/montilogo-1.png","contentUrl":"https:\/\/monti.lt\/wp-content\/uploads\/2022\/03\/montilogo-1.png","width":512,"height":512,"caption":"Montessori \u017eaislai"},"image":{"@id":"https:\/\/monti.lt\/#\/schema\/logo\/image\/"}}]}},"_links":{"self":[{"href":"https:\/\/monti.lt\/en\/wp-json\/wp\/v2\/product\/25932"}],"collection":[{"href":"https:\/\/monti.lt\/en\/wp-json\/wp\/v2\/product"}],"about":[{"href":"https:\/\/monti.lt\/en\/wp-json\/wp\/v2\/types\/product"}],"version-history":[{"count":1,"href":"https:\/\/monti.lt\/en\/wp-json\/wp\/v2\/product\/25932\/revisions"}],"predecessor-version":[{"id":25939,"href":"https:\/\/monti.lt\/en\/wp-json\/wp\/v2\/product\/25932\/revisions\/25939"}],"wp:featuredmedia":[{"embeddable":true,"href":"https:\/\/monti.lt\/en\/wp-json\/wp\/v2\/media\/25933"}],"wp:attachment":[{"href":"https:\/\/monti.lt\/en\/wp-json\/wp\/v2\/media?parent=25932"}],"wp:term":[{"taxonomy":"product_cat","embeddable":true,"href":"https:\/\/monti.lt\/en\/wp-json\/wp\/v2\/product_cat?post=25932"},{"taxonomy":"product_tag","embeddable":true,"href":"https:\/\/monti.lt\/en\/wp-json\/wp\/v2\/product_tag?post=25932"}],"curies":[{"name":"wp","href":"https:\/\/api.w.org\/{rel}","templated":true}]}}