{"id":26272,"date":"2024-10-21T12:36:35","date_gmt":"2024-10-21T12:36:35","guid":{"rendered":"https:\/\/monti.lt\/?post_type=product&#038;p=26272"},"modified":"2026-04-30T05:14:53","modified_gmt":"2026-04-30T05:14:53","slug":"kavos-ir-arbatos-servizas","status":"publish","type":"product","link":"https:\/\/monti.lt\/en\/product\/kavos-ir-arbatos-servizas\/","title":{"rendered":"Kavos ir arbatos servizas"},"content":{"rendered":"<p>Kaip d\u0117l popiet\u0117s arbatos vakar\u0117lio? Kavos ar arbatos servizas leid\u017eia vaikams surengti vakar\u0117l\u012f savo m\u0117gstamiausiems me\u0161kiukams, broliams ir seserims bei draugams. Arbatos vakar\u0117liai &#8211; puiki proga ma\u017eyliams i\u0161mokti gyvenimo prie stalo taisykli\u0173 ir lavinti socialinius \u012fg\u016bd\u017eius. Rinkin\u012f sudaro arbatinukas su dangteliu, puodeliai, \u0161auk\u0161tai, l\u0117k\u0161t\u0117s, pad\u0117klas, pieno \u0105sot\u0117lis, arbata ir sausainiai. Ro\u017ein\u0117s ir pilkos spalvos rinkinio dizainas skatina visus trumpai pails\u0117ti prie arbatos!<\/p>\n\n\n\n<p>Technin\u0117s specifikacijos:<\/p>\n\n\n\n<p>Med\u017eiaga: medis<br>Am\u017eius: 3+<br>Pad\u0117klo matmenys: Sud\u0117tis: 27,7 cm x 23 cm x 1,5 cm<br>Puodelio matmenys: 6,7 cm x 3 cm<br>Pad\u0117klo skersmuo: 7 cm<br>\u0160auk\u0161telio ilgis: 7,2 cm<br>Arbatinuko su dangteliu matmenys: 10,5 cm x 5 cm x 9,3 cm.<br>Pakuot\u0117s matmenys: 24 cm x 28 cm x 8,5 cm<br>Rinkinio turinys:<\/p>\n\n\n\n<p>Pad\u0117klas<br>Puodelis x2<br>l\u0117k\u0161t\u0117 x3<br>\u0160auk\u0161tas x2<br>Tortas x2<br>Arbatinukas su dang\u010diu<br>Arbata x2<br>Pieno \u0105sotis<\/p>\n\n\n\n<p>Visos detal\u0117s pagamintos i\u0161 glotniai nu\u0161lifuotos medienos, da\u017eytos netoksi\u0161kais da\u017eais. Rinkinys turi CE sertifikat\u0105.<\/p>\n\n\n\n<p>Gaminys supakuotas \u012f kartonin\u0119 d\u0117\u017eut\u0119.<\/p>\n\n\n\n<p><\/p>","protected":false},"excerpt":{"rendered":"<p>Kaip d\u0117l popiet\u0117s arbatos vakar\u0117lio? Kavos ar arbatos servizas leid\u017eia vaikams surengti vakar\u0117l\u012f savo m\u0117gstamiausiems me\u0161kiukams, broliams ir seserims bei draugams. Arbatos vakar\u0117liai &#8211; puiki proga ma\u017eyliams i\u0161mokti gyvenimo prie stalo taisykli\u0173 ir lavinti socialinius \u012fg\u016bd\u017eius. Rinkin\u012f sudaro arbatinukas su dangteliu, puodeliai, \u0161auk\u0161tai, l\u0117k\u0161t\u0117s, pad\u0117klas, pieno \u0105sot\u0117lis, arbata ir sausainiai. Ro\u017ein\u0117s ir pilkos spalvos rinkinio [&hellip;]<\/p>","protected":false},"featured_media":26273,"template":"","meta":{"_acf_changed":false,"iawp_total_views":482},"product_cat":[196,84,102,93,49,39,214],"product_tag":[96,97,98],"class_list":{"0":"post-26272","1":"product","2":"type-product","3":"status-publish","4":"has-post-thumbnail","6":"product_cat-dovanos-mergaitems","7":"product_cat-lavinamieji-zaislai","8":"product_cat-mediniai-zaislai","9":"product_cat-vaidmenu-zaidimai","10":"product_cat-visi-zaislai","11":"product_cat-zaislai","12":"product_cat-zaislai-mergaitems","13":"product_tag-2-m-3-m","14":"product_tag-3-m-4-m","15":"product_tag-5-m-7-m","17":"first","18":"instock","19":"taxable","20":"shipping-taxable","21":"purchasable","22":"product-type-simple"},"acf":[],"yoast_head":"<!-- This site is optimized with the Yoast SEO plugin v23.3 - https:\/\/yoast.com\/wordpress\/plugins\/seo\/ -->\n<title>Kavos ir arbatos servizas - Montessori \u017eaislai<\/title>\n<meta name=\"robots\" content=\"index, follow, max-snippet:-1, max-image-preview:large, max-video-preview:-1\" \/>\n<link rel=\"canonical\" href=\"https:\/\/monti.lt\/en\/product\/kavos-ir-arbatos-servizas\/\" \/>\n<meta property=\"og:locale\" content=\"en_US\" \/>\n<meta property=\"og:type\" content=\"article\" \/>\n<meta property=\"og:title\" content=\"Kavos ir arbatos servizas - Montessori \u017eaislai\" \/>\n<meta property=\"og:description\" content=\"Kaip d\u0117l popiet\u0117s arbatos vakar\u0117lio? Kavos ar arbatos servizas leid\u017eia vaikams surengti vakar\u0117l\u012f savo m\u0117gstamiausiems me\u0161kiukams, broliams ir seserims bei draugams. Arbatos vakar\u0117liai &#8211; puiki proga ma\u017eyliams i\u0161mokti gyvenimo prie stalo taisykli\u0173 ir lavinti socialinius \u012fg\u016bd\u017eius. Rinkin\u012f sudaro arbatinukas su dangteliu, puodeliai, \u0161auk\u0161tai, l\u0117k\u0161t\u0117s, pad\u0117klas, pieno \u0105sot\u0117lis, arbata ir sausainiai. Ro\u017ein\u0117s ir pilkos spalvos rinkinio [&hellip;]\" \/>\n<meta property=\"og:url\" content=\"https:\/\/monti.lt\/en\/product\/kavos-ir-arbatos-servizas\/\" \/>\n<meta property=\"og:site_name\" content=\"Montessori \u017eaislai\" \/>\n<meta property=\"article:modified_time\" content=\"2026-04-30T05:14:53+00:00\" \/>\n<meta property=\"og:image\" content=\"https:\/\/monti.lt\/wp-content\/uploads\/2024\/10\/Lulilo-coffee-tea-set-wooden-for-kids-159092.jpg\" \/>\n\t<meta property=\"og:image:width\" content=\"1024\" \/>\n\t<meta property=\"og:image:height\" content=\"1024\" \/>\n\t<meta property=\"og:image:type\" content=\"image\/jpeg\" \/>\n<meta name=\"twitter:card\" content=\"summary_large_image\" \/>\n<meta name=\"twitter:label1\" content=\"Est. reading time\" \/>\n\t<meta name=\"twitter:data1\" content=\"2 minutes\" \/>\n<script type=\"application\/ld+json\" class=\"yoast-schema-graph\">{\"@context\":\"https:\/\/schema.org\",\"@graph\":[{\"@type\":\"WebPage\",\"@id\":\"https:\/\/monti.lt\/product\/kavos-ir-arbatos-servizas\/\",\"url\":\"https:\/\/monti.lt\/product\/kavos-ir-arbatos-servizas\/\",\"name\":\"Kavos ir arbatos servizas - Montessori \u017eaislai\",\"isPartOf\":{\"@id\":\"https:\/\/monti.lt\/#website\"},\"primaryImageOfPage\":{\"@id\":\"https:\/\/monti.lt\/product\/kavos-ir-arbatos-servizas\/#primaryimage\"},\"image\":{\"@id\":\"https:\/\/monti.lt\/product\/kavos-ir-arbatos-servizas\/#primaryimage\"},\"thumbnailUrl\":\"https:\/\/monti.lt\/wp-content\/uploads\/2024\/10\/Lulilo-coffee-tea-set-wooden-for-kids-159092.jpg\",\"datePublished\":\"2024-10-21T12:36:35+00:00\",\"dateModified\":\"2026-04-30T05:14:53+00:00\",\"breadcrumb\":{\"@id\":\"https:\/\/monti.lt\/product\/kavos-ir-arbatos-servizas\/#breadcrumb\"},\"inLanguage\":\"en-US\",\"potentialAction\":[{\"@type\":\"ReadAction\",\"target\":[\"https:\/\/monti.lt\/product\/kavos-ir-arbatos-servizas\/\"]}]},{\"@type\":\"ImageObject\",\"inLanguage\":\"en-US\",\"@id\":\"https:\/\/monti.lt\/product\/kavos-ir-arbatos-servizas\/#primaryimage\",\"url\":\"https:\/\/monti.lt\/wp-content\/uploads\/2024\/10\/Lulilo-coffee-tea-set-wooden-for-kids-159092.jpg\",\"contentUrl\":\"https:\/\/monti.lt\/wp-content\/uploads\/2024\/10\/Lulilo-coffee-tea-set-wooden-for-kids-159092.jpg\",\"width\":1024,\"height\":1024,\"caption\":\"kavos ir arbatos servizas\"},{\"@type\":\"BreadcrumbList\",\"@id\":\"https:\/\/monti.lt\/product\/kavos-ir-arbatos-servizas\/#breadcrumb\",\"itemListElement\":[{\"@type\":\"ListItem\",\"position\":1,\"name\":\"Home\",\"item\":\"https:\/\/monti.lt\/\"},{\"@type\":\"ListItem\",\"position\":2,\"name\":\"Parduotuv\u0117\",\"item\":\"https:\/\/monti.lt\/shop\/\"},{\"@type\":\"ListItem\",\"position\":3,\"name\":\"Kavos ir arbatos servizas\"}]},{\"@type\":\"WebSite\",\"@id\":\"https:\/\/monti.lt\/#website\",\"url\":\"https:\/\/monti.lt\/\",\"name\":\"Montessori \u017eaislai\",\"description\":\"\",\"publisher\":{\"@id\":\"https:\/\/monti.lt\/#organization\"},\"potentialAction\":[{\"@type\":\"SearchAction\",\"target\":{\"@type\":\"EntryPoint\",\"urlTemplate\":\"https:\/\/monti.lt\/?s={search_term_string}\"},\"query-input\":\"required name=search_term_string\"}],\"inLanguage\":\"en-US\"},{\"@type\":\"Organization\",\"@id\":\"https:\/\/monti.lt\/#organization\",\"name\":\"Montessori \u017eaislai\",\"url\":\"https:\/\/monti.lt\/\",\"logo\":{\"@type\":\"ImageObject\",\"inLanguage\":\"en-US\",\"@id\":\"https:\/\/monti.lt\/#\/schema\/logo\/image\/\",\"url\":\"https:\/\/monti.lt\/wp-content\/uploads\/2022\/03\/montilogo-1.png\",\"contentUrl\":\"https:\/\/monti.lt\/wp-content\/uploads\/2022\/03\/montilogo-1.png\",\"width\":512,\"height\":512,\"caption\":\"Montessori \u017eaislai\"},\"image\":{\"@id\":\"https:\/\/monti.lt\/#\/schema\/logo\/image\/\"}}]}<\/script>\n<!-- \/ Yoast SEO plugin. -->","yoast_head_json":{"title":"Kavos ir arbatos servizas - Montessori \u017eaislai","robots":{"index":"index","follow":"follow","max-snippet":"max-snippet:-1","max-image-preview":"max-image-preview:large","max-video-preview":"max-video-preview:-1"},"canonical":"https:\/\/monti.lt\/en\/product\/kavos-ir-arbatos-servizas\/","og_locale":"en_US","og_type":"article","og_title":"Kavos ir arbatos servizas - Montessori \u017eaislai","og_description":"Kaip d\u0117l popiet\u0117s arbatos vakar\u0117lio? Kavos ar arbatos servizas leid\u017eia vaikams surengti vakar\u0117l\u012f savo m\u0117gstamiausiems me\u0161kiukams, broliams ir seserims bei draugams. Arbatos vakar\u0117liai &#8211; puiki proga ma\u017eyliams i\u0161mokti gyvenimo prie stalo taisykli\u0173 ir lavinti socialinius \u012fg\u016bd\u017eius. Rinkin\u012f sudaro arbatinukas su dangteliu, puodeliai, \u0161auk\u0161tai, l\u0117k\u0161t\u0117s, pad\u0117klas, pieno \u0105sot\u0117lis, arbata ir sausainiai. Ro\u017ein\u0117s ir pilkos spalvos rinkinio [&hellip;]","og_url":"https:\/\/monti.lt\/en\/product\/kavos-ir-arbatos-servizas\/","og_site_name":"Montessori \u017eaislai","article_modified_time":"2026-04-30T05:14:53+00:00","og_image":[{"width":1024,"height":1024,"url":"https:\/\/monti.lt\/wp-content\/uploads\/2024\/10\/Lulilo-coffee-tea-set-wooden-for-kids-159092.jpg","type":"image\/jpeg"}],"twitter_card":"summary_large_image","twitter_misc":{"Est. reading time":"2 minutes"},"schema":{"@context":"https:\/\/schema.org","@graph":[{"@type":"WebPage","@id":"https:\/\/monti.lt\/product\/kavos-ir-arbatos-servizas\/","url":"https:\/\/monti.lt\/product\/kavos-ir-arbatos-servizas\/","name":"Kavos ir arbatos servizas - Montessori \u017eaislai","isPartOf":{"@id":"https:\/\/monti.lt\/#website"},"primaryImageOfPage":{"@id":"https:\/\/monti.lt\/product\/kavos-ir-arbatos-servizas\/#primaryimage"},"image":{"@id":"https:\/\/monti.lt\/product\/kavos-ir-arbatos-servizas\/#primaryimage"},"thumbnailUrl":"https:\/\/monti.lt\/wp-content\/uploads\/2024\/10\/Lulilo-coffee-tea-set-wooden-for-kids-159092.jpg","datePublished":"2024-10-21T12:36:35+00:00","dateModified":"2026-04-30T05:14:53+00:00","breadcrumb":{"@id":"https:\/\/monti.lt\/product\/kavos-ir-arbatos-servizas\/#breadcrumb"},"inLanguage":"en-US","potentialAction":[{"@type":"ReadAction","target":["https:\/\/monti.lt\/product\/kavos-ir-arbatos-servizas\/"]}]},{"@type":"ImageObject","inLanguage":"en-US","@id":"https:\/\/monti.lt\/product\/kavos-ir-arbatos-servizas\/#primaryimage","url":"https:\/\/monti.lt\/wp-content\/uploads\/2024\/10\/Lulilo-coffee-tea-set-wooden-for-kids-159092.jpg","contentUrl":"https:\/\/monti.lt\/wp-content\/uploads\/2024\/10\/Lulilo-coffee-tea-set-wooden-for-kids-159092.jpg","width":1024,"height":1024,"caption":"kavos ir arbatos servizas"},{"@type":"BreadcrumbList","@id":"https:\/\/monti.lt\/product\/kavos-ir-arbatos-servizas\/#breadcrumb","itemListElement":[{"@type":"ListItem","position":1,"name":"Home","item":"https:\/\/monti.lt\/"},{"@type":"ListItem","position":2,"name":"Parduotuv\u0117","item":"https:\/\/monti.lt\/shop\/"},{"@type":"ListItem","position":3,"name":"Kavos ir arbatos servizas"}]},{"@type":"WebSite","@id":"https:\/\/monti.lt\/#website","url":"https:\/\/monti.lt\/","name":"Montessori \u017eaislai","description":"","publisher":{"@id":"https:\/\/monti.lt\/#organization"},"potentialAction":[{"@type":"SearchAction","target":{"@type":"EntryPoint","urlTemplate":"https:\/\/monti.lt\/?s={search_term_string}"},"query-input":"required name=search_term_string"}],"inLanguage":"en-US"},{"@type":"Organization","@id":"https:\/\/monti.lt\/#organization","name":"Montessori \u017eaislai","url":"https:\/\/monti.lt\/","logo":{"@type":"ImageObject","inLanguage":"en-US","@id":"https:\/\/monti.lt\/#\/schema\/logo\/image\/","url":"https:\/\/monti.lt\/wp-content\/uploads\/2022\/03\/montilogo-1.png","contentUrl":"https:\/\/monti.lt\/wp-content\/uploads\/2022\/03\/montilogo-1.png","width":512,"height":512,"caption":"Montessori \u017eaislai"},"image":{"@id":"https:\/\/monti.lt\/#\/schema\/logo\/image\/"}}]}},"_links":{"self":[{"href":"https:\/\/monti.lt\/en\/wp-json\/wp\/v2\/product\/26272"}],"collection":[{"href":"https:\/\/monti.lt\/en\/wp-json\/wp\/v2\/product"}],"about":[{"href":"https:\/\/monti.lt\/en\/wp-json\/wp\/v2\/types\/product"}],"version-history":[{"count":1,"href":"https:\/\/monti.lt\/en\/wp-json\/wp\/v2\/product\/26272\/revisions"}],"predecessor-version":[{"id":26281,"href":"https:\/\/monti.lt\/en\/wp-json\/wp\/v2\/product\/26272\/revisions\/26281"}],"wp:featuredmedia":[{"embeddable":true,"href":"https:\/\/monti.lt\/en\/wp-json\/wp\/v2\/media\/26273"}],"wp:attachment":[{"href":"https:\/\/monti.lt\/en\/wp-json\/wp\/v2\/media?parent=26272"}],"wp:term":[{"taxonomy":"product_cat","embeddable":true,"href":"https:\/\/monti.lt\/en\/wp-json\/wp\/v2\/product_cat?post=26272"},{"taxonomy":"product_tag","embeddable":true,"href":"https:\/\/monti.lt\/en\/wp-json\/wp\/v2\/product_tag?post=26272"}],"curies":[{"name":"wp","href":"https:\/\/api.w.org\/{rel}","templated":true}]}}