{"id":26282,"date":"2024-10-21T12:56:05","date_gmt":"2024-10-21T12:56:05","guid":{"rendered":"https:\/\/monti.lt\/?post_type=product&#038;p=26282"},"modified":"2026-03-31T22:30:46","modified_gmt":"2026-03-31T22:30:46","slug":"silikoniniu-valgymo-indu-rinkinys-smelio-sp","status":"publish","type":"product","link":"https:\/\/monti.lt\/en\/product\/silikoniniu-valgymo-indu-rinkinys-smelio-sp\/","title":{"rendered":"Silikonini\u0173 valgymo ind\u0173 rinkinys sm\u0117lio sp."},"content":{"rendered":"<p>L\u0117k\u0161t\u0117s matmenys: 20 cm x 19 cm. Pakuot\u0117s matmenys: 20,5 cm x 21 cm x 10 cm.<\/p>","protected":false},"excerpt":{"rendered":"<p>L\u0117k\u0161t\u0117s matmenys: 20 cm x 19 cm. Pakuot\u0117s matmenys: 20,5 cm x 21 cm x 10 cm.<\/p>","protected":false},"featured_media":26283,"template":"","meta":{"_acf_changed":false,"iawp_total_views":206},"product_cat":[81,50,257,258,39],"product_tag":[95,96,94],"class_list":{"0":"post-26282","1":"product","2":"type-product","3":"status-publish","4":"has-post-thumbnail","6":"product_cat-kiti-zaislai","7":"product_cat-top-dovanos","8":"product_cat-vaiku-prieziura","9":"product_cat-virtuves-irankiai-vaikams","10":"product_cat-zaislai","11":"product_tag-1-m-2-m","12":"product_tag-2-m-3-m","13":"product_tag-iki-1-m","15":"first","16":"outofstock","17":"taxable","18":"shipping-taxable","19":"purchasable","20":"product-type-simple"},"acf":[],"yoast_head":"<!-- This site is optimized with the Yoast SEO plugin v23.3 - https:\/\/yoast.com\/wordpress\/plugins\/seo\/ -->\n<title>Silikonini\u0173 valgymo ind\u0173 rinkinys sm\u0117lio sp. - Montessori \u017eaislai<\/title>\n<meta name=\"robots\" content=\"index, follow, max-snippet:-1, max-image-preview:large, max-video-preview:-1\" \/>\n<link rel=\"canonical\" href=\"https:\/\/monti.lt\/en\/product\/silikoniniu-valgymo-indu-rinkinys-smelio-sp\/\" \/>\n<meta property=\"og:locale\" content=\"en_US\" \/>\n<meta property=\"og:type\" content=\"article\" \/>\n<meta property=\"og:title\" content=\"Silikonini\u0173 valgymo ind\u0173 rinkinys sm\u0117lio sp. - Montessori \u017eaislai\" \/>\n<meta property=\"og:description\" content=\"L\u0117k\u0161t\u0117s matmenys: 20 cm x 19 cm. Pakuot\u0117s matmenys: 20,5 cm x 21 cm x 10 cm.\" \/>\n<meta property=\"og:url\" content=\"https:\/\/monti.lt\/en\/product\/silikoniniu-valgymo-indu-rinkinys-smelio-sp\/\" \/>\n<meta property=\"og:site_name\" content=\"Montessori \u017eaislai\" \/>\n<meta property=\"article:modified_time\" content=\"2026-03-31T22:30:46+00:00\" \/>\n<meta property=\"og:image\" content=\"https:\/\/monti.lt\/wp-content\/uploads\/2024\/10\/Silicone-dishes-for-children-owl-beige-9-elements-159727.jpg\" \/>\n\t<meta property=\"og:image:width\" content=\"1024\" \/>\n\t<meta property=\"og:image:height\" content=\"1024\" \/>\n\t<meta property=\"og:image:type\" content=\"image\/jpeg\" \/>\n<meta name=\"twitter:card\" content=\"summary_large_image\" \/>\n<meta name=\"twitter:label1\" content=\"Est. reading time\" \/>\n\t<meta name=\"twitter:data1\" content=\"1 minute\" \/>\n<script type=\"application\/ld+json\" class=\"yoast-schema-graph\">{\"@context\":\"https:\/\/schema.org\",\"@graph\":[{\"@type\":\"WebPage\",\"@id\":\"https:\/\/monti.lt\/product\/silikoniniu-valgymo-indu-rinkinys-smelio-sp\/\",\"url\":\"https:\/\/monti.lt\/product\/silikoniniu-valgymo-indu-rinkinys-smelio-sp\/\",\"name\":\"Silikonini\u0173 valgymo ind\u0173 rinkinys sm\u0117lio sp. - Montessori \u017eaislai\",\"isPartOf\":{\"@id\":\"https:\/\/monti.lt\/#website\"},\"primaryImageOfPage\":{\"@id\":\"https:\/\/monti.lt\/product\/silikoniniu-valgymo-indu-rinkinys-smelio-sp\/#primaryimage\"},\"image\":{\"@id\":\"https:\/\/monti.lt\/product\/silikoniniu-valgymo-indu-rinkinys-smelio-sp\/#primaryimage\"},\"thumbnailUrl\":\"https:\/\/monti.lt\/wp-content\/uploads\/2024\/10\/Silicone-dishes-for-children-owl-beige-9-elements-159727.jpg\",\"datePublished\":\"2024-10-21T12:56:05+00:00\",\"dateModified\":\"2026-03-31T22:30:46+00:00\",\"breadcrumb\":{\"@id\":\"https:\/\/monti.lt\/product\/silikoniniu-valgymo-indu-rinkinys-smelio-sp\/#breadcrumb\"},\"inLanguage\":\"en-US\",\"potentialAction\":[{\"@type\":\"ReadAction\",\"target\":[\"https:\/\/monti.lt\/product\/silikoniniu-valgymo-indu-rinkinys-smelio-sp\/\"]}]},{\"@type\":\"ImageObject\",\"inLanguage\":\"en-US\",\"@id\":\"https:\/\/monti.lt\/product\/silikoniniu-valgymo-indu-rinkinys-smelio-sp\/#primaryimage\",\"url\":\"https:\/\/monti.lt\/wp-content\/uploads\/2024\/10\/Silicone-dishes-for-children-owl-beige-9-elements-159727.jpg\",\"contentUrl\":\"https:\/\/monti.lt\/wp-content\/uploads\/2024\/10\/Silicone-dishes-for-children-owl-beige-9-elements-159727.jpg\",\"width\":1024,\"height\":1024,\"caption\":\"silikoniniai indai vaikams\"},{\"@type\":\"BreadcrumbList\",\"@id\":\"https:\/\/monti.lt\/product\/silikoniniu-valgymo-indu-rinkinys-smelio-sp\/#breadcrumb\",\"itemListElement\":[{\"@type\":\"ListItem\",\"position\":1,\"name\":\"Home\",\"item\":\"https:\/\/monti.lt\/\"},{\"@type\":\"ListItem\",\"position\":2,\"name\":\"Parduotuv\u0117\",\"item\":\"https:\/\/monti.lt\/shop\/\"},{\"@type\":\"ListItem\",\"position\":3,\"name\":\"Silikonini\u0173 valgymo ind\u0173 rinkinys sm\u0117lio sp.\"}]},{\"@type\":\"WebSite\",\"@id\":\"https:\/\/monti.lt\/#website\",\"url\":\"https:\/\/monti.lt\/\",\"name\":\"Montessori \u017eaislai\",\"description\":\"\",\"publisher\":{\"@id\":\"https:\/\/monti.lt\/#organization\"},\"potentialAction\":[{\"@type\":\"SearchAction\",\"target\":{\"@type\":\"EntryPoint\",\"urlTemplate\":\"https:\/\/monti.lt\/?s={search_term_string}\"},\"query-input\":\"required name=search_term_string\"}],\"inLanguage\":\"en-US\"},{\"@type\":\"Organization\",\"@id\":\"https:\/\/monti.lt\/#organization\",\"name\":\"Montessori \u017eaislai\",\"url\":\"https:\/\/monti.lt\/\",\"logo\":{\"@type\":\"ImageObject\",\"inLanguage\":\"en-US\",\"@id\":\"https:\/\/monti.lt\/#\/schema\/logo\/image\/\",\"url\":\"https:\/\/monti.lt\/wp-content\/uploads\/2022\/03\/montilogo-1.png\",\"contentUrl\":\"https:\/\/monti.lt\/wp-content\/uploads\/2022\/03\/montilogo-1.png\",\"width\":512,\"height\":512,\"caption\":\"Montessori \u017eaislai\"},\"image\":{\"@id\":\"https:\/\/monti.lt\/#\/schema\/logo\/image\/\"}}]}<\/script>\n<!-- \/ Yoast SEO plugin. -->","yoast_head_json":{"title":"Silikonini\u0173 valgymo ind\u0173 rinkinys sm\u0117lio sp. - Montessori \u017eaislai","robots":{"index":"index","follow":"follow","max-snippet":"max-snippet:-1","max-image-preview":"max-image-preview:large","max-video-preview":"max-video-preview:-1"},"canonical":"https:\/\/monti.lt\/en\/product\/silikoniniu-valgymo-indu-rinkinys-smelio-sp\/","og_locale":"en_US","og_type":"article","og_title":"Silikonini\u0173 valgymo ind\u0173 rinkinys sm\u0117lio sp. - Montessori \u017eaislai","og_description":"L\u0117k\u0161t\u0117s matmenys: 20 cm x 19 cm. Pakuot\u0117s matmenys: 20,5 cm x 21 cm x 10 cm.","og_url":"https:\/\/monti.lt\/en\/product\/silikoniniu-valgymo-indu-rinkinys-smelio-sp\/","og_site_name":"Montessori \u017eaislai","article_modified_time":"2026-03-31T22:30:46+00:00","og_image":[{"width":1024,"height":1024,"url":"https:\/\/monti.lt\/wp-content\/uploads\/2024\/10\/Silicone-dishes-for-children-owl-beige-9-elements-159727.jpg","type":"image\/jpeg"}],"twitter_card":"summary_large_image","twitter_misc":{"Est. reading time":"1 minute"},"schema":{"@context":"https:\/\/schema.org","@graph":[{"@type":"WebPage","@id":"https:\/\/monti.lt\/product\/silikoniniu-valgymo-indu-rinkinys-smelio-sp\/","url":"https:\/\/monti.lt\/product\/silikoniniu-valgymo-indu-rinkinys-smelio-sp\/","name":"Silikonini\u0173 valgymo ind\u0173 rinkinys sm\u0117lio sp. - Montessori \u017eaislai","isPartOf":{"@id":"https:\/\/monti.lt\/#website"},"primaryImageOfPage":{"@id":"https:\/\/monti.lt\/product\/silikoniniu-valgymo-indu-rinkinys-smelio-sp\/#primaryimage"},"image":{"@id":"https:\/\/monti.lt\/product\/silikoniniu-valgymo-indu-rinkinys-smelio-sp\/#primaryimage"},"thumbnailUrl":"https:\/\/monti.lt\/wp-content\/uploads\/2024\/10\/Silicone-dishes-for-children-owl-beige-9-elements-159727.jpg","datePublished":"2024-10-21T12:56:05+00:00","dateModified":"2026-03-31T22:30:46+00:00","breadcrumb":{"@id":"https:\/\/monti.lt\/product\/silikoniniu-valgymo-indu-rinkinys-smelio-sp\/#breadcrumb"},"inLanguage":"en-US","potentialAction":[{"@type":"ReadAction","target":["https:\/\/monti.lt\/product\/silikoniniu-valgymo-indu-rinkinys-smelio-sp\/"]}]},{"@type":"ImageObject","inLanguage":"en-US","@id":"https:\/\/monti.lt\/product\/silikoniniu-valgymo-indu-rinkinys-smelio-sp\/#primaryimage","url":"https:\/\/monti.lt\/wp-content\/uploads\/2024\/10\/Silicone-dishes-for-children-owl-beige-9-elements-159727.jpg","contentUrl":"https:\/\/monti.lt\/wp-content\/uploads\/2024\/10\/Silicone-dishes-for-children-owl-beige-9-elements-159727.jpg","width":1024,"height":1024,"caption":"silikoniniai indai vaikams"},{"@type":"BreadcrumbList","@id":"https:\/\/monti.lt\/product\/silikoniniu-valgymo-indu-rinkinys-smelio-sp\/#breadcrumb","itemListElement":[{"@type":"ListItem","position":1,"name":"Home","item":"https:\/\/monti.lt\/"},{"@type":"ListItem","position":2,"name":"Parduotuv\u0117","item":"https:\/\/monti.lt\/shop\/"},{"@type":"ListItem","position":3,"name":"Silikonini\u0173 valgymo ind\u0173 rinkinys sm\u0117lio sp."}]},{"@type":"WebSite","@id":"https:\/\/monti.lt\/#website","url":"https:\/\/monti.lt\/","name":"Montessori \u017eaislai","description":"","publisher":{"@id":"https:\/\/monti.lt\/#organization"},"potentialAction":[{"@type":"SearchAction","target":{"@type":"EntryPoint","urlTemplate":"https:\/\/monti.lt\/?s={search_term_string}"},"query-input":"required name=search_term_string"}],"inLanguage":"en-US"},{"@type":"Organization","@id":"https:\/\/monti.lt\/#organization","name":"Montessori \u017eaislai","url":"https:\/\/monti.lt\/","logo":{"@type":"ImageObject","inLanguage":"en-US","@id":"https:\/\/monti.lt\/#\/schema\/logo\/image\/","url":"https:\/\/monti.lt\/wp-content\/uploads\/2022\/03\/montilogo-1.png","contentUrl":"https:\/\/monti.lt\/wp-content\/uploads\/2022\/03\/montilogo-1.png","width":512,"height":512,"caption":"Montessori \u017eaislai"},"image":{"@id":"https:\/\/monti.lt\/#\/schema\/logo\/image\/"}}]}},"_links":{"self":[{"href":"https:\/\/monti.lt\/en\/wp-json\/wp\/v2\/product\/26282"}],"collection":[{"href":"https:\/\/monti.lt\/en\/wp-json\/wp\/v2\/product"}],"about":[{"href":"https:\/\/monti.lt\/en\/wp-json\/wp\/v2\/types\/product"}],"version-history":[{"count":1,"href":"https:\/\/monti.lt\/en\/wp-json\/wp\/v2\/product\/26282\/revisions"}],"predecessor-version":[{"id":26295,"href":"https:\/\/monti.lt\/en\/wp-json\/wp\/v2\/product\/26282\/revisions\/26295"}],"wp:featuredmedia":[{"embeddable":true,"href":"https:\/\/monti.lt\/en\/wp-json\/wp\/v2\/media\/26283"}],"wp:attachment":[{"href":"https:\/\/monti.lt\/en\/wp-json\/wp\/v2\/media?parent=26282"}],"wp:term":[{"taxonomy":"product_cat","embeddable":true,"href":"https:\/\/monti.lt\/en\/wp-json\/wp\/v2\/product_cat?post=26282"},{"taxonomy":"product_tag","embeddable":true,"href":"https:\/\/monti.lt\/en\/wp-json\/wp\/v2\/product_tag?post=26282"}],"curies":[{"name":"wp","href":"https:\/\/api.w.org\/{rel}","templated":true}]}}