{"id":26307,"date":"2024-10-21T13:21:32","date_gmt":"2024-10-21T13:21:32","guid":{"rendered":"https:\/\/monti.lt\/?post_type=product&#038;p=26307"},"modified":"2026-04-30T05:15:29","modified_gmt":"2026-04-30T05:15:29","slug":"pulteliu-valdomas-kaciukas","status":"publish","type":"product","link":"https:\/\/monti.lt\/en\/product\/pulteliu-valdomas-kaciukas\/","title":{"rendered":"Pulteliu valdomas ka\u010diukas"},"content":{"rendered":"<p>INTERAKTYVUSIS KA\u010cIUKAS NUOTOLINIO VALDYMO RC ROBOTAS \u0160OKIN\u0116JA DAINUOJA M\u0116LYNAS<\/p>\n\n\n\n<p>Nuotoliniu b\u016bdu valdomos kat\u0117s funkcijos:<\/p>\n\n\n\n<p>Pasivaik\u0161\u010diojimai<br>\u0160okiai<br>Dainuoja<br>S\u0117di<br>Stovi ant priekini\u0173 koj\u0173<\/p>\n\n\n\n<p>Technin\u0117s specifikacijos:<\/p>\n\n\n\n<p>Plastikas: plastikas<br>Vartotojo am\u017eius: 3+<br>Spalva: ro\u017ein\u0117<br>\u017daidimo laikas: 60 min.<br>Maitinimo \u0161altinis katinui: Maitinimo \u0161altinis: 4x AAA baterija (\u012f komplekt\u0105 ne\u012feina)<br>Valdiklio maitinimo \u0161altinis: Valdiklio maitinimo \u0161altinis: 2x AAA baterija (ne\u012ftraukta \u012f komplekt\u0105)<br>Valdiklio veikimo nuotolis: 5m<br>Gaminio matmenys: 18 cm x 11 cm x 16 cm<br>Pakuot\u0117s matmenys: 23,5 cm x 14,5 cm x 21,5 cm<\/p>\n\n\n\n<p>Nuotoliniu b\u016bdu valdoma kat\u0117 yra idealus \u017eaislas visiems gyv\u016bn\u0173 myl\u0117tojams. \u0160is ma\u017easis robotas draugas, turintis galimyb\u0119 programuoti \u012fvairius triukus, suteikia pramog\u0105 ir lavina svarbius \u012fg\u016bd\u017eius. \u017daisdami su katinu tur\u0117site puiki\u0105 galimyb\u0119 mokytis loginio m\u0105stymo, ugdyti k\u016brybi\u0161kum\u0105 ir \u012fgyti nauj\u0173 pa\u017einimo \u012fg\u016bd\u017ei\u0173.<\/p>\n\n\n\n<p>Interaktyvioji kat\u0117 taip pat yra puiki dovana vaikams, kurie svajoja tur\u0117ti savo augintin\u012f, bet dar n\u0117ra pasireng\u0119 prisiimti vis\u0105 atsakomyb\u0119. Tai ne tik \u017eaislas, bet ir draugas, kuris mokys vaikus r\u016bpestingumo ir empatijos gyv\u016bnams.<\/p>\n\n\n\n<p>Rinkinio turinys:<\/p>\n\n\n\n<p>Nuotoliniu b\u016bdu valdoma kat\u0117<br>Valdiklis<\/p>\n\n\n\n<p>Gaminys supakuotas \u012f kartonin\u0119 d\u0117\u017eut\u0119.<\/p>\n\n\n\n<p><\/p>","protected":false},"excerpt":{"rendered":"<p>INTERAKTYVUSIS KA\u010cIUKAS NUOTOLINIO VALDYMO RC ROBOTAS \u0160OKIN\u0116JA DAINUOJA M\u0116LYNAS Nuotoliniu b\u016bdu valdomos kat\u0117s funkcijos: Pasivaik\u0161\u010diojimai\u0160okiaiDainuojaS\u0117diStovi ant priekini\u0173 koj\u0173 Technin\u0117s specifikacijos: Plastikas: plastikasVartotojo am\u017eius: 3+Spalva: ro\u017ein\u0117\u017daidimo laikas: 60 min.Maitinimo \u0161altinis katinui: Maitinimo \u0161altinis: 4x AAA baterija (\u012f komplekt\u0105 ne\u012feina)Valdiklio maitinimo \u0161altinis: Valdiklio maitinimo \u0161altinis: 2x AAA baterija (ne\u012ftraukta \u012f komplekt\u0105)Valdiklio veikimo nuotolis: 5mGaminio matmenys: 18 cm [&hellip;]<\/p>","protected":false},"featured_media":26308,"template":"","meta":{"_acf_changed":false,"iawp_total_views":489},"product_cat":[195,216,217,191,192,84,90,49,39],"product_tag":[97,98,99],"class_list":{"0":"post-26307","1":"product","2":"type-product","3":"status-publish","4":"has-post-thumbnail","6":"product_cat-dovanos-vaikams-3-4-metu","7":"product_cat-dovanos-4-5-metu-vaikams","8":"product_cat-dovanos-5-7-metu-vaikams","9":"product_cat-dovanos-vaikams","10":"product_cat-kaledines-dovanos-vaikams","11":"product_cat-lavinamieji-zaislai","12":"product_cat-pasaulio-pazinimas","13":"product_cat-visi-zaislai","14":"product_cat-zaislai","15":"product_tag-3-m-4-m","16":"product_tag-5-m-7-m","17":"product_tag-8-m-11-m","19":"first","20":"instock","21":"sale","22":"taxable","23":"shipping-taxable","24":"purchasable","25":"product-type-simple"},"acf":[],"yoast_head":"<!-- This site is optimized with the Yoast SEO plugin v23.3 - https:\/\/yoast.com\/wordpress\/plugins\/seo\/ -->\n<title>Pulteliu valdomas ka\u010diukas - Montessori \u017eaislai<\/title>\n<meta name=\"robots\" content=\"index, follow, max-snippet:-1, max-image-preview:large, max-video-preview:-1\" \/>\n<link rel=\"canonical\" href=\"https:\/\/monti.lt\/en\/product\/pulteliu-valdomas-kaciukas\/\" \/>\n<meta property=\"og:locale\" content=\"en_US\" \/>\n<meta property=\"og:type\" content=\"article\" \/>\n<meta property=\"og:title\" content=\"Pulteliu valdomas ka\u010diukas - Montessori \u017eaislai\" \/>\n<meta property=\"og:description\" content=\"INTERAKTYVUSIS KA\u010cIUKAS NUOTOLINIO VALDYMO RC ROBOTAS \u0160OKIN\u0116JA DAINUOJA M\u0116LYNAS Nuotoliniu b\u016bdu valdomos kat\u0117s funkcijos: Pasivaik\u0161\u010diojimai\u0160okiaiDainuojaS\u0117diStovi ant priekini\u0173 koj\u0173 Technin\u0117s specifikacijos: Plastikas: plastikasVartotojo am\u017eius: 3+Spalva: ro\u017ein\u0117\u017daidimo laikas: 60 min.Maitinimo \u0161altinis katinui: Maitinimo \u0161altinis: 4x AAA baterija (\u012f komplekt\u0105 ne\u012feina)Valdiklio maitinimo \u0161altinis: Valdiklio maitinimo \u0161altinis: 2x AAA baterija (ne\u012ftraukta \u012f komplekt\u0105)Valdiklio veikimo nuotolis: 5mGaminio matmenys: 18 cm [&hellip;]\" \/>\n<meta property=\"og:url\" content=\"https:\/\/monti.lt\/en\/product\/pulteliu-valdomas-kaciukas\/\" \/>\n<meta property=\"og:site_name\" content=\"Montessori \u017eaislai\" \/>\n<meta property=\"article:modified_time\" content=\"2026-04-30T05:15:29+00:00\" \/>\n<meta property=\"og:image\" content=\"https:\/\/monti.lt\/wp-content\/uploads\/2024\/10\/RC-cat-robot-remote-control-jumps-sky-161085.jpg\" \/>\n\t<meta property=\"og:image:width\" content=\"1024\" \/>\n\t<meta property=\"og:image:height\" content=\"1024\" \/>\n\t<meta property=\"og:image:type\" content=\"image\/jpeg\" \/>\n<meta name=\"twitter:card\" content=\"summary_large_image\" \/>\n<meta name=\"twitter:label1\" content=\"Est. reading time\" \/>\n\t<meta name=\"twitter:data1\" content=\"2 minutes\" \/>\n<script type=\"application\/ld+json\" class=\"yoast-schema-graph\">{\"@context\":\"https:\/\/schema.org\",\"@graph\":[{\"@type\":\"WebPage\",\"@id\":\"https:\/\/monti.lt\/product\/pulteliu-valdomas-kaciukas\/\",\"url\":\"https:\/\/monti.lt\/product\/pulteliu-valdomas-kaciukas\/\",\"name\":\"Pulteliu valdomas ka\u010diukas - Montessori \u017eaislai\",\"isPartOf\":{\"@id\":\"https:\/\/monti.lt\/#website\"},\"primaryImageOfPage\":{\"@id\":\"https:\/\/monti.lt\/product\/pulteliu-valdomas-kaciukas\/#primaryimage\"},\"image\":{\"@id\":\"https:\/\/monti.lt\/product\/pulteliu-valdomas-kaciukas\/#primaryimage\"},\"thumbnailUrl\":\"https:\/\/monti.lt\/wp-content\/uploads\/2024\/10\/RC-cat-robot-remote-control-jumps-sky-161085.jpg\",\"datePublished\":\"2024-10-21T13:21:32+00:00\",\"dateModified\":\"2026-04-30T05:15:29+00:00\",\"breadcrumb\":{\"@id\":\"https:\/\/monti.lt\/product\/pulteliu-valdomas-kaciukas\/#breadcrumb\"},\"inLanguage\":\"en-US\",\"potentialAction\":[{\"@type\":\"ReadAction\",\"target\":[\"https:\/\/monti.lt\/product\/pulteliu-valdomas-kaciukas\/\"]}]},{\"@type\":\"ImageObject\",\"inLanguage\":\"en-US\",\"@id\":\"https:\/\/monti.lt\/product\/pulteliu-valdomas-kaciukas\/#primaryimage\",\"url\":\"https:\/\/monti.lt\/wp-content\/uploads\/2024\/10\/RC-cat-robot-remote-control-jumps-sky-161085.jpg\",\"contentUrl\":\"https:\/\/monti.lt\/wp-content\/uploads\/2024\/10\/RC-cat-robot-remote-control-jumps-sky-161085.jpg\",\"width\":1024,\"height\":1024},{\"@type\":\"BreadcrumbList\",\"@id\":\"https:\/\/monti.lt\/product\/pulteliu-valdomas-kaciukas\/#breadcrumb\",\"itemListElement\":[{\"@type\":\"ListItem\",\"position\":1,\"name\":\"Home\",\"item\":\"https:\/\/monti.lt\/\"},{\"@type\":\"ListItem\",\"position\":2,\"name\":\"Parduotuv\u0117\",\"item\":\"https:\/\/monti.lt\/shop\/\"},{\"@type\":\"ListItem\",\"position\":3,\"name\":\"Pulteliu valdomas ka\u010diukas\"}]},{\"@type\":\"WebSite\",\"@id\":\"https:\/\/monti.lt\/#website\",\"url\":\"https:\/\/monti.lt\/\",\"name\":\"Montessori \u017eaislai\",\"description\":\"\",\"publisher\":{\"@id\":\"https:\/\/monti.lt\/#organization\"},\"potentialAction\":[{\"@type\":\"SearchAction\",\"target\":{\"@type\":\"EntryPoint\",\"urlTemplate\":\"https:\/\/monti.lt\/?s={search_term_string}\"},\"query-input\":\"required name=search_term_string\"}],\"inLanguage\":\"en-US\"},{\"@type\":\"Organization\",\"@id\":\"https:\/\/monti.lt\/#organization\",\"name\":\"Montessori \u017eaislai\",\"url\":\"https:\/\/monti.lt\/\",\"logo\":{\"@type\":\"ImageObject\",\"inLanguage\":\"en-US\",\"@id\":\"https:\/\/monti.lt\/#\/schema\/logo\/image\/\",\"url\":\"https:\/\/monti.lt\/wp-content\/uploads\/2022\/03\/montilogo-1.png\",\"contentUrl\":\"https:\/\/monti.lt\/wp-content\/uploads\/2022\/03\/montilogo-1.png\",\"width\":512,\"height\":512,\"caption\":\"Montessori \u017eaislai\"},\"image\":{\"@id\":\"https:\/\/monti.lt\/#\/schema\/logo\/image\/\"}}]}<\/script>\n<!-- \/ Yoast SEO plugin. -->","yoast_head_json":{"title":"Pulteliu valdomas ka\u010diukas - Montessori \u017eaislai","robots":{"index":"index","follow":"follow","max-snippet":"max-snippet:-1","max-image-preview":"max-image-preview:large","max-video-preview":"max-video-preview:-1"},"canonical":"https:\/\/monti.lt\/en\/product\/pulteliu-valdomas-kaciukas\/","og_locale":"en_US","og_type":"article","og_title":"Pulteliu valdomas ka\u010diukas - Montessori \u017eaislai","og_description":"INTERAKTYVUSIS KA\u010cIUKAS NUOTOLINIO VALDYMO RC ROBOTAS \u0160OKIN\u0116JA DAINUOJA M\u0116LYNAS Nuotoliniu b\u016bdu valdomos kat\u0117s funkcijos: Pasivaik\u0161\u010diojimai\u0160okiaiDainuojaS\u0117diStovi ant priekini\u0173 koj\u0173 Technin\u0117s specifikacijos: Plastikas: plastikasVartotojo am\u017eius: 3+Spalva: ro\u017ein\u0117\u017daidimo laikas: 60 min.Maitinimo \u0161altinis katinui: Maitinimo \u0161altinis: 4x AAA baterija (\u012f komplekt\u0105 ne\u012feina)Valdiklio maitinimo \u0161altinis: Valdiklio maitinimo \u0161altinis: 2x AAA baterija (ne\u012ftraukta \u012f komplekt\u0105)Valdiklio veikimo nuotolis: 5mGaminio matmenys: 18 cm [&hellip;]","og_url":"https:\/\/monti.lt\/en\/product\/pulteliu-valdomas-kaciukas\/","og_site_name":"Montessori \u017eaislai","article_modified_time":"2026-04-30T05:15:29+00:00","og_image":[{"width":1024,"height":1024,"url":"https:\/\/monti.lt\/wp-content\/uploads\/2024\/10\/RC-cat-robot-remote-control-jumps-sky-161085.jpg","type":"image\/jpeg"}],"twitter_card":"summary_large_image","twitter_misc":{"Est. reading time":"2 minutes"},"schema":{"@context":"https:\/\/schema.org","@graph":[{"@type":"WebPage","@id":"https:\/\/monti.lt\/product\/pulteliu-valdomas-kaciukas\/","url":"https:\/\/monti.lt\/product\/pulteliu-valdomas-kaciukas\/","name":"Pulteliu valdomas ka\u010diukas - Montessori \u017eaislai","isPartOf":{"@id":"https:\/\/monti.lt\/#website"},"primaryImageOfPage":{"@id":"https:\/\/monti.lt\/product\/pulteliu-valdomas-kaciukas\/#primaryimage"},"image":{"@id":"https:\/\/monti.lt\/product\/pulteliu-valdomas-kaciukas\/#primaryimage"},"thumbnailUrl":"https:\/\/monti.lt\/wp-content\/uploads\/2024\/10\/RC-cat-robot-remote-control-jumps-sky-161085.jpg","datePublished":"2024-10-21T13:21:32+00:00","dateModified":"2026-04-30T05:15:29+00:00","breadcrumb":{"@id":"https:\/\/monti.lt\/product\/pulteliu-valdomas-kaciukas\/#breadcrumb"},"inLanguage":"en-US","potentialAction":[{"@type":"ReadAction","target":["https:\/\/monti.lt\/product\/pulteliu-valdomas-kaciukas\/"]}]},{"@type":"ImageObject","inLanguage":"en-US","@id":"https:\/\/monti.lt\/product\/pulteliu-valdomas-kaciukas\/#primaryimage","url":"https:\/\/monti.lt\/wp-content\/uploads\/2024\/10\/RC-cat-robot-remote-control-jumps-sky-161085.jpg","contentUrl":"https:\/\/monti.lt\/wp-content\/uploads\/2024\/10\/RC-cat-robot-remote-control-jumps-sky-161085.jpg","width":1024,"height":1024},{"@type":"BreadcrumbList","@id":"https:\/\/monti.lt\/product\/pulteliu-valdomas-kaciukas\/#breadcrumb","itemListElement":[{"@type":"ListItem","position":1,"name":"Home","item":"https:\/\/monti.lt\/"},{"@type":"ListItem","position":2,"name":"Parduotuv\u0117","item":"https:\/\/monti.lt\/shop\/"},{"@type":"ListItem","position":3,"name":"Pulteliu valdomas ka\u010diukas"}]},{"@type":"WebSite","@id":"https:\/\/monti.lt\/#website","url":"https:\/\/monti.lt\/","name":"Montessori \u017eaislai","description":"","publisher":{"@id":"https:\/\/monti.lt\/#organization"},"potentialAction":[{"@type":"SearchAction","target":{"@type":"EntryPoint","urlTemplate":"https:\/\/monti.lt\/?s={search_term_string}"},"query-input":"required name=search_term_string"}],"inLanguage":"en-US"},{"@type":"Organization","@id":"https:\/\/monti.lt\/#organization","name":"Montessori \u017eaislai","url":"https:\/\/monti.lt\/","logo":{"@type":"ImageObject","inLanguage":"en-US","@id":"https:\/\/monti.lt\/#\/schema\/logo\/image\/","url":"https:\/\/monti.lt\/wp-content\/uploads\/2022\/03\/montilogo-1.png","contentUrl":"https:\/\/monti.lt\/wp-content\/uploads\/2022\/03\/montilogo-1.png","width":512,"height":512,"caption":"Montessori \u017eaislai"},"image":{"@id":"https:\/\/monti.lt\/#\/schema\/logo\/image\/"}}]}},"_links":{"self":[{"href":"https:\/\/monti.lt\/en\/wp-json\/wp\/v2\/product\/26307"}],"collection":[{"href":"https:\/\/monti.lt\/en\/wp-json\/wp\/v2\/product"}],"about":[{"href":"https:\/\/monti.lt\/en\/wp-json\/wp\/v2\/types\/product"}],"version-history":[{"count":1,"href":"https:\/\/monti.lt\/en\/wp-json\/wp\/v2\/product\/26307\/revisions"}],"predecessor-version":[{"id":26315,"href":"https:\/\/monti.lt\/en\/wp-json\/wp\/v2\/product\/26307\/revisions\/26315"}],"wp:featuredmedia":[{"embeddable":true,"href":"https:\/\/monti.lt\/en\/wp-json\/wp\/v2\/media\/26308"}],"wp:attachment":[{"href":"https:\/\/monti.lt\/en\/wp-json\/wp\/v2\/media?parent=26307"}],"wp:term":[{"taxonomy":"product_cat","embeddable":true,"href":"https:\/\/monti.lt\/en\/wp-json\/wp\/v2\/product_cat?post=26307"},{"taxonomy":"product_tag","embeddable":true,"href":"https:\/\/monti.lt\/en\/wp-json\/wp\/v2\/product_tag?post=26307"}],"curies":[{"name":"wp","href":"https:\/\/api.w.org\/{rel}","templated":true}]}}