{"id":26494,"date":"2024-10-29T17:12:20","date_gmt":"2024-10-29T17:12:20","guid":{"rendered":"https:\/\/monti.lt\/?post_type=product&#038;p=26494"},"modified":"2024-12-04T06:51:27","modified_gmt":"2024-12-04T06:51:27","slug":"kurybinis-zaidimas-mano-pirmieji-stampai","status":"publish","type":"product","link":"https:\/\/monti.lt\/en\/product\/kurybinis-zaidimas-mano-pirmieji-stampai\/","title":{"rendered":"K\u016brybinis \u017eaidimas \u201eMano pirmieji \u0161tampai\u201d"},"content":{"rendered":"","protected":false},"excerpt":{"rendered":"<p>\u0160is smagus \u0161tamp\u0173 \u017eaidimas kvie\u010dia ma\u017euosius Ateities Herojus d\u0117lioti skirtingas formas vaizduojan\u010dius \u0161tampukus nurodytose kiekvieno dizaino vietose. Viduje rasite 6 lapus su skirtingais gyv\u016bn\u0117liais ir juos supan\u010dia aplinka, 10 \u0161tampuk\u0173 su skirtingomis formomis ir spalvomis bei 1 knygel\u0117 su instrukcijomis ir pavyzd\u017eiais, kaip atlikti \u0161\u012f k\u016brybin\u012f darbel\u012f. \u201eMano pirmieji \u0161tampai\u201d yra ne tik smagus, bet ir auk\u0161ta didaktine verte pasi\u017eymintis produktas, tobulai tinkantis vystyti tikslum\u0105, stimuliuoti smulkiosios motorikos \u012fg\u016bd\u017eius, aki\u0173-rank\u0173 koordinacij\u0105 bei gerinantis erdvin\u012f suvokim\u0105.<\/p>","protected":false},"featured_media":26489,"template":"","meta":{"_acf_changed":false,"iawp_total_views":57},"product_cat":[250,194,87,89],"product_tag":[96,97],"class_list":{"0":"post-26494","1":"product","2":"type-product","3":"status-publish","4":"has-post-thumbnail","6":"product_cat-apli-kids","7":"product_cat-dovanos-vaikams-2-3-metu","8":"product_cat-kurybiniai-rinkiniai","9":"product_cat-mokausi-piesti","10":"product_tag-2-m-3-m","11":"product_tag-3-m-4-m","13":"first","14":"outofstock","15":"taxable","16":"shipping-taxable","17":"purchasable","18":"product-type-simple"},"acf":[],"yoast_head":"<!-- This site is optimized with the Yoast SEO plugin v23.3 - https:\/\/yoast.com\/wordpress\/plugins\/seo\/ -->\n<title>K\u016brybinis \u017eaidimas \u201eMano pirmieji \u0161tampai\u201d - Montessori \u017eaislai<\/title>\n<meta name=\"robots\" content=\"index, follow, max-snippet:-1, max-image-preview:large, max-video-preview:-1\" \/>\n<link rel=\"canonical\" href=\"https:\/\/monti.lt\/en\/product\/kurybinis-zaidimas-mano-pirmieji-stampai\/\" \/>\n<meta property=\"og:locale\" content=\"en_US\" \/>\n<meta property=\"og:type\" content=\"article\" \/>\n<meta property=\"og:title\" content=\"K\u016brybinis \u017eaidimas \u201eMano pirmieji \u0161tampai\u201d - Montessori \u017eaislai\" \/>\n<meta property=\"og:description\" content=\"\u0160is smagus \u0161tamp\u0173 \u017eaidimas kvie\u010dia ma\u017euosius Ateities Herojus d\u0117lioti skirtingas formas vaizduojan\u010dius \u0161tampukus nurodytose kiekvieno dizaino vietose. Viduje rasite 6 lapus su skirtingais gyv\u016bn\u0117liais ir juos supan\u010dia aplinka, 10 \u0161tampuk\u0173 su skirtingomis formomis ir spalvomis bei 1 knygel\u0117 su instrukcijomis ir pavyzd\u017eiais, kaip atlikti \u0161\u012f k\u016brybin\u012f darbel\u012f. \u201eMano pirmieji \u0161tampai\u201d yra ne tik smagus, bet ir auk\u0161ta didaktine verte pasi\u017eymintis produktas, tobulai tinkantis vystyti tikslum\u0105, stimuliuoti smulkiosios motorikos \u012fg\u016bd\u017eius, aki\u0173-rank\u0173 koordinacij\u0105 bei gerinantis erdvin\u012f suvokim\u0105.\" \/>\n<meta property=\"og:url\" content=\"https:\/\/monti.lt\/en\/product\/kurybinis-zaidimas-mano-pirmieji-stampai\/\" \/>\n<meta property=\"og:site_name\" content=\"Montessori \u017eaislai\" \/>\n<meta property=\"article:modified_time\" content=\"2024-12-04T06:51:27+00:00\" \/>\n<meta property=\"og:image\" content=\"https:\/\/monti.lt\/wp-content\/uploads\/2024\/10\/81-9x6wyebl._ac_sl1500_.jpg\" \/>\n\t<meta property=\"og:image:width\" content=\"1295\" \/>\n\t<meta property=\"og:image:height\" content=\"1500\" \/>\n\t<meta property=\"og:image:type\" content=\"image\/jpeg\" \/>\n<meta name=\"twitter:card\" content=\"summary_large_image\" \/>\n<meta name=\"twitter:label1\" content=\"Est. reading time\" \/>\n\t<meta name=\"twitter:data1\" content=\"1 minute\" \/>\n<script type=\"application\/ld+json\" class=\"yoast-schema-graph\">{\"@context\":\"https:\/\/schema.org\",\"@graph\":[{\"@type\":\"WebPage\",\"@id\":\"https:\/\/monti.lt\/product\/kurybinis-zaidimas-mano-pirmieji-stampai\/\",\"url\":\"https:\/\/monti.lt\/product\/kurybinis-zaidimas-mano-pirmieji-stampai\/\",\"name\":\"K\u016brybinis \u017eaidimas \u201eMano pirmieji \u0161tampai\u201d - Montessori \u017eaislai\",\"isPartOf\":{\"@id\":\"https:\/\/monti.lt\/#website\"},\"primaryImageOfPage\":{\"@id\":\"https:\/\/monti.lt\/product\/kurybinis-zaidimas-mano-pirmieji-stampai\/#primaryimage\"},\"image\":{\"@id\":\"https:\/\/monti.lt\/product\/kurybinis-zaidimas-mano-pirmieji-stampai\/#primaryimage\"},\"thumbnailUrl\":\"https:\/\/monti.lt\/wp-content\/uploads\/2024\/10\/81-9x6wyebl._ac_sl1500_.jpg\",\"datePublished\":\"2024-10-29T17:12:20+00:00\",\"dateModified\":\"2024-12-04T06:51:27+00:00\",\"breadcrumb\":{\"@id\":\"https:\/\/monti.lt\/product\/kurybinis-zaidimas-mano-pirmieji-stampai\/#breadcrumb\"},\"inLanguage\":\"en-US\",\"potentialAction\":[{\"@type\":\"ReadAction\",\"target\":[\"https:\/\/monti.lt\/product\/kurybinis-zaidimas-mano-pirmieji-stampai\/\"]}]},{\"@type\":\"ImageObject\",\"inLanguage\":\"en-US\",\"@id\":\"https:\/\/monti.lt\/product\/kurybinis-zaidimas-mano-pirmieji-stampai\/#primaryimage\",\"url\":\"https:\/\/monti.lt\/wp-content\/uploads\/2024\/10\/81-9x6wyebl._ac_sl1500_.jpg\",\"contentUrl\":\"https:\/\/monti.lt\/wp-content\/uploads\/2024\/10\/81-9x6wyebl._ac_sl1500_.jpg\",\"width\":1295,\"height\":1500,\"caption\":\"Pirmieji stampai\"},{\"@type\":\"BreadcrumbList\",\"@id\":\"https:\/\/monti.lt\/product\/kurybinis-zaidimas-mano-pirmieji-stampai\/#breadcrumb\",\"itemListElement\":[{\"@type\":\"ListItem\",\"position\":1,\"name\":\"Home\",\"item\":\"https:\/\/monti.lt\/\"},{\"@type\":\"ListItem\",\"position\":2,\"name\":\"Parduotuv\u0117\",\"item\":\"https:\/\/monti.lt\/shop\/\"},{\"@type\":\"ListItem\",\"position\":3,\"name\":\"K\u016brybinis \u017eaidimas \u201eMano pirmieji \u0161tampai\u201d\"}]},{\"@type\":\"WebSite\",\"@id\":\"https:\/\/monti.lt\/#website\",\"url\":\"https:\/\/monti.lt\/\",\"name\":\"Montessori \u017eaislai\",\"description\":\"\",\"publisher\":{\"@id\":\"https:\/\/monti.lt\/#organization\"},\"potentialAction\":[{\"@type\":\"SearchAction\",\"target\":{\"@type\":\"EntryPoint\",\"urlTemplate\":\"https:\/\/monti.lt\/?s={search_term_string}\"},\"query-input\":\"required name=search_term_string\"}],\"inLanguage\":\"en-US\"},{\"@type\":\"Organization\",\"@id\":\"https:\/\/monti.lt\/#organization\",\"name\":\"Montessori \u017eaislai\",\"url\":\"https:\/\/monti.lt\/\",\"logo\":{\"@type\":\"ImageObject\",\"inLanguage\":\"en-US\",\"@id\":\"https:\/\/monti.lt\/#\/schema\/logo\/image\/\",\"url\":\"https:\/\/monti.lt\/wp-content\/uploads\/2022\/03\/montilogo-1.png\",\"contentUrl\":\"https:\/\/monti.lt\/wp-content\/uploads\/2022\/03\/montilogo-1.png\",\"width\":512,\"height\":512,\"caption\":\"Montessori \u017eaislai\"},\"image\":{\"@id\":\"https:\/\/monti.lt\/#\/schema\/logo\/image\/\"}}]}<\/script>\n<!-- \/ Yoast SEO plugin. -->","yoast_head_json":{"title":"K\u016brybinis \u017eaidimas \u201eMano pirmieji \u0161tampai\u201d - Montessori \u017eaislai","robots":{"index":"index","follow":"follow","max-snippet":"max-snippet:-1","max-image-preview":"max-image-preview:large","max-video-preview":"max-video-preview:-1"},"canonical":"https:\/\/monti.lt\/en\/product\/kurybinis-zaidimas-mano-pirmieji-stampai\/","og_locale":"en_US","og_type":"article","og_title":"K\u016brybinis \u017eaidimas \u201eMano pirmieji \u0161tampai\u201d - Montessori \u017eaislai","og_description":"\u0160is smagus \u0161tamp\u0173 \u017eaidimas kvie\u010dia ma\u017euosius Ateities Herojus d\u0117lioti skirtingas formas vaizduojan\u010dius \u0161tampukus nurodytose kiekvieno dizaino vietose. Viduje rasite 6 lapus su skirtingais gyv\u016bn\u0117liais ir juos supan\u010dia aplinka, 10 \u0161tampuk\u0173 su skirtingomis formomis ir spalvomis bei 1 knygel\u0117 su instrukcijomis ir pavyzd\u017eiais, kaip atlikti \u0161\u012f k\u016brybin\u012f darbel\u012f. \u201eMano pirmieji \u0161tampai\u201d yra ne tik smagus, bet ir auk\u0161ta didaktine verte pasi\u017eymintis produktas, tobulai tinkantis vystyti tikslum\u0105, stimuliuoti smulkiosios motorikos \u012fg\u016bd\u017eius, aki\u0173-rank\u0173 koordinacij\u0105 bei gerinantis erdvin\u012f suvokim\u0105.","og_url":"https:\/\/monti.lt\/en\/product\/kurybinis-zaidimas-mano-pirmieji-stampai\/","og_site_name":"Montessori \u017eaislai","article_modified_time":"2024-12-04T06:51:27+00:00","og_image":[{"width":1295,"height":1500,"url":"https:\/\/monti.lt\/wp-content\/uploads\/2024\/10\/81-9x6wyebl._ac_sl1500_.jpg","type":"image\/jpeg"}],"twitter_card":"summary_large_image","twitter_misc":{"Est. reading time":"1 minute"},"schema":{"@context":"https:\/\/schema.org","@graph":[{"@type":"WebPage","@id":"https:\/\/monti.lt\/product\/kurybinis-zaidimas-mano-pirmieji-stampai\/","url":"https:\/\/monti.lt\/product\/kurybinis-zaidimas-mano-pirmieji-stampai\/","name":"K\u016brybinis \u017eaidimas \u201eMano pirmieji \u0161tampai\u201d - Montessori \u017eaislai","isPartOf":{"@id":"https:\/\/monti.lt\/#website"},"primaryImageOfPage":{"@id":"https:\/\/monti.lt\/product\/kurybinis-zaidimas-mano-pirmieji-stampai\/#primaryimage"},"image":{"@id":"https:\/\/monti.lt\/product\/kurybinis-zaidimas-mano-pirmieji-stampai\/#primaryimage"},"thumbnailUrl":"https:\/\/monti.lt\/wp-content\/uploads\/2024\/10\/81-9x6wyebl._ac_sl1500_.jpg","datePublished":"2024-10-29T17:12:20+00:00","dateModified":"2024-12-04T06:51:27+00:00","breadcrumb":{"@id":"https:\/\/monti.lt\/product\/kurybinis-zaidimas-mano-pirmieji-stampai\/#breadcrumb"},"inLanguage":"en-US","potentialAction":[{"@type":"ReadAction","target":["https:\/\/monti.lt\/product\/kurybinis-zaidimas-mano-pirmieji-stampai\/"]}]},{"@type":"ImageObject","inLanguage":"en-US","@id":"https:\/\/monti.lt\/product\/kurybinis-zaidimas-mano-pirmieji-stampai\/#primaryimage","url":"https:\/\/monti.lt\/wp-content\/uploads\/2024\/10\/81-9x6wyebl._ac_sl1500_.jpg","contentUrl":"https:\/\/monti.lt\/wp-content\/uploads\/2024\/10\/81-9x6wyebl._ac_sl1500_.jpg","width":1295,"height":1500,"caption":"Pirmieji stampai"},{"@type":"BreadcrumbList","@id":"https:\/\/monti.lt\/product\/kurybinis-zaidimas-mano-pirmieji-stampai\/#breadcrumb","itemListElement":[{"@type":"ListItem","position":1,"name":"Home","item":"https:\/\/monti.lt\/"},{"@type":"ListItem","position":2,"name":"Parduotuv\u0117","item":"https:\/\/monti.lt\/shop\/"},{"@type":"ListItem","position":3,"name":"K\u016brybinis \u017eaidimas \u201eMano pirmieji \u0161tampai\u201d"}]},{"@type":"WebSite","@id":"https:\/\/monti.lt\/#website","url":"https:\/\/monti.lt\/","name":"Montessori \u017eaislai","description":"","publisher":{"@id":"https:\/\/monti.lt\/#organization"},"potentialAction":[{"@type":"SearchAction","target":{"@type":"EntryPoint","urlTemplate":"https:\/\/monti.lt\/?s={search_term_string}"},"query-input":"required name=search_term_string"}],"inLanguage":"en-US"},{"@type":"Organization","@id":"https:\/\/monti.lt\/#organization","name":"Montessori \u017eaislai","url":"https:\/\/monti.lt\/","logo":{"@type":"ImageObject","inLanguage":"en-US","@id":"https:\/\/monti.lt\/#\/schema\/logo\/image\/","url":"https:\/\/monti.lt\/wp-content\/uploads\/2022\/03\/montilogo-1.png","contentUrl":"https:\/\/monti.lt\/wp-content\/uploads\/2022\/03\/montilogo-1.png","width":512,"height":512,"caption":"Montessori \u017eaislai"},"image":{"@id":"https:\/\/monti.lt\/#\/schema\/logo\/image\/"}}]}},"_links":{"self":[{"href":"https:\/\/monti.lt\/en\/wp-json\/wp\/v2\/product\/26494"}],"collection":[{"href":"https:\/\/monti.lt\/en\/wp-json\/wp\/v2\/product"}],"about":[{"href":"https:\/\/monti.lt\/en\/wp-json\/wp\/v2\/types\/product"}],"version-history":[{"count":2,"href":"https:\/\/monti.lt\/en\/wp-json\/wp\/v2\/product\/26494\/revisions"}],"predecessor-version":[{"id":26496,"href":"https:\/\/monti.lt\/en\/wp-json\/wp\/v2\/product\/26494\/revisions\/26496"}],"wp:featuredmedia":[{"embeddable":true,"href":"https:\/\/monti.lt\/en\/wp-json\/wp\/v2\/media\/26489"}],"wp:attachment":[{"href":"https:\/\/monti.lt\/en\/wp-json\/wp\/v2\/media?parent=26494"}],"wp:term":[{"taxonomy":"product_cat","embeddable":true,"href":"https:\/\/monti.lt\/en\/wp-json\/wp\/v2\/product_cat?post=26494"},{"taxonomy":"product_tag","embeddable":true,"href":"https:\/\/monti.lt\/en\/wp-json\/wp\/v2\/product_tag?post=26494"}],"curies":[{"name":"wp","href":"https:\/\/api.w.org\/{rel}","templated":true}]}}