{"id":26497,"date":"2024-10-29T17:16:49","date_gmt":"2024-10-29T17:16:49","guid":{"rendered":"https:\/\/monti.lt\/?post_type=product&#038;p=26497"},"modified":"2024-12-12T08:25:48","modified_gmt":"2024-12-12T08:25:48","slug":"kurybinis-rinkinys-mano-pirmasis-pomponu-menas","status":"publish","type":"product","link":"https:\/\/monti.lt\/en\/product\/kurybinis-rinkinys-mano-pirmasis-pomponu-menas\/","title":{"rendered":"K\u016brybinis rinkinys \u201eMano pirmasis pompon\u0173 menas\u201d"},"content":{"rendered":"","protected":false},"excerpt":{"rendered":"<p>Tai &#8211; gyv\u016bn\u0173 tematikos pompon\u0173 \u017eaidimas, kurio metu vaikai turi sukurti ir pritvirtinti pomponus nurodytose kiekvieno dizaino vietose. \u0160is \u017eaidimas yra ne tik itin smagus ir \u012fdomus, bet tuo pa\u010diu metu pasi\u017eymi auk\u0161ta didaktine verte &#8211; vysto precizi\u0161kum\u0105, skatina k\u016brybi\u0161kum\u0105 bei stimuliuoja smulkiosios motorikos \u012fg\u016bd\u017eius, aki\u0173-rank\u0173 koordinacij\u0105 ir erdvin\u012f suvokim\u0105.<\/p>","protected":false},"featured_media":26499,"template":"","meta":{"_acf_changed":false,"iawp_total_views":79},"product_cat":[250,194,195,191,87,86],"product_tag":[96,97],"class_list":{"0":"post-26497","1":"product","2":"type-product","3":"status-publish","4":"has-post-thumbnail","6":"product_cat-apli-kids","7":"product_cat-dovanos-vaikams-2-3-metu","8":"product_cat-dovanos-vaikams-3-4-metu","9":"product_cat-dovanos-vaikams","10":"product_cat-kurybiniai-rinkiniai","11":"product_cat-smulkioji-motorika","12":"product_tag-2-m-3-m","13":"product_tag-3-m-4-m","15":"first","16":"outofstock","17":"taxable","18":"shipping-taxable","19":"purchasable","20":"product-type-simple"},"acf":[],"yoast_head":"<!-- This site is optimized with the Yoast SEO plugin v23.3 - https:\/\/yoast.com\/wordpress\/plugins\/seo\/ -->\n<title>K\u016brybinis rinkinys \u201eMano pirmasis pompon\u0173 menas\u201d - Montessori \u017eaislai<\/title>\n<meta name=\"robots\" content=\"index, follow, max-snippet:-1, max-image-preview:large, max-video-preview:-1\" \/>\n<link rel=\"canonical\" href=\"https:\/\/monti.lt\/en\/product\/kurybinis-rinkinys-mano-pirmasis-pomponu-menas\/\" \/>\n<meta property=\"og:locale\" content=\"en_US\" \/>\n<meta property=\"og:type\" content=\"article\" \/>\n<meta property=\"og:title\" content=\"K\u016brybinis rinkinys \u201eMano pirmasis pompon\u0173 menas\u201d - Montessori \u017eaislai\" \/>\n<meta property=\"og:description\" content=\"Tai - gyv\u016bn\u0173 tematikos pompon\u0173 \u017eaidimas, kurio metu vaikai turi sukurti ir pritvirtinti pomponus nurodytose kiekvieno dizaino vietose. \u0160is \u017eaidimas yra ne tik itin smagus ir \u012fdomus, bet tuo pa\u010diu metu pasi\u017eymi auk\u0161ta didaktine verte - vysto precizi\u0161kum\u0105, skatina k\u016brybi\u0161kum\u0105 bei stimuliuoja smulkiosios motorikos \u012fg\u016bd\u017eius, aki\u0173-rank\u0173 koordinacij\u0105 ir erdvin\u012f suvokim\u0105.\" \/>\n<meta property=\"og:url\" content=\"https:\/\/monti.lt\/en\/product\/kurybinis-rinkinys-mano-pirmasis-pomponu-menas\/\" \/>\n<meta property=\"og:site_name\" content=\"Montessori \u017eaislai\" \/>\n<meta property=\"article:modified_time\" content=\"2024-12-12T08:25:48+00:00\" \/>\n<meta property=\"og:image\" content=\"https:\/\/monti.lt\/wp-content\/uploads\/2024\/10\/813vu_dgbzl._ac_sl1500_.jpg\" \/>\n\t<meta property=\"og:image:width\" content=\"1287\" \/>\n\t<meta property=\"og:image:height\" content=\"1500\" \/>\n\t<meta property=\"og:image:type\" content=\"image\/jpeg\" \/>\n<meta name=\"twitter:card\" content=\"summary_large_image\" \/>\n<meta name=\"twitter:label1\" content=\"Est. reading time\" \/>\n\t<meta name=\"twitter:data1\" content=\"1 minute\" \/>\n<script type=\"application\/ld+json\" class=\"yoast-schema-graph\">{\"@context\":\"https:\/\/schema.org\",\"@graph\":[{\"@type\":\"WebPage\",\"@id\":\"https:\/\/monti.lt\/product\/kurybinis-rinkinys-mano-pirmasis-pomponu-menas\/\",\"url\":\"https:\/\/monti.lt\/product\/kurybinis-rinkinys-mano-pirmasis-pomponu-menas\/\",\"name\":\"K\u016brybinis rinkinys \u201eMano pirmasis pompon\u0173 menas\u201d - Montessori \u017eaislai\",\"isPartOf\":{\"@id\":\"https:\/\/monti.lt\/#website\"},\"primaryImageOfPage\":{\"@id\":\"https:\/\/monti.lt\/product\/kurybinis-rinkinys-mano-pirmasis-pomponu-menas\/#primaryimage\"},\"image\":{\"@id\":\"https:\/\/monti.lt\/product\/kurybinis-rinkinys-mano-pirmasis-pomponu-menas\/#primaryimage\"},\"thumbnailUrl\":\"https:\/\/monti.lt\/wp-content\/uploads\/2024\/10\/813vu_dgbzl._ac_sl1500_.jpg\",\"datePublished\":\"2024-10-29T17:16:49+00:00\",\"dateModified\":\"2024-12-12T08:25:48+00:00\",\"breadcrumb\":{\"@id\":\"https:\/\/monti.lt\/product\/kurybinis-rinkinys-mano-pirmasis-pomponu-menas\/#breadcrumb\"},\"inLanguage\":\"en-US\",\"potentialAction\":[{\"@type\":\"ReadAction\",\"target\":[\"https:\/\/monti.lt\/product\/kurybinis-rinkinys-mano-pirmasis-pomponu-menas\/\"]}]},{\"@type\":\"ImageObject\",\"inLanguage\":\"en-US\",\"@id\":\"https:\/\/monti.lt\/product\/kurybinis-rinkinys-mano-pirmasis-pomponu-menas\/#primaryimage\",\"url\":\"https:\/\/monti.lt\/wp-content\/uploads\/2024\/10\/813vu_dgbzl._ac_sl1500_.jpg\",\"contentUrl\":\"https:\/\/monti.lt\/wp-content\/uploads\/2024\/10\/813vu_dgbzl._ac_sl1500_.jpg\",\"width\":1287,\"height\":1500,\"caption\":\"apli zaidimas\"},{\"@type\":\"BreadcrumbList\",\"@id\":\"https:\/\/monti.lt\/product\/kurybinis-rinkinys-mano-pirmasis-pomponu-menas\/#breadcrumb\",\"itemListElement\":[{\"@type\":\"ListItem\",\"position\":1,\"name\":\"Home\",\"item\":\"https:\/\/monti.lt\/\"},{\"@type\":\"ListItem\",\"position\":2,\"name\":\"Parduotuv\u0117\",\"item\":\"https:\/\/monti.lt\/shop\/\"},{\"@type\":\"ListItem\",\"position\":3,\"name\":\"K\u016brybinis rinkinys \u201eMano pirmasis pompon\u0173 menas\u201d\"}]},{\"@type\":\"WebSite\",\"@id\":\"https:\/\/monti.lt\/#website\",\"url\":\"https:\/\/monti.lt\/\",\"name\":\"Montessori \u017eaislai\",\"description\":\"\",\"publisher\":{\"@id\":\"https:\/\/monti.lt\/#organization\"},\"potentialAction\":[{\"@type\":\"SearchAction\",\"target\":{\"@type\":\"EntryPoint\",\"urlTemplate\":\"https:\/\/monti.lt\/?s={search_term_string}\"},\"query-input\":\"required name=search_term_string\"}],\"inLanguage\":\"en-US\"},{\"@type\":\"Organization\",\"@id\":\"https:\/\/monti.lt\/#organization\",\"name\":\"Montessori \u017eaislai\",\"url\":\"https:\/\/monti.lt\/\",\"logo\":{\"@type\":\"ImageObject\",\"inLanguage\":\"en-US\",\"@id\":\"https:\/\/monti.lt\/#\/schema\/logo\/image\/\",\"url\":\"https:\/\/monti.lt\/wp-content\/uploads\/2022\/03\/montilogo-1.png\",\"contentUrl\":\"https:\/\/monti.lt\/wp-content\/uploads\/2022\/03\/montilogo-1.png\",\"width\":512,\"height\":512,\"caption\":\"Montessori \u017eaislai\"},\"image\":{\"@id\":\"https:\/\/monti.lt\/#\/schema\/logo\/image\/\"}}]}<\/script>\n<!-- \/ Yoast SEO plugin. -->","yoast_head_json":{"title":"K\u016brybinis rinkinys \u201eMano pirmasis pompon\u0173 menas\u201d - Montessori \u017eaislai","robots":{"index":"index","follow":"follow","max-snippet":"max-snippet:-1","max-image-preview":"max-image-preview:large","max-video-preview":"max-video-preview:-1"},"canonical":"https:\/\/monti.lt\/en\/product\/kurybinis-rinkinys-mano-pirmasis-pomponu-menas\/","og_locale":"en_US","og_type":"article","og_title":"K\u016brybinis rinkinys \u201eMano pirmasis pompon\u0173 menas\u201d - Montessori \u017eaislai","og_description":"Tai - gyv\u016bn\u0173 tematikos pompon\u0173 \u017eaidimas, kurio metu vaikai turi sukurti ir pritvirtinti pomponus nurodytose kiekvieno dizaino vietose. \u0160is \u017eaidimas yra ne tik itin smagus ir \u012fdomus, bet tuo pa\u010diu metu pasi\u017eymi auk\u0161ta didaktine verte - vysto precizi\u0161kum\u0105, skatina k\u016brybi\u0161kum\u0105 bei stimuliuoja smulkiosios motorikos \u012fg\u016bd\u017eius, aki\u0173-rank\u0173 koordinacij\u0105 ir erdvin\u012f suvokim\u0105.","og_url":"https:\/\/monti.lt\/en\/product\/kurybinis-rinkinys-mano-pirmasis-pomponu-menas\/","og_site_name":"Montessori \u017eaislai","article_modified_time":"2024-12-12T08:25:48+00:00","og_image":[{"width":1287,"height":1500,"url":"https:\/\/monti.lt\/wp-content\/uploads\/2024\/10\/813vu_dgbzl._ac_sl1500_.jpg","type":"image\/jpeg"}],"twitter_card":"summary_large_image","twitter_misc":{"Est. reading time":"1 minute"},"schema":{"@context":"https:\/\/schema.org","@graph":[{"@type":"WebPage","@id":"https:\/\/monti.lt\/product\/kurybinis-rinkinys-mano-pirmasis-pomponu-menas\/","url":"https:\/\/monti.lt\/product\/kurybinis-rinkinys-mano-pirmasis-pomponu-menas\/","name":"K\u016brybinis rinkinys \u201eMano pirmasis pompon\u0173 menas\u201d - Montessori \u017eaislai","isPartOf":{"@id":"https:\/\/monti.lt\/#website"},"primaryImageOfPage":{"@id":"https:\/\/monti.lt\/product\/kurybinis-rinkinys-mano-pirmasis-pomponu-menas\/#primaryimage"},"image":{"@id":"https:\/\/monti.lt\/product\/kurybinis-rinkinys-mano-pirmasis-pomponu-menas\/#primaryimage"},"thumbnailUrl":"https:\/\/monti.lt\/wp-content\/uploads\/2024\/10\/813vu_dgbzl._ac_sl1500_.jpg","datePublished":"2024-10-29T17:16:49+00:00","dateModified":"2024-12-12T08:25:48+00:00","breadcrumb":{"@id":"https:\/\/monti.lt\/product\/kurybinis-rinkinys-mano-pirmasis-pomponu-menas\/#breadcrumb"},"inLanguage":"en-US","potentialAction":[{"@type":"ReadAction","target":["https:\/\/monti.lt\/product\/kurybinis-rinkinys-mano-pirmasis-pomponu-menas\/"]}]},{"@type":"ImageObject","inLanguage":"en-US","@id":"https:\/\/monti.lt\/product\/kurybinis-rinkinys-mano-pirmasis-pomponu-menas\/#primaryimage","url":"https:\/\/monti.lt\/wp-content\/uploads\/2024\/10\/813vu_dgbzl._ac_sl1500_.jpg","contentUrl":"https:\/\/monti.lt\/wp-content\/uploads\/2024\/10\/813vu_dgbzl._ac_sl1500_.jpg","width":1287,"height":1500,"caption":"apli zaidimas"},{"@type":"BreadcrumbList","@id":"https:\/\/monti.lt\/product\/kurybinis-rinkinys-mano-pirmasis-pomponu-menas\/#breadcrumb","itemListElement":[{"@type":"ListItem","position":1,"name":"Home","item":"https:\/\/monti.lt\/"},{"@type":"ListItem","position":2,"name":"Parduotuv\u0117","item":"https:\/\/monti.lt\/shop\/"},{"@type":"ListItem","position":3,"name":"K\u016brybinis rinkinys \u201eMano pirmasis pompon\u0173 menas\u201d"}]},{"@type":"WebSite","@id":"https:\/\/monti.lt\/#website","url":"https:\/\/monti.lt\/","name":"Montessori \u017eaislai","description":"","publisher":{"@id":"https:\/\/monti.lt\/#organization"},"potentialAction":[{"@type":"SearchAction","target":{"@type":"EntryPoint","urlTemplate":"https:\/\/monti.lt\/?s={search_term_string}"},"query-input":"required name=search_term_string"}],"inLanguage":"en-US"},{"@type":"Organization","@id":"https:\/\/monti.lt\/#organization","name":"Montessori \u017eaislai","url":"https:\/\/monti.lt\/","logo":{"@type":"ImageObject","inLanguage":"en-US","@id":"https:\/\/monti.lt\/#\/schema\/logo\/image\/","url":"https:\/\/monti.lt\/wp-content\/uploads\/2022\/03\/montilogo-1.png","contentUrl":"https:\/\/monti.lt\/wp-content\/uploads\/2022\/03\/montilogo-1.png","width":512,"height":512,"caption":"Montessori \u017eaislai"},"image":{"@id":"https:\/\/monti.lt\/#\/schema\/logo\/image\/"}}]}},"_links":{"self":[{"href":"https:\/\/monti.lt\/en\/wp-json\/wp\/v2\/product\/26497"}],"collection":[{"href":"https:\/\/monti.lt\/en\/wp-json\/wp\/v2\/product"}],"about":[{"href":"https:\/\/monti.lt\/en\/wp-json\/wp\/v2\/types\/product"}],"version-history":[{"count":2,"href":"https:\/\/monti.lt\/en\/wp-json\/wp\/v2\/product\/26497\/revisions"}],"predecessor-version":[{"id":26501,"href":"https:\/\/monti.lt\/en\/wp-json\/wp\/v2\/product\/26497\/revisions\/26501"}],"wp:featuredmedia":[{"embeddable":true,"href":"https:\/\/monti.lt\/en\/wp-json\/wp\/v2\/media\/26499"}],"wp:attachment":[{"href":"https:\/\/monti.lt\/en\/wp-json\/wp\/v2\/media?parent=26497"}],"wp:term":[{"taxonomy":"product_cat","embeddable":true,"href":"https:\/\/monti.lt\/en\/wp-json\/wp\/v2\/product_cat?post=26497"},{"taxonomy":"product_tag","embeddable":true,"href":"https:\/\/monti.lt\/en\/wp-json\/wp\/v2\/product_tag?post=26497"}],"curies":[{"name":"wp","href":"https:\/\/api.w.org\/{rel}","templated":true}]}}