{"id":26502,"date":"2024-10-29T17:28:52","date_gmt":"2024-10-29T17:28:52","guid":{"rendered":"https:\/\/monti.lt\/?post_type=product&#038;p=26502"},"modified":"2024-12-12T14:19:42","modified_gmt":"2024-12-12T14:19:42","slug":"magnetinis-zaidimas-zmogaus-kunas","status":"publish","type":"product","link":"https:\/\/monti.lt\/en\/product\/magnetinis-zaidimas-zmogaus-kunas\/","title":{"rendered":"Magnetinis \u017eaidimas \u201e\u017dmogaus k\u016bnas\u201d"},"content":{"rendered":"","protected":false},"excerpt":{"rendered":"<p>\u0160is \u017emogaus k\u016bno modelio magnetinis \u017eaidimas padeda vaikams susipa\u017einti su skirtingomis \u017emogaus k\u016bno dalimis. Kiekvien\u0105 \u017eaidim\u0105 sudaro 1 magnetin\u0117 scena (28 x 18 cm), u\u017esidedanti ant d\u0117\u017e\u0117s pagrindo bei 63 magnetukai su skirtingomis \u017emogaus k\u016bno dalimis, skeletu, organais ir raumenimis. I\u0161skirtiniu Apli Kids dizainu su originaliomis ir spalvingomis iliustracijomis pasi\u017eymintis \u017eaidimas yra ne tik smagus u\u017esi\u0117mimas, bet ir puiki, auk\u0161t\u0105 didaktin\u0119 vert\u0119 turinti priemon\u0117, skatinanti vaik\u0173 pastabum\u0105 ir vaizduot\u0119, pagerinanti koncentracij\u0105 ir d\u0117mesingum\u0105 bei generuojanti susidom\u0117jim\u0105 objektais bei \u012fpro\u010diais.<\/p>","protected":false},"featured_media":26504,"template":"","meta":{"_acf_changed":false,"iawp_total_views":201},"product_cat":[250,208,199,93],"product_tag":[97,98,99],"class_list":{"0":"post-26502","1":"product","2":"type-product","3":"status-publish","4":"has-post-thumbnail","6":"product_cat-apli-kids","7":"product_cat-deliones-2","8":"product_cat-ugdymo-istaigoms","9":"product_cat-vaidmenu-zaidimai","10":"product_tag-3-m-4-m","11":"product_tag-5-m-7-m","12":"product_tag-8-m-11-m","14":"first","15":"outofstock","16":"taxable","17":"shipping-taxable","18":"purchasable","19":"product-type-simple"},"acf":[],"yoast_head":"<!-- This site is optimized with the Yoast SEO plugin v23.3 - https:\/\/yoast.com\/wordpress\/plugins\/seo\/ -->\n<title>Magnetinis \u017eaidimas \u201e\u017dmogaus k\u016bnas\u201d - Montessori \u017eaislai<\/title>\n<meta name=\"robots\" content=\"index, follow, max-snippet:-1, max-image-preview:large, max-video-preview:-1\" \/>\n<link rel=\"canonical\" href=\"https:\/\/monti.lt\/en\/product\/magnetinis-zaidimas-zmogaus-kunas\/\" \/>\n<meta property=\"og:locale\" content=\"en_US\" \/>\n<meta property=\"og:type\" content=\"article\" \/>\n<meta property=\"og:title\" content=\"Magnetinis \u017eaidimas \u201e\u017dmogaus k\u016bnas\u201d - Montessori \u017eaislai\" \/>\n<meta property=\"og:description\" content=\"\u0160is \u017emogaus k\u016bno modelio magnetinis \u017eaidimas padeda vaikams susipa\u017einti su skirtingomis \u017emogaus k\u016bno dalimis. Kiekvien\u0105 \u017eaidim\u0105 sudaro 1 magnetin\u0117 scena (28 x 18 cm), u\u017esidedanti ant d\u0117\u017e\u0117s pagrindo bei 63 magnetukai su skirtingomis \u017emogaus k\u016bno dalimis, skeletu, organais ir raumenimis. I\u0161skirtiniu Apli Kids dizainu su originaliomis ir spalvingomis iliustracijomis pasi\u017eymintis \u017eaidimas yra ne tik smagus u\u017esi\u0117mimas, bet ir puiki, auk\u0161t\u0105 didaktin\u0119 vert\u0119 turinti priemon\u0117, skatinanti vaik\u0173 pastabum\u0105 ir vaizduot\u0119, pagerinanti koncentracij\u0105 ir d\u0117mesingum\u0105 bei generuojanti susidom\u0117jim\u0105 objektais bei \u012fpro\u010diais.\" \/>\n<meta property=\"og:url\" content=\"https:\/\/monti.lt\/en\/product\/magnetinis-zaidimas-zmogaus-kunas\/\" \/>\n<meta property=\"og:site_name\" content=\"Montessori \u017eaislai\" \/>\n<meta property=\"article:modified_time\" content=\"2024-12-12T14:19:42+00:00\" \/>\n<meta property=\"og:image\" content=\"https:\/\/monti.lt\/wp-content\/uploads\/2024\/10\/810f5m4a3gl._ac_sl1500_.jpg\" \/>\n\t<meta property=\"og:image:width\" content=\"1003\" \/>\n\t<meta property=\"og:image:height\" content=\"1500\" \/>\n\t<meta property=\"og:image:type\" content=\"image\/jpeg\" \/>\n<meta name=\"twitter:card\" content=\"summary_large_image\" \/>\n<meta name=\"twitter:label1\" content=\"Est. reading time\" \/>\n\t<meta name=\"twitter:data1\" content=\"1 minute\" \/>\n<script type=\"application\/ld+json\" class=\"yoast-schema-graph\">{\"@context\":\"https:\/\/schema.org\",\"@graph\":[{\"@type\":\"WebPage\",\"@id\":\"https:\/\/monti.lt\/product\/magnetinis-zaidimas-zmogaus-kunas\/\",\"url\":\"https:\/\/monti.lt\/product\/magnetinis-zaidimas-zmogaus-kunas\/\",\"name\":\"Magnetinis \u017eaidimas \u201e\u017dmogaus k\u016bnas\u201d - Montessori \u017eaislai\",\"isPartOf\":{\"@id\":\"https:\/\/monti.lt\/#website\"},\"primaryImageOfPage\":{\"@id\":\"https:\/\/monti.lt\/product\/magnetinis-zaidimas-zmogaus-kunas\/#primaryimage\"},\"image\":{\"@id\":\"https:\/\/monti.lt\/product\/magnetinis-zaidimas-zmogaus-kunas\/#primaryimage\"},\"thumbnailUrl\":\"https:\/\/monti.lt\/wp-content\/uploads\/2024\/10\/810f5m4a3gl._ac_sl1500_.jpg\",\"datePublished\":\"2024-10-29T17:28:52+00:00\",\"dateModified\":\"2024-12-12T14:19:42+00:00\",\"breadcrumb\":{\"@id\":\"https:\/\/monti.lt\/product\/magnetinis-zaidimas-zmogaus-kunas\/#breadcrumb\"},\"inLanguage\":\"en-US\",\"potentialAction\":[{\"@type\":\"ReadAction\",\"target\":[\"https:\/\/monti.lt\/product\/magnetinis-zaidimas-zmogaus-kunas\/\"]}]},{\"@type\":\"ImageObject\",\"inLanguage\":\"en-US\",\"@id\":\"https:\/\/monti.lt\/product\/magnetinis-zaidimas-zmogaus-kunas\/#primaryimage\",\"url\":\"https:\/\/monti.lt\/wp-content\/uploads\/2024\/10\/810f5m4a3gl._ac_sl1500_.jpg\",\"contentUrl\":\"https:\/\/monti.lt\/wp-content\/uploads\/2024\/10\/810f5m4a3gl._ac_sl1500_.jpg\",\"width\":1003,\"height\":1500,\"caption\":\"zmogaus kunas\"},{\"@type\":\"BreadcrumbList\",\"@id\":\"https:\/\/monti.lt\/product\/magnetinis-zaidimas-zmogaus-kunas\/#breadcrumb\",\"itemListElement\":[{\"@type\":\"ListItem\",\"position\":1,\"name\":\"Home\",\"item\":\"https:\/\/monti.lt\/\"},{\"@type\":\"ListItem\",\"position\":2,\"name\":\"Parduotuv\u0117\",\"item\":\"https:\/\/monti.lt\/shop\/\"},{\"@type\":\"ListItem\",\"position\":3,\"name\":\"Magnetinis \u017eaidimas \u201e\u017dmogaus k\u016bnas\u201d\"}]},{\"@type\":\"WebSite\",\"@id\":\"https:\/\/monti.lt\/#website\",\"url\":\"https:\/\/monti.lt\/\",\"name\":\"Montessori \u017eaislai\",\"description\":\"\",\"publisher\":{\"@id\":\"https:\/\/monti.lt\/#organization\"},\"potentialAction\":[{\"@type\":\"SearchAction\",\"target\":{\"@type\":\"EntryPoint\",\"urlTemplate\":\"https:\/\/monti.lt\/?s={search_term_string}\"},\"query-input\":\"required name=search_term_string\"}],\"inLanguage\":\"en-US\"},{\"@type\":\"Organization\",\"@id\":\"https:\/\/monti.lt\/#organization\",\"name\":\"Montessori \u017eaislai\",\"url\":\"https:\/\/monti.lt\/\",\"logo\":{\"@type\":\"ImageObject\",\"inLanguage\":\"en-US\",\"@id\":\"https:\/\/monti.lt\/#\/schema\/logo\/image\/\",\"url\":\"https:\/\/monti.lt\/wp-content\/uploads\/2022\/03\/montilogo-1.png\",\"contentUrl\":\"https:\/\/monti.lt\/wp-content\/uploads\/2022\/03\/montilogo-1.png\",\"width\":512,\"height\":512,\"caption\":\"Montessori \u017eaislai\"},\"image\":{\"@id\":\"https:\/\/monti.lt\/#\/schema\/logo\/image\/\"}}]}<\/script>\n<!-- \/ Yoast SEO plugin. -->","yoast_head_json":{"title":"Magnetinis \u017eaidimas \u201e\u017dmogaus k\u016bnas\u201d - Montessori \u017eaislai","robots":{"index":"index","follow":"follow","max-snippet":"max-snippet:-1","max-image-preview":"max-image-preview:large","max-video-preview":"max-video-preview:-1"},"canonical":"https:\/\/monti.lt\/en\/product\/magnetinis-zaidimas-zmogaus-kunas\/","og_locale":"en_US","og_type":"article","og_title":"Magnetinis \u017eaidimas \u201e\u017dmogaus k\u016bnas\u201d - Montessori \u017eaislai","og_description":"\u0160is \u017emogaus k\u016bno modelio magnetinis \u017eaidimas padeda vaikams susipa\u017einti su skirtingomis \u017emogaus k\u016bno dalimis. Kiekvien\u0105 \u017eaidim\u0105 sudaro 1 magnetin\u0117 scena (28 x 18 cm), u\u017esidedanti ant d\u0117\u017e\u0117s pagrindo bei 63 magnetukai su skirtingomis \u017emogaus k\u016bno dalimis, skeletu, organais ir raumenimis. I\u0161skirtiniu Apli Kids dizainu su originaliomis ir spalvingomis iliustracijomis pasi\u017eymintis \u017eaidimas yra ne tik smagus u\u017esi\u0117mimas, bet ir puiki, auk\u0161t\u0105 didaktin\u0119 vert\u0119 turinti priemon\u0117, skatinanti vaik\u0173 pastabum\u0105 ir vaizduot\u0119, pagerinanti koncentracij\u0105 ir d\u0117mesingum\u0105 bei generuojanti susidom\u0117jim\u0105 objektais bei \u012fpro\u010diais.","og_url":"https:\/\/monti.lt\/en\/product\/magnetinis-zaidimas-zmogaus-kunas\/","og_site_name":"Montessori \u017eaislai","article_modified_time":"2024-12-12T14:19:42+00:00","og_image":[{"width":1003,"height":1500,"url":"https:\/\/monti.lt\/wp-content\/uploads\/2024\/10\/810f5m4a3gl._ac_sl1500_.jpg","type":"image\/jpeg"}],"twitter_card":"summary_large_image","twitter_misc":{"Est. reading time":"1 minute"},"schema":{"@context":"https:\/\/schema.org","@graph":[{"@type":"WebPage","@id":"https:\/\/monti.lt\/product\/magnetinis-zaidimas-zmogaus-kunas\/","url":"https:\/\/monti.lt\/product\/magnetinis-zaidimas-zmogaus-kunas\/","name":"Magnetinis \u017eaidimas \u201e\u017dmogaus k\u016bnas\u201d - Montessori \u017eaislai","isPartOf":{"@id":"https:\/\/monti.lt\/#website"},"primaryImageOfPage":{"@id":"https:\/\/monti.lt\/product\/magnetinis-zaidimas-zmogaus-kunas\/#primaryimage"},"image":{"@id":"https:\/\/monti.lt\/product\/magnetinis-zaidimas-zmogaus-kunas\/#primaryimage"},"thumbnailUrl":"https:\/\/monti.lt\/wp-content\/uploads\/2024\/10\/810f5m4a3gl._ac_sl1500_.jpg","datePublished":"2024-10-29T17:28:52+00:00","dateModified":"2024-12-12T14:19:42+00:00","breadcrumb":{"@id":"https:\/\/monti.lt\/product\/magnetinis-zaidimas-zmogaus-kunas\/#breadcrumb"},"inLanguage":"en-US","potentialAction":[{"@type":"ReadAction","target":["https:\/\/monti.lt\/product\/magnetinis-zaidimas-zmogaus-kunas\/"]}]},{"@type":"ImageObject","inLanguage":"en-US","@id":"https:\/\/monti.lt\/product\/magnetinis-zaidimas-zmogaus-kunas\/#primaryimage","url":"https:\/\/monti.lt\/wp-content\/uploads\/2024\/10\/810f5m4a3gl._ac_sl1500_.jpg","contentUrl":"https:\/\/monti.lt\/wp-content\/uploads\/2024\/10\/810f5m4a3gl._ac_sl1500_.jpg","width":1003,"height":1500,"caption":"zmogaus kunas"},{"@type":"BreadcrumbList","@id":"https:\/\/monti.lt\/product\/magnetinis-zaidimas-zmogaus-kunas\/#breadcrumb","itemListElement":[{"@type":"ListItem","position":1,"name":"Home","item":"https:\/\/monti.lt\/"},{"@type":"ListItem","position":2,"name":"Parduotuv\u0117","item":"https:\/\/monti.lt\/shop\/"},{"@type":"ListItem","position":3,"name":"Magnetinis \u017eaidimas \u201e\u017dmogaus k\u016bnas\u201d"}]},{"@type":"WebSite","@id":"https:\/\/monti.lt\/#website","url":"https:\/\/monti.lt\/","name":"Montessori \u017eaislai","description":"","publisher":{"@id":"https:\/\/monti.lt\/#organization"},"potentialAction":[{"@type":"SearchAction","target":{"@type":"EntryPoint","urlTemplate":"https:\/\/monti.lt\/?s={search_term_string}"},"query-input":"required name=search_term_string"}],"inLanguage":"en-US"},{"@type":"Organization","@id":"https:\/\/monti.lt\/#organization","name":"Montessori \u017eaislai","url":"https:\/\/monti.lt\/","logo":{"@type":"ImageObject","inLanguage":"en-US","@id":"https:\/\/monti.lt\/#\/schema\/logo\/image\/","url":"https:\/\/monti.lt\/wp-content\/uploads\/2022\/03\/montilogo-1.png","contentUrl":"https:\/\/monti.lt\/wp-content\/uploads\/2022\/03\/montilogo-1.png","width":512,"height":512,"caption":"Montessori \u017eaislai"},"image":{"@id":"https:\/\/monti.lt\/#\/schema\/logo\/image\/"}}]}},"_links":{"self":[{"href":"https:\/\/monti.lt\/en\/wp-json\/wp\/v2\/product\/26502"}],"collection":[{"href":"https:\/\/monti.lt\/en\/wp-json\/wp\/v2\/product"}],"about":[{"href":"https:\/\/monti.lt\/en\/wp-json\/wp\/v2\/types\/product"}],"version-history":[{"count":2,"href":"https:\/\/monti.lt\/en\/wp-json\/wp\/v2\/product\/26502\/revisions"}],"predecessor-version":[{"id":26506,"href":"https:\/\/monti.lt\/en\/wp-json\/wp\/v2\/product\/26502\/revisions\/26506"}],"wp:featuredmedia":[{"embeddable":true,"href":"https:\/\/monti.lt\/en\/wp-json\/wp\/v2\/media\/26504"}],"wp:attachment":[{"href":"https:\/\/monti.lt\/en\/wp-json\/wp\/v2\/media?parent=26502"}],"wp:term":[{"taxonomy":"product_cat","embeddable":true,"href":"https:\/\/monti.lt\/en\/wp-json\/wp\/v2\/product_cat?post=26502"},{"taxonomy":"product_tag","embeddable":true,"href":"https:\/\/monti.lt\/en\/wp-json\/wp\/v2\/product_tag?post=26502"}],"curies":[{"name":"wp","href":"https:\/\/api.w.org\/{rel}","templated":true}]}}