{"id":26650,"date":"2024-11-04T09:02:57","date_gmt":"2024-11-04T09:02:57","guid":{"rendered":"https:\/\/monti.lt\/?post_type=product&#038;p=26650"},"modified":"2026-04-26T13:19:48","modified_gmt":"2026-04-26T13:19:48","slug":"pop-it-zaidimas-kosmonautas","status":"publish","type":"product","link":"https:\/\/monti.lt\/en\/product\/pop-it-zaidimas-kosmonautas\/","title":{"rendered":"POP IT \u017eaidimas kosmonautas"},"content":{"rendered":"<p>\u017daidimas&nbsp;<strong>POP IT&nbsp;<\/strong><strong>Astronaut<\/strong>&nbsp;yra antistresinis \u017eaislas, puikiai tinkantis net ir ma\u017eiausiems vaikams. \u017daidimas skleid\u017eia linksmus garsus, skatinan\u010dius vaikus \u017eaisti ir pa\u012fvairinti \u017eaidimo eig\u0105. \u017daislas ma\u017eas, tod\u0117l galime pasiimti su savimi. Pop Tai&nbsp;<strong>smagu vaikams ir suaugusiems,<\/strong>&nbsp;kuriems tai patinka. Lavina prot\u0105, rank\u0173 \u012fg\u016bd\u017eius, aki\u0173-rank\u0173 koordinacij\u0105, lavina suvokim\u0105 ir padeda kovoti su stresu.<\/p>\n\n\n\n<p><strong>Charakteristika:<\/strong><\/p>\n\n\n\n<ul class=\"wp-block-list\">\n<li>\u017daislas nuo 3 met\u0173.<\/li>\n\n\n\n<li>\u017daislas skleid\u017eia linksmus garsus, skatinan\u010dius vaikus \u017eaisti.<\/li>\n\n\n\n<li>Padeda kovoti su stresu<\/li>\n\n\n\n<li><strong>POP IT<\/strong>\u00a0\u00a0 padeda lavinti prot\u0105, rank\u0173 \u012fg\u016bd\u017eius ir aki\u0173-rank\u0173 koordinacij\u0105.<\/li>\n<\/ul>\n\n\n\n<p><strong>Interaktyvus \u017eaislas turi 4 skirtingus \u017eaidimo re\u017eimus:<\/strong><\/p>\n\n\n\n<p>1.Atmintis , kurioje turime prisiminti atsitiktinai \u0161vytin\u010di\u0173 burbul\u0173&nbsp;<strong>sek\u0105<\/strong>&nbsp;ir tada j\u0105 atkurti.<\/p>\n\n\n\n<p>2.&nbsp;<strong>Ta\u0161k\u0173 skai\u010diavimas<\/strong>&nbsp;\u2013 tai toks re\u017eimas, kai surenkate kuo daugiau ta\u0161k\u0173 spausdami \u0161vie\u010dian\u010dius burbulus.<\/p>\n\n\n\n<p>3&nbsp;<strong>. Keli\u0173 \u017eaid\u0117j\u0173 \u017eaidimas<\/strong>&nbsp;, leid\u017eiantis konkuruoti su kitais.<\/p>\n\n\n\n<p>4.&nbsp;<strong>Breakout re\u017eimas,&nbsp;&nbsp;<\/strong>kuris turi 30 lygi\u0173 ir apima greit\u0105 \u0161vytin\u010di\u0173 burbul\u0173 paspaudim\u0105.<\/p>\n\n\n\n<p><strong>\u017daidimas vystosi:<\/strong><\/p>\n\n\n\n<ul class=\"wp-block-list\">\n<li>protas,<\/li>\n\n\n\n<li>rankiniai \u012fg\u016bd\u017eiai,<\/li>\n\n\n\n<li>aki\u0173-rank\u0173 koordinacija<\/li>\n\n\n\n<li>steb\u0117jimas<\/li>\n<\/ul>","protected":false},"excerpt":{"rendered":"<p>\u017daidimas&nbsp;POP IT&nbsp;Astronaut&nbsp;yra antistresinis \u017eaislas, puikiai tinkantis net ir ma\u017eiausiems vaikams. \u017daidimas skleid\u017eia linksmus garsus, skatinan\u010dius vaikus \u017eaisti ir pa\u012fvairinti \u017eaidimo eig\u0105. \u017daislas ma\u017eas, tod\u0117l galime pasiimti su savimi. Pop Tai&nbsp;smagu vaikams ir suaugusiems,&nbsp;kuriems tai patinka. Lavina prot\u0105, rank\u0173 \u012fg\u016bd\u017eius, aki\u0173-rank\u0173 koordinacij\u0105, lavina suvokim\u0105 ir padeda kovoti su stresu. Charakteristika: Interaktyvus \u017eaislas turi 4 skirtingus \u017eaidimo [&hellip;]<\/p>","protected":false},"featured_media":26651,"template":"","meta":{"_acf_changed":false,"iawp_total_views":368},"product_cat":[213,218,216,217,191,82,192,84,49,39,201],"product_tag":[97,98,99],"class_list":{"0":"post-26650","1":"product","2":"type-product","3":"status-publish","4":"has-post-thumbnail","6":"product_cat-akcija","7":"product_cat-darzeliu-grupems","8":"product_cat-dovanos-4-5-metu-vaikams","9":"product_cat-dovanos-5-7-metu-vaikams","10":"product_cat-dovanos-vaikams","11":"product_cat-ispardavimas","12":"product_cat-kaledines-dovanos-vaikams","13":"product_cat-lavinamieji-zaislai","14":"product_cat-visi-zaislai","15":"product_cat-zaislai","16":"product_cat-zaislai-kelioneje","17":"product_tag-3-m-4-m","18":"product_tag-5-m-7-m","19":"product_tag-8-m-11-m","21":"first","22":"instock","23":"sale","24":"taxable","25":"shipping-taxable","26":"purchasable","27":"product-type-simple"},"acf":[],"yoast_head":"<!-- This site is optimized with the Yoast SEO plugin v23.3 - https:\/\/yoast.com\/wordpress\/plugins\/seo\/ -->\n<title>POP IT \u017eaidimas kosmonautas - Montessori \u017eaislai<\/title>\n<meta name=\"robots\" content=\"index, follow, max-snippet:-1, max-image-preview:large, max-video-preview:-1\" \/>\n<link rel=\"canonical\" href=\"https:\/\/monti.lt\/en\/product\/pop-it-zaidimas-kosmonautas\/\" \/>\n<meta property=\"og:locale\" content=\"en_US\" \/>\n<meta property=\"og:type\" content=\"article\" \/>\n<meta property=\"og:title\" content=\"POP IT \u017eaidimas kosmonautas - Montessori \u017eaislai\" \/>\n<meta property=\"og:description\" content=\"\u017daidimas&nbsp;POP IT&nbsp;Astronaut&nbsp;yra antistresinis \u017eaislas, puikiai tinkantis net ir ma\u017eiausiems vaikams. \u017daidimas skleid\u017eia linksmus garsus, skatinan\u010dius vaikus \u017eaisti ir pa\u012fvairinti \u017eaidimo eig\u0105. \u017daislas ma\u017eas, tod\u0117l galime pasiimti su savimi. Pop Tai&nbsp;smagu vaikams ir suaugusiems,&nbsp;kuriems tai patinka. Lavina prot\u0105, rank\u0173 \u012fg\u016bd\u017eius, aki\u0173-rank\u0173 koordinacij\u0105, lavina suvokim\u0105 ir padeda kovoti su stresu. Charakteristika: Interaktyvus \u017eaislas turi 4 skirtingus \u017eaidimo [&hellip;]\" \/>\n<meta property=\"og:url\" content=\"https:\/\/monti.lt\/en\/product\/pop-it-zaidimas-kosmonautas\/\" \/>\n<meta property=\"og:site_name\" content=\"Montessori \u017eaislai\" \/>\n<meta property=\"article:modified_time\" content=\"2026-04-26T13:19:48+00:00\" \/>\n<meta property=\"og:image\" content=\"https:\/\/monti.lt\/wp-content\/uploads\/2024\/11\/woopie-gra-pop-it-interaktywny-antystresowa-zrecznosciowa-astronauta-3.jpg\" \/>\n\t<meta property=\"og:image:width\" content=\"800\" \/>\n\t<meta property=\"og:image:height\" content=\"800\" \/>\n\t<meta property=\"og:image:type\" content=\"image\/jpeg\" \/>\n<meta name=\"twitter:card\" content=\"summary_large_image\" \/>\n<meta name=\"twitter:label1\" content=\"Est. reading time\" \/>\n\t<meta name=\"twitter:data1\" content=\"1 minute\" \/>\n<script type=\"application\/ld+json\" class=\"yoast-schema-graph\">{\"@context\":\"https:\/\/schema.org\",\"@graph\":[{\"@type\":\"WebPage\",\"@id\":\"https:\/\/monti.lt\/product\/pop-it-zaidimas-kosmonautas\/\",\"url\":\"https:\/\/monti.lt\/product\/pop-it-zaidimas-kosmonautas\/\",\"name\":\"POP IT \u017eaidimas kosmonautas - Montessori \u017eaislai\",\"isPartOf\":{\"@id\":\"https:\/\/monti.lt\/#website\"},\"primaryImageOfPage\":{\"@id\":\"https:\/\/monti.lt\/product\/pop-it-zaidimas-kosmonautas\/#primaryimage\"},\"image\":{\"@id\":\"https:\/\/monti.lt\/product\/pop-it-zaidimas-kosmonautas\/#primaryimage\"},\"thumbnailUrl\":\"https:\/\/monti.lt\/wp-content\/uploads\/2024\/11\/woopie-gra-pop-it-interaktywny-antystresowa-zrecznosciowa-astronauta-3.jpg\",\"datePublished\":\"2024-11-04T09:02:57+00:00\",\"dateModified\":\"2026-04-26T13:19:48+00:00\",\"breadcrumb\":{\"@id\":\"https:\/\/monti.lt\/product\/pop-it-zaidimas-kosmonautas\/#breadcrumb\"},\"inLanguage\":\"en-US\",\"potentialAction\":[{\"@type\":\"ReadAction\",\"target\":[\"https:\/\/monti.lt\/product\/pop-it-zaidimas-kosmonautas\/\"]}]},{\"@type\":\"ImageObject\",\"inLanguage\":\"en-US\",\"@id\":\"https:\/\/monti.lt\/product\/pop-it-zaidimas-kosmonautas\/#primaryimage\",\"url\":\"https:\/\/monti.lt\/wp-content\/uploads\/2024\/11\/woopie-gra-pop-it-interaktywny-antystresowa-zrecznosciowa-astronauta-3.jpg\",\"contentUrl\":\"https:\/\/monti.lt\/wp-content\/uploads\/2024\/11\/woopie-gra-pop-it-interaktywny-antystresowa-zrecznosciowa-astronauta-3.jpg\",\"width\":800,\"height\":800,\"caption\":\"POP IT zaidimas\"},{\"@type\":\"BreadcrumbList\",\"@id\":\"https:\/\/monti.lt\/product\/pop-it-zaidimas-kosmonautas\/#breadcrumb\",\"itemListElement\":[{\"@type\":\"ListItem\",\"position\":1,\"name\":\"Home\",\"item\":\"https:\/\/monti.lt\/\"},{\"@type\":\"ListItem\",\"position\":2,\"name\":\"Parduotuv\u0117\",\"item\":\"https:\/\/monti.lt\/shop\/\"},{\"@type\":\"ListItem\",\"position\":3,\"name\":\"POP IT \u017eaidimas kosmonautas\"}]},{\"@type\":\"WebSite\",\"@id\":\"https:\/\/monti.lt\/#website\",\"url\":\"https:\/\/monti.lt\/\",\"name\":\"Montessori \u017eaislai\",\"description\":\"\",\"publisher\":{\"@id\":\"https:\/\/monti.lt\/#organization\"},\"potentialAction\":[{\"@type\":\"SearchAction\",\"target\":{\"@type\":\"EntryPoint\",\"urlTemplate\":\"https:\/\/monti.lt\/?s={search_term_string}\"},\"query-input\":\"required name=search_term_string\"}],\"inLanguage\":\"en-US\"},{\"@type\":\"Organization\",\"@id\":\"https:\/\/monti.lt\/#organization\",\"name\":\"Montessori \u017eaislai\",\"url\":\"https:\/\/monti.lt\/\",\"logo\":{\"@type\":\"ImageObject\",\"inLanguage\":\"en-US\",\"@id\":\"https:\/\/monti.lt\/#\/schema\/logo\/image\/\",\"url\":\"https:\/\/monti.lt\/wp-content\/uploads\/2022\/03\/montilogo-1.png\",\"contentUrl\":\"https:\/\/monti.lt\/wp-content\/uploads\/2022\/03\/montilogo-1.png\",\"width\":512,\"height\":512,\"caption\":\"Montessori \u017eaislai\"},\"image\":{\"@id\":\"https:\/\/monti.lt\/#\/schema\/logo\/image\/\"}}]}<\/script>\n<!-- \/ Yoast SEO plugin. -->","yoast_head_json":{"title":"POP IT \u017eaidimas kosmonautas - Montessori \u017eaislai","robots":{"index":"index","follow":"follow","max-snippet":"max-snippet:-1","max-image-preview":"max-image-preview:large","max-video-preview":"max-video-preview:-1"},"canonical":"https:\/\/monti.lt\/en\/product\/pop-it-zaidimas-kosmonautas\/","og_locale":"en_US","og_type":"article","og_title":"POP IT \u017eaidimas kosmonautas - Montessori \u017eaislai","og_description":"\u017daidimas&nbsp;POP IT&nbsp;Astronaut&nbsp;yra antistresinis \u017eaislas, puikiai tinkantis net ir ma\u017eiausiems vaikams. \u017daidimas skleid\u017eia linksmus garsus, skatinan\u010dius vaikus \u017eaisti ir pa\u012fvairinti \u017eaidimo eig\u0105. \u017daislas ma\u017eas, tod\u0117l galime pasiimti su savimi. Pop Tai&nbsp;smagu vaikams ir suaugusiems,&nbsp;kuriems tai patinka. Lavina prot\u0105, rank\u0173 \u012fg\u016bd\u017eius, aki\u0173-rank\u0173 koordinacij\u0105, lavina suvokim\u0105 ir padeda kovoti su stresu. Charakteristika: Interaktyvus \u017eaislas turi 4 skirtingus \u017eaidimo [&hellip;]","og_url":"https:\/\/monti.lt\/en\/product\/pop-it-zaidimas-kosmonautas\/","og_site_name":"Montessori \u017eaislai","article_modified_time":"2026-04-26T13:19:48+00:00","og_image":[{"width":800,"height":800,"url":"https:\/\/monti.lt\/wp-content\/uploads\/2024\/11\/woopie-gra-pop-it-interaktywny-antystresowa-zrecznosciowa-astronauta-3.jpg","type":"image\/jpeg"}],"twitter_card":"summary_large_image","twitter_misc":{"Est. reading time":"1 minute"},"schema":{"@context":"https:\/\/schema.org","@graph":[{"@type":"WebPage","@id":"https:\/\/monti.lt\/product\/pop-it-zaidimas-kosmonautas\/","url":"https:\/\/monti.lt\/product\/pop-it-zaidimas-kosmonautas\/","name":"POP IT \u017eaidimas kosmonautas - Montessori \u017eaislai","isPartOf":{"@id":"https:\/\/monti.lt\/#website"},"primaryImageOfPage":{"@id":"https:\/\/monti.lt\/product\/pop-it-zaidimas-kosmonautas\/#primaryimage"},"image":{"@id":"https:\/\/monti.lt\/product\/pop-it-zaidimas-kosmonautas\/#primaryimage"},"thumbnailUrl":"https:\/\/monti.lt\/wp-content\/uploads\/2024\/11\/woopie-gra-pop-it-interaktywny-antystresowa-zrecznosciowa-astronauta-3.jpg","datePublished":"2024-11-04T09:02:57+00:00","dateModified":"2026-04-26T13:19:48+00:00","breadcrumb":{"@id":"https:\/\/monti.lt\/product\/pop-it-zaidimas-kosmonautas\/#breadcrumb"},"inLanguage":"en-US","potentialAction":[{"@type":"ReadAction","target":["https:\/\/monti.lt\/product\/pop-it-zaidimas-kosmonautas\/"]}]},{"@type":"ImageObject","inLanguage":"en-US","@id":"https:\/\/monti.lt\/product\/pop-it-zaidimas-kosmonautas\/#primaryimage","url":"https:\/\/monti.lt\/wp-content\/uploads\/2024\/11\/woopie-gra-pop-it-interaktywny-antystresowa-zrecznosciowa-astronauta-3.jpg","contentUrl":"https:\/\/monti.lt\/wp-content\/uploads\/2024\/11\/woopie-gra-pop-it-interaktywny-antystresowa-zrecznosciowa-astronauta-3.jpg","width":800,"height":800,"caption":"POP IT zaidimas"},{"@type":"BreadcrumbList","@id":"https:\/\/monti.lt\/product\/pop-it-zaidimas-kosmonautas\/#breadcrumb","itemListElement":[{"@type":"ListItem","position":1,"name":"Home","item":"https:\/\/monti.lt\/"},{"@type":"ListItem","position":2,"name":"Parduotuv\u0117","item":"https:\/\/monti.lt\/shop\/"},{"@type":"ListItem","position":3,"name":"POP IT \u017eaidimas kosmonautas"}]},{"@type":"WebSite","@id":"https:\/\/monti.lt\/#website","url":"https:\/\/monti.lt\/","name":"Montessori \u017eaislai","description":"","publisher":{"@id":"https:\/\/monti.lt\/#organization"},"potentialAction":[{"@type":"SearchAction","target":{"@type":"EntryPoint","urlTemplate":"https:\/\/monti.lt\/?s={search_term_string}"},"query-input":"required name=search_term_string"}],"inLanguage":"en-US"},{"@type":"Organization","@id":"https:\/\/monti.lt\/#organization","name":"Montessori \u017eaislai","url":"https:\/\/monti.lt\/","logo":{"@type":"ImageObject","inLanguage":"en-US","@id":"https:\/\/monti.lt\/#\/schema\/logo\/image\/","url":"https:\/\/monti.lt\/wp-content\/uploads\/2022\/03\/montilogo-1.png","contentUrl":"https:\/\/monti.lt\/wp-content\/uploads\/2022\/03\/montilogo-1.png","width":512,"height":512,"caption":"Montessori \u017eaislai"},"image":{"@id":"https:\/\/monti.lt\/#\/schema\/logo\/image\/"}}]}},"_links":{"self":[{"href":"https:\/\/monti.lt\/en\/wp-json\/wp\/v2\/product\/26650"}],"collection":[{"href":"https:\/\/monti.lt\/en\/wp-json\/wp\/v2\/product"}],"about":[{"href":"https:\/\/monti.lt\/en\/wp-json\/wp\/v2\/types\/product"}],"version-history":[{"count":1,"href":"https:\/\/monti.lt\/en\/wp-json\/wp\/v2\/product\/26650\/revisions"}],"predecessor-version":[{"id":26657,"href":"https:\/\/monti.lt\/en\/wp-json\/wp\/v2\/product\/26650\/revisions\/26657"}],"wp:featuredmedia":[{"embeddable":true,"href":"https:\/\/monti.lt\/en\/wp-json\/wp\/v2\/media\/26651"}],"wp:attachment":[{"href":"https:\/\/monti.lt\/en\/wp-json\/wp\/v2\/media?parent=26650"}],"wp:term":[{"taxonomy":"product_cat","embeddable":true,"href":"https:\/\/monti.lt\/en\/wp-json\/wp\/v2\/product_cat?post=26650"},{"taxonomy":"product_tag","embeddable":true,"href":"https:\/\/monti.lt\/en\/wp-json\/wp\/v2\/product_tag?post=26650"}],"curies":[{"name":"wp","href":"https:\/\/api.w.org\/{rel}","templated":true}]}}