{"id":26658,"date":"2024-11-04T09:10:40","date_gmt":"2024-11-04T09:10:40","guid":{"rendered":"https:\/\/monti.lt\/?post_type=product&#038;p=26658"},"modified":"2026-02-12T06:24:45","modified_gmt":"2026-02-12T06:24:45","slug":"woopie-baby-minkstos-kaladeles","status":"publish","type":"product","link":"https:\/\/monti.lt\/en\/product\/woopie-baby-minkstos-kaladeles\/","title":{"rendered":"Woopie baby mink\u0161tos kalad\u0117l\u0117s"},"content":{"rendered":"<p>\u0160is&nbsp;<strong>k\u016brybingas pastelini\u0173&nbsp;<\/strong><strong>kalad\u0117li\u0173<\/strong>&nbsp;su skai\u010diais rinkinys&nbsp;i\u0161&nbsp;<strong>WOOPIE<\/strong>&nbsp;prek\u0117s \u017eenklo yra idealus pasirinkimas patiems ma\u017eiausiems vaikams, si\u016blantis daug lavinimo ir jutimo galimybi\u0173. Kiekvienas i\u0161&nbsp;<strong>\u0161e\u0161i\u0173 blok\u0173<\/strong>&nbsp;supa\u017eindina ma\u017eyl\u012f su skai\u010di\u0173 pasauliu, kartu lavina \u012fvairius poj\u016b\u010dius ir \u012fg\u016bd\u017eius. Jutiminiai blokeliai pagaminti i\u0161 mink\u0161tos, vaikams patogios med\u017eiagos, tod\u0117l gali veikti&nbsp;<strong>kaip dantukai<\/strong>&nbsp;, o tai palengvina dant\u0173 dygim\u0105. Be to, \u0161ios universalios kalad\u0117l\u0117s taip pat gali lyd\u0117ti j\u016bs\u0173 vaik\u0105 maudymosi metu, suteikdamos daug linksmybi\u0173 vandenyje. D\u0117l i\u0161gaubt\u0173, dideli\u0173 skai\u010di\u0173, \u017eaislas palengvina vaikams pirm\u0105 kart\u0105 i\u0161mokti skai\u010dius. \u017daislas yra universalus, juo galite pastatyti auk\u0161t\u0105 bok\u0161t\u0105,&nbsp;<strong>mokytis skai\u010di\u0173<\/strong>&nbsp;, taip pat naudoti kaip&nbsp;<strong>saug\u0173<\/strong>&nbsp;dantuk\u0105 vaikams.<\/p>\n\n\n\n<p><strong>Charakteristika:<\/strong><\/p>\n\n\n\n<ul class=\"wp-block-list\">\n<li>\u2013 \u017daislas\u00a0<strong>nuo pirm\u0173j\u0173 vaiko gyvenimo dien\u0173<\/strong><\/li>\n\n\n\n<li><strong>&#8211;\u00a0Puikiai tinka kramtymui dant\u0173 dygimo metu\u00a0, mink\u0161tas ir lankstus<\/strong><\/li>\n\n\n\n<li><strong>&#8211; Paspaudus<\/strong>\u00a0kalad\u0117les skleid\u017eia garsus\u00a0, kurie papildomai skatina ma\u017eyl\u012f \u017eaisti<\/li>\n\n\n\n<li>&#8211;\u00a0<strong>I\u0161gaubta<\/strong>\u00a0Y forma \u2013 leid\u017eia derinti ir sujungti kalad\u0117les<\/li>\n\n\n\n<li>&#8211; Miela koala daro rinkin\u012f dar patrauklesn\u012f ir \u012fdomesn\u012f<\/li>\n\n\n\n<li>&#8211;\u00a0<strong>Daugiafunkcis \u017eaislas:<\/strong>\u00a0krovimas, dantukas, mokomasi skai\u010diuoti<\/li>\n\n\n\n<li>&#8211; Si\u016blo daug pramog\u0173 ir mokymo, kuris palaiko visapusi\u0161k\u0105 ma\u017eylio vystym\u0105si<\/li>\n<\/ul>\n\n\n\n<p><strong>\u017daislas vysto:<\/strong><\/p>\n\n\n\n<ul class=\"wp-block-list\">\n<li><strong>Rankiniai \u012fg\u016bd\u017eiai<\/strong>\u00a0\u2013 sugriebiant, d\u0117liojant ir manipuliuojant kalad\u0117l\u0117mis<\/li>\n\n\n\n<li><strong>Aki\u0173-rank\u0173 koordinacija<\/strong>\u00a0\u2013 vaikas i\u0161moksta priderinti diskus \u012f reikiamas vietas<\/li>\n\n\n\n<li><strong>Kognityvinis\u00a0<\/strong><strong>vystymasis<\/strong>\u00a0\u2013 mokantis skai\u010di\u0173 ir spalv\u0173 lavinami matematikos \u012fg\u016bd\u017eiai ir spalv\u0173 atpa\u017einimas. Blok\u0173 skleid\u017eiami garsai moko prie\u017easties ir pasekm\u0117s ry\u0161io<\/li>\n\n\n\n<li><strong>K\u016brybi\u0161kumas<\/strong>\u00a0ir\u00a0<strong>vaizduot\u0117<\/strong><\/li>\n<\/ul>","protected":false},"excerpt":{"rendered":"<p>\u0160is&nbsp;k\u016brybingas pastelini\u0173&nbsp;kalad\u0117li\u0173&nbsp;su skai\u010diais rinkinys&nbsp;i\u0161&nbsp;WOOPIE&nbsp;prek\u0117s \u017eenklo yra idealus pasirinkimas patiems ma\u017eiausiems vaikams, si\u016blantis daug lavinimo ir jutimo galimybi\u0173. Kiekvienas i\u0161&nbsp;\u0161e\u0161i\u0173 blok\u0173&nbsp;supa\u017eindina ma\u017eyl\u012f su skai\u010di\u0173 pasauliu, kartu lavina \u012fvairius poj\u016b\u010dius ir \u012fg\u016bd\u017eius. Jutiminiai blokeliai pagaminti i\u0161 mink\u0161tos, vaikams patogios med\u017eiagos, tod\u0117l gali veikti&nbsp;kaip dantukai&nbsp;, o tai palengvina dant\u0173 dygim\u0105. Be to, \u0161ios universalios kalad\u0117l\u0117s taip pat gali [&hellip;]<\/p>","protected":false},"featured_media":26659,"template":"","meta":{"_acf_changed":false,"iawp_total_views":474},"product_cat":[200,191,84,190,88,86,49,249,39],"product_tag":[95,94],"class_list":{"0":"post-26658","1":"product","2":"type-product","3":"status-publish","4":"has-post-thumbnail","6":"product_cat-dovanos-kudikiams","7":"product_cat-dovanos-vaikams","8":"product_cat-lavinamieji-zaislai","9":"product_cat-maudynems","10":"product_cat-mokausi-zaisti","11":"product_cat-smulkioji-motorika","12":"product_cat-visi-zaislai","13":"product_cat-woppie","14":"product_cat-zaislai","15":"product_tag-1-m-2-m","16":"product_tag-iki-1-m","18":"first","19":"outofstock","20":"sale","21":"taxable","22":"shipping-taxable","23":"purchasable","24":"product-type-simple"},"acf":[],"yoast_head":"<!-- This site is optimized with the Yoast SEO plugin v23.3 - https:\/\/yoast.com\/wordpress\/plugins\/seo\/ -->\n<title>Woopie baby mink\u0161tos kalad\u0117l\u0117s - Montessori \u017eaislai<\/title>\n<meta name=\"robots\" content=\"index, follow, max-snippet:-1, max-image-preview:large, max-video-preview:-1\" \/>\n<link rel=\"canonical\" href=\"https:\/\/monti.lt\/en\/product\/woopie-baby-minkstos-kaladeles\/\" \/>\n<meta property=\"og:locale\" content=\"en_US\" \/>\n<meta property=\"og:type\" content=\"article\" \/>\n<meta property=\"og:title\" content=\"Woopie baby mink\u0161tos kalad\u0117l\u0117s - Montessori \u017eaislai\" \/>\n<meta property=\"og:description\" content=\"\u0160is&nbsp;k\u016brybingas pastelini\u0173&nbsp;kalad\u0117li\u0173&nbsp;su skai\u010diais rinkinys&nbsp;i\u0161&nbsp;WOOPIE&nbsp;prek\u0117s \u017eenklo yra idealus pasirinkimas patiems ma\u017eiausiems vaikams, si\u016blantis daug lavinimo ir jutimo galimybi\u0173. Kiekvienas i\u0161&nbsp;\u0161e\u0161i\u0173 blok\u0173&nbsp;supa\u017eindina ma\u017eyl\u012f su skai\u010di\u0173 pasauliu, kartu lavina \u012fvairius poj\u016b\u010dius ir \u012fg\u016bd\u017eius. Jutiminiai blokeliai pagaminti i\u0161 mink\u0161tos, vaikams patogios med\u017eiagos, tod\u0117l gali veikti&nbsp;kaip dantukai&nbsp;, o tai palengvina dant\u0173 dygim\u0105. Be to, \u0161ios universalios kalad\u0117l\u0117s taip pat gali [&hellip;]\" \/>\n<meta property=\"og:url\" content=\"https:\/\/monti.lt\/en\/product\/woopie-baby-minkstos-kaladeles\/\" \/>\n<meta property=\"og:site_name\" content=\"Montessori \u017eaislai\" \/>\n<meta property=\"article:modified_time\" content=\"2026-02-12T06:24:45+00:00\" \/>\n<meta property=\"og:image\" content=\"https:\/\/monti.lt\/wp-content\/uploads\/2024\/11\/woopie-baby-zestaw-edukacyjna-piramdka-klocki-sensoryczne-2w1-gryzak-cyferki-3.jpg\" \/>\n\t<meta property=\"og:image:width\" content=\"800\" \/>\n\t<meta property=\"og:image:height\" content=\"800\" \/>\n\t<meta property=\"og:image:type\" content=\"image\/jpeg\" \/>\n<meta name=\"twitter:card\" content=\"summary_large_image\" \/>\n<meta name=\"twitter:label1\" content=\"Est. reading time\" \/>\n\t<meta name=\"twitter:data1\" content=\"2 minutes\" \/>\n<script type=\"application\/ld+json\" class=\"yoast-schema-graph\">{\"@context\":\"https:\/\/schema.org\",\"@graph\":[{\"@type\":\"WebPage\",\"@id\":\"https:\/\/monti.lt\/product\/woopie-baby-minkstos-kaladeles\/\",\"url\":\"https:\/\/monti.lt\/product\/woopie-baby-minkstos-kaladeles\/\",\"name\":\"Woopie baby mink\u0161tos kalad\u0117l\u0117s - Montessori \u017eaislai\",\"isPartOf\":{\"@id\":\"https:\/\/monti.lt\/#website\"},\"primaryImageOfPage\":{\"@id\":\"https:\/\/monti.lt\/product\/woopie-baby-minkstos-kaladeles\/#primaryimage\"},\"image\":{\"@id\":\"https:\/\/monti.lt\/product\/woopie-baby-minkstos-kaladeles\/#primaryimage\"},\"thumbnailUrl\":\"https:\/\/monti.lt\/wp-content\/uploads\/2024\/11\/woopie-baby-zestaw-edukacyjna-piramdka-klocki-sensoryczne-2w1-gryzak-cyferki-3.jpg\",\"datePublished\":\"2024-11-04T09:10:40+00:00\",\"dateModified\":\"2026-02-12T06:24:45+00:00\",\"breadcrumb\":{\"@id\":\"https:\/\/monti.lt\/product\/woopie-baby-minkstos-kaladeles\/#breadcrumb\"},\"inLanguage\":\"en-US\",\"potentialAction\":[{\"@type\":\"ReadAction\",\"target\":[\"https:\/\/monti.lt\/product\/woopie-baby-minkstos-kaladeles\/\"]}]},{\"@type\":\"ImageObject\",\"inLanguage\":\"en-US\",\"@id\":\"https:\/\/monti.lt\/product\/woopie-baby-minkstos-kaladeles\/#primaryimage\",\"url\":\"https:\/\/monti.lt\/wp-content\/uploads\/2024\/11\/woopie-baby-zestaw-edukacyjna-piramdka-klocki-sensoryczne-2w1-gryzak-cyferki-3.jpg\",\"contentUrl\":\"https:\/\/monti.lt\/wp-content\/uploads\/2024\/11\/woopie-baby-zestaw-edukacyjna-piramdka-klocki-sensoryczne-2w1-gryzak-cyferki-3.jpg\",\"width\":800,\"height\":800,\"caption\":\"minkstos kaladeles\"},{\"@type\":\"BreadcrumbList\",\"@id\":\"https:\/\/monti.lt\/product\/woopie-baby-minkstos-kaladeles\/#breadcrumb\",\"itemListElement\":[{\"@type\":\"ListItem\",\"position\":1,\"name\":\"Home\",\"item\":\"https:\/\/monti.lt\/\"},{\"@type\":\"ListItem\",\"position\":2,\"name\":\"Parduotuv\u0117\",\"item\":\"https:\/\/monti.lt\/shop\/\"},{\"@type\":\"ListItem\",\"position\":3,\"name\":\"Woopie baby mink\u0161tos kalad\u0117l\u0117s\"}]},{\"@type\":\"WebSite\",\"@id\":\"https:\/\/monti.lt\/#website\",\"url\":\"https:\/\/monti.lt\/\",\"name\":\"Montessori \u017eaislai\",\"description\":\"\",\"publisher\":{\"@id\":\"https:\/\/monti.lt\/#organization\"},\"potentialAction\":[{\"@type\":\"SearchAction\",\"target\":{\"@type\":\"EntryPoint\",\"urlTemplate\":\"https:\/\/monti.lt\/?s={search_term_string}\"},\"query-input\":\"required name=search_term_string\"}],\"inLanguage\":\"en-US\"},{\"@type\":\"Organization\",\"@id\":\"https:\/\/monti.lt\/#organization\",\"name\":\"Montessori \u017eaislai\",\"url\":\"https:\/\/monti.lt\/\",\"logo\":{\"@type\":\"ImageObject\",\"inLanguage\":\"en-US\",\"@id\":\"https:\/\/monti.lt\/#\/schema\/logo\/image\/\",\"url\":\"https:\/\/monti.lt\/wp-content\/uploads\/2022\/03\/montilogo-1.png\",\"contentUrl\":\"https:\/\/monti.lt\/wp-content\/uploads\/2022\/03\/montilogo-1.png\",\"width\":512,\"height\":512,\"caption\":\"Montessori \u017eaislai\"},\"image\":{\"@id\":\"https:\/\/monti.lt\/#\/schema\/logo\/image\/\"}}]}<\/script>\n<!-- \/ Yoast SEO plugin. -->","yoast_head_json":{"title":"Woopie baby mink\u0161tos kalad\u0117l\u0117s - Montessori \u017eaislai","robots":{"index":"index","follow":"follow","max-snippet":"max-snippet:-1","max-image-preview":"max-image-preview:large","max-video-preview":"max-video-preview:-1"},"canonical":"https:\/\/monti.lt\/en\/product\/woopie-baby-minkstos-kaladeles\/","og_locale":"en_US","og_type":"article","og_title":"Woopie baby mink\u0161tos kalad\u0117l\u0117s - Montessori \u017eaislai","og_description":"\u0160is&nbsp;k\u016brybingas pastelini\u0173&nbsp;kalad\u0117li\u0173&nbsp;su skai\u010diais rinkinys&nbsp;i\u0161&nbsp;WOOPIE&nbsp;prek\u0117s \u017eenklo yra idealus pasirinkimas patiems ma\u017eiausiems vaikams, si\u016blantis daug lavinimo ir jutimo galimybi\u0173. Kiekvienas i\u0161&nbsp;\u0161e\u0161i\u0173 blok\u0173&nbsp;supa\u017eindina ma\u017eyl\u012f su skai\u010di\u0173 pasauliu, kartu lavina \u012fvairius poj\u016b\u010dius ir \u012fg\u016bd\u017eius. Jutiminiai blokeliai pagaminti i\u0161 mink\u0161tos, vaikams patogios med\u017eiagos, tod\u0117l gali veikti&nbsp;kaip dantukai&nbsp;, o tai palengvina dant\u0173 dygim\u0105. Be to, \u0161ios universalios kalad\u0117l\u0117s taip pat gali [&hellip;]","og_url":"https:\/\/monti.lt\/en\/product\/woopie-baby-minkstos-kaladeles\/","og_site_name":"Montessori \u017eaislai","article_modified_time":"2026-02-12T06:24:45+00:00","og_image":[{"width":800,"height":800,"url":"https:\/\/monti.lt\/wp-content\/uploads\/2024\/11\/woopie-baby-zestaw-edukacyjna-piramdka-klocki-sensoryczne-2w1-gryzak-cyferki-3.jpg","type":"image\/jpeg"}],"twitter_card":"summary_large_image","twitter_misc":{"Est. reading time":"2 minutes"},"schema":{"@context":"https:\/\/schema.org","@graph":[{"@type":"WebPage","@id":"https:\/\/monti.lt\/product\/woopie-baby-minkstos-kaladeles\/","url":"https:\/\/monti.lt\/product\/woopie-baby-minkstos-kaladeles\/","name":"Woopie baby mink\u0161tos kalad\u0117l\u0117s - Montessori \u017eaislai","isPartOf":{"@id":"https:\/\/monti.lt\/#website"},"primaryImageOfPage":{"@id":"https:\/\/monti.lt\/product\/woopie-baby-minkstos-kaladeles\/#primaryimage"},"image":{"@id":"https:\/\/monti.lt\/product\/woopie-baby-minkstos-kaladeles\/#primaryimage"},"thumbnailUrl":"https:\/\/monti.lt\/wp-content\/uploads\/2024\/11\/woopie-baby-zestaw-edukacyjna-piramdka-klocki-sensoryczne-2w1-gryzak-cyferki-3.jpg","datePublished":"2024-11-04T09:10:40+00:00","dateModified":"2026-02-12T06:24:45+00:00","breadcrumb":{"@id":"https:\/\/monti.lt\/product\/woopie-baby-minkstos-kaladeles\/#breadcrumb"},"inLanguage":"en-US","potentialAction":[{"@type":"ReadAction","target":["https:\/\/monti.lt\/product\/woopie-baby-minkstos-kaladeles\/"]}]},{"@type":"ImageObject","inLanguage":"en-US","@id":"https:\/\/monti.lt\/product\/woopie-baby-minkstos-kaladeles\/#primaryimage","url":"https:\/\/monti.lt\/wp-content\/uploads\/2024\/11\/woopie-baby-zestaw-edukacyjna-piramdka-klocki-sensoryczne-2w1-gryzak-cyferki-3.jpg","contentUrl":"https:\/\/monti.lt\/wp-content\/uploads\/2024\/11\/woopie-baby-zestaw-edukacyjna-piramdka-klocki-sensoryczne-2w1-gryzak-cyferki-3.jpg","width":800,"height":800,"caption":"minkstos kaladeles"},{"@type":"BreadcrumbList","@id":"https:\/\/monti.lt\/product\/woopie-baby-minkstos-kaladeles\/#breadcrumb","itemListElement":[{"@type":"ListItem","position":1,"name":"Home","item":"https:\/\/monti.lt\/"},{"@type":"ListItem","position":2,"name":"Parduotuv\u0117","item":"https:\/\/monti.lt\/shop\/"},{"@type":"ListItem","position":3,"name":"Woopie baby mink\u0161tos kalad\u0117l\u0117s"}]},{"@type":"WebSite","@id":"https:\/\/monti.lt\/#website","url":"https:\/\/monti.lt\/","name":"Montessori \u017eaislai","description":"","publisher":{"@id":"https:\/\/monti.lt\/#organization"},"potentialAction":[{"@type":"SearchAction","target":{"@type":"EntryPoint","urlTemplate":"https:\/\/monti.lt\/?s={search_term_string}"},"query-input":"required name=search_term_string"}],"inLanguage":"en-US"},{"@type":"Organization","@id":"https:\/\/monti.lt\/#organization","name":"Montessori \u017eaislai","url":"https:\/\/monti.lt\/","logo":{"@type":"ImageObject","inLanguage":"en-US","@id":"https:\/\/monti.lt\/#\/schema\/logo\/image\/","url":"https:\/\/monti.lt\/wp-content\/uploads\/2022\/03\/montilogo-1.png","contentUrl":"https:\/\/monti.lt\/wp-content\/uploads\/2022\/03\/montilogo-1.png","width":512,"height":512,"caption":"Montessori \u017eaislai"},"image":{"@id":"https:\/\/monti.lt\/#\/schema\/logo\/image\/"}}]}},"_links":{"self":[{"href":"https:\/\/monti.lt\/en\/wp-json\/wp\/v2\/product\/26658"}],"collection":[{"href":"https:\/\/monti.lt\/en\/wp-json\/wp\/v2\/product"}],"about":[{"href":"https:\/\/monti.lt\/en\/wp-json\/wp\/v2\/types\/product"}],"version-history":[{"count":1,"href":"https:\/\/monti.lt\/en\/wp-json\/wp\/v2\/product\/26658\/revisions"}],"predecessor-version":[{"id":26662,"href":"https:\/\/monti.lt\/en\/wp-json\/wp\/v2\/product\/26658\/revisions\/26662"}],"wp:featuredmedia":[{"embeddable":true,"href":"https:\/\/monti.lt\/en\/wp-json\/wp\/v2\/media\/26659"}],"wp:attachment":[{"href":"https:\/\/monti.lt\/en\/wp-json\/wp\/v2\/media?parent=26658"}],"wp:term":[{"taxonomy":"product_cat","embeddable":true,"href":"https:\/\/monti.lt\/en\/wp-json\/wp\/v2\/product_cat?post=26658"},{"taxonomy":"product_tag","embeddable":true,"href":"https:\/\/monti.lt\/en\/wp-json\/wp\/v2\/product_tag?post=26658"}],"curies":[{"name":"wp","href":"https:\/\/api.w.org\/{rel}","templated":true}]}}