{"id":26669,"date":"2024-11-04T09:50:44","date_gmt":"2024-11-04T09:50:44","guid":{"rendered":"https:\/\/monti.lt\/?post_type=product&#038;p=26669"},"modified":"2026-02-07T06:33:06","modified_gmt":"2026-02-07T06:33:06","slug":"masineliu-rinkinys-dezuteje-30-vnt","status":"publish","type":"product","link":"https:\/\/monti.lt\/en\/product\/masineliu-rinkinys-dezuteje-30-vnt\/","title":{"rendered":"Ma\u0161in\u0117li\u0173 rinkinys d\u0117\u017eut\u0117je 30 vnt."},"content":{"rendered":"<p><strong>Atraskite d\u017eiaugsm\u0105 ir nuotykius visose detal\u0117se su&nbsp;<\/strong><strong>30 automobili\u0173<\/strong>&nbsp;rinkiniu&nbsp;i\u0161&nbsp;<strong>WOOPIE<\/strong>&nbsp;prek\u0117s \u017eenklo ! \u0160is fantasti\u0161kas rinkinys yra puikus sprendimas ma\u017eiesiems automobili\u0173 entuziastams ir tyrin\u0117tojams, norintiems sukurti savo pasaul\u012f, kupin\u0105 dinami\u0161k\u0173 lenktyni\u0173 ir k\u016brybing\u0173 linksmybi\u0173. Patogus, rakinamas d\u0117klas su rankena leid\u017eia lengvai ir maloniai \u017eaisti ir organizuoti.&nbsp;<strong>Rinkinyje taip pat yra \u017eem\u0117lapis,<\/strong>&nbsp;praturtinantis linksmybes naujomis galimyb\u0117mis \u2013 vaikai gali sekti mar\u0161rutus, planuoti lenktynes \u200b\u200bir atrasti fantasti\u0161k\u0173 nuotyki\u0173. Tai puikus b\u016bdas lavinti vaizduot\u0119,&nbsp;<strong>planavimo \u012fg\u016bd\u017eius<\/strong>&nbsp;ir&nbsp;<strong>aki\u0173-rank\u0173 koordinacij\u0105<\/strong>&nbsp;. Su m\u016bs\u0173 \u017eaisl\u0173 rinkiniu kiekviena diena bus kupina jud\u0117jimo ir \u012fdomi\u0173 i\u0161\u0161\u016bki\u0173! \u0160is rinkinys yra ne tik \u017eaislini\u0173 ma\u0161in\u0117li\u0173 kolekcija, bet ir tikras nuotykis, kuris nud\u017eiugins kiekvien\u0105 vaik\u0105 ir leis ilgai praleisti&nbsp;<strong>laik\u0105 k\u016brybing\u0173 linksmybi\u0173<\/strong>&nbsp;!<\/p>\n\n\n\n<p><strong>Charakteristika:<\/strong><\/p>\n\n\n\n<ul class=\"wp-block-list\">\n<li>&#8211;\u00a0Komplekte\u00a0<strong>30 automobili\u0173<\/strong><\/li>\n\n\n\n<li>&#8211;\u00a0<strong>Patogi<\/strong>\u00a0baga\u017ein\u0117<\/li>\n\n\n\n<li>&#8211; \u012e komplekt\u0105 \u012feina \u017eem\u0117lapis<\/li>\n\n\n\n<li>&#8211; Modeli\u0173 \u012fvairov\u0117<\/li>\n\n\n\n<li>&#8211; Rinkinys lavina\u00a0<strong>smulki\u0105j\u0105 motorik\u0105<\/strong>\u00a0,\u00a0<strong>rank\u0173 ir aki\u0173 koordinacij\u0105<\/strong>\u00a0, taip pat\u00a0<strong>k\u016brybi\u0161kum\u0105<\/strong>\u00a0ir planavimo \u012fg\u016bd\u017eius.<\/li>\n\n\n\n<li><strong>Tobula dovana<\/strong>\u00a0\u2013 Automobili\u0173 komplektas yra puiki dovanos id\u0117ja \u012fvairaus am\u017eiaus vaikams, skatinanti juos aktyviai \u017eaist<\/li>\n<\/ul>","protected":false},"excerpt":{"rendered":"<p>Atraskite d\u017eiaugsm\u0105 ir nuotykius visose detal\u0117se su&nbsp;30 automobili\u0173&nbsp;rinkiniu&nbsp;i\u0161&nbsp;WOOPIE&nbsp;prek\u0117s \u017eenklo ! \u0160is fantasti\u0161kas rinkinys yra puikus sprendimas ma\u017eiesiems automobili\u0173 entuziastams ir tyrin\u0117tojams, norintiems sukurti savo pasaul\u012f, kupin\u0105 dinami\u0161k\u0173 lenktyni\u0173 ir k\u016brybing\u0173 linksmybi\u0173. Patogus, rakinamas d\u0117klas su rankena leid\u017eia lengvai ir maloniai \u017eaisti ir organizuoti.&nbsp;Rinkinyje taip pat yra \u017eem\u0117lapis,&nbsp;praturtinantis linksmybes naujomis galimyb\u0117mis \u2013 vaikai gali sekti mar\u0161rutus, [&hellip;]<\/p>","protected":false},"featured_media":26670,"template":"","meta":{"_acf_changed":false,"iawp_total_views":523},"product_cat":[84,93,49,39],"product_tag":[96,97,98],"class_list":{"0":"post-26669","1":"product","2":"type-product","3":"status-publish","4":"has-post-thumbnail","6":"product_cat-lavinamieji-zaislai","7":"product_cat-vaidmenu-zaidimai","8":"product_cat-visi-zaislai","9":"product_cat-zaislai","10":"product_tag-2-m-3-m","11":"product_tag-3-m-4-m","12":"product_tag-5-m-7-m","14":"first","15":"outofstock","16":"sale","17":"taxable","18":"shipping-taxable","19":"purchasable","20":"product-type-simple"},"acf":[],"yoast_head":"<!-- This site is optimized with the Yoast SEO plugin v23.3 - https:\/\/yoast.com\/wordpress\/plugins\/seo\/ -->\n<title>Ma\u0161in\u0117li\u0173 rinkinys d\u0117\u017eut\u0117je 30 vnt. - Montessori \u017eaislai<\/title>\n<meta name=\"robots\" content=\"index, follow, max-snippet:-1, max-image-preview:large, max-video-preview:-1\" \/>\n<link rel=\"canonical\" href=\"https:\/\/monti.lt\/en\/product\/masineliu-rinkinys-dezuteje-30-vnt\/\" \/>\n<meta property=\"og:locale\" content=\"en_US\" \/>\n<meta property=\"og:type\" content=\"article\" \/>\n<meta property=\"og:title\" content=\"Ma\u0161in\u0117li\u0173 rinkinys d\u0117\u017eut\u0117je 30 vnt. - Montessori \u017eaislai\" \/>\n<meta property=\"og:description\" content=\"Atraskite d\u017eiaugsm\u0105 ir nuotykius visose detal\u0117se su&nbsp;30 automobili\u0173&nbsp;rinkiniu&nbsp;i\u0161&nbsp;WOOPIE&nbsp;prek\u0117s \u017eenklo ! \u0160is fantasti\u0161kas rinkinys yra puikus sprendimas ma\u017eiesiems automobili\u0173 entuziastams ir tyrin\u0117tojams, norintiems sukurti savo pasaul\u012f, kupin\u0105 dinami\u0161k\u0173 lenktyni\u0173 ir k\u016brybing\u0173 linksmybi\u0173. Patogus, rakinamas d\u0117klas su rankena leid\u017eia lengvai ir maloniai \u017eaisti ir organizuoti.&nbsp;Rinkinyje taip pat yra \u017eem\u0117lapis,&nbsp;praturtinantis linksmybes naujomis galimyb\u0117mis \u2013 vaikai gali sekti mar\u0161rutus, [&hellip;]\" \/>\n<meta property=\"og:url\" content=\"https:\/\/monti.lt\/en\/product\/masineliu-rinkinys-dezuteje-30-vnt\/\" \/>\n<meta property=\"og:site_name\" content=\"Montessori \u017eaislai\" \/>\n<meta property=\"article:modified_time\" content=\"2026-02-07T06:33:06+00:00\" \/>\n<meta property=\"og:image\" content=\"https:\/\/monti.lt\/wp-content\/uploads\/2024\/11\/woopie-zestaw-aut-wyscigowych-w-pudelku-30-el-mata-3.jpg\" \/>\n\t<meta property=\"og:image:width\" content=\"800\" \/>\n\t<meta property=\"og:image:height\" content=\"800\" \/>\n\t<meta property=\"og:image:type\" content=\"image\/jpeg\" \/>\n<meta name=\"twitter:card\" content=\"summary_large_image\" \/>\n<meta name=\"twitter:label1\" content=\"Est. reading time\" \/>\n\t<meta name=\"twitter:data1\" content=\"2 minutes\" \/>\n<script type=\"application\/ld+json\" class=\"yoast-schema-graph\">{\"@context\":\"https:\/\/schema.org\",\"@graph\":[{\"@type\":\"WebPage\",\"@id\":\"https:\/\/monti.lt\/product\/masineliu-rinkinys-dezuteje-30-vnt\/\",\"url\":\"https:\/\/monti.lt\/product\/masineliu-rinkinys-dezuteje-30-vnt\/\",\"name\":\"Ma\u0161in\u0117li\u0173 rinkinys d\u0117\u017eut\u0117je 30 vnt. - Montessori \u017eaislai\",\"isPartOf\":{\"@id\":\"https:\/\/monti.lt\/#website\"},\"primaryImageOfPage\":{\"@id\":\"https:\/\/monti.lt\/product\/masineliu-rinkinys-dezuteje-30-vnt\/#primaryimage\"},\"image\":{\"@id\":\"https:\/\/monti.lt\/product\/masineliu-rinkinys-dezuteje-30-vnt\/#primaryimage\"},\"thumbnailUrl\":\"https:\/\/monti.lt\/wp-content\/uploads\/2024\/11\/woopie-zestaw-aut-wyscigowych-w-pudelku-30-el-mata-3.jpg\",\"datePublished\":\"2024-11-04T09:50:44+00:00\",\"dateModified\":\"2026-02-07T06:33:06+00:00\",\"breadcrumb\":{\"@id\":\"https:\/\/monti.lt\/product\/masineliu-rinkinys-dezuteje-30-vnt\/#breadcrumb\"},\"inLanguage\":\"en-US\",\"potentialAction\":[{\"@type\":\"ReadAction\",\"target\":[\"https:\/\/monti.lt\/product\/masineliu-rinkinys-dezuteje-30-vnt\/\"]}]},{\"@type\":\"ImageObject\",\"inLanguage\":\"en-US\",\"@id\":\"https:\/\/monti.lt\/product\/masineliu-rinkinys-dezuteje-30-vnt\/#primaryimage\",\"url\":\"https:\/\/monti.lt\/wp-content\/uploads\/2024\/11\/woopie-zestaw-aut-wyscigowych-w-pudelku-30-el-mata-3.jpg\",\"contentUrl\":\"https:\/\/monti.lt\/wp-content\/uploads\/2024\/11\/woopie-zestaw-aut-wyscigowych-w-pudelku-30-el-mata-3.jpg\",\"width\":800,\"height\":800,\"caption\":\"masineles dezuteje\"},{\"@type\":\"BreadcrumbList\",\"@id\":\"https:\/\/monti.lt\/product\/masineliu-rinkinys-dezuteje-30-vnt\/#breadcrumb\",\"itemListElement\":[{\"@type\":\"ListItem\",\"position\":1,\"name\":\"Home\",\"item\":\"https:\/\/monti.lt\/\"},{\"@type\":\"ListItem\",\"position\":2,\"name\":\"Parduotuv\u0117\",\"item\":\"https:\/\/monti.lt\/shop\/\"},{\"@type\":\"ListItem\",\"position\":3,\"name\":\"Ma\u0161in\u0117li\u0173 rinkinys d\u0117\u017eut\u0117je 30 vnt.\"}]},{\"@type\":\"WebSite\",\"@id\":\"https:\/\/monti.lt\/#website\",\"url\":\"https:\/\/monti.lt\/\",\"name\":\"Montessori \u017eaislai\",\"description\":\"\",\"publisher\":{\"@id\":\"https:\/\/monti.lt\/#organization\"},\"potentialAction\":[{\"@type\":\"SearchAction\",\"target\":{\"@type\":\"EntryPoint\",\"urlTemplate\":\"https:\/\/monti.lt\/?s={search_term_string}\"},\"query-input\":\"required name=search_term_string\"}],\"inLanguage\":\"en-US\"},{\"@type\":\"Organization\",\"@id\":\"https:\/\/monti.lt\/#organization\",\"name\":\"Montessori \u017eaislai\",\"url\":\"https:\/\/monti.lt\/\",\"logo\":{\"@type\":\"ImageObject\",\"inLanguage\":\"en-US\",\"@id\":\"https:\/\/monti.lt\/#\/schema\/logo\/image\/\",\"url\":\"https:\/\/monti.lt\/wp-content\/uploads\/2022\/03\/montilogo-1.png\",\"contentUrl\":\"https:\/\/monti.lt\/wp-content\/uploads\/2022\/03\/montilogo-1.png\",\"width\":512,\"height\":512,\"caption\":\"Montessori \u017eaislai\"},\"image\":{\"@id\":\"https:\/\/monti.lt\/#\/schema\/logo\/image\/\"}}]}<\/script>\n<!-- \/ Yoast SEO plugin. -->","yoast_head_json":{"title":"Ma\u0161in\u0117li\u0173 rinkinys d\u0117\u017eut\u0117je 30 vnt. - Montessori \u017eaislai","robots":{"index":"index","follow":"follow","max-snippet":"max-snippet:-1","max-image-preview":"max-image-preview:large","max-video-preview":"max-video-preview:-1"},"canonical":"https:\/\/monti.lt\/en\/product\/masineliu-rinkinys-dezuteje-30-vnt\/","og_locale":"en_US","og_type":"article","og_title":"Ma\u0161in\u0117li\u0173 rinkinys d\u0117\u017eut\u0117je 30 vnt. - Montessori \u017eaislai","og_description":"Atraskite d\u017eiaugsm\u0105 ir nuotykius visose detal\u0117se su&nbsp;30 automobili\u0173&nbsp;rinkiniu&nbsp;i\u0161&nbsp;WOOPIE&nbsp;prek\u0117s \u017eenklo ! \u0160is fantasti\u0161kas rinkinys yra puikus sprendimas ma\u017eiesiems automobili\u0173 entuziastams ir tyrin\u0117tojams, norintiems sukurti savo pasaul\u012f, kupin\u0105 dinami\u0161k\u0173 lenktyni\u0173 ir k\u016brybing\u0173 linksmybi\u0173. Patogus, rakinamas d\u0117klas su rankena leid\u017eia lengvai ir maloniai \u017eaisti ir organizuoti.&nbsp;Rinkinyje taip pat yra \u017eem\u0117lapis,&nbsp;praturtinantis linksmybes naujomis galimyb\u0117mis \u2013 vaikai gali sekti mar\u0161rutus, [&hellip;]","og_url":"https:\/\/monti.lt\/en\/product\/masineliu-rinkinys-dezuteje-30-vnt\/","og_site_name":"Montessori \u017eaislai","article_modified_time":"2026-02-07T06:33:06+00:00","og_image":[{"width":800,"height":800,"url":"https:\/\/monti.lt\/wp-content\/uploads\/2024\/11\/woopie-zestaw-aut-wyscigowych-w-pudelku-30-el-mata-3.jpg","type":"image\/jpeg"}],"twitter_card":"summary_large_image","twitter_misc":{"Est. reading time":"2 minutes"},"schema":{"@context":"https:\/\/schema.org","@graph":[{"@type":"WebPage","@id":"https:\/\/monti.lt\/product\/masineliu-rinkinys-dezuteje-30-vnt\/","url":"https:\/\/monti.lt\/product\/masineliu-rinkinys-dezuteje-30-vnt\/","name":"Ma\u0161in\u0117li\u0173 rinkinys d\u0117\u017eut\u0117je 30 vnt. - Montessori \u017eaislai","isPartOf":{"@id":"https:\/\/monti.lt\/#website"},"primaryImageOfPage":{"@id":"https:\/\/monti.lt\/product\/masineliu-rinkinys-dezuteje-30-vnt\/#primaryimage"},"image":{"@id":"https:\/\/monti.lt\/product\/masineliu-rinkinys-dezuteje-30-vnt\/#primaryimage"},"thumbnailUrl":"https:\/\/monti.lt\/wp-content\/uploads\/2024\/11\/woopie-zestaw-aut-wyscigowych-w-pudelku-30-el-mata-3.jpg","datePublished":"2024-11-04T09:50:44+00:00","dateModified":"2026-02-07T06:33:06+00:00","breadcrumb":{"@id":"https:\/\/monti.lt\/product\/masineliu-rinkinys-dezuteje-30-vnt\/#breadcrumb"},"inLanguage":"en-US","potentialAction":[{"@type":"ReadAction","target":["https:\/\/monti.lt\/product\/masineliu-rinkinys-dezuteje-30-vnt\/"]}]},{"@type":"ImageObject","inLanguage":"en-US","@id":"https:\/\/monti.lt\/product\/masineliu-rinkinys-dezuteje-30-vnt\/#primaryimage","url":"https:\/\/monti.lt\/wp-content\/uploads\/2024\/11\/woopie-zestaw-aut-wyscigowych-w-pudelku-30-el-mata-3.jpg","contentUrl":"https:\/\/monti.lt\/wp-content\/uploads\/2024\/11\/woopie-zestaw-aut-wyscigowych-w-pudelku-30-el-mata-3.jpg","width":800,"height":800,"caption":"masineles dezuteje"},{"@type":"BreadcrumbList","@id":"https:\/\/monti.lt\/product\/masineliu-rinkinys-dezuteje-30-vnt\/#breadcrumb","itemListElement":[{"@type":"ListItem","position":1,"name":"Home","item":"https:\/\/monti.lt\/"},{"@type":"ListItem","position":2,"name":"Parduotuv\u0117","item":"https:\/\/monti.lt\/shop\/"},{"@type":"ListItem","position":3,"name":"Ma\u0161in\u0117li\u0173 rinkinys d\u0117\u017eut\u0117je 30 vnt."}]},{"@type":"WebSite","@id":"https:\/\/monti.lt\/#website","url":"https:\/\/monti.lt\/","name":"Montessori \u017eaislai","description":"","publisher":{"@id":"https:\/\/monti.lt\/#organization"},"potentialAction":[{"@type":"SearchAction","target":{"@type":"EntryPoint","urlTemplate":"https:\/\/monti.lt\/?s={search_term_string}"},"query-input":"required name=search_term_string"}],"inLanguage":"en-US"},{"@type":"Organization","@id":"https:\/\/monti.lt\/#organization","name":"Montessori \u017eaislai","url":"https:\/\/monti.lt\/","logo":{"@type":"ImageObject","inLanguage":"en-US","@id":"https:\/\/monti.lt\/#\/schema\/logo\/image\/","url":"https:\/\/monti.lt\/wp-content\/uploads\/2022\/03\/montilogo-1.png","contentUrl":"https:\/\/monti.lt\/wp-content\/uploads\/2022\/03\/montilogo-1.png","width":512,"height":512,"caption":"Montessori \u017eaislai"},"image":{"@id":"https:\/\/monti.lt\/#\/schema\/logo\/image\/"}}]}},"_links":{"self":[{"href":"https:\/\/monti.lt\/en\/wp-json\/wp\/v2\/product\/26669"}],"collection":[{"href":"https:\/\/monti.lt\/en\/wp-json\/wp\/v2\/product"}],"about":[{"href":"https:\/\/monti.lt\/en\/wp-json\/wp\/v2\/types\/product"}],"version-history":[{"count":1,"href":"https:\/\/monti.lt\/en\/wp-json\/wp\/v2\/product\/26669\/revisions"}],"predecessor-version":[{"id":26675,"href":"https:\/\/monti.lt\/en\/wp-json\/wp\/v2\/product\/26669\/revisions\/26675"}],"wp:featuredmedia":[{"embeddable":true,"href":"https:\/\/monti.lt\/en\/wp-json\/wp\/v2\/media\/26670"}],"wp:attachment":[{"href":"https:\/\/monti.lt\/en\/wp-json\/wp\/v2\/media?parent=26669"}],"wp:term":[{"taxonomy":"product_cat","embeddable":true,"href":"https:\/\/monti.lt\/en\/wp-json\/wp\/v2\/product_cat?post=26669"},{"taxonomy":"product_tag","embeddable":true,"href":"https:\/\/monti.lt\/en\/wp-json\/wp\/v2\/product_tag?post=26669"}],"curies":[{"name":"wp","href":"https:\/\/api.w.org\/{rel}","templated":true}]}}