{"id":26697,"date":"2024-11-04T11:55:03","date_gmt":"2024-11-04T11:55:03","guid":{"rendered":"https:\/\/monti.lt\/?post_type=product&#038;p=26697"},"modified":"2026-01-27T17:40:04","modified_gmt":"2026-01-27T17:40:04","slug":"didelis-muzikinis-kilimelis","status":"publish","type":"product","link":"https:\/\/monti.lt\/en\/product\/didelis-muzikinis-kilimelis\/","title":{"rendered":"Didelis muzikinis kilim\u0117lis"},"content":{"rendered":"<p><strong>Pianinko muzikinis kilim\u0117lis<\/strong>&nbsp;i\u0161&nbsp;<strong>WOOPIE<\/strong>&nbsp;prek\u0117s \u017eenklo yra \u012ftraukiantis pramogas visai \u0161eimai! Jei j\u016bs\u0173 vaikas m\u0117gsta \u0161okti, dainuoti ir linksmintis, muzikinis kilim\u0117lis yra puikus \u017eaislas, kuris ne tik suteiks pramog\u0173, bet ir palaikys j\u016bs\u0173 ma\u017eylio vystym\u0105si. D\u0117l savo universalumo \u017eaislas apjungia judes\u012f su lavinimu, leid\u017eia vaikui k\u016brybi\u0161kai eksperimentuoti su muzika ir lavinti motorin\u0119 koordinacij\u0105. Tai puikus pasirinkimas t\u0117vams, norintiems aktyviai ir lavinant laik\u0105 leisti su vaiku.<\/p>\n\n\n\n<p><strong>Charakteristika:<\/strong><\/p>\n\n\n\n<ul class=\"wp-block-list\">\n<li><strong>&#8211;<\/strong>\u00a0\u017daislas nuo\u00a0<strong>3 met\u0173<\/strong><\/li>\n\n\n\n<li>&#8211; B\u016bdas\u00a0<strong>smagiai praleisti laik\u0105 su vaiku<\/strong>\u00a0, kuris \u012ftraukia ir vaikus, ir suaugusiuosius. Tai puiki id\u0117ja aktyviai leisti laik\u0105 kartu!<\/li>\n\n\n\n<li>&#8211;\u00a0<strong>Muzikinis ir judesio ugdymas<\/strong><\/li>\n\n\n\n<li><strong>&#8211; Po 3 minu\u010di\u0173 jokios veiklos ant kilim\u0117lio \u017eaislas persijungia \u012f miego re\u017eim\u0105.<\/strong><\/li>\n\n\n\n<li><strong>&#8211;<\/strong>\u00a0\u017daislas pagamintas i\u0161 saugi\u0173 med\u017eiag\u0173, kurios garantuoja naudojimo saugum\u0105. Kilim\u0117lis yra mink\u0161tas, o jo\u00a0<strong>neslystantis dugnas<\/strong>\u00a0u\u017etikrina stabilum\u0105 \u0161okant.<\/li>\n\n\n\n<li><strong>&#8211;<\/strong>\u00a0Kilim\u0117lyje yra\u00a0<strong>10 fortepijono klavi\u0161\u0173 ir 8 skirting\u0173 instrument\u0173 piktogramos<\/strong>\u00a0, kurias aktyvuojant galima sukurti unikalias garso kompozicijas. Tai \u017eaislas, skatinantis atrasti muzikinius geb\u0117jimus.<\/li>\n\n\n\n<li><strong>&#8211;<\/strong>\u00a0Kilim\u0117lis si\u016blo \u012fvairius re\u017eimus: nuo paruo\u0161t\u0173 melodij\u0173 grojimo iki savo k\u016brini\u0173 \u012fra\u0161ymo ir grojimo. D\u0117l to\u00a0<strong>linksmyb\u0117s niekada nenuobod\u017eiauja!<\/strong><\/li>\n<\/ul>\n\n\n\n<h4 class=\"wp-block-heading\">KILIM\u0116LIO SAVYB\u0116S:<\/h4>\n\n\n\n<ol class=\"wp-block-list\">\n<li><strong>DEMO re\u017eimas<\/strong>\u00a0: kai paspausite DEMO mygtuk\u0105, ant kilim\u0117lio groja melodijos, puikiai tinkan\u010dios j\u016bs\u0173 pirmiesiems bandymams \u0161okti ir \u017eaisti.<\/li>\n\n\n\n<li><strong>ONE KEY ONE NOTE re\u017eimas<\/strong>\u00a0: \u0160iame re\u017eime kiekvienas klavi\u0161o paspaudimas \u012fjungia kit\u0105 melodij\u0105, tod\u0117l j\u016bs\u0173 vaikas lengviau i\u0161moks ritm\u0105 ir garsus.<\/li>\n\n\n\n<li><strong>PLAY re\u017eimas<\/strong>\u00a0: leid\u017eia laisvai kurti savo kompozicijas, skatinan\u010dias k\u016brybi\u0161kum\u0105 ir \u017eaid\u017eiant su garsu.<\/li>\n\n\n\n<li><strong>\u012era\u0161ymas (RECORD)<\/strong>\u00a0: leid\u017eia \u012fra\u0161yti savo dainas ir jas atkurti, o tai lavina j\u016bs\u0173 atmint\u012f ir muzikinius \u012fg\u016bd\u017eius.<\/li>\n\n\n\n<li><strong>Atk\u016brimas (PLAY BACK)<\/strong>\u00a0: Paspaudus mygtuk\u0105, kilim\u0117lis groja \u012fra\u0161yt\u0105 melodij\u0105, suteikdamas vaikui pasitenkinim\u0105 savo pasiekimais.<\/li>\n\n\n\n<li><strong>Garsumo reguliavimas<\/strong>\u00a0: +\/- mygtuk\u0173 d\u0117ka galite reguliuoti garso lyg\u012f pagal ma\u017eylio pageidavimus ir taip u\u017etikrinti patogias \u017eaidimo s\u0105lygas.<\/li>\n\n\n\n<li><strong>Kilim\u0117lyje yra 10 skirting\u0173 dain\u0173<\/strong><\/li>\n<\/ol>","protected":false},"excerpt":{"rendered":"<p>Pianinko muzikinis kilim\u0117lis&nbsp;i\u0161&nbsp;WOOPIE&nbsp;prek\u0117s \u017eenklo yra \u012ftraukiantis pramogas visai \u0161eimai! Jei j\u016bs\u0173 vaikas m\u0117gsta \u0161okti, dainuoti ir linksmintis, muzikinis kilim\u0117lis yra puikus \u017eaislas, kuris ne tik suteiks pramog\u0173, bet ir palaikys j\u016bs\u0173 ma\u017eylio vystym\u0105si. D\u0117l savo universalumo \u017eaislas apjungia judes\u012f su lavinimu, leid\u017eia vaikui k\u016brybi\u0161kai eksperimentuoti su muzika ir lavinti motorin\u0119 koordinacij\u0105. Tai puikus pasirinkimas t\u0117vams, [&hellip;]<\/p>","protected":false},"featured_media":26700,"template":"","meta":{"_acf_changed":false,"iawp_total_views":1228},"product_cat":[84,85,49,39],"product_tag":[95,96,97,98],"class_list":{"0":"post-26697","1":"product","2":"type-product","3":"status-publish","4":"has-post-thumbnail","6":"product_cat-lavinamieji-zaislai","7":"product_cat-muzikiniai-zaislai","8":"product_cat-visi-zaislai","9":"product_cat-zaislai","10":"product_tag-1-m-2-m","11":"product_tag-2-m-3-m","12":"product_tag-3-m-4-m","13":"product_tag-5-m-7-m","15":"first","16":"outofstock","17":"sale","18":"taxable","19":"shipping-taxable","20":"purchasable","21":"product-type-simple"},"acf":[],"yoast_head":"<!-- This site is optimized with the Yoast SEO plugin v23.3 - https:\/\/yoast.com\/wordpress\/plugins\/seo\/ -->\n<title>Didelis muzikinis kilim\u0117lis - Montessori \u017eaislai<\/title>\n<meta name=\"robots\" content=\"index, follow, max-snippet:-1, max-image-preview:large, max-video-preview:-1\" \/>\n<link rel=\"canonical\" href=\"https:\/\/monti.lt\/en\/product\/didelis-muzikinis-kilimelis\/\" \/>\n<meta property=\"og:locale\" content=\"en_US\" \/>\n<meta property=\"og:type\" content=\"article\" \/>\n<meta property=\"og:title\" content=\"Didelis muzikinis kilim\u0117lis - Montessori \u017eaislai\" \/>\n<meta property=\"og:description\" content=\"Pianinko muzikinis kilim\u0117lis&nbsp;i\u0161&nbsp;WOOPIE&nbsp;prek\u0117s \u017eenklo yra \u012ftraukiantis pramogas visai \u0161eimai! Jei j\u016bs\u0173 vaikas m\u0117gsta \u0161okti, dainuoti ir linksmintis, muzikinis kilim\u0117lis yra puikus \u017eaislas, kuris ne tik suteiks pramog\u0173, bet ir palaikys j\u016bs\u0173 ma\u017eylio vystym\u0105si. D\u0117l savo universalumo \u017eaislas apjungia judes\u012f su lavinimu, leid\u017eia vaikui k\u016brybi\u0161kai eksperimentuoti su muzika ir lavinti motorin\u0119 koordinacij\u0105. Tai puikus pasirinkimas t\u0117vams, [&hellip;]\" \/>\n<meta property=\"og:url\" content=\"https:\/\/monti.lt\/en\/product\/didelis-muzikinis-kilimelis\/\" \/>\n<meta property=\"og:site_name\" content=\"Montessori \u017eaislai\" \/>\n<meta property=\"article:modified_time\" content=\"2026-01-27T17:40:04+00:00\" \/>\n<meta property=\"og:image\" content=\"https:\/\/monti.lt\/wp-content\/uploads\/2024\/11\/woopie-interaktywna-mata-muzyczna-do-tanczenia-xxl.jpg\" \/>\n\t<meta property=\"og:image:width\" content=\"800\" \/>\n\t<meta property=\"og:image:height\" content=\"800\" \/>\n\t<meta property=\"og:image:type\" content=\"image\/jpeg\" \/>\n<meta name=\"twitter:card\" content=\"summary_large_image\" \/>\n<meta name=\"twitter:label1\" content=\"Est. reading time\" \/>\n\t<meta name=\"twitter:data1\" content=\"2 minutes\" \/>\n<script type=\"application\/ld+json\" class=\"yoast-schema-graph\">{\"@context\":\"https:\/\/schema.org\",\"@graph\":[{\"@type\":\"WebPage\",\"@id\":\"https:\/\/monti.lt\/product\/didelis-muzikinis-kilimelis\/\",\"url\":\"https:\/\/monti.lt\/product\/didelis-muzikinis-kilimelis\/\",\"name\":\"Didelis muzikinis kilim\u0117lis - Montessori \u017eaislai\",\"isPartOf\":{\"@id\":\"https:\/\/monti.lt\/#website\"},\"primaryImageOfPage\":{\"@id\":\"https:\/\/monti.lt\/product\/didelis-muzikinis-kilimelis\/#primaryimage\"},\"image\":{\"@id\":\"https:\/\/monti.lt\/product\/didelis-muzikinis-kilimelis\/#primaryimage\"},\"thumbnailUrl\":\"https:\/\/monti.lt\/wp-content\/uploads\/2024\/11\/woopie-interaktywna-mata-muzyczna-do-tanczenia-xxl.jpg\",\"datePublished\":\"2024-11-04T11:55:03+00:00\",\"dateModified\":\"2026-01-27T17:40:04+00:00\",\"breadcrumb\":{\"@id\":\"https:\/\/monti.lt\/product\/didelis-muzikinis-kilimelis\/#breadcrumb\"},\"inLanguage\":\"en-US\",\"potentialAction\":[{\"@type\":\"ReadAction\",\"target\":[\"https:\/\/monti.lt\/product\/didelis-muzikinis-kilimelis\/\"]}]},{\"@type\":\"ImageObject\",\"inLanguage\":\"en-US\",\"@id\":\"https:\/\/monti.lt\/product\/didelis-muzikinis-kilimelis\/#primaryimage\",\"url\":\"https:\/\/monti.lt\/wp-content\/uploads\/2024\/11\/woopie-interaktywna-mata-muzyczna-do-tanczenia-xxl.jpg\",\"contentUrl\":\"https:\/\/monti.lt\/wp-content\/uploads\/2024\/11\/woopie-interaktywna-mata-muzyczna-do-tanczenia-xxl.jpg\",\"width\":800,\"height\":800,\"caption\":\"sokiu kilimelis\"},{\"@type\":\"BreadcrumbList\",\"@id\":\"https:\/\/monti.lt\/product\/didelis-muzikinis-kilimelis\/#breadcrumb\",\"itemListElement\":[{\"@type\":\"ListItem\",\"position\":1,\"name\":\"Home\",\"item\":\"https:\/\/monti.lt\/\"},{\"@type\":\"ListItem\",\"position\":2,\"name\":\"Parduotuv\u0117\",\"item\":\"https:\/\/monti.lt\/shop\/\"},{\"@type\":\"ListItem\",\"position\":3,\"name\":\"Didelis muzikinis kilim\u0117lis\"}]},{\"@type\":\"WebSite\",\"@id\":\"https:\/\/monti.lt\/#website\",\"url\":\"https:\/\/monti.lt\/\",\"name\":\"Montessori \u017eaislai\",\"description\":\"\",\"publisher\":{\"@id\":\"https:\/\/monti.lt\/#organization\"},\"potentialAction\":[{\"@type\":\"SearchAction\",\"target\":{\"@type\":\"EntryPoint\",\"urlTemplate\":\"https:\/\/monti.lt\/?s={search_term_string}\"},\"query-input\":\"required name=search_term_string\"}],\"inLanguage\":\"en-US\"},{\"@type\":\"Organization\",\"@id\":\"https:\/\/monti.lt\/#organization\",\"name\":\"Montessori \u017eaislai\",\"url\":\"https:\/\/monti.lt\/\",\"logo\":{\"@type\":\"ImageObject\",\"inLanguage\":\"en-US\",\"@id\":\"https:\/\/monti.lt\/#\/schema\/logo\/image\/\",\"url\":\"https:\/\/monti.lt\/wp-content\/uploads\/2022\/03\/montilogo-1.png\",\"contentUrl\":\"https:\/\/monti.lt\/wp-content\/uploads\/2022\/03\/montilogo-1.png\",\"width\":512,\"height\":512,\"caption\":\"Montessori \u017eaislai\"},\"image\":{\"@id\":\"https:\/\/monti.lt\/#\/schema\/logo\/image\/\"}}]}<\/script>\n<!-- \/ Yoast SEO plugin. -->","yoast_head_json":{"title":"Didelis muzikinis kilim\u0117lis - Montessori \u017eaislai","robots":{"index":"index","follow":"follow","max-snippet":"max-snippet:-1","max-image-preview":"max-image-preview:large","max-video-preview":"max-video-preview:-1"},"canonical":"https:\/\/monti.lt\/en\/product\/didelis-muzikinis-kilimelis\/","og_locale":"en_US","og_type":"article","og_title":"Didelis muzikinis kilim\u0117lis - Montessori \u017eaislai","og_description":"Pianinko muzikinis kilim\u0117lis&nbsp;i\u0161&nbsp;WOOPIE&nbsp;prek\u0117s \u017eenklo yra \u012ftraukiantis pramogas visai \u0161eimai! Jei j\u016bs\u0173 vaikas m\u0117gsta \u0161okti, dainuoti ir linksmintis, muzikinis kilim\u0117lis yra puikus \u017eaislas, kuris ne tik suteiks pramog\u0173, bet ir palaikys j\u016bs\u0173 ma\u017eylio vystym\u0105si. D\u0117l savo universalumo \u017eaislas apjungia judes\u012f su lavinimu, leid\u017eia vaikui k\u016brybi\u0161kai eksperimentuoti su muzika ir lavinti motorin\u0119 koordinacij\u0105. Tai puikus pasirinkimas t\u0117vams, [&hellip;]","og_url":"https:\/\/monti.lt\/en\/product\/didelis-muzikinis-kilimelis\/","og_site_name":"Montessori \u017eaislai","article_modified_time":"2026-01-27T17:40:04+00:00","og_image":[{"width":800,"height":800,"url":"https:\/\/monti.lt\/wp-content\/uploads\/2024\/11\/woopie-interaktywna-mata-muzyczna-do-tanczenia-xxl.jpg","type":"image\/jpeg"}],"twitter_card":"summary_large_image","twitter_misc":{"Est. reading time":"2 minutes"},"schema":{"@context":"https:\/\/schema.org","@graph":[{"@type":"WebPage","@id":"https:\/\/monti.lt\/product\/didelis-muzikinis-kilimelis\/","url":"https:\/\/monti.lt\/product\/didelis-muzikinis-kilimelis\/","name":"Didelis muzikinis kilim\u0117lis - Montessori \u017eaislai","isPartOf":{"@id":"https:\/\/monti.lt\/#website"},"primaryImageOfPage":{"@id":"https:\/\/monti.lt\/product\/didelis-muzikinis-kilimelis\/#primaryimage"},"image":{"@id":"https:\/\/monti.lt\/product\/didelis-muzikinis-kilimelis\/#primaryimage"},"thumbnailUrl":"https:\/\/monti.lt\/wp-content\/uploads\/2024\/11\/woopie-interaktywna-mata-muzyczna-do-tanczenia-xxl.jpg","datePublished":"2024-11-04T11:55:03+00:00","dateModified":"2026-01-27T17:40:04+00:00","breadcrumb":{"@id":"https:\/\/monti.lt\/product\/didelis-muzikinis-kilimelis\/#breadcrumb"},"inLanguage":"en-US","potentialAction":[{"@type":"ReadAction","target":["https:\/\/monti.lt\/product\/didelis-muzikinis-kilimelis\/"]}]},{"@type":"ImageObject","inLanguage":"en-US","@id":"https:\/\/monti.lt\/product\/didelis-muzikinis-kilimelis\/#primaryimage","url":"https:\/\/monti.lt\/wp-content\/uploads\/2024\/11\/woopie-interaktywna-mata-muzyczna-do-tanczenia-xxl.jpg","contentUrl":"https:\/\/monti.lt\/wp-content\/uploads\/2024\/11\/woopie-interaktywna-mata-muzyczna-do-tanczenia-xxl.jpg","width":800,"height":800,"caption":"sokiu kilimelis"},{"@type":"BreadcrumbList","@id":"https:\/\/monti.lt\/product\/didelis-muzikinis-kilimelis\/#breadcrumb","itemListElement":[{"@type":"ListItem","position":1,"name":"Home","item":"https:\/\/monti.lt\/"},{"@type":"ListItem","position":2,"name":"Parduotuv\u0117","item":"https:\/\/monti.lt\/shop\/"},{"@type":"ListItem","position":3,"name":"Didelis muzikinis kilim\u0117lis"}]},{"@type":"WebSite","@id":"https:\/\/monti.lt\/#website","url":"https:\/\/monti.lt\/","name":"Montessori \u017eaislai","description":"","publisher":{"@id":"https:\/\/monti.lt\/#organization"},"potentialAction":[{"@type":"SearchAction","target":{"@type":"EntryPoint","urlTemplate":"https:\/\/monti.lt\/?s={search_term_string}"},"query-input":"required name=search_term_string"}],"inLanguage":"en-US"},{"@type":"Organization","@id":"https:\/\/monti.lt\/#organization","name":"Montessori \u017eaislai","url":"https:\/\/monti.lt\/","logo":{"@type":"ImageObject","inLanguage":"en-US","@id":"https:\/\/monti.lt\/#\/schema\/logo\/image\/","url":"https:\/\/monti.lt\/wp-content\/uploads\/2022\/03\/montilogo-1.png","contentUrl":"https:\/\/monti.lt\/wp-content\/uploads\/2022\/03\/montilogo-1.png","width":512,"height":512,"caption":"Montessori \u017eaislai"},"image":{"@id":"https:\/\/monti.lt\/#\/schema\/logo\/image\/"}}]}},"_links":{"self":[{"href":"https:\/\/monti.lt\/en\/wp-json\/wp\/v2\/product\/26697"}],"collection":[{"href":"https:\/\/monti.lt\/en\/wp-json\/wp\/v2\/product"}],"about":[{"href":"https:\/\/monti.lt\/en\/wp-json\/wp\/v2\/types\/product"}],"version-history":[{"count":1,"href":"https:\/\/monti.lt\/en\/wp-json\/wp\/v2\/product\/26697\/revisions"}],"predecessor-version":[{"id":26706,"href":"https:\/\/monti.lt\/en\/wp-json\/wp\/v2\/product\/26697\/revisions\/26706"}],"wp:featuredmedia":[{"embeddable":true,"href":"https:\/\/monti.lt\/en\/wp-json\/wp\/v2\/media\/26700"}],"wp:attachment":[{"href":"https:\/\/monti.lt\/en\/wp-json\/wp\/v2\/media?parent=26697"}],"wp:term":[{"taxonomy":"product_cat","embeddable":true,"href":"https:\/\/monti.lt\/en\/wp-json\/wp\/v2\/product_cat?post=26697"},{"taxonomy":"product_tag","embeddable":true,"href":"https:\/\/monti.lt\/en\/wp-json\/wp\/v2\/product_tag?post=26697"}],"curies":[{"name":"wp","href":"https:\/\/api.w.org\/{rel}","templated":true}]}}