{"id":26707,"date":"2024-11-04T11:58:31","date_gmt":"2024-11-04T11:58:31","guid":{"rendered":"https:\/\/monti.lt\/?post_type=product&#038;p=26707"},"modified":"2025-12-17T12:29:44","modified_gmt":"2025-12-17T12:29:44","slug":"vonios-zaislas-banginis","status":"publish","type":"product","link":"https:\/\/monti.lt\/en\/product\/vonios-zaislas-banginis\/","title":{"rendered":"Vonios \u017eaislas banginis"},"content":{"rendered":"<p><strong>WOOPIE<\/strong>&nbsp;prek\u0117s \u017eenklo&nbsp;<strong>LED vandens snapelis banginis<\/strong>&nbsp;, kuris j\u016bs\u0173 kasdien\u0119 voni\u0105 paver\u010dia nepamir\u0161tamu, k\u016brybingu nuotykiu. Ant vandens pl\u016bduriuojantis stebuklingas banginis turi&nbsp;<strong>spalvingas LED lemputes ir pur\u0161kia vanden\u012f<\/strong>&nbsp;, sukurdamas&nbsp;<strong>mini fontan\u0105<\/strong>&nbsp;, suteikiant\u012f daug pramog\u0173 vandens pramog\u0173 metu. Tai palaiko&nbsp;<strong>rankini\u0173 \u012fg\u016bd\u017ei\u0173 ugdym\u0105<\/strong>&nbsp;, skatina k\u016brybi\u0161kum\u0105 ir reg\u0117jimo poj\u016bt\u012f. D\u0117l \u012fdomios formos, spalving\u0173 \u0161vies\u0173 ir tryk\u0161tan\u010dio fontano \u017eaislas&nbsp;<strong>skatina \u017eaisti vonioje.<\/strong><\/p>\n\n\n\n<p><strong>Charakteristika:<\/strong><\/p>\n\n\n\n<ul class=\"wp-block-list\">\n<li>&#8211; \u017eaislas\u00a0<strong>nuo 12 m\u0117nesi\u0173 am\u017eiaus,<\/strong><\/li>\n\n\n\n<li>&#8211; Funkcija:\u00a0<strong>vandens snapelis,<\/strong>\u00a0mini fontanas,<\/li>\n\n\n\n<li>&#8211; LED\u00a0<strong>\u0161viesos efektas<\/strong>\u00a0, 3 spalvos: raudona, m\u0117lyna, \u017ealia,<\/li>\n\n\n\n<li>&#8211;\u00a0<strong>skatina<\/strong>\u00a0vaik\u0105\u00a0<strong>i\u0161simaudyti,<\/strong><\/li>\n\n\n\n<li>&#8211;\u00a0<strong>Reikalingos baterijos:<\/strong>\u00a03x 1,5v AAA (\u012f komplekt\u0105 ne\u012feina).<\/li>\n<\/ul>\n\n\n\n<p><strong>\u017daislas vysto:<\/strong><\/p>\n\n\n\n<ul class=\"wp-block-list\">\n<li>&#8211; k\u016brybi\u0161kumas,<\/li>\n\n\n\n<li>&#8211; rankiniai \u012fg\u016bd\u017eiai,<\/li>\n\n\n\n<li>&#8211; poj\u016b\u010di\u0173 ir reg\u0117jimo stimuliavimas,<\/li>\n\n\n\n<li>&#8211; motoriniai \u012fg\u016bd\u017eiai.<\/li>\n<\/ul>\n\n\n\n<p><strong>\u017daislas 2 spalv\u0173 variant\u0173 (atsitiktinis pasirinkimas).&nbsp;<\/strong><br><strong>Kaina nurodyta u\u017e 1 vnt.<\/strong><\/p>","protected":false},"excerpt":{"rendered":"<p>WOOPIE&nbsp;prek\u0117s \u017eenklo&nbsp;LED vandens snapelis banginis&nbsp;, kuris j\u016bs\u0173 kasdien\u0119 voni\u0105 paver\u010dia nepamir\u0161tamu, k\u016brybingu nuotykiu. Ant vandens pl\u016bduriuojantis stebuklingas banginis turi&nbsp;spalvingas LED lemputes ir pur\u0161kia vanden\u012f&nbsp;, sukurdamas&nbsp;mini fontan\u0105&nbsp;, suteikiant\u012f daug pramog\u0173 vandens pramog\u0173 metu. Tai palaiko&nbsp;rankini\u0173 \u012fg\u016bd\u017ei\u0173 ugdym\u0105&nbsp;, skatina k\u016brybi\u0161kum\u0105 ir reg\u0117jimo poj\u016bt\u012f. D\u0117l \u012fdomios formos, spalving\u0173 \u0161vies\u0173 ir tryk\u0161tan\u010dio fontano \u017eaislas&nbsp;skatina \u017eaisti vonioje. Charakteristika: \u017daislas vysto: [&hellip;]<\/p>","protected":false},"featured_media":26708,"template":"","meta":{"_acf_changed":false,"iawp_total_views":542},"product_cat":[190,39],"product_tag":[95,96,97,98],"class_list":{"0":"post-26707","1":"product","2":"type-product","3":"status-publish","4":"has-post-thumbnail","6":"product_cat-maudynems","7":"product_cat-zaislai","8":"product_tag-1-m-2-m","9":"product_tag-2-m-3-m","10":"product_tag-3-m-4-m","11":"product_tag-5-m-7-m","13":"first","14":"outofstock","15":"taxable","16":"shipping-taxable","17":"purchasable","18":"product-type-simple"},"acf":[],"yoast_head":"<!-- This site is optimized with the Yoast SEO plugin v23.3 - https:\/\/yoast.com\/wordpress\/plugins\/seo\/ -->\n<title>Vonios \u017eaislas banginis - Montessori \u017eaislai<\/title>\n<meta name=\"robots\" content=\"index, follow, max-snippet:-1, max-image-preview:large, max-video-preview:-1\" \/>\n<link rel=\"canonical\" href=\"https:\/\/monti.lt\/en\/product\/vonios-zaislas-banginis\/\" \/>\n<meta property=\"og:locale\" content=\"en_US\" \/>\n<meta property=\"og:type\" content=\"article\" \/>\n<meta property=\"og:title\" content=\"Vonios \u017eaislas banginis - Montessori \u017eaislai\" \/>\n<meta property=\"og:description\" content=\"WOOPIE&nbsp;prek\u0117s \u017eenklo&nbsp;LED vandens snapelis banginis&nbsp;, kuris j\u016bs\u0173 kasdien\u0119 voni\u0105 paver\u010dia nepamir\u0161tamu, k\u016brybingu nuotykiu. Ant vandens pl\u016bduriuojantis stebuklingas banginis turi&nbsp;spalvingas LED lemputes ir pur\u0161kia vanden\u012f&nbsp;, sukurdamas&nbsp;mini fontan\u0105&nbsp;, suteikiant\u012f daug pramog\u0173 vandens pramog\u0173 metu. Tai palaiko&nbsp;rankini\u0173 \u012fg\u016bd\u017ei\u0173 ugdym\u0105&nbsp;, skatina k\u016brybi\u0161kum\u0105 ir reg\u0117jimo poj\u016bt\u012f. D\u0117l \u012fdomios formos, spalving\u0173 \u0161vies\u0173 ir tryk\u0161tan\u010dio fontano \u017eaislas&nbsp;skatina \u017eaisti vonioje. Charakteristika: \u017daislas vysto: [&hellip;]\" \/>\n<meta property=\"og:url\" content=\"https:\/\/monti.lt\/en\/product\/vonios-zaislas-banginis\/\" \/>\n<meta property=\"og:site_name\" content=\"Montessori \u017eaislai\" \/>\n<meta property=\"article:modified_time\" content=\"2025-12-17T12:29:44+00:00\" \/>\n<meta property=\"og:image\" content=\"https:\/\/monti.lt\/wp-content\/uploads\/2024\/11\/woopie-baby-zabawka-do-kapieli-wieloryb-tryskajacy-woda-fontanna-led.jpg.png\" \/>\n\t<meta property=\"og:image:width\" content=\"800\" \/>\n\t<meta property=\"og:image:height\" content=\"800\" \/>\n\t<meta property=\"og:image:type\" content=\"image\/png\" \/>\n<meta name=\"twitter:card\" content=\"summary_large_image\" \/>\n<meta name=\"twitter:label1\" content=\"Est. reading time\" \/>\n\t<meta name=\"twitter:data1\" content=\"1 minute\" \/>\n<script type=\"application\/ld+json\" class=\"yoast-schema-graph\">{\"@context\":\"https:\/\/schema.org\",\"@graph\":[{\"@type\":\"WebPage\",\"@id\":\"https:\/\/monti.lt\/product\/vonios-zaislas-banginis\/\",\"url\":\"https:\/\/monti.lt\/product\/vonios-zaislas-banginis\/\",\"name\":\"Vonios \u017eaislas banginis - Montessori \u017eaislai\",\"isPartOf\":{\"@id\":\"https:\/\/monti.lt\/#website\"},\"primaryImageOfPage\":{\"@id\":\"https:\/\/monti.lt\/product\/vonios-zaislas-banginis\/#primaryimage\"},\"image\":{\"@id\":\"https:\/\/monti.lt\/product\/vonios-zaislas-banginis\/#primaryimage\"},\"thumbnailUrl\":\"https:\/\/monti.lt\/wp-content\/uploads\/2024\/11\/woopie-baby-zabawka-do-kapieli-wieloryb-tryskajacy-woda-fontanna-led.jpg.png\",\"datePublished\":\"2024-11-04T11:58:31+00:00\",\"dateModified\":\"2025-12-17T12:29:44+00:00\",\"breadcrumb\":{\"@id\":\"https:\/\/monti.lt\/product\/vonios-zaislas-banginis\/#breadcrumb\"},\"inLanguage\":\"en-US\",\"potentialAction\":[{\"@type\":\"ReadAction\",\"target\":[\"https:\/\/monti.lt\/product\/vonios-zaislas-banginis\/\"]}]},{\"@type\":\"ImageObject\",\"inLanguage\":\"en-US\",\"@id\":\"https:\/\/monti.lt\/product\/vonios-zaislas-banginis\/#primaryimage\",\"url\":\"https:\/\/monti.lt\/wp-content\/uploads\/2024\/11\/woopie-baby-zabawka-do-kapieli-wieloryb-tryskajacy-woda-fontanna-led.jpg.png\",\"contentUrl\":\"https:\/\/monti.lt\/wp-content\/uploads\/2024\/11\/woopie-baby-zabawka-do-kapieli-wieloryb-tryskajacy-woda-fontanna-led.jpg.png\",\"width\":800,\"height\":800,\"caption\":\"vonios zaislas\"},{\"@type\":\"BreadcrumbList\",\"@id\":\"https:\/\/monti.lt\/product\/vonios-zaislas-banginis\/#breadcrumb\",\"itemListElement\":[{\"@type\":\"ListItem\",\"position\":1,\"name\":\"Home\",\"item\":\"https:\/\/monti.lt\/\"},{\"@type\":\"ListItem\",\"position\":2,\"name\":\"Parduotuv\u0117\",\"item\":\"https:\/\/monti.lt\/shop\/\"},{\"@type\":\"ListItem\",\"position\":3,\"name\":\"Vonios \u017eaislas banginis\"}]},{\"@type\":\"WebSite\",\"@id\":\"https:\/\/monti.lt\/#website\",\"url\":\"https:\/\/monti.lt\/\",\"name\":\"Montessori \u017eaislai\",\"description\":\"\",\"publisher\":{\"@id\":\"https:\/\/monti.lt\/#organization\"},\"potentialAction\":[{\"@type\":\"SearchAction\",\"target\":{\"@type\":\"EntryPoint\",\"urlTemplate\":\"https:\/\/monti.lt\/?s={search_term_string}\"},\"query-input\":\"required name=search_term_string\"}],\"inLanguage\":\"en-US\"},{\"@type\":\"Organization\",\"@id\":\"https:\/\/monti.lt\/#organization\",\"name\":\"Montessori \u017eaislai\",\"url\":\"https:\/\/monti.lt\/\",\"logo\":{\"@type\":\"ImageObject\",\"inLanguage\":\"en-US\",\"@id\":\"https:\/\/monti.lt\/#\/schema\/logo\/image\/\",\"url\":\"https:\/\/monti.lt\/wp-content\/uploads\/2022\/03\/montilogo-1.png\",\"contentUrl\":\"https:\/\/monti.lt\/wp-content\/uploads\/2022\/03\/montilogo-1.png\",\"width\":512,\"height\":512,\"caption\":\"Montessori \u017eaislai\"},\"image\":{\"@id\":\"https:\/\/monti.lt\/#\/schema\/logo\/image\/\"}}]}<\/script>\n<!-- \/ Yoast SEO plugin. -->","yoast_head_json":{"title":"Vonios \u017eaislas banginis - Montessori \u017eaislai","robots":{"index":"index","follow":"follow","max-snippet":"max-snippet:-1","max-image-preview":"max-image-preview:large","max-video-preview":"max-video-preview:-1"},"canonical":"https:\/\/monti.lt\/en\/product\/vonios-zaislas-banginis\/","og_locale":"en_US","og_type":"article","og_title":"Vonios \u017eaislas banginis - Montessori \u017eaislai","og_description":"WOOPIE&nbsp;prek\u0117s \u017eenklo&nbsp;LED vandens snapelis banginis&nbsp;, kuris j\u016bs\u0173 kasdien\u0119 voni\u0105 paver\u010dia nepamir\u0161tamu, k\u016brybingu nuotykiu. Ant vandens pl\u016bduriuojantis stebuklingas banginis turi&nbsp;spalvingas LED lemputes ir pur\u0161kia vanden\u012f&nbsp;, sukurdamas&nbsp;mini fontan\u0105&nbsp;, suteikiant\u012f daug pramog\u0173 vandens pramog\u0173 metu. Tai palaiko&nbsp;rankini\u0173 \u012fg\u016bd\u017ei\u0173 ugdym\u0105&nbsp;, skatina k\u016brybi\u0161kum\u0105 ir reg\u0117jimo poj\u016bt\u012f. D\u0117l \u012fdomios formos, spalving\u0173 \u0161vies\u0173 ir tryk\u0161tan\u010dio fontano \u017eaislas&nbsp;skatina \u017eaisti vonioje. Charakteristika: \u017daislas vysto: [&hellip;]","og_url":"https:\/\/monti.lt\/en\/product\/vonios-zaislas-banginis\/","og_site_name":"Montessori \u017eaislai","article_modified_time":"2025-12-17T12:29:44+00:00","og_image":[{"width":800,"height":800,"url":"https:\/\/monti.lt\/wp-content\/uploads\/2024\/11\/woopie-baby-zabawka-do-kapieli-wieloryb-tryskajacy-woda-fontanna-led.jpg.png","type":"image\/png"}],"twitter_card":"summary_large_image","twitter_misc":{"Est. reading time":"1 minute"},"schema":{"@context":"https:\/\/schema.org","@graph":[{"@type":"WebPage","@id":"https:\/\/monti.lt\/product\/vonios-zaislas-banginis\/","url":"https:\/\/monti.lt\/product\/vonios-zaislas-banginis\/","name":"Vonios \u017eaislas banginis - Montessori \u017eaislai","isPartOf":{"@id":"https:\/\/monti.lt\/#website"},"primaryImageOfPage":{"@id":"https:\/\/monti.lt\/product\/vonios-zaislas-banginis\/#primaryimage"},"image":{"@id":"https:\/\/monti.lt\/product\/vonios-zaislas-banginis\/#primaryimage"},"thumbnailUrl":"https:\/\/monti.lt\/wp-content\/uploads\/2024\/11\/woopie-baby-zabawka-do-kapieli-wieloryb-tryskajacy-woda-fontanna-led.jpg.png","datePublished":"2024-11-04T11:58:31+00:00","dateModified":"2025-12-17T12:29:44+00:00","breadcrumb":{"@id":"https:\/\/monti.lt\/product\/vonios-zaislas-banginis\/#breadcrumb"},"inLanguage":"en-US","potentialAction":[{"@type":"ReadAction","target":["https:\/\/monti.lt\/product\/vonios-zaislas-banginis\/"]}]},{"@type":"ImageObject","inLanguage":"en-US","@id":"https:\/\/monti.lt\/product\/vonios-zaislas-banginis\/#primaryimage","url":"https:\/\/monti.lt\/wp-content\/uploads\/2024\/11\/woopie-baby-zabawka-do-kapieli-wieloryb-tryskajacy-woda-fontanna-led.jpg.png","contentUrl":"https:\/\/monti.lt\/wp-content\/uploads\/2024\/11\/woopie-baby-zabawka-do-kapieli-wieloryb-tryskajacy-woda-fontanna-led.jpg.png","width":800,"height":800,"caption":"vonios zaislas"},{"@type":"BreadcrumbList","@id":"https:\/\/monti.lt\/product\/vonios-zaislas-banginis\/#breadcrumb","itemListElement":[{"@type":"ListItem","position":1,"name":"Home","item":"https:\/\/monti.lt\/"},{"@type":"ListItem","position":2,"name":"Parduotuv\u0117","item":"https:\/\/monti.lt\/shop\/"},{"@type":"ListItem","position":3,"name":"Vonios \u017eaislas banginis"}]},{"@type":"WebSite","@id":"https:\/\/monti.lt\/#website","url":"https:\/\/monti.lt\/","name":"Montessori \u017eaislai","description":"","publisher":{"@id":"https:\/\/monti.lt\/#organization"},"potentialAction":[{"@type":"SearchAction","target":{"@type":"EntryPoint","urlTemplate":"https:\/\/monti.lt\/?s={search_term_string}"},"query-input":"required name=search_term_string"}],"inLanguage":"en-US"},{"@type":"Organization","@id":"https:\/\/monti.lt\/#organization","name":"Montessori \u017eaislai","url":"https:\/\/monti.lt\/","logo":{"@type":"ImageObject","inLanguage":"en-US","@id":"https:\/\/monti.lt\/#\/schema\/logo\/image\/","url":"https:\/\/monti.lt\/wp-content\/uploads\/2022\/03\/montilogo-1.png","contentUrl":"https:\/\/monti.lt\/wp-content\/uploads\/2022\/03\/montilogo-1.png","width":512,"height":512,"caption":"Montessori \u017eaislai"},"image":{"@id":"https:\/\/monti.lt\/#\/schema\/logo\/image\/"}}]}},"_links":{"self":[{"href":"https:\/\/monti.lt\/en\/wp-json\/wp\/v2\/product\/26707"}],"collection":[{"href":"https:\/\/monti.lt\/en\/wp-json\/wp\/v2\/product"}],"about":[{"href":"https:\/\/monti.lt\/en\/wp-json\/wp\/v2\/types\/product"}],"version-history":[{"count":1,"href":"https:\/\/monti.lt\/en\/wp-json\/wp\/v2\/product\/26707\/revisions"}],"predecessor-version":[{"id":26712,"href":"https:\/\/monti.lt\/en\/wp-json\/wp\/v2\/product\/26707\/revisions\/26712"}],"wp:featuredmedia":[{"embeddable":true,"href":"https:\/\/monti.lt\/en\/wp-json\/wp\/v2\/media\/26708"}],"wp:attachment":[{"href":"https:\/\/monti.lt\/en\/wp-json\/wp\/v2\/media?parent=26707"}],"wp:term":[{"taxonomy":"product_cat","embeddable":true,"href":"https:\/\/monti.lt\/en\/wp-json\/wp\/v2\/product_cat?post=26707"},{"taxonomy":"product_tag","embeddable":true,"href":"https:\/\/monti.lt\/en\/wp-json\/wp\/v2\/product_tag?post=26707"}],"curies":[{"name":"wp","href":"https:\/\/api.w.org\/{rel}","templated":true}]}}