{"id":26713,"date":"2024-11-04T12:25:35","date_gmt":"2024-11-04T12:25:35","guid":{"rendered":"https:\/\/monti.lt\/?post_type=product&#038;p=26713"},"modified":"2025-11-29T08:07:52","modified_gmt":"2025-11-29T08:07:52","slug":"vonios-zaislas-sraigteliai","status":"publish","type":"product","link":"https:\/\/monti.lt\/en\/product\/vonios-zaislas-sraigteliai\/","title":{"rendered":"Vonios \u017eaislas sraigteliai\u00a0"},"content":{"rendered":"<p><strong>Spalvingos Woopie<\/strong>&nbsp;prek\u0117s \u017eenklo&nbsp;<strong>krumpliara\u010diai<\/strong>&nbsp;yra \u017eaislas, kuris padaro vaik\u0173&nbsp;<strong>maudymosi laik\u0105 malonesn\u012f.<\/strong>&nbsp;Rinkin\u012f sudaro&nbsp;<strong>6 spalvingi<\/strong>&nbsp;dviej\u0173 dyd\u017ei\u0173 krumpliai. Siurbtukai, esantys \u0161alia kiekvieno krumpliara\u010dio, leid\u017eia&nbsp;<strong>pritvirtinti j\u012f prie plyteli\u0173, vonios ar du\u0161o<\/strong>&nbsp;, kad elementai susijungt\u0173. \u017daisdamas vaikas judina vien\u0105 element\u0105 ir&nbsp;<strong>pajudina<\/strong>&nbsp;vis\u0105 strukt\u016br\u0105 . \u017daisdamas ma\u017eylis mokosi&nbsp;<strong>prie\u017easties ir pasekm\u0117s<\/strong>&nbsp;principo , lavina poj\u016b\u010dius, o spalvinga j\u016bros grafika skatina \u017eaisti ir pa\u012fvairina pramogas du\u0161e ar vonioje.<\/p>\n\n\n\n<p><strong>Charakteristika:<\/strong><\/p>\n\n\n\n<ul class=\"wp-block-list\">\n<li>&#8211; \u017eaislas nuo\u00a0<strong>12 m\u0117nesi\u0173 am\u017eiaus<\/strong><\/li>\n\n\n\n<li>&#8211; rinkin\u012f sudaro\u00a0<strong>6 vnt. &#8211;\u00a0krumpliara\u010diai \/ krumpliara\u010diai<\/strong><\/li>\n\n\n\n<li>&#8211; sutelks vaik\u0105 maudymosi metu<\/li>\n\n\n\n<li>&#8211;\u00a0<strong>strukt\u016br\u0173 k\u016brimas<\/strong>\u00a0lavins login\u012f m\u0105stym\u0105<\/li>\n\n\n\n<li>&#8211;\u00a0<strong>siurbtukai,<\/strong>\u00a0skirti montuoti ant vonios\/sienos\/du\u0161o<\/li>\n\n\n\n<li>&#8211;\u00a0<strong>auk\u0161\u010diausios kokyb\u0117s apdirbimas,<\/strong>\u00a0rafinuotos detal\u0117s &#8211; saugus vaikui<\/li>\n<\/ul>\n\n\n\n<p><strong>\u017daislas vysto:<\/strong><\/p>\n\n\n\n<ul class=\"wp-block-list\">\n<li>&#8211; smulkioji motorika &#8211; lavina ma\u017eylio rank\u0173 miklum\u0105<\/li>\n\n\n\n<li>&#8211; rank\u0173 ir aki\u0173 koordinacija<\/li>\n\n\n\n<li>&#8211; lavina prie\u017easties ir pasekm\u0117s m\u0105stym\u0105<\/li>\n\n\n\n<li>&#8211; moko spalv\u0173 ir form\u0173<\/li>\n<\/ul>","protected":false},"excerpt":{"rendered":"<p>Spalvingos Woopie&nbsp;prek\u0117s \u017eenklo&nbsp;krumpliara\u010diai&nbsp;yra \u017eaislas, kuris padaro vaik\u0173&nbsp;maudymosi laik\u0105 malonesn\u012f.&nbsp;Rinkin\u012f sudaro&nbsp;6 spalvingi&nbsp;dviej\u0173 dyd\u017ei\u0173 krumpliai. Siurbtukai, esantys \u0161alia kiekvieno krumpliara\u010dio, leid\u017eia&nbsp;pritvirtinti j\u012f prie plyteli\u0173, vonios ar du\u0161o&nbsp;, kad elementai susijungt\u0173. \u017daisdamas vaikas judina vien\u0105 element\u0105 ir&nbsp;pajudina&nbsp;vis\u0105 strukt\u016br\u0105 . \u017daisdamas ma\u017eylis mokosi&nbsp;prie\u017easties ir pasekm\u0117s&nbsp;principo , lavina poj\u016b\u010dius, o spalvinga j\u016bros grafika skatina \u017eaisti ir pa\u012fvairina pramogas du\u0161e ar [&hellip;]<\/p>","protected":false},"featured_media":26716,"template":"","meta":{"_acf_changed":false,"iawp_total_views":158},"product_cat":[84,91,190,39],"product_tag":[95,96,97],"class_list":{"0":"post-26713","1":"product","2":"type-product","3":"status-publish","4":"has-post-thumbnail","6":"product_cat-lavinamieji-zaislai","7":"product_cat-loginiam-mastymui","8":"product_cat-maudynems","9":"product_cat-zaislai","10":"product_tag-1-m-2-m","11":"product_tag-2-m-3-m","12":"product_tag-3-m-4-m","14":"first","15":"outofstock","16":"sale","17":"taxable","18":"shipping-taxable","19":"purchasable","20":"product-type-simple"},"acf":[],"yoast_head":"<!-- This site is optimized with the Yoast SEO plugin v23.3 - https:\/\/yoast.com\/wordpress\/plugins\/seo\/ -->\n<title>Vonios \u017eaislas sraigteliai\u00a0 - Montessori \u017eaislai<\/title>\n<meta name=\"robots\" content=\"index, follow, max-snippet:-1, max-image-preview:large, max-video-preview:-1\" \/>\n<link rel=\"canonical\" href=\"https:\/\/monti.lt\/en\/product\/vonios-zaislas-sraigteliai\/\" \/>\n<meta property=\"og:locale\" content=\"en_US\" \/>\n<meta property=\"og:type\" content=\"article\" \/>\n<meta property=\"og:title\" content=\"Vonios \u017eaislas sraigteliai\u00a0 - Montessori \u017eaislai\" \/>\n<meta property=\"og:description\" content=\"Spalvingos Woopie&nbsp;prek\u0117s \u017eenklo&nbsp;krumpliara\u010diai&nbsp;yra \u017eaislas, kuris padaro vaik\u0173&nbsp;maudymosi laik\u0105 malonesn\u012f.&nbsp;Rinkin\u012f sudaro&nbsp;6 spalvingi&nbsp;dviej\u0173 dyd\u017ei\u0173 krumpliai. Siurbtukai, esantys \u0161alia kiekvieno krumpliara\u010dio, leid\u017eia&nbsp;pritvirtinti j\u012f prie plyteli\u0173, vonios ar du\u0161o&nbsp;, kad elementai susijungt\u0173. \u017daisdamas vaikas judina vien\u0105 element\u0105 ir&nbsp;pajudina&nbsp;vis\u0105 strukt\u016br\u0105 . \u017daisdamas ma\u017eylis mokosi&nbsp;prie\u017easties ir pasekm\u0117s&nbsp;principo , lavina poj\u016b\u010dius, o spalvinga j\u016bros grafika skatina \u017eaisti ir pa\u012fvairina pramogas du\u0161e ar [&hellip;]\" \/>\n<meta property=\"og:url\" content=\"https:\/\/monti.lt\/en\/product\/vonios-zaislas-sraigteliai\/\" \/>\n<meta property=\"og:site_name\" content=\"Montessori \u017eaislai\" \/>\n<meta property=\"article:modified_time\" content=\"2025-11-29T08:07:52+00:00\" \/>\n<meta property=\"og:image\" content=\"https:\/\/monti.lt\/wp-content\/uploads\/2024\/11\/woopie-baby-zabawka-zebatka-do-kapieli-wody.jpg.png\" \/>\n\t<meta property=\"og:image:width\" content=\"800\" \/>\n\t<meta property=\"og:image:height\" content=\"800\" \/>\n\t<meta property=\"og:image:type\" content=\"image\/png\" \/>\n<meta name=\"twitter:card\" content=\"summary_large_image\" \/>\n<meta name=\"twitter:label1\" content=\"Est. reading time\" \/>\n\t<meta name=\"twitter:data1\" content=\"1 minute\" \/>\n<script type=\"application\/ld+json\" class=\"yoast-schema-graph\">{\"@context\":\"https:\/\/schema.org\",\"@graph\":[{\"@type\":\"WebPage\",\"@id\":\"https:\/\/monti.lt\/product\/vonios-zaislas-sraigteliai\/\",\"url\":\"https:\/\/monti.lt\/product\/vonios-zaislas-sraigteliai\/\",\"name\":\"Vonios \u017eaislas sraigteliai\u00a0 - Montessori \u017eaislai\",\"isPartOf\":{\"@id\":\"https:\/\/monti.lt\/#website\"},\"primaryImageOfPage\":{\"@id\":\"https:\/\/monti.lt\/product\/vonios-zaislas-sraigteliai\/#primaryimage\"},\"image\":{\"@id\":\"https:\/\/monti.lt\/product\/vonios-zaislas-sraigteliai\/#primaryimage\"},\"thumbnailUrl\":\"https:\/\/monti.lt\/wp-content\/uploads\/2024\/11\/woopie-baby-zabawka-zebatka-do-kapieli-wody.jpg.png\",\"datePublished\":\"2024-11-04T12:25:35+00:00\",\"dateModified\":\"2025-11-29T08:07:52+00:00\",\"breadcrumb\":{\"@id\":\"https:\/\/monti.lt\/product\/vonios-zaislas-sraigteliai\/#breadcrumb\"},\"inLanguage\":\"en-US\",\"potentialAction\":[{\"@type\":\"ReadAction\",\"target\":[\"https:\/\/monti.lt\/product\/vonios-zaislas-sraigteliai\/\"]}]},{\"@type\":\"ImageObject\",\"inLanguage\":\"en-US\",\"@id\":\"https:\/\/monti.lt\/product\/vonios-zaislas-sraigteliai\/#primaryimage\",\"url\":\"https:\/\/monti.lt\/wp-content\/uploads\/2024\/11\/woopie-baby-zabawka-zebatka-do-kapieli-wody.jpg.png\",\"contentUrl\":\"https:\/\/monti.lt\/wp-content\/uploads\/2024\/11\/woopie-baby-zabawka-zebatka-do-kapieli-wody.jpg.png\",\"width\":800,\"height\":800,\"caption\":\"sraigteliai\"},{\"@type\":\"BreadcrumbList\",\"@id\":\"https:\/\/monti.lt\/product\/vonios-zaislas-sraigteliai\/#breadcrumb\",\"itemListElement\":[{\"@type\":\"ListItem\",\"position\":1,\"name\":\"Home\",\"item\":\"https:\/\/monti.lt\/\"},{\"@type\":\"ListItem\",\"position\":2,\"name\":\"Parduotuv\u0117\",\"item\":\"https:\/\/monti.lt\/shop\/\"},{\"@type\":\"ListItem\",\"position\":3,\"name\":\"Vonios \u017eaislas sraigteliai\u00a0\"}]},{\"@type\":\"WebSite\",\"@id\":\"https:\/\/monti.lt\/#website\",\"url\":\"https:\/\/monti.lt\/\",\"name\":\"Montessori \u017eaislai\",\"description\":\"\",\"publisher\":{\"@id\":\"https:\/\/monti.lt\/#organization\"},\"potentialAction\":[{\"@type\":\"SearchAction\",\"target\":{\"@type\":\"EntryPoint\",\"urlTemplate\":\"https:\/\/monti.lt\/?s={search_term_string}\"},\"query-input\":\"required name=search_term_string\"}],\"inLanguage\":\"en-US\"},{\"@type\":\"Organization\",\"@id\":\"https:\/\/monti.lt\/#organization\",\"name\":\"Montessori \u017eaislai\",\"url\":\"https:\/\/monti.lt\/\",\"logo\":{\"@type\":\"ImageObject\",\"inLanguage\":\"en-US\",\"@id\":\"https:\/\/monti.lt\/#\/schema\/logo\/image\/\",\"url\":\"https:\/\/monti.lt\/wp-content\/uploads\/2022\/03\/montilogo-1.png\",\"contentUrl\":\"https:\/\/monti.lt\/wp-content\/uploads\/2022\/03\/montilogo-1.png\",\"width\":512,\"height\":512,\"caption\":\"Montessori \u017eaislai\"},\"image\":{\"@id\":\"https:\/\/monti.lt\/#\/schema\/logo\/image\/\"}}]}<\/script>\n<!-- \/ Yoast SEO plugin. -->","yoast_head_json":{"title":"Vonios \u017eaislas sraigteliai\u00a0 - Montessori \u017eaislai","robots":{"index":"index","follow":"follow","max-snippet":"max-snippet:-1","max-image-preview":"max-image-preview:large","max-video-preview":"max-video-preview:-1"},"canonical":"https:\/\/monti.lt\/en\/product\/vonios-zaislas-sraigteliai\/","og_locale":"en_US","og_type":"article","og_title":"Vonios \u017eaislas sraigteliai\u00a0 - Montessori \u017eaislai","og_description":"Spalvingos Woopie&nbsp;prek\u0117s \u017eenklo&nbsp;krumpliara\u010diai&nbsp;yra \u017eaislas, kuris padaro vaik\u0173&nbsp;maudymosi laik\u0105 malonesn\u012f.&nbsp;Rinkin\u012f sudaro&nbsp;6 spalvingi&nbsp;dviej\u0173 dyd\u017ei\u0173 krumpliai. Siurbtukai, esantys \u0161alia kiekvieno krumpliara\u010dio, leid\u017eia&nbsp;pritvirtinti j\u012f prie plyteli\u0173, vonios ar du\u0161o&nbsp;, kad elementai susijungt\u0173. \u017daisdamas vaikas judina vien\u0105 element\u0105 ir&nbsp;pajudina&nbsp;vis\u0105 strukt\u016br\u0105 . \u017daisdamas ma\u017eylis mokosi&nbsp;prie\u017easties ir pasekm\u0117s&nbsp;principo , lavina poj\u016b\u010dius, o spalvinga j\u016bros grafika skatina \u017eaisti ir pa\u012fvairina pramogas du\u0161e ar [&hellip;]","og_url":"https:\/\/monti.lt\/en\/product\/vonios-zaislas-sraigteliai\/","og_site_name":"Montessori \u017eaislai","article_modified_time":"2025-11-29T08:07:52+00:00","og_image":[{"width":800,"height":800,"url":"https:\/\/monti.lt\/wp-content\/uploads\/2024\/11\/woopie-baby-zabawka-zebatka-do-kapieli-wody.jpg.png","type":"image\/png"}],"twitter_card":"summary_large_image","twitter_misc":{"Est. reading time":"1 minute"},"schema":{"@context":"https:\/\/schema.org","@graph":[{"@type":"WebPage","@id":"https:\/\/monti.lt\/product\/vonios-zaislas-sraigteliai\/","url":"https:\/\/monti.lt\/product\/vonios-zaislas-sraigteliai\/","name":"Vonios \u017eaislas sraigteliai\u00a0 - Montessori \u017eaislai","isPartOf":{"@id":"https:\/\/monti.lt\/#website"},"primaryImageOfPage":{"@id":"https:\/\/monti.lt\/product\/vonios-zaislas-sraigteliai\/#primaryimage"},"image":{"@id":"https:\/\/monti.lt\/product\/vonios-zaislas-sraigteliai\/#primaryimage"},"thumbnailUrl":"https:\/\/monti.lt\/wp-content\/uploads\/2024\/11\/woopie-baby-zabawka-zebatka-do-kapieli-wody.jpg.png","datePublished":"2024-11-04T12:25:35+00:00","dateModified":"2025-11-29T08:07:52+00:00","breadcrumb":{"@id":"https:\/\/monti.lt\/product\/vonios-zaislas-sraigteliai\/#breadcrumb"},"inLanguage":"en-US","potentialAction":[{"@type":"ReadAction","target":["https:\/\/monti.lt\/product\/vonios-zaislas-sraigteliai\/"]}]},{"@type":"ImageObject","inLanguage":"en-US","@id":"https:\/\/monti.lt\/product\/vonios-zaislas-sraigteliai\/#primaryimage","url":"https:\/\/monti.lt\/wp-content\/uploads\/2024\/11\/woopie-baby-zabawka-zebatka-do-kapieli-wody.jpg.png","contentUrl":"https:\/\/monti.lt\/wp-content\/uploads\/2024\/11\/woopie-baby-zabawka-zebatka-do-kapieli-wody.jpg.png","width":800,"height":800,"caption":"sraigteliai"},{"@type":"BreadcrumbList","@id":"https:\/\/monti.lt\/product\/vonios-zaislas-sraigteliai\/#breadcrumb","itemListElement":[{"@type":"ListItem","position":1,"name":"Home","item":"https:\/\/monti.lt\/"},{"@type":"ListItem","position":2,"name":"Parduotuv\u0117","item":"https:\/\/monti.lt\/shop\/"},{"@type":"ListItem","position":3,"name":"Vonios \u017eaislas sraigteliai\u00a0"}]},{"@type":"WebSite","@id":"https:\/\/monti.lt\/#website","url":"https:\/\/monti.lt\/","name":"Montessori \u017eaislai","description":"","publisher":{"@id":"https:\/\/monti.lt\/#organization"},"potentialAction":[{"@type":"SearchAction","target":{"@type":"EntryPoint","urlTemplate":"https:\/\/monti.lt\/?s={search_term_string}"},"query-input":"required name=search_term_string"}],"inLanguage":"en-US"},{"@type":"Organization","@id":"https:\/\/monti.lt\/#organization","name":"Montessori \u017eaislai","url":"https:\/\/monti.lt\/","logo":{"@type":"ImageObject","inLanguage":"en-US","@id":"https:\/\/monti.lt\/#\/schema\/logo\/image\/","url":"https:\/\/monti.lt\/wp-content\/uploads\/2022\/03\/montilogo-1.png","contentUrl":"https:\/\/monti.lt\/wp-content\/uploads\/2022\/03\/montilogo-1.png","width":512,"height":512,"caption":"Montessori \u017eaislai"},"image":{"@id":"https:\/\/monti.lt\/#\/schema\/logo\/image\/"}}]}},"_links":{"self":[{"href":"https:\/\/monti.lt\/en\/wp-json\/wp\/v2\/product\/26713"}],"collection":[{"href":"https:\/\/monti.lt\/en\/wp-json\/wp\/v2\/product"}],"about":[{"href":"https:\/\/monti.lt\/en\/wp-json\/wp\/v2\/types\/product"}],"version-history":[{"count":1,"href":"https:\/\/monti.lt\/en\/wp-json\/wp\/v2\/product\/26713\/revisions"}],"predecessor-version":[{"id":26727,"href":"https:\/\/monti.lt\/en\/wp-json\/wp\/v2\/product\/26713\/revisions\/26727"}],"wp:featuredmedia":[{"embeddable":true,"href":"https:\/\/monti.lt\/en\/wp-json\/wp\/v2\/media\/26716"}],"wp:attachment":[{"href":"https:\/\/monti.lt\/en\/wp-json\/wp\/v2\/media?parent=26713"}],"wp:term":[{"taxonomy":"product_cat","embeddable":true,"href":"https:\/\/monti.lt\/en\/wp-json\/wp\/v2\/product_cat?post=26713"},{"taxonomy":"product_tag","embeddable":true,"href":"https:\/\/monti.lt\/en\/wp-json\/wp\/v2\/product_tag?post=26713"}],"curies":[{"name":"wp","href":"https:\/\/api.w.org\/{rel}","templated":true}]}}