{"id":26731,"date":"2024-11-04T13:39:19","date_gmt":"2024-11-04T13:39:19","guid":{"rendered":"https:\/\/monti.lt\/?post_type=product&#038;p=26731"},"modified":"2025-12-12T05:36:14","modified_gmt":"2025-12-12T05:36:14","slug":"magnetine-piesimo-lenta-dinozauras","status":"publish","type":"product","link":"https:\/\/monti.lt\/en\/product\/magnetine-piesimo-lenta-dinozauras\/","title":{"rendered":"Magnetin\u0117 pie\u0161imo lenta &#8220;Dinozauras&#8221;"},"content":{"rendered":"<p><strong>WOOPIE<\/strong>&nbsp;prek\u0117s \u017eenklo&nbsp;<strong>MagPad&nbsp;<\/strong><strong>magnetin\u0117 lenta<\/strong>&nbsp;atveria j\u016bs\u0173 vaikui duris \u012f k\u016brybi\u0161kumo ir ugdymo pasaul\u012f. D\u0117l \u0161ios unikalios lentos j\u016bs\u0173 vaikas turi galimyb\u0119&nbsp;<strong>kurti unikalius ra\u0161tus ir mozaikas<\/strong>&nbsp;. Rinkinyje, be pa\u010dios lentos, yra magnetinis \u017eymeklis ir magnetiniai mygtukai k\u016brimui. Vienintelis apribojimas yra vaizduot\u0117 ir k\u016brybi\u0161kumas \u2013 ma\u017eylis gali laisvai d\u0117lioti ra\u0161tus pagal savo id\u0117jas.&nbsp;<strong>Mygtukai yra tvirti ir patvar\u016bs<\/strong>&nbsp;, o i\u0161d\u0117stymas&nbsp;<strong>intuityvus ir paprastas<\/strong>&nbsp;. \u0160is rinkinys yra ne tik smagus, bet ir puikus&nbsp;<strong>\u012frankis mokytis<\/strong>&nbsp;bei lavinti rankinius \u012fg\u016bd\u017eius, susikaupim\u0105 ir vaizduot\u0119.<strong><\/strong><strong><\/strong><strong><\/strong><strong><\/strong><strong><\/strong><\/p>\n\n\n\n<p><strong>Gaminio charakteristikos:<\/strong><br><br>&#8211; \u017eaislas&nbsp;<strong>nuo 3 met\u0173 &#8211;&nbsp;<\/strong><strong>\u012fvairi\u0173 spalv\u0173<\/strong><br>magnetiniai mygtukai&nbsp;&#8211;&nbsp;<strong>paprasta naudoti<\/strong>&nbsp;&#8211; nereikalauja papildom\u0173 \u012franki\u0173&nbsp;&#8211; kurkite bet kokius norimus ra\u0161tus!&nbsp;&#8211;&nbsp;<strong>skatina k\u016brybi\u0161kum\u0105, vaizduot\u0119<\/strong>&nbsp;ir lavina&nbsp;<strong>rankinius \u012fg\u016bd\u017eius<\/strong><strong><\/strong><br><strong><\/strong><br><br><strong><\/strong><strong><\/strong><br><\/p>\n\n\n\n<p><strong>Rinkin\u012f sudaro:<\/strong><br><br>&#8211; MagPad magnetin\u0117 lenta&nbsp;<br>&#8211; magnetinis \u017eymeklis&nbsp;<br>&#8211; 6 dvipusiai \u0161ablonai (i\u0161 viso 12 ra\u0161t\u0173)<\/p>","protected":false},"excerpt":{"rendered":"<p>WOOPIE&nbsp;prek\u0117s \u017eenklo&nbsp;MagPad&nbsp;magnetin\u0117 lenta&nbsp;atveria j\u016bs\u0173 vaikui duris \u012f k\u016brybi\u0161kumo ir ugdymo pasaul\u012f. D\u0117l \u0161ios unikalios lentos j\u016bs\u0173 vaikas turi galimyb\u0119&nbsp;kurti unikalius ra\u0161tus ir mozaikas&nbsp;. Rinkinyje, be pa\u010dios lentos, yra magnetinis \u017eymeklis ir magnetiniai mygtukai k\u016brimui. Vienintelis apribojimas yra vaizduot\u0117 ir k\u016brybi\u0161kumas \u2013 ma\u017eylis gali laisvai d\u0117lioti ra\u0161tus pagal savo id\u0117jas.&nbsp;Mygtukai yra tvirti ir patvar\u016bs&nbsp;, o i\u0161d\u0117stymas&nbsp;intuityvus [&hellip;]<\/p>","protected":false},"featured_media":26732,"template":"","meta":{"_acf_changed":false,"iawp_total_views":470},"product_cat":[218,195,191,84,89,86,50,49,39,201],"product_tag":[96,97,98],"class_list":{"0":"post-26731","1":"product","2":"type-product","3":"status-publish","4":"has-post-thumbnail","6":"product_cat-darzeliu-grupems","7":"product_cat-dovanos-vaikams-3-4-metu","8":"product_cat-dovanos-vaikams","9":"product_cat-lavinamieji-zaislai","10":"product_cat-mokausi-piesti","11":"product_cat-smulkioji-motorika","12":"product_cat-top-dovanos","13":"product_cat-visi-zaislai","14":"product_cat-zaislai","15":"product_cat-zaislai-kelioneje","16":"product_tag-2-m-3-m","17":"product_tag-3-m-4-m","18":"product_tag-5-m-7-m","20":"first","21":"outofstock","22":"taxable","23":"shipping-taxable","24":"purchasable","25":"product-type-simple"},"acf":[],"yoast_head":"<!-- This site is optimized with the Yoast SEO plugin v23.3 - https:\/\/yoast.com\/wordpress\/plugins\/seo\/ -->\n<title>Magnetin\u0117 pie\u0161imo lenta &quot;Dinozauras&quot; - Montessori \u017eaislai<\/title>\n<meta name=\"robots\" content=\"index, follow, max-snippet:-1, max-image-preview:large, max-video-preview:-1\" \/>\n<link rel=\"canonical\" href=\"https:\/\/monti.lt\/en\/product\/magnetine-piesimo-lenta-dinozauras\/\" \/>\n<meta property=\"og:locale\" content=\"en_US\" \/>\n<meta property=\"og:type\" content=\"article\" \/>\n<meta property=\"og:title\" content=\"Magnetin\u0117 pie\u0161imo lenta &quot;Dinozauras&quot; - Montessori \u017eaislai\" \/>\n<meta property=\"og:description\" content=\"WOOPIE&nbsp;prek\u0117s \u017eenklo&nbsp;MagPad&nbsp;magnetin\u0117 lenta&nbsp;atveria j\u016bs\u0173 vaikui duris \u012f k\u016brybi\u0161kumo ir ugdymo pasaul\u012f. D\u0117l \u0161ios unikalios lentos j\u016bs\u0173 vaikas turi galimyb\u0119&nbsp;kurti unikalius ra\u0161tus ir mozaikas&nbsp;. Rinkinyje, be pa\u010dios lentos, yra magnetinis \u017eymeklis ir magnetiniai mygtukai k\u016brimui. Vienintelis apribojimas yra vaizduot\u0117 ir k\u016brybi\u0161kumas \u2013 ma\u017eylis gali laisvai d\u0117lioti ra\u0161tus pagal savo id\u0117jas.&nbsp;Mygtukai yra tvirti ir patvar\u016bs&nbsp;, o i\u0161d\u0117stymas&nbsp;intuityvus [&hellip;]\" \/>\n<meta property=\"og:url\" content=\"https:\/\/monti.lt\/en\/product\/magnetine-piesimo-lenta-dinozauras\/\" \/>\n<meta property=\"og:site_name\" content=\"Montessori \u017eaislai\" \/>\n<meta property=\"article:modified_time\" content=\"2025-12-12T05:36:14+00:00\" \/>\n<meta property=\"og:image\" content=\"https:\/\/monti.lt\/wp-content\/uploads\/2024\/11\/woopie-tablica-magnetyczna-dla-dzieci-montessori-magpad-dinozaur.jpg.png\" \/>\n\t<meta property=\"og:image:width\" content=\"800\" \/>\n\t<meta property=\"og:image:height\" content=\"800\" \/>\n\t<meta property=\"og:image:type\" content=\"image\/png\" \/>\n<meta name=\"twitter:card\" content=\"summary_large_image\" \/>\n<meta name=\"twitter:label1\" content=\"Est. reading time\" \/>\n\t<meta name=\"twitter:data1\" content=\"1 minute\" \/>\n<script type=\"application\/ld+json\" class=\"yoast-schema-graph\">{\"@context\":\"https:\/\/schema.org\",\"@graph\":[{\"@type\":\"WebPage\",\"@id\":\"https:\/\/monti.lt\/product\/magnetine-piesimo-lenta-dinozauras\/\",\"url\":\"https:\/\/monti.lt\/product\/magnetine-piesimo-lenta-dinozauras\/\",\"name\":\"Magnetin\u0117 pie\u0161imo lenta \\\"Dinozauras\\\" - Montessori \u017eaislai\",\"isPartOf\":{\"@id\":\"https:\/\/monti.lt\/#website\"},\"primaryImageOfPage\":{\"@id\":\"https:\/\/monti.lt\/product\/magnetine-piesimo-lenta-dinozauras\/#primaryimage\"},\"image\":{\"@id\":\"https:\/\/monti.lt\/product\/magnetine-piesimo-lenta-dinozauras\/#primaryimage\"},\"thumbnailUrl\":\"https:\/\/monti.lt\/wp-content\/uploads\/2024\/11\/woopie-tablica-magnetyczna-dla-dzieci-montessori-magpad-dinozaur.jpg.png\",\"datePublished\":\"2024-11-04T13:39:19+00:00\",\"dateModified\":\"2025-12-12T05:36:14+00:00\",\"breadcrumb\":{\"@id\":\"https:\/\/monti.lt\/product\/magnetine-piesimo-lenta-dinozauras\/#breadcrumb\"},\"inLanguage\":\"en-US\",\"potentialAction\":[{\"@type\":\"ReadAction\",\"target\":[\"https:\/\/monti.lt\/product\/magnetine-piesimo-lenta-dinozauras\/\"]}]},{\"@type\":\"ImageObject\",\"inLanguage\":\"en-US\",\"@id\":\"https:\/\/monti.lt\/product\/magnetine-piesimo-lenta-dinozauras\/#primaryimage\",\"url\":\"https:\/\/monti.lt\/wp-content\/uploads\/2024\/11\/woopie-tablica-magnetyczna-dla-dzieci-montessori-magpad-dinozaur.jpg.png\",\"contentUrl\":\"https:\/\/monti.lt\/wp-content\/uploads\/2024\/11\/woopie-tablica-magnetyczna-dla-dzieci-montessori-magpad-dinozaur.jpg.png\",\"width\":800,\"height\":800},{\"@type\":\"BreadcrumbList\",\"@id\":\"https:\/\/monti.lt\/product\/magnetine-piesimo-lenta-dinozauras\/#breadcrumb\",\"itemListElement\":[{\"@type\":\"ListItem\",\"position\":1,\"name\":\"Home\",\"item\":\"https:\/\/monti.lt\/\"},{\"@type\":\"ListItem\",\"position\":2,\"name\":\"Parduotuv\u0117\",\"item\":\"https:\/\/monti.lt\/shop\/\"},{\"@type\":\"ListItem\",\"position\":3,\"name\":\"Magnetin\u0117 pie\u0161imo lenta &#8220;Dinozauras&#8221;\"}]},{\"@type\":\"WebSite\",\"@id\":\"https:\/\/monti.lt\/#website\",\"url\":\"https:\/\/monti.lt\/\",\"name\":\"Montessori \u017eaislai\",\"description\":\"\",\"publisher\":{\"@id\":\"https:\/\/monti.lt\/#organization\"},\"potentialAction\":[{\"@type\":\"SearchAction\",\"target\":{\"@type\":\"EntryPoint\",\"urlTemplate\":\"https:\/\/monti.lt\/?s={search_term_string}\"},\"query-input\":\"required name=search_term_string\"}],\"inLanguage\":\"en-US\"},{\"@type\":\"Organization\",\"@id\":\"https:\/\/monti.lt\/#organization\",\"name\":\"Montessori \u017eaislai\",\"url\":\"https:\/\/monti.lt\/\",\"logo\":{\"@type\":\"ImageObject\",\"inLanguage\":\"en-US\",\"@id\":\"https:\/\/monti.lt\/#\/schema\/logo\/image\/\",\"url\":\"https:\/\/monti.lt\/wp-content\/uploads\/2022\/03\/montilogo-1.png\",\"contentUrl\":\"https:\/\/monti.lt\/wp-content\/uploads\/2022\/03\/montilogo-1.png\",\"width\":512,\"height\":512,\"caption\":\"Montessori \u017eaislai\"},\"image\":{\"@id\":\"https:\/\/monti.lt\/#\/schema\/logo\/image\/\"}}]}<\/script>\n<!-- \/ Yoast SEO plugin. -->","yoast_head_json":{"title":"Magnetin\u0117 pie\u0161imo lenta \"Dinozauras\" - Montessori \u017eaislai","robots":{"index":"index","follow":"follow","max-snippet":"max-snippet:-1","max-image-preview":"max-image-preview:large","max-video-preview":"max-video-preview:-1"},"canonical":"https:\/\/monti.lt\/en\/product\/magnetine-piesimo-lenta-dinozauras\/","og_locale":"en_US","og_type":"article","og_title":"Magnetin\u0117 pie\u0161imo lenta \"Dinozauras\" - Montessori \u017eaislai","og_description":"WOOPIE&nbsp;prek\u0117s \u017eenklo&nbsp;MagPad&nbsp;magnetin\u0117 lenta&nbsp;atveria j\u016bs\u0173 vaikui duris \u012f k\u016brybi\u0161kumo ir ugdymo pasaul\u012f. D\u0117l \u0161ios unikalios lentos j\u016bs\u0173 vaikas turi galimyb\u0119&nbsp;kurti unikalius ra\u0161tus ir mozaikas&nbsp;. Rinkinyje, be pa\u010dios lentos, yra magnetinis \u017eymeklis ir magnetiniai mygtukai k\u016brimui. Vienintelis apribojimas yra vaizduot\u0117 ir k\u016brybi\u0161kumas \u2013 ma\u017eylis gali laisvai d\u0117lioti ra\u0161tus pagal savo id\u0117jas.&nbsp;Mygtukai yra tvirti ir patvar\u016bs&nbsp;, o i\u0161d\u0117stymas&nbsp;intuityvus [&hellip;]","og_url":"https:\/\/monti.lt\/en\/product\/magnetine-piesimo-lenta-dinozauras\/","og_site_name":"Montessori \u017eaislai","article_modified_time":"2025-12-12T05:36:14+00:00","og_image":[{"width":800,"height":800,"url":"https:\/\/monti.lt\/wp-content\/uploads\/2024\/11\/woopie-tablica-magnetyczna-dla-dzieci-montessori-magpad-dinozaur.jpg.png","type":"image\/png"}],"twitter_card":"summary_large_image","twitter_misc":{"Est. reading time":"1 minute"},"schema":{"@context":"https:\/\/schema.org","@graph":[{"@type":"WebPage","@id":"https:\/\/monti.lt\/product\/magnetine-piesimo-lenta-dinozauras\/","url":"https:\/\/monti.lt\/product\/magnetine-piesimo-lenta-dinozauras\/","name":"Magnetin\u0117 pie\u0161imo lenta \"Dinozauras\" - Montessori \u017eaislai","isPartOf":{"@id":"https:\/\/monti.lt\/#website"},"primaryImageOfPage":{"@id":"https:\/\/monti.lt\/product\/magnetine-piesimo-lenta-dinozauras\/#primaryimage"},"image":{"@id":"https:\/\/monti.lt\/product\/magnetine-piesimo-lenta-dinozauras\/#primaryimage"},"thumbnailUrl":"https:\/\/monti.lt\/wp-content\/uploads\/2024\/11\/woopie-tablica-magnetyczna-dla-dzieci-montessori-magpad-dinozaur.jpg.png","datePublished":"2024-11-04T13:39:19+00:00","dateModified":"2025-12-12T05:36:14+00:00","breadcrumb":{"@id":"https:\/\/monti.lt\/product\/magnetine-piesimo-lenta-dinozauras\/#breadcrumb"},"inLanguage":"en-US","potentialAction":[{"@type":"ReadAction","target":["https:\/\/monti.lt\/product\/magnetine-piesimo-lenta-dinozauras\/"]}]},{"@type":"ImageObject","inLanguage":"en-US","@id":"https:\/\/monti.lt\/product\/magnetine-piesimo-lenta-dinozauras\/#primaryimage","url":"https:\/\/monti.lt\/wp-content\/uploads\/2024\/11\/woopie-tablica-magnetyczna-dla-dzieci-montessori-magpad-dinozaur.jpg.png","contentUrl":"https:\/\/monti.lt\/wp-content\/uploads\/2024\/11\/woopie-tablica-magnetyczna-dla-dzieci-montessori-magpad-dinozaur.jpg.png","width":800,"height":800},{"@type":"BreadcrumbList","@id":"https:\/\/monti.lt\/product\/magnetine-piesimo-lenta-dinozauras\/#breadcrumb","itemListElement":[{"@type":"ListItem","position":1,"name":"Home","item":"https:\/\/monti.lt\/"},{"@type":"ListItem","position":2,"name":"Parduotuv\u0117","item":"https:\/\/monti.lt\/shop\/"},{"@type":"ListItem","position":3,"name":"Magnetin\u0117 pie\u0161imo lenta &#8220;Dinozauras&#8221;"}]},{"@type":"WebSite","@id":"https:\/\/monti.lt\/#website","url":"https:\/\/monti.lt\/","name":"Montessori \u017eaislai","description":"","publisher":{"@id":"https:\/\/monti.lt\/#organization"},"potentialAction":[{"@type":"SearchAction","target":{"@type":"EntryPoint","urlTemplate":"https:\/\/monti.lt\/?s={search_term_string}"},"query-input":"required name=search_term_string"}],"inLanguage":"en-US"},{"@type":"Organization","@id":"https:\/\/monti.lt\/#organization","name":"Montessori \u017eaislai","url":"https:\/\/monti.lt\/","logo":{"@type":"ImageObject","inLanguage":"en-US","@id":"https:\/\/monti.lt\/#\/schema\/logo\/image\/","url":"https:\/\/monti.lt\/wp-content\/uploads\/2022\/03\/montilogo-1.png","contentUrl":"https:\/\/monti.lt\/wp-content\/uploads\/2022\/03\/montilogo-1.png","width":512,"height":512,"caption":"Montessori \u017eaislai"},"image":{"@id":"https:\/\/monti.lt\/#\/schema\/logo\/image\/"}}]}},"_links":{"self":[{"href":"https:\/\/monti.lt\/en\/wp-json\/wp\/v2\/product\/26731"}],"collection":[{"href":"https:\/\/monti.lt\/en\/wp-json\/wp\/v2\/product"}],"about":[{"href":"https:\/\/monti.lt\/en\/wp-json\/wp\/v2\/types\/product"}],"version-history":[{"count":1,"href":"https:\/\/monti.lt\/en\/wp-json\/wp\/v2\/product\/26731\/revisions"}],"predecessor-version":[{"id":26740,"href":"https:\/\/monti.lt\/en\/wp-json\/wp\/v2\/product\/26731\/revisions\/26740"}],"wp:featuredmedia":[{"embeddable":true,"href":"https:\/\/monti.lt\/en\/wp-json\/wp\/v2\/media\/26732"}],"wp:attachment":[{"href":"https:\/\/monti.lt\/en\/wp-json\/wp\/v2\/media?parent=26731"}],"wp:term":[{"taxonomy":"product_cat","embeddable":true,"href":"https:\/\/monti.lt\/en\/wp-json\/wp\/v2\/product_cat?post=26731"},{"taxonomy":"product_tag","embeddable":true,"href":"https:\/\/monti.lt\/en\/wp-json\/wp\/v2\/product_tag?post=26731"}],"curies":[{"name":"wp","href":"https:\/\/api.w.org\/{rel}","templated":true}]}}