{"id":26742,"date":"2024-11-04T14:23:49","date_gmt":"2024-11-04T14:23:49","guid":{"rendered":"https:\/\/monti.lt\/?post_type=product&#038;p=26742"},"modified":"2026-04-13T10:41:43","modified_gmt":"2026-04-13T10:41:43","slug":"kasinejimo-rinkinys-fosilijos-6-vnt","status":"publish","type":"product","link":"https:\/\/monti.lt\/en\/product\/kasinejimo-rinkinys-fosilijos-6-vnt\/","title":{"rendered":"Kasin\u0117jimo rinkinys Fosilijos,\u00a06 vnt."},"content":{"rendered":"<p><strong>WOOPIE&nbsp;<\/strong><strong>fosilij\u0173<\/strong>&nbsp;kasimo rinkinys&nbsp;yra puiki dovana vaikams, kurie domisi dinozaurais. \u017daislas leid\u017eia pasijusti tikru paleontologu,&nbsp;<strong>kasant fosilijas<\/strong>&nbsp;ir atrandant dinozaur\u0173 kaulus. Rinkinyje yra net&nbsp;<strong>6 dinozaurai, kuriuos reikia kasti<\/strong>&nbsp;! D\u0117l komplekte esan\u010di\u0173 kasimo, bakstel\u0117jimo, \u0161epe\u010dio ir lankstymo \u012franki\u0173 vaikai gali&nbsp;<strong>daug valand\u0173 praleisti mokomajame \u017eaidime<\/strong>&nbsp;, b\u016bti \u012fkv\u0117pti gamtos moksl\u0173 ir lavinti savo praktinius bei m\u0105stymo \u012fg\u016bd\u017eius.&nbsp;<strong>Puiki dovana<\/strong>&nbsp;tiek berniukui, tiek mergaitei!&nbsp;<br><br><strong>Charakteristika:<\/strong><\/p>\n\n\n\n<ul class=\"wp-block-list\">\n<li>&#8211; \u017eaislas\u00a0<strong>nuo 6 met\u0173 am\u017eiaus,<\/strong><\/li>\n\n\n\n<li><strong>&#8211; 6 viename &#8211; 6 dinozaur\u0173 rinkinys kasti,<\/strong><\/li>\n\n\n\n<li>&#8211;\u00a0<strong>puiki dovana<\/strong>\u00a0vaikams, besidomintiems dinozaurais,<\/li>\n\n\n\n<li>&#8211; daug valand\u0173 \u017eaisti paleontolog\u0105,<\/li>\n\n\n\n<li>&#8211;\u00a0<strong>ugdyti<\/strong>\u00a0praktinius \u012fg\u016bd\u017eius ir m\u0105stym\u0105.<\/li>\n<\/ul>\n\n\n\n<p><strong>\u012e komplekt\u0105 \u012feina:<\/strong><\/p>\n\n\n\n<ul class=\"wp-block-list\">\n<li>&#8211; fosilija su 6 dinozaurais,<\/li>\n\n\n\n<li>&#8211; plaktukas,<\/li>\n\n\n\n<li>&#8211; kaltas,<\/li>\n\n\n\n<li>&#8211; valymo \u0161epet\u0117lis.<\/li>\n<\/ul>\n\n\n\n<p><br><strong>\u017daislas vysto:<\/strong><\/p>\n\n\n\n<ul class=\"wp-block-list\">\n<li>&#8211; \u017einios apie dinozaurus ir Juros periodo istorij\u0105,<\/li>\n\n\n\n<li>&#8211; praktiniai \u012fg\u016bd\u017eiai,<\/li>\n\n\n\n<li>&#8211; analitinis m\u0105stymas,<\/li>\n\n\n\n<li>&#8211; dom\u0117jimasis mokslu;<\/li>\n\n\n\n<li>&#8211; lyt\u0117jimo poj\u016btis,<\/li>\n\n\n\n<li>&#8211; kantryb\u0117 ir susikaupimas.<\/li>\n<\/ul>","protected":false},"excerpt":{"rendered":"<p>WOOPIE&nbsp;fosilij\u0173&nbsp;kasimo rinkinys&nbsp;yra puiki dovana vaikams, kurie domisi dinozaurais. \u017daislas leid\u017eia pasijusti tikru paleontologu,&nbsp;kasant fosilijas&nbsp;ir atrandant dinozaur\u0173 kaulus. Rinkinyje yra net&nbsp;6 dinozaurai, kuriuos reikia kasti&nbsp;! D\u0117l komplekte esan\u010di\u0173 kasimo, bakstel\u0117jimo, \u0161epe\u010dio ir lankstymo \u012franki\u0173 vaikai gali&nbsp;daug valand\u0173 praleisti mokomajame \u017eaidime&nbsp;, b\u016bti \u012fkv\u0117pti gamtos moksl\u0173 ir lavinti savo praktinius bei m\u0105stymo \u012fg\u016bd\u017eius.&nbsp;Puiki dovana&nbsp;tiek berniukui, tiek mergaitei!&nbsp; Charakteristika: [&hellip;]<\/p>","protected":false},"featured_media":26744,"template":"","meta":{"_acf_changed":false,"iawp_total_views":371},"product_cat":[218,217,191,87,84,90,49,39],"product_tag":[98,99],"class_list":{"0":"post-26742","1":"product","2":"type-product","3":"status-publish","4":"has-post-thumbnail","6":"product_cat-darzeliu-grupems","7":"product_cat-dovanos-5-7-metu-vaikams","8":"product_cat-dovanos-vaikams","9":"product_cat-kurybiniai-rinkiniai","10":"product_cat-lavinamieji-zaislai","11":"product_cat-pasaulio-pazinimas","12":"product_cat-visi-zaislai","13":"product_cat-zaislai","14":"product_tag-5-m-7-m","15":"product_tag-8-m-11-m","17":"first","18":"instock","19":"taxable","20":"shipping-taxable","21":"purchasable","22":"product-type-simple"},"acf":[],"yoast_head":"<!-- This site is optimized with the Yoast SEO plugin v23.3 - https:\/\/yoast.com\/wordpress\/plugins\/seo\/ -->\n<title>Kasin\u0117jimo rinkinys Fosilijos,\u00a06 vnt. - Montessori \u017eaislai<\/title>\n<meta name=\"robots\" content=\"index, follow, max-snippet:-1, max-image-preview:large, max-video-preview:-1\" \/>\n<link rel=\"canonical\" href=\"https:\/\/monti.lt\/en\/product\/kasinejimo-rinkinys-fosilijos-6-vnt\/\" \/>\n<meta property=\"og:locale\" content=\"en_US\" \/>\n<meta property=\"og:type\" content=\"article\" \/>\n<meta property=\"og:title\" content=\"Kasin\u0117jimo rinkinys Fosilijos,\u00a06 vnt. - Montessori \u017eaislai\" \/>\n<meta property=\"og:description\" content=\"WOOPIE&nbsp;fosilij\u0173&nbsp;kasimo rinkinys&nbsp;yra puiki dovana vaikams, kurie domisi dinozaurais. \u017daislas leid\u017eia pasijusti tikru paleontologu,&nbsp;kasant fosilijas&nbsp;ir atrandant dinozaur\u0173 kaulus. Rinkinyje yra net&nbsp;6 dinozaurai, kuriuos reikia kasti&nbsp;! D\u0117l komplekte esan\u010di\u0173 kasimo, bakstel\u0117jimo, \u0161epe\u010dio ir lankstymo \u012franki\u0173 vaikai gali&nbsp;daug valand\u0173 praleisti mokomajame \u017eaidime&nbsp;, b\u016bti \u012fkv\u0117pti gamtos moksl\u0173 ir lavinti savo praktinius bei m\u0105stymo \u012fg\u016bd\u017eius.&nbsp;Puiki dovana&nbsp;tiek berniukui, tiek mergaitei!&nbsp; Charakteristika: [&hellip;]\" \/>\n<meta property=\"og:url\" content=\"https:\/\/monti.lt\/en\/product\/kasinejimo-rinkinys-fosilijos-6-vnt\/\" \/>\n<meta property=\"og:site_name\" content=\"Montessori \u017eaislai\" \/>\n<meta property=\"article:modified_time\" content=\"2026-04-13T10:41:43+00:00\" \/>\n<meta property=\"og:image\" content=\"https:\/\/monti.lt\/wp-content\/uploads\/2024\/11\/woopie-wykopalisko-6w1-dinozaur-szkielet-maly-archeolog-6-szt.jpg.png\" \/>\n\t<meta property=\"og:image:width\" content=\"800\" \/>\n\t<meta property=\"og:image:height\" content=\"800\" \/>\n\t<meta property=\"og:image:type\" content=\"image\/png\" \/>\n<meta name=\"twitter:card\" content=\"summary_large_image\" \/>\n<meta name=\"twitter:label1\" content=\"Est. reading time\" \/>\n\t<meta name=\"twitter:data1\" content=\"1 minute\" \/>\n<script type=\"application\/ld+json\" class=\"yoast-schema-graph\">{\"@context\":\"https:\/\/schema.org\",\"@graph\":[{\"@type\":\"WebPage\",\"@id\":\"https:\/\/monti.lt\/product\/kasinejimo-rinkinys-fosilijos-6-vnt\/\",\"url\":\"https:\/\/monti.lt\/product\/kasinejimo-rinkinys-fosilijos-6-vnt\/\",\"name\":\"Kasin\u0117jimo rinkinys Fosilijos,\u00a06 vnt. - Montessori \u017eaislai\",\"isPartOf\":{\"@id\":\"https:\/\/monti.lt\/#website\"},\"primaryImageOfPage\":{\"@id\":\"https:\/\/monti.lt\/product\/kasinejimo-rinkinys-fosilijos-6-vnt\/#primaryimage\"},\"image\":{\"@id\":\"https:\/\/monti.lt\/product\/kasinejimo-rinkinys-fosilijos-6-vnt\/#primaryimage\"},\"thumbnailUrl\":\"https:\/\/monti.lt\/wp-content\/uploads\/2024\/11\/woopie-wykopalisko-6w1-dinozaur-szkielet-maly-archeolog-6-szt.jpg.png\",\"datePublished\":\"2024-11-04T14:23:49+00:00\",\"dateModified\":\"2026-04-13T10:41:43+00:00\",\"breadcrumb\":{\"@id\":\"https:\/\/monti.lt\/product\/kasinejimo-rinkinys-fosilijos-6-vnt\/#breadcrumb\"},\"inLanguage\":\"en-US\",\"potentialAction\":[{\"@type\":\"ReadAction\",\"target\":[\"https:\/\/monti.lt\/product\/kasinejimo-rinkinys-fosilijos-6-vnt\/\"]}]},{\"@type\":\"ImageObject\",\"inLanguage\":\"en-US\",\"@id\":\"https:\/\/monti.lt\/product\/kasinejimo-rinkinys-fosilijos-6-vnt\/#primaryimage\",\"url\":\"https:\/\/monti.lt\/wp-content\/uploads\/2024\/11\/woopie-wykopalisko-6w1-dinozaur-szkielet-maly-archeolog-6-szt.jpg.png\",\"contentUrl\":\"https:\/\/monti.lt\/wp-content\/uploads\/2024\/11\/woopie-wykopalisko-6w1-dinozaur-szkielet-maly-archeolog-6-szt.jpg.png\",\"width\":800,\"height\":800,\"caption\":\"archeologo rinkinys\"},{\"@type\":\"BreadcrumbList\",\"@id\":\"https:\/\/monti.lt\/product\/kasinejimo-rinkinys-fosilijos-6-vnt\/#breadcrumb\",\"itemListElement\":[{\"@type\":\"ListItem\",\"position\":1,\"name\":\"Home\",\"item\":\"https:\/\/monti.lt\/\"},{\"@type\":\"ListItem\",\"position\":2,\"name\":\"Parduotuv\u0117\",\"item\":\"https:\/\/monti.lt\/shop\/\"},{\"@type\":\"ListItem\",\"position\":3,\"name\":\"Kasin\u0117jimo rinkinys Fosilijos,\u00a06 vnt.\"}]},{\"@type\":\"WebSite\",\"@id\":\"https:\/\/monti.lt\/#website\",\"url\":\"https:\/\/monti.lt\/\",\"name\":\"Montessori \u017eaislai\",\"description\":\"\",\"publisher\":{\"@id\":\"https:\/\/monti.lt\/#organization\"},\"potentialAction\":[{\"@type\":\"SearchAction\",\"target\":{\"@type\":\"EntryPoint\",\"urlTemplate\":\"https:\/\/monti.lt\/?s={search_term_string}\"},\"query-input\":\"required name=search_term_string\"}],\"inLanguage\":\"en-US\"},{\"@type\":\"Organization\",\"@id\":\"https:\/\/monti.lt\/#organization\",\"name\":\"Montessori \u017eaislai\",\"url\":\"https:\/\/monti.lt\/\",\"logo\":{\"@type\":\"ImageObject\",\"inLanguage\":\"en-US\",\"@id\":\"https:\/\/monti.lt\/#\/schema\/logo\/image\/\",\"url\":\"https:\/\/monti.lt\/wp-content\/uploads\/2022\/03\/montilogo-1.png\",\"contentUrl\":\"https:\/\/monti.lt\/wp-content\/uploads\/2022\/03\/montilogo-1.png\",\"width\":512,\"height\":512,\"caption\":\"Montessori \u017eaislai\"},\"image\":{\"@id\":\"https:\/\/monti.lt\/#\/schema\/logo\/image\/\"}}]}<\/script>\n<!-- \/ Yoast SEO plugin. -->","yoast_head_json":{"title":"Kasin\u0117jimo rinkinys Fosilijos,\u00a06 vnt. - Montessori \u017eaislai","robots":{"index":"index","follow":"follow","max-snippet":"max-snippet:-1","max-image-preview":"max-image-preview:large","max-video-preview":"max-video-preview:-1"},"canonical":"https:\/\/monti.lt\/en\/product\/kasinejimo-rinkinys-fosilijos-6-vnt\/","og_locale":"en_US","og_type":"article","og_title":"Kasin\u0117jimo rinkinys Fosilijos,\u00a06 vnt. - Montessori \u017eaislai","og_description":"WOOPIE&nbsp;fosilij\u0173&nbsp;kasimo rinkinys&nbsp;yra puiki dovana vaikams, kurie domisi dinozaurais. \u017daislas leid\u017eia pasijusti tikru paleontologu,&nbsp;kasant fosilijas&nbsp;ir atrandant dinozaur\u0173 kaulus. Rinkinyje yra net&nbsp;6 dinozaurai, kuriuos reikia kasti&nbsp;! D\u0117l komplekte esan\u010di\u0173 kasimo, bakstel\u0117jimo, \u0161epe\u010dio ir lankstymo \u012franki\u0173 vaikai gali&nbsp;daug valand\u0173 praleisti mokomajame \u017eaidime&nbsp;, b\u016bti \u012fkv\u0117pti gamtos moksl\u0173 ir lavinti savo praktinius bei m\u0105stymo \u012fg\u016bd\u017eius.&nbsp;Puiki dovana&nbsp;tiek berniukui, tiek mergaitei!&nbsp; Charakteristika: [&hellip;]","og_url":"https:\/\/monti.lt\/en\/product\/kasinejimo-rinkinys-fosilijos-6-vnt\/","og_site_name":"Montessori \u017eaislai","article_modified_time":"2026-04-13T10:41:43+00:00","og_image":[{"width":800,"height":800,"url":"https:\/\/monti.lt\/wp-content\/uploads\/2024\/11\/woopie-wykopalisko-6w1-dinozaur-szkielet-maly-archeolog-6-szt.jpg.png","type":"image\/png"}],"twitter_card":"summary_large_image","twitter_misc":{"Est. reading time":"1 minute"},"schema":{"@context":"https:\/\/schema.org","@graph":[{"@type":"WebPage","@id":"https:\/\/monti.lt\/product\/kasinejimo-rinkinys-fosilijos-6-vnt\/","url":"https:\/\/monti.lt\/product\/kasinejimo-rinkinys-fosilijos-6-vnt\/","name":"Kasin\u0117jimo rinkinys Fosilijos,\u00a06 vnt. - Montessori \u017eaislai","isPartOf":{"@id":"https:\/\/monti.lt\/#website"},"primaryImageOfPage":{"@id":"https:\/\/monti.lt\/product\/kasinejimo-rinkinys-fosilijos-6-vnt\/#primaryimage"},"image":{"@id":"https:\/\/monti.lt\/product\/kasinejimo-rinkinys-fosilijos-6-vnt\/#primaryimage"},"thumbnailUrl":"https:\/\/monti.lt\/wp-content\/uploads\/2024\/11\/woopie-wykopalisko-6w1-dinozaur-szkielet-maly-archeolog-6-szt.jpg.png","datePublished":"2024-11-04T14:23:49+00:00","dateModified":"2026-04-13T10:41:43+00:00","breadcrumb":{"@id":"https:\/\/monti.lt\/product\/kasinejimo-rinkinys-fosilijos-6-vnt\/#breadcrumb"},"inLanguage":"en-US","potentialAction":[{"@type":"ReadAction","target":["https:\/\/monti.lt\/product\/kasinejimo-rinkinys-fosilijos-6-vnt\/"]}]},{"@type":"ImageObject","inLanguage":"en-US","@id":"https:\/\/monti.lt\/product\/kasinejimo-rinkinys-fosilijos-6-vnt\/#primaryimage","url":"https:\/\/monti.lt\/wp-content\/uploads\/2024\/11\/woopie-wykopalisko-6w1-dinozaur-szkielet-maly-archeolog-6-szt.jpg.png","contentUrl":"https:\/\/monti.lt\/wp-content\/uploads\/2024\/11\/woopie-wykopalisko-6w1-dinozaur-szkielet-maly-archeolog-6-szt.jpg.png","width":800,"height":800,"caption":"archeologo rinkinys"},{"@type":"BreadcrumbList","@id":"https:\/\/monti.lt\/product\/kasinejimo-rinkinys-fosilijos-6-vnt\/#breadcrumb","itemListElement":[{"@type":"ListItem","position":1,"name":"Home","item":"https:\/\/monti.lt\/"},{"@type":"ListItem","position":2,"name":"Parduotuv\u0117","item":"https:\/\/monti.lt\/shop\/"},{"@type":"ListItem","position":3,"name":"Kasin\u0117jimo rinkinys Fosilijos,\u00a06 vnt."}]},{"@type":"WebSite","@id":"https:\/\/monti.lt\/#website","url":"https:\/\/monti.lt\/","name":"Montessori \u017eaislai","description":"","publisher":{"@id":"https:\/\/monti.lt\/#organization"},"potentialAction":[{"@type":"SearchAction","target":{"@type":"EntryPoint","urlTemplate":"https:\/\/monti.lt\/?s={search_term_string}"},"query-input":"required name=search_term_string"}],"inLanguage":"en-US"},{"@type":"Organization","@id":"https:\/\/monti.lt\/#organization","name":"Montessori \u017eaislai","url":"https:\/\/monti.lt\/","logo":{"@type":"ImageObject","inLanguage":"en-US","@id":"https:\/\/monti.lt\/#\/schema\/logo\/image\/","url":"https:\/\/monti.lt\/wp-content\/uploads\/2022\/03\/montilogo-1.png","contentUrl":"https:\/\/monti.lt\/wp-content\/uploads\/2022\/03\/montilogo-1.png","width":512,"height":512,"caption":"Montessori \u017eaislai"},"image":{"@id":"https:\/\/monti.lt\/#\/schema\/logo\/image\/"}}]}},"_links":{"self":[{"href":"https:\/\/monti.lt\/en\/wp-json\/wp\/v2\/product\/26742"}],"collection":[{"href":"https:\/\/monti.lt\/en\/wp-json\/wp\/v2\/product"}],"about":[{"href":"https:\/\/monti.lt\/en\/wp-json\/wp\/v2\/types\/product"}],"version-history":[{"count":1,"href":"https:\/\/monti.lt\/en\/wp-json\/wp\/v2\/product\/26742\/revisions"}],"predecessor-version":[{"id":26750,"href":"https:\/\/monti.lt\/en\/wp-json\/wp\/v2\/product\/26742\/revisions\/26750"}],"wp:featuredmedia":[{"embeddable":true,"href":"https:\/\/monti.lt\/en\/wp-json\/wp\/v2\/media\/26744"}],"wp:attachment":[{"href":"https:\/\/monti.lt\/en\/wp-json\/wp\/v2\/media?parent=26742"}],"wp:term":[{"taxonomy":"product_cat","embeddable":true,"href":"https:\/\/monti.lt\/en\/wp-json\/wp\/v2\/product_cat?post=26742"},{"taxonomy":"product_tag","embeddable":true,"href":"https:\/\/monti.lt\/en\/wp-json\/wp\/v2\/product_tag?post=26742"}],"curies":[{"name":"wp","href":"https:\/\/api.w.org\/{rel}","templated":true}]}}