{"id":26795,"date":"2024-11-04T17:16:14","date_gmt":"2024-11-04T17:16:14","guid":{"rendered":"https:\/\/monti.lt\/?post_type=product&#038;p=26795"},"modified":"2026-01-31T12:49:33","modified_gmt":"2026-01-31T12:49:33","slug":"woopie-konstruktorius-dezuteje","status":"publish","type":"product","link":"https:\/\/monti.lt\/en\/product\/woopie-konstruktorius-dezuteje\/","title":{"rendered":"Woopie konstruktorius d\u0117\u017eut\u0117je"},"content":{"rendered":"<p>WOOPIE&nbsp;<strong>GREEN prek\u0117s \u017eenklo&nbsp;<\/strong><strong>medin\u0117 motorin\u0117 d\u0117\u017e\u0117<\/strong>&nbsp;yra itin universalus \u017eaislas, kuris ne tik suteikia daug d\u017eiaugsmo, bet ir visapusi\u0161kai&nbsp;<strong>palaiko vaiko vystym\u0105si<\/strong>&nbsp;.&nbsp;<br><br>Rinkinys yra puikus&nbsp;<strong>MONTESSORI<\/strong>&nbsp;\u017eaislo pavyzdys \u2013 pagrindinis jo tikslas yra palaikyti nat\u016bral\u0173, savaranki\u0161k\u0105 vaiko vystym\u0105si, stimuliuojant poj\u016b\u010dius, lavinant motorik\u0105 ir skatinant k\u016brybi\u0161kum\u0105 bei login\u012f m\u0105stym\u0105.&nbsp;<br><br>Jame yra net&nbsp;<strong>12 smagi\u0173 ir lavinan\u010di\u0173&nbsp;<\/strong><strong>funkcij\u0173<\/strong>&nbsp;, t.y.&nbsp;<strong>10 ra\u0161t\u0173, kuriuos galima i\u0161d\u0117lioti ant medin\u0117s lentos su skylut\u0117mis pagal atitinkam\u0173&nbsp;<\/strong><strong>form\u0173<\/strong>&nbsp;ir&nbsp;<strong>spalv\u0173<\/strong>&nbsp;priskyrim\u0105&nbsp;bei paprastus&nbsp;pavar\u0173&nbsp;<strong>mechanizmus<\/strong>&nbsp;; virvel\u0117&nbsp;kalad\u0117li\u0173&nbsp;<strong>\u012fsriegimui ir turi daug element\u0173, leid\u017eian\u010di\u0173&nbsp;<\/strong><strong>sukurti<\/strong>&nbsp;bet kokius erdvinius i\u0161d\u0117stymus ant lentos (maksimalus k\u016brybi\u0161kumas ir&nbsp;<strong>nepriklausomyb\u0117<\/strong>&nbsp;\u2013 vienintel\u0117 riba yra j\u016bs\u0173 vaizduot\u0117).&nbsp;<br><br>Viskas yra&nbsp;<strong>d\u0117\u017eut\u0117je<\/strong>&nbsp;, ant kurios galite pastatyti strukt\u016br\u0105 ir i\u0161d\u0117styti ra\u0161tus, o tada kompakti\u0161kai supakuoti visus elementus.<br><\/p>\n\n\n\n<p><strong>Charakteristika:<\/strong>&nbsp;<\/p>\n\n\n\n<ul class=\"wp-block-list\">\n<li>&#8211; \u017eaislas nuo\u00a0<strong>18 m\u0117n<\/strong><\/li>\n\n\n\n<li><strong>&#8211;<\/strong>\u00a0rinkin\u012f sudaro\u00a0<strong>49 dalys,<\/strong>\u00a0\u012fskaitant d\u0117\u017eut\u0119 su medine i\u0161d\u0117stymo lenta, smeigtukai, krumpliara\u010diai, medin\u0117s sijos, 10 i\u0161d\u0117stymo ra\u0161t\u0173 ir virvel\u0117 sriegimui<\/li>\n\n\n\n<li><strong>&#8211; 12in1<\/strong>\u00a0&#8211; daugyb\u0117 edukacini\u0173 funkcij\u0173 vienoje vietoje:\u00a0<strong>form\u0173<\/strong>\u00a0ir\u00a0<strong>spalv\u0173<\/strong>\u00a0bei paprast\u0173\u00a0<strong>mechanizm\u0173<\/strong>\u00a0mokymasis ; variklio\u00a0<strong>sriegimo<\/strong>\u00a0ir\u00a0<strong>konstrukcijos\u00a0<\/strong><strong>laisvojo<\/strong>\u00a0erdvinio i\u0161d\u0117stymo lentoje stilius<\/li>\n\n\n\n<li>&#8211; pavyzdinis\u00a0<strong>MONTESSORI \u017eaislas<\/strong><\/li>\n\n\n\n<li>&#8211;\u00a0<strong>savaranki\u0161kumas<\/strong>\u00a0\u017eaid\u017eiant ir tobul\u0117jant<\/li>\n\n\n\n<li>&#8211;\u00a0<strong>paprastumas<\/strong>\u00a0ir\u00a0<strong>minimalizmas<\/strong><\/li>\n\n\n\n<li>&#8211;\u00a0<strong>estetinis<\/strong>\u00a0dizainas su\u00a0<strong>saugiais u\u017eapvalintais<\/strong>\u00a0elementais<br><\/li>\n<\/ul>\n\n\n\n<p><strong>\u017daislas vysto:<\/strong><\/p>\n\n\n\n<ul class=\"wp-block-list\">\n<li><strong>&#8211; K\u016brybi\u0161kumas\u00a0\u2013<\/strong>\u00a0vaikas turi galimyb\u0119 kurti savo kompozicijas ir aran\u017euotes, kurios skatina vaizduot\u0119 ir lavina k\u016brybin\u012f m\u0105stym\u0105<\/li>\n\n\n\n<li><strong>&#8211; Rankiniai &#8220;motoriniai&#8221; \u012fg\u016bd\u017eiai<\/strong>\u00a0&#8211; Kai\u0161\u010di\u0173 i\u0161d\u0117stymas, konstrukcij\u0173 statymas ir sriegimas ant virvel\u0117s yra puikus pratimas ma\u017eosioms rankut\u0117ms, lavinant tikslius judesius ir smulki\u0105j\u0105 motorik\u0105.<\/li>\n\n\n\n<li><strong>&#8211; Stimuliuoja poj\u016b\u010dius<\/strong>\u00a0&#8211; \u017daidimui reikia sinchronizuoti rank\u0173 ir aki\u0173 judesius bei lyt\u0117jim\u0105, o tai taip pat palaiko aki\u0173 ir rank\u0173 koordinacijos vystym\u0105si.<\/li>\n\n\n\n<li>&#8211;\u00a0<strong>Loginis m\u0105stymas<\/strong>\u00a0&#8211; Strukt\u016br\u0173 k\u016brimas pagal \u0161ablonus, taip pat planavimas savaranki\u0161kai, moko vaik\u0105 analizuoti ir spr\u0119sti problemas, ugdo loginio m\u0105stymo \u012fg\u016bd\u017eius<\/li>\n<\/ul>","protected":false},"excerpt":{"rendered":"<p>WOOPIE&nbsp;GREEN prek\u0117s \u017eenklo&nbsp;medin\u0117 motorin\u0117 d\u0117\u017e\u0117&nbsp;yra itin universalus \u017eaislas, kuris ne tik suteikia daug d\u017eiaugsmo, bet ir visapusi\u0161kai&nbsp;palaiko vaiko vystym\u0105si&nbsp;.&nbsp; Rinkinys yra puikus&nbsp;MONTESSORI&nbsp;\u017eaislo pavyzdys \u2013 pagrindinis jo tikslas yra palaikyti nat\u016bral\u0173, savaranki\u0161k\u0105 vaiko vystym\u0105si, stimuliuojant poj\u016b\u010dius, lavinant motorik\u0105 ir skatinant k\u016brybi\u0161kum\u0105 bei login\u012f m\u0105stym\u0105.&nbsp; Jame yra net&nbsp;12 smagi\u0173 ir lavinan\u010di\u0173&nbsp;funkcij\u0173&nbsp;, t.y.&nbsp;10 ra\u0161t\u0173, kuriuos galima i\u0161d\u0117lioti ant [&hellip;]<\/p>","protected":false},"featured_media":26796,"template":"","meta":{"_acf_changed":false,"iawp_total_views":525},"product_cat":[218,92,193,194,191,192,87,84,91,102,83,90,86,199,49,249,39],"product_tag":[95,96,97],"class_list":{"0":"post-26795","1":"product","2":"type-product","3":"status-publish","4":"has-post-thumbnail","6":"product_cat-darzeliu-grupems","7":"product_cat-deliones","8":"product_cat-dovanos-vaikams-1-2-metu","9":"product_cat-dovanos-vaikams-2-3-metu","10":"product_cat-dovanos-vaikams","11":"product_cat-kaledines-dovanos-vaikams","12":"product_cat-kurybiniai-rinkiniai","13":"product_cat-lavinamieji-zaislai","14":"product_cat-loginiam-mastymui","15":"product_cat-mediniai-zaislai","16":"product_cat-montessori-zaislai","17":"product_cat-pasaulio-pazinimas","18":"product_cat-smulkioji-motorika","19":"product_cat-ugdymo-istaigoms","20":"product_cat-visi-zaislai","21":"product_cat-woppie","22":"product_cat-zaislai","23":"product_tag-1-m-2-m","24":"product_tag-2-m-3-m","25":"product_tag-3-m-4-m","27":"first","28":"outofstock","29":"taxable","30":"shipping-taxable","31":"purchasable","32":"product-type-simple"},"acf":[],"yoast_head":"<!-- This site is optimized with the Yoast SEO plugin v23.3 - https:\/\/yoast.com\/wordpress\/plugins\/seo\/ -->\n<title>Woopie konstruktorius d\u0117\u017eut\u0117je - Montessori \u017eaislai<\/title>\n<meta name=\"robots\" content=\"index, follow, max-snippet:-1, max-image-preview:large, max-video-preview:-1\" \/>\n<link rel=\"canonical\" href=\"https:\/\/monti.lt\/en\/product\/woopie-konstruktorius-dezuteje\/\" \/>\n<meta property=\"og:locale\" content=\"en_US\" \/>\n<meta property=\"og:type\" content=\"article\" \/>\n<meta property=\"og:title\" content=\"Woopie konstruktorius d\u0117\u017eut\u0117je - Montessori \u017eaislai\" \/>\n<meta property=\"og:description\" content=\"WOOPIE&nbsp;GREEN prek\u0117s \u017eenklo&nbsp;medin\u0117 motorin\u0117 d\u0117\u017e\u0117&nbsp;yra itin universalus \u017eaislas, kuris ne tik suteikia daug d\u017eiaugsmo, bet ir visapusi\u0161kai&nbsp;palaiko vaiko vystym\u0105si&nbsp;.&nbsp; Rinkinys yra puikus&nbsp;MONTESSORI&nbsp;\u017eaislo pavyzdys \u2013 pagrindinis jo tikslas yra palaikyti nat\u016bral\u0173, savaranki\u0161k\u0105 vaiko vystym\u0105si, stimuliuojant poj\u016b\u010dius, lavinant motorik\u0105 ir skatinant k\u016brybi\u0161kum\u0105 bei login\u012f m\u0105stym\u0105.&nbsp; Jame yra net&nbsp;12 smagi\u0173 ir lavinan\u010di\u0173&nbsp;funkcij\u0173&nbsp;, t.y.&nbsp;10 ra\u0161t\u0173, kuriuos galima i\u0161d\u0117lioti ant [&hellip;]\" \/>\n<meta property=\"og:url\" content=\"https:\/\/monti.lt\/en\/product\/woopie-konstruktorius-dezuteje\/\" \/>\n<meta property=\"og:site_name\" content=\"Montessori \u017eaislai\" \/>\n<meta property=\"article:modified_time\" content=\"2026-01-31T12:49:33+00:00\" \/>\n<meta property=\"og:image\" content=\"https:\/\/monti.lt\/wp-content\/uploads\/2024\/11\/woopie-green-konstrukcyjny-box-motoryczny-montessori-12w1-fsc.jpg\" \/>\n\t<meta property=\"og:image:width\" content=\"800\" \/>\n\t<meta property=\"og:image:height\" content=\"800\" \/>\n\t<meta property=\"og:image:type\" content=\"image\/jpeg\" \/>\n<meta name=\"twitter:card\" content=\"summary_large_image\" \/>\n<meta name=\"twitter:label1\" content=\"Est. reading time\" \/>\n\t<meta name=\"twitter:data1\" content=\"2 minutes\" \/>\n<script type=\"application\/ld+json\" class=\"yoast-schema-graph\">{\"@context\":\"https:\/\/schema.org\",\"@graph\":[{\"@type\":\"WebPage\",\"@id\":\"https:\/\/monti.lt\/product\/woopie-konstruktorius-dezuteje\/\",\"url\":\"https:\/\/monti.lt\/product\/woopie-konstruktorius-dezuteje\/\",\"name\":\"Woopie konstruktorius d\u0117\u017eut\u0117je - Montessori \u017eaislai\",\"isPartOf\":{\"@id\":\"https:\/\/monti.lt\/#website\"},\"primaryImageOfPage\":{\"@id\":\"https:\/\/monti.lt\/product\/woopie-konstruktorius-dezuteje\/#primaryimage\"},\"image\":{\"@id\":\"https:\/\/monti.lt\/product\/woopie-konstruktorius-dezuteje\/#primaryimage\"},\"thumbnailUrl\":\"https:\/\/monti.lt\/wp-content\/uploads\/2024\/11\/woopie-green-konstrukcyjny-box-motoryczny-montessori-12w1-fsc.jpg\",\"datePublished\":\"2024-11-04T17:16:14+00:00\",\"dateModified\":\"2026-01-31T12:49:33+00:00\",\"breadcrumb\":{\"@id\":\"https:\/\/monti.lt\/product\/woopie-konstruktorius-dezuteje\/#breadcrumb\"},\"inLanguage\":\"en-US\",\"potentialAction\":[{\"@type\":\"ReadAction\",\"target\":[\"https:\/\/monti.lt\/product\/woopie-konstruktorius-dezuteje\/\"]}]},{\"@type\":\"ImageObject\",\"inLanguage\":\"en-US\",\"@id\":\"https:\/\/monti.lt\/product\/woopie-konstruktorius-dezuteje\/#primaryimage\",\"url\":\"https:\/\/monti.lt\/wp-content\/uploads\/2024\/11\/woopie-green-konstrukcyjny-box-motoryczny-montessori-12w1-fsc.jpg\",\"contentUrl\":\"https:\/\/monti.lt\/wp-content\/uploads\/2024\/11\/woopie-green-konstrukcyjny-box-motoryczny-montessori-12w1-fsc.jpg\",\"width\":800,\"height\":800},{\"@type\":\"BreadcrumbList\",\"@id\":\"https:\/\/monti.lt\/product\/woopie-konstruktorius-dezuteje\/#breadcrumb\",\"itemListElement\":[{\"@type\":\"ListItem\",\"position\":1,\"name\":\"Home\",\"item\":\"https:\/\/monti.lt\/\"},{\"@type\":\"ListItem\",\"position\":2,\"name\":\"Parduotuv\u0117\",\"item\":\"https:\/\/monti.lt\/shop\/\"},{\"@type\":\"ListItem\",\"position\":3,\"name\":\"Woopie konstruktorius d\u0117\u017eut\u0117je\"}]},{\"@type\":\"WebSite\",\"@id\":\"https:\/\/monti.lt\/#website\",\"url\":\"https:\/\/monti.lt\/\",\"name\":\"Montessori \u017eaislai\",\"description\":\"\",\"publisher\":{\"@id\":\"https:\/\/monti.lt\/#organization\"},\"potentialAction\":[{\"@type\":\"SearchAction\",\"target\":{\"@type\":\"EntryPoint\",\"urlTemplate\":\"https:\/\/monti.lt\/?s={search_term_string}\"},\"query-input\":\"required name=search_term_string\"}],\"inLanguage\":\"en-US\"},{\"@type\":\"Organization\",\"@id\":\"https:\/\/monti.lt\/#organization\",\"name\":\"Montessori \u017eaislai\",\"url\":\"https:\/\/monti.lt\/\",\"logo\":{\"@type\":\"ImageObject\",\"inLanguage\":\"en-US\",\"@id\":\"https:\/\/monti.lt\/#\/schema\/logo\/image\/\",\"url\":\"https:\/\/monti.lt\/wp-content\/uploads\/2022\/03\/montilogo-1.png\",\"contentUrl\":\"https:\/\/monti.lt\/wp-content\/uploads\/2022\/03\/montilogo-1.png\",\"width\":512,\"height\":512,\"caption\":\"Montessori \u017eaislai\"},\"image\":{\"@id\":\"https:\/\/monti.lt\/#\/schema\/logo\/image\/\"}}]}<\/script>\n<!-- \/ Yoast SEO plugin. -->","yoast_head_json":{"title":"Woopie konstruktorius d\u0117\u017eut\u0117je - Montessori \u017eaislai","robots":{"index":"index","follow":"follow","max-snippet":"max-snippet:-1","max-image-preview":"max-image-preview:large","max-video-preview":"max-video-preview:-1"},"canonical":"https:\/\/monti.lt\/en\/product\/woopie-konstruktorius-dezuteje\/","og_locale":"en_US","og_type":"article","og_title":"Woopie konstruktorius d\u0117\u017eut\u0117je - Montessori \u017eaislai","og_description":"WOOPIE&nbsp;GREEN prek\u0117s \u017eenklo&nbsp;medin\u0117 motorin\u0117 d\u0117\u017e\u0117&nbsp;yra itin universalus \u017eaislas, kuris ne tik suteikia daug d\u017eiaugsmo, bet ir visapusi\u0161kai&nbsp;palaiko vaiko vystym\u0105si&nbsp;.&nbsp; Rinkinys yra puikus&nbsp;MONTESSORI&nbsp;\u017eaislo pavyzdys \u2013 pagrindinis jo tikslas yra palaikyti nat\u016bral\u0173, savaranki\u0161k\u0105 vaiko vystym\u0105si, stimuliuojant poj\u016b\u010dius, lavinant motorik\u0105 ir skatinant k\u016brybi\u0161kum\u0105 bei login\u012f m\u0105stym\u0105.&nbsp; Jame yra net&nbsp;12 smagi\u0173 ir lavinan\u010di\u0173&nbsp;funkcij\u0173&nbsp;, t.y.&nbsp;10 ra\u0161t\u0173, kuriuos galima i\u0161d\u0117lioti ant [&hellip;]","og_url":"https:\/\/monti.lt\/en\/product\/woopie-konstruktorius-dezuteje\/","og_site_name":"Montessori \u017eaislai","article_modified_time":"2026-01-31T12:49:33+00:00","og_image":[{"width":800,"height":800,"url":"https:\/\/monti.lt\/wp-content\/uploads\/2024\/11\/woopie-green-konstrukcyjny-box-motoryczny-montessori-12w1-fsc.jpg","type":"image\/jpeg"}],"twitter_card":"summary_large_image","twitter_misc":{"Est. reading time":"2 minutes"},"schema":{"@context":"https:\/\/schema.org","@graph":[{"@type":"WebPage","@id":"https:\/\/monti.lt\/product\/woopie-konstruktorius-dezuteje\/","url":"https:\/\/monti.lt\/product\/woopie-konstruktorius-dezuteje\/","name":"Woopie konstruktorius d\u0117\u017eut\u0117je - Montessori \u017eaislai","isPartOf":{"@id":"https:\/\/monti.lt\/#website"},"primaryImageOfPage":{"@id":"https:\/\/monti.lt\/product\/woopie-konstruktorius-dezuteje\/#primaryimage"},"image":{"@id":"https:\/\/monti.lt\/product\/woopie-konstruktorius-dezuteje\/#primaryimage"},"thumbnailUrl":"https:\/\/monti.lt\/wp-content\/uploads\/2024\/11\/woopie-green-konstrukcyjny-box-motoryczny-montessori-12w1-fsc.jpg","datePublished":"2024-11-04T17:16:14+00:00","dateModified":"2026-01-31T12:49:33+00:00","breadcrumb":{"@id":"https:\/\/monti.lt\/product\/woopie-konstruktorius-dezuteje\/#breadcrumb"},"inLanguage":"en-US","potentialAction":[{"@type":"ReadAction","target":["https:\/\/monti.lt\/product\/woopie-konstruktorius-dezuteje\/"]}]},{"@type":"ImageObject","inLanguage":"en-US","@id":"https:\/\/monti.lt\/product\/woopie-konstruktorius-dezuteje\/#primaryimage","url":"https:\/\/monti.lt\/wp-content\/uploads\/2024\/11\/woopie-green-konstrukcyjny-box-motoryczny-montessori-12w1-fsc.jpg","contentUrl":"https:\/\/monti.lt\/wp-content\/uploads\/2024\/11\/woopie-green-konstrukcyjny-box-motoryczny-montessori-12w1-fsc.jpg","width":800,"height":800},{"@type":"BreadcrumbList","@id":"https:\/\/monti.lt\/product\/woopie-konstruktorius-dezuteje\/#breadcrumb","itemListElement":[{"@type":"ListItem","position":1,"name":"Home","item":"https:\/\/monti.lt\/"},{"@type":"ListItem","position":2,"name":"Parduotuv\u0117","item":"https:\/\/monti.lt\/shop\/"},{"@type":"ListItem","position":3,"name":"Woopie konstruktorius d\u0117\u017eut\u0117je"}]},{"@type":"WebSite","@id":"https:\/\/monti.lt\/#website","url":"https:\/\/monti.lt\/","name":"Montessori \u017eaislai","description":"","publisher":{"@id":"https:\/\/monti.lt\/#organization"},"potentialAction":[{"@type":"SearchAction","target":{"@type":"EntryPoint","urlTemplate":"https:\/\/monti.lt\/?s={search_term_string}"},"query-input":"required name=search_term_string"}],"inLanguage":"en-US"},{"@type":"Organization","@id":"https:\/\/monti.lt\/#organization","name":"Montessori \u017eaislai","url":"https:\/\/monti.lt\/","logo":{"@type":"ImageObject","inLanguage":"en-US","@id":"https:\/\/monti.lt\/#\/schema\/logo\/image\/","url":"https:\/\/monti.lt\/wp-content\/uploads\/2022\/03\/montilogo-1.png","contentUrl":"https:\/\/monti.lt\/wp-content\/uploads\/2022\/03\/montilogo-1.png","width":512,"height":512,"caption":"Montessori \u017eaislai"},"image":{"@id":"https:\/\/monti.lt\/#\/schema\/logo\/image\/"}}]}},"_links":{"self":[{"href":"https:\/\/monti.lt\/en\/wp-json\/wp\/v2\/product\/26795"}],"collection":[{"href":"https:\/\/monti.lt\/en\/wp-json\/wp\/v2\/product"}],"about":[{"href":"https:\/\/monti.lt\/en\/wp-json\/wp\/v2\/types\/product"}],"version-history":[{"count":1,"href":"https:\/\/monti.lt\/en\/wp-json\/wp\/v2\/product\/26795\/revisions"}],"predecessor-version":[{"id":26807,"href":"https:\/\/monti.lt\/en\/wp-json\/wp\/v2\/product\/26795\/revisions\/26807"}],"wp:featuredmedia":[{"embeddable":true,"href":"https:\/\/monti.lt\/en\/wp-json\/wp\/v2\/media\/26796"}],"wp:attachment":[{"href":"https:\/\/monti.lt\/en\/wp-json\/wp\/v2\/media?parent=26795"}],"wp:term":[{"taxonomy":"product_cat","embeddable":true,"href":"https:\/\/monti.lt\/en\/wp-json\/wp\/v2\/product_cat?post=26795"},{"taxonomy":"product_tag","embeddable":true,"href":"https:\/\/monti.lt\/en\/wp-json\/wp\/v2\/product_tag?post=26795"}],"curies":[{"name":"wp","href":"https:\/\/api.w.org\/{rel}","templated":true}]}}