{"id":26861,"date":"2024-11-06T10:07:41","date_gmt":"2024-11-06T10:07:41","guid":{"rendered":"https:\/\/monti.lt\/?post_type=product&#038;p=26861"},"modified":"2025-12-04T19:40:11","modified_gmt":"2025-12-04T19:40:11","slug":"stalo-zaidimai-4-in-1","status":"publish","type":"product","link":"https:\/\/monti.lt\/en\/product\/stalo-zaidimai-4-in-1\/","title":{"rendered":"Stalo \u017eaidimai 4 in 1"},"content":{"rendered":"<p><strong>Fantasti\u0161kas stalo \u017eaidim\u0173 rinkinys<\/strong>&nbsp;i\u0161&nbsp;<strong>WOOPIE<\/strong>&nbsp;prek\u0117s \u017eenklo yra produktas, kuris neleis jums nuobod\u017eiauti! 3 lentos, 4 skirtingi \u017eaidimai \u2013 i\u0161sirinkite ko norite. Lentos dedamos ant patogaus stovo, kuris u\u017etikrina stabilum\u0105 \u017eaid\u017eiant. Kiekvienoje lentos pus\u0117je yra \u012fdubimas, \u012f kur\u012f galite sud\u0117ti savo fig\u016br\u0117les.<\/p>\n\n\n\n<p><strong>Charakteristika:<\/strong><\/p>\n\n\n\n<ul class=\"wp-block-list\">\n<li>&#8211; \u017daislas nuo 6 met\u0173<\/li>\n\n\n\n<li>&#8211; Lenta magneti\u0161kai pritvirtinta prie pagrindo, tod\u0117l \u017eaidimas yra stabilus<\/li>\n\n\n\n<li>&#8211; 4 \u017eaidimai 1 pakuot\u0117je<\/li>\n<\/ul>\n\n\n\n<p><strong>Rinkin\u012f sudaro \u017eaidimo element\u0173 rinkinys:<\/strong><\/p>\n\n\n\n<ul class=\"wp-block-list\">\n<li>-Kin\u0173<\/li>\n\n\n\n<li>&#8211; \u0160a\u0161k\u0117s<\/li>\n\n\n\n<li>-\u0160achmatai<\/li>\n\n\n\n<li>&#8211; Kop\u0117\u010dios ir \u017earnos<\/li>\n<\/ul>","protected":false},"excerpt":{"rendered":"<p>Fantasti\u0161kas stalo \u017eaidim\u0173 rinkinys&nbsp;i\u0161&nbsp;WOOPIE&nbsp;prek\u0117s \u017eenklo yra produktas, kuris neleis jums nuobod\u017eiauti! 3 lentos, 4 skirtingi \u017eaidimai \u2013 i\u0161sirinkite ko norite. Lentos dedamos ant patogaus stovo, kuris u\u017etikrina stabilum\u0105 \u017eaid\u017eiant. Kiekvienoje lentos pus\u0117je yra \u012fdubimas, \u012f kur\u012f galite sud\u0117ti savo fig\u016br\u0117les. Charakteristika: Rinkin\u012f sudaro \u017eaidimo element\u0173 rinkinys:<\/p>","protected":false},"featured_media":26863,"template":"","meta":{"_acf_changed":false,"iawp_total_views":193},"product_cat":[218,84,91,249],"product_tag":[101,98,99],"class_list":{"0":"post-26861","1":"product","2":"type-product","3":"status-publish","4":"has-post-thumbnail","6":"product_cat-darzeliu-grupems","7":"product_cat-lavinamieji-zaislai","8":"product_cat-loginiam-mastymui","9":"product_cat-woppie","10":"product_tag-12-m-14-m","11":"product_tag-5-m-7-m","12":"product_tag-8-m-11-m","14":"first","15":"outofstock","16":"taxable","17":"shipping-taxable","18":"purchasable","19":"product-type-simple"},"acf":[],"yoast_head":"<!-- This site is optimized with the Yoast SEO plugin v23.3 - https:\/\/yoast.com\/wordpress\/plugins\/seo\/ -->\n<title>Stalo \u017eaidimai 4 in 1 - Montessori \u017eaislai<\/title>\n<meta name=\"robots\" content=\"index, follow, max-snippet:-1, max-image-preview:large, max-video-preview:-1\" \/>\n<link rel=\"canonical\" href=\"https:\/\/monti.lt\/en\/product\/stalo-zaidimai-4-in-1\/\" \/>\n<meta property=\"og:locale\" content=\"en_US\" \/>\n<meta property=\"og:type\" content=\"article\" \/>\n<meta property=\"og:title\" content=\"Stalo \u017eaidimai 4 in 1 - Montessori \u017eaislai\" \/>\n<meta property=\"og:description\" content=\"Fantasti\u0161kas stalo \u017eaidim\u0173 rinkinys&nbsp;i\u0161&nbsp;WOOPIE&nbsp;prek\u0117s \u017eenklo yra produktas, kuris neleis jums nuobod\u017eiauti! 3 lentos, 4 skirtingi \u017eaidimai \u2013 i\u0161sirinkite ko norite. Lentos dedamos ant patogaus stovo, kuris u\u017etikrina stabilum\u0105 \u017eaid\u017eiant. Kiekvienoje lentos pus\u0117je yra \u012fdubimas, \u012f kur\u012f galite sud\u0117ti savo fig\u016br\u0117les. Charakteristika: Rinkin\u012f sudaro \u017eaidimo element\u0173 rinkinys:\" \/>\n<meta property=\"og:url\" content=\"https:\/\/monti.lt\/en\/product\/stalo-zaidimai-4-in-1\/\" \/>\n<meta property=\"og:site_name\" content=\"Montessori \u017eaislai\" \/>\n<meta property=\"article:modified_time\" content=\"2025-12-04T19:40:11+00:00\" \/>\n<meta property=\"og:image\" content=\"https:\/\/monti.lt\/wp-content\/uploads\/2024\/11\/woopie-zestaw-4w1-gry-planszowe-warcaby-szachy-chinczyk-drabiny-i-weze.jpg\" \/>\n\t<meta property=\"og:image:width\" content=\"800\" \/>\n\t<meta property=\"og:image:height\" content=\"800\" \/>\n\t<meta property=\"og:image:type\" content=\"image\/jpeg\" \/>\n<meta name=\"twitter:card\" content=\"summary_large_image\" \/>\n<meta name=\"twitter:label1\" content=\"Est. reading time\" \/>\n\t<meta name=\"twitter:data1\" content=\"1 minute\" \/>\n<script type=\"application\/ld+json\" class=\"yoast-schema-graph\">{\"@context\":\"https:\/\/schema.org\",\"@graph\":[{\"@type\":\"WebPage\",\"@id\":\"https:\/\/monti.lt\/product\/stalo-zaidimai-4-in-1\/\",\"url\":\"https:\/\/monti.lt\/product\/stalo-zaidimai-4-in-1\/\",\"name\":\"Stalo \u017eaidimai 4 in 1 - Montessori \u017eaislai\",\"isPartOf\":{\"@id\":\"https:\/\/monti.lt\/#website\"},\"primaryImageOfPage\":{\"@id\":\"https:\/\/monti.lt\/product\/stalo-zaidimai-4-in-1\/#primaryimage\"},\"image\":{\"@id\":\"https:\/\/monti.lt\/product\/stalo-zaidimai-4-in-1\/#primaryimage\"},\"thumbnailUrl\":\"https:\/\/monti.lt\/wp-content\/uploads\/2024\/11\/woopie-zestaw-4w1-gry-planszowe-warcaby-szachy-chinczyk-drabiny-i-weze.jpg\",\"datePublished\":\"2024-11-06T10:07:41+00:00\",\"dateModified\":\"2025-12-04T19:40:11+00:00\",\"breadcrumb\":{\"@id\":\"https:\/\/monti.lt\/product\/stalo-zaidimai-4-in-1\/#breadcrumb\"},\"inLanguage\":\"en-US\",\"potentialAction\":[{\"@type\":\"ReadAction\",\"target\":[\"https:\/\/monti.lt\/product\/stalo-zaidimai-4-in-1\/\"]}]},{\"@type\":\"ImageObject\",\"inLanguage\":\"en-US\",\"@id\":\"https:\/\/monti.lt\/product\/stalo-zaidimai-4-in-1\/#primaryimage\",\"url\":\"https:\/\/monti.lt\/wp-content\/uploads\/2024\/11\/woopie-zestaw-4w1-gry-planszowe-warcaby-szachy-chinczyk-drabiny-i-weze.jpg\",\"contentUrl\":\"https:\/\/monti.lt\/wp-content\/uploads\/2024\/11\/woopie-zestaw-4w1-gry-planszowe-warcaby-szachy-chinczyk-drabiny-i-weze.jpg\",\"width\":800,\"height\":800,\"caption\":\"stalo zaidimai\"},{\"@type\":\"BreadcrumbList\",\"@id\":\"https:\/\/monti.lt\/product\/stalo-zaidimai-4-in-1\/#breadcrumb\",\"itemListElement\":[{\"@type\":\"ListItem\",\"position\":1,\"name\":\"Home\",\"item\":\"https:\/\/monti.lt\/\"},{\"@type\":\"ListItem\",\"position\":2,\"name\":\"Parduotuv\u0117\",\"item\":\"https:\/\/monti.lt\/shop\/\"},{\"@type\":\"ListItem\",\"position\":3,\"name\":\"Stalo \u017eaidimai 4 in 1\"}]},{\"@type\":\"WebSite\",\"@id\":\"https:\/\/monti.lt\/#website\",\"url\":\"https:\/\/monti.lt\/\",\"name\":\"Montessori \u017eaislai\",\"description\":\"\",\"publisher\":{\"@id\":\"https:\/\/monti.lt\/#organization\"},\"potentialAction\":[{\"@type\":\"SearchAction\",\"target\":{\"@type\":\"EntryPoint\",\"urlTemplate\":\"https:\/\/monti.lt\/?s={search_term_string}\"},\"query-input\":\"required name=search_term_string\"}],\"inLanguage\":\"en-US\"},{\"@type\":\"Organization\",\"@id\":\"https:\/\/monti.lt\/#organization\",\"name\":\"Montessori \u017eaislai\",\"url\":\"https:\/\/monti.lt\/\",\"logo\":{\"@type\":\"ImageObject\",\"inLanguage\":\"en-US\",\"@id\":\"https:\/\/monti.lt\/#\/schema\/logo\/image\/\",\"url\":\"https:\/\/monti.lt\/wp-content\/uploads\/2022\/03\/montilogo-1.png\",\"contentUrl\":\"https:\/\/monti.lt\/wp-content\/uploads\/2022\/03\/montilogo-1.png\",\"width\":512,\"height\":512,\"caption\":\"Montessori \u017eaislai\"},\"image\":{\"@id\":\"https:\/\/monti.lt\/#\/schema\/logo\/image\/\"}}]}<\/script>\n<!-- \/ Yoast SEO plugin. -->","yoast_head_json":{"title":"Stalo \u017eaidimai 4 in 1 - Montessori \u017eaislai","robots":{"index":"index","follow":"follow","max-snippet":"max-snippet:-1","max-image-preview":"max-image-preview:large","max-video-preview":"max-video-preview:-1"},"canonical":"https:\/\/monti.lt\/en\/product\/stalo-zaidimai-4-in-1\/","og_locale":"en_US","og_type":"article","og_title":"Stalo \u017eaidimai 4 in 1 - Montessori \u017eaislai","og_description":"Fantasti\u0161kas stalo \u017eaidim\u0173 rinkinys&nbsp;i\u0161&nbsp;WOOPIE&nbsp;prek\u0117s \u017eenklo yra produktas, kuris neleis jums nuobod\u017eiauti! 3 lentos, 4 skirtingi \u017eaidimai \u2013 i\u0161sirinkite ko norite. Lentos dedamos ant patogaus stovo, kuris u\u017etikrina stabilum\u0105 \u017eaid\u017eiant. Kiekvienoje lentos pus\u0117je yra \u012fdubimas, \u012f kur\u012f galite sud\u0117ti savo fig\u016br\u0117les. Charakteristika: Rinkin\u012f sudaro \u017eaidimo element\u0173 rinkinys:","og_url":"https:\/\/monti.lt\/en\/product\/stalo-zaidimai-4-in-1\/","og_site_name":"Montessori \u017eaislai","article_modified_time":"2025-12-04T19:40:11+00:00","og_image":[{"width":800,"height":800,"url":"https:\/\/monti.lt\/wp-content\/uploads\/2024\/11\/woopie-zestaw-4w1-gry-planszowe-warcaby-szachy-chinczyk-drabiny-i-weze.jpg","type":"image\/jpeg"}],"twitter_card":"summary_large_image","twitter_misc":{"Est. reading time":"1 minute"},"schema":{"@context":"https:\/\/schema.org","@graph":[{"@type":"WebPage","@id":"https:\/\/monti.lt\/product\/stalo-zaidimai-4-in-1\/","url":"https:\/\/monti.lt\/product\/stalo-zaidimai-4-in-1\/","name":"Stalo \u017eaidimai 4 in 1 - Montessori \u017eaislai","isPartOf":{"@id":"https:\/\/monti.lt\/#website"},"primaryImageOfPage":{"@id":"https:\/\/monti.lt\/product\/stalo-zaidimai-4-in-1\/#primaryimage"},"image":{"@id":"https:\/\/monti.lt\/product\/stalo-zaidimai-4-in-1\/#primaryimage"},"thumbnailUrl":"https:\/\/monti.lt\/wp-content\/uploads\/2024\/11\/woopie-zestaw-4w1-gry-planszowe-warcaby-szachy-chinczyk-drabiny-i-weze.jpg","datePublished":"2024-11-06T10:07:41+00:00","dateModified":"2025-12-04T19:40:11+00:00","breadcrumb":{"@id":"https:\/\/monti.lt\/product\/stalo-zaidimai-4-in-1\/#breadcrumb"},"inLanguage":"en-US","potentialAction":[{"@type":"ReadAction","target":["https:\/\/monti.lt\/product\/stalo-zaidimai-4-in-1\/"]}]},{"@type":"ImageObject","inLanguage":"en-US","@id":"https:\/\/monti.lt\/product\/stalo-zaidimai-4-in-1\/#primaryimage","url":"https:\/\/monti.lt\/wp-content\/uploads\/2024\/11\/woopie-zestaw-4w1-gry-planszowe-warcaby-szachy-chinczyk-drabiny-i-weze.jpg","contentUrl":"https:\/\/monti.lt\/wp-content\/uploads\/2024\/11\/woopie-zestaw-4w1-gry-planszowe-warcaby-szachy-chinczyk-drabiny-i-weze.jpg","width":800,"height":800,"caption":"stalo zaidimai"},{"@type":"BreadcrumbList","@id":"https:\/\/monti.lt\/product\/stalo-zaidimai-4-in-1\/#breadcrumb","itemListElement":[{"@type":"ListItem","position":1,"name":"Home","item":"https:\/\/monti.lt\/"},{"@type":"ListItem","position":2,"name":"Parduotuv\u0117","item":"https:\/\/monti.lt\/shop\/"},{"@type":"ListItem","position":3,"name":"Stalo \u017eaidimai 4 in 1"}]},{"@type":"WebSite","@id":"https:\/\/monti.lt\/#website","url":"https:\/\/monti.lt\/","name":"Montessori \u017eaislai","description":"","publisher":{"@id":"https:\/\/monti.lt\/#organization"},"potentialAction":[{"@type":"SearchAction","target":{"@type":"EntryPoint","urlTemplate":"https:\/\/monti.lt\/?s={search_term_string}"},"query-input":"required name=search_term_string"}],"inLanguage":"en-US"},{"@type":"Organization","@id":"https:\/\/monti.lt\/#organization","name":"Montessori \u017eaislai","url":"https:\/\/monti.lt\/","logo":{"@type":"ImageObject","inLanguage":"en-US","@id":"https:\/\/monti.lt\/#\/schema\/logo\/image\/","url":"https:\/\/monti.lt\/wp-content\/uploads\/2022\/03\/montilogo-1.png","contentUrl":"https:\/\/monti.lt\/wp-content\/uploads\/2022\/03\/montilogo-1.png","width":512,"height":512,"caption":"Montessori \u017eaislai"},"image":{"@id":"https:\/\/monti.lt\/#\/schema\/logo\/image\/"}}]}},"_links":{"self":[{"href":"https:\/\/monti.lt\/en\/wp-json\/wp\/v2\/product\/26861"}],"collection":[{"href":"https:\/\/monti.lt\/en\/wp-json\/wp\/v2\/product"}],"about":[{"href":"https:\/\/monti.lt\/en\/wp-json\/wp\/v2\/types\/product"}],"version-history":[{"count":1,"href":"https:\/\/monti.lt\/en\/wp-json\/wp\/v2\/product\/26861\/revisions"}],"predecessor-version":[{"id":26865,"href":"https:\/\/monti.lt\/en\/wp-json\/wp\/v2\/product\/26861\/revisions\/26865"}],"wp:featuredmedia":[{"embeddable":true,"href":"https:\/\/monti.lt\/en\/wp-json\/wp\/v2\/media\/26863"}],"wp:attachment":[{"href":"https:\/\/monti.lt\/en\/wp-json\/wp\/v2\/media?parent=26861"}],"wp:term":[{"taxonomy":"product_cat","embeddable":true,"href":"https:\/\/monti.lt\/en\/wp-json\/wp\/v2\/product_cat?post=26861"},{"taxonomy":"product_tag","embeddable":true,"href":"https:\/\/monti.lt\/en\/wp-json\/wp\/v2\/product_tag?post=26861"}],"curies":[{"name":"wp","href":"https:\/\/api.w.org\/{rel}","templated":true}]}}