{"id":26866,"date":"2024-11-06T10:15:22","date_gmt":"2024-11-06T10:15:22","guid":{"rendered":"https:\/\/monti.lt\/?post_type=product&#038;p=26866"},"modified":"2025-12-17T11:00:45","modified_gmt":"2025-12-17T11:00:45","slug":"edukacine-montessori-dezute-7-8-men","status":"publish","type":"product","link":"https:\/\/monti.lt\/en\/product\/edukacine-montessori-dezute-7-8-men\/","title":{"rendered":"Edukacin\u0117 Montessori d\u0117\u017eut\u0117 7-8 m\u0117n."},"content":{"rendered":"<p><strong>Mokomoji d\u0117\u017eut\u0117 Tooky Toy<\/strong>&nbsp;skirta&nbsp;<strong>7-8 m\u0117nesi\u0173<\/strong>&nbsp;k\u016bdikiams . Jame yra&nbsp;<strong>6 sensoriniai ir Montessori mokomieji \u017eaislai<\/strong>&nbsp;, kurie palaiko&nbsp;<strong>sveik\u0105 j\u016bs\u0173 vaiko psichomotorin\u0119 raid\u0105<\/strong>&nbsp;ir&nbsp;<strong>stimuliuoja jo poj\u016b\u010dius<\/strong>&nbsp;:&nbsp;<strong>reg\u0117jim\u0105, lyt\u0117jim\u0105 ir klaus\u0105<\/strong>&nbsp;. Taip pat lavina&nbsp;<strong>login\u012f m\u0105stym\u0105 bei rank\u0173 ir aki\u0173 koordinacij\u0105<\/strong>&nbsp;. Taip pat yra i\u0161samus vadovas t\u0117vams, kurio d\u0117ka su\u017einosite, kada su \u017eaislu supa\u017eindinti ma\u017eyl\u012f ir kaip su juo \u017eaisti.&nbsp;<strong>Mokomoji d\u0117\u017eut\u0117 Tooky Toy<\/strong>&nbsp;yra puiki dovana k\u016bdikiui.<\/p>\n\n\n\n<p><strong>Charakteristika:<\/strong><\/p>\n\n\n\n<ul class=\"wp-block-list\">\n<li><strong>&#8211; 7-8 m\u0117nesi\u0173<\/strong>\u00a0k\u016bdikiams<\/li>\n\n\n\n<li><strong>&#8211; 6<\/strong>\u00a0mokomieji \u017eaislai\u00a0<strong>vienoje pakuot\u0117je<\/strong><\/li>\n\n\n\n<li><strong>&#8211; Edukacinis rinkinys<\/strong><\/li>\n<\/ul>\n\n\n\n<p><strong>\u017daislas vysto:<\/strong><\/p>\n\n\n\n<ul class=\"wp-block-list\">\n<li>&#8211; Sveika psichomotorin\u0117 raida<\/li>\n\n\n\n<li>&#8211; Stimuliuoja regos, lyt\u0117jimo ir klausos poj\u016b\u010dius<\/li>\n\n\n\n<li>&#8211; Lavina login\u012f m\u0105stym\u0105<\/li>\n\n\n\n<li>&#8211; Rank\u0173 ir aki\u0173 koordinacija<\/li>\n<\/ul>\n\n\n\n<p><strong>\u012e komplekt\u0105 \u012feina:<\/strong><\/p>\n\n\n\n<p>&nbsp;&nbsp;&nbsp;<strong>1. Medinis kiau\u0161inis ir stovas<\/strong><\/p>\n\n\n\n<p>Klasikinis Montessori \u017eaislas susideda i\u0161 medinio kiau\u0161inio ir puodelio. Jis tinka vaikams, kurie gali s\u0117d\u0117ti savaranki\u0161kai ir naudotis abiem rankomis. K\u016bdikiai gali lavinti rank\u0173 ir aki\u0173 koordinacij\u0105 bei susikaupim\u0105 bandydami \u012fmu\u0161ti kiau\u0161in\u012f \u012f puodel\u012f ir j\u012f i\u0161imti. \u0160is \u012fg\u016bdis reikalauja koordinacijos ir gali b\u016bti sunki u\u017eduotis j\u016bs\u0173 vaikui.<\/p>\n\n\n\n<p>&nbsp;&nbsp;&nbsp;<strong>2. Medin\u0117 keli\u0173 form\u0173 \u017eaidim\u0173 d\u0117\u017eut\u0117 su 3 mediniais kamuoliukais<\/strong><\/p>\n\n\n\n<p id=\"tw-target-text\">Medin\u0117 keli\u0173 form\u0173 d\u0117\u017eut\u0117 yra Montessori \u012fkv\u0117ptas lavinantis \u017eaislas, sukurtas pad\u0117ti vaikams suprasti samprat\u0105, kad objektai egzistuoja net tada, kai j\u0173 nematyti. \u0160i koncepcija yra svarbus vaiko pa\u017einimo vystymosi etapas ir paprastai pastebimas ma\u017edaug 7\u20138 m\u0117nesi\u0173 k\u016bdikiams. Kamuoliukai praeina per skylut\u0119 vir\u0161uje ir nukrenta ant rampos, prie\u0161 sukant \u012f d\u0117kl\u0105. \u0160i med\u017eiaga skatina k\u016bdikius naudoti rankas manipuliuoti daiktais ir pagerinti rank\u0173 ir aki\u0173 koordinacij\u0105. D\u0117dami kamuoliukus \u012f duobutes, jie lavina tikslius judesius, stiprina motorik\u0105.<\/p>\n\n\n\n<p>&nbsp;<strong>&nbsp; 3.&nbsp;<\/strong><strong>10 paveiksl\u0117li\u0173 korteli\u0173 su 20 ra\u0161t\u0173 pavadinimams ir daiktams sujungti<\/strong><\/p>\n\n\n\n<p>\u0160io \u017eaislo d\u0117ka vaikai supras visk\u0105, kas juos supa. Rinkin\u012f sudaro 10 korteli\u0173, kuri\u0173 turinys i\u0161 abiej\u0173 pusi\u0173. Kortel\u0117s apima 20 da\u017eniausiai gyvenime pasitaikan\u010di\u0173 objekt\u0173, tod\u0117l vaikai gali susieti vardus su daiktais, pagerinti regim\u0105j\u0105 atmint\u012f ir lavinti vaik\u0173 i\u0161rai\u0161kingus kalbos geb\u0117jimus.<\/p>\n\n\n\n<p>&nbsp;&nbsp;&nbsp;<strong>4.&nbsp;<\/strong><strong>8 kvadrato formos mink\u0161tos gumos sensoriniai blokeliai<\/strong><\/p>\n\n\n\n<p>\u0160\u012f \u017eaisl\u0173 rinkin\u012f sudaro 8 kalad\u0117l\u0117s su tokiais ra\u0161tais kaip vaisiai, skai\u010diai ir geometrin\u0117s fig\u016bros. Statydami ir steb\u0117dami kalad\u0117les vaikai gali lavinti lyt\u0117jimo ir regos poj\u016bt\u012f. \u0160is nuostabus kalad\u0117li\u0173 rinkinys padeda vaikams ankstyvose vystymosi stadijose.<\/p>\n\n\n\n<p>&nbsp;&nbsp;&nbsp;<strong>5.&nbsp;<\/strong><strong>Medin\u0117 knyga su iliustracijomis apie \u016bkio gyv\u016bnus<\/strong><\/p>\n\n\n\n<p>Su \u0161ia medine knyga supa\u017eindinkite savo vaik\u0105 su \u017eavingu \u016bkini\u0173 gyv\u016bn\u0173 pasauliu. \u0160ioje tvirtoje knygoje, sukurtoje atsi\u017evelgiant \u012f r\u016bpest\u012f ir saugum\u0105, yra mylim\u0173 \u016bkio gyv\u016bn\u0173 iliustracij\u0173, kurios tikrai patrauks j\u016bs\u0173 vaiko d\u0117mes\u012f. Medinius puslapius lengva sugriebti ma\u017eoms rankyt\u0117ms, jie skatina juslin\u012f tyrin\u0117jim\u0105, kalbos vystym\u0105si, lyt\u0117jimo \u012fsitraukim\u0105 ir galimybes u\u017emegzti ry\u0161\u012f ir bendrauti su glob\u0117jais.<\/p>\n\n\n\n<p>&nbsp;&nbsp;&nbsp;<strong>6.&nbsp;<\/strong><strong>Medinis automobilio bar\u0161kutis &#8211; E\u017eiukas<\/strong><\/p>\n\n\n\n<p>Bar\u0161kutis Hedgehog gali b\u016bti naudojamas ir kaip bar\u0161kutis, ir kaip automobilis. D\u0117l mielos e\u017eio formos ir tinkamo rankenos dyd\u017eio j\u012f lengva suimti ma\u017eiems vaikams. Su \u0161iuo \u012fdomiu \u017eaislu vaikai gali lavinti motorinius \u012fg\u016bd\u017eius.<\/p>\n\n\n\n<p>&nbsp;&nbsp;<strong>7.&nbsp;<\/strong><strong>Instrukcij\u0173 knygel\u0117<\/strong><\/p>","protected":false},"excerpt":{"rendered":"<p>Mokomoji d\u0117\u017eut\u0117 Tooky Toy&nbsp;skirta&nbsp;7-8 m\u0117nesi\u0173&nbsp;k\u016bdikiams . Jame yra&nbsp;6 sensoriniai ir Montessori mokomieji \u017eaislai&nbsp;, kurie palaiko&nbsp;sveik\u0105 j\u016bs\u0173 vaiko psichomotorin\u0119 raid\u0105&nbsp;ir&nbsp;stimuliuoja jo poj\u016b\u010dius&nbsp;:&nbsp;reg\u0117jim\u0105, lyt\u0117jim\u0105 ir klaus\u0105&nbsp;. Taip pat lavina&nbsp;login\u012f m\u0105stym\u0105 bei rank\u0173 ir aki\u0173 koordinacij\u0105&nbsp;. Taip pat yra i\u0161samus vadovas t\u0117vams, kurio d\u0117ka su\u017einosite, kada su \u017eaislu supa\u017eindinti ma\u017eyl\u012f ir kaip su juo \u017eaisti.&nbsp;Mokomoji d\u0117\u017eut\u0117 Tooky Toy&nbsp;yra [&hellip;]<\/p>","protected":false},"featured_media":26867,"template":"","meta":{"_acf_changed":false,"iawp_total_views":429},"product_cat":[200,191,241,84,91,102,88,83,90,86,50,49,39],"product_tag":[94],"class_list":{"0":"post-26866","1":"product","2":"type-product","3":"status-publish","4":"has-post-thumbnail","6":"product_cat-dovanos-kudikiams","7":"product_cat-dovanos-vaikams","8":"product_cat-dovanu-rinkiniai","9":"product_cat-lavinamieji-zaislai","10":"product_cat-loginiam-mastymui","11":"product_cat-mediniai-zaislai","12":"product_cat-mokausi-zaisti","13":"product_cat-montessori-zaislai","14":"product_cat-pasaulio-pazinimas","15":"product_cat-smulkioji-motorika","16":"product_cat-top-dovanos","17":"product_cat-visi-zaislai","18":"product_cat-zaislai","19":"product_tag-iki-1-m","21":"first","22":"outofstock","23":"taxable","24":"shipping-taxable","25":"purchasable","26":"product-type-simple"},"acf":[],"yoast_head":"<!-- This site is optimized with the Yoast SEO plugin v23.3 - https:\/\/yoast.com\/wordpress\/plugins\/seo\/ -->\n<title>Edukacin\u0117 Montessori d\u0117\u017eut\u0117 7-8 m\u0117n. - Montessori \u017eaislai<\/title>\n<meta name=\"robots\" content=\"index, follow, max-snippet:-1, max-image-preview:large, max-video-preview:-1\" \/>\n<link rel=\"canonical\" href=\"https:\/\/monti.lt\/en\/product\/edukacine-montessori-dezute-7-8-men\/\" \/>\n<meta property=\"og:locale\" content=\"en_US\" \/>\n<meta property=\"og:type\" content=\"article\" \/>\n<meta property=\"og:title\" content=\"Edukacin\u0117 Montessori d\u0117\u017eut\u0117 7-8 m\u0117n. - Montessori \u017eaislai\" \/>\n<meta property=\"og:description\" content=\"Mokomoji d\u0117\u017eut\u0117 Tooky Toy&nbsp;skirta&nbsp;7-8 m\u0117nesi\u0173&nbsp;k\u016bdikiams . Jame yra&nbsp;6 sensoriniai ir Montessori mokomieji \u017eaislai&nbsp;, kurie palaiko&nbsp;sveik\u0105 j\u016bs\u0173 vaiko psichomotorin\u0119 raid\u0105&nbsp;ir&nbsp;stimuliuoja jo poj\u016b\u010dius&nbsp;:&nbsp;reg\u0117jim\u0105, lyt\u0117jim\u0105 ir klaus\u0105&nbsp;. Taip pat lavina&nbsp;login\u012f m\u0105stym\u0105 bei rank\u0173 ir aki\u0173 koordinacij\u0105&nbsp;. Taip pat yra i\u0161samus vadovas t\u0117vams, kurio d\u0117ka su\u017einosite, kada su \u017eaislu supa\u017eindinti ma\u017eyl\u012f ir kaip su juo \u017eaisti.&nbsp;Mokomoji d\u0117\u017eut\u0117 Tooky Toy&nbsp;yra [&hellip;]\" \/>\n<meta property=\"og:url\" content=\"https:\/\/monti.lt\/en\/product\/edukacine-montessori-dezute-7-8-men\/\" \/>\n<meta property=\"og:site_name\" content=\"Montessori \u017eaislai\" \/>\n<meta property=\"article:modified_time\" content=\"2025-12-17T11:00:45+00:00\" \/>\n<meta property=\"og:image\" content=\"https:\/\/monti.lt\/wp-content\/uploads\/2024\/11\/tooky-toy-box-pudelko-xxl-montessori-edukacyjne-6w1-sensoryczne-7-8-mies.jpg\" \/>\n\t<meta property=\"og:image:width\" content=\"800\" \/>\n\t<meta property=\"og:image:height\" content=\"800\" \/>\n\t<meta property=\"og:image:type\" content=\"image\/jpeg\" \/>\n<meta name=\"twitter:card\" content=\"summary_large_image\" \/>\n<meta name=\"twitter:label1\" content=\"Est. reading time\" \/>\n\t<meta name=\"twitter:data1\" content=\"3 minutes\" \/>\n<script type=\"application\/ld+json\" class=\"yoast-schema-graph\">{\"@context\":\"https:\/\/schema.org\",\"@graph\":[{\"@type\":\"WebPage\",\"@id\":\"https:\/\/monti.lt\/product\/edukacine-montessori-dezute-7-8-men\/\",\"url\":\"https:\/\/monti.lt\/product\/edukacine-montessori-dezute-7-8-men\/\",\"name\":\"Edukacin\u0117 Montessori d\u0117\u017eut\u0117 7-8 m\u0117n. - Montessori \u017eaislai\",\"isPartOf\":{\"@id\":\"https:\/\/monti.lt\/#website\"},\"primaryImageOfPage\":{\"@id\":\"https:\/\/monti.lt\/product\/edukacine-montessori-dezute-7-8-men\/#primaryimage\"},\"image\":{\"@id\":\"https:\/\/monti.lt\/product\/edukacine-montessori-dezute-7-8-men\/#primaryimage\"},\"thumbnailUrl\":\"https:\/\/monti.lt\/wp-content\/uploads\/2024\/11\/tooky-toy-box-pudelko-xxl-montessori-edukacyjne-6w1-sensoryczne-7-8-mies.jpg\",\"datePublished\":\"2024-11-06T10:15:22+00:00\",\"dateModified\":\"2025-12-17T11:00:45+00:00\",\"breadcrumb\":{\"@id\":\"https:\/\/monti.lt\/product\/edukacine-montessori-dezute-7-8-men\/#breadcrumb\"},\"inLanguage\":\"en-US\",\"potentialAction\":[{\"@type\":\"ReadAction\",\"target\":[\"https:\/\/monti.lt\/product\/edukacine-montessori-dezute-7-8-men\/\"]}]},{\"@type\":\"ImageObject\",\"inLanguage\":\"en-US\",\"@id\":\"https:\/\/monti.lt\/product\/edukacine-montessori-dezute-7-8-men\/#primaryimage\",\"url\":\"https:\/\/monti.lt\/wp-content\/uploads\/2024\/11\/tooky-toy-box-pudelko-xxl-montessori-edukacyjne-6w1-sensoryczne-7-8-mies.jpg\",\"contentUrl\":\"https:\/\/monti.lt\/wp-content\/uploads\/2024\/11\/tooky-toy-box-pudelko-xxl-montessori-edukacyjne-6w1-sensoryczne-7-8-mies.jpg\",\"width\":800,\"height\":800,\"caption\":\"montessori dezute\"},{\"@type\":\"BreadcrumbList\",\"@id\":\"https:\/\/monti.lt\/product\/edukacine-montessori-dezute-7-8-men\/#breadcrumb\",\"itemListElement\":[{\"@type\":\"ListItem\",\"position\":1,\"name\":\"Home\",\"item\":\"https:\/\/monti.lt\/\"},{\"@type\":\"ListItem\",\"position\":2,\"name\":\"Parduotuv\u0117\",\"item\":\"https:\/\/monti.lt\/shop\/\"},{\"@type\":\"ListItem\",\"position\":3,\"name\":\"Edukacin\u0117 Montessori d\u0117\u017eut\u0117 7-8 m\u0117n.\"}]},{\"@type\":\"WebSite\",\"@id\":\"https:\/\/monti.lt\/#website\",\"url\":\"https:\/\/monti.lt\/\",\"name\":\"Montessori \u017eaislai\",\"description\":\"\",\"publisher\":{\"@id\":\"https:\/\/monti.lt\/#organization\"},\"potentialAction\":[{\"@type\":\"SearchAction\",\"target\":{\"@type\":\"EntryPoint\",\"urlTemplate\":\"https:\/\/monti.lt\/?s={search_term_string}\"},\"query-input\":\"required name=search_term_string\"}],\"inLanguage\":\"en-US\"},{\"@type\":\"Organization\",\"@id\":\"https:\/\/monti.lt\/#organization\",\"name\":\"Montessori \u017eaislai\",\"url\":\"https:\/\/monti.lt\/\",\"logo\":{\"@type\":\"ImageObject\",\"inLanguage\":\"en-US\",\"@id\":\"https:\/\/monti.lt\/#\/schema\/logo\/image\/\",\"url\":\"https:\/\/monti.lt\/wp-content\/uploads\/2022\/03\/montilogo-1.png\",\"contentUrl\":\"https:\/\/monti.lt\/wp-content\/uploads\/2022\/03\/montilogo-1.png\",\"width\":512,\"height\":512,\"caption\":\"Montessori \u017eaislai\"},\"image\":{\"@id\":\"https:\/\/monti.lt\/#\/schema\/logo\/image\/\"}}]}<\/script>\n<!-- \/ Yoast SEO plugin. -->","yoast_head_json":{"title":"Edukacin\u0117 Montessori d\u0117\u017eut\u0117 7-8 m\u0117n. - Montessori \u017eaislai","robots":{"index":"index","follow":"follow","max-snippet":"max-snippet:-1","max-image-preview":"max-image-preview:large","max-video-preview":"max-video-preview:-1"},"canonical":"https:\/\/monti.lt\/en\/product\/edukacine-montessori-dezute-7-8-men\/","og_locale":"en_US","og_type":"article","og_title":"Edukacin\u0117 Montessori d\u0117\u017eut\u0117 7-8 m\u0117n. - Montessori \u017eaislai","og_description":"Mokomoji d\u0117\u017eut\u0117 Tooky Toy&nbsp;skirta&nbsp;7-8 m\u0117nesi\u0173&nbsp;k\u016bdikiams . Jame yra&nbsp;6 sensoriniai ir Montessori mokomieji \u017eaislai&nbsp;, kurie palaiko&nbsp;sveik\u0105 j\u016bs\u0173 vaiko psichomotorin\u0119 raid\u0105&nbsp;ir&nbsp;stimuliuoja jo poj\u016b\u010dius&nbsp;:&nbsp;reg\u0117jim\u0105, lyt\u0117jim\u0105 ir klaus\u0105&nbsp;. Taip pat lavina&nbsp;login\u012f m\u0105stym\u0105 bei rank\u0173 ir aki\u0173 koordinacij\u0105&nbsp;. Taip pat yra i\u0161samus vadovas t\u0117vams, kurio d\u0117ka su\u017einosite, kada su \u017eaislu supa\u017eindinti ma\u017eyl\u012f ir kaip su juo \u017eaisti.&nbsp;Mokomoji d\u0117\u017eut\u0117 Tooky Toy&nbsp;yra [&hellip;]","og_url":"https:\/\/monti.lt\/en\/product\/edukacine-montessori-dezute-7-8-men\/","og_site_name":"Montessori \u017eaislai","article_modified_time":"2025-12-17T11:00:45+00:00","og_image":[{"width":800,"height":800,"url":"https:\/\/monti.lt\/wp-content\/uploads\/2024\/11\/tooky-toy-box-pudelko-xxl-montessori-edukacyjne-6w1-sensoryczne-7-8-mies.jpg","type":"image\/jpeg"}],"twitter_card":"summary_large_image","twitter_misc":{"Est. reading time":"3 minutes"},"schema":{"@context":"https:\/\/schema.org","@graph":[{"@type":"WebPage","@id":"https:\/\/monti.lt\/product\/edukacine-montessori-dezute-7-8-men\/","url":"https:\/\/monti.lt\/product\/edukacine-montessori-dezute-7-8-men\/","name":"Edukacin\u0117 Montessori d\u0117\u017eut\u0117 7-8 m\u0117n. - Montessori \u017eaislai","isPartOf":{"@id":"https:\/\/monti.lt\/#website"},"primaryImageOfPage":{"@id":"https:\/\/monti.lt\/product\/edukacine-montessori-dezute-7-8-men\/#primaryimage"},"image":{"@id":"https:\/\/monti.lt\/product\/edukacine-montessori-dezute-7-8-men\/#primaryimage"},"thumbnailUrl":"https:\/\/monti.lt\/wp-content\/uploads\/2024\/11\/tooky-toy-box-pudelko-xxl-montessori-edukacyjne-6w1-sensoryczne-7-8-mies.jpg","datePublished":"2024-11-06T10:15:22+00:00","dateModified":"2025-12-17T11:00:45+00:00","breadcrumb":{"@id":"https:\/\/monti.lt\/product\/edukacine-montessori-dezute-7-8-men\/#breadcrumb"},"inLanguage":"en-US","potentialAction":[{"@type":"ReadAction","target":["https:\/\/monti.lt\/product\/edukacine-montessori-dezute-7-8-men\/"]}]},{"@type":"ImageObject","inLanguage":"en-US","@id":"https:\/\/monti.lt\/product\/edukacine-montessori-dezute-7-8-men\/#primaryimage","url":"https:\/\/monti.lt\/wp-content\/uploads\/2024\/11\/tooky-toy-box-pudelko-xxl-montessori-edukacyjne-6w1-sensoryczne-7-8-mies.jpg","contentUrl":"https:\/\/monti.lt\/wp-content\/uploads\/2024\/11\/tooky-toy-box-pudelko-xxl-montessori-edukacyjne-6w1-sensoryczne-7-8-mies.jpg","width":800,"height":800,"caption":"montessori dezute"},{"@type":"BreadcrumbList","@id":"https:\/\/monti.lt\/product\/edukacine-montessori-dezute-7-8-men\/#breadcrumb","itemListElement":[{"@type":"ListItem","position":1,"name":"Home","item":"https:\/\/monti.lt\/"},{"@type":"ListItem","position":2,"name":"Parduotuv\u0117","item":"https:\/\/monti.lt\/shop\/"},{"@type":"ListItem","position":3,"name":"Edukacin\u0117 Montessori d\u0117\u017eut\u0117 7-8 m\u0117n."}]},{"@type":"WebSite","@id":"https:\/\/monti.lt\/#website","url":"https:\/\/monti.lt\/","name":"Montessori \u017eaislai","description":"","publisher":{"@id":"https:\/\/monti.lt\/#organization"},"potentialAction":[{"@type":"SearchAction","target":{"@type":"EntryPoint","urlTemplate":"https:\/\/monti.lt\/?s={search_term_string}"},"query-input":"required name=search_term_string"}],"inLanguage":"en-US"},{"@type":"Organization","@id":"https:\/\/monti.lt\/#organization","name":"Montessori \u017eaislai","url":"https:\/\/monti.lt\/","logo":{"@type":"ImageObject","inLanguage":"en-US","@id":"https:\/\/monti.lt\/#\/schema\/logo\/image\/","url":"https:\/\/monti.lt\/wp-content\/uploads\/2022\/03\/montilogo-1.png","contentUrl":"https:\/\/monti.lt\/wp-content\/uploads\/2022\/03\/montilogo-1.png","width":512,"height":512,"caption":"Montessori \u017eaislai"},"image":{"@id":"https:\/\/monti.lt\/#\/schema\/logo\/image\/"}}]}},"_links":{"self":[{"href":"https:\/\/monti.lt\/en\/wp-json\/wp\/v2\/product\/26866"}],"collection":[{"href":"https:\/\/monti.lt\/en\/wp-json\/wp\/v2\/product"}],"about":[{"href":"https:\/\/monti.lt\/en\/wp-json\/wp\/v2\/types\/product"}],"version-history":[{"count":1,"href":"https:\/\/monti.lt\/en\/wp-json\/wp\/v2\/product\/26866\/revisions"}],"predecessor-version":[{"id":26872,"href":"https:\/\/monti.lt\/en\/wp-json\/wp\/v2\/product\/26866\/revisions\/26872"}],"wp:featuredmedia":[{"embeddable":true,"href":"https:\/\/monti.lt\/en\/wp-json\/wp\/v2\/media\/26867"}],"wp:attachment":[{"href":"https:\/\/monti.lt\/en\/wp-json\/wp\/v2\/media?parent=26866"}],"wp:term":[{"taxonomy":"product_cat","embeddable":true,"href":"https:\/\/monti.lt\/en\/wp-json\/wp\/v2\/product_cat?post=26866"},{"taxonomy":"product_tag","embeddable":true,"href":"https:\/\/monti.lt\/en\/wp-json\/wp\/v2\/product_tag?post=26866"}],"curies":[{"name":"wp","href":"https:\/\/api.w.org\/{rel}","templated":true}]}}