{"id":26873,"date":"2024-11-06T10:26:47","date_gmt":"2024-11-06T10:26:47","guid":{"rendered":"https:\/\/monti.lt\/?post_type=product&#038;p=26873"},"modified":"2026-03-27T05:39:31","modified_gmt":"2026-03-27T05:39:31","slug":"medines-kaladeles-su-spalvotais-stikliukais","status":"publish","type":"product","link":"https:\/\/monti.lt\/en\/product\/medines-kaladeles-su-spalvotais-stikliukais\/","title":{"rendered":"Medin\u0117s kalad\u0117l\u0117s su spalvotais stikliukais"},"content":{"rendered":"<p><strong>Medin\u0117s spalvotos veidrodin\u0117s kalad\u0117l\u0117s<\/strong>&nbsp;i\u0161&nbsp;<strong>TOOKY TOY<\/strong>&nbsp;prek\u0117s \u017eenklo lavins j\u016bs\u0173 vaiko poj\u016b\u010dius. Rinkin\u012f sudaro&nbsp;<strong>8 kalad\u0117l\u0117s<\/strong>&nbsp;i\u0161&nbsp;<strong>4 skirting\u0173 form\u0173<\/strong>&nbsp;: sta\u010diakampio, kvadrato, apvalaus ir trikampio. Blokai leid\u017eia statyti \u012fvairias&nbsp;<strong>konstrukcijas<\/strong>&nbsp;. Kald\u0117l\u0117s turi spalvingus permatomus veidrod\u017eius, kuriuos u\u017ed\u0117jus vienas ant kito, matoma&nbsp;<strong>derinama spalva<\/strong>\u2013&nbsp;<strong>jie moko<\/strong>&nbsp;vaik\u0105&nbsp;<strong>derinti<\/strong>&nbsp;ir&nbsp;<strong>atpa\u017einti&nbsp;<\/strong><strong>spalvas<\/strong>&nbsp;. Pats blokeli\u0173 i\u0161d\u0117stymas lavina, be kita ko,&nbsp;<strong>k\u016brybi\u0161kum\u0105<\/strong>&nbsp;ir&nbsp;<strong>vaizduot\u0119<\/strong>&nbsp;. \u017daislas pagal \u0161iuolaikin\u012f&nbsp;&nbsp;<strong>STEAM&nbsp;<\/strong>&nbsp;mokymo model\u012f (mokslas\/mokslas, technologijos\/technologijos, in\u017einerija\/in\u017einerija, menas\/dail\u0117, matematika\/matematika).&nbsp;<\/p>\n\n\n\n<p><strong>Charakteristika:<\/strong><\/p>\n\n\n\n<ul class=\"wp-block-list\">\n<li>&#8211; \u017eaislas\u00a0<strong>nuo 24 m\u0117nesi\u0173 am\u017eiaus,<\/strong><\/li>\n\n\n\n<li>&#8211; rinkin\u012f sudaro\u00a0<strong>8 kalad\u0117l\u0117s su spalvotais stiklais,<\/strong><\/li>\n\n\n\n<li>&#8211; rinkin\u012f sudaro\u00a0<strong>4 skirtingos formos<\/strong>\u00a0&#8211; sta\u010diakampis, kvadratas, apvalus ir trikampis,<\/li>\n\n\n\n<li><strong>&#8211; STEAM<\/strong>\u00a0i\u0161silavinimas\u00a0(mokslai\/mokslai, technologijos\/technologijos, in\u017einerija\/in\u017einerija, menas\/menas, matematika\/matematika) \u2013 modernus mokymo modelis,<\/li>\n\n\n\n<li>&#8211;\u00a0<strong>spalv\u0173 mokymasis<\/strong>\u00a0\u2013 kraudamas kalad\u0117les vaikas su\u017eino, kaip jas derinant susidaro nauja spalva.<\/li>\n<\/ul>\n\n\n\n<p><br><strong>\u017daislas vysto:<\/strong><\/p>\n\n\n\n<ul class=\"wp-block-list\">\n<li>&#8211; rank\u0173 ir aki\u0173 koordinacija,<\/li>\n\n\n\n<li>&#8211; loginis m\u0105stymas,<\/li>\n\n\n\n<li>&#8211; atpa\u017einti formas ir spalvas,<\/li>\n\n\n\n<li>&#8211; k\u016brybi\u0161kumas ir vaizduot\u0117.<\/li>\n<\/ul>","protected":false},"excerpt":{"rendered":"<p>Medin\u0117s spalvotos veidrodin\u0117s kalad\u0117l\u0117s&nbsp;i\u0161&nbsp;TOOKY TOY&nbsp;prek\u0117s \u017eenklo lavins j\u016bs\u0173 vaiko poj\u016b\u010dius. Rinkin\u012f sudaro&nbsp;8 kalad\u0117l\u0117s&nbsp;i\u0161&nbsp;4 skirting\u0173 form\u0173&nbsp;: sta\u010diakampio, kvadrato, apvalaus ir trikampio. Blokai leid\u017eia statyti \u012fvairias&nbsp;konstrukcijas&nbsp;. Kald\u0117l\u0117s turi spalvingus permatomus veidrod\u017eius, kuriuos u\u017ed\u0117jus vienas ant kito, matoma&nbsp;derinama spalva\u2013&nbsp;jie moko&nbsp;vaik\u0105&nbsp;derinti&nbsp;ir&nbsp;atpa\u017einti&nbsp;spalvas&nbsp;. Pats blokeli\u0173 i\u0161d\u0117stymas lavina, be kita ko,&nbsp;k\u016brybi\u0161kum\u0105&nbsp;ir&nbsp;vaizduot\u0119&nbsp;. \u017daislas pagal \u0161iuolaikin\u012f&nbsp;&nbsp;STEAM&nbsp;&nbsp;mokymo model\u012f (mokslas\/mokslas, technologijos\/technologijos, in\u017einerija\/in\u017einerija, menas\/dail\u0117, matematika\/matematika).&nbsp; Charakteristika: \u017daislas [&hellip;]<\/p>","protected":false},"featured_media":26874,"template":"","meta":{"_acf_changed":false,"iawp_total_views":341},"product_cat":[208,92,84,210,102,83,49,39],"product_tag":[95],"class_list":{"0":"post-26873","1":"product","2":"type-product","3":"status-publish","4":"has-post-thumbnail","6":"product_cat-deliones-2","7":"product_cat-deliones","8":"product_cat-lavinamieji-zaislai","9":"product_cat-medines-deliones","10":"product_cat-mediniai-zaislai","11":"product_cat-montessori-zaislai","12":"product_cat-visi-zaislai","13":"product_cat-zaislai","14":"product_tag-1-m-2-m","16":"first","17":"instock","18":"sale","19":"taxable","20":"shipping-taxable","21":"purchasable","22":"product-type-simple"},"acf":[],"yoast_head":"<!-- This site is optimized with the Yoast SEO plugin v23.3 - https:\/\/yoast.com\/wordpress\/plugins\/seo\/ -->\n<title>Medin\u0117s kalad\u0117l\u0117s su spalvotais stikliukais - Montessori \u017eaislai<\/title>\n<meta name=\"robots\" content=\"index, follow, max-snippet:-1, max-image-preview:large, max-video-preview:-1\" \/>\n<link rel=\"canonical\" href=\"https:\/\/monti.lt\/en\/product\/medines-kaladeles-su-spalvotais-stikliukais\/\" \/>\n<meta property=\"og:locale\" content=\"en_US\" \/>\n<meta property=\"og:type\" content=\"article\" \/>\n<meta property=\"og:title\" content=\"Medin\u0117s kalad\u0117l\u0117s su spalvotais stikliukais - Montessori \u017eaislai\" \/>\n<meta property=\"og:description\" content=\"Medin\u0117s spalvotos veidrodin\u0117s kalad\u0117l\u0117s&nbsp;i\u0161&nbsp;TOOKY TOY&nbsp;prek\u0117s \u017eenklo lavins j\u016bs\u0173 vaiko poj\u016b\u010dius. Rinkin\u012f sudaro&nbsp;8 kalad\u0117l\u0117s&nbsp;i\u0161&nbsp;4 skirting\u0173 form\u0173&nbsp;: sta\u010diakampio, kvadrato, apvalaus ir trikampio. Blokai leid\u017eia statyti \u012fvairias&nbsp;konstrukcijas&nbsp;. Kald\u0117l\u0117s turi spalvingus permatomus veidrod\u017eius, kuriuos u\u017ed\u0117jus vienas ant kito, matoma&nbsp;derinama spalva\u2013&nbsp;jie moko&nbsp;vaik\u0105&nbsp;derinti&nbsp;ir&nbsp;atpa\u017einti&nbsp;spalvas&nbsp;. Pats blokeli\u0173 i\u0161d\u0117stymas lavina, be kita ko,&nbsp;k\u016brybi\u0161kum\u0105&nbsp;ir&nbsp;vaizduot\u0119&nbsp;. \u017daislas pagal \u0161iuolaikin\u012f&nbsp;&nbsp;STEAM&nbsp;&nbsp;mokymo model\u012f (mokslas\/mokslas, technologijos\/technologijos, in\u017einerija\/in\u017einerija, menas\/dail\u0117, matematika\/matematika).&nbsp; Charakteristika: \u017daislas [&hellip;]\" \/>\n<meta property=\"og:url\" content=\"https:\/\/monti.lt\/en\/product\/medines-kaladeles-su-spalvotais-stikliukais\/\" \/>\n<meta property=\"og:site_name\" content=\"Montessori \u017eaislai\" \/>\n<meta property=\"article:modified_time\" content=\"2026-03-27T05:39:31+00:00\" \/>\n<meta property=\"og:image\" content=\"https:\/\/monti.lt\/wp-content\/uploads\/2024\/11\/tooky-toy-drewniane-kolorowe-klocki-lustra-zestaw-8-el-fsc.jpg\" \/>\n\t<meta property=\"og:image:width\" content=\"800\" \/>\n\t<meta property=\"og:image:height\" content=\"800\" \/>\n\t<meta property=\"og:image:type\" content=\"image\/jpeg\" \/>\n<meta name=\"twitter:card\" content=\"summary_large_image\" \/>\n<meta name=\"twitter:label1\" content=\"Est. reading time\" \/>\n\t<meta name=\"twitter:data1\" content=\"1 minute\" \/>\n<script type=\"application\/ld+json\" class=\"yoast-schema-graph\">{\"@context\":\"https:\/\/schema.org\",\"@graph\":[{\"@type\":\"WebPage\",\"@id\":\"https:\/\/monti.lt\/product\/medines-kaladeles-su-spalvotais-stikliukais\/\",\"url\":\"https:\/\/monti.lt\/product\/medines-kaladeles-su-spalvotais-stikliukais\/\",\"name\":\"Medin\u0117s kalad\u0117l\u0117s su spalvotais stikliukais - Montessori \u017eaislai\",\"isPartOf\":{\"@id\":\"https:\/\/monti.lt\/#website\"},\"primaryImageOfPage\":{\"@id\":\"https:\/\/monti.lt\/product\/medines-kaladeles-su-spalvotais-stikliukais\/#primaryimage\"},\"image\":{\"@id\":\"https:\/\/monti.lt\/product\/medines-kaladeles-su-spalvotais-stikliukais\/#primaryimage\"},\"thumbnailUrl\":\"https:\/\/monti.lt\/wp-content\/uploads\/2024\/11\/tooky-toy-drewniane-kolorowe-klocki-lustra-zestaw-8-el-fsc.jpg\",\"datePublished\":\"2024-11-06T10:26:47+00:00\",\"dateModified\":\"2026-03-27T05:39:31+00:00\",\"breadcrumb\":{\"@id\":\"https:\/\/monti.lt\/product\/medines-kaladeles-su-spalvotais-stikliukais\/#breadcrumb\"},\"inLanguage\":\"en-US\",\"potentialAction\":[{\"@type\":\"ReadAction\",\"target\":[\"https:\/\/monti.lt\/product\/medines-kaladeles-su-spalvotais-stikliukais\/\"]}]},{\"@type\":\"ImageObject\",\"inLanguage\":\"en-US\",\"@id\":\"https:\/\/monti.lt\/product\/medines-kaladeles-su-spalvotais-stikliukais\/#primaryimage\",\"url\":\"https:\/\/monti.lt\/wp-content\/uploads\/2024\/11\/tooky-toy-drewniane-kolorowe-klocki-lustra-zestaw-8-el-fsc.jpg\",\"contentUrl\":\"https:\/\/monti.lt\/wp-content\/uploads\/2024\/11\/tooky-toy-drewniane-kolorowe-klocki-lustra-zestaw-8-el-fsc.jpg\",\"width\":800,\"height\":800,\"caption\":\"STIKLIUKAI\"},{\"@type\":\"BreadcrumbList\",\"@id\":\"https:\/\/monti.lt\/product\/medines-kaladeles-su-spalvotais-stikliukais\/#breadcrumb\",\"itemListElement\":[{\"@type\":\"ListItem\",\"position\":1,\"name\":\"Home\",\"item\":\"https:\/\/monti.lt\/\"},{\"@type\":\"ListItem\",\"position\":2,\"name\":\"Parduotuv\u0117\",\"item\":\"https:\/\/monti.lt\/shop\/\"},{\"@type\":\"ListItem\",\"position\":3,\"name\":\"Medin\u0117s kalad\u0117l\u0117s su spalvotais stikliukais\"}]},{\"@type\":\"WebSite\",\"@id\":\"https:\/\/monti.lt\/#website\",\"url\":\"https:\/\/monti.lt\/\",\"name\":\"Montessori \u017eaislai\",\"description\":\"\",\"publisher\":{\"@id\":\"https:\/\/monti.lt\/#organization\"},\"potentialAction\":[{\"@type\":\"SearchAction\",\"target\":{\"@type\":\"EntryPoint\",\"urlTemplate\":\"https:\/\/monti.lt\/?s={search_term_string}\"},\"query-input\":\"required name=search_term_string\"}],\"inLanguage\":\"en-US\"},{\"@type\":\"Organization\",\"@id\":\"https:\/\/monti.lt\/#organization\",\"name\":\"Montessori \u017eaislai\",\"url\":\"https:\/\/monti.lt\/\",\"logo\":{\"@type\":\"ImageObject\",\"inLanguage\":\"en-US\",\"@id\":\"https:\/\/monti.lt\/#\/schema\/logo\/image\/\",\"url\":\"https:\/\/monti.lt\/wp-content\/uploads\/2022\/03\/montilogo-1.png\",\"contentUrl\":\"https:\/\/monti.lt\/wp-content\/uploads\/2022\/03\/montilogo-1.png\",\"width\":512,\"height\":512,\"caption\":\"Montessori \u017eaislai\"},\"image\":{\"@id\":\"https:\/\/monti.lt\/#\/schema\/logo\/image\/\"}}]}<\/script>\n<!-- \/ Yoast SEO plugin. -->","yoast_head_json":{"title":"Medin\u0117s kalad\u0117l\u0117s su spalvotais stikliukais - Montessori \u017eaislai","robots":{"index":"index","follow":"follow","max-snippet":"max-snippet:-1","max-image-preview":"max-image-preview:large","max-video-preview":"max-video-preview:-1"},"canonical":"https:\/\/monti.lt\/en\/product\/medines-kaladeles-su-spalvotais-stikliukais\/","og_locale":"en_US","og_type":"article","og_title":"Medin\u0117s kalad\u0117l\u0117s su spalvotais stikliukais - Montessori \u017eaislai","og_description":"Medin\u0117s spalvotos veidrodin\u0117s kalad\u0117l\u0117s&nbsp;i\u0161&nbsp;TOOKY TOY&nbsp;prek\u0117s \u017eenklo lavins j\u016bs\u0173 vaiko poj\u016b\u010dius. Rinkin\u012f sudaro&nbsp;8 kalad\u0117l\u0117s&nbsp;i\u0161&nbsp;4 skirting\u0173 form\u0173&nbsp;: sta\u010diakampio, kvadrato, apvalaus ir trikampio. Blokai leid\u017eia statyti \u012fvairias&nbsp;konstrukcijas&nbsp;. Kald\u0117l\u0117s turi spalvingus permatomus veidrod\u017eius, kuriuos u\u017ed\u0117jus vienas ant kito, matoma&nbsp;derinama spalva\u2013&nbsp;jie moko&nbsp;vaik\u0105&nbsp;derinti&nbsp;ir&nbsp;atpa\u017einti&nbsp;spalvas&nbsp;. Pats blokeli\u0173 i\u0161d\u0117stymas lavina, be kita ko,&nbsp;k\u016brybi\u0161kum\u0105&nbsp;ir&nbsp;vaizduot\u0119&nbsp;. \u017daislas pagal \u0161iuolaikin\u012f&nbsp;&nbsp;STEAM&nbsp;&nbsp;mokymo model\u012f (mokslas\/mokslas, technologijos\/technologijos, in\u017einerija\/in\u017einerija, menas\/dail\u0117, matematika\/matematika).&nbsp; Charakteristika: \u017daislas [&hellip;]","og_url":"https:\/\/monti.lt\/en\/product\/medines-kaladeles-su-spalvotais-stikliukais\/","og_site_name":"Montessori \u017eaislai","article_modified_time":"2026-03-27T05:39:31+00:00","og_image":[{"width":800,"height":800,"url":"https:\/\/monti.lt\/wp-content\/uploads\/2024\/11\/tooky-toy-drewniane-kolorowe-klocki-lustra-zestaw-8-el-fsc.jpg","type":"image\/jpeg"}],"twitter_card":"summary_large_image","twitter_misc":{"Est. reading time":"1 minute"},"schema":{"@context":"https:\/\/schema.org","@graph":[{"@type":"WebPage","@id":"https:\/\/monti.lt\/product\/medines-kaladeles-su-spalvotais-stikliukais\/","url":"https:\/\/monti.lt\/product\/medines-kaladeles-su-spalvotais-stikliukais\/","name":"Medin\u0117s kalad\u0117l\u0117s su spalvotais stikliukais - Montessori \u017eaislai","isPartOf":{"@id":"https:\/\/monti.lt\/#website"},"primaryImageOfPage":{"@id":"https:\/\/monti.lt\/product\/medines-kaladeles-su-spalvotais-stikliukais\/#primaryimage"},"image":{"@id":"https:\/\/monti.lt\/product\/medines-kaladeles-su-spalvotais-stikliukais\/#primaryimage"},"thumbnailUrl":"https:\/\/monti.lt\/wp-content\/uploads\/2024\/11\/tooky-toy-drewniane-kolorowe-klocki-lustra-zestaw-8-el-fsc.jpg","datePublished":"2024-11-06T10:26:47+00:00","dateModified":"2026-03-27T05:39:31+00:00","breadcrumb":{"@id":"https:\/\/monti.lt\/product\/medines-kaladeles-su-spalvotais-stikliukais\/#breadcrumb"},"inLanguage":"en-US","potentialAction":[{"@type":"ReadAction","target":["https:\/\/monti.lt\/product\/medines-kaladeles-su-spalvotais-stikliukais\/"]}]},{"@type":"ImageObject","inLanguage":"en-US","@id":"https:\/\/monti.lt\/product\/medines-kaladeles-su-spalvotais-stikliukais\/#primaryimage","url":"https:\/\/monti.lt\/wp-content\/uploads\/2024\/11\/tooky-toy-drewniane-kolorowe-klocki-lustra-zestaw-8-el-fsc.jpg","contentUrl":"https:\/\/monti.lt\/wp-content\/uploads\/2024\/11\/tooky-toy-drewniane-kolorowe-klocki-lustra-zestaw-8-el-fsc.jpg","width":800,"height":800,"caption":"STIKLIUKAI"},{"@type":"BreadcrumbList","@id":"https:\/\/monti.lt\/product\/medines-kaladeles-su-spalvotais-stikliukais\/#breadcrumb","itemListElement":[{"@type":"ListItem","position":1,"name":"Home","item":"https:\/\/monti.lt\/"},{"@type":"ListItem","position":2,"name":"Parduotuv\u0117","item":"https:\/\/monti.lt\/shop\/"},{"@type":"ListItem","position":3,"name":"Medin\u0117s kalad\u0117l\u0117s su spalvotais stikliukais"}]},{"@type":"WebSite","@id":"https:\/\/monti.lt\/#website","url":"https:\/\/monti.lt\/","name":"Montessori \u017eaislai","description":"","publisher":{"@id":"https:\/\/monti.lt\/#organization"},"potentialAction":[{"@type":"SearchAction","target":{"@type":"EntryPoint","urlTemplate":"https:\/\/monti.lt\/?s={search_term_string}"},"query-input":"required name=search_term_string"}],"inLanguage":"en-US"},{"@type":"Organization","@id":"https:\/\/monti.lt\/#organization","name":"Montessori \u017eaislai","url":"https:\/\/monti.lt\/","logo":{"@type":"ImageObject","inLanguage":"en-US","@id":"https:\/\/monti.lt\/#\/schema\/logo\/image\/","url":"https:\/\/monti.lt\/wp-content\/uploads\/2022\/03\/montilogo-1.png","contentUrl":"https:\/\/monti.lt\/wp-content\/uploads\/2022\/03\/montilogo-1.png","width":512,"height":512,"caption":"Montessori \u017eaislai"},"image":{"@id":"https:\/\/monti.lt\/#\/schema\/logo\/image\/"}}]}},"_links":{"self":[{"href":"https:\/\/monti.lt\/en\/wp-json\/wp\/v2\/product\/26873"}],"collection":[{"href":"https:\/\/monti.lt\/en\/wp-json\/wp\/v2\/product"}],"about":[{"href":"https:\/\/monti.lt\/en\/wp-json\/wp\/v2\/types\/product"}],"version-history":[{"count":1,"href":"https:\/\/monti.lt\/en\/wp-json\/wp\/v2\/product\/26873\/revisions"}],"predecessor-version":[{"id":26881,"href":"https:\/\/monti.lt\/en\/wp-json\/wp\/v2\/product\/26873\/revisions\/26881"}],"wp:featuredmedia":[{"embeddable":true,"href":"https:\/\/monti.lt\/en\/wp-json\/wp\/v2\/media\/26874"}],"wp:attachment":[{"href":"https:\/\/monti.lt\/en\/wp-json\/wp\/v2\/media?parent=26873"}],"wp:term":[{"taxonomy":"product_cat","embeddable":true,"href":"https:\/\/monti.lt\/en\/wp-json\/wp\/v2\/product_cat?post=26873"},{"taxonomy":"product_tag","embeddable":true,"href":"https:\/\/monti.lt\/en\/wp-json\/wp\/v2\/product_tag?post=26873"}],"curies":[{"name":"wp","href":"https:\/\/api.w.org\/{rel}","templated":true}]}}