{"id":26934,"date":"2024-11-06T17:34:39","date_gmt":"2024-11-06T17:34:39","guid":{"rendered":"https:\/\/monti.lt\/?post_type=product&#038;p=26934"},"modified":"2025-12-04T10:59:42","modified_gmt":"2025-12-04T10:59:42","slug":"medine-montessori-delione-formos","status":"publish","type":"product","link":"https:\/\/monti.lt\/en\/product\/medine-montessori-delione-formos\/","title":{"rendered":"Medin\u0117 montessori d\u0117lion\u0117 formos"},"content":{"rendered":"<p>\u2b50D\u0116LION\u0116S MEDIN\u0116S FIG\u016aROS, ATITINKAN\u010cIOS EDUKACINIUS MONTESSORI SKAI\u010cIUS<br>M\u016bs\u0173 unikaliame gaminyje &#8211; d\u0117lion\u0117je \u201eFormos, atitinkan\u010dios Montessori edukacines fig\u016br\u0117les\u201c &#8211; susijungia modernumas ir edukacija. Tai puiki priemon\u0117 j\u016bs\u0173 ma\u017eylio pa\u017eintiniams ir motoriniams \u012fg\u016bd\u017eiams lavinti.<\/p>\n\n\n\n<p>M\u016bs\u0173 d\u0117lion\u0117s buvo specialiai sukurtos pagal Montessori metod\u0105, kad j\u016bs\u0173 vaikui teikt\u0173 kuo didesn\u0119 ugdom\u0105j\u0105 naud\u0105. Kiekviena detal\u0117 turi unikali\u0105 form\u0105, kuri sutampa su nubr\u0117\u017etos fig\u016bros a\u0161imi. Tai ne tik padeda mokytis atpa\u017einti formas, bet ir lavina loginio m\u0105stymo \u012fg\u016bd\u017eius bei akies ir rankos koordinacij\u0105.<\/p>\n\n\n\n<p>633640c957c3d8d79920193e64cc4cfa.jpg<br>M\u016bs\u0173 d\u0117lion\u0117s pagamintos i\u0161 auk\u0161\u010diausios kokyb\u0117s ir patvari\u0173 med\u017eiag\u0173 (med\u017eio), tod\u0117l yra atsparios kasdieniam vaik\u0173 naudojimui. Spalvingos ir ak\u012f traukian\u010dios detal\u0117s skatina bendravim\u0105 ir u\u017etikrina ilgalaik\u012f malonum\u0105.<\/p>\n\n\n\n<p>Mokomoji d\u0117lion\u0117 \u201eFormos, atitinkan\u010dios Montessori fig\u016bras\u201c yra ne tik puiki mokomoji priemon\u0117, bet ir smagus \u017eaidimas, padedantis vaikams maloniai lavinti \u012fg\u016bd\u017eius. Nesvarbu, ar norite palaikyti vaiko vystym\u0105si namuose, ar ie\u0161kote puikios dovanos ma\u017eyliui, \u0161ios d\u0117lion\u0117s tikrai pateisins j\u016bs\u0173 l\u016bkes\u010dius.<\/p>\n\n\n\n<p>Suteikite savo vaikui unikali\u0105 galimyb\u0119 mokytis ir \u017eaisti tuo pa\u010diu metu. U\u017esisakykite m\u016bs\u0173 lavinam\u0105j\u0105 d\u0117lion\u0119 \u201eFormos, atitinkan\u010dios Montessori fig\u016br\u0117les\u201c jau \u0161iandien ir steb\u0117kite, kaip j\u016bs\u0173 vaikas su d\u017eiaugsmu ir susidom\u0117jimu lavina savo \u012fg\u016bd\u017eius!<\/p>\n\n\n\n<p><br>\u2705\u012e RINKIN\u012e \u012eEINA:<\/p>\n\n\n\n<ul class=\"wp-block-list\">\n<li>medinis pagrindas, ant kurio galima sud\u0117ti d\u0117liones su nupie\u0161tais pie\u0161iniais<\/li>\n\n\n\n<li>medini\u0173 d\u0117lioni\u0173 rinkinys<\/li>\n\n\n\n<li>knygel\u0117<\/li>\n<\/ul>\n\n\n\n<p><\/p>\n\n\n\n<ul class=\"wp-block-list\">\n<li>\u2705DUOMENYS:<\/li>\n\n\n\n<li>Pad\u0117kliuko matmenys 30 cm x 30 cm<\/li>\n<\/ul>","protected":false},"excerpt":{"rendered":"<p>\u2b50D\u0116LION\u0116S MEDIN\u0116S FIG\u016aROS, ATITINKAN\u010cIOS EDUKACINIUS MONTESSORI SKAI\u010cIUSM\u016bs\u0173 unikaliame gaminyje &#8211; d\u0117lion\u0117je \u201eFormos, atitinkan\u010dios Montessori edukacines fig\u016br\u0117les\u201c &#8211; susijungia modernumas ir edukacija. Tai puiki priemon\u0117 j\u016bs\u0173 ma\u017eylio pa\u017eintiniams ir motoriniams \u012fg\u016bd\u017eiams lavinti. M\u016bs\u0173 d\u0117lion\u0117s buvo specialiai sukurtos pagal Montessori metod\u0105, kad j\u016bs\u0173 vaikui teikt\u0173 kuo didesn\u0119 ugdom\u0105j\u0105 naud\u0105. Kiekviena detal\u0117 turi unikali\u0105 form\u0105, kuri sutampa su [&hellip;]<\/p>","protected":false},"featured_media":26935,"template":"","meta":{"_acf_changed":false,"iawp_total_views":985},"product_cat":[218,92,208,193,194,191,87,84,210,102,83,86,199,49,39],"product_tag":[95,96],"class_list":{"0":"post-26934","1":"product","2":"type-product","3":"status-publish","4":"has-post-thumbnail","6":"product_cat-darzeliu-grupems","7":"product_cat-deliones","8":"product_cat-deliones-2","9":"product_cat-dovanos-vaikams-1-2-metu","10":"product_cat-dovanos-vaikams-2-3-metu","11":"product_cat-dovanos-vaikams","12":"product_cat-kurybiniai-rinkiniai","13":"product_cat-lavinamieji-zaislai","14":"product_cat-medines-deliones","15":"product_cat-mediniai-zaislai","16":"product_cat-montessori-zaislai","17":"product_cat-smulkioji-motorika","18":"product_cat-ugdymo-istaigoms","19":"product_cat-visi-zaislai","20":"product_cat-zaislai","21":"product_tag-1-m-2-m","22":"product_tag-2-m-3-m","24":"first","25":"outofstock","26":"sale","27":"taxable","28":"shipping-taxable","29":"purchasable","30":"product-type-simple"},"acf":[],"yoast_head":"<!-- This site is optimized with the Yoast SEO plugin v23.3 - https:\/\/yoast.com\/wordpress\/plugins\/seo\/ -->\n<title>Medin\u0117 montessori d\u0117lion\u0117 formos - Montessori \u017eaislai<\/title>\n<meta name=\"robots\" content=\"index, follow, max-snippet:-1, max-image-preview:large, max-video-preview:-1\" \/>\n<link rel=\"canonical\" href=\"https:\/\/monti.lt\/en\/product\/medine-montessori-delione-formos\/\" \/>\n<meta property=\"og:locale\" content=\"en_US\" \/>\n<meta property=\"og:type\" content=\"article\" \/>\n<meta property=\"og:title\" content=\"Medin\u0117 montessori d\u0117lion\u0117 formos - Montessori \u017eaislai\" \/>\n<meta property=\"og:description\" content=\"\u2b50D\u0116LION\u0116S MEDIN\u0116S FIG\u016aROS, ATITINKAN\u010cIOS EDUKACINIUS MONTESSORI SKAI\u010cIUSM\u016bs\u0173 unikaliame gaminyje &#8211; d\u0117lion\u0117je \u201eFormos, atitinkan\u010dios Montessori edukacines fig\u016br\u0117les\u201c &#8211; susijungia modernumas ir edukacija. Tai puiki priemon\u0117 j\u016bs\u0173 ma\u017eylio pa\u017eintiniams ir motoriniams \u012fg\u016bd\u017eiams lavinti. M\u016bs\u0173 d\u0117lion\u0117s buvo specialiai sukurtos pagal Montessori metod\u0105, kad j\u016bs\u0173 vaikui teikt\u0173 kuo didesn\u0119 ugdom\u0105j\u0105 naud\u0105. Kiekviena detal\u0117 turi unikali\u0105 form\u0105, kuri sutampa su [&hellip;]\" \/>\n<meta property=\"og:url\" content=\"https:\/\/monti.lt\/en\/product\/medine-montessori-delione-formos\/\" \/>\n<meta property=\"og:site_name\" content=\"Montessori \u017eaislai\" \/>\n<meta property=\"article:modified_time\" content=\"2025-12-04T10:59:42+00:00\" \/>\n<meta property=\"og:image\" content=\"https:\/\/monti.lt\/wp-content\/uploads\/2024\/11\/puzzle-drewniane-ksztalty-dopasowywanie-edukacyjne-figury-montessori.webp\" \/>\n\t<meta property=\"og:image:width\" content=\"800\" \/>\n\t<meta property=\"og:image:height\" content=\"800\" \/>\n\t<meta property=\"og:image:type\" content=\"image\/webp\" \/>\n<meta name=\"twitter:card\" content=\"summary_large_image\" \/>\n<meta name=\"twitter:label1\" content=\"Est. reading time\" \/>\n\t<meta name=\"twitter:data1\" content=\"2 minutes\" \/>\n<script type=\"application\/ld+json\" class=\"yoast-schema-graph\">{\"@context\":\"https:\/\/schema.org\",\"@graph\":[{\"@type\":\"WebPage\",\"@id\":\"https:\/\/monti.lt\/product\/medine-montessori-delione-formos\/\",\"url\":\"https:\/\/monti.lt\/product\/medine-montessori-delione-formos\/\",\"name\":\"Medin\u0117 montessori d\u0117lion\u0117 formos - Montessori \u017eaislai\",\"isPartOf\":{\"@id\":\"https:\/\/monti.lt\/#website\"},\"primaryImageOfPage\":{\"@id\":\"https:\/\/monti.lt\/product\/medine-montessori-delione-formos\/#primaryimage\"},\"image\":{\"@id\":\"https:\/\/monti.lt\/product\/medine-montessori-delione-formos\/#primaryimage\"},\"thumbnailUrl\":\"https:\/\/monti.lt\/wp-content\/uploads\/2024\/11\/puzzle-drewniane-ksztalty-dopasowywanie-edukacyjne-figury-montessori.webp\",\"datePublished\":\"2024-11-06T17:34:39+00:00\",\"dateModified\":\"2025-12-04T10:59:42+00:00\",\"breadcrumb\":{\"@id\":\"https:\/\/monti.lt\/product\/medine-montessori-delione-formos\/#breadcrumb\"},\"inLanguage\":\"en-US\",\"potentialAction\":[{\"@type\":\"ReadAction\",\"target\":[\"https:\/\/monti.lt\/product\/medine-montessori-delione-formos\/\"]}]},{\"@type\":\"ImageObject\",\"inLanguage\":\"en-US\",\"@id\":\"https:\/\/monti.lt\/product\/medine-montessori-delione-formos\/#primaryimage\",\"url\":\"https:\/\/monti.lt\/wp-content\/uploads\/2024\/11\/puzzle-drewniane-ksztalty-dopasowywanie-edukacyjne-figury-montessori.webp\",\"contentUrl\":\"https:\/\/monti.lt\/wp-content\/uploads\/2024\/11\/puzzle-drewniane-ksztalty-dopasowywanie-edukacyjne-figury-montessori.webp\",\"width\":800,\"height\":800,\"caption\":\"montessori delione\"},{\"@type\":\"BreadcrumbList\",\"@id\":\"https:\/\/monti.lt\/product\/medine-montessori-delione-formos\/#breadcrumb\",\"itemListElement\":[{\"@type\":\"ListItem\",\"position\":1,\"name\":\"Home\",\"item\":\"https:\/\/monti.lt\/\"},{\"@type\":\"ListItem\",\"position\":2,\"name\":\"Parduotuv\u0117\",\"item\":\"https:\/\/monti.lt\/shop\/\"},{\"@type\":\"ListItem\",\"position\":3,\"name\":\"Medin\u0117 montessori d\u0117lion\u0117 formos\"}]},{\"@type\":\"WebSite\",\"@id\":\"https:\/\/monti.lt\/#website\",\"url\":\"https:\/\/monti.lt\/\",\"name\":\"Montessori \u017eaislai\",\"description\":\"\",\"publisher\":{\"@id\":\"https:\/\/monti.lt\/#organization\"},\"potentialAction\":[{\"@type\":\"SearchAction\",\"target\":{\"@type\":\"EntryPoint\",\"urlTemplate\":\"https:\/\/monti.lt\/?s={search_term_string}\"},\"query-input\":\"required name=search_term_string\"}],\"inLanguage\":\"en-US\"},{\"@type\":\"Organization\",\"@id\":\"https:\/\/monti.lt\/#organization\",\"name\":\"Montessori \u017eaislai\",\"url\":\"https:\/\/monti.lt\/\",\"logo\":{\"@type\":\"ImageObject\",\"inLanguage\":\"en-US\",\"@id\":\"https:\/\/monti.lt\/#\/schema\/logo\/image\/\",\"url\":\"https:\/\/monti.lt\/wp-content\/uploads\/2022\/03\/montilogo-1.png\",\"contentUrl\":\"https:\/\/monti.lt\/wp-content\/uploads\/2022\/03\/montilogo-1.png\",\"width\":512,\"height\":512,\"caption\":\"Montessori \u017eaislai\"},\"image\":{\"@id\":\"https:\/\/monti.lt\/#\/schema\/logo\/image\/\"}}]}<\/script>\n<!-- \/ Yoast SEO plugin. -->","yoast_head_json":{"title":"Medin\u0117 montessori d\u0117lion\u0117 formos - Montessori \u017eaislai","robots":{"index":"index","follow":"follow","max-snippet":"max-snippet:-1","max-image-preview":"max-image-preview:large","max-video-preview":"max-video-preview:-1"},"canonical":"https:\/\/monti.lt\/en\/product\/medine-montessori-delione-formos\/","og_locale":"en_US","og_type":"article","og_title":"Medin\u0117 montessori d\u0117lion\u0117 formos - Montessori \u017eaislai","og_description":"\u2b50D\u0116LION\u0116S MEDIN\u0116S FIG\u016aROS, ATITINKAN\u010cIOS EDUKACINIUS MONTESSORI SKAI\u010cIUSM\u016bs\u0173 unikaliame gaminyje &#8211; d\u0117lion\u0117je \u201eFormos, atitinkan\u010dios Montessori edukacines fig\u016br\u0117les\u201c &#8211; susijungia modernumas ir edukacija. Tai puiki priemon\u0117 j\u016bs\u0173 ma\u017eylio pa\u017eintiniams ir motoriniams \u012fg\u016bd\u017eiams lavinti. M\u016bs\u0173 d\u0117lion\u0117s buvo specialiai sukurtos pagal Montessori metod\u0105, kad j\u016bs\u0173 vaikui teikt\u0173 kuo didesn\u0119 ugdom\u0105j\u0105 naud\u0105. Kiekviena detal\u0117 turi unikali\u0105 form\u0105, kuri sutampa su [&hellip;]","og_url":"https:\/\/monti.lt\/en\/product\/medine-montessori-delione-formos\/","og_site_name":"Montessori \u017eaislai","article_modified_time":"2025-12-04T10:59:42+00:00","og_image":[{"width":800,"height":800,"url":"https:\/\/monti.lt\/wp-content\/uploads\/2024\/11\/puzzle-drewniane-ksztalty-dopasowywanie-edukacyjne-figury-montessori.webp","type":"image\/webp"}],"twitter_card":"summary_large_image","twitter_misc":{"Est. reading time":"2 minutes"},"schema":{"@context":"https:\/\/schema.org","@graph":[{"@type":"WebPage","@id":"https:\/\/monti.lt\/product\/medine-montessori-delione-formos\/","url":"https:\/\/monti.lt\/product\/medine-montessori-delione-formos\/","name":"Medin\u0117 montessori d\u0117lion\u0117 formos - Montessori \u017eaislai","isPartOf":{"@id":"https:\/\/monti.lt\/#website"},"primaryImageOfPage":{"@id":"https:\/\/monti.lt\/product\/medine-montessori-delione-formos\/#primaryimage"},"image":{"@id":"https:\/\/monti.lt\/product\/medine-montessori-delione-formos\/#primaryimage"},"thumbnailUrl":"https:\/\/monti.lt\/wp-content\/uploads\/2024\/11\/puzzle-drewniane-ksztalty-dopasowywanie-edukacyjne-figury-montessori.webp","datePublished":"2024-11-06T17:34:39+00:00","dateModified":"2025-12-04T10:59:42+00:00","breadcrumb":{"@id":"https:\/\/monti.lt\/product\/medine-montessori-delione-formos\/#breadcrumb"},"inLanguage":"en-US","potentialAction":[{"@type":"ReadAction","target":["https:\/\/monti.lt\/product\/medine-montessori-delione-formos\/"]}]},{"@type":"ImageObject","inLanguage":"en-US","@id":"https:\/\/monti.lt\/product\/medine-montessori-delione-formos\/#primaryimage","url":"https:\/\/monti.lt\/wp-content\/uploads\/2024\/11\/puzzle-drewniane-ksztalty-dopasowywanie-edukacyjne-figury-montessori.webp","contentUrl":"https:\/\/monti.lt\/wp-content\/uploads\/2024\/11\/puzzle-drewniane-ksztalty-dopasowywanie-edukacyjne-figury-montessori.webp","width":800,"height":800,"caption":"montessori delione"},{"@type":"BreadcrumbList","@id":"https:\/\/monti.lt\/product\/medine-montessori-delione-formos\/#breadcrumb","itemListElement":[{"@type":"ListItem","position":1,"name":"Home","item":"https:\/\/monti.lt\/"},{"@type":"ListItem","position":2,"name":"Parduotuv\u0117","item":"https:\/\/monti.lt\/shop\/"},{"@type":"ListItem","position":3,"name":"Medin\u0117 montessori d\u0117lion\u0117 formos"}]},{"@type":"WebSite","@id":"https:\/\/monti.lt\/#website","url":"https:\/\/monti.lt\/","name":"Montessori \u017eaislai","description":"","publisher":{"@id":"https:\/\/monti.lt\/#organization"},"potentialAction":[{"@type":"SearchAction","target":{"@type":"EntryPoint","urlTemplate":"https:\/\/monti.lt\/?s={search_term_string}"},"query-input":"required name=search_term_string"}],"inLanguage":"en-US"},{"@type":"Organization","@id":"https:\/\/monti.lt\/#organization","name":"Montessori \u017eaislai","url":"https:\/\/monti.lt\/","logo":{"@type":"ImageObject","inLanguage":"en-US","@id":"https:\/\/monti.lt\/#\/schema\/logo\/image\/","url":"https:\/\/monti.lt\/wp-content\/uploads\/2022\/03\/montilogo-1.png","contentUrl":"https:\/\/monti.lt\/wp-content\/uploads\/2022\/03\/montilogo-1.png","width":512,"height":512,"caption":"Montessori \u017eaislai"},"image":{"@id":"https:\/\/monti.lt\/#\/schema\/logo\/image\/"}}]}},"_links":{"self":[{"href":"https:\/\/monti.lt\/en\/wp-json\/wp\/v2\/product\/26934"}],"collection":[{"href":"https:\/\/monti.lt\/en\/wp-json\/wp\/v2\/product"}],"about":[{"href":"https:\/\/monti.lt\/en\/wp-json\/wp\/v2\/types\/product"}],"version-history":[{"count":1,"href":"https:\/\/monti.lt\/en\/wp-json\/wp\/v2\/product\/26934\/revisions"}],"predecessor-version":[{"id":26941,"href":"https:\/\/monti.lt\/en\/wp-json\/wp\/v2\/product\/26934\/revisions\/26941"}],"wp:featuredmedia":[{"embeddable":true,"href":"https:\/\/monti.lt\/en\/wp-json\/wp\/v2\/media\/26935"}],"wp:attachment":[{"href":"https:\/\/monti.lt\/en\/wp-json\/wp\/v2\/media?parent=26934"}],"wp:term":[{"taxonomy":"product_cat","embeddable":true,"href":"https:\/\/monti.lt\/en\/wp-json\/wp\/v2\/product_cat?post=26934"},{"taxonomy":"product_tag","embeddable":true,"href":"https:\/\/monti.lt\/en\/wp-json\/wp\/v2\/product_tag?post=26934"}],"curies":[{"name":"wp","href":"https:\/\/api.w.org\/{rel}","templated":true}]}}