{"id":26979,"date":"2024-11-08T10:50:19","date_gmt":"2024-11-08T10:50:19","guid":{"rendered":"https:\/\/monti.lt\/?post_type=product&#038;p=26979"},"modified":"2025-12-15T09:42:09","modified_gmt":"2025-12-15T09:42:09","slug":"zaidimas-zvejyba-su-magnetu-22-el","status":"publish","type":"product","link":"https:\/\/monti.lt\/en\/product\/zaidimas-zvejyba-su-magnetu-22-el\/","title":{"rendered":"\u017daidimas \u017evejyba su magnetu 22 el"},"content":{"rendered":"<h1 class=\"wp-block-heading\">\u017dVEJYBOS \u017dAIDIMAS\u00a0<\/h1>\n\n\n\n<p>\u0160is pasaki\u0161kai spalvingas \u017evejybos \u017eaidimas tikrai pavogs kiekvieno ma\u017eojo j\u016br\u0173 pasaulio tyrin\u0117tojo \u0161ird\u012f.<\/p>\n\n\n\n<p>\u017daidimas \u201e\u017dvejyba\u201c tikrai sukels susidom\u0117jim\u0105 ma\u017eiausiuose ir leis smagiai praleisti laisvalaik\u012f net ir esant nepalankiam orui!<\/p>\n\n\n\n<p>Nuostabus \u017eaislas, kuris linksmina ir moko.<\/p>\n\n\n\n<ul class=\"wp-block-list\">\n<li><strong>\u012eTAKOJA VAIKO RA\u0160YM\u0104<\/strong>\u00a0\u2013 skatina vaizduot\u0119, lavina login\u012f m\u0105stym\u0105 ir regim\u0105j\u0105 atmint\u012f; moko susieti formas ir spalvas, lavina rank\u0173 miklum\u0105, o bendru \u017eaidimu formuoja socialin\u012f elges\u012f, pavyzd\u017eiui, geb\u0117jim\u0105 integruotis ir geb\u0117jim\u0105 bendradarbiauti grup\u0117je. Po j\u016bros gyv\u016bnais yra numeriai ir j\u0173 pavadinimai kin\u0173 kalba \u2013 vaikas \u017eaisdamas gali i\u0161mokti naujos kalbos.\u00a0<strong>Pirmaisiais gyvenimo metais ma\u017eylis \u017einias \u012fsisavina labai greitai, tod\u0117l u\u017esienio kalbos mokymasis suteiks daug naudos tolesniame gyvenime<\/strong>\u00a0.<\/li>\n\n\n\n<li><strong>SAUGU &#8211;<\/strong>\u00a0\u017eaislas turi mink\u0161tus kra\u0161tus, o dauguma element\u0173 yra pagaminti i\u0161 med\u017eio &#8211; tod\u0117l jis yra\u00a0<strong>saugus vaiko sveikatai, skirtingai nei \u017eaislai i\u0161 plastiko.<\/strong><\/li>\n\n\n\n<li><strong>25 ELEMENTAI<\/strong>\u00a0\u2013 \u017eaidimas yra \u012fdomus rinkinys, susidedantis i\u0161 22 j\u016bros b\u016btybi\u0173 ir 2 me\u0161keri\u0173; Me\u0161ker\u0117s ir j\u016bros gyviai turi ma\u017eus magnetukus, kurie daro \u017eaidim\u0105 patrauklesn\u012f ir pagerina gaudym\u0105. Komplekte\u00a0<strong>yra d\u0117\u017eut\u0117, kuri\u0105 galima naudoti ir kaip \u017eaidim\u0173 akvarium\u0105.<\/strong><\/li>\n\n\n\n<li><strong>PATRAUKTI I\u0160VAIZDA<\/strong>\u00a0\u2013 estetin\u0117ms vertyb\u0117ms \u012ftakos turi geras darbas ir\u00a0<strong>ry\u0161kios, \u0161iltos spalvos; su\u017eadina vaiko susidom\u0117jim\u0105 ir skatina j\u012f \u017eaisti<\/strong>\u00a0.<\/li>\n\n\n\n<li><strong>SPECIFIKACIJOS &#8211;\u00a0<\/strong>med\u017eiaga: medis, kiti: popierius + gele\u017eis) + 2 me\u0161ker\u0117s (dominuojanti med\u017eiaga: mediena, kita: nailonas + HIPS + magnetas); am\u017eius: +3 metai; konteinerio matmenys: 18\/18\/6cm; strypo ilgis: 16,3cm; element\u0173 skai\u010dius rinkinyje: 25; svoris su pakuote: 244g.<\/li>\n<\/ul>\n\n\n\n<p><strong>SPECIFIKACIJA:<\/strong><\/p>\n\n\n\n<ul class=\"wp-block-list\">\n<li>med\u017eiaga: mediena, kiti: popierius + gele\u017eis) + 2 me\u0161ker\u0117s (dominuojanti med\u017eiaga: mediena, kita: nailonas + KLUBAI + magnetas)<\/li>\n\n\n\n<li>am\u017eius: +3 metai<\/li>\n\n\n\n<li>konteinerio matmenys: 18\/18\/6cm<\/li>\n\n\n\n<li>strypo ilgis: 16,3 cm<\/li>\n\n\n\n<li>element\u0173 skai\u010dius rinkinyje: 25<\/li>\n\n\n\n<li>svoris su pakuote: 244g<\/li>\n<\/ul>\n\n\n\n<p><strong>\u012eSKAI\u010cIUOTA:<\/strong><\/p>\n\n\n\n<ul class=\"wp-block-list\">\n<li>22 mediniai j\u016bros gyv\u016bnai su magnetu<\/li>\n\n\n\n<li>2 medin\u0117s me\u0161ker\u0117s su magnetu<\/li>\n\n\n\n<li>apvalus konteineris<\/li>\n<\/ul>\n\n\n\n<p>\u017daidimas \u201e\u017dvejyba\u201c tikrai sukels ma\u017eiausio susidom\u0117jim\u0105 ir leis linksmai leisti laisvalaik\u012f net ir esant nepalankiam orui! Tai linksmina ir moko. Vaikas turi galimyb\u0119 \u017evejoti ir tuo pa\u010diu tyrin\u0117ti vandens pasaul\u012f.<\/p>\n\n\n\n<p><strong>\u017daidimas yra \u012fdomus rinkinys, kur\u012f sudaro 22 j\u016bros b\u016btyb\u0117s, 2 me\u0161ker\u0117s ir d\u0117\u017eut\u0117, kuri\u0105 galima naudoti kaip \u017eaidim\u0173 akvarium\u0105.<\/strong>&nbsp;Me\u0161ker\u0117s ir j\u016bros gyviai turi ma\u017eus magnetukus, kurie neabejotinai daro pramog\u0105 patrauklesn\u0119 ir pagerina gaudym\u0105.<\/p>","protected":false},"excerpt":{"rendered":"<p>\u017dVEJYBOS \u017dAIDIMAS\u00a0 \u0160is pasaki\u0161kai spalvingas \u017evejybos \u017eaidimas tikrai pavogs kiekvieno ma\u017eojo j\u016br\u0173 pasaulio tyrin\u0117tojo \u0161ird\u012f. \u017daidimas \u201e\u017dvejyba\u201c tikrai sukels susidom\u0117jim\u0105 ma\u017eiausiuose ir leis smagiai praleisti laisvalaik\u012f net ir esant nepalankiam orui! Nuostabus \u017eaislas, kuris linksmina ir moko. SPECIFIKACIJA: \u012eSKAI\u010cIUOTA: \u017daidimas \u201e\u017dvejyba\u201c tikrai sukels ma\u017eiausio susidom\u0117jim\u0105 ir leis linksmai leisti laisvalaik\u012f net ir esant nepalankiam orui! [&hellip;]<\/p>","protected":false},"featured_media":26980,"template":"","meta":{"_acf_changed":false,"iawp_total_views":619},"product_cat":[193,191,84,91,102,90,86,49,39,201],"product_tag":[95,96,97],"class_list":{"0":"post-26979","1":"product","2":"type-product","3":"status-publish","4":"has-post-thumbnail","6":"product_cat-dovanos-vaikams-1-2-metu","7":"product_cat-dovanos-vaikams","8":"product_cat-lavinamieji-zaislai","9":"product_cat-loginiam-mastymui","10":"product_cat-mediniai-zaislai","11":"product_cat-pasaulio-pazinimas","12":"product_cat-smulkioji-motorika","13":"product_cat-visi-zaislai","14":"product_cat-zaislai","15":"product_cat-zaislai-kelioneje","16":"product_tag-1-m-2-m","17":"product_tag-2-m-3-m","18":"product_tag-3-m-4-m","20":"first","21":"outofstock","22":"taxable","23":"shipping-taxable","24":"purchasable","25":"product-type-simple"},"acf":[],"yoast_head":"<!-- This site is optimized with the Yoast SEO plugin v23.3 - https:\/\/yoast.com\/wordpress\/plugins\/seo\/ -->\n<title>\u017daidimas \u017evejyba su magnetu 22 el - Montessori \u017eaislai<\/title>\n<meta name=\"robots\" content=\"index, follow, max-snippet:-1, max-image-preview:large, max-video-preview:-1\" \/>\n<link rel=\"canonical\" href=\"https:\/\/monti.lt\/en\/product\/zaidimas-zvejyba-su-magnetu-22-el\/\" \/>\n<meta property=\"og:locale\" content=\"en_US\" \/>\n<meta property=\"og:type\" content=\"article\" \/>\n<meta property=\"og:title\" content=\"\u017daidimas \u017evejyba su magnetu 22 el - Montessori \u017eaislai\" \/>\n<meta property=\"og:description\" content=\"\u017dVEJYBOS \u017dAIDIMAS\u00a0 \u0160is pasaki\u0161kai spalvingas \u017evejybos \u017eaidimas tikrai pavogs kiekvieno ma\u017eojo j\u016br\u0173 pasaulio tyrin\u0117tojo \u0161ird\u012f. \u017daidimas \u201e\u017dvejyba\u201c tikrai sukels susidom\u0117jim\u0105 ma\u017eiausiuose ir leis smagiai praleisti laisvalaik\u012f net ir esant nepalankiam orui! Nuostabus \u017eaislas, kuris linksmina ir moko. SPECIFIKACIJA: \u012eSKAI\u010cIUOTA: \u017daidimas \u201e\u017dvejyba\u201c tikrai sukels ma\u017eiausio susidom\u0117jim\u0105 ir leis linksmai leisti laisvalaik\u012f net ir esant nepalankiam orui! [&hellip;]\" \/>\n<meta property=\"og:url\" content=\"https:\/\/monti.lt\/en\/product\/zaidimas-zvejyba-su-magnetu-22-el\/\" \/>\n<meta property=\"og:site_name\" content=\"Montessori \u017eaislai\" \/>\n<meta property=\"article:modified_time\" content=\"2025-12-15T09:42:09+00:00\" \/>\n<meta property=\"og:image\" content=\"https:\/\/monti.lt\/wp-content\/uploads\/2024\/11\/lit_pl_Zaidimas-Zuvies-gaudymas-magnetui-22-vnt-14011_16.jpg\" \/>\n\t<meta property=\"og:image:width\" content=\"500\" \/>\n\t<meta property=\"og:image:height\" content=\"500\" \/>\n\t<meta property=\"og:image:type\" content=\"image\/jpeg\" \/>\n<meta name=\"twitter:card\" content=\"summary_large_image\" \/>\n<meta name=\"twitter:label1\" content=\"Est. reading time\" \/>\n\t<meta name=\"twitter:data1\" content=\"2 minutes\" \/>\n<script type=\"application\/ld+json\" class=\"yoast-schema-graph\">{\"@context\":\"https:\/\/schema.org\",\"@graph\":[{\"@type\":\"WebPage\",\"@id\":\"https:\/\/monti.lt\/product\/zaidimas-zvejyba-su-magnetu-22-el\/\",\"url\":\"https:\/\/monti.lt\/product\/zaidimas-zvejyba-su-magnetu-22-el\/\",\"name\":\"\u017daidimas \u017evejyba su magnetu 22 el - Montessori \u017eaislai\",\"isPartOf\":{\"@id\":\"https:\/\/monti.lt\/#website\"},\"primaryImageOfPage\":{\"@id\":\"https:\/\/monti.lt\/product\/zaidimas-zvejyba-su-magnetu-22-el\/#primaryimage\"},\"image\":{\"@id\":\"https:\/\/monti.lt\/product\/zaidimas-zvejyba-su-magnetu-22-el\/#primaryimage\"},\"thumbnailUrl\":\"https:\/\/monti.lt\/wp-content\/uploads\/2024\/11\/lit_pl_Zaidimas-Zuvies-gaudymas-magnetui-22-vnt-14011_16.jpg\",\"datePublished\":\"2024-11-08T10:50:19+00:00\",\"dateModified\":\"2025-12-15T09:42:09+00:00\",\"breadcrumb\":{\"@id\":\"https:\/\/monti.lt\/product\/zaidimas-zvejyba-su-magnetu-22-el\/#breadcrumb\"},\"inLanguage\":\"en-US\",\"potentialAction\":[{\"@type\":\"ReadAction\",\"target\":[\"https:\/\/monti.lt\/product\/zaidimas-zvejyba-su-magnetu-22-el\/\"]}]},{\"@type\":\"ImageObject\",\"inLanguage\":\"en-US\",\"@id\":\"https:\/\/monti.lt\/product\/zaidimas-zvejyba-su-magnetu-22-el\/#primaryimage\",\"url\":\"https:\/\/monti.lt\/wp-content\/uploads\/2024\/11\/lit_pl_Zaidimas-Zuvies-gaudymas-magnetui-22-vnt-14011_16.jpg\",\"contentUrl\":\"https:\/\/monti.lt\/wp-content\/uploads\/2024\/11\/lit_pl_Zaidimas-Zuvies-gaudymas-magnetui-22-vnt-14011_16.jpg\",\"width\":500,\"height\":500,\"caption\":\"zvejybos zaidimas\"},{\"@type\":\"BreadcrumbList\",\"@id\":\"https:\/\/monti.lt\/product\/zaidimas-zvejyba-su-magnetu-22-el\/#breadcrumb\",\"itemListElement\":[{\"@type\":\"ListItem\",\"position\":1,\"name\":\"Home\",\"item\":\"https:\/\/monti.lt\/\"},{\"@type\":\"ListItem\",\"position\":2,\"name\":\"Parduotuv\u0117\",\"item\":\"https:\/\/monti.lt\/shop\/\"},{\"@type\":\"ListItem\",\"position\":3,\"name\":\"\u017daidimas \u017evejyba su magnetu 22 el\"}]},{\"@type\":\"WebSite\",\"@id\":\"https:\/\/monti.lt\/#website\",\"url\":\"https:\/\/monti.lt\/\",\"name\":\"Montessori \u017eaislai\",\"description\":\"\",\"publisher\":{\"@id\":\"https:\/\/monti.lt\/#organization\"},\"potentialAction\":[{\"@type\":\"SearchAction\",\"target\":{\"@type\":\"EntryPoint\",\"urlTemplate\":\"https:\/\/monti.lt\/?s={search_term_string}\"},\"query-input\":\"required name=search_term_string\"}],\"inLanguage\":\"en-US\"},{\"@type\":\"Organization\",\"@id\":\"https:\/\/monti.lt\/#organization\",\"name\":\"Montessori \u017eaislai\",\"url\":\"https:\/\/monti.lt\/\",\"logo\":{\"@type\":\"ImageObject\",\"inLanguage\":\"en-US\",\"@id\":\"https:\/\/monti.lt\/#\/schema\/logo\/image\/\",\"url\":\"https:\/\/monti.lt\/wp-content\/uploads\/2022\/03\/montilogo-1.png\",\"contentUrl\":\"https:\/\/monti.lt\/wp-content\/uploads\/2022\/03\/montilogo-1.png\",\"width\":512,\"height\":512,\"caption\":\"Montessori \u017eaislai\"},\"image\":{\"@id\":\"https:\/\/monti.lt\/#\/schema\/logo\/image\/\"}}]}<\/script>\n<!-- \/ Yoast SEO plugin. -->","yoast_head_json":{"title":"\u017daidimas \u017evejyba su magnetu 22 el - Montessori \u017eaislai","robots":{"index":"index","follow":"follow","max-snippet":"max-snippet:-1","max-image-preview":"max-image-preview:large","max-video-preview":"max-video-preview:-1"},"canonical":"https:\/\/monti.lt\/en\/product\/zaidimas-zvejyba-su-magnetu-22-el\/","og_locale":"en_US","og_type":"article","og_title":"\u017daidimas \u017evejyba su magnetu 22 el - Montessori \u017eaislai","og_description":"\u017dVEJYBOS \u017dAIDIMAS\u00a0 \u0160is pasaki\u0161kai spalvingas \u017evejybos \u017eaidimas tikrai pavogs kiekvieno ma\u017eojo j\u016br\u0173 pasaulio tyrin\u0117tojo \u0161ird\u012f. \u017daidimas \u201e\u017dvejyba\u201c tikrai sukels susidom\u0117jim\u0105 ma\u017eiausiuose ir leis smagiai praleisti laisvalaik\u012f net ir esant nepalankiam orui! Nuostabus \u017eaislas, kuris linksmina ir moko. SPECIFIKACIJA: \u012eSKAI\u010cIUOTA: \u017daidimas \u201e\u017dvejyba\u201c tikrai sukels ma\u017eiausio susidom\u0117jim\u0105 ir leis linksmai leisti laisvalaik\u012f net ir esant nepalankiam orui! [&hellip;]","og_url":"https:\/\/monti.lt\/en\/product\/zaidimas-zvejyba-su-magnetu-22-el\/","og_site_name":"Montessori \u017eaislai","article_modified_time":"2025-12-15T09:42:09+00:00","og_image":[{"width":500,"height":500,"url":"https:\/\/monti.lt\/wp-content\/uploads\/2024\/11\/lit_pl_Zaidimas-Zuvies-gaudymas-magnetui-22-vnt-14011_16.jpg","type":"image\/jpeg"}],"twitter_card":"summary_large_image","twitter_misc":{"Est. reading time":"2 minutes"},"schema":{"@context":"https:\/\/schema.org","@graph":[{"@type":"WebPage","@id":"https:\/\/monti.lt\/product\/zaidimas-zvejyba-su-magnetu-22-el\/","url":"https:\/\/monti.lt\/product\/zaidimas-zvejyba-su-magnetu-22-el\/","name":"\u017daidimas \u017evejyba su magnetu 22 el - Montessori \u017eaislai","isPartOf":{"@id":"https:\/\/monti.lt\/#website"},"primaryImageOfPage":{"@id":"https:\/\/monti.lt\/product\/zaidimas-zvejyba-su-magnetu-22-el\/#primaryimage"},"image":{"@id":"https:\/\/monti.lt\/product\/zaidimas-zvejyba-su-magnetu-22-el\/#primaryimage"},"thumbnailUrl":"https:\/\/monti.lt\/wp-content\/uploads\/2024\/11\/lit_pl_Zaidimas-Zuvies-gaudymas-magnetui-22-vnt-14011_16.jpg","datePublished":"2024-11-08T10:50:19+00:00","dateModified":"2025-12-15T09:42:09+00:00","breadcrumb":{"@id":"https:\/\/monti.lt\/product\/zaidimas-zvejyba-su-magnetu-22-el\/#breadcrumb"},"inLanguage":"en-US","potentialAction":[{"@type":"ReadAction","target":["https:\/\/monti.lt\/product\/zaidimas-zvejyba-su-magnetu-22-el\/"]}]},{"@type":"ImageObject","inLanguage":"en-US","@id":"https:\/\/monti.lt\/product\/zaidimas-zvejyba-su-magnetu-22-el\/#primaryimage","url":"https:\/\/monti.lt\/wp-content\/uploads\/2024\/11\/lit_pl_Zaidimas-Zuvies-gaudymas-magnetui-22-vnt-14011_16.jpg","contentUrl":"https:\/\/monti.lt\/wp-content\/uploads\/2024\/11\/lit_pl_Zaidimas-Zuvies-gaudymas-magnetui-22-vnt-14011_16.jpg","width":500,"height":500,"caption":"zvejybos zaidimas"},{"@type":"BreadcrumbList","@id":"https:\/\/monti.lt\/product\/zaidimas-zvejyba-su-magnetu-22-el\/#breadcrumb","itemListElement":[{"@type":"ListItem","position":1,"name":"Home","item":"https:\/\/monti.lt\/"},{"@type":"ListItem","position":2,"name":"Parduotuv\u0117","item":"https:\/\/monti.lt\/shop\/"},{"@type":"ListItem","position":3,"name":"\u017daidimas \u017evejyba su magnetu 22 el"}]},{"@type":"WebSite","@id":"https:\/\/monti.lt\/#website","url":"https:\/\/monti.lt\/","name":"Montessori \u017eaislai","description":"","publisher":{"@id":"https:\/\/monti.lt\/#organization"},"potentialAction":[{"@type":"SearchAction","target":{"@type":"EntryPoint","urlTemplate":"https:\/\/monti.lt\/?s={search_term_string}"},"query-input":"required name=search_term_string"}],"inLanguage":"en-US"},{"@type":"Organization","@id":"https:\/\/monti.lt\/#organization","name":"Montessori \u017eaislai","url":"https:\/\/monti.lt\/","logo":{"@type":"ImageObject","inLanguage":"en-US","@id":"https:\/\/monti.lt\/#\/schema\/logo\/image\/","url":"https:\/\/monti.lt\/wp-content\/uploads\/2022\/03\/montilogo-1.png","contentUrl":"https:\/\/monti.lt\/wp-content\/uploads\/2022\/03\/montilogo-1.png","width":512,"height":512,"caption":"Montessori \u017eaislai"},"image":{"@id":"https:\/\/monti.lt\/#\/schema\/logo\/image\/"}}]}},"_links":{"self":[{"href":"https:\/\/monti.lt\/en\/wp-json\/wp\/v2\/product\/26979"}],"collection":[{"href":"https:\/\/monti.lt\/en\/wp-json\/wp\/v2\/product"}],"about":[{"href":"https:\/\/monti.lt\/en\/wp-json\/wp\/v2\/types\/product"}],"version-history":[{"count":1,"href":"https:\/\/monti.lt\/en\/wp-json\/wp\/v2\/product\/26979\/revisions"}],"predecessor-version":[{"id":26984,"href":"https:\/\/monti.lt\/en\/wp-json\/wp\/v2\/product\/26979\/revisions\/26984"}],"wp:featuredmedia":[{"embeddable":true,"href":"https:\/\/monti.lt\/en\/wp-json\/wp\/v2\/media\/26980"}],"wp:attachment":[{"href":"https:\/\/monti.lt\/en\/wp-json\/wp\/v2\/media?parent=26979"}],"wp:term":[{"taxonomy":"product_cat","embeddable":true,"href":"https:\/\/monti.lt\/en\/wp-json\/wp\/v2\/product_cat?post=26979"},{"taxonomy":"product_tag","embeddable":true,"href":"https:\/\/monti.lt\/en\/wp-json\/wp\/v2\/product_tag?post=26979"}],"curies":[{"name":"wp","href":"https:\/\/api.w.org\/{rel}","templated":true}]}}