{"id":27040,"date":"2024-11-10T16:50:40","date_gmt":"2024-11-10T16:50:40","guid":{"rendered":"https:\/\/monti.lt\/?post_type=product&#038;p=27040"},"modified":"2026-03-20T09:41:47","modified_gmt":"2026-03-20T09:41:47","slug":"little-dutch-spalvinimo-knygele-advento-kalendorius","status":"publish","type":"product","link":"https:\/\/monti.lt\/en\/product\/little-dutch-spalvinimo-knygele-advento-kalendorius\/","title":{"rendered":"Little Dutch spalvinimo knygel\u0117 &#8220;Advento kalendorius&#8221;"},"content":{"rendered":"","protected":false},"excerpt":{"rendered":"<p>Padarykite Kal\u0117d\u0173 laukim\u0105 dar smagesn\u012f su \u0161iuo kalendoriumi! \u0160i linksma kalendoriaus knygel\u0117 turi 24 unikalius spalvinimo puslapius. Nesvarbu, ar tai mielas Kal\u0117d\u0173 senelis, \u017e\u0117rinti Kal\u0117d\u0173 eglut\u0117 ar jaukus sniego senis, kiekvienas spalvinimo puslapis suteikia d\u017eiaugsmo ir prisideda prie \u0161ventin\u0117s atmosferos.<\/p>\n<p>Pad\u0117kite kalendori\u0173 ypatingoje vietoje ir kartu su savo ma\u017eyliu m\u0117gaukit\u0117s nuostabiais k\u016briniais \u0161iuo stebuklingu met\u0173 laiku.<\/p>\n<p>Matmenys: 22 x 26 x 1,8 cm Am\u017eius: nuo 3 met\u0173<\/p>","protected":false},"featured_media":27041,"template":"","meta":{"_acf_changed":false,"iawp_total_views":65},"product_cat":[213,197,196,82,244,89,50],"product_tag":[96,97],"class_list":{"0":"post-27040","1":"product","2":"type-product","3":"status-publish","4":"has-post-thumbnail","6":"product_cat-akcija","7":"product_cat-dovanos-berniukams","8":"product_cat-dovanos-mergaitems","9":"product_cat-ispardavimas","10":"product_cat-little-dutch","11":"product_cat-mokausi-piesti","12":"product_cat-top-dovanos","13":"product_tag-2-m-3-m","14":"product_tag-3-m-4-m","16":"first","17":"instock","18":"sale","19":"taxable","20":"shipping-taxable","21":"purchasable","22":"product-type-simple"},"acf":[],"yoast_head":"<!-- This site is optimized with the Yoast SEO plugin v23.3 - https:\/\/yoast.com\/wordpress\/plugins\/seo\/ -->\n<title>Little Dutch spalvinimo knygel\u0117 &quot;Advento kalendorius&quot; - Montessori \u017eaislai<\/title>\n<meta name=\"robots\" content=\"index, follow, max-snippet:-1, max-image-preview:large, max-video-preview:-1\" \/>\n<link rel=\"canonical\" href=\"https:\/\/monti.lt\/en\/product\/little-dutch-spalvinimo-knygele-advento-kalendorius\/\" \/>\n<meta property=\"og:locale\" content=\"en_US\" \/>\n<meta property=\"og:type\" content=\"article\" \/>\n<meta property=\"og:title\" content=\"Little Dutch spalvinimo knygel\u0117 &quot;Advento kalendorius&quot; - Montessori \u017eaislai\" \/>\n<meta property=\"og:description\" content=\"Padarykite Kal\u0117d\u0173 laukim\u0105 dar smagesn\u012f su \u0161iuo kalendoriumi! \u0160i linksma kalendoriaus knygel\u0117 turi 24 unikalius spalvinimo puslapius. Nesvarbu, ar tai mielas Kal\u0117d\u0173 senelis, \u017e\u0117rinti Kal\u0117d\u0173 eglut\u0117 ar jaukus sniego senis, kiekvienas spalvinimo puslapis suteikia d\u017eiaugsmo ir prisideda prie \u0161ventin\u0117s atmosferos.  Pad\u0117kite kalendori\u0173 ypatingoje vietoje ir kartu su savo ma\u017eyliu m\u0117gaukit\u0117s nuostabiais k\u016briniais \u0161iuo stebuklingu met\u0173 laiku.  Matmenys: 22 x 26 x 1,8 cm Am\u017eius: nuo 3 met\u0173\" \/>\n<meta property=\"og:url\" content=\"https:\/\/monti.lt\/en\/product\/little-dutch-spalvinimo-knygele-advento-kalendorius\/\" \/>\n<meta property=\"og:site_name\" content=\"Montessori \u017eaislai\" \/>\n<meta property=\"article:modified_time\" content=\"2026-03-20T09:41:47+00:00\" \/>\n<meta property=\"og:image\" content=\"https:\/\/monti.lt\/wp-content\/uploads\/2024\/11\/Christmas-Collection-2024-105.jpg\" \/>\n\t<meta property=\"og:image:width\" content=\"800\" \/>\n\t<meta property=\"og:image:height\" content=\"1200\" \/>\n\t<meta property=\"og:image:type\" content=\"image\/jpeg\" \/>\n<meta name=\"twitter:card\" content=\"summary_large_image\" \/>\n<meta name=\"twitter:label1\" content=\"Est. reading time\" \/>\n\t<meta name=\"twitter:data1\" content=\"1 minute\" \/>\n<script type=\"application\/ld+json\" class=\"yoast-schema-graph\">{\"@context\":\"https:\/\/schema.org\",\"@graph\":[{\"@type\":\"WebPage\",\"@id\":\"https:\/\/monti.lt\/product\/little-dutch-spalvinimo-knygele-advento-kalendorius\/\",\"url\":\"https:\/\/monti.lt\/product\/little-dutch-spalvinimo-knygele-advento-kalendorius\/\",\"name\":\"Little Dutch spalvinimo knygel\u0117 \\\"Advento kalendorius\\\" - Montessori \u017eaislai\",\"isPartOf\":{\"@id\":\"https:\/\/monti.lt\/#website\"},\"primaryImageOfPage\":{\"@id\":\"https:\/\/monti.lt\/product\/little-dutch-spalvinimo-knygele-advento-kalendorius\/#primaryimage\"},\"image\":{\"@id\":\"https:\/\/monti.lt\/product\/little-dutch-spalvinimo-knygele-advento-kalendorius\/#primaryimage\"},\"thumbnailUrl\":\"https:\/\/monti.lt\/wp-content\/uploads\/2024\/11\/Christmas-Collection-2024-105.jpg\",\"datePublished\":\"2024-11-10T16:50:40+00:00\",\"dateModified\":\"2026-03-20T09:41:47+00:00\",\"breadcrumb\":{\"@id\":\"https:\/\/monti.lt\/product\/little-dutch-spalvinimo-knygele-advento-kalendorius\/#breadcrumb\"},\"inLanguage\":\"en-US\",\"potentialAction\":[{\"@type\":\"ReadAction\",\"target\":[\"https:\/\/monti.lt\/product\/little-dutch-spalvinimo-knygele-advento-kalendorius\/\"]}]},{\"@type\":\"ImageObject\",\"inLanguage\":\"en-US\",\"@id\":\"https:\/\/monti.lt\/product\/little-dutch-spalvinimo-knygele-advento-kalendorius\/#primaryimage\",\"url\":\"https:\/\/monti.lt\/wp-content\/uploads\/2024\/11\/Christmas-Collection-2024-105.jpg\",\"contentUrl\":\"https:\/\/monti.lt\/wp-content\/uploads\/2024\/11\/Christmas-Collection-2024-105.jpg\",\"width\":800,\"height\":1200,\"caption\":\"spalvinimo knygele advento kalendorius\"},{\"@type\":\"BreadcrumbList\",\"@id\":\"https:\/\/monti.lt\/product\/little-dutch-spalvinimo-knygele-advento-kalendorius\/#breadcrumb\",\"itemListElement\":[{\"@type\":\"ListItem\",\"position\":1,\"name\":\"Home\",\"item\":\"https:\/\/monti.lt\/\"},{\"@type\":\"ListItem\",\"position\":2,\"name\":\"Parduotuv\u0117\",\"item\":\"https:\/\/monti.lt\/shop\/\"},{\"@type\":\"ListItem\",\"position\":3,\"name\":\"Little Dutch spalvinimo knygel\u0117 &#8220;Advento kalendorius&#8221;\"}]},{\"@type\":\"WebSite\",\"@id\":\"https:\/\/monti.lt\/#website\",\"url\":\"https:\/\/monti.lt\/\",\"name\":\"Montessori \u017eaislai\",\"description\":\"\",\"publisher\":{\"@id\":\"https:\/\/monti.lt\/#organization\"},\"potentialAction\":[{\"@type\":\"SearchAction\",\"target\":{\"@type\":\"EntryPoint\",\"urlTemplate\":\"https:\/\/monti.lt\/?s={search_term_string}\"},\"query-input\":\"required name=search_term_string\"}],\"inLanguage\":\"en-US\"},{\"@type\":\"Organization\",\"@id\":\"https:\/\/monti.lt\/#organization\",\"name\":\"Montessori \u017eaislai\",\"url\":\"https:\/\/monti.lt\/\",\"logo\":{\"@type\":\"ImageObject\",\"inLanguage\":\"en-US\",\"@id\":\"https:\/\/monti.lt\/#\/schema\/logo\/image\/\",\"url\":\"https:\/\/monti.lt\/wp-content\/uploads\/2022\/03\/montilogo-1.png\",\"contentUrl\":\"https:\/\/monti.lt\/wp-content\/uploads\/2022\/03\/montilogo-1.png\",\"width\":512,\"height\":512,\"caption\":\"Montessori \u017eaislai\"},\"image\":{\"@id\":\"https:\/\/monti.lt\/#\/schema\/logo\/image\/\"}}]}<\/script>\n<!-- \/ Yoast SEO plugin. -->","yoast_head_json":{"title":"Little Dutch spalvinimo knygel\u0117 \"Advento kalendorius\" - Montessori \u017eaislai","robots":{"index":"index","follow":"follow","max-snippet":"max-snippet:-1","max-image-preview":"max-image-preview:large","max-video-preview":"max-video-preview:-1"},"canonical":"https:\/\/monti.lt\/en\/product\/little-dutch-spalvinimo-knygele-advento-kalendorius\/","og_locale":"en_US","og_type":"article","og_title":"Little Dutch spalvinimo knygel\u0117 \"Advento kalendorius\" - Montessori \u017eaislai","og_description":"Padarykite Kal\u0117d\u0173 laukim\u0105 dar smagesn\u012f su \u0161iuo kalendoriumi! \u0160i linksma kalendoriaus knygel\u0117 turi 24 unikalius spalvinimo puslapius. Nesvarbu, ar tai mielas Kal\u0117d\u0173 senelis, \u017e\u0117rinti Kal\u0117d\u0173 eglut\u0117 ar jaukus sniego senis, kiekvienas spalvinimo puslapis suteikia d\u017eiaugsmo ir prisideda prie \u0161ventin\u0117s atmosferos.  Pad\u0117kite kalendori\u0173 ypatingoje vietoje ir kartu su savo ma\u017eyliu m\u0117gaukit\u0117s nuostabiais k\u016briniais \u0161iuo stebuklingu met\u0173 laiku.  Matmenys: 22 x 26 x 1,8 cm Am\u017eius: nuo 3 met\u0173","og_url":"https:\/\/monti.lt\/en\/product\/little-dutch-spalvinimo-knygele-advento-kalendorius\/","og_site_name":"Montessori \u017eaislai","article_modified_time":"2026-03-20T09:41:47+00:00","og_image":[{"width":800,"height":1200,"url":"https:\/\/monti.lt\/wp-content\/uploads\/2024\/11\/Christmas-Collection-2024-105.jpg","type":"image\/jpeg"}],"twitter_card":"summary_large_image","twitter_misc":{"Est. reading time":"1 minute"},"schema":{"@context":"https:\/\/schema.org","@graph":[{"@type":"WebPage","@id":"https:\/\/monti.lt\/product\/little-dutch-spalvinimo-knygele-advento-kalendorius\/","url":"https:\/\/monti.lt\/product\/little-dutch-spalvinimo-knygele-advento-kalendorius\/","name":"Little Dutch spalvinimo knygel\u0117 \"Advento kalendorius\" - Montessori \u017eaislai","isPartOf":{"@id":"https:\/\/monti.lt\/#website"},"primaryImageOfPage":{"@id":"https:\/\/monti.lt\/product\/little-dutch-spalvinimo-knygele-advento-kalendorius\/#primaryimage"},"image":{"@id":"https:\/\/monti.lt\/product\/little-dutch-spalvinimo-knygele-advento-kalendorius\/#primaryimage"},"thumbnailUrl":"https:\/\/monti.lt\/wp-content\/uploads\/2024\/11\/Christmas-Collection-2024-105.jpg","datePublished":"2024-11-10T16:50:40+00:00","dateModified":"2026-03-20T09:41:47+00:00","breadcrumb":{"@id":"https:\/\/monti.lt\/product\/little-dutch-spalvinimo-knygele-advento-kalendorius\/#breadcrumb"},"inLanguage":"en-US","potentialAction":[{"@type":"ReadAction","target":["https:\/\/monti.lt\/product\/little-dutch-spalvinimo-knygele-advento-kalendorius\/"]}]},{"@type":"ImageObject","inLanguage":"en-US","@id":"https:\/\/monti.lt\/product\/little-dutch-spalvinimo-knygele-advento-kalendorius\/#primaryimage","url":"https:\/\/monti.lt\/wp-content\/uploads\/2024\/11\/Christmas-Collection-2024-105.jpg","contentUrl":"https:\/\/monti.lt\/wp-content\/uploads\/2024\/11\/Christmas-Collection-2024-105.jpg","width":800,"height":1200,"caption":"spalvinimo knygele advento kalendorius"},{"@type":"BreadcrumbList","@id":"https:\/\/monti.lt\/product\/little-dutch-spalvinimo-knygele-advento-kalendorius\/#breadcrumb","itemListElement":[{"@type":"ListItem","position":1,"name":"Home","item":"https:\/\/monti.lt\/"},{"@type":"ListItem","position":2,"name":"Parduotuv\u0117","item":"https:\/\/monti.lt\/shop\/"},{"@type":"ListItem","position":3,"name":"Little Dutch spalvinimo knygel\u0117 &#8220;Advento kalendorius&#8221;"}]},{"@type":"WebSite","@id":"https:\/\/monti.lt\/#website","url":"https:\/\/monti.lt\/","name":"Montessori \u017eaislai","description":"","publisher":{"@id":"https:\/\/monti.lt\/#organization"},"potentialAction":[{"@type":"SearchAction","target":{"@type":"EntryPoint","urlTemplate":"https:\/\/monti.lt\/?s={search_term_string}"},"query-input":"required name=search_term_string"}],"inLanguage":"en-US"},{"@type":"Organization","@id":"https:\/\/monti.lt\/#organization","name":"Montessori \u017eaislai","url":"https:\/\/monti.lt\/","logo":{"@type":"ImageObject","inLanguage":"en-US","@id":"https:\/\/monti.lt\/#\/schema\/logo\/image\/","url":"https:\/\/monti.lt\/wp-content\/uploads\/2022\/03\/montilogo-1.png","contentUrl":"https:\/\/monti.lt\/wp-content\/uploads\/2022\/03\/montilogo-1.png","width":512,"height":512,"caption":"Montessori \u017eaislai"},"image":{"@id":"https:\/\/monti.lt\/#\/schema\/logo\/image\/"}}]}},"_links":{"self":[{"href":"https:\/\/monti.lt\/en\/wp-json\/wp\/v2\/product\/27040"}],"collection":[{"href":"https:\/\/monti.lt\/en\/wp-json\/wp\/v2\/product"}],"about":[{"href":"https:\/\/monti.lt\/en\/wp-json\/wp\/v2\/types\/product"}],"version-history":[{"count":2,"href":"https:\/\/monti.lt\/en\/wp-json\/wp\/v2\/product\/27040\/revisions"}],"predecessor-version":[{"id":27043,"href":"https:\/\/monti.lt\/en\/wp-json\/wp\/v2\/product\/27040\/revisions\/27043"}],"wp:featuredmedia":[{"embeddable":true,"href":"https:\/\/monti.lt\/en\/wp-json\/wp\/v2\/media\/27041"}],"wp:attachment":[{"href":"https:\/\/monti.lt\/en\/wp-json\/wp\/v2\/media?parent=27040"}],"wp:term":[{"taxonomy":"product_cat","embeddable":true,"href":"https:\/\/monti.lt\/en\/wp-json\/wp\/v2\/product_cat?post=27040"},{"taxonomy":"product_tag","embeddable":true,"href":"https:\/\/monti.lt\/en\/wp-json\/wp\/v2\/product_tag?post=27040"}],"curies":[{"name":"wp","href":"https:\/\/api.w.org\/{rel}","templated":true}]}}