{"id":27050,"date":"2024-11-10T17:24:30","date_gmt":"2024-11-10T17:24:30","guid":{"rendered":"https:\/\/monti.lt\/?post_type=product&#038;p=27050"},"modified":"2025-10-24T10:57:16","modified_gmt":"2025-10-24T10:57:16","slug":"little-dutch-traukiniu-trasa-kaledos","status":"publish","type":"product","link":"https:\/\/monti.lt\/en\/product\/little-dutch-traukiniu-trasa-kaledos\/","title":{"rendered":"Little Dutch traukini\u0173 trasa &#8220;Kal\u0117dos&#8221;"},"content":{"rendered":"","protected":false},"excerpt":{"rendered":"<p>Medin\u0119 traukini\u0173 tras\u0105 sudaro lokomotyvas, trys vagonai ir \u012fvair\u016bs priedai, tokie kaip namelis, dovanos ir elnias. Vaikai nuo 18 m\u0117nesi\u0173 am\u017eiaus gali naudoti \u0161\u012f rinkin\u012f kurdami savo Kal\u0117d\u0173 pasakas ir leisti vaizduotei skleistis. \u0160is gra\u017eus Kal\u0117d\u0173 traukini\u0173 rinkinys \u2013 puiki dovana, kuri\u0105 galima pad\u0117ti po eglute ir kuri garantuotai suteiks daug met\u0173 smagaus \u017eaidimo ir k\u016brybi\u0161kumo.<\/p>\n<p>Med\u017eiaga: FSC sertifikuota mediena<br \/>\nValymas: \u0161luoste su dr\u0117gnu audiniu<br \/>\nAm\u017eius: nuo 18 m\u0117nesi\u0173<\/p>","protected":false},"featured_media":27051,"template":"","meta":{"_acf_changed":false,"iawp_total_views":354},"product_cat":[213,193,194,195,197,191,82,192,244,50,215],"product_tag":[95,96,97],"class_list":{"0":"post-27050","1":"product","2":"type-product","3":"status-publish","4":"has-post-thumbnail","6":"product_cat-akcija","7":"product_cat-dovanos-vaikams-1-2-metu","8":"product_cat-dovanos-vaikams-2-3-metu","9":"product_cat-dovanos-vaikams-3-4-metu","10":"product_cat-dovanos-berniukams","11":"product_cat-dovanos-vaikams","12":"product_cat-ispardavimas","13":"product_cat-kaledines-dovanos-vaikams","14":"product_cat-little-dutch","15":"product_cat-top-dovanos","16":"product_cat-zaislai-berniukams","17":"product_tag-1-m-2-m","18":"product_tag-2-m-3-m","19":"product_tag-3-m-4-m","21":"first","22":"outofstock","23":"sale","24":"taxable","25":"shipping-taxable","26":"purchasable","27":"product-type-simple"},"acf":[],"yoast_head":"<!-- This site is optimized with the Yoast SEO plugin v23.3 - https:\/\/yoast.com\/wordpress\/plugins\/seo\/ -->\n<title>Little Dutch traukini\u0173 trasa &quot;Kal\u0117dos&quot; - Montessori \u017eaislai<\/title>\n<meta name=\"robots\" content=\"index, follow, max-snippet:-1, max-image-preview:large, max-video-preview:-1\" \/>\n<link rel=\"canonical\" href=\"https:\/\/monti.lt\/en\/product\/little-dutch-traukiniu-trasa-kaledos\/\" \/>\n<meta property=\"og:locale\" content=\"en_US\" \/>\n<meta property=\"og:type\" content=\"article\" \/>\n<meta property=\"og:title\" content=\"Little Dutch traukini\u0173 trasa &quot;Kal\u0117dos&quot; - Montessori \u017eaislai\" \/>\n<meta property=\"og:description\" content=\"Medin\u0119 traukini\u0173 tras\u0105 sudaro lokomotyvas, trys vagonai ir \u012fvair\u016bs priedai, tokie kaip namelis, dovanos ir elnias. Vaikai nuo 18 m\u0117nesi\u0173 am\u017eiaus gali naudoti \u0161\u012f rinkin\u012f kurdami savo Kal\u0117d\u0173 pasakas ir leisti vaizduotei skleistis. \u0160is gra\u017eus Kal\u0117d\u0173 traukini\u0173 rinkinys \u2013 puiki dovana, kuri\u0105 galima pad\u0117ti po eglute ir kuri garantuotai suteiks daug met\u0173 smagaus \u017eaidimo ir k\u016brybi\u0161kumo.  Med\u017eiaga: FSC sertifikuota mediena Valymas: \u0161luoste su dr\u0117gnu audiniu Am\u017eius: nuo 18 m\u0117nesi\u0173\" \/>\n<meta property=\"og:url\" content=\"https:\/\/monti.lt\/en\/product\/little-dutch-traukiniu-trasa-kaledos\/\" \/>\n<meta property=\"og:site_name\" content=\"Montessori \u017eaislai\" \/>\n<meta property=\"article:modified_time\" content=\"2025-10-24T10:57:16+00:00\" \/>\n<meta property=\"og:image\" content=\"https:\/\/monti.lt\/wp-content\/uploads\/2024\/11\/traukiniu-trasa.jpg\" \/>\n\t<meta property=\"og:image:width\" content=\"640\" \/>\n\t<meta property=\"og:image:height\" content=\"640\" \/>\n\t<meta property=\"og:image:type\" content=\"image\/jpeg\" \/>\n<meta name=\"twitter:card\" content=\"summary_large_image\" \/>\n<meta name=\"twitter:label1\" content=\"Est. reading time\" \/>\n\t<meta name=\"twitter:data1\" content=\"1 minute\" \/>\n<script type=\"application\/ld+json\" class=\"yoast-schema-graph\">{\"@context\":\"https:\/\/schema.org\",\"@graph\":[{\"@type\":\"WebPage\",\"@id\":\"https:\/\/monti.lt\/product\/little-dutch-traukiniu-trasa-kaledos\/\",\"url\":\"https:\/\/monti.lt\/product\/little-dutch-traukiniu-trasa-kaledos\/\",\"name\":\"Little Dutch traukini\u0173 trasa \\\"Kal\u0117dos\\\" - Montessori \u017eaislai\",\"isPartOf\":{\"@id\":\"https:\/\/monti.lt\/#website\"},\"primaryImageOfPage\":{\"@id\":\"https:\/\/monti.lt\/product\/little-dutch-traukiniu-trasa-kaledos\/#primaryimage\"},\"image\":{\"@id\":\"https:\/\/monti.lt\/product\/little-dutch-traukiniu-trasa-kaledos\/#primaryimage\"},\"thumbnailUrl\":\"https:\/\/monti.lt\/wp-content\/uploads\/2024\/11\/traukiniu-trasa.jpg\",\"datePublished\":\"2024-11-10T17:24:30+00:00\",\"dateModified\":\"2025-10-24T10:57:16+00:00\",\"breadcrumb\":{\"@id\":\"https:\/\/monti.lt\/product\/little-dutch-traukiniu-trasa-kaledos\/#breadcrumb\"},\"inLanguage\":\"en-US\",\"potentialAction\":[{\"@type\":\"ReadAction\",\"target\":[\"https:\/\/monti.lt\/product\/little-dutch-traukiniu-trasa-kaledos\/\"]}]},{\"@type\":\"ImageObject\",\"inLanguage\":\"en-US\",\"@id\":\"https:\/\/monti.lt\/product\/little-dutch-traukiniu-trasa-kaledos\/#primaryimage\",\"url\":\"https:\/\/monti.lt\/wp-content\/uploads\/2024\/11\/traukiniu-trasa.jpg\",\"contentUrl\":\"https:\/\/monti.lt\/wp-content\/uploads\/2024\/11\/traukiniu-trasa.jpg\",\"width\":640,\"height\":640,\"caption\":\"little dutch traukiniu trasa\"},{\"@type\":\"BreadcrumbList\",\"@id\":\"https:\/\/monti.lt\/product\/little-dutch-traukiniu-trasa-kaledos\/#breadcrumb\",\"itemListElement\":[{\"@type\":\"ListItem\",\"position\":1,\"name\":\"Home\",\"item\":\"https:\/\/monti.lt\/\"},{\"@type\":\"ListItem\",\"position\":2,\"name\":\"Parduotuv\u0117\",\"item\":\"https:\/\/monti.lt\/shop\/\"},{\"@type\":\"ListItem\",\"position\":3,\"name\":\"Little Dutch traukini\u0173 trasa &#8220;Kal\u0117dos&#8221;\"}]},{\"@type\":\"WebSite\",\"@id\":\"https:\/\/monti.lt\/#website\",\"url\":\"https:\/\/monti.lt\/\",\"name\":\"Montessori \u017eaislai\",\"description\":\"\",\"publisher\":{\"@id\":\"https:\/\/monti.lt\/#organization\"},\"potentialAction\":[{\"@type\":\"SearchAction\",\"target\":{\"@type\":\"EntryPoint\",\"urlTemplate\":\"https:\/\/monti.lt\/?s={search_term_string}\"},\"query-input\":\"required name=search_term_string\"}],\"inLanguage\":\"en-US\"},{\"@type\":\"Organization\",\"@id\":\"https:\/\/monti.lt\/#organization\",\"name\":\"Montessori \u017eaislai\",\"url\":\"https:\/\/monti.lt\/\",\"logo\":{\"@type\":\"ImageObject\",\"inLanguage\":\"en-US\",\"@id\":\"https:\/\/monti.lt\/#\/schema\/logo\/image\/\",\"url\":\"https:\/\/monti.lt\/wp-content\/uploads\/2022\/03\/montilogo-1.png\",\"contentUrl\":\"https:\/\/monti.lt\/wp-content\/uploads\/2022\/03\/montilogo-1.png\",\"width\":512,\"height\":512,\"caption\":\"Montessori \u017eaislai\"},\"image\":{\"@id\":\"https:\/\/monti.lt\/#\/schema\/logo\/image\/\"}}]}<\/script>\n<!-- \/ Yoast SEO plugin. -->","yoast_head_json":{"title":"Little Dutch traukini\u0173 trasa \"Kal\u0117dos\" - Montessori \u017eaislai","robots":{"index":"index","follow":"follow","max-snippet":"max-snippet:-1","max-image-preview":"max-image-preview:large","max-video-preview":"max-video-preview:-1"},"canonical":"https:\/\/monti.lt\/en\/product\/little-dutch-traukiniu-trasa-kaledos\/","og_locale":"en_US","og_type":"article","og_title":"Little Dutch traukini\u0173 trasa \"Kal\u0117dos\" - Montessori \u017eaislai","og_description":"Medin\u0119 traukini\u0173 tras\u0105 sudaro lokomotyvas, trys vagonai ir \u012fvair\u016bs priedai, tokie kaip namelis, dovanos ir elnias. Vaikai nuo 18 m\u0117nesi\u0173 am\u017eiaus gali naudoti \u0161\u012f rinkin\u012f kurdami savo Kal\u0117d\u0173 pasakas ir leisti vaizduotei skleistis. \u0160is gra\u017eus Kal\u0117d\u0173 traukini\u0173 rinkinys \u2013 puiki dovana, kuri\u0105 galima pad\u0117ti po eglute ir kuri garantuotai suteiks daug met\u0173 smagaus \u017eaidimo ir k\u016brybi\u0161kumo.  Med\u017eiaga: FSC sertifikuota mediena Valymas: \u0161luoste su dr\u0117gnu audiniu Am\u017eius: nuo 18 m\u0117nesi\u0173","og_url":"https:\/\/monti.lt\/en\/product\/little-dutch-traukiniu-trasa-kaledos\/","og_site_name":"Montessori \u017eaislai","article_modified_time":"2025-10-24T10:57:16+00:00","og_image":[{"width":640,"height":640,"url":"https:\/\/monti.lt\/wp-content\/uploads\/2024\/11\/traukiniu-trasa.jpg","type":"image\/jpeg"}],"twitter_card":"summary_large_image","twitter_misc":{"Est. reading time":"1 minute"},"schema":{"@context":"https:\/\/schema.org","@graph":[{"@type":"WebPage","@id":"https:\/\/monti.lt\/product\/little-dutch-traukiniu-trasa-kaledos\/","url":"https:\/\/monti.lt\/product\/little-dutch-traukiniu-trasa-kaledos\/","name":"Little Dutch traukini\u0173 trasa \"Kal\u0117dos\" - Montessori \u017eaislai","isPartOf":{"@id":"https:\/\/monti.lt\/#website"},"primaryImageOfPage":{"@id":"https:\/\/monti.lt\/product\/little-dutch-traukiniu-trasa-kaledos\/#primaryimage"},"image":{"@id":"https:\/\/monti.lt\/product\/little-dutch-traukiniu-trasa-kaledos\/#primaryimage"},"thumbnailUrl":"https:\/\/monti.lt\/wp-content\/uploads\/2024\/11\/traukiniu-trasa.jpg","datePublished":"2024-11-10T17:24:30+00:00","dateModified":"2025-10-24T10:57:16+00:00","breadcrumb":{"@id":"https:\/\/monti.lt\/product\/little-dutch-traukiniu-trasa-kaledos\/#breadcrumb"},"inLanguage":"en-US","potentialAction":[{"@type":"ReadAction","target":["https:\/\/monti.lt\/product\/little-dutch-traukiniu-trasa-kaledos\/"]}]},{"@type":"ImageObject","inLanguage":"en-US","@id":"https:\/\/monti.lt\/product\/little-dutch-traukiniu-trasa-kaledos\/#primaryimage","url":"https:\/\/monti.lt\/wp-content\/uploads\/2024\/11\/traukiniu-trasa.jpg","contentUrl":"https:\/\/monti.lt\/wp-content\/uploads\/2024\/11\/traukiniu-trasa.jpg","width":640,"height":640,"caption":"little dutch traukiniu trasa"},{"@type":"BreadcrumbList","@id":"https:\/\/monti.lt\/product\/little-dutch-traukiniu-trasa-kaledos\/#breadcrumb","itemListElement":[{"@type":"ListItem","position":1,"name":"Home","item":"https:\/\/monti.lt\/"},{"@type":"ListItem","position":2,"name":"Parduotuv\u0117","item":"https:\/\/monti.lt\/shop\/"},{"@type":"ListItem","position":3,"name":"Little Dutch traukini\u0173 trasa &#8220;Kal\u0117dos&#8221;"}]},{"@type":"WebSite","@id":"https:\/\/monti.lt\/#website","url":"https:\/\/monti.lt\/","name":"Montessori \u017eaislai","description":"","publisher":{"@id":"https:\/\/monti.lt\/#organization"},"potentialAction":[{"@type":"SearchAction","target":{"@type":"EntryPoint","urlTemplate":"https:\/\/monti.lt\/?s={search_term_string}"},"query-input":"required name=search_term_string"}],"inLanguage":"en-US"},{"@type":"Organization","@id":"https:\/\/monti.lt\/#organization","name":"Montessori \u017eaislai","url":"https:\/\/monti.lt\/","logo":{"@type":"ImageObject","inLanguage":"en-US","@id":"https:\/\/monti.lt\/#\/schema\/logo\/image\/","url":"https:\/\/monti.lt\/wp-content\/uploads\/2022\/03\/montilogo-1.png","contentUrl":"https:\/\/monti.lt\/wp-content\/uploads\/2022\/03\/montilogo-1.png","width":512,"height":512,"caption":"Montessori \u017eaislai"},"image":{"@id":"https:\/\/monti.lt\/#\/schema\/logo\/image\/"}}]}},"_links":{"self":[{"href":"https:\/\/monti.lt\/en\/wp-json\/wp\/v2\/product\/27050"}],"collection":[{"href":"https:\/\/monti.lt\/en\/wp-json\/wp\/v2\/product"}],"about":[{"href":"https:\/\/monti.lt\/en\/wp-json\/wp\/v2\/types\/product"}],"version-history":[{"count":2,"href":"https:\/\/monti.lt\/en\/wp-json\/wp\/v2\/product\/27050\/revisions"}],"predecessor-version":[{"id":27054,"href":"https:\/\/monti.lt\/en\/wp-json\/wp\/v2\/product\/27050\/revisions\/27054"}],"wp:featuredmedia":[{"embeddable":true,"href":"https:\/\/monti.lt\/en\/wp-json\/wp\/v2\/media\/27051"}],"wp:attachment":[{"href":"https:\/\/monti.lt\/en\/wp-json\/wp\/v2\/media?parent=27050"}],"wp:term":[{"taxonomy":"product_cat","embeddable":true,"href":"https:\/\/monti.lt\/en\/wp-json\/wp\/v2\/product_cat?post=27050"},{"taxonomy":"product_tag","embeddable":true,"href":"https:\/\/monti.lt\/en\/wp-json\/wp\/v2\/product_tag?post=27050"}],"curies":[{"name":"wp","href":"https:\/\/api.w.org\/{rel}","templated":true}]}}