{"id":27055,"date":"2024-11-10T17:30:07","date_gmt":"2024-11-10T17:30:07","guid":{"rendered":"https:\/\/monti.lt\/?post_type=product&#038;p=27055"},"modified":"2025-11-25T15:33:45","modified_gmt":"2025-11-25T15:33:45","slug":"little-dutch-kurybine-dezute-xl-misko-draugai","status":"publish","type":"product","link":"https:\/\/monti.lt\/en\/product\/little-dutch-kurybine-dezute-xl-misko-draugai\/","title":{"rendered":"\u201eLittle Dutch\u201c k\u016brybin\u0117 d\u0117\u017eut\u0117 XL \u201eMi\u0161ko draugai\u201c"},"content":{"rendered":"","protected":false},"excerpt":{"rendered":"<p>Tai puikus rinkinys, kuris skatina vaik\u0173 k\u016brybi\u0161kum\u0105 ir lavina j\u0173 \u012fg\u016bd\u017eius. \u0160i didel\u0117 k\u016brybin\u0117 d\u0117\u017eut\u0117 apima \u012fvairius daiktus, tokius kaip spalvinimo puslapiai, lipdukai, \u017eaislai ir kiti k\u016brybiniai elementai, kuriuos vaikai gali naudoti kurdami savo mi\u0161ko draug\u0173 pasaul\u012f. Tai puikus pasirinkimas tiems, kurie nori praleisti laik\u0105 k\u016brybi\u0161kai ir smagiai!<\/p>\n<p>&nbsp;<\/p>\n<p><strong>Matmenys:<\/strong> 24 x 24 x 6 cm<\/p>","protected":false},"featured_media":27056,"template":"","meta":{"_acf_changed":false,"iawp_total_views":458},"product_cat":[194,195,216,197,196,191,241,192,87,244,89,50],"product_tag":[96,97,98],"class_list":{"0":"post-27055","1":"product","2":"type-product","3":"status-publish","4":"has-post-thumbnail","6":"product_cat-dovanos-vaikams-2-3-metu","7":"product_cat-dovanos-vaikams-3-4-metu","8":"product_cat-dovanos-4-5-metu-vaikams","9":"product_cat-dovanos-berniukams","10":"product_cat-dovanos-mergaitems","11":"product_cat-dovanos-vaikams","12":"product_cat-dovanu-rinkiniai","13":"product_cat-kaledines-dovanos-vaikams","14":"product_cat-kurybiniai-rinkiniai","15":"product_cat-little-dutch","16":"product_cat-mokausi-piesti","17":"product_cat-top-dovanos","18":"product_tag-2-m-3-m","19":"product_tag-3-m-4-m","20":"product_tag-5-m-7-m","22":"first","23":"outofstock","24":"sale","25":"taxable","26":"shipping-taxable","27":"purchasable","28":"product-type-simple"},"acf":[],"yoast_head":"<!-- This site is optimized with the Yoast SEO plugin v23.3 - https:\/\/yoast.com\/wordpress\/plugins\/seo\/ -->\n<title>\u201eLittle Dutch\u201c k\u016brybin\u0117 d\u0117\u017eut\u0117 XL \u201eMi\u0161ko draugai\u201c - Montessori \u017eaislai<\/title>\n<meta name=\"robots\" content=\"index, follow, max-snippet:-1, max-image-preview:large, max-video-preview:-1\" \/>\n<link rel=\"canonical\" href=\"https:\/\/monti.lt\/en\/product\/little-dutch-kurybine-dezute-xl-misko-draugai\/\" \/>\n<meta property=\"og:locale\" content=\"en_US\" \/>\n<meta property=\"og:type\" content=\"article\" \/>\n<meta property=\"og:title\" content=\"\u201eLittle Dutch\u201c k\u016brybin\u0117 d\u0117\u017eut\u0117 XL \u201eMi\u0161ko draugai\u201c - Montessori \u017eaislai\" \/>\n<meta property=\"og:description\" content=\"Tai puikus rinkinys, kuris skatina vaik\u0173 k\u016brybi\u0161kum\u0105 ir lavina j\u0173 \u012fg\u016bd\u017eius. \u0160i didel\u0117 k\u016brybin\u0117 d\u0117\u017eut\u0117 apima \u012fvairius daiktus, tokius kaip spalvinimo puslapiai, lipdukai, \u017eaislai ir kiti k\u016brybiniai elementai, kuriuos vaikai gali naudoti kurdami savo mi\u0161ko draug\u0173 pasaul\u012f. Tai puikus pasirinkimas tiems, kurie nori praleisti laik\u0105 k\u016brybi\u0161kai ir smagiai!  &nbsp;  Matmenys: 24 x 24 x 6 cm\" \/>\n<meta property=\"og:url\" content=\"https:\/\/monti.lt\/en\/product\/little-dutch-kurybine-dezute-xl-misko-draugai\/\" \/>\n<meta property=\"og:site_name\" content=\"Montessori \u017eaislai\" \/>\n<meta property=\"article:modified_time\" content=\"2025-11-25T15:33:45+00:00\" \/>\n<meta property=\"og:image\" content=\"https:\/\/monti.lt\/wp-content\/uploads\/2024\/11\/Creative-box.jpg\" \/>\n\t<meta property=\"og:image:width\" content=\"886\" \/>\n\t<meta property=\"og:image:height\" content=\"913\" \/>\n\t<meta property=\"og:image:type\" content=\"image\/jpeg\" \/>\n<meta name=\"twitter:card\" content=\"summary_large_image\" \/>\n<meta name=\"twitter:label1\" content=\"Est. reading time\" \/>\n\t<meta name=\"twitter:data1\" content=\"1 minute\" \/>\n<script type=\"application\/ld+json\" class=\"yoast-schema-graph\">{\"@context\":\"https:\/\/schema.org\",\"@graph\":[{\"@type\":\"WebPage\",\"@id\":\"https:\/\/monti.lt\/product\/little-dutch-kurybine-dezute-xl-misko-draugai\/\",\"url\":\"https:\/\/monti.lt\/product\/little-dutch-kurybine-dezute-xl-misko-draugai\/\",\"name\":\"\u201eLittle Dutch\u201c k\u016brybin\u0117 d\u0117\u017eut\u0117 XL \u201eMi\u0161ko draugai\u201c - Montessori \u017eaislai\",\"isPartOf\":{\"@id\":\"https:\/\/monti.lt\/#website\"},\"primaryImageOfPage\":{\"@id\":\"https:\/\/monti.lt\/product\/little-dutch-kurybine-dezute-xl-misko-draugai\/#primaryimage\"},\"image\":{\"@id\":\"https:\/\/monti.lt\/product\/little-dutch-kurybine-dezute-xl-misko-draugai\/#primaryimage\"},\"thumbnailUrl\":\"https:\/\/monti.lt\/wp-content\/uploads\/2024\/11\/Creative-box.jpg\",\"datePublished\":\"2024-11-10T17:30:07+00:00\",\"dateModified\":\"2025-11-25T15:33:45+00:00\",\"breadcrumb\":{\"@id\":\"https:\/\/monti.lt\/product\/little-dutch-kurybine-dezute-xl-misko-draugai\/#breadcrumb\"},\"inLanguage\":\"en-US\",\"potentialAction\":[{\"@type\":\"ReadAction\",\"target\":[\"https:\/\/monti.lt\/product\/little-dutch-kurybine-dezute-xl-misko-draugai\/\"]}]},{\"@type\":\"ImageObject\",\"inLanguage\":\"en-US\",\"@id\":\"https:\/\/monti.lt\/product\/little-dutch-kurybine-dezute-xl-misko-draugai\/#primaryimage\",\"url\":\"https:\/\/monti.lt\/wp-content\/uploads\/2024\/11\/Creative-box.jpg\",\"contentUrl\":\"https:\/\/monti.lt\/wp-content\/uploads\/2024\/11\/Creative-box.jpg\",\"width\":886,\"height\":913,\"caption\":\"\u201eLittle Dutch\u201c k\u016brybin\u0117 d\u0117\u017eut\u0117 XL \u201eMi\u0161ko draugai\u201c\"},{\"@type\":\"BreadcrumbList\",\"@id\":\"https:\/\/monti.lt\/product\/little-dutch-kurybine-dezute-xl-misko-draugai\/#breadcrumb\",\"itemListElement\":[{\"@type\":\"ListItem\",\"position\":1,\"name\":\"Home\",\"item\":\"https:\/\/monti.lt\/\"},{\"@type\":\"ListItem\",\"position\":2,\"name\":\"Parduotuv\u0117\",\"item\":\"https:\/\/monti.lt\/shop\/\"},{\"@type\":\"ListItem\",\"position\":3,\"name\":\"\u201eLittle Dutch\u201c k\u016brybin\u0117 d\u0117\u017eut\u0117 XL \u201eMi\u0161ko draugai\u201c\"}]},{\"@type\":\"WebSite\",\"@id\":\"https:\/\/monti.lt\/#website\",\"url\":\"https:\/\/monti.lt\/\",\"name\":\"Montessori \u017eaislai\",\"description\":\"\",\"publisher\":{\"@id\":\"https:\/\/monti.lt\/#organization\"},\"potentialAction\":[{\"@type\":\"SearchAction\",\"target\":{\"@type\":\"EntryPoint\",\"urlTemplate\":\"https:\/\/monti.lt\/?s={search_term_string}\"},\"query-input\":\"required name=search_term_string\"}],\"inLanguage\":\"en-US\"},{\"@type\":\"Organization\",\"@id\":\"https:\/\/monti.lt\/#organization\",\"name\":\"Montessori \u017eaislai\",\"url\":\"https:\/\/monti.lt\/\",\"logo\":{\"@type\":\"ImageObject\",\"inLanguage\":\"en-US\",\"@id\":\"https:\/\/monti.lt\/#\/schema\/logo\/image\/\",\"url\":\"https:\/\/monti.lt\/wp-content\/uploads\/2022\/03\/montilogo-1.png\",\"contentUrl\":\"https:\/\/monti.lt\/wp-content\/uploads\/2022\/03\/montilogo-1.png\",\"width\":512,\"height\":512,\"caption\":\"Montessori \u017eaislai\"},\"image\":{\"@id\":\"https:\/\/monti.lt\/#\/schema\/logo\/image\/\"}}]}<\/script>\n<!-- \/ Yoast SEO plugin. -->","yoast_head_json":{"title":"\u201eLittle Dutch\u201c k\u016brybin\u0117 d\u0117\u017eut\u0117 XL \u201eMi\u0161ko draugai\u201c - Montessori \u017eaislai","robots":{"index":"index","follow":"follow","max-snippet":"max-snippet:-1","max-image-preview":"max-image-preview:large","max-video-preview":"max-video-preview:-1"},"canonical":"https:\/\/monti.lt\/en\/product\/little-dutch-kurybine-dezute-xl-misko-draugai\/","og_locale":"en_US","og_type":"article","og_title":"\u201eLittle Dutch\u201c k\u016brybin\u0117 d\u0117\u017eut\u0117 XL \u201eMi\u0161ko draugai\u201c - Montessori \u017eaislai","og_description":"Tai puikus rinkinys, kuris skatina vaik\u0173 k\u016brybi\u0161kum\u0105 ir lavina j\u0173 \u012fg\u016bd\u017eius. \u0160i didel\u0117 k\u016brybin\u0117 d\u0117\u017eut\u0117 apima \u012fvairius daiktus, tokius kaip spalvinimo puslapiai, lipdukai, \u017eaislai ir kiti k\u016brybiniai elementai, kuriuos vaikai gali naudoti kurdami savo mi\u0161ko draug\u0173 pasaul\u012f. Tai puikus pasirinkimas tiems, kurie nori praleisti laik\u0105 k\u016brybi\u0161kai ir smagiai!  &nbsp;  Matmenys: 24 x 24 x 6 cm","og_url":"https:\/\/monti.lt\/en\/product\/little-dutch-kurybine-dezute-xl-misko-draugai\/","og_site_name":"Montessori \u017eaislai","article_modified_time":"2025-11-25T15:33:45+00:00","og_image":[{"width":886,"height":913,"url":"https:\/\/monti.lt\/wp-content\/uploads\/2024\/11\/Creative-box.jpg","type":"image\/jpeg"}],"twitter_card":"summary_large_image","twitter_misc":{"Est. reading time":"1 minute"},"schema":{"@context":"https:\/\/schema.org","@graph":[{"@type":"WebPage","@id":"https:\/\/monti.lt\/product\/little-dutch-kurybine-dezute-xl-misko-draugai\/","url":"https:\/\/monti.lt\/product\/little-dutch-kurybine-dezute-xl-misko-draugai\/","name":"\u201eLittle Dutch\u201c k\u016brybin\u0117 d\u0117\u017eut\u0117 XL \u201eMi\u0161ko draugai\u201c - Montessori \u017eaislai","isPartOf":{"@id":"https:\/\/monti.lt\/#website"},"primaryImageOfPage":{"@id":"https:\/\/monti.lt\/product\/little-dutch-kurybine-dezute-xl-misko-draugai\/#primaryimage"},"image":{"@id":"https:\/\/monti.lt\/product\/little-dutch-kurybine-dezute-xl-misko-draugai\/#primaryimage"},"thumbnailUrl":"https:\/\/monti.lt\/wp-content\/uploads\/2024\/11\/Creative-box.jpg","datePublished":"2024-11-10T17:30:07+00:00","dateModified":"2025-11-25T15:33:45+00:00","breadcrumb":{"@id":"https:\/\/monti.lt\/product\/little-dutch-kurybine-dezute-xl-misko-draugai\/#breadcrumb"},"inLanguage":"en-US","potentialAction":[{"@type":"ReadAction","target":["https:\/\/monti.lt\/product\/little-dutch-kurybine-dezute-xl-misko-draugai\/"]}]},{"@type":"ImageObject","inLanguage":"en-US","@id":"https:\/\/monti.lt\/product\/little-dutch-kurybine-dezute-xl-misko-draugai\/#primaryimage","url":"https:\/\/monti.lt\/wp-content\/uploads\/2024\/11\/Creative-box.jpg","contentUrl":"https:\/\/monti.lt\/wp-content\/uploads\/2024\/11\/Creative-box.jpg","width":886,"height":913,"caption":"\u201eLittle Dutch\u201c k\u016brybin\u0117 d\u0117\u017eut\u0117 XL \u201eMi\u0161ko draugai\u201c"},{"@type":"BreadcrumbList","@id":"https:\/\/monti.lt\/product\/little-dutch-kurybine-dezute-xl-misko-draugai\/#breadcrumb","itemListElement":[{"@type":"ListItem","position":1,"name":"Home","item":"https:\/\/monti.lt\/"},{"@type":"ListItem","position":2,"name":"Parduotuv\u0117","item":"https:\/\/monti.lt\/shop\/"},{"@type":"ListItem","position":3,"name":"\u201eLittle Dutch\u201c k\u016brybin\u0117 d\u0117\u017eut\u0117 XL \u201eMi\u0161ko draugai\u201c"}]},{"@type":"WebSite","@id":"https:\/\/monti.lt\/#website","url":"https:\/\/monti.lt\/","name":"Montessori \u017eaislai","description":"","publisher":{"@id":"https:\/\/monti.lt\/#organization"},"potentialAction":[{"@type":"SearchAction","target":{"@type":"EntryPoint","urlTemplate":"https:\/\/monti.lt\/?s={search_term_string}"},"query-input":"required name=search_term_string"}],"inLanguage":"en-US"},{"@type":"Organization","@id":"https:\/\/monti.lt\/#organization","name":"Montessori \u017eaislai","url":"https:\/\/monti.lt\/","logo":{"@type":"ImageObject","inLanguage":"en-US","@id":"https:\/\/monti.lt\/#\/schema\/logo\/image\/","url":"https:\/\/monti.lt\/wp-content\/uploads\/2022\/03\/montilogo-1.png","contentUrl":"https:\/\/monti.lt\/wp-content\/uploads\/2022\/03\/montilogo-1.png","width":512,"height":512,"caption":"Montessori \u017eaislai"},"image":{"@id":"https:\/\/monti.lt\/#\/schema\/logo\/image\/"}}]}},"_links":{"self":[{"href":"https:\/\/monti.lt\/en\/wp-json\/wp\/v2\/product\/27055"}],"collection":[{"href":"https:\/\/monti.lt\/en\/wp-json\/wp\/v2\/product"}],"about":[{"href":"https:\/\/monti.lt\/en\/wp-json\/wp\/v2\/types\/product"}],"version-history":[{"count":2,"href":"https:\/\/monti.lt\/en\/wp-json\/wp\/v2\/product\/27055\/revisions"}],"predecessor-version":[{"id":27058,"href":"https:\/\/monti.lt\/en\/wp-json\/wp\/v2\/product\/27055\/revisions\/27058"}],"wp:featuredmedia":[{"embeddable":true,"href":"https:\/\/monti.lt\/en\/wp-json\/wp\/v2\/media\/27056"}],"wp:attachment":[{"href":"https:\/\/monti.lt\/en\/wp-json\/wp\/v2\/media?parent=27055"}],"wp:term":[{"taxonomy":"product_cat","embeddable":true,"href":"https:\/\/monti.lt\/en\/wp-json\/wp\/v2\/product_cat?post=27055"},{"taxonomy":"product_tag","embeddable":true,"href":"https:\/\/monti.lt\/en\/wp-json\/wp\/v2\/product_tag?post=27055"}],"curies":[{"name":"wp","href":"https:\/\/api.w.org\/{rel}","templated":true}]}}