{"id":27064,"date":"2024-11-10T17:44:00","date_gmt":"2024-11-10T17:44:00","guid":{"rendered":"https:\/\/monti.lt\/?post_type=product&#038;p=27064"},"modified":"2025-11-26T08:00:53","modified_gmt":"2025-11-26T08:00:53","slug":"pusiausvyros-dviratis-yuki-macchiato","status":"publish","type":"product","link":"https:\/\/monti.lt\/en\/product\/pusiausvyros-dviratis-yuki-macchiato\/","title":{"rendered":"Pusiausvyros dviratis \u201eYUKI Macchiato\u201c"},"content":{"rendered":"","protected":false},"excerpt":{"rendered":"<p>Tai puikus pasirinkimas ma\u017eiesiems, norintiems i\u0161mokti pusiausvyros ir koordinacijos. \u0160is dviratis turi lengv\u0105 r\u0117m\u0105 ir ergonomi\u0161k\u0105 dizain\u0105, kuris u\u017etikrina patog\u0173 va\u017eiavim\u0105. Idealus priedas ma\u017eiems vaikams, kurie nori prad\u0117ti mokytis va\u017eiuoti prie\u0161 pereinant prie tikro dvira\u010dio. \u201eYUKI Macchiato\u201c suteikia smagumo ir padeda vaikams \u012fgyti pasitik\u0117jimo savo j\u0117gomis.<\/p>","protected":false},"featured_media":27065,"template":"","meta":{"_acf_changed":false,"iawp_total_views":205},"product_cat":[193,194,191,82,259,192,238,244,50,39],"product_tag":[95,96],"class_list":{"0":"post-27064","1":"product","2":"type-product","3":"status-publish","4":"has-post-thumbnail","6":"product_cat-dovanos-vaikams-1-2-metu","7":"product_cat-dovanos-vaikams-2-3-metu","8":"product_cat-dovanos-vaikams","9":"product_cat-ispardavimas","10":"product_cat-judejimo-priemones","11":"product_cat-kaledines-dovanos-vaikams","12":"product_cat-lauko-zaidimai","13":"product_cat-little-dutch","14":"product_cat-top-dovanos","15":"product_cat-zaislai","16":"product_tag-1-m-2-m","17":"product_tag-2-m-3-m","19":"first","20":"outofstock","21":"sale","22":"taxable","23":"shipping-taxable","24":"purchasable","25":"product-type-simple"},"acf":[],"yoast_head":"<!-- This site is optimized with the Yoast SEO plugin v23.3 - https:\/\/yoast.com\/wordpress\/plugins\/seo\/ -->\n<title>Pusiausvyros dviratis \u201eYUKI Macchiato\u201c - Montessori \u017eaislai<\/title>\n<meta name=\"robots\" content=\"index, follow, max-snippet:-1, max-image-preview:large, max-video-preview:-1\" \/>\n<link rel=\"canonical\" href=\"https:\/\/monti.lt\/en\/product\/pusiausvyros-dviratis-yuki-macchiato\/\" \/>\n<meta property=\"og:locale\" content=\"en_US\" \/>\n<meta property=\"og:type\" content=\"article\" \/>\n<meta property=\"og:title\" content=\"Pusiausvyros dviratis \u201eYUKI Macchiato\u201c - Montessori \u017eaislai\" \/>\n<meta property=\"og:description\" content=\"Tai puikus pasirinkimas ma\u017eiesiems, norintiems i\u0161mokti pusiausvyros ir koordinacijos. \u0160is dviratis turi lengv\u0105 r\u0117m\u0105 ir ergonomi\u0161k\u0105 dizain\u0105, kuris u\u017etikrina patog\u0173 va\u017eiavim\u0105. Idealus priedas ma\u017eiems vaikams, kurie nori prad\u0117ti mokytis va\u017eiuoti prie\u0161 pereinant prie tikro dvira\u010dio. \u201eYUKI Macchiato\u201c suteikia smagumo ir padeda vaikams \u012fgyti pasitik\u0117jimo savo j\u0117gomis.\" \/>\n<meta property=\"og:url\" content=\"https:\/\/monti.lt\/en\/product\/pusiausvyros-dviratis-yuki-macchiato\/\" \/>\n<meta property=\"og:site_name\" content=\"Montessori \u017eaislai\" \/>\n<meta property=\"article:modified_time\" content=\"2025-11-26T08:00:53+00:00\" \/>\n<meta property=\"og:image\" content=\"https:\/\/monti.lt\/wp-content\/uploads\/2024\/11\/balansinis-dviratukas.jpg\" \/>\n\t<meta property=\"og:image:width\" content=\"1200\" \/>\n\t<meta property=\"og:image:height\" content=\"1122\" \/>\n\t<meta property=\"og:image:type\" content=\"image\/jpeg\" \/>\n<meta name=\"twitter:card\" content=\"summary_large_image\" \/>\n<meta name=\"twitter:label1\" content=\"Est. reading time\" \/>\n\t<meta name=\"twitter:data1\" content=\"1 minute\" \/>\n<script type=\"application\/ld+json\" class=\"yoast-schema-graph\">{\"@context\":\"https:\/\/schema.org\",\"@graph\":[{\"@type\":\"WebPage\",\"@id\":\"https:\/\/monti.lt\/product\/pusiausvyros-dviratis-yuki-macchiato\/\",\"url\":\"https:\/\/monti.lt\/product\/pusiausvyros-dviratis-yuki-macchiato\/\",\"name\":\"Pusiausvyros dviratis \u201eYUKI Macchiato\u201c - Montessori \u017eaislai\",\"isPartOf\":{\"@id\":\"https:\/\/monti.lt\/#website\"},\"primaryImageOfPage\":{\"@id\":\"https:\/\/monti.lt\/product\/pusiausvyros-dviratis-yuki-macchiato\/#primaryimage\"},\"image\":{\"@id\":\"https:\/\/monti.lt\/product\/pusiausvyros-dviratis-yuki-macchiato\/#primaryimage\"},\"thumbnailUrl\":\"https:\/\/monti.lt\/wp-content\/uploads\/2024\/11\/balansinis-dviratukas.jpg\",\"datePublished\":\"2024-11-10T17:44:00+00:00\",\"dateModified\":\"2025-11-26T08:00:53+00:00\",\"breadcrumb\":{\"@id\":\"https:\/\/monti.lt\/product\/pusiausvyros-dviratis-yuki-macchiato\/#breadcrumb\"},\"inLanguage\":\"en-US\",\"potentialAction\":[{\"@type\":\"ReadAction\",\"target\":[\"https:\/\/monti.lt\/product\/pusiausvyros-dviratis-yuki-macchiato\/\"]}]},{\"@type\":\"ImageObject\",\"inLanguage\":\"en-US\",\"@id\":\"https:\/\/monti.lt\/product\/pusiausvyros-dviratis-yuki-macchiato\/#primaryimage\",\"url\":\"https:\/\/monti.lt\/wp-content\/uploads\/2024\/11\/balansinis-dviratukas.jpg\",\"contentUrl\":\"https:\/\/monti.lt\/wp-content\/uploads\/2024\/11\/balansinis-dviratukas.jpg\",\"width\":1200,\"height\":1122,\"caption\":\"balansinis dviratukas\"},{\"@type\":\"BreadcrumbList\",\"@id\":\"https:\/\/monti.lt\/product\/pusiausvyros-dviratis-yuki-macchiato\/#breadcrumb\",\"itemListElement\":[{\"@type\":\"ListItem\",\"position\":1,\"name\":\"Home\",\"item\":\"https:\/\/monti.lt\/\"},{\"@type\":\"ListItem\",\"position\":2,\"name\":\"Parduotuv\u0117\",\"item\":\"https:\/\/monti.lt\/shop\/\"},{\"@type\":\"ListItem\",\"position\":3,\"name\":\"Pusiausvyros dviratis \u201eYUKI Macchiato\u201c\"}]},{\"@type\":\"WebSite\",\"@id\":\"https:\/\/monti.lt\/#website\",\"url\":\"https:\/\/monti.lt\/\",\"name\":\"Montessori \u017eaislai\",\"description\":\"\",\"publisher\":{\"@id\":\"https:\/\/monti.lt\/#organization\"},\"potentialAction\":[{\"@type\":\"SearchAction\",\"target\":{\"@type\":\"EntryPoint\",\"urlTemplate\":\"https:\/\/monti.lt\/?s={search_term_string}\"},\"query-input\":\"required name=search_term_string\"}],\"inLanguage\":\"en-US\"},{\"@type\":\"Organization\",\"@id\":\"https:\/\/monti.lt\/#organization\",\"name\":\"Montessori \u017eaislai\",\"url\":\"https:\/\/monti.lt\/\",\"logo\":{\"@type\":\"ImageObject\",\"inLanguage\":\"en-US\",\"@id\":\"https:\/\/monti.lt\/#\/schema\/logo\/image\/\",\"url\":\"https:\/\/monti.lt\/wp-content\/uploads\/2022\/03\/montilogo-1.png\",\"contentUrl\":\"https:\/\/monti.lt\/wp-content\/uploads\/2022\/03\/montilogo-1.png\",\"width\":512,\"height\":512,\"caption\":\"Montessori \u017eaislai\"},\"image\":{\"@id\":\"https:\/\/monti.lt\/#\/schema\/logo\/image\/\"}}]}<\/script>\n<!-- \/ Yoast SEO plugin. -->","yoast_head_json":{"title":"Pusiausvyros dviratis \u201eYUKI Macchiato\u201c - Montessori \u017eaislai","robots":{"index":"index","follow":"follow","max-snippet":"max-snippet:-1","max-image-preview":"max-image-preview:large","max-video-preview":"max-video-preview:-1"},"canonical":"https:\/\/monti.lt\/en\/product\/pusiausvyros-dviratis-yuki-macchiato\/","og_locale":"en_US","og_type":"article","og_title":"Pusiausvyros dviratis \u201eYUKI Macchiato\u201c - Montessori \u017eaislai","og_description":"Tai puikus pasirinkimas ma\u017eiesiems, norintiems i\u0161mokti pusiausvyros ir koordinacijos. \u0160is dviratis turi lengv\u0105 r\u0117m\u0105 ir ergonomi\u0161k\u0105 dizain\u0105, kuris u\u017etikrina patog\u0173 va\u017eiavim\u0105. Idealus priedas ma\u017eiems vaikams, kurie nori prad\u0117ti mokytis va\u017eiuoti prie\u0161 pereinant prie tikro dvira\u010dio. \u201eYUKI Macchiato\u201c suteikia smagumo ir padeda vaikams \u012fgyti pasitik\u0117jimo savo j\u0117gomis.","og_url":"https:\/\/monti.lt\/en\/product\/pusiausvyros-dviratis-yuki-macchiato\/","og_site_name":"Montessori \u017eaislai","article_modified_time":"2025-11-26T08:00:53+00:00","og_image":[{"width":1200,"height":1122,"url":"https:\/\/monti.lt\/wp-content\/uploads\/2024\/11\/balansinis-dviratukas.jpg","type":"image\/jpeg"}],"twitter_card":"summary_large_image","twitter_misc":{"Est. reading time":"1 minute"},"schema":{"@context":"https:\/\/schema.org","@graph":[{"@type":"WebPage","@id":"https:\/\/monti.lt\/product\/pusiausvyros-dviratis-yuki-macchiato\/","url":"https:\/\/monti.lt\/product\/pusiausvyros-dviratis-yuki-macchiato\/","name":"Pusiausvyros dviratis \u201eYUKI Macchiato\u201c - Montessori \u017eaislai","isPartOf":{"@id":"https:\/\/monti.lt\/#website"},"primaryImageOfPage":{"@id":"https:\/\/monti.lt\/product\/pusiausvyros-dviratis-yuki-macchiato\/#primaryimage"},"image":{"@id":"https:\/\/monti.lt\/product\/pusiausvyros-dviratis-yuki-macchiato\/#primaryimage"},"thumbnailUrl":"https:\/\/monti.lt\/wp-content\/uploads\/2024\/11\/balansinis-dviratukas.jpg","datePublished":"2024-11-10T17:44:00+00:00","dateModified":"2025-11-26T08:00:53+00:00","breadcrumb":{"@id":"https:\/\/monti.lt\/product\/pusiausvyros-dviratis-yuki-macchiato\/#breadcrumb"},"inLanguage":"en-US","potentialAction":[{"@type":"ReadAction","target":["https:\/\/monti.lt\/product\/pusiausvyros-dviratis-yuki-macchiato\/"]}]},{"@type":"ImageObject","inLanguage":"en-US","@id":"https:\/\/monti.lt\/product\/pusiausvyros-dviratis-yuki-macchiato\/#primaryimage","url":"https:\/\/monti.lt\/wp-content\/uploads\/2024\/11\/balansinis-dviratukas.jpg","contentUrl":"https:\/\/monti.lt\/wp-content\/uploads\/2024\/11\/balansinis-dviratukas.jpg","width":1200,"height":1122,"caption":"balansinis dviratukas"},{"@type":"BreadcrumbList","@id":"https:\/\/monti.lt\/product\/pusiausvyros-dviratis-yuki-macchiato\/#breadcrumb","itemListElement":[{"@type":"ListItem","position":1,"name":"Home","item":"https:\/\/monti.lt\/"},{"@type":"ListItem","position":2,"name":"Parduotuv\u0117","item":"https:\/\/monti.lt\/shop\/"},{"@type":"ListItem","position":3,"name":"Pusiausvyros dviratis \u201eYUKI Macchiato\u201c"}]},{"@type":"WebSite","@id":"https:\/\/monti.lt\/#website","url":"https:\/\/monti.lt\/","name":"Montessori \u017eaislai","description":"","publisher":{"@id":"https:\/\/monti.lt\/#organization"},"potentialAction":[{"@type":"SearchAction","target":{"@type":"EntryPoint","urlTemplate":"https:\/\/monti.lt\/?s={search_term_string}"},"query-input":"required name=search_term_string"}],"inLanguage":"en-US"},{"@type":"Organization","@id":"https:\/\/monti.lt\/#organization","name":"Montessori \u017eaislai","url":"https:\/\/monti.lt\/","logo":{"@type":"ImageObject","inLanguage":"en-US","@id":"https:\/\/monti.lt\/#\/schema\/logo\/image\/","url":"https:\/\/monti.lt\/wp-content\/uploads\/2022\/03\/montilogo-1.png","contentUrl":"https:\/\/monti.lt\/wp-content\/uploads\/2022\/03\/montilogo-1.png","width":512,"height":512,"caption":"Montessori \u017eaislai"},"image":{"@id":"https:\/\/monti.lt\/#\/schema\/logo\/image\/"}}]}},"_links":{"self":[{"href":"https:\/\/monti.lt\/en\/wp-json\/wp\/v2\/product\/27064"}],"collection":[{"href":"https:\/\/monti.lt\/en\/wp-json\/wp\/v2\/product"}],"about":[{"href":"https:\/\/monti.lt\/en\/wp-json\/wp\/v2\/types\/product"}],"version-history":[{"count":2,"href":"https:\/\/monti.lt\/en\/wp-json\/wp\/v2\/product\/27064\/revisions"}],"predecessor-version":[{"id":27067,"href":"https:\/\/monti.lt\/en\/wp-json\/wp\/v2\/product\/27064\/revisions\/27067"}],"wp:featuredmedia":[{"embeddable":true,"href":"https:\/\/monti.lt\/en\/wp-json\/wp\/v2\/media\/27065"}],"wp:attachment":[{"href":"https:\/\/monti.lt\/en\/wp-json\/wp\/v2\/media?parent=27064"}],"wp:term":[{"taxonomy":"product_cat","embeddable":true,"href":"https:\/\/monti.lt\/en\/wp-json\/wp\/v2\/product_cat?post=27064"},{"taxonomy":"product_tag","embeddable":true,"href":"https:\/\/monti.lt\/en\/wp-json\/wp\/v2\/product_tag?post=27064"}],"curies":[{"name":"wp","href":"https:\/\/api.w.org\/{rel}","templated":true}]}}