{"id":27069,"date":"2024-11-10T17:56:09","date_gmt":"2024-11-10T17:56:09","guid":{"rendered":"https:\/\/monti.lt\/?post_type=product&#038;p=27069"},"modified":"2025-03-19T07:43:12","modified_gmt":"2025-03-19T07:43:12","slug":"little-dutch-kubeliai-geles-ir-drugeliai","status":"publish","type":"product","link":"https:\/\/monti.lt\/en\/product\/little-dutch-kubeliai-geles-ir-drugeliai\/","title":{"rendered":"Little Dutch kubeliai &#8220;G\u0117l\u0117s ir drugeliai&#8221;"},"content":{"rendered":"","protected":false},"excerpt":{"rendered":"<p>Tai k\u016brybi\u0161kas ir ekologi\u0161kas \u017eaidimas vaikams, pagamintas i\u0161 FSC sertifikuoto kartono. \u0160ie kubeliai leid\u017eia vaikams kurti \u012fvairias formas ir kompozicijas, \u012fkv\u0117ptas g\u0117li\u0173 ir drugeli\u0173 motyv\u0173. Tai puikus b\u016bdas lavinti vaizduot\u0119, smulkiosios motorikos \u012fg\u016bd\u017eius ir erdvin\u012f m\u0105stym\u0105, naudojant saugias ir aplinkai draugi\u0161kas med\u017eiagas.<\/p>\n<p>Pagaminti i\u0161 tvirto kartono, tod\u0117l yra labai patvar\u016bs. Ma\u017eiausias kubelis yra 5 cm, o did\u017eiausias \u2013 14 cm.<\/p>\n<p><strong>Med\u017eiaga:<\/strong> tvirtas kartonas<br \/>\n<strong>Am\u017eius:<\/strong> nuo 18 m\u0117nesi\u0173<br \/>\n<strong>Atitiktis:<\/strong> EN-71-1-2-3<\/p>","protected":false},"featured_media":27070,"template":"","meta":{"_acf_changed":false,"iawp_total_views":122},"product_cat":[92,193,194,196,191,84,244,50],"product_tag":[95,96],"class_list":{"0":"post-27069","1":"product","2":"type-product","3":"status-publish","4":"has-post-thumbnail","6":"product_cat-deliones","7":"product_cat-dovanos-vaikams-1-2-metu","8":"product_cat-dovanos-vaikams-2-3-metu","9":"product_cat-dovanos-mergaitems","10":"product_cat-dovanos-vaikams","11":"product_cat-lavinamieji-zaislai","12":"product_cat-little-dutch","13":"product_cat-top-dovanos","14":"product_tag-1-m-2-m","15":"product_tag-2-m-3-m","17":"first","18":"outofstock","19":"taxable","20":"shipping-taxable","21":"purchasable","22":"product-type-simple"},"acf":[],"yoast_head":"<!-- This site is optimized with the Yoast SEO plugin v23.3 - https:\/\/yoast.com\/wordpress\/plugins\/seo\/ -->\n<title>Little Dutch kubeliai &quot;G\u0117l\u0117s ir drugeliai&quot; - Montessori \u017eaislai<\/title>\n<meta name=\"robots\" content=\"index, follow, max-snippet:-1, max-image-preview:large, max-video-preview:-1\" \/>\n<link rel=\"canonical\" href=\"https:\/\/monti.lt\/en\/product\/little-dutch-kubeliai-geles-ir-drugeliai\/\" \/>\n<meta property=\"og:locale\" content=\"en_US\" \/>\n<meta property=\"og:type\" content=\"article\" \/>\n<meta property=\"og:title\" content=\"Little Dutch kubeliai &quot;G\u0117l\u0117s ir drugeliai&quot; - Montessori \u017eaislai\" \/>\n<meta property=\"og:description\" content=\"Tai k\u016brybi\u0161kas ir ekologi\u0161kas \u017eaidimas vaikams, pagamintas i\u0161 FSC sertifikuoto kartono. \u0160ie kubeliai leid\u017eia vaikams kurti \u012fvairias formas ir kompozicijas, \u012fkv\u0117ptas g\u0117li\u0173 ir drugeli\u0173 motyv\u0173. Tai puikus b\u016bdas lavinti vaizduot\u0119, smulkiosios motorikos \u012fg\u016bd\u017eius ir erdvin\u012f m\u0105stym\u0105, naudojant saugias ir aplinkai draugi\u0161kas med\u017eiagas.  Pagaminti i\u0161 tvirto kartono, tod\u0117l yra labai patvar\u016bs. Ma\u017eiausias kubelis yra 5 cm, o did\u017eiausias \u2013 14 cm.  Med\u017eiaga: tvirtas kartonas Am\u017eius: nuo 18 m\u0117nesi\u0173 Atitiktis: EN-71-1-2-3\" \/>\n<meta property=\"og:url\" content=\"https:\/\/monti.lt\/en\/product\/little-dutch-kubeliai-geles-ir-drugeliai\/\" \/>\n<meta property=\"og:site_name\" content=\"Montessori \u017eaislai\" \/>\n<meta property=\"article:modified_time\" content=\"2025-03-19T07:43:12+00:00\" \/>\n<meta property=\"og:image\" content=\"https:\/\/monti.lt\/wp-content\/uploads\/2024\/11\/blokeliai.jpg\" \/>\n\t<meta property=\"og:image:width\" content=\"640\" \/>\n\t<meta property=\"og:image:height\" content=\"640\" \/>\n\t<meta property=\"og:image:type\" content=\"image\/jpeg\" \/>\n<meta name=\"twitter:card\" content=\"summary_large_image\" \/>\n<meta name=\"twitter:label1\" content=\"Est. reading time\" \/>\n\t<meta name=\"twitter:data1\" content=\"1 minute\" \/>\n<script type=\"application\/ld+json\" class=\"yoast-schema-graph\">{\"@context\":\"https:\/\/schema.org\",\"@graph\":[{\"@type\":\"WebPage\",\"@id\":\"https:\/\/monti.lt\/product\/little-dutch-kubeliai-geles-ir-drugeliai\/\",\"url\":\"https:\/\/monti.lt\/product\/little-dutch-kubeliai-geles-ir-drugeliai\/\",\"name\":\"Little Dutch kubeliai \\\"G\u0117l\u0117s ir drugeliai\\\" - Montessori \u017eaislai\",\"isPartOf\":{\"@id\":\"https:\/\/monti.lt\/#website\"},\"primaryImageOfPage\":{\"@id\":\"https:\/\/monti.lt\/product\/little-dutch-kubeliai-geles-ir-drugeliai\/#primaryimage\"},\"image\":{\"@id\":\"https:\/\/monti.lt\/product\/little-dutch-kubeliai-geles-ir-drugeliai\/#primaryimage\"},\"thumbnailUrl\":\"https:\/\/monti.lt\/wp-content\/uploads\/2024\/11\/blokeliai.jpg\",\"datePublished\":\"2024-11-10T17:56:09+00:00\",\"dateModified\":\"2025-03-19T07:43:12+00:00\",\"breadcrumb\":{\"@id\":\"https:\/\/monti.lt\/product\/little-dutch-kubeliai-geles-ir-drugeliai\/#breadcrumb\"},\"inLanguage\":\"en-US\",\"potentialAction\":[{\"@type\":\"ReadAction\",\"target\":[\"https:\/\/monti.lt\/product\/little-dutch-kubeliai-geles-ir-drugeliai\/\"]}]},{\"@type\":\"ImageObject\",\"inLanguage\":\"en-US\",\"@id\":\"https:\/\/monti.lt\/product\/little-dutch-kubeliai-geles-ir-drugeliai\/#primaryimage\",\"url\":\"https:\/\/monti.lt\/wp-content\/uploads\/2024\/11\/blokeliai.jpg\",\"contentUrl\":\"https:\/\/monti.lt\/wp-content\/uploads\/2024\/11\/blokeliai.jpg\",\"width\":640,\"height\":640,\"caption\":\"little dutch kubeliai\"},{\"@type\":\"BreadcrumbList\",\"@id\":\"https:\/\/monti.lt\/product\/little-dutch-kubeliai-geles-ir-drugeliai\/#breadcrumb\",\"itemListElement\":[{\"@type\":\"ListItem\",\"position\":1,\"name\":\"Home\",\"item\":\"https:\/\/monti.lt\/\"},{\"@type\":\"ListItem\",\"position\":2,\"name\":\"Parduotuv\u0117\",\"item\":\"https:\/\/monti.lt\/shop\/\"},{\"@type\":\"ListItem\",\"position\":3,\"name\":\"Little Dutch kubeliai &#8220;G\u0117l\u0117s ir drugeliai&#8221;\"}]},{\"@type\":\"WebSite\",\"@id\":\"https:\/\/monti.lt\/#website\",\"url\":\"https:\/\/monti.lt\/\",\"name\":\"Montessori \u017eaislai\",\"description\":\"\",\"publisher\":{\"@id\":\"https:\/\/monti.lt\/#organization\"},\"potentialAction\":[{\"@type\":\"SearchAction\",\"target\":{\"@type\":\"EntryPoint\",\"urlTemplate\":\"https:\/\/monti.lt\/?s={search_term_string}\"},\"query-input\":\"required name=search_term_string\"}],\"inLanguage\":\"en-US\"},{\"@type\":\"Organization\",\"@id\":\"https:\/\/monti.lt\/#organization\",\"name\":\"Montessori \u017eaislai\",\"url\":\"https:\/\/monti.lt\/\",\"logo\":{\"@type\":\"ImageObject\",\"inLanguage\":\"en-US\",\"@id\":\"https:\/\/monti.lt\/#\/schema\/logo\/image\/\",\"url\":\"https:\/\/monti.lt\/wp-content\/uploads\/2022\/03\/montilogo-1.png\",\"contentUrl\":\"https:\/\/monti.lt\/wp-content\/uploads\/2022\/03\/montilogo-1.png\",\"width\":512,\"height\":512,\"caption\":\"Montessori \u017eaislai\"},\"image\":{\"@id\":\"https:\/\/monti.lt\/#\/schema\/logo\/image\/\"}}]}<\/script>\n<!-- \/ Yoast SEO plugin. -->","yoast_head_json":{"title":"Little Dutch kubeliai \"G\u0117l\u0117s ir drugeliai\" - Montessori \u017eaislai","robots":{"index":"index","follow":"follow","max-snippet":"max-snippet:-1","max-image-preview":"max-image-preview:large","max-video-preview":"max-video-preview:-1"},"canonical":"https:\/\/monti.lt\/en\/product\/little-dutch-kubeliai-geles-ir-drugeliai\/","og_locale":"en_US","og_type":"article","og_title":"Little Dutch kubeliai \"G\u0117l\u0117s ir drugeliai\" - Montessori \u017eaislai","og_description":"Tai k\u016brybi\u0161kas ir ekologi\u0161kas \u017eaidimas vaikams, pagamintas i\u0161 FSC sertifikuoto kartono. \u0160ie kubeliai leid\u017eia vaikams kurti \u012fvairias formas ir kompozicijas, \u012fkv\u0117ptas g\u0117li\u0173 ir drugeli\u0173 motyv\u0173. Tai puikus b\u016bdas lavinti vaizduot\u0119, smulkiosios motorikos \u012fg\u016bd\u017eius ir erdvin\u012f m\u0105stym\u0105, naudojant saugias ir aplinkai draugi\u0161kas med\u017eiagas.  Pagaminti i\u0161 tvirto kartono, tod\u0117l yra labai patvar\u016bs. Ma\u017eiausias kubelis yra 5 cm, o did\u017eiausias \u2013 14 cm.  Med\u017eiaga: tvirtas kartonas Am\u017eius: nuo 18 m\u0117nesi\u0173 Atitiktis: EN-71-1-2-3","og_url":"https:\/\/monti.lt\/en\/product\/little-dutch-kubeliai-geles-ir-drugeliai\/","og_site_name":"Montessori \u017eaislai","article_modified_time":"2025-03-19T07:43:12+00:00","og_image":[{"width":640,"height":640,"url":"https:\/\/monti.lt\/wp-content\/uploads\/2024\/11\/blokeliai.jpg","type":"image\/jpeg"}],"twitter_card":"summary_large_image","twitter_misc":{"Est. reading time":"1 minute"},"schema":{"@context":"https:\/\/schema.org","@graph":[{"@type":"WebPage","@id":"https:\/\/monti.lt\/product\/little-dutch-kubeliai-geles-ir-drugeliai\/","url":"https:\/\/monti.lt\/product\/little-dutch-kubeliai-geles-ir-drugeliai\/","name":"Little Dutch kubeliai \"G\u0117l\u0117s ir drugeliai\" - Montessori \u017eaislai","isPartOf":{"@id":"https:\/\/monti.lt\/#website"},"primaryImageOfPage":{"@id":"https:\/\/monti.lt\/product\/little-dutch-kubeliai-geles-ir-drugeliai\/#primaryimage"},"image":{"@id":"https:\/\/monti.lt\/product\/little-dutch-kubeliai-geles-ir-drugeliai\/#primaryimage"},"thumbnailUrl":"https:\/\/monti.lt\/wp-content\/uploads\/2024\/11\/blokeliai.jpg","datePublished":"2024-11-10T17:56:09+00:00","dateModified":"2025-03-19T07:43:12+00:00","breadcrumb":{"@id":"https:\/\/monti.lt\/product\/little-dutch-kubeliai-geles-ir-drugeliai\/#breadcrumb"},"inLanguage":"en-US","potentialAction":[{"@type":"ReadAction","target":["https:\/\/monti.lt\/product\/little-dutch-kubeliai-geles-ir-drugeliai\/"]}]},{"@type":"ImageObject","inLanguage":"en-US","@id":"https:\/\/monti.lt\/product\/little-dutch-kubeliai-geles-ir-drugeliai\/#primaryimage","url":"https:\/\/monti.lt\/wp-content\/uploads\/2024\/11\/blokeliai.jpg","contentUrl":"https:\/\/monti.lt\/wp-content\/uploads\/2024\/11\/blokeliai.jpg","width":640,"height":640,"caption":"little dutch kubeliai"},{"@type":"BreadcrumbList","@id":"https:\/\/monti.lt\/product\/little-dutch-kubeliai-geles-ir-drugeliai\/#breadcrumb","itemListElement":[{"@type":"ListItem","position":1,"name":"Home","item":"https:\/\/monti.lt\/"},{"@type":"ListItem","position":2,"name":"Parduotuv\u0117","item":"https:\/\/monti.lt\/shop\/"},{"@type":"ListItem","position":3,"name":"Little Dutch kubeliai &#8220;G\u0117l\u0117s ir drugeliai&#8221;"}]},{"@type":"WebSite","@id":"https:\/\/monti.lt\/#website","url":"https:\/\/monti.lt\/","name":"Montessori \u017eaislai","description":"","publisher":{"@id":"https:\/\/monti.lt\/#organization"},"potentialAction":[{"@type":"SearchAction","target":{"@type":"EntryPoint","urlTemplate":"https:\/\/monti.lt\/?s={search_term_string}"},"query-input":"required name=search_term_string"}],"inLanguage":"en-US"},{"@type":"Organization","@id":"https:\/\/monti.lt\/#organization","name":"Montessori \u017eaislai","url":"https:\/\/monti.lt\/","logo":{"@type":"ImageObject","inLanguage":"en-US","@id":"https:\/\/monti.lt\/#\/schema\/logo\/image\/","url":"https:\/\/monti.lt\/wp-content\/uploads\/2022\/03\/montilogo-1.png","contentUrl":"https:\/\/monti.lt\/wp-content\/uploads\/2022\/03\/montilogo-1.png","width":512,"height":512,"caption":"Montessori \u017eaislai"},"image":{"@id":"https:\/\/monti.lt\/#\/schema\/logo\/image\/"}}]}},"_links":{"self":[{"href":"https:\/\/monti.lt\/en\/wp-json\/wp\/v2\/product\/27069"}],"collection":[{"href":"https:\/\/monti.lt\/en\/wp-json\/wp\/v2\/product"}],"about":[{"href":"https:\/\/monti.lt\/en\/wp-json\/wp\/v2\/types\/product"}],"version-history":[{"count":2,"href":"https:\/\/monti.lt\/en\/wp-json\/wp\/v2\/product\/27069\/revisions"}],"predecessor-version":[{"id":27072,"href":"https:\/\/monti.lt\/en\/wp-json\/wp\/v2\/product\/27069\/revisions\/27072"}],"wp:featuredmedia":[{"embeddable":true,"href":"https:\/\/monti.lt\/en\/wp-json\/wp\/v2\/media\/27070"}],"wp:attachment":[{"href":"https:\/\/monti.lt\/en\/wp-json\/wp\/v2\/media?parent=27069"}],"wp:term":[{"taxonomy":"product_cat","embeddable":true,"href":"https:\/\/monti.lt\/en\/wp-json\/wp\/v2\/product_cat?post=27069"},{"taxonomy":"product_tag","embeddable":true,"href":"https:\/\/monti.lt\/en\/wp-json\/wp\/v2\/product_tag?post=27069"}],"curies":[{"name":"wp","href":"https:\/\/api.w.org\/{rel}","templated":true}]}}