{"id":27073,"date":"2024-11-10T18:02:51","date_gmt":"2024-11-10T18:02:51","guid":{"rendered":"https:\/\/monti.lt\/?post_type=product&#038;p=27073"},"modified":"2026-03-20T08:56:09","modified_gmt":"2026-03-20T08:56:09","slug":"little-dutch-kubeliai-mazoji-ferma","status":"publish","type":"product","link":"https:\/\/monti.lt\/en\/product\/little-dutch-kubeliai-mazoji-ferma\/","title":{"rendered":"Little Dutch kubeliai &#8220;Ma\u017eoji ferma&#8221;"},"content":{"rendered":"","protected":false},"excerpt":{"rendered":"<p>Tai k\u016brybi\u0161kas rinkinys, leid\u017eiantis vaikams kurti \u012fvairius \u016bkio elementus, naudojant ekologi\u0161kus, FSC sertifikuotus kubelius. Pagaminta i\u0161 tvirto kartono, \u0161ie kubeliai suteikia galimyb\u0119 lavinti vaizduot\u0119, smulkiosios motorikos \u012fg\u016bd\u017eius ir erdvin\u012f m\u0105stym\u0105. Kubeliai yra tvirti ir saug\u016bs vaikams.<\/p>\n<p><strong>Med\u017eiaga:<\/strong> tvirtas kartonas, FSC sertifikatas<br \/>\n<strong>Am\u017eius:<\/strong> nuo 18 m\u0117nesi\u0173<\/p>","protected":false},"featured_media":27074,"template":"","meta":{"_acf_changed":false,"iawp_total_views":263},"product_cat":[92,208,193,194,195,197,191,84,244,91],"product_tag":[95,96,97],"class_list":{"0":"post-27073","1":"product","2":"type-product","3":"status-publish","4":"has-post-thumbnail","6":"product_cat-deliones","7":"product_cat-deliones-2","8":"product_cat-dovanos-vaikams-1-2-metu","9":"product_cat-dovanos-vaikams-2-3-metu","10":"product_cat-dovanos-vaikams-3-4-metu","11":"product_cat-dovanos-berniukams","12":"product_cat-dovanos-vaikams","13":"product_cat-lavinamieji-zaislai","14":"product_cat-little-dutch","15":"product_cat-loginiam-mastymui","16":"product_tag-1-m-2-m","17":"product_tag-2-m-3-m","18":"product_tag-3-m-4-m","20":"first","21":"instock","22":"sale","23":"taxable","24":"shipping-taxable","25":"purchasable","26":"product-type-simple"},"acf":[],"yoast_head":"<!-- This site is optimized with the Yoast SEO plugin v23.3 - https:\/\/yoast.com\/wordpress\/plugins\/seo\/ -->\n<title>Little Dutch kubeliai &quot;Ma\u017eoji ferma&quot; - Montessori \u017eaislai<\/title>\n<meta name=\"robots\" content=\"index, follow, max-snippet:-1, max-image-preview:large, max-video-preview:-1\" \/>\n<link rel=\"canonical\" href=\"https:\/\/monti.lt\/en\/product\/little-dutch-kubeliai-mazoji-ferma\/\" \/>\n<meta property=\"og:locale\" content=\"en_US\" \/>\n<meta property=\"og:type\" content=\"article\" \/>\n<meta property=\"og:title\" content=\"Little Dutch kubeliai &quot;Ma\u017eoji ferma&quot; - Montessori \u017eaislai\" \/>\n<meta property=\"og:description\" content=\"Tai k\u016brybi\u0161kas rinkinys, leid\u017eiantis vaikams kurti \u012fvairius \u016bkio elementus, naudojant ekologi\u0161kus, FSC sertifikuotus kubelius. Pagaminta i\u0161 tvirto kartono, \u0161ie kubeliai suteikia galimyb\u0119 lavinti vaizduot\u0119, smulkiosios motorikos \u012fg\u016bd\u017eius ir erdvin\u012f m\u0105stym\u0105. Kubeliai yra tvirti ir saug\u016bs vaikams.  Med\u017eiaga: tvirtas kartonas, FSC sertifikatas Am\u017eius: nuo 18 m\u0117nesi\u0173\" \/>\n<meta property=\"og:url\" content=\"https:\/\/monti.lt\/en\/product\/little-dutch-kubeliai-mazoji-ferma\/\" \/>\n<meta property=\"og:site_name\" content=\"Montessori \u017eaislai\" \/>\n<meta property=\"article:modified_time\" content=\"2026-03-20T08:56:09+00:00\" \/>\n<meta property=\"og:image\" content=\"https:\/\/monti.lt\/wp-content\/uploads\/2024\/11\/Little-Dutch-ladumisklotsid-\u00b4Little-Farm\u00b4-FSC-7139-2.jpg\" \/>\n\t<meta property=\"og:image:width\" content=\"640\" \/>\n\t<meta property=\"og:image:height\" content=\"640\" \/>\n\t<meta property=\"og:image:type\" content=\"image\/jpeg\" \/>\n<meta name=\"twitter:card\" content=\"summary_large_image\" \/>\n<meta name=\"twitter:label1\" content=\"Est. reading time\" \/>\n\t<meta name=\"twitter:data1\" content=\"1 minute\" \/>\n<script type=\"application\/ld+json\" class=\"yoast-schema-graph\">{\"@context\":\"https:\/\/schema.org\",\"@graph\":[{\"@type\":\"WebPage\",\"@id\":\"https:\/\/monti.lt\/product\/little-dutch-kubeliai-mazoji-ferma\/\",\"url\":\"https:\/\/monti.lt\/product\/little-dutch-kubeliai-mazoji-ferma\/\",\"name\":\"Little Dutch kubeliai \\\"Ma\u017eoji ferma\\\" - Montessori \u017eaislai\",\"isPartOf\":{\"@id\":\"https:\/\/monti.lt\/#website\"},\"primaryImageOfPage\":{\"@id\":\"https:\/\/monti.lt\/product\/little-dutch-kubeliai-mazoji-ferma\/#primaryimage\"},\"image\":{\"@id\":\"https:\/\/monti.lt\/product\/little-dutch-kubeliai-mazoji-ferma\/#primaryimage\"},\"thumbnailUrl\":\"https:\/\/monti.lt\/wp-content\/uploads\/2024\/11\/Little-Dutch-ladumisklotsid-\u00b4Little-Farm\u00b4-FSC-7139-2.jpg\",\"datePublished\":\"2024-11-10T18:02:51+00:00\",\"dateModified\":\"2026-03-20T08:56:09+00:00\",\"breadcrumb\":{\"@id\":\"https:\/\/monti.lt\/product\/little-dutch-kubeliai-mazoji-ferma\/#breadcrumb\"},\"inLanguage\":\"en-US\",\"potentialAction\":[{\"@type\":\"ReadAction\",\"target\":[\"https:\/\/monti.lt\/product\/little-dutch-kubeliai-mazoji-ferma\/\"]}]},{\"@type\":\"ImageObject\",\"inLanguage\":\"en-US\",\"@id\":\"https:\/\/monti.lt\/product\/little-dutch-kubeliai-mazoji-ferma\/#primaryimage\",\"url\":\"https:\/\/monti.lt\/wp-content\/uploads\/2024\/11\/Little-Dutch-ladumisklotsid-\u00b4Little-Farm\u00b4-FSC-7139-2.jpg\",\"contentUrl\":\"https:\/\/monti.lt\/wp-content\/uploads\/2024\/11\/Little-Dutch-ladumisklotsid-\u00b4Little-Farm\u00b4-FSC-7139-2.jpg\",\"width\":640,\"height\":640,\"caption\":\"zaidimas ferma\"},{\"@type\":\"BreadcrumbList\",\"@id\":\"https:\/\/monti.lt\/product\/little-dutch-kubeliai-mazoji-ferma\/#breadcrumb\",\"itemListElement\":[{\"@type\":\"ListItem\",\"position\":1,\"name\":\"Home\",\"item\":\"https:\/\/monti.lt\/\"},{\"@type\":\"ListItem\",\"position\":2,\"name\":\"Parduotuv\u0117\",\"item\":\"https:\/\/monti.lt\/shop\/\"},{\"@type\":\"ListItem\",\"position\":3,\"name\":\"Little Dutch kubeliai &#8220;Ma\u017eoji ferma&#8221;\"}]},{\"@type\":\"WebSite\",\"@id\":\"https:\/\/monti.lt\/#website\",\"url\":\"https:\/\/monti.lt\/\",\"name\":\"Montessori \u017eaislai\",\"description\":\"\",\"publisher\":{\"@id\":\"https:\/\/monti.lt\/#organization\"},\"potentialAction\":[{\"@type\":\"SearchAction\",\"target\":{\"@type\":\"EntryPoint\",\"urlTemplate\":\"https:\/\/monti.lt\/?s={search_term_string}\"},\"query-input\":\"required name=search_term_string\"}],\"inLanguage\":\"en-US\"},{\"@type\":\"Organization\",\"@id\":\"https:\/\/monti.lt\/#organization\",\"name\":\"Montessori \u017eaislai\",\"url\":\"https:\/\/monti.lt\/\",\"logo\":{\"@type\":\"ImageObject\",\"inLanguage\":\"en-US\",\"@id\":\"https:\/\/monti.lt\/#\/schema\/logo\/image\/\",\"url\":\"https:\/\/monti.lt\/wp-content\/uploads\/2022\/03\/montilogo-1.png\",\"contentUrl\":\"https:\/\/monti.lt\/wp-content\/uploads\/2022\/03\/montilogo-1.png\",\"width\":512,\"height\":512,\"caption\":\"Montessori \u017eaislai\"},\"image\":{\"@id\":\"https:\/\/monti.lt\/#\/schema\/logo\/image\/\"}}]}<\/script>\n<!-- \/ Yoast SEO plugin. -->","yoast_head_json":{"title":"Little Dutch kubeliai \"Ma\u017eoji ferma\" - Montessori \u017eaislai","robots":{"index":"index","follow":"follow","max-snippet":"max-snippet:-1","max-image-preview":"max-image-preview:large","max-video-preview":"max-video-preview:-1"},"canonical":"https:\/\/monti.lt\/en\/product\/little-dutch-kubeliai-mazoji-ferma\/","og_locale":"en_US","og_type":"article","og_title":"Little Dutch kubeliai \"Ma\u017eoji ferma\" - Montessori \u017eaislai","og_description":"Tai k\u016brybi\u0161kas rinkinys, leid\u017eiantis vaikams kurti \u012fvairius \u016bkio elementus, naudojant ekologi\u0161kus, FSC sertifikuotus kubelius. Pagaminta i\u0161 tvirto kartono, \u0161ie kubeliai suteikia galimyb\u0119 lavinti vaizduot\u0119, smulkiosios motorikos \u012fg\u016bd\u017eius ir erdvin\u012f m\u0105stym\u0105. Kubeliai yra tvirti ir saug\u016bs vaikams.  Med\u017eiaga: tvirtas kartonas, FSC sertifikatas Am\u017eius: nuo 18 m\u0117nesi\u0173","og_url":"https:\/\/monti.lt\/en\/product\/little-dutch-kubeliai-mazoji-ferma\/","og_site_name":"Montessori \u017eaislai","article_modified_time":"2026-03-20T08:56:09+00:00","og_image":[{"width":640,"height":640,"url":"https:\/\/monti.lt\/wp-content\/uploads\/2024\/11\/Little-Dutch-ladumisklotsid-\u00b4Little-Farm\u00b4-FSC-7139-2.jpg","type":"image\/jpeg"}],"twitter_card":"summary_large_image","twitter_misc":{"Est. reading time":"1 minute"},"schema":{"@context":"https:\/\/schema.org","@graph":[{"@type":"WebPage","@id":"https:\/\/monti.lt\/product\/little-dutch-kubeliai-mazoji-ferma\/","url":"https:\/\/monti.lt\/product\/little-dutch-kubeliai-mazoji-ferma\/","name":"Little Dutch kubeliai \"Ma\u017eoji ferma\" - Montessori \u017eaislai","isPartOf":{"@id":"https:\/\/monti.lt\/#website"},"primaryImageOfPage":{"@id":"https:\/\/monti.lt\/product\/little-dutch-kubeliai-mazoji-ferma\/#primaryimage"},"image":{"@id":"https:\/\/monti.lt\/product\/little-dutch-kubeliai-mazoji-ferma\/#primaryimage"},"thumbnailUrl":"https:\/\/monti.lt\/wp-content\/uploads\/2024\/11\/Little-Dutch-ladumisklotsid-\u00b4Little-Farm\u00b4-FSC-7139-2.jpg","datePublished":"2024-11-10T18:02:51+00:00","dateModified":"2026-03-20T08:56:09+00:00","breadcrumb":{"@id":"https:\/\/monti.lt\/product\/little-dutch-kubeliai-mazoji-ferma\/#breadcrumb"},"inLanguage":"en-US","potentialAction":[{"@type":"ReadAction","target":["https:\/\/monti.lt\/product\/little-dutch-kubeliai-mazoji-ferma\/"]}]},{"@type":"ImageObject","inLanguage":"en-US","@id":"https:\/\/monti.lt\/product\/little-dutch-kubeliai-mazoji-ferma\/#primaryimage","url":"https:\/\/monti.lt\/wp-content\/uploads\/2024\/11\/Little-Dutch-ladumisklotsid-\u00b4Little-Farm\u00b4-FSC-7139-2.jpg","contentUrl":"https:\/\/monti.lt\/wp-content\/uploads\/2024\/11\/Little-Dutch-ladumisklotsid-\u00b4Little-Farm\u00b4-FSC-7139-2.jpg","width":640,"height":640,"caption":"zaidimas ferma"},{"@type":"BreadcrumbList","@id":"https:\/\/monti.lt\/product\/little-dutch-kubeliai-mazoji-ferma\/#breadcrumb","itemListElement":[{"@type":"ListItem","position":1,"name":"Home","item":"https:\/\/monti.lt\/"},{"@type":"ListItem","position":2,"name":"Parduotuv\u0117","item":"https:\/\/monti.lt\/shop\/"},{"@type":"ListItem","position":3,"name":"Little Dutch kubeliai &#8220;Ma\u017eoji ferma&#8221;"}]},{"@type":"WebSite","@id":"https:\/\/monti.lt\/#website","url":"https:\/\/monti.lt\/","name":"Montessori \u017eaislai","description":"","publisher":{"@id":"https:\/\/monti.lt\/#organization"},"potentialAction":[{"@type":"SearchAction","target":{"@type":"EntryPoint","urlTemplate":"https:\/\/monti.lt\/?s={search_term_string}"},"query-input":"required name=search_term_string"}],"inLanguage":"en-US"},{"@type":"Organization","@id":"https:\/\/monti.lt\/#organization","name":"Montessori \u017eaislai","url":"https:\/\/monti.lt\/","logo":{"@type":"ImageObject","inLanguage":"en-US","@id":"https:\/\/monti.lt\/#\/schema\/logo\/image\/","url":"https:\/\/monti.lt\/wp-content\/uploads\/2022\/03\/montilogo-1.png","contentUrl":"https:\/\/monti.lt\/wp-content\/uploads\/2022\/03\/montilogo-1.png","width":512,"height":512,"caption":"Montessori \u017eaislai"},"image":{"@id":"https:\/\/monti.lt\/#\/schema\/logo\/image\/"}}]}},"_links":{"self":[{"href":"https:\/\/monti.lt\/en\/wp-json\/wp\/v2\/product\/27073"}],"collection":[{"href":"https:\/\/monti.lt\/en\/wp-json\/wp\/v2\/product"}],"about":[{"href":"https:\/\/monti.lt\/en\/wp-json\/wp\/v2\/types\/product"}],"version-history":[{"count":2,"href":"https:\/\/monti.lt\/en\/wp-json\/wp\/v2\/product\/27073\/revisions"}],"predecessor-version":[{"id":27076,"href":"https:\/\/monti.lt\/en\/wp-json\/wp\/v2\/product\/27073\/revisions\/27076"}],"wp:featuredmedia":[{"embeddable":true,"href":"https:\/\/monti.lt\/en\/wp-json\/wp\/v2\/media\/27074"}],"wp:attachment":[{"href":"https:\/\/monti.lt\/en\/wp-json\/wp\/v2\/media?parent=27073"}],"wp:term":[{"taxonomy":"product_cat","embeddable":true,"href":"https:\/\/monti.lt\/en\/wp-json\/wp\/v2\/product_cat?post=27073"},{"taxonomy":"product_tag","embeddable":true,"href":"https:\/\/monti.lt\/en\/wp-json\/wp\/v2\/product_tag?post=27073"}],"curies":[{"name":"wp","href":"https:\/\/api.w.org\/{rel}","templated":true}]}}