{"id":27108,"date":"2024-11-11T10:44:05","date_gmt":"2024-11-11T10:44:05","guid":{"rendered":"https:\/\/monti.lt\/?post_type=product&#038;p=27108"},"modified":"2026-03-03T21:33:48","modified_gmt":"2026-03-03T21:33:48","slug":"little-dutch-veiklos-kubas-misko-draugai","status":"publish","type":"product","link":"https:\/\/monti.lt\/en\/product\/little-dutch-veiklos-kubas-misko-draugai\/","title":{"rendered":"Little Dutch veiklos kubas &#8220;Mi\u0161ko draugai&#8221;"},"content":{"rendered":"<p>Tyrin\u0117kite mi\u0161k\u0105, kuriame gyvena ir \u017eaid\u017eia visi mi\u0161ko draugai. \u0160is itin mink\u0161tas ir patraukli\u0173 atspalvi\u0173 kubas su\u017eadins j\u016bs\u0173 k\u016bdikio smalsum\u0105. Kiekvienoje jo pus\u0117je yra skirtinga veikla, o kiekviena pus\u0117 yra \u012fvairi\u0173 tekst\u016br\u0173, form\u0173 ir stimuliuojan\u010di\u0173 element\u0173. Kubas<br>galima paimti ir pasukti, o su juo yra veidrod\u0117lis sav\u0119s pa\u017einimui. Tai nesibaigianti pramoga lavinant vaiko poj\u016b\u010dius.<\/p>\n\n\n\n<p>I\u0161matavimai: 14 x 14 x 14 cm<br>Med\u017eiaga: Med\u017eiaga: 100 % poliesteris<br>Am\u017eius: 0+ m\u0117n.<br>Standartinis: EN-71-1-2-3<\/p>","protected":false},"excerpt":{"rendered":"<p>Tyrin\u0117kite mi\u0161k\u0105, kuriame gyvena ir \u017eaid\u017eia visi mi\u0161ko draugai. \u0160is itin mink\u0161tas ir patraukli\u0173 atspalvi\u0173 kubas su\u017eadins j\u016bs\u0173 k\u016bdikio smalsum\u0105. Kiekvienoje jo pus\u0117je yra skirtinga veikla, o kiekviena pus\u0117 yra \u012fvairi\u0173 tekst\u016br\u0173, form\u0173 ir stimuliuojan\u010di\u0173 element\u0173. Kubasgalima paimti ir pasukti, o su juo yra veidrod\u0117lis sav\u0119s pa\u017einimui. Tai nesibaigianti pramoga lavinant vaiko poj\u016b\u010dius. I\u0161matavimai: 14 [&hellip;]<\/p>","protected":false},"featured_media":27109,"template":"","meta":{"_acf_changed":false,"iawp_total_views":306},"product_cat":[200,191,84,244,90,49,39],"product_tag":[95,94],"class_list":{"0":"post-27108","1":"product","2":"type-product","3":"status-publish","4":"has-post-thumbnail","6":"product_cat-dovanos-kudikiams","7":"product_cat-dovanos-vaikams","8":"product_cat-lavinamieji-zaislai","9":"product_cat-little-dutch","10":"product_cat-pasaulio-pazinimas","11":"product_cat-visi-zaislai","12":"product_cat-zaislai","13":"product_tag-1-m-2-m","14":"product_tag-iki-1-m","16":"first","17":"outofstock","18":"taxable","19":"shipping-taxable","20":"purchasable","21":"product-type-simple"},"acf":[],"yoast_head":"<!-- This site is optimized with the Yoast SEO plugin v23.3 - https:\/\/yoast.com\/wordpress\/plugins\/seo\/ -->\n<title>Little Dutch veiklos kubas &quot;Mi\u0161ko draugai&quot; - Montessori \u017eaislai<\/title>\n<meta name=\"robots\" content=\"index, follow, max-snippet:-1, max-image-preview:large, max-video-preview:-1\" \/>\n<link rel=\"canonical\" href=\"https:\/\/monti.lt\/en\/product\/little-dutch-veiklos-kubas-misko-draugai\/\" \/>\n<meta property=\"og:locale\" content=\"en_US\" \/>\n<meta property=\"og:type\" content=\"article\" \/>\n<meta property=\"og:title\" content=\"Little Dutch veiklos kubas &quot;Mi\u0161ko draugai&quot; - Montessori \u017eaislai\" \/>\n<meta property=\"og:description\" content=\"Tyrin\u0117kite mi\u0161k\u0105, kuriame gyvena ir \u017eaid\u017eia visi mi\u0161ko draugai. \u0160is itin mink\u0161tas ir patraukli\u0173 atspalvi\u0173 kubas su\u017eadins j\u016bs\u0173 k\u016bdikio smalsum\u0105. Kiekvienoje jo pus\u0117je yra skirtinga veikla, o kiekviena pus\u0117 yra \u012fvairi\u0173 tekst\u016br\u0173, form\u0173 ir stimuliuojan\u010di\u0173 element\u0173. Kubasgalima paimti ir pasukti, o su juo yra veidrod\u0117lis sav\u0119s pa\u017einimui. Tai nesibaigianti pramoga lavinant vaiko poj\u016b\u010dius. I\u0161matavimai: 14 [&hellip;]\" \/>\n<meta property=\"og:url\" content=\"https:\/\/monti.lt\/en\/product\/little-dutch-veiklos-kubas-misko-draugai\/\" \/>\n<meta property=\"og:site_name\" content=\"Montessori \u017eaislai\" \/>\n<meta property=\"article:modified_time\" content=\"2026-03-03T21:33:48+00:00\" \/>\n<meta property=\"og:image\" content=\"https:\/\/monti.lt\/wp-content\/uploads\/2024\/11\/kubas-melsvas.jpg\" \/>\n\t<meta property=\"og:image:width\" content=\"1200\" \/>\n\t<meta property=\"og:image:height\" content=\"1200\" \/>\n\t<meta property=\"og:image:type\" content=\"image\/jpeg\" \/>\n<meta name=\"twitter:card\" content=\"summary_large_image\" \/>\n<meta name=\"twitter:label1\" content=\"Est. reading time\" \/>\n\t<meta name=\"twitter:data1\" content=\"1 minute\" \/>\n<script type=\"application\/ld+json\" class=\"yoast-schema-graph\">{\"@context\":\"https:\/\/schema.org\",\"@graph\":[{\"@type\":\"WebPage\",\"@id\":\"https:\/\/monti.lt\/product\/little-dutch-veiklos-kubas-misko-draugai\/\",\"url\":\"https:\/\/monti.lt\/product\/little-dutch-veiklos-kubas-misko-draugai\/\",\"name\":\"Little Dutch veiklos kubas \\\"Mi\u0161ko draugai\\\" - Montessori \u017eaislai\",\"isPartOf\":{\"@id\":\"https:\/\/monti.lt\/#website\"},\"primaryImageOfPage\":{\"@id\":\"https:\/\/monti.lt\/product\/little-dutch-veiklos-kubas-misko-draugai\/#primaryimage\"},\"image\":{\"@id\":\"https:\/\/monti.lt\/product\/little-dutch-veiklos-kubas-misko-draugai\/#primaryimage\"},\"thumbnailUrl\":\"https:\/\/monti.lt\/wp-content\/uploads\/2024\/11\/kubas-melsvas.jpg\",\"datePublished\":\"2024-11-11T10:44:05+00:00\",\"dateModified\":\"2026-03-03T21:33:48+00:00\",\"breadcrumb\":{\"@id\":\"https:\/\/monti.lt\/product\/little-dutch-veiklos-kubas-misko-draugai\/#breadcrumb\"},\"inLanguage\":\"en-US\",\"potentialAction\":[{\"@type\":\"ReadAction\",\"target\":[\"https:\/\/monti.lt\/product\/little-dutch-veiklos-kubas-misko-draugai\/\"]}]},{\"@type\":\"ImageObject\",\"inLanguage\":\"en-US\",\"@id\":\"https:\/\/monti.lt\/product\/little-dutch-veiklos-kubas-misko-draugai\/#primaryimage\",\"url\":\"https:\/\/monti.lt\/wp-content\/uploads\/2024\/11\/kubas-melsvas.jpg\",\"contentUrl\":\"https:\/\/monti.lt\/wp-content\/uploads\/2024\/11\/kubas-melsvas.jpg\",\"width\":1200,\"height\":1200,\"caption\":\"veiklos kubas\"},{\"@type\":\"BreadcrumbList\",\"@id\":\"https:\/\/monti.lt\/product\/little-dutch-veiklos-kubas-misko-draugai\/#breadcrumb\",\"itemListElement\":[{\"@type\":\"ListItem\",\"position\":1,\"name\":\"Home\",\"item\":\"https:\/\/monti.lt\/\"},{\"@type\":\"ListItem\",\"position\":2,\"name\":\"Parduotuv\u0117\",\"item\":\"https:\/\/monti.lt\/shop\/\"},{\"@type\":\"ListItem\",\"position\":3,\"name\":\"Little Dutch veiklos kubas &#8220;Mi\u0161ko draugai&#8221;\"}]},{\"@type\":\"WebSite\",\"@id\":\"https:\/\/monti.lt\/#website\",\"url\":\"https:\/\/monti.lt\/\",\"name\":\"Montessori \u017eaislai\",\"description\":\"\",\"publisher\":{\"@id\":\"https:\/\/monti.lt\/#organization\"},\"potentialAction\":[{\"@type\":\"SearchAction\",\"target\":{\"@type\":\"EntryPoint\",\"urlTemplate\":\"https:\/\/monti.lt\/?s={search_term_string}\"},\"query-input\":\"required name=search_term_string\"}],\"inLanguage\":\"en-US\"},{\"@type\":\"Organization\",\"@id\":\"https:\/\/monti.lt\/#organization\",\"name\":\"Montessori \u017eaislai\",\"url\":\"https:\/\/monti.lt\/\",\"logo\":{\"@type\":\"ImageObject\",\"inLanguage\":\"en-US\",\"@id\":\"https:\/\/monti.lt\/#\/schema\/logo\/image\/\",\"url\":\"https:\/\/monti.lt\/wp-content\/uploads\/2022\/03\/montilogo-1.png\",\"contentUrl\":\"https:\/\/monti.lt\/wp-content\/uploads\/2022\/03\/montilogo-1.png\",\"width\":512,\"height\":512,\"caption\":\"Montessori \u017eaislai\"},\"image\":{\"@id\":\"https:\/\/monti.lt\/#\/schema\/logo\/image\/\"}}]}<\/script>\n<!-- \/ Yoast SEO plugin. -->","yoast_head_json":{"title":"Little Dutch veiklos kubas \"Mi\u0161ko draugai\" - Montessori \u017eaislai","robots":{"index":"index","follow":"follow","max-snippet":"max-snippet:-1","max-image-preview":"max-image-preview:large","max-video-preview":"max-video-preview:-1"},"canonical":"https:\/\/monti.lt\/en\/product\/little-dutch-veiklos-kubas-misko-draugai\/","og_locale":"en_US","og_type":"article","og_title":"Little Dutch veiklos kubas \"Mi\u0161ko draugai\" - Montessori \u017eaislai","og_description":"Tyrin\u0117kite mi\u0161k\u0105, kuriame gyvena ir \u017eaid\u017eia visi mi\u0161ko draugai. \u0160is itin mink\u0161tas ir patraukli\u0173 atspalvi\u0173 kubas su\u017eadins j\u016bs\u0173 k\u016bdikio smalsum\u0105. Kiekvienoje jo pus\u0117je yra skirtinga veikla, o kiekviena pus\u0117 yra \u012fvairi\u0173 tekst\u016br\u0173, form\u0173 ir stimuliuojan\u010di\u0173 element\u0173. Kubasgalima paimti ir pasukti, o su juo yra veidrod\u0117lis sav\u0119s pa\u017einimui. Tai nesibaigianti pramoga lavinant vaiko poj\u016b\u010dius. I\u0161matavimai: 14 [&hellip;]","og_url":"https:\/\/monti.lt\/en\/product\/little-dutch-veiklos-kubas-misko-draugai\/","og_site_name":"Montessori \u017eaislai","article_modified_time":"2026-03-03T21:33:48+00:00","og_image":[{"width":1200,"height":1200,"url":"https:\/\/monti.lt\/wp-content\/uploads\/2024\/11\/kubas-melsvas.jpg","type":"image\/jpeg"}],"twitter_card":"summary_large_image","twitter_misc":{"Est. reading time":"1 minute"},"schema":{"@context":"https:\/\/schema.org","@graph":[{"@type":"WebPage","@id":"https:\/\/monti.lt\/product\/little-dutch-veiklos-kubas-misko-draugai\/","url":"https:\/\/monti.lt\/product\/little-dutch-veiklos-kubas-misko-draugai\/","name":"Little Dutch veiklos kubas \"Mi\u0161ko draugai\" - Montessori \u017eaislai","isPartOf":{"@id":"https:\/\/monti.lt\/#website"},"primaryImageOfPage":{"@id":"https:\/\/monti.lt\/product\/little-dutch-veiklos-kubas-misko-draugai\/#primaryimage"},"image":{"@id":"https:\/\/monti.lt\/product\/little-dutch-veiklos-kubas-misko-draugai\/#primaryimage"},"thumbnailUrl":"https:\/\/monti.lt\/wp-content\/uploads\/2024\/11\/kubas-melsvas.jpg","datePublished":"2024-11-11T10:44:05+00:00","dateModified":"2026-03-03T21:33:48+00:00","breadcrumb":{"@id":"https:\/\/monti.lt\/product\/little-dutch-veiklos-kubas-misko-draugai\/#breadcrumb"},"inLanguage":"en-US","potentialAction":[{"@type":"ReadAction","target":["https:\/\/monti.lt\/product\/little-dutch-veiklos-kubas-misko-draugai\/"]}]},{"@type":"ImageObject","inLanguage":"en-US","@id":"https:\/\/monti.lt\/product\/little-dutch-veiklos-kubas-misko-draugai\/#primaryimage","url":"https:\/\/monti.lt\/wp-content\/uploads\/2024\/11\/kubas-melsvas.jpg","contentUrl":"https:\/\/monti.lt\/wp-content\/uploads\/2024\/11\/kubas-melsvas.jpg","width":1200,"height":1200,"caption":"veiklos kubas"},{"@type":"BreadcrumbList","@id":"https:\/\/monti.lt\/product\/little-dutch-veiklos-kubas-misko-draugai\/#breadcrumb","itemListElement":[{"@type":"ListItem","position":1,"name":"Home","item":"https:\/\/monti.lt\/"},{"@type":"ListItem","position":2,"name":"Parduotuv\u0117","item":"https:\/\/monti.lt\/shop\/"},{"@type":"ListItem","position":3,"name":"Little Dutch veiklos kubas &#8220;Mi\u0161ko draugai&#8221;"}]},{"@type":"WebSite","@id":"https:\/\/monti.lt\/#website","url":"https:\/\/monti.lt\/","name":"Montessori \u017eaislai","description":"","publisher":{"@id":"https:\/\/monti.lt\/#organization"},"potentialAction":[{"@type":"SearchAction","target":{"@type":"EntryPoint","urlTemplate":"https:\/\/monti.lt\/?s={search_term_string}"},"query-input":"required name=search_term_string"}],"inLanguage":"en-US"},{"@type":"Organization","@id":"https:\/\/monti.lt\/#organization","name":"Montessori \u017eaislai","url":"https:\/\/monti.lt\/","logo":{"@type":"ImageObject","inLanguage":"en-US","@id":"https:\/\/monti.lt\/#\/schema\/logo\/image\/","url":"https:\/\/monti.lt\/wp-content\/uploads\/2022\/03\/montilogo-1.png","contentUrl":"https:\/\/monti.lt\/wp-content\/uploads\/2022\/03\/montilogo-1.png","width":512,"height":512,"caption":"Montessori \u017eaislai"},"image":{"@id":"https:\/\/monti.lt\/#\/schema\/logo\/image\/"}}]}},"_links":{"self":[{"href":"https:\/\/monti.lt\/en\/wp-json\/wp\/v2\/product\/27108"}],"collection":[{"href":"https:\/\/monti.lt\/en\/wp-json\/wp\/v2\/product"}],"about":[{"href":"https:\/\/monti.lt\/en\/wp-json\/wp\/v2\/types\/product"}],"version-history":[{"count":2,"href":"https:\/\/monti.lt\/en\/wp-json\/wp\/v2\/product\/27108\/revisions"}],"predecessor-version":[{"id":27438,"href":"https:\/\/monti.lt\/en\/wp-json\/wp\/v2\/product\/27108\/revisions\/27438"}],"wp:featuredmedia":[{"embeddable":true,"href":"https:\/\/monti.lt\/en\/wp-json\/wp\/v2\/media\/27109"}],"wp:attachment":[{"href":"https:\/\/monti.lt\/en\/wp-json\/wp\/v2\/media?parent=27108"}],"wp:term":[{"taxonomy":"product_cat","embeddable":true,"href":"https:\/\/monti.lt\/en\/wp-json\/wp\/v2\/product_cat?post=27108"},{"taxonomy":"product_tag","embeddable":true,"href":"https:\/\/monti.lt\/en\/wp-json\/wp\/v2\/product_tag?post=27108"}],"curies":[{"name":"wp","href":"https:\/\/api.w.org\/{rel}","templated":true}]}}