{"id":27116,"date":"2024-11-11T12:40:41","date_gmt":"2024-11-11T12:40:41","guid":{"rendered":"https:\/\/monti.lt\/?post_type=product&#038;p=27116"},"modified":"2025-12-13T17:44:48","modified_gmt":"2025-12-13T17:44:48","slug":"little-dutch-kubas-feju-sodas","status":"publish","type":"product","link":"https:\/\/monti.lt\/en\/product\/little-dutch-kubas-feju-sodas\/","title":{"rendered":"Little Dutch kubas &#8220;F\u0117j\u0173 sodas&#8221;"},"content":{"rendered":"<p>Ap\u017ei\u016br\u0117kite pasak\u0173 sod\u0105, kuriame gyvena ir \u017eaid\u017eia elniai, pauk\u0161\u010diai ir drugeliai. \u0160is itin mink\u0161tas ir patraukli\u0173 atspalvi\u0173 kubas su\u017eadins j\u016bs\u0173 k\u016bdikio smalsum\u0105. Kiekvienoje jo pus\u0117je yra skirtinga veikla, o kiekviena pus\u0117 yra \u012fvairi\u0173 tekst\u016br\u0173, form\u0173 ir stimuliuojan\u010di\u0173 element\u0173. Kub\u0105 galima paimti ir pasukti, o jo komplekte yra \u017eydintis veidrod\u0117lis, kad vaikas gal\u0117t\u0173 atrasti save. Tai nesibaigianti pramoga lavinant vaiko poj\u016b\u010dius.<\/p>\n\n\n\n<p>I\u0161matavimai: 14 x 14 x 14 cm<br>Am\u017eius: 0+ m\u0117n.<br>Standartinis: EN-71-1-2-3<\/p>","protected":false},"excerpt":{"rendered":"<p>Ap\u017ei\u016br\u0117kite pasak\u0173 sod\u0105, kuriame gyvena ir \u017eaid\u017eia elniai, pauk\u0161\u010diai ir drugeliai. \u0160is itin mink\u0161tas ir patraukli\u0173 atspalvi\u0173 kubas su\u017eadins j\u016bs\u0173 k\u016bdikio smalsum\u0105. Kiekvienoje jo pus\u0117je yra skirtinga veikla, o kiekviena pus\u0117 yra \u012fvairi\u0173 tekst\u016br\u0173, form\u0173 ir stimuliuojan\u010di\u0173 element\u0173. Kub\u0105 galima paimti ir pasukti, o jo komplekte yra \u017eydintis veidrod\u0117lis, kad vaikas gal\u0117t\u0173 atrasti save. Tai [&hellip;]<\/p>","protected":false},"featured_media":27118,"template":"","meta":{"_acf_changed":false,"iawp_total_views":241},"product_cat":[200,191,192,84,244,90,49,39,201,214],"product_tag":[95,94],"class_list":{"0":"post-27116","1":"product","2":"type-product","3":"status-publish","4":"has-post-thumbnail","6":"product_cat-dovanos-kudikiams","7":"product_cat-dovanos-vaikams","8":"product_cat-kaledines-dovanos-vaikams","9":"product_cat-lavinamieji-zaislai","10":"product_cat-little-dutch","11":"product_cat-pasaulio-pazinimas","12":"product_cat-visi-zaislai","13":"product_cat-zaislai","14":"product_cat-zaislai-kelioneje","15":"product_cat-zaislai-mergaitems","16":"product_tag-1-m-2-m","17":"product_tag-iki-1-m","19":"first","20":"outofstock","21":"taxable","22":"shipping-taxable","23":"purchasable","24":"product-type-simple"},"acf":[],"yoast_head":"<!-- This site is optimized with the Yoast SEO plugin v23.3 - https:\/\/yoast.com\/wordpress\/plugins\/seo\/ -->\n<title>Little Dutch kubas &quot;F\u0117j\u0173 sodas&quot; - Montessori \u017eaislai<\/title>\n<meta name=\"robots\" content=\"index, follow, max-snippet:-1, max-image-preview:large, max-video-preview:-1\" \/>\n<link rel=\"canonical\" href=\"https:\/\/monti.lt\/en\/product\/little-dutch-kubas-feju-sodas\/\" \/>\n<meta property=\"og:locale\" content=\"en_US\" \/>\n<meta property=\"og:type\" content=\"article\" \/>\n<meta property=\"og:title\" content=\"Little Dutch kubas &quot;F\u0117j\u0173 sodas&quot; - Montessori \u017eaislai\" \/>\n<meta property=\"og:description\" content=\"Ap\u017ei\u016br\u0117kite pasak\u0173 sod\u0105, kuriame gyvena ir \u017eaid\u017eia elniai, pauk\u0161\u010diai ir drugeliai. \u0160is itin mink\u0161tas ir patraukli\u0173 atspalvi\u0173 kubas su\u017eadins j\u016bs\u0173 k\u016bdikio smalsum\u0105. Kiekvienoje jo pus\u0117je yra skirtinga veikla, o kiekviena pus\u0117 yra \u012fvairi\u0173 tekst\u016br\u0173, form\u0173 ir stimuliuojan\u010di\u0173 element\u0173. Kub\u0105 galima paimti ir pasukti, o jo komplekte yra \u017eydintis veidrod\u0117lis, kad vaikas gal\u0117t\u0173 atrasti save. Tai [&hellip;]\" \/>\n<meta property=\"og:url\" content=\"https:\/\/monti.lt\/en\/product\/little-dutch-kubas-feju-sodas\/\" \/>\n<meta property=\"og:site_name\" content=\"Montessori \u017eaislai\" \/>\n<meta property=\"article:modified_time\" content=\"2025-12-13T17:44:48+00:00\" \/>\n<meta property=\"og:image\" content=\"https:\/\/monti.lt\/wp-content\/uploads\/2024\/11\/kubas-rozinis.jpg\" \/>\n\t<meta property=\"og:image:width\" content=\"1200\" \/>\n\t<meta property=\"og:image:height\" content=\"1200\" \/>\n\t<meta property=\"og:image:type\" content=\"image\/jpeg\" \/>\n<meta name=\"twitter:card\" content=\"summary_large_image\" \/>\n<meta name=\"twitter:label1\" content=\"Est. reading time\" \/>\n\t<meta name=\"twitter:data1\" content=\"1 minute\" \/>\n<script type=\"application\/ld+json\" class=\"yoast-schema-graph\">{\"@context\":\"https:\/\/schema.org\",\"@graph\":[{\"@type\":\"WebPage\",\"@id\":\"https:\/\/monti.lt\/product\/little-dutch-kubas-feju-sodas\/\",\"url\":\"https:\/\/monti.lt\/product\/little-dutch-kubas-feju-sodas\/\",\"name\":\"Little Dutch kubas \\\"F\u0117j\u0173 sodas\\\" - Montessori \u017eaislai\",\"isPartOf\":{\"@id\":\"https:\/\/monti.lt\/#website\"},\"primaryImageOfPage\":{\"@id\":\"https:\/\/monti.lt\/product\/little-dutch-kubas-feju-sodas\/#primaryimage\"},\"image\":{\"@id\":\"https:\/\/monti.lt\/product\/little-dutch-kubas-feju-sodas\/#primaryimage\"},\"thumbnailUrl\":\"https:\/\/monti.lt\/wp-content\/uploads\/2024\/11\/kubas-rozinis.jpg\",\"datePublished\":\"2024-11-11T12:40:41+00:00\",\"dateModified\":\"2025-12-13T17:44:48+00:00\",\"breadcrumb\":{\"@id\":\"https:\/\/monti.lt\/product\/little-dutch-kubas-feju-sodas\/#breadcrumb\"},\"inLanguage\":\"en-US\",\"potentialAction\":[{\"@type\":\"ReadAction\",\"target\":[\"https:\/\/monti.lt\/product\/little-dutch-kubas-feju-sodas\/\"]}]},{\"@type\":\"ImageObject\",\"inLanguage\":\"en-US\",\"@id\":\"https:\/\/monti.lt\/product\/little-dutch-kubas-feju-sodas\/#primaryimage\",\"url\":\"https:\/\/monti.lt\/wp-content\/uploads\/2024\/11\/kubas-rozinis.jpg\",\"contentUrl\":\"https:\/\/monti.lt\/wp-content\/uploads\/2024\/11\/kubas-rozinis.jpg\",\"width\":1200,\"height\":1200,\"caption\":\"veiklos kubas\"},{\"@type\":\"BreadcrumbList\",\"@id\":\"https:\/\/monti.lt\/product\/little-dutch-kubas-feju-sodas\/#breadcrumb\",\"itemListElement\":[{\"@type\":\"ListItem\",\"position\":1,\"name\":\"Home\",\"item\":\"https:\/\/monti.lt\/\"},{\"@type\":\"ListItem\",\"position\":2,\"name\":\"Parduotuv\u0117\",\"item\":\"https:\/\/monti.lt\/shop\/\"},{\"@type\":\"ListItem\",\"position\":3,\"name\":\"Little Dutch kubas &#8220;F\u0117j\u0173 sodas&#8221;\"}]},{\"@type\":\"WebSite\",\"@id\":\"https:\/\/monti.lt\/#website\",\"url\":\"https:\/\/monti.lt\/\",\"name\":\"Montessori \u017eaislai\",\"description\":\"\",\"publisher\":{\"@id\":\"https:\/\/monti.lt\/#organization\"},\"potentialAction\":[{\"@type\":\"SearchAction\",\"target\":{\"@type\":\"EntryPoint\",\"urlTemplate\":\"https:\/\/monti.lt\/?s={search_term_string}\"},\"query-input\":\"required name=search_term_string\"}],\"inLanguage\":\"en-US\"},{\"@type\":\"Organization\",\"@id\":\"https:\/\/monti.lt\/#organization\",\"name\":\"Montessori \u017eaislai\",\"url\":\"https:\/\/monti.lt\/\",\"logo\":{\"@type\":\"ImageObject\",\"inLanguage\":\"en-US\",\"@id\":\"https:\/\/monti.lt\/#\/schema\/logo\/image\/\",\"url\":\"https:\/\/monti.lt\/wp-content\/uploads\/2022\/03\/montilogo-1.png\",\"contentUrl\":\"https:\/\/monti.lt\/wp-content\/uploads\/2022\/03\/montilogo-1.png\",\"width\":512,\"height\":512,\"caption\":\"Montessori \u017eaislai\"},\"image\":{\"@id\":\"https:\/\/monti.lt\/#\/schema\/logo\/image\/\"}}]}<\/script>\n<!-- \/ Yoast SEO plugin. -->","yoast_head_json":{"title":"Little Dutch kubas \"F\u0117j\u0173 sodas\" - Montessori \u017eaislai","robots":{"index":"index","follow":"follow","max-snippet":"max-snippet:-1","max-image-preview":"max-image-preview:large","max-video-preview":"max-video-preview:-1"},"canonical":"https:\/\/monti.lt\/en\/product\/little-dutch-kubas-feju-sodas\/","og_locale":"en_US","og_type":"article","og_title":"Little Dutch kubas \"F\u0117j\u0173 sodas\" - Montessori \u017eaislai","og_description":"Ap\u017ei\u016br\u0117kite pasak\u0173 sod\u0105, kuriame gyvena ir \u017eaid\u017eia elniai, pauk\u0161\u010diai ir drugeliai. \u0160is itin mink\u0161tas ir patraukli\u0173 atspalvi\u0173 kubas su\u017eadins j\u016bs\u0173 k\u016bdikio smalsum\u0105. Kiekvienoje jo pus\u0117je yra skirtinga veikla, o kiekviena pus\u0117 yra \u012fvairi\u0173 tekst\u016br\u0173, form\u0173 ir stimuliuojan\u010di\u0173 element\u0173. Kub\u0105 galima paimti ir pasukti, o jo komplekte yra \u017eydintis veidrod\u0117lis, kad vaikas gal\u0117t\u0173 atrasti save. Tai [&hellip;]","og_url":"https:\/\/monti.lt\/en\/product\/little-dutch-kubas-feju-sodas\/","og_site_name":"Montessori \u017eaislai","article_modified_time":"2025-12-13T17:44:48+00:00","og_image":[{"width":1200,"height":1200,"url":"https:\/\/monti.lt\/wp-content\/uploads\/2024\/11\/kubas-rozinis.jpg","type":"image\/jpeg"}],"twitter_card":"summary_large_image","twitter_misc":{"Est. reading time":"1 minute"},"schema":{"@context":"https:\/\/schema.org","@graph":[{"@type":"WebPage","@id":"https:\/\/monti.lt\/product\/little-dutch-kubas-feju-sodas\/","url":"https:\/\/monti.lt\/product\/little-dutch-kubas-feju-sodas\/","name":"Little Dutch kubas \"F\u0117j\u0173 sodas\" - Montessori \u017eaislai","isPartOf":{"@id":"https:\/\/monti.lt\/#website"},"primaryImageOfPage":{"@id":"https:\/\/monti.lt\/product\/little-dutch-kubas-feju-sodas\/#primaryimage"},"image":{"@id":"https:\/\/monti.lt\/product\/little-dutch-kubas-feju-sodas\/#primaryimage"},"thumbnailUrl":"https:\/\/monti.lt\/wp-content\/uploads\/2024\/11\/kubas-rozinis.jpg","datePublished":"2024-11-11T12:40:41+00:00","dateModified":"2025-12-13T17:44:48+00:00","breadcrumb":{"@id":"https:\/\/monti.lt\/product\/little-dutch-kubas-feju-sodas\/#breadcrumb"},"inLanguage":"en-US","potentialAction":[{"@type":"ReadAction","target":["https:\/\/monti.lt\/product\/little-dutch-kubas-feju-sodas\/"]}]},{"@type":"ImageObject","inLanguage":"en-US","@id":"https:\/\/monti.lt\/product\/little-dutch-kubas-feju-sodas\/#primaryimage","url":"https:\/\/monti.lt\/wp-content\/uploads\/2024\/11\/kubas-rozinis.jpg","contentUrl":"https:\/\/monti.lt\/wp-content\/uploads\/2024\/11\/kubas-rozinis.jpg","width":1200,"height":1200,"caption":"veiklos kubas"},{"@type":"BreadcrumbList","@id":"https:\/\/monti.lt\/product\/little-dutch-kubas-feju-sodas\/#breadcrumb","itemListElement":[{"@type":"ListItem","position":1,"name":"Home","item":"https:\/\/monti.lt\/"},{"@type":"ListItem","position":2,"name":"Parduotuv\u0117","item":"https:\/\/monti.lt\/shop\/"},{"@type":"ListItem","position":3,"name":"Little Dutch kubas &#8220;F\u0117j\u0173 sodas&#8221;"}]},{"@type":"WebSite","@id":"https:\/\/monti.lt\/#website","url":"https:\/\/monti.lt\/","name":"Montessori \u017eaislai","description":"","publisher":{"@id":"https:\/\/monti.lt\/#organization"},"potentialAction":[{"@type":"SearchAction","target":{"@type":"EntryPoint","urlTemplate":"https:\/\/monti.lt\/?s={search_term_string}"},"query-input":"required name=search_term_string"}],"inLanguage":"en-US"},{"@type":"Organization","@id":"https:\/\/monti.lt\/#organization","name":"Montessori \u017eaislai","url":"https:\/\/monti.lt\/","logo":{"@type":"ImageObject","inLanguage":"en-US","@id":"https:\/\/monti.lt\/#\/schema\/logo\/image\/","url":"https:\/\/monti.lt\/wp-content\/uploads\/2022\/03\/montilogo-1.png","contentUrl":"https:\/\/monti.lt\/wp-content\/uploads\/2022\/03\/montilogo-1.png","width":512,"height":512,"caption":"Montessori \u017eaislai"},"image":{"@id":"https:\/\/monti.lt\/#\/schema\/logo\/image\/"}}]}},"_links":{"self":[{"href":"https:\/\/monti.lt\/en\/wp-json\/wp\/v2\/product\/27116"}],"collection":[{"href":"https:\/\/monti.lt\/en\/wp-json\/wp\/v2\/product"}],"about":[{"href":"https:\/\/monti.lt\/en\/wp-json\/wp\/v2\/types\/product"}],"version-history":[{"count":2,"href":"https:\/\/monti.lt\/en\/wp-json\/wp\/v2\/product\/27116\/revisions"}],"predecessor-version":[{"id":27445,"href":"https:\/\/monti.lt\/en\/wp-json\/wp\/v2\/product\/27116\/revisions\/27445"}],"wp:featuredmedia":[{"embeddable":true,"href":"https:\/\/monti.lt\/en\/wp-json\/wp\/v2\/media\/27118"}],"wp:attachment":[{"href":"https:\/\/monti.lt\/en\/wp-json\/wp\/v2\/media?parent=27116"}],"wp:term":[{"taxonomy":"product_cat","embeddable":true,"href":"https:\/\/monti.lt\/en\/wp-json\/wp\/v2\/product_cat?post=27116"},{"taxonomy":"product_tag","embeddable":true,"href":"https:\/\/monti.lt\/en\/wp-json\/wp\/v2\/product_tag?post=27116"}],"curies":[{"name":"wp","href":"https:\/\/api.w.org\/{rel}","templated":true}]}}