{"id":27122,"date":"2024-11-11T12:47:53","date_gmt":"2024-11-11T12:47:53","guid":{"rendered":"https:\/\/monti.lt\/?post_type=product&#038;p=27122"},"modified":"2025-11-30T10:47:35","modified_gmt":"2025-11-30T10:47:35","slug":"little-dutch-medinis-irankiu-rinkinys","status":"publish","type":"product","link":"https:\/\/monti.lt\/en\/product\/little-dutch-medinis-irankiu-rinkinys\/","title":{"rendered":"Little Dutch medinis \u012franki\u0173 rinkinys"},"content":{"rendered":"<p>Pad\u0117kite atlikti nam\u0173 ruo\u0161os darbus! \u201eLittle Dutch\u201c \u012franki\u0173 d\u0117\u017e\u0119 sudaro 20 \u0161velni\u0173 m\u0117t\u0173 ir m\u0117lyn\u0173 atspalvi\u0173 dali\u0173. D\u0117\u017eut\u0117 garantuoja daug d\u017eiaugsmo kiekvienam ma\u017eajam nam\u0173 meistrui. J\u016bs\u0173 vaikas \u017eais ir kartu mokysis ger\u0173 motorini\u0173 \u012fg\u016bd\u017ei\u0173.<\/p>\n\n\n\n<p>Gaminio matmenys: 14,6 x 12,6 x 25,6 cm<br>Med\u017eiaga: mediena<br>Am\u017eius: 36+ m\u0117n.<br>Standartinis: EN-71-1-2-3<\/p>","protected":false},"excerpt":{"rendered":"<p>Pad\u0117kite atlikti nam\u0173 ruo\u0161os darbus! \u201eLittle Dutch\u201c \u012franki\u0173 d\u0117\u017e\u0119 sudaro 20 \u0161velni\u0173 m\u0117t\u0173 ir m\u0117lyn\u0173 atspalvi\u0173 dali\u0173. D\u0117\u017eut\u0117 garantuoja daug d\u017eiaugsmo kiekvienam ma\u017eajam nam\u0173 meistrui. J\u016bs\u0173 vaikas \u017eais ir kartu mokysis ger\u0173 motorini\u0173 \u012fg\u016bd\u017ei\u0173. Gaminio matmenys: 14,6 x 12,6 x 25,6 cmMed\u017eiaga: medienaAm\u017eius: 36+ m\u0117n.Standartinis: EN-71-1-2-3<\/p>","protected":false},"featured_media":27123,"template":"","meta":{"_acf_changed":false,"iawp_total_views":255},"product_cat":[194,195,197,192,244,102],"product_tag":[96,97,98],"class_list":{"0":"post-27122","1":"product","2":"type-product","3":"status-publish","4":"has-post-thumbnail","6":"product_cat-dovanos-vaikams-2-3-metu","7":"product_cat-dovanos-vaikams-3-4-metu","8":"product_cat-dovanos-berniukams","9":"product_cat-kaledines-dovanos-vaikams","10":"product_cat-little-dutch","11":"product_cat-mediniai-zaislai","12":"product_tag-2-m-3-m","13":"product_tag-3-m-4-m","14":"product_tag-5-m-7-m","16":"first","17":"outofstock","18":"sale","19":"taxable","20":"shipping-taxable","21":"purchasable","22":"product-type-simple"},"acf":[],"yoast_head":"<!-- This site is optimized with the Yoast SEO plugin v23.3 - https:\/\/yoast.com\/wordpress\/plugins\/seo\/ -->\n<title>Little Dutch medinis \u012franki\u0173 rinkinys - Montessori \u017eaislai<\/title>\n<meta name=\"robots\" content=\"index, follow, max-snippet:-1, max-image-preview:large, max-video-preview:-1\" \/>\n<link rel=\"canonical\" href=\"https:\/\/monti.lt\/en\/product\/little-dutch-medinis-irankiu-rinkinys\/\" \/>\n<meta property=\"og:locale\" content=\"en_US\" \/>\n<meta property=\"og:type\" content=\"article\" \/>\n<meta property=\"og:title\" content=\"Little Dutch medinis \u012franki\u0173 rinkinys - Montessori \u017eaislai\" \/>\n<meta property=\"og:description\" content=\"Pad\u0117kite atlikti nam\u0173 ruo\u0161os darbus! \u201eLittle Dutch\u201c \u012franki\u0173 d\u0117\u017e\u0119 sudaro 20 \u0161velni\u0173 m\u0117t\u0173 ir m\u0117lyn\u0173 atspalvi\u0173 dali\u0173. D\u0117\u017eut\u0117 garantuoja daug d\u017eiaugsmo kiekvienam ma\u017eajam nam\u0173 meistrui. J\u016bs\u0173 vaikas \u017eais ir kartu mokysis ger\u0173 motorini\u0173 \u012fg\u016bd\u017ei\u0173. Gaminio matmenys: 14,6 x 12,6 x 25,6 cmMed\u017eiaga: medienaAm\u017eius: 36+ m\u0117n.Standartinis: EN-71-1-2-3\" \/>\n<meta property=\"og:url\" content=\"https:\/\/monti.lt\/en\/product\/little-dutch-medinis-irankiu-rinkinys\/\" \/>\n<meta property=\"og:site_name\" content=\"Montessori \u017eaislai\" \/>\n<meta property=\"article:modified_time\" content=\"2025-11-30T10:47:35+00:00\" \/>\n<meta property=\"og:image\" content=\"https:\/\/monti.lt\/wp-content\/uploads\/2024\/11\/irankiu.jpg\" \/>\n\t<meta property=\"og:image:width\" content=\"640\" \/>\n\t<meta property=\"og:image:height\" content=\"640\" \/>\n\t<meta property=\"og:image:type\" content=\"image\/jpeg\" \/>\n<meta name=\"twitter:card\" content=\"summary_large_image\" \/>\n<meta name=\"twitter:label1\" content=\"Est. reading time\" \/>\n\t<meta name=\"twitter:data1\" content=\"1 minute\" \/>\n<script type=\"application\/ld+json\" class=\"yoast-schema-graph\">{\"@context\":\"https:\/\/schema.org\",\"@graph\":[{\"@type\":\"WebPage\",\"@id\":\"https:\/\/monti.lt\/product\/little-dutch-medinis-irankiu-rinkinys\/\",\"url\":\"https:\/\/monti.lt\/product\/little-dutch-medinis-irankiu-rinkinys\/\",\"name\":\"Little Dutch medinis \u012franki\u0173 rinkinys - Montessori \u017eaislai\",\"isPartOf\":{\"@id\":\"https:\/\/monti.lt\/#website\"},\"primaryImageOfPage\":{\"@id\":\"https:\/\/monti.lt\/product\/little-dutch-medinis-irankiu-rinkinys\/#primaryimage\"},\"image\":{\"@id\":\"https:\/\/monti.lt\/product\/little-dutch-medinis-irankiu-rinkinys\/#primaryimage\"},\"thumbnailUrl\":\"https:\/\/monti.lt\/wp-content\/uploads\/2024\/11\/irankiu.jpg\",\"datePublished\":\"2024-11-11T12:47:53+00:00\",\"dateModified\":\"2025-11-30T10:47:35+00:00\",\"breadcrumb\":{\"@id\":\"https:\/\/monti.lt\/product\/little-dutch-medinis-irankiu-rinkinys\/#breadcrumb\"},\"inLanguage\":\"en-US\",\"potentialAction\":[{\"@type\":\"ReadAction\",\"target\":[\"https:\/\/monti.lt\/product\/little-dutch-medinis-irankiu-rinkinys\/\"]}]},{\"@type\":\"ImageObject\",\"inLanguage\":\"en-US\",\"@id\":\"https:\/\/monti.lt\/product\/little-dutch-medinis-irankiu-rinkinys\/#primaryimage\",\"url\":\"https:\/\/monti.lt\/wp-content\/uploads\/2024\/11\/irankiu.jpg\",\"contentUrl\":\"https:\/\/monti.lt\/wp-content\/uploads\/2024\/11\/irankiu.jpg\",\"width\":640,\"height\":640,\"caption\":\"irankiu rinkinys\"},{\"@type\":\"BreadcrumbList\",\"@id\":\"https:\/\/monti.lt\/product\/little-dutch-medinis-irankiu-rinkinys\/#breadcrumb\",\"itemListElement\":[{\"@type\":\"ListItem\",\"position\":1,\"name\":\"Home\",\"item\":\"https:\/\/monti.lt\/\"},{\"@type\":\"ListItem\",\"position\":2,\"name\":\"Parduotuv\u0117\",\"item\":\"https:\/\/monti.lt\/shop\/\"},{\"@type\":\"ListItem\",\"position\":3,\"name\":\"Little Dutch medinis \u012franki\u0173 rinkinys\"}]},{\"@type\":\"WebSite\",\"@id\":\"https:\/\/monti.lt\/#website\",\"url\":\"https:\/\/monti.lt\/\",\"name\":\"Montessori \u017eaislai\",\"description\":\"\",\"publisher\":{\"@id\":\"https:\/\/monti.lt\/#organization\"},\"potentialAction\":[{\"@type\":\"SearchAction\",\"target\":{\"@type\":\"EntryPoint\",\"urlTemplate\":\"https:\/\/monti.lt\/?s={search_term_string}\"},\"query-input\":\"required name=search_term_string\"}],\"inLanguage\":\"en-US\"},{\"@type\":\"Organization\",\"@id\":\"https:\/\/monti.lt\/#organization\",\"name\":\"Montessori \u017eaislai\",\"url\":\"https:\/\/monti.lt\/\",\"logo\":{\"@type\":\"ImageObject\",\"inLanguage\":\"en-US\",\"@id\":\"https:\/\/monti.lt\/#\/schema\/logo\/image\/\",\"url\":\"https:\/\/monti.lt\/wp-content\/uploads\/2022\/03\/montilogo-1.png\",\"contentUrl\":\"https:\/\/monti.lt\/wp-content\/uploads\/2022\/03\/montilogo-1.png\",\"width\":512,\"height\":512,\"caption\":\"Montessori \u017eaislai\"},\"image\":{\"@id\":\"https:\/\/monti.lt\/#\/schema\/logo\/image\/\"}}]}<\/script>\n<!-- \/ Yoast SEO plugin. -->","yoast_head_json":{"title":"Little Dutch medinis \u012franki\u0173 rinkinys - Montessori \u017eaislai","robots":{"index":"index","follow":"follow","max-snippet":"max-snippet:-1","max-image-preview":"max-image-preview:large","max-video-preview":"max-video-preview:-1"},"canonical":"https:\/\/monti.lt\/en\/product\/little-dutch-medinis-irankiu-rinkinys\/","og_locale":"en_US","og_type":"article","og_title":"Little Dutch medinis \u012franki\u0173 rinkinys - Montessori \u017eaislai","og_description":"Pad\u0117kite atlikti nam\u0173 ruo\u0161os darbus! \u201eLittle Dutch\u201c \u012franki\u0173 d\u0117\u017e\u0119 sudaro 20 \u0161velni\u0173 m\u0117t\u0173 ir m\u0117lyn\u0173 atspalvi\u0173 dali\u0173. D\u0117\u017eut\u0117 garantuoja daug d\u017eiaugsmo kiekvienam ma\u017eajam nam\u0173 meistrui. J\u016bs\u0173 vaikas \u017eais ir kartu mokysis ger\u0173 motorini\u0173 \u012fg\u016bd\u017ei\u0173. Gaminio matmenys: 14,6 x 12,6 x 25,6 cmMed\u017eiaga: medienaAm\u017eius: 36+ m\u0117n.Standartinis: EN-71-1-2-3","og_url":"https:\/\/monti.lt\/en\/product\/little-dutch-medinis-irankiu-rinkinys\/","og_site_name":"Montessori \u017eaislai","article_modified_time":"2025-11-30T10:47:35+00:00","og_image":[{"width":640,"height":640,"url":"https:\/\/monti.lt\/wp-content\/uploads\/2024\/11\/irankiu.jpg","type":"image\/jpeg"}],"twitter_card":"summary_large_image","twitter_misc":{"Est. reading time":"1 minute"},"schema":{"@context":"https:\/\/schema.org","@graph":[{"@type":"WebPage","@id":"https:\/\/monti.lt\/product\/little-dutch-medinis-irankiu-rinkinys\/","url":"https:\/\/monti.lt\/product\/little-dutch-medinis-irankiu-rinkinys\/","name":"Little Dutch medinis \u012franki\u0173 rinkinys - Montessori \u017eaislai","isPartOf":{"@id":"https:\/\/monti.lt\/#website"},"primaryImageOfPage":{"@id":"https:\/\/monti.lt\/product\/little-dutch-medinis-irankiu-rinkinys\/#primaryimage"},"image":{"@id":"https:\/\/monti.lt\/product\/little-dutch-medinis-irankiu-rinkinys\/#primaryimage"},"thumbnailUrl":"https:\/\/monti.lt\/wp-content\/uploads\/2024\/11\/irankiu.jpg","datePublished":"2024-11-11T12:47:53+00:00","dateModified":"2025-11-30T10:47:35+00:00","breadcrumb":{"@id":"https:\/\/monti.lt\/product\/little-dutch-medinis-irankiu-rinkinys\/#breadcrumb"},"inLanguage":"en-US","potentialAction":[{"@type":"ReadAction","target":["https:\/\/monti.lt\/product\/little-dutch-medinis-irankiu-rinkinys\/"]}]},{"@type":"ImageObject","inLanguage":"en-US","@id":"https:\/\/monti.lt\/product\/little-dutch-medinis-irankiu-rinkinys\/#primaryimage","url":"https:\/\/monti.lt\/wp-content\/uploads\/2024\/11\/irankiu.jpg","contentUrl":"https:\/\/monti.lt\/wp-content\/uploads\/2024\/11\/irankiu.jpg","width":640,"height":640,"caption":"irankiu rinkinys"},{"@type":"BreadcrumbList","@id":"https:\/\/monti.lt\/product\/little-dutch-medinis-irankiu-rinkinys\/#breadcrumb","itemListElement":[{"@type":"ListItem","position":1,"name":"Home","item":"https:\/\/monti.lt\/"},{"@type":"ListItem","position":2,"name":"Parduotuv\u0117","item":"https:\/\/monti.lt\/shop\/"},{"@type":"ListItem","position":3,"name":"Little Dutch medinis \u012franki\u0173 rinkinys"}]},{"@type":"WebSite","@id":"https:\/\/monti.lt\/#website","url":"https:\/\/monti.lt\/","name":"Montessori \u017eaislai","description":"","publisher":{"@id":"https:\/\/monti.lt\/#organization"},"potentialAction":[{"@type":"SearchAction","target":{"@type":"EntryPoint","urlTemplate":"https:\/\/monti.lt\/?s={search_term_string}"},"query-input":"required name=search_term_string"}],"inLanguage":"en-US"},{"@type":"Organization","@id":"https:\/\/monti.lt\/#organization","name":"Montessori \u017eaislai","url":"https:\/\/monti.lt\/","logo":{"@type":"ImageObject","inLanguage":"en-US","@id":"https:\/\/monti.lt\/#\/schema\/logo\/image\/","url":"https:\/\/monti.lt\/wp-content\/uploads\/2022\/03\/montilogo-1.png","contentUrl":"https:\/\/monti.lt\/wp-content\/uploads\/2022\/03\/montilogo-1.png","width":512,"height":512,"caption":"Montessori \u017eaislai"},"image":{"@id":"https:\/\/monti.lt\/#\/schema\/logo\/image\/"}}]}},"_links":{"self":[{"href":"https:\/\/monti.lt\/en\/wp-json\/wp\/v2\/product\/27122"}],"collection":[{"href":"https:\/\/monti.lt\/en\/wp-json\/wp\/v2\/product"}],"about":[{"href":"https:\/\/monti.lt\/en\/wp-json\/wp\/v2\/types\/product"}],"version-history":[{"count":2,"href":"https:\/\/monti.lt\/en\/wp-json\/wp\/v2\/product\/27122\/revisions"}],"predecessor-version":[{"id":27401,"href":"https:\/\/monti.lt\/en\/wp-json\/wp\/v2\/product\/27122\/revisions\/27401"}],"wp:featuredmedia":[{"embeddable":true,"href":"https:\/\/monti.lt\/en\/wp-json\/wp\/v2\/media\/27123"}],"wp:attachment":[{"href":"https:\/\/monti.lt\/en\/wp-json\/wp\/v2\/media?parent=27122"}],"wp:term":[{"taxonomy":"product_cat","embeddable":true,"href":"https:\/\/monti.lt\/en\/wp-json\/wp\/v2\/product_cat?post=27122"},{"taxonomy":"product_tag","embeddable":true,"href":"https:\/\/monti.lt\/en\/wp-json\/wp\/v2\/product_tag?post=27122"}],"curies":[{"name":"wp","href":"https:\/\/api.w.org\/{rel}","templated":true}]}}