{"id":27140,"date":"2024-11-11T12:51:56","date_gmt":"2024-11-11T12:51:56","guid":{"rendered":"https:\/\/monti.lt\/?post_type=product&#038;p=27140"},"modified":"2024-12-16T14:39:38","modified_gmt":"2024-12-16T14:39:38","slug":"little-dutch-muzikine-papuosalu-dezute","status":"publish","type":"product","link":"https:\/\/monti.lt\/en\/product\/little-dutch-muzikine-papuosalu-dezute\/","title":{"rendered":"Little Dutch muzikin\u0117 papuo\u0161al\u0173 d\u0117\u017eut\u0117"},"content":{"rendered":"<p>Sukis aplink ma\u017e\u0105j\u0105 Roz\u0105! \u0160ioje gra\u017eioje papuo\u0161al\u0173 d\u0117\u017eut\u0117je balerina Roza nekantriai laukia, kada gal\u0117s parodyti savo balerinos piruet\u0105. \u012ejunkite j\u0105 ir ji suksis skambant sald\u017eiai lop\u0161inei. Tai puiki vieta juvelyriniams dirbiniams ir ma\u017eiems suvenyrams laikyti. Muzikin\u0119 papuo\u0161al\u0173 d\u0117\u017eut\u0119 puo\u0161ia m\u016bs\u0173 G\u0117li\u0173 ir drugeli\u0173 dizainas, o viduje yra ma\u017eas g\u0117l\u0117s formos veidrod\u0117lis.<\/p>\n\n\n\n<p>Marijampol\u0117: MDF, popierius ir plastikas<br>Gaminio matmenys: Drob\u0117s: 8,7 x 11 x 14,90 cm<br>Pakuot\u0117s turinys: Sud\u0117tis: 1 juvelyrini\u0173 dirbini\u0173 d\u0117\u017eut\u0117 su natomis<\/p>","protected":false},"excerpt":{"rendered":"<p>Sukis aplink ma\u017e\u0105j\u0105 Roz\u0105! \u0160ioje gra\u017eioje papuo\u0161al\u0173 d\u0117\u017eut\u0117je balerina Roza nekantriai laukia, kada gal\u0117s parodyti savo balerinos piruet\u0105. \u012ejunkite j\u0105 ir ji suksis skambant sald\u017eiai lop\u0161inei. Tai puiki vieta juvelyriniams dirbiniams ir ma\u017eiems suvenyrams laikyti. Muzikin\u0119 papuo\u0161al\u0173 d\u0117\u017eut\u0119 puo\u0161ia m\u016bs\u0173 G\u0117li\u0173 ir drugeli\u0173 dizainas, o viduje yra ma\u017eas g\u0117l\u0117s formos veidrod\u0117lis. Marijampol\u0117: MDF, popierius ir [&hellip;]<\/p>","protected":false},"featured_media":27141,"template":"","meta":{"_acf_changed":false,"iawp_total_views":292},"product_cat":[195,216,217,196,192,81,244,50],"product_tag":[96,97,98],"class_list":{"0":"post-27140","1":"product","2":"type-product","3":"status-publish","4":"has-post-thumbnail","6":"product_cat-dovanos-vaikams-3-4-metu","7":"product_cat-dovanos-4-5-metu-vaikams","8":"product_cat-dovanos-5-7-metu-vaikams","9":"product_cat-dovanos-mergaitems","10":"product_cat-kaledines-dovanos-vaikams","11":"product_cat-kiti-zaislai","12":"product_cat-little-dutch","13":"product_cat-top-dovanos","14":"product_tag-2-m-3-m","15":"product_tag-3-m-4-m","16":"product_tag-5-m-7-m","18":"first","19":"outofstock","20":"taxable","21":"shipping-taxable","22":"purchasable","23":"product-type-simple"},"acf":[],"yoast_head":"<!-- This site is optimized with the Yoast SEO plugin v23.3 - https:\/\/yoast.com\/wordpress\/plugins\/seo\/ -->\n<title>Little Dutch muzikin\u0117 papuo\u0161al\u0173 d\u0117\u017eut\u0117 - Montessori \u017eaislai<\/title>\n<meta name=\"robots\" content=\"index, follow, max-snippet:-1, max-image-preview:large, max-video-preview:-1\" \/>\n<link rel=\"canonical\" href=\"https:\/\/monti.lt\/en\/product\/little-dutch-muzikine-papuosalu-dezute\/\" \/>\n<meta property=\"og:locale\" content=\"en_US\" \/>\n<meta property=\"og:type\" content=\"article\" \/>\n<meta property=\"og:title\" content=\"Little Dutch muzikin\u0117 papuo\u0161al\u0173 d\u0117\u017eut\u0117 - Montessori \u017eaislai\" \/>\n<meta property=\"og:description\" content=\"Sukis aplink ma\u017e\u0105j\u0105 Roz\u0105! \u0160ioje gra\u017eioje papuo\u0161al\u0173 d\u0117\u017eut\u0117je balerina Roza nekantriai laukia, kada gal\u0117s parodyti savo balerinos piruet\u0105. \u012ejunkite j\u0105 ir ji suksis skambant sald\u017eiai lop\u0161inei. Tai puiki vieta juvelyriniams dirbiniams ir ma\u017eiems suvenyrams laikyti. Muzikin\u0119 papuo\u0161al\u0173 d\u0117\u017eut\u0119 puo\u0161ia m\u016bs\u0173 G\u0117li\u0173 ir drugeli\u0173 dizainas, o viduje yra ma\u017eas g\u0117l\u0117s formos veidrod\u0117lis. Marijampol\u0117: MDF, popierius ir [&hellip;]\" \/>\n<meta property=\"og:url\" content=\"https:\/\/monti.lt\/en\/product\/little-dutch-muzikine-papuosalu-dezute\/\" \/>\n<meta property=\"og:site_name\" content=\"Montessori \u017eaislai\" \/>\n<meta property=\"article:modified_time\" content=\"2024-12-16T14:39:38+00:00\" \/>\n<meta property=\"og:image\" content=\"https:\/\/monti.lt\/wp-content\/uploads\/2024\/11\/muzikine-dezute.jpg\" \/>\n\t<meta property=\"og:image:width\" content=\"960\" \/>\n\t<meta property=\"og:image:height\" content=\"617\" \/>\n\t<meta property=\"og:image:type\" content=\"image\/jpeg\" \/>\n<meta name=\"twitter:card\" content=\"summary_large_image\" \/>\n<meta name=\"twitter:label1\" content=\"Est. reading time\" \/>\n\t<meta name=\"twitter:data1\" content=\"1 minute\" \/>\n<script type=\"application\/ld+json\" class=\"yoast-schema-graph\">{\"@context\":\"https:\/\/schema.org\",\"@graph\":[{\"@type\":\"WebPage\",\"@id\":\"https:\/\/monti.lt\/product\/little-dutch-muzikine-papuosalu-dezute\/\",\"url\":\"https:\/\/monti.lt\/product\/little-dutch-muzikine-papuosalu-dezute\/\",\"name\":\"Little Dutch muzikin\u0117 papuo\u0161al\u0173 d\u0117\u017eut\u0117 - Montessori \u017eaislai\",\"isPartOf\":{\"@id\":\"https:\/\/monti.lt\/#website\"},\"primaryImageOfPage\":{\"@id\":\"https:\/\/monti.lt\/product\/little-dutch-muzikine-papuosalu-dezute\/#primaryimage\"},\"image\":{\"@id\":\"https:\/\/monti.lt\/product\/little-dutch-muzikine-papuosalu-dezute\/#primaryimage\"},\"thumbnailUrl\":\"https:\/\/monti.lt\/wp-content\/uploads\/2024\/11\/muzikine-dezute.jpg\",\"datePublished\":\"2024-11-11T12:51:56+00:00\",\"dateModified\":\"2024-12-16T14:39:38+00:00\",\"breadcrumb\":{\"@id\":\"https:\/\/monti.lt\/product\/little-dutch-muzikine-papuosalu-dezute\/#breadcrumb\"},\"inLanguage\":\"en-US\",\"potentialAction\":[{\"@type\":\"ReadAction\",\"target\":[\"https:\/\/monti.lt\/product\/little-dutch-muzikine-papuosalu-dezute\/\"]}]},{\"@type\":\"ImageObject\",\"inLanguage\":\"en-US\",\"@id\":\"https:\/\/monti.lt\/product\/little-dutch-muzikine-papuosalu-dezute\/#primaryimage\",\"url\":\"https:\/\/monti.lt\/wp-content\/uploads\/2024\/11\/muzikine-dezute.jpg\",\"contentUrl\":\"https:\/\/monti.lt\/wp-content\/uploads\/2024\/11\/muzikine-dezute.jpg\",\"width\":960,\"height\":617,\"caption\":\"papuosalu dezute\"},{\"@type\":\"BreadcrumbList\",\"@id\":\"https:\/\/monti.lt\/product\/little-dutch-muzikine-papuosalu-dezute\/#breadcrumb\",\"itemListElement\":[{\"@type\":\"ListItem\",\"position\":1,\"name\":\"Home\",\"item\":\"https:\/\/monti.lt\/\"},{\"@type\":\"ListItem\",\"position\":2,\"name\":\"Parduotuv\u0117\",\"item\":\"https:\/\/monti.lt\/shop\/\"},{\"@type\":\"ListItem\",\"position\":3,\"name\":\"Little Dutch muzikin\u0117 papuo\u0161al\u0173 d\u0117\u017eut\u0117\"}]},{\"@type\":\"WebSite\",\"@id\":\"https:\/\/monti.lt\/#website\",\"url\":\"https:\/\/monti.lt\/\",\"name\":\"Montessori \u017eaislai\",\"description\":\"\",\"publisher\":{\"@id\":\"https:\/\/monti.lt\/#organization\"},\"potentialAction\":[{\"@type\":\"SearchAction\",\"target\":{\"@type\":\"EntryPoint\",\"urlTemplate\":\"https:\/\/monti.lt\/?s={search_term_string}\"},\"query-input\":\"required name=search_term_string\"}],\"inLanguage\":\"en-US\"},{\"@type\":\"Organization\",\"@id\":\"https:\/\/monti.lt\/#organization\",\"name\":\"Montessori \u017eaislai\",\"url\":\"https:\/\/monti.lt\/\",\"logo\":{\"@type\":\"ImageObject\",\"inLanguage\":\"en-US\",\"@id\":\"https:\/\/monti.lt\/#\/schema\/logo\/image\/\",\"url\":\"https:\/\/monti.lt\/wp-content\/uploads\/2022\/03\/montilogo-1.png\",\"contentUrl\":\"https:\/\/monti.lt\/wp-content\/uploads\/2022\/03\/montilogo-1.png\",\"width\":512,\"height\":512,\"caption\":\"Montessori \u017eaislai\"},\"image\":{\"@id\":\"https:\/\/monti.lt\/#\/schema\/logo\/image\/\"}}]}<\/script>\n<!-- \/ Yoast SEO plugin. -->","yoast_head_json":{"title":"Little Dutch muzikin\u0117 papuo\u0161al\u0173 d\u0117\u017eut\u0117 - Montessori \u017eaislai","robots":{"index":"index","follow":"follow","max-snippet":"max-snippet:-1","max-image-preview":"max-image-preview:large","max-video-preview":"max-video-preview:-1"},"canonical":"https:\/\/monti.lt\/en\/product\/little-dutch-muzikine-papuosalu-dezute\/","og_locale":"en_US","og_type":"article","og_title":"Little Dutch muzikin\u0117 papuo\u0161al\u0173 d\u0117\u017eut\u0117 - Montessori \u017eaislai","og_description":"Sukis aplink ma\u017e\u0105j\u0105 Roz\u0105! \u0160ioje gra\u017eioje papuo\u0161al\u0173 d\u0117\u017eut\u0117je balerina Roza nekantriai laukia, kada gal\u0117s parodyti savo balerinos piruet\u0105. \u012ejunkite j\u0105 ir ji suksis skambant sald\u017eiai lop\u0161inei. Tai puiki vieta juvelyriniams dirbiniams ir ma\u017eiems suvenyrams laikyti. Muzikin\u0119 papuo\u0161al\u0173 d\u0117\u017eut\u0119 puo\u0161ia m\u016bs\u0173 G\u0117li\u0173 ir drugeli\u0173 dizainas, o viduje yra ma\u017eas g\u0117l\u0117s formos veidrod\u0117lis. Marijampol\u0117: MDF, popierius ir [&hellip;]","og_url":"https:\/\/monti.lt\/en\/product\/little-dutch-muzikine-papuosalu-dezute\/","og_site_name":"Montessori \u017eaislai","article_modified_time":"2024-12-16T14:39:38+00:00","og_image":[{"width":960,"height":617,"url":"https:\/\/monti.lt\/wp-content\/uploads\/2024\/11\/muzikine-dezute.jpg","type":"image\/jpeg"}],"twitter_card":"summary_large_image","twitter_misc":{"Est. reading time":"1 minute"},"schema":{"@context":"https:\/\/schema.org","@graph":[{"@type":"WebPage","@id":"https:\/\/monti.lt\/product\/little-dutch-muzikine-papuosalu-dezute\/","url":"https:\/\/monti.lt\/product\/little-dutch-muzikine-papuosalu-dezute\/","name":"Little Dutch muzikin\u0117 papuo\u0161al\u0173 d\u0117\u017eut\u0117 - Montessori \u017eaislai","isPartOf":{"@id":"https:\/\/monti.lt\/#website"},"primaryImageOfPage":{"@id":"https:\/\/monti.lt\/product\/little-dutch-muzikine-papuosalu-dezute\/#primaryimage"},"image":{"@id":"https:\/\/monti.lt\/product\/little-dutch-muzikine-papuosalu-dezute\/#primaryimage"},"thumbnailUrl":"https:\/\/monti.lt\/wp-content\/uploads\/2024\/11\/muzikine-dezute.jpg","datePublished":"2024-11-11T12:51:56+00:00","dateModified":"2024-12-16T14:39:38+00:00","breadcrumb":{"@id":"https:\/\/monti.lt\/product\/little-dutch-muzikine-papuosalu-dezute\/#breadcrumb"},"inLanguage":"en-US","potentialAction":[{"@type":"ReadAction","target":["https:\/\/monti.lt\/product\/little-dutch-muzikine-papuosalu-dezute\/"]}]},{"@type":"ImageObject","inLanguage":"en-US","@id":"https:\/\/monti.lt\/product\/little-dutch-muzikine-papuosalu-dezute\/#primaryimage","url":"https:\/\/monti.lt\/wp-content\/uploads\/2024\/11\/muzikine-dezute.jpg","contentUrl":"https:\/\/monti.lt\/wp-content\/uploads\/2024\/11\/muzikine-dezute.jpg","width":960,"height":617,"caption":"papuosalu dezute"},{"@type":"BreadcrumbList","@id":"https:\/\/monti.lt\/product\/little-dutch-muzikine-papuosalu-dezute\/#breadcrumb","itemListElement":[{"@type":"ListItem","position":1,"name":"Home","item":"https:\/\/monti.lt\/"},{"@type":"ListItem","position":2,"name":"Parduotuv\u0117","item":"https:\/\/monti.lt\/shop\/"},{"@type":"ListItem","position":3,"name":"Little Dutch muzikin\u0117 papuo\u0161al\u0173 d\u0117\u017eut\u0117"}]},{"@type":"WebSite","@id":"https:\/\/monti.lt\/#website","url":"https:\/\/monti.lt\/","name":"Montessori \u017eaislai","description":"","publisher":{"@id":"https:\/\/monti.lt\/#organization"},"potentialAction":[{"@type":"SearchAction","target":{"@type":"EntryPoint","urlTemplate":"https:\/\/monti.lt\/?s={search_term_string}"},"query-input":"required name=search_term_string"}],"inLanguage":"en-US"},{"@type":"Organization","@id":"https:\/\/monti.lt\/#organization","name":"Montessori \u017eaislai","url":"https:\/\/monti.lt\/","logo":{"@type":"ImageObject","inLanguage":"en-US","@id":"https:\/\/monti.lt\/#\/schema\/logo\/image\/","url":"https:\/\/monti.lt\/wp-content\/uploads\/2022\/03\/montilogo-1.png","contentUrl":"https:\/\/monti.lt\/wp-content\/uploads\/2022\/03\/montilogo-1.png","width":512,"height":512,"caption":"Montessori \u017eaislai"},"image":{"@id":"https:\/\/monti.lt\/#\/schema\/logo\/image\/"}}]}},"_links":{"self":[{"href":"https:\/\/monti.lt\/en\/wp-json\/wp\/v2\/product\/27140"}],"collection":[{"href":"https:\/\/monti.lt\/en\/wp-json\/wp\/v2\/product"}],"about":[{"href":"https:\/\/monti.lt\/en\/wp-json\/wp\/v2\/types\/product"}],"version-history":[{"count":2,"href":"https:\/\/monti.lt\/en\/wp-json\/wp\/v2\/product\/27140\/revisions"}],"predecessor-version":[{"id":27405,"href":"https:\/\/monti.lt\/en\/wp-json\/wp\/v2\/product\/27140\/revisions\/27405"}],"wp:featuredmedia":[{"embeddable":true,"href":"https:\/\/monti.lt\/en\/wp-json\/wp\/v2\/media\/27141"}],"wp:attachment":[{"href":"https:\/\/monti.lt\/en\/wp-json\/wp\/v2\/media?parent=27140"}],"wp:term":[{"taxonomy":"product_cat","embeddable":true,"href":"https:\/\/monti.lt\/en\/wp-json\/wp\/v2\/product_cat?post=27140"},{"taxonomy":"product_tag","embeddable":true,"href":"https:\/\/monti.lt\/en\/wp-json\/wp\/v2\/product_tag?post=27140"}],"curies":[{"name":"wp","href":"https:\/\/api.w.org\/{rel}","templated":true}]}}