{"id":27142,"date":"2024-11-11T12:55:44","date_gmt":"2024-11-11T12:55:44","guid":{"rendered":"https:\/\/monti.lt\/?post_type=product&#038;p=27142"},"modified":"2025-11-12T20:18:45","modified_gmt":"2025-11-12T20:18:45","slug":"little-dutch-traukinukas-misko-gyvunai","status":"publish","type":"product","link":"https:\/\/monti.lt\/en\/product\/little-dutch-traukinukas-misko-gyvunai\/","title":{"rendered":"Little Dutch traukinukas &#8220;Mi\u0161ko gyv\u016bnai&#8221;"},"content":{"rendered":"<p>Choo choo! Surinkite visus mielus gyv\u016bnus, g\u0117les ir lobius i\u0161 Pasak\u0173 sodo ir leiskit\u0117s \u012f stebukling\u0105 kelion\u0119. Sud\u0117kite visas kalad\u0117les vien\u0105 po kitos \u012f tris \u0161io medinio sudedamojo traukinio vagonus. E\u017eiukas imsis iniciatyvos ir s\u0117d\u0117s priekyje. Kuri g\u0117l\u0117 va\u017eiuos paskui, o kur s\u0117d\u0117s boru\u017e\u0117l\u0117? Kiekviena kalad\u0117l\u0117 taps j\u016bs\u0173 vaizduot\u0117s istorijos dalimi. Smagus b\u016bdas \u017eaisti ir kartu lavinti rank\u0173 ir aki\u0173 koordinacij\u0105. Traukinuk\u0105 sudaro 15 dali\u0173, jo ilgis &#8211; ma\u017edaug 45 cm.<\/p>\n\n\n\n<p>Matmenys: 40,8 x 7,7 x 12,2 cm.<br>Med\u017eiaga: FSC mediena<br>Am\u017eius: 12+ m\u0117n.<br>Standartinis: EN-71-1-2-3<\/p>\n\n\n\n<p><\/p>\n\n\n\n<p><\/p>","protected":false},"excerpt":{"rendered":"<p>Choo choo! Surinkite visus mielus gyv\u016bnus, g\u0117les ir lobius i\u0161 Pasak\u0173 sodo ir leiskit\u0117s \u012f stebukling\u0105 kelion\u0119. Sud\u0117kite visas kalad\u0117les vien\u0105 po kitos \u012f tris \u0161io medinio sudedamojo traukinio vagonus. E\u017eiukas imsis iniciatyvos ir s\u0117d\u0117s priekyje. Kuri g\u0117l\u0117 va\u017eiuos paskui, o kur s\u0117d\u0117s boru\u017e\u0117l\u0117? Kiekviena kalad\u0117l\u0117 taps j\u016bs\u0173 vaizduot\u0117s istorijos dalimi. Smagus b\u016bdas \u017eaisti ir [&hellip;]<\/p>","protected":false},"featured_media":27144,"template":"","meta":{"_acf_changed":false,"iawp_total_views":115},"product_cat":[92,193,194,191,84,244,102,49,39],"product_tag":[95,96],"class_list":{"0":"post-27142","1":"product","2":"type-product","3":"status-publish","4":"has-post-thumbnail","6":"product_cat-deliones","7":"product_cat-dovanos-vaikams-1-2-metu","8":"product_cat-dovanos-vaikams-2-3-metu","9":"product_cat-dovanos-vaikams","10":"product_cat-lavinamieji-zaislai","11":"product_cat-little-dutch","12":"product_cat-mediniai-zaislai","13":"product_cat-visi-zaislai","14":"product_cat-zaislai","15":"product_tag-1-m-2-m","16":"product_tag-2-m-3-m","18":"first","19":"outofstock","20":"sale","21":"taxable","22":"shipping-taxable","23":"purchasable","24":"product-type-simple"},"acf":[],"yoast_head":"<!-- This site is optimized with the Yoast SEO plugin v23.3 - https:\/\/yoast.com\/wordpress\/plugins\/seo\/ -->\n<title>Little Dutch traukinukas &quot;Mi\u0161ko gyv\u016bnai&quot; - Montessori \u017eaislai<\/title>\n<meta name=\"robots\" content=\"index, follow, max-snippet:-1, max-image-preview:large, max-video-preview:-1\" \/>\n<link rel=\"canonical\" href=\"https:\/\/monti.lt\/en\/product\/little-dutch-traukinukas-misko-gyvunai\/\" \/>\n<meta property=\"og:locale\" content=\"en_US\" \/>\n<meta property=\"og:type\" content=\"article\" \/>\n<meta property=\"og:title\" content=\"Little Dutch traukinukas &quot;Mi\u0161ko gyv\u016bnai&quot; - Montessori \u017eaislai\" \/>\n<meta property=\"og:description\" content=\"Choo choo! Surinkite visus mielus gyv\u016bnus, g\u0117les ir lobius i\u0161 Pasak\u0173 sodo ir leiskit\u0117s \u012f stebukling\u0105 kelion\u0119. Sud\u0117kite visas kalad\u0117les vien\u0105 po kitos \u012f tris \u0161io medinio sudedamojo traukinio vagonus. E\u017eiukas imsis iniciatyvos ir s\u0117d\u0117s priekyje. Kuri g\u0117l\u0117 va\u017eiuos paskui, o kur s\u0117d\u0117s boru\u017e\u0117l\u0117? Kiekviena kalad\u0117l\u0117 taps j\u016bs\u0173 vaizduot\u0117s istorijos dalimi. Smagus b\u016bdas \u017eaisti ir [&hellip;]\" \/>\n<meta property=\"og:url\" content=\"https:\/\/monti.lt\/en\/product\/little-dutch-traukinukas-misko-gyvunai\/\" \/>\n<meta property=\"og:site_name\" content=\"Montessori \u017eaislai\" \/>\n<meta property=\"article:modified_time\" content=\"2025-11-12T20:18:45+00:00\" \/>\n<meta property=\"og:image\" content=\"https:\/\/monti.lt\/wp-content\/uploads\/2024\/11\/LD7335-Product-Stacking-Train-Hedgehog-Fairy-Garden-3.jpg\" \/>\n\t<meta property=\"og:image:width\" content=\"1200\" \/>\n\t<meta property=\"og:image:height\" content=\"1200\" \/>\n\t<meta property=\"og:image:type\" content=\"image\/jpeg\" \/>\n<meta name=\"twitter:card\" content=\"summary_large_image\" \/>\n<meta name=\"twitter:label1\" content=\"Est. reading time\" \/>\n\t<meta name=\"twitter:data1\" content=\"1 minute\" \/>\n<script type=\"application\/ld+json\" class=\"yoast-schema-graph\">{\"@context\":\"https:\/\/schema.org\",\"@graph\":[{\"@type\":\"WebPage\",\"@id\":\"https:\/\/monti.lt\/product\/little-dutch-traukinukas-misko-gyvunai\/\",\"url\":\"https:\/\/monti.lt\/product\/little-dutch-traukinukas-misko-gyvunai\/\",\"name\":\"Little Dutch traukinukas \\\"Mi\u0161ko gyv\u016bnai\\\" - Montessori \u017eaislai\",\"isPartOf\":{\"@id\":\"https:\/\/monti.lt\/#website\"},\"primaryImageOfPage\":{\"@id\":\"https:\/\/monti.lt\/product\/little-dutch-traukinukas-misko-gyvunai\/#primaryimage\"},\"image\":{\"@id\":\"https:\/\/monti.lt\/product\/little-dutch-traukinukas-misko-gyvunai\/#primaryimage\"},\"thumbnailUrl\":\"https:\/\/monti.lt\/wp-content\/uploads\/2024\/11\/LD7335-Product-Stacking-Train-Hedgehog-Fairy-Garden-3.jpg\",\"datePublished\":\"2024-11-11T12:55:44+00:00\",\"dateModified\":\"2025-11-12T20:18:45+00:00\",\"breadcrumb\":{\"@id\":\"https:\/\/monti.lt\/product\/little-dutch-traukinukas-misko-gyvunai\/#breadcrumb\"},\"inLanguage\":\"en-US\",\"potentialAction\":[{\"@type\":\"ReadAction\",\"target\":[\"https:\/\/monti.lt\/product\/little-dutch-traukinukas-misko-gyvunai\/\"]}]},{\"@type\":\"ImageObject\",\"inLanguage\":\"en-US\",\"@id\":\"https:\/\/monti.lt\/product\/little-dutch-traukinukas-misko-gyvunai\/#primaryimage\",\"url\":\"https:\/\/monti.lt\/wp-content\/uploads\/2024\/11\/LD7335-Product-Stacking-Train-Hedgehog-Fairy-Garden-3.jpg\",\"contentUrl\":\"https:\/\/monti.lt\/wp-content\/uploads\/2024\/11\/LD7335-Product-Stacking-Train-Hedgehog-Fairy-Garden-3.jpg\",\"width\":1200,\"height\":1200},{\"@type\":\"BreadcrumbList\",\"@id\":\"https:\/\/monti.lt\/product\/little-dutch-traukinukas-misko-gyvunai\/#breadcrumb\",\"itemListElement\":[{\"@type\":\"ListItem\",\"position\":1,\"name\":\"Home\",\"item\":\"https:\/\/monti.lt\/\"},{\"@type\":\"ListItem\",\"position\":2,\"name\":\"Parduotuv\u0117\",\"item\":\"https:\/\/monti.lt\/shop\/\"},{\"@type\":\"ListItem\",\"position\":3,\"name\":\"Little Dutch traukinukas &#8220;Mi\u0161ko gyv\u016bnai&#8221;\"}]},{\"@type\":\"WebSite\",\"@id\":\"https:\/\/monti.lt\/#website\",\"url\":\"https:\/\/monti.lt\/\",\"name\":\"Montessori \u017eaislai\",\"description\":\"\",\"publisher\":{\"@id\":\"https:\/\/monti.lt\/#organization\"},\"potentialAction\":[{\"@type\":\"SearchAction\",\"target\":{\"@type\":\"EntryPoint\",\"urlTemplate\":\"https:\/\/monti.lt\/?s={search_term_string}\"},\"query-input\":\"required name=search_term_string\"}],\"inLanguage\":\"en-US\"},{\"@type\":\"Organization\",\"@id\":\"https:\/\/monti.lt\/#organization\",\"name\":\"Montessori \u017eaislai\",\"url\":\"https:\/\/monti.lt\/\",\"logo\":{\"@type\":\"ImageObject\",\"inLanguage\":\"en-US\",\"@id\":\"https:\/\/monti.lt\/#\/schema\/logo\/image\/\",\"url\":\"https:\/\/monti.lt\/wp-content\/uploads\/2022\/03\/montilogo-1.png\",\"contentUrl\":\"https:\/\/monti.lt\/wp-content\/uploads\/2022\/03\/montilogo-1.png\",\"width\":512,\"height\":512,\"caption\":\"Montessori \u017eaislai\"},\"image\":{\"@id\":\"https:\/\/monti.lt\/#\/schema\/logo\/image\/\"}}]}<\/script>\n<!-- \/ Yoast SEO plugin. -->","yoast_head_json":{"title":"Little Dutch traukinukas \"Mi\u0161ko gyv\u016bnai\" - Montessori \u017eaislai","robots":{"index":"index","follow":"follow","max-snippet":"max-snippet:-1","max-image-preview":"max-image-preview:large","max-video-preview":"max-video-preview:-1"},"canonical":"https:\/\/monti.lt\/en\/product\/little-dutch-traukinukas-misko-gyvunai\/","og_locale":"en_US","og_type":"article","og_title":"Little Dutch traukinukas \"Mi\u0161ko gyv\u016bnai\" - Montessori \u017eaislai","og_description":"Choo choo! Surinkite visus mielus gyv\u016bnus, g\u0117les ir lobius i\u0161 Pasak\u0173 sodo ir leiskit\u0117s \u012f stebukling\u0105 kelion\u0119. Sud\u0117kite visas kalad\u0117les vien\u0105 po kitos \u012f tris \u0161io medinio sudedamojo traukinio vagonus. E\u017eiukas imsis iniciatyvos ir s\u0117d\u0117s priekyje. Kuri g\u0117l\u0117 va\u017eiuos paskui, o kur s\u0117d\u0117s boru\u017e\u0117l\u0117? Kiekviena kalad\u0117l\u0117 taps j\u016bs\u0173 vaizduot\u0117s istorijos dalimi. Smagus b\u016bdas \u017eaisti ir [&hellip;]","og_url":"https:\/\/monti.lt\/en\/product\/little-dutch-traukinukas-misko-gyvunai\/","og_site_name":"Montessori \u017eaislai","article_modified_time":"2025-11-12T20:18:45+00:00","og_image":[{"width":1200,"height":1200,"url":"https:\/\/monti.lt\/wp-content\/uploads\/2024\/11\/LD7335-Product-Stacking-Train-Hedgehog-Fairy-Garden-3.jpg","type":"image\/jpeg"}],"twitter_card":"summary_large_image","twitter_misc":{"Est. reading time":"1 minute"},"schema":{"@context":"https:\/\/schema.org","@graph":[{"@type":"WebPage","@id":"https:\/\/monti.lt\/product\/little-dutch-traukinukas-misko-gyvunai\/","url":"https:\/\/monti.lt\/product\/little-dutch-traukinukas-misko-gyvunai\/","name":"Little Dutch traukinukas \"Mi\u0161ko gyv\u016bnai\" - Montessori \u017eaislai","isPartOf":{"@id":"https:\/\/monti.lt\/#website"},"primaryImageOfPage":{"@id":"https:\/\/monti.lt\/product\/little-dutch-traukinukas-misko-gyvunai\/#primaryimage"},"image":{"@id":"https:\/\/monti.lt\/product\/little-dutch-traukinukas-misko-gyvunai\/#primaryimage"},"thumbnailUrl":"https:\/\/monti.lt\/wp-content\/uploads\/2024\/11\/LD7335-Product-Stacking-Train-Hedgehog-Fairy-Garden-3.jpg","datePublished":"2024-11-11T12:55:44+00:00","dateModified":"2025-11-12T20:18:45+00:00","breadcrumb":{"@id":"https:\/\/monti.lt\/product\/little-dutch-traukinukas-misko-gyvunai\/#breadcrumb"},"inLanguage":"en-US","potentialAction":[{"@type":"ReadAction","target":["https:\/\/monti.lt\/product\/little-dutch-traukinukas-misko-gyvunai\/"]}]},{"@type":"ImageObject","inLanguage":"en-US","@id":"https:\/\/monti.lt\/product\/little-dutch-traukinukas-misko-gyvunai\/#primaryimage","url":"https:\/\/monti.lt\/wp-content\/uploads\/2024\/11\/LD7335-Product-Stacking-Train-Hedgehog-Fairy-Garden-3.jpg","contentUrl":"https:\/\/monti.lt\/wp-content\/uploads\/2024\/11\/LD7335-Product-Stacking-Train-Hedgehog-Fairy-Garden-3.jpg","width":1200,"height":1200},{"@type":"BreadcrumbList","@id":"https:\/\/monti.lt\/product\/little-dutch-traukinukas-misko-gyvunai\/#breadcrumb","itemListElement":[{"@type":"ListItem","position":1,"name":"Home","item":"https:\/\/monti.lt\/"},{"@type":"ListItem","position":2,"name":"Parduotuv\u0117","item":"https:\/\/monti.lt\/shop\/"},{"@type":"ListItem","position":3,"name":"Little Dutch traukinukas &#8220;Mi\u0161ko gyv\u016bnai&#8221;"}]},{"@type":"WebSite","@id":"https:\/\/monti.lt\/#website","url":"https:\/\/monti.lt\/","name":"Montessori \u017eaislai","description":"","publisher":{"@id":"https:\/\/monti.lt\/#organization"},"potentialAction":[{"@type":"SearchAction","target":{"@type":"EntryPoint","urlTemplate":"https:\/\/monti.lt\/?s={search_term_string}"},"query-input":"required name=search_term_string"}],"inLanguage":"en-US"},{"@type":"Organization","@id":"https:\/\/monti.lt\/#organization","name":"Montessori \u017eaislai","url":"https:\/\/monti.lt\/","logo":{"@type":"ImageObject","inLanguage":"en-US","@id":"https:\/\/monti.lt\/#\/schema\/logo\/image\/","url":"https:\/\/monti.lt\/wp-content\/uploads\/2022\/03\/montilogo-1.png","contentUrl":"https:\/\/monti.lt\/wp-content\/uploads\/2022\/03\/montilogo-1.png","width":512,"height":512,"caption":"Montessori \u017eaislai"},"image":{"@id":"https:\/\/monti.lt\/#\/schema\/logo\/image\/"}}]}},"_links":{"self":[{"href":"https:\/\/monti.lt\/en\/wp-json\/wp\/v2\/product\/27142"}],"collection":[{"href":"https:\/\/monti.lt\/en\/wp-json\/wp\/v2\/product"}],"about":[{"href":"https:\/\/monti.lt\/en\/wp-json\/wp\/v2\/types\/product"}],"version-history":[{"count":1,"href":"https:\/\/monti.lt\/en\/wp-json\/wp\/v2\/product\/27142\/revisions"}],"predecessor-version":[{"id":27152,"href":"https:\/\/monti.lt\/en\/wp-json\/wp\/v2\/product\/27142\/revisions\/27152"}],"wp:featuredmedia":[{"embeddable":true,"href":"https:\/\/monti.lt\/en\/wp-json\/wp\/v2\/media\/27144"}],"wp:attachment":[{"href":"https:\/\/monti.lt\/en\/wp-json\/wp\/v2\/media?parent=27142"}],"wp:term":[{"taxonomy":"product_cat","embeddable":true,"href":"https:\/\/monti.lt\/en\/wp-json\/wp\/v2\/product_cat?post=27142"},{"taxonomy":"product_tag","embeddable":true,"href":"https:\/\/monti.lt\/en\/wp-json\/wp\/v2\/product_tag?post=27142"}],"curies":[{"name":"wp","href":"https:\/\/api.w.org\/{rel}","templated":true}]}}