{"id":27145,"date":"2024-11-11T12:55:05","date_gmt":"2024-11-11T12:55:05","guid":{"rendered":"https:\/\/monti.lt\/?post_type=product&#038;p=27145"},"modified":"2025-10-13T10:29:27","modified_gmt":"2025-10-13T10:29:27","slug":"little-dutch-medinis-kasos-aparatas","status":"publish","type":"product","link":"https:\/\/monti.lt\/en\/product\/little-dutch-medinis-kasos-aparatas\/","title":{"rendered":"Little Dutch medinis kasos aparatas"},"content":{"rendered":"<p>\u0160is gerai suprojektuotas medinis \u017eaislinis kasos aparatas puikiai tinka valandoms maloni\u0173 vaidmen\u0173 \u017eaidim\u0173. \u201eLittle Dutch\u201c kasos aparate yra skaitytuvas, mygtukiniai skai\u010diai, pinig\u0173 stal\u010dius, \u017eaisliniai pinigai ir mok\u0117jimo kortel\u0117s galimyb\u0117. Kasos aparatas yra m\u0117t\u0173 spalvos.<\/p>\n\n\n\n<p>\u012eSP\u0116JIMAS: Netinka jaunesniems nei 3 met\u0173 vaikams d\u0117l ma\u017e\u0173 dali\u0173. Pavojus u\u017espringti.<\/p>\n\n\n\n<p>Gaminio matmenys: 8 x 20 x 21 cm<br>Med\u017eiaga: mediena<br>Am\u017eius: 36+ m\u0117n.<br>Standartas: EN-71-1-2-3<\/p>","protected":false},"excerpt":{"rendered":"<p>\u0160is gerai suprojektuotas medinis \u017eaislinis kasos aparatas puikiai tinka valandoms maloni\u0173 vaidmen\u0173 \u017eaidim\u0173. \u201eLittle Dutch\u201c kasos aparate yra skaitytuvas, mygtukiniai skai\u010diai, pinig\u0173 stal\u010dius, \u017eaisliniai pinigai ir mok\u0117jimo kortel\u0117s galimyb\u0117. Kasos aparatas yra m\u0117t\u0173 spalvos. \u012eSP\u0116JIMAS: Netinka jaunesniems nei 3 met\u0173 vaikams d\u0117l ma\u017e\u0173 dali\u0173. Pavojus u\u017espringti. Gaminio matmenys: 8 x 20 x 21 cmMed\u017eiaga: medienaAm\u017eius: [&hellip;]<\/p>","protected":false},"featured_media":27146,"template":"","meta":{"_acf_changed":false,"iawp_total_views":173},"product_cat":[194,195,197,196,191,192,84,244,102,93,49,39],"product_tag":[97,98],"class_list":{"0":"post-27145","1":"product","2":"type-product","3":"status-publish","4":"has-post-thumbnail","6":"product_cat-dovanos-vaikams-2-3-metu","7":"product_cat-dovanos-vaikams-3-4-metu","8":"product_cat-dovanos-berniukams","9":"product_cat-dovanos-mergaitems","10":"product_cat-dovanos-vaikams","11":"product_cat-kaledines-dovanos-vaikams","12":"product_cat-lavinamieji-zaislai","13":"product_cat-little-dutch","14":"product_cat-mediniai-zaislai","15":"product_cat-vaidmenu-zaidimai","16":"product_cat-visi-zaislai","17":"product_cat-zaislai","18":"product_tag-3-m-4-m","19":"product_tag-5-m-7-m","21":"first","22":"outofstock","23":"sale","24":"taxable","25":"shipping-taxable","26":"purchasable","27":"product-type-simple"},"acf":[],"yoast_head":"<!-- This site is optimized with the Yoast SEO plugin v23.3 - https:\/\/yoast.com\/wordpress\/plugins\/seo\/ -->\n<title>Little Dutch medinis kasos aparatas - Montessori \u017eaislai<\/title>\n<meta name=\"robots\" content=\"index, follow, max-snippet:-1, max-image-preview:large, max-video-preview:-1\" \/>\n<link rel=\"canonical\" href=\"https:\/\/monti.lt\/en\/product\/little-dutch-medinis-kasos-aparatas\/\" \/>\n<meta property=\"og:locale\" content=\"en_US\" \/>\n<meta property=\"og:type\" content=\"article\" \/>\n<meta property=\"og:title\" content=\"Little Dutch medinis kasos aparatas - Montessori \u017eaislai\" \/>\n<meta property=\"og:description\" content=\"\u0160is gerai suprojektuotas medinis \u017eaislinis kasos aparatas puikiai tinka valandoms maloni\u0173 vaidmen\u0173 \u017eaidim\u0173. \u201eLittle Dutch\u201c kasos aparate yra skaitytuvas, mygtukiniai skai\u010diai, pinig\u0173 stal\u010dius, \u017eaisliniai pinigai ir mok\u0117jimo kortel\u0117s galimyb\u0117. Kasos aparatas yra m\u0117t\u0173 spalvos. \u012eSP\u0116JIMAS: Netinka jaunesniems nei 3 met\u0173 vaikams d\u0117l ma\u017e\u0173 dali\u0173. Pavojus u\u017espringti. Gaminio matmenys: 8 x 20 x 21 cmMed\u017eiaga: medienaAm\u017eius: [&hellip;]\" \/>\n<meta property=\"og:url\" content=\"https:\/\/monti.lt\/en\/product\/little-dutch-medinis-kasos-aparatas\/\" \/>\n<meta property=\"og:site_name\" content=\"Montessori \u017eaislai\" \/>\n<meta property=\"article:modified_time\" content=\"2025-10-13T10:29:27+00:00\" \/>\n<meta property=\"og:image\" content=\"https:\/\/monti.lt\/wp-content\/uploads\/2024\/11\/kasos-aparatas.jpg\" \/>\n\t<meta property=\"og:image:width\" content=\"640\" \/>\n\t<meta property=\"og:image:height\" content=\"640\" \/>\n\t<meta property=\"og:image:type\" content=\"image\/jpeg\" \/>\n<meta name=\"twitter:card\" content=\"summary_large_image\" \/>\n<meta name=\"twitter:label1\" content=\"Est. reading time\" \/>\n\t<meta name=\"twitter:data1\" content=\"1 minute\" \/>\n<script type=\"application\/ld+json\" class=\"yoast-schema-graph\">{\"@context\":\"https:\/\/schema.org\",\"@graph\":[{\"@type\":\"WebPage\",\"@id\":\"https:\/\/monti.lt\/product\/little-dutch-medinis-kasos-aparatas\/\",\"url\":\"https:\/\/monti.lt\/product\/little-dutch-medinis-kasos-aparatas\/\",\"name\":\"Little Dutch medinis kasos aparatas - Montessori \u017eaislai\",\"isPartOf\":{\"@id\":\"https:\/\/monti.lt\/#website\"},\"primaryImageOfPage\":{\"@id\":\"https:\/\/monti.lt\/product\/little-dutch-medinis-kasos-aparatas\/#primaryimage\"},\"image\":{\"@id\":\"https:\/\/monti.lt\/product\/little-dutch-medinis-kasos-aparatas\/#primaryimage\"},\"thumbnailUrl\":\"https:\/\/monti.lt\/wp-content\/uploads\/2024\/11\/kasos-aparatas.jpg\",\"datePublished\":\"2024-11-11T12:55:05+00:00\",\"dateModified\":\"2025-10-13T10:29:27+00:00\",\"breadcrumb\":{\"@id\":\"https:\/\/monti.lt\/product\/little-dutch-medinis-kasos-aparatas\/#breadcrumb\"},\"inLanguage\":\"en-US\",\"potentialAction\":[{\"@type\":\"ReadAction\",\"target\":[\"https:\/\/monti.lt\/product\/little-dutch-medinis-kasos-aparatas\/\"]}]},{\"@type\":\"ImageObject\",\"inLanguage\":\"en-US\",\"@id\":\"https:\/\/monti.lt\/product\/little-dutch-medinis-kasos-aparatas\/#primaryimage\",\"url\":\"https:\/\/monti.lt\/wp-content\/uploads\/2024\/11\/kasos-aparatas.jpg\",\"contentUrl\":\"https:\/\/monti.lt\/wp-content\/uploads\/2024\/11\/kasos-aparatas.jpg\",\"width\":640,\"height\":640,\"caption\":\"kasos aparatas\"},{\"@type\":\"BreadcrumbList\",\"@id\":\"https:\/\/monti.lt\/product\/little-dutch-medinis-kasos-aparatas\/#breadcrumb\",\"itemListElement\":[{\"@type\":\"ListItem\",\"position\":1,\"name\":\"Home\",\"item\":\"https:\/\/monti.lt\/\"},{\"@type\":\"ListItem\",\"position\":2,\"name\":\"Parduotuv\u0117\",\"item\":\"https:\/\/monti.lt\/shop\/\"},{\"@type\":\"ListItem\",\"position\":3,\"name\":\"Little Dutch medinis kasos aparatas\"}]},{\"@type\":\"WebSite\",\"@id\":\"https:\/\/monti.lt\/#website\",\"url\":\"https:\/\/monti.lt\/\",\"name\":\"Montessori \u017eaislai\",\"description\":\"\",\"publisher\":{\"@id\":\"https:\/\/monti.lt\/#organization\"},\"potentialAction\":[{\"@type\":\"SearchAction\",\"target\":{\"@type\":\"EntryPoint\",\"urlTemplate\":\"https:\/\/monti.lt\/?s={search_term_string}\"},\"query-input\":\"required name=search_term_string\"}],\"inLanguage\":\"en-US\"},{\"@type\":\"Organization\",\"@id\":\"https:\/\/monti.lt\/#organization\",\"name\":\"Montessori \u017eaislai\",\"url\":\"https:\/\/monti.lt\/\",\"logo\":{\"@type\":\"ImageObject\",\"inLanguage\":\"en-US\",\"@id\":\"https:\/\/monti.lt\/#\/schema\/logo\/image\/\",\"url\":\"https:\/\/monti.lt\/wp-content\/uploads\/2022\/03\/montilogo-1.png\",\"contentUrl\":\"https:\/\/monti.lt\/wp-content\/uploads\/2022\/03\/montilogo-1.png\",\"width\":512,\"height\":512,\"caption\":\"Montessori \u017eaislai\"},\"image\":{\"@id\":\"https:\/\/monti.lt\/#\/schema\/logo\/image\/\"}}]}<\/script>\n<!-- \/ Yoast SEO plugin. -->","yoast_head_json":{"title":"Little Dutch medinis kasos aparatas - Montessori \u017eaislai","robots":{"index":"index","follow":"follow","max-snippet":"max-snippet:-1","max-image-preview":"max-image-preview:large","max-video-preview":"max-video-preview:-1"},"canonical":"https:\/\/monti.lt\/en\/product\/little-dutch-medinis-kasos-aparatas\/","og_locale":"en_US","og_type":"article","og_title":"Little Dutch medinis kasos aparatas - Montessori \u017eaislai","og_description":"\u0160is gerai suprojektuotas medinis \u017eaislinis kasos aparatas puikiai tinka valandoms maloni\u0173 vaidmen\u0173 \u017eaidim\u0173. \u201eLittle Dutch\u201c kasos aparate yra skaitytuvas, mygtukiniai skai\u010diai, pinig\u0173 stal\u010dius, \u017eaisliniai pinigai ir mok\u0117jimo kortel\u0117s galimyb\u0117. Kasos aparatas yra m\u0117t\u0173 spalvos. \u012eSP\u0116JIMAS: Netinka jaunesniems nei 3 met\u0173 vaikams d\u0117l ma\u017e\u0173 dali\u0173. Pavojus u\u017espringti. Gaminio matmenys: 8 x 20 x 21 cmMed\u017eiaga: medienaAm\u017eius: [&hellip;]","og_url":"https:\/\/monti.lt\/en\/product\/little-dutch-medinis-kasos-aparatas\/","og_site_name":"Montessori \u017eaislai","article_modified_time":"2025-10-13T10:29:27+00:00","og_image":[{"width":640,"height":640,"url":"https:\/\/monti.lt\/wp-content\/uploads\/2024\/11\/kasos-aparatas.jpg","type":"image\/jpeg"}],"twitter_card":"summary_large_image","twitter_misc":{"Est. reading time":"1 minute"},"schema":{"@context":"https:\/\/schema.org","@graph":[{"@type":"WebPage","@id":"https:\/\/monti.lt\/product\/little-dutch-medinis-kasos-aparatas\/","url":"https:\/\/monti.lt\/product\/little-dutch-medinis-kasos-aparatas\/","name":"Little Dutch medinis kasos aparatas - Montessori \u017eaislai","isPartOf":{"@id":"https:\/\/monti.lt\/#website"},"primaryImageOfPage":{"@id":"https:\/\/monti.lt\/product\/little-dutch-medinis-kasos-aparatas\/#primaryimage"},"image":{"@id":"https:\/\/monti.lt\/product\/little-dutch-medinis-kasos-aparatas\/#primaryimage"},"thumbnailUrl":"https:\/\/monti.lt\/wp-content\/uploads\/2024\/11\/kasos-aparatas.jpg","datePublished":"2024-11-11T12:55:05+00:00","dateModified":"2025-10-13T10:29:27+00:00","breadcrumb":{"@id":"https:\/\/monti.lt\/product\/little-dutch-medinis-kasos-aparatas\/#breadcrumb"},"inLanguage":"en-US","potentialAction":[{"@type":"ReadAction","target":["https:\/\/monti.lt\/product\/little-dutch-medinis-kasos-aparatas\/"]}]},{"@type":"ImageObject","inLanguage":"en-US","@id":"https:\/\/monti.lt\/product\/little-dutch-medinis-kasos-aparatas\/#primaryimage","url":"https:\/\/monti.lt\/wp-content\/uploads\/2024\/11\/kasos-aparatas.jpg","contentUrl":"https:\/\/monti.lt\/wp-content\/uploads\/2024\/11\/kasos-aparatas.jpg","width":640,"height":640,"caption":"kasos aparatas"},{"@type":"BreadcrumbList","@id":"https:\/\/monti.lt\/product\/little-dutch-medinis-kasos-aparatas\/#breadcrumb","itemListElement":[{"@type":"ListItem","position":1,"name":"Home","item":"https:\/\/monti.lt\/"},{"@type":"ListItem","position":2,"name":"Parduotuv\u0117","item":"https:\/\/monti.lt\/shop\/"},{"@type":"ListItem","position":3,"name":"Little Dutch medinis kasos aparatas"}]},{"@type":"WebSite","@id":"https:\/\/monti.lt\/#website","url":"https:\/\/monti.lt\/","name":"Montessori \u017eaislai","description":"","publisher":{"@id":"https:\/\/monti.lt\/#organization"},"potentialAction":[{"@type":"SearchAction","target":{"@type":"EntryPoint","urlTemplate":"https:\/\/monti.lt\/?s={search_term_string}"},"query-input":"required name=search_term_string"}],"inLanguage":"en-US"},{"@type":"Organization","@id":"https:\/\/monti.lt\/#organization","name":"Montessori \u017eaislai","url":"https:\/\/monti.lt\/","logo":{"@type":"ImageObject","inLanguage":"en-US","@id":"https:\/\/monti.lt\/#\/schema\/logo\/image\/","url":"https:\/\/monti.lt\/wp-content\/uploads\/2022\/03\/montilogo-1.png","contentUrl":"https:\/\/monti.lt\/wp-content\/uploads\/2022\/03\/montilogo-1.png","width":512,"height":512,"caption":"Montessori \u017eaislai"},"image":{"@id":"https:\/\/monti.lt\/#\/schema\/logo\/image\/"}}]}},"_links":{"self":[{"href":"https:\/\/monti.lt\/en\/wp-json\/wp\/v2\/product\/27145"}],"collection":[{"href":"https:\/\/monti.lt\/en\/wp-json\/wp\/v2\/product"}],"about":[{"href":"https:\/\/monti.lt\/en\/wp-json\/wp\/v2\/types\/product"}],"version-history":[{"count":2,"href":"https:\/\/monti.lt\/en\/wp-json\/wp\/v2\/product\/27145\/revisions"}],"predecessor-version":[{"id":27427,"href":"https:\/\/monti.lt\/en\/wp-json\/wp\/v2\/product\/27145\/revisions\/27427"}],"wp:featuredmedia":[{"embeddable":true,"href":"https:\/\/monti.lt\/en\/wp-json\/wp\/v2\/media\/27146"}],"wp:attachment":[{"href":"https:\/\/monti.lt\/en\/wp-json\/wp\/v2\/media?parent=27145"}],"wp:term":[{"taxonomy":"product_cat","embeddable":true,"href":"https:\/\/monti.lt\/en\/wp-json\/wp\/v2\/product_cat?post=27145"},{"taxonomy":"product_tag","embeddable":true,"href":"https:\/\/monti.lt\/en\/wp-json\/wp\/v2\/product_tag?post=27145"}],"curies":[{"name":"wp","href":"https:\/\/api.w.org\/{rel}","templated":true}]}}