{"id":27153,"date":"2024-11-11T12:57:41","date_gmt":"2024-11-11T12:57:41","guid":{"rendered":"https:\/\/monti.lt\/?post_type=product&#038;p=27153"},"modified":"2025-12-04T19:36:00","modified_gmt":"2025-12-04T19:36:00","slug":"little-dutch-medinis-kosmetinis-staliukas","status":"publish","type":"product","link":"https:\/\/monti.lt\/en\/product\/little-dutch-medinis-kosmetinis-staliukas\/","title":{"rendered":"Little Dutch medinis kosmetinis staliukas"},"content":{"rendered":"<p>Veidrodis, veidrodis ant sienos. \u0160is medinis tualetinis staliukas vaikams sukurtas taip, kad skatint\u0173 vaizduot\u0119. Tu\u0161tyb\u0117s stalelis yra su besisukan\u010diu veidrod\u017eiu ir daugybe apsimestini\u0173 gro\u017eio priemoni\u0173, \u012fskaitant plauk\u0173 \u0161epet\u0117l\u012f, kvepalus, l\u016bp\u0173 da\u017eus, aki\u0173 \u0161e\u0161\u0117lius, nag\u0173 dild\u0119 ir nag\u0173 lak\u0105. Jame taip pat yra stal\u010diukas, kuriame galima laikyti (\u012f komplekt\u0105 ne\u012feina) plauk\u0173 sruogas ir segtukus. Rausvo atspalvio stalelis gra\u017eiai papuo\u0161 bet kur\u012f \u017eaidim\u0173 kambar\u012f. Skirta nuo 3 met\u0173 am\u017eiaus.<\/p>\n\n\n\n<p>Gaminio matmenys: 33 x 26,6 x 17,4 cm<br>Am\u017eius: nuo 3 met\u0173<br>Standartinis: EN-71-1-2-3<\/p>","protected":false},"excerpt":{"rendered":"<p>Veidrodis, veidrodis ant sienos. \u0160is medinis tualetinis staliukas vaikams sukurtas taip, kad skatint\u0173 vaizduot\u0119. Tu\u0161tyb\u0117s stalelis yra su besisukan\u010diu veidrod\u017eiu ir daugybe apsimestini\u0173 gro\u017eio priemoni\u0173, \u012fskaitant plauk\u0173 \u0161epet\u0117l\u012f, kvepalus, l\u016bp\u0173 da\u017eus, aki\u0173 \u0161e\u0161\u0117lius, nag\u0173 dild\u0119 ir nag\u0173 lak\u0105. Jame taip pat yra stal\u010diukas, kuriame galima laikyti (\u012f komplekt\u0105 ne\u012feina) plauk\u0173 sruogas ir segtukus. Rausvo atspalvio [&hellip;]<\/p>","protected":false},"featured_media":27155,"template":"","meta":{"_acf_changed":false,"iawp_total_views":279},"product_cat":[194,195,196,191,192,84,244,102,50,93,49,39,214],"product_tag":[97,98],"class_list":{"0":"post-27153","1":"product","2":"type-product","3":"status-publish","4":"has-post-thumbnail","6":"product_cat-dovanos-vaikams-2-3-metu","7":"product_cat-dovanos-vaikams-3-4-metu","8":"product_cat-dovanos-mergaitems","9":"product_cat-dovanos-vaikams","10":"product_cat-kaledines-dovanos-vaikams","11":"product_cat-lavinamieji-zaislai","12":"product_cat-little-dutch","13":"product_cat-mediniai-zaislai","14":"product_cat-top-dovanos","15":"product_cat-vaidmenu-zaidimai","16":"product_cat-visi-zaislai","17":"product_cat-zaislai","18":"product_cat-zaislai-mergaitems","19":"product_tag-3-m-4-m","20":"product_tag-5-m-7-m","22":"first","23":"outofstock","24":"taxable","25":"shipping-taxable","26":"purchasable","27":"product-type-simple"},"acf":[],"yoast_head":"<!-- This site is optimized with the Yoast SEO plugin v23.3 - https:\/\/yoast.com\/wordpress\/plugins\/seo\/ -->\n<title>Little Dutch medinis kosmetinis staliukas - Montessori \u017eaislai<\/title>\n<meta name=\"robots\" content=\"index, follow, max-snippet:-1, max-image-preview:large, max-video-preview:-1\" \/>\n<link rel=\"canonical\" href=\"https:\/\/monti.lt\/en\/product\/little-dutch-medinis-kosmetinis-staliukas\/\" \/>\n<meta property=\"og:locale\" content=\"en_US\" \/>\n<meta property=\"og:type\" content=\"article\" \/>\n<meta property=\"og:title\" content=\"Little Dutch medinis kosmetinis staliukas - Montessori \u017eaislai\" \/>\n<meta property=\"og:description\" content=\"Veidrodis, veidrodis ant sienos. \u0160is medinis tualetinis staliukas vaikams sukurtas taip, kad skatint\u0173 vaizduot\u0119. Tu\u0161tyb\u0117s stalelis yra su besisukan\u010diu veidrod\u017eiu ir daugybe apsimestini\u0173 gro\u017eio priemoni\u0173, \u012fskaitant plauk\u0173 \u0161epet\u0117l\u012f, kvepalus, l\u016bp\u0173 da\u017eus, aki\u0173 \u0161e\u0161\u0117lius, nag\u0173 dild\u0119 ir nag\u0173 lak\u0105. Jame taip pat yra stal\u010diukas, kuriame galima laikyti (\u012f komplekt\u0105 ne\u012feina) plauk\u0173 sruogas ir segtukus. Rausvo atspalvio [&hellip;]\" \/>\n<meta property=\"og:url\" content=\"https:\/\/monti.lt\/en\/product\/little-dutch-medinis-kosmetinis-staliukas\/\" \/>\n<meta property=\"og:site_name\" content=\"Montessori \u017eaislai\" \/>\n<meta property=\"article:modified_time\" content=\"2025-12-04T19:36:00+00:00\" \/>\n<meta property=\"og:image\" content=\"https:\/\/monti.lt\/wp-content\/uploads\/2024\/11\/kosmetinis-staliukas.jpg\" \/>\n\t<meta property=\"og:image:width\" content=\"640\" \/>\n\t<meta property=\"og:image:height\" content=\"640\" \/>\n\t<meta property=\"og:image:type\" content=\"image\/jpeg\" \/>\n<meta name=\"twitter:card\" content=\"summary_large_image\" \/>\n<meta name=\"twitter:label1\" content=\"Est. reading time\" \/>\n\t<meta name=\"twitter:data1\" content=\"1 minute\" \/>\n<script type=\"application\/ld+json\" class=\"yoast-schema-graph\">{\"@context\":\"https:\/\/schema.org\",\"@graph\":[{\"@type\":\"WebPage\",\"@id\":\"https:\/\/monti.lt\/product\/little-dutch-medinis-kosmetinis-staliukas\/\",\"url\":\"https:\/\/monti.lt\/product\/little-dutch-medinis-kosmetinis-staliukas\/\",\"name\":\"Little Dutch medinis kosmetinis staliukas - Montessori \u017eaislai\",\"isPartOf\":{\"@id\":\"https:\/\/monti.lt\/#website\"},\"primaryImageOfPage\":{\"@id\":\"https:\/\/monti.lt\/product\/little-dutch-medinis-kosmetinis-staliukas\/#primaryimage\"},\"image\":{\"@id\":\"https:\/\/monti.lt\/product\/little-dutch-medinis-kosmetinis-staliukas\/#primaryimage\"},\"thumbnailUrl\":\"https:\/\/monti.lt\/wp-content\/uploads\/2024\/11\/kosmetinis-staliukas.jpg\",\"datePublished\":\"2024-11-11T12:57:41+00:00\",\"dateModified\":\"2025-12-04T19:36:00+00:00\",\"breadcrumb\":{\"@id\":\"https:\/\/monti.lt\/product\/little-dutch-medinis-kosmetinis-staliukas\/#breadcrumb\"},\"inLanguage\":\"en-US\",\"potentialAction\":[{\"@type\":\"ReadAction\",\"target\":[\"https:\/\/monti.lt\/product\/little-dutch-medinis-kosmetinis-staliukas\/\"]}]},{\"@type\":\"ImageObject\",\"inLanguage\":\"en-US\",\"@id\":\"https:\/\/monti.lt\/product\/little-dutch-medinis-kosmetinis-staliukas\/#primaryimage\",\"url\":\"https:\/\/monti.lt\/wp-content\/uploads\/2024\/11\/kosmetinis-staliukas.jpg\",\"contentUrl\":\"https:\/\/monti.lt\/wp-content\/uploads\/2024\/11\/kosmetinis-staliukas.jpg\",\"width\":640,\"height\":640,\"caption\":\"kosmetinis staliukas\"},{\"@type\":\"BreadcrumbList\",\"@id\":\"https:\/\/monti.lt\/product\/little-dutch-medinis-kosmetinis-staliukas\/#breadcrumb\",\"itemListElement\":[{\"@type\":\"ListItem\",\"position\":1,\"name\":\"Home\",\"item\":\"https:\/\/monti.lt\/\"},{\"@type\":\"ListItem\",\"position\":2,\"name\":\"Parduotuv\u0117\",\"item\":\"https:\/\/monti.lt\/shop\/\"},{\"@type\":\"ListItem\",\"position\":3,\"name\":\"Little Dutch medinis kosmetinis staliukas\"}]},{\"@type\":\"WebSite\",\"@id\":\"https:\/\/monti.lt\/#website\",\"url\":\"https:\/\/monti.lt\/\",\"name\":\"Montessori \u017eaislai\",\"description\":\"\",\"publisher\":{\"@id\":\"https:\/\/monti.lt\/#organization\"},\"potentialAction\":[{\"@type\":\"SearchAction\",\"target\":{\"@type\":\"EntryPoint\",\"urlTemplate\":\"https:\/\/monti.lt\/?s={search_term_string}\"},\"query-input\":\"required name=search_term_string\"}],\"inLanguage\":\"en-US\"},{\"@type\":\"Organization\",\"@id\":\"https:\/\/monti.lt\/#organization\",\"name\":\"Montessori \u017eaislai\",\"url\":\"https:\/\/monti.lt\/\",\"logo\":{\"@type\":\"ImageObject\",\"inLanguage\":\"en-US\",\"@id\":\"https:\/\/monti.lt\/#\/schema\/logo\/image\/\",\"url\":\"https:\/\/monti.lt\/wp-content\/uploads\/2022\/03\/montilogo-1.png\",\"contentUrl\":\"https:\/\/monti.lt\/wp-content\/uploads\/2022\/03\/montilogo-1.png\",\"width\":512,\"height\":512,\"caption\":\"Montessori \u017eaislai\"},\"image\":{\"@id\":\"https:\/\/monti.lt\/#\/schema\/logo\/image\/\"}}]}<\/script>\n<!-- \/ Yoast SEO plugin. -->","yoast_head_json":{"title":"Little Dutch medinis kosmetinis staliukas - Montessori \u017eaislai","robots":{"index":"index","follow":"follow","max-snippet":"max-snippet:-1","max-image-preview":"max-image-preview:large","max-video-preview":"max-video-preview:-1"},"canonical":"https:\/\/monti.lt\/en\/product\/little-dutch-medinis-kosmetinis-staliukas\/","og_locale":"en_US","og_type":"article","og_title":"Little Dutch medinis kosmetinis staliukas - Montessori \u017eaislai","og_description":"Veidrodis, veidrodis ant sienos. \u0160is medinis tualetinis staliukas vaikams sukurtas taip, kad skatint\u0173 vaizduot\u0119. Tu\u0161tyb\u0117s stalelis yra su besisukan\u010diu veidrod\u017eiu ir daugybe apsimestini\u0173 gro\u017eio priemoni\u0173, \u012fskaitant plauk\u0173 \u0161epet\u0117l\u012f, kvepalus, l\u016bp\u0173 da\u017eus, aki\u0173 \u0161e\u0161\u0117lius, nag\u0173 dild\u0119 ir nag\u0173 lak\u0105. Jame taip pat yra stal\u010diukas, kuriame galima laikyti (\u012f komplekt\u0105 ne\u012feina) plauk\u0173 sruogas ir segtukus. Rausvo atspalvio [&hellip;]","og_url":"https:\/\/monti.lt\/en\/product\/little-dutch-medinis-kosmetinis-staliukas\/","og_site_name":"Montessori \u017eaislai","article_modified_time":"2025-12-04T19:36:00+00:00","og_image":[{"width":640,"height":640,"url":"https:\/\/monti.lt\/wp-content\/uploads\/2024\/11\/kosmetinis-staliukas.jpg","type":"image\/jpeg"}],"twitter_card":"summary_large_image","twitter_misc":{"Est. reading time":"1 minute"},"schema":{"@context":"https:\/\/schema.org","@graph":[{"@type":"WebPage","@id":"https:\/\/monti.lt\/product\/little-dutch-medinis-kosmetinis-staliukas\/","url":"https:\/\/monti.lt\/product\/little-dutch-medinis-kosmetinis-staliukas\/","name":"Little Dutch medinis kosmetinis staliukas - Montessori \u017eaislai","isPartOf":{"@id":"https:\/\/monti.lt\/#website"},"primaryImageOfPage":{"@id":"https:\/\/monti.lt\/product\/little-dutch-medinis-kosmetinis-staliukas\/#primaryimage"},"image":{"@id":"https:\/\/monti.lt\/product\/little-dutch-medinis-kosmetinis-staliukas\/#primaryimage"},"thumbnailUrl":"https:\/\/monti.lt\/wp-content\/uploads\/2024\/11\/kosmetinis-staliukas.jpg","datePublished":"2024-11-11T12:57:41+00:00","dateModified":"2025-12-04T19:36:00+00:00","breadcrumb":{"@id":"https:\/\/monti.lt\/product\/little-dutch-medinis-kosmetinis-staliukas\/#breadcrumb"},"inLanguage":"en-US","potentialAction":[{"@type":"ReadAction","target":["https:\/\/monti.lt\/product\/little-dutch-medinis-kosmetinis-staliukas\/"]}]},{"@type":"ImageObject","inLanguage":"en-US","@id":"https:\/\/monti.lt\/product\/little-dutch-medinis-kosmetinis-staliukas\/#primaryimage","url":"https:\/\/monti.lt\/wp-content\/uploads\/2024\/11\/kosmetinis-staliukas.jpg","contentUrl":"https:\/\/monti.lt\/wp-content\/uploads\/2024\/11\/kosmetinis-staliukas.jpg","width":640,"height":640,"caption":"kosmetinis staliukas"},{"@type":"BreadcrumbList","@id":"https:\/\/monti.lt\/product\/little-dutch-medinis-kosmetinis-staliukas\/#breadcrumb","itemListElement":[{"@type":"ListItem","position":1,"name":"Home","item":"https:\/\/monti.lt\/"},{"@type":"ListItem","position":2,"name":"Parduotuv\u0117","item":"https:\/\/monti.lt\/shop\/"},{"@type":"ListItem","position":3,"name":"Little Dutch medinis kosmetinis staliukas"}]},{"@type":"WebSite","@id":"https:\/\/monti.lt\/#website","url":"https:\/\/monti.lt\/","name":"Montessori \u017eaislai","description":"","publisher":{"@id":"https:\/\/monti.lt\/#organization"},"potentialAction":[{"@type":"SearchAction","target":{"@type":"EntryPoint","urlTemplate":"https:\/\/monti.lt\/?s={search_term_string}"},"query-input":"required name=search_term_string"}],"inLanguage":"en-US"},{"@type":"Organization","@id":"https:\/\/monti.lt\/#organization","name":"Montessori \u017eaislai","url":"https:\/\/monti.lt\/","logo":{"@type":"ImageObject","inLanguage":"en-US","@id":"https:\/\/monti.lt\/#\/schema\/logo\/image\/","url":"https:\/\/monti.lt\/wp-content\/uploads\/2022\/03\/montilogo-1.png","contentUrl":"https:\/\/monti.lt\/wp-content\/uploads\/2022\/03\/montilogo-1.png","width":512,"height":512,"caption":"Montessori \u017eaislai"},"image":{"@id":"https:\/\/monti.lt\/#\/schema\/logo\/image\/"}}]}},"_links":{"self":[{"href":"https:\/\/monti.lt\/en\/wp-json\/wp\/v2\/product\/27153"}],"collection":[{"href":"https:\/\/monti.lt\/en\/wp-json\/wp\/v2\/product"}],"about":[{"href":"https:\/\/monti.lt\/en\/wp-json\/wp\/v2\/types\/product"}],"version-history":[{"count":2,"href":"https:\/\/monti.lt\/en\/wp-json\/wp\/v2\/product\/27153\/revisions"}],"predecessor-version":[{"id":27421,"href":"https:\/\/monti.lt\/en\/wp-json\/wp\/v2\/product\/27153\/revisions\/27421"}],"wp:featuredmedia":[{"embeddable":true,"href":"https:\/\/monti.lt\/en\/wp-json\/wp\/v2\/media\/27155"}],"wp:attachment":[{"href":"https:\/\/monti.lt\/en\/wp-json\/wp\/v2\/media?parent=27153"}],"wp:term":[{"taxonomy":"product_cat","embeddable":true,"href":"https:\/\/monti.lt\/en\/wp-json\/wp\/v2\/product_cat?post=27153"},{"taxonomy":"product_tag","embeddable":true,"href":"https:\/\/monti.lt\/en\/wp-json\/wp\/v2\/product_tag?post=27153"}],"curies":[{"name":"wp","href":"https:\/\/api.w.org\/{rel}","templated":true}]}}