{"id":27154,"date":"2024-11-11T12:58:50","date_gmt":"2024-11-11T12:58:50","guid":{"rendered":"https:\/\/monti.lt\/?post_type=product&#038;p=27154"},"modified":"2025-11-17T21:53:55","modified_gmt":"2025-11-17T21:53:55","slug":"little-dutch-kamuoliuku-su-plaktuku-zaidimas","status":"publish","type":"product","link":"https:\/\/monti.lt\/en\/product\/little-dutch-kamuoliuku-su-plaktuku-zaidimas\/","title":{"rendered":"Little Dutch kamuoliuk\u0173 su plaktuku \u017eaidimas"},"content":{"rendered":"<p>Tik tik tik tik tik! Priverskite vi\u0161\u010diuk\u0105 pad\u0117ti kiau\u0161in\u012f, plaktuku dau\u017eydami 3 kamuoliukus mediniame suole. Tai geras pratimas vaiko motoriniams \u012fg\u016bd\u017eiams lavinti. Ar visi kamuoliukai buvo pataikyti? Pad\u0117kite kamuoliukus atgal ir prad\u0117kite i\u0161 naujo. Jie kur\u012f laik\u0105 bus tuo u\u017esi\u0117m\u0119!<\/p>\n\n\n\n<p>Med\u017eiaga: FSC mediena<br>Am\u017eius: 12+ m\u0117n.<br>Standartas: EN-71-1-2-3<\/p>","protected":false},"excerpt":{"rendered":"<p>Tik tik tik tik tik! Priverskite vi\u0161\u010diuk\u0105 pad\u0117ti kiau\u0161in\u012f, plaktuku dau\u017eydami 3 kamuoliukus mediniame suole. Tai geras pratimas vaiko motoriniams \u012fg\u016bd\u017eiams lavinti. Ar visi kamuoliukai buvo pataikyti? Pad\u0117kite kamuoliukus atgal ir prad\u0117kite i\u0161 naujo. Jie kur\u012f laik\u0105 bus tuo u\u017esi\u0117m\u0119! Med\u017eiaga: FSC medienaAm\u017eius: 12+ m\u0117n.Standartas: EN-71-1-2-3<\/p>","protected":false},"featured_media":27156,"template":"","meta":{"_acf_changed":false,"iawp_total_views":109},"product_cat":[84,244,91,102,90,86,49,39],"product_tag":[95,96],"class_list":{"0":"post-27154","1":"product","2":"type-product","3":"status-publish","4":"has-post-thumbnail","6":"product_cat-lavinamieji-zaislai","7":"product_cat-little-dutch","8":"product_cat-loginiam-mastymui","9":"product_cat-mediniai-zaislai","10":"product_cat-pasaulio-pazinimas","11":"product_cat-smulkioji-motorika","12":"product_cat-visi-zaislai","13":"product_cat-zaislai","14":"product_tag-1-m-2-m","15":"product_tag-2-m-3-m","17":"first","18":"outofstock","19":"sale","20":"taxable","21":"shipping-taxable","22":"purchasable","23":"product-type-simple"},"acf":[],"yoast_head":"<!-- This site is optimized with the Yoast SEO plugin v23.3 - https:\/\/yoast.com\/wordpress\/plugins\/seo\/ -->\n<title>Little Dutch kamuoliuk\u0173 su plaktuku \u017eaidimas - Montessori \u017eaislai<\/title>\n<meta name=\"robots\" content=\"index, follow, max-snippet:-1, max-image-preview:large, max-video-preview:-1\" \/>\n<link rel=\"canonical\" href=\"https:\/\/monti.lt\/en\/product\/little-dutch-kamuoliuku-su-plaktuku-zaidimas\/\" \/>\n<meta property=\"og:locale\" content=\"en_US\" \/>\n<meta property=\"og:type\" content=\"article\" \/>\n<meta property=\"og:title\" content=\"Little Dutch kamuoliuk\u0173 su plaktuku \u017eaidimas - Montessori \u017eaislai\" \/>\n<meta property=\"og:description\" content=\"Tik tik tik tik tik! Priverskite vi\u0161\u010diuk\u0105 pad\u0117ti kiau\u0161in\u012f, plaktuku dau\u017eydami 3 kamuoliukus mediniame suole. Tai geras pratimas vaiko motoriniams \u012fg\u016bd\u017eiams lavinti. Ar visi kamuoliukai buvo pataikyti? Pad\u0117kite kamuoliukus atgal ir prad\u0117kite i\u0161 naujo. Jie kur\u012f laik\u0105 bus tuo u\u017esi\u0117m\u0119! Med\u017eiaga: FSC medienaAm\u017eius: 12+ m\u0117n.Standartas: EN-71-1-2-3\" \/>\n<meta property=\"og:url\" content=\"https:\/\/monti.lt\/en\/product\/little-dutch-kamuoliuku-su-plaktuku-zaidimas\/\" \/>\n<meta property=\"og:site_name\" content=\"Montessori \u017eaislai\" \/>\n<meta property=\"article:modified_time\" content=\"2025-11-17T21:53:55+00:00\" \/>\n<meta property=\"og:image\" content=\"https:\/\/monti.lt\/wp-content\/uploads\/2024\/11\/Little-Dutch-haamripink-veerevate-pallidega-\u00b4Little-Farm\u00b4-FSC-7146-1.jpg\" \/>\n\t<meta property=\"og:image:width\" content=\"640\" \/>\n\t<meta property=\"og:image:height\" content=\"640\" \/>\n\t<meta property=\"og:image:type\" content=\"image\/jpeg\" \/>\n<meta name=\"twitter:card\" content=\"summary_large_image\" \/>\n<meta name=\"twitter:label1\" content=\"Est. reading time\" \/>\n\t<meta name=\"twitter:data1\" content=\"1 minute\" \/>\n<script type=\"application\/ld+json\" class=\"yoast-schema-graph\">{\"@context\":\"https:\/\/schema.org\",\"@graph\":[{\"@type\":\"WebPage\",\"@id\":\"https:\/\/monti.lt\/product\/little-dutch-kamuoliuku-su-plaktuku-zaidimas\/\",\"url\":\"https:\/\/monti.lt\/product\/little-dutch-kamuoliuku-su-plaktuku-zaidimas\/\",\"name\":\"Little Dutch kamuoliuk\u0173 su plaktuku \u017eaidimas - Montessori \u017eaislai\",\"isPartOf\":{\"@id\":\"https:\/\/monti.lt\/#website\"},\"primaryImageOfPage\":{\"@id\":\"https:\/\/monti.lt\/product\/little-dutch-kamuoliuku-su-plaktuku-zaidimas\/#primaryimage\"},\"image\":{\"@id\":\"https:\/\/monti.lt\/product\/little-dutch-kamuoliuku-su-plaktuku-zaidimas\/#primaryimage\"},\"thumbnailUrl\":\"https:\/\/monti.lt\/wp-content\/uploads\/2024\/11\/Little-Dutch-haamripink-veerevate-pallidega-\u00b4Little-Farm\u00b4-FSC-7146-1.jpg\",\"datePublished\":\"2024-11-11T12:58:50+00:00\",\"dateModified\":\"2025-11-17T21:53:55+00:00\",\"breadcrumb\":{\"@id\":\"https:\/\/monti.lt\/product\/little-dutch-kamuoliuku-su-plaktuku-zaidimas\/#breadcrumb\"},\"inLanguage\":\"en-US\",\"potentialAction\":[{\"@type\":\"ReadAction\",\"target\":[\"https:\/\/monti.lt\/product\/little-dutch-kamuoliuku-su-plaktuku-zaidimas\/\"]}]},{\"@type\":\"ImageObject\",\"inLanguage\":\"en-US\",\"@id\":\"https:\/\/monti.lt\/product\/little-dutch-kamuoliuku-su-plaktuku-zaidimas\/#primaryimage\",\"url\":\"https:\/\/monti.lt\/wp-content\/uploads\/2024\/11\/Little-Dutch-haamripink-veerevate-pallidega-\u00b4Little-Farm\u00b4-FSC-7146-1.jpg\",\"contentUrl\":\"https:\/\/monti.lt\/wp-content\/uploads\/2024\/11\/Little-Dutch-haamripink-veerevate-pallidega-\u00b4Little-Farm\u00b4-FSC-7146-1.jpg\",\"width\":640,\"height\":640,\"caption\":\"little dutch zaidimas\"},{\"@type\":\"BreadcrumbList\",\"@id\":\"https:\/\/monti.lt\/product\/little-dutch-kamuoliuku-su-plaktuku-zaidimas\/#breadcrumb\",\"itemListElement\":[{\"@type\":\"ListItem\",\"position\":1,\"name\":\"Home\",\"item\":\"https:\/\/monti.lt\/\"},{\"@type\":\"ListItem\",\"position\":2,\"name\":\"Parduotuv\u0117\",\"item\":\"https:\/\/monti.lt\/shop\/\"},{\"@type\":\"ListItem\",\"position\":3,\"name\":\"Little Dutch kamuoliuk\u0173 su plaktuku \u017eaidimas\"}]},{\"@type\":\"WebSite\",\"@id\":\"https:\/\/monti.lt\/#website\",\"url\":\"https:\/\/monti.lt\/\",\"name\":\"Montessori \u017eaislai\",\"description\":\"\",\"publisher\":{\"@id\":\"https:\/\/monti.lt\/#organization\"},\"potentialAction\":[{\"@type\":\"SearchAction\",\"target\":{\"@type\":\"EntryPoint\",\"urlTemplate\":\"https:\/\/monti.lt\/?s={search_term_string}\"},\"query-input\":\"required name=search_term_string\"}],\"inLanguage\":\"en-US\"},{\"@type\":\"Organization\",\"@id\":\"https:\/\/monti.lt\/#organization\",\"name\":\"Montessori \u017eaislai\",\"url\":\"https:\/\/monti.lt\/\",\"logo\":{\"@type\":\"ImageObject\",\"inLanguage\":\"en-US\",\"@id\":\"https:\/\/monti.lt\/#\/schema\/logo\/image\/\",\"url\":\"https:\/\/monti.lt\/wp-content\/uploads\/2022\/03\/montilogo-1.png\",\"contentUrl\":\"https:\/\/monti.lt\/wp-content\/uploads\/2022\/03\/montilogo-1.png\",\"width\":512,\"height\":512,\"caption\":\"Montessori \u017eaislai\"},\"image\":{\"@id\":\"https:\/\/monti.lt\/#\/schema\/logo\/image\/\"}}]}<\/script>\n<!-- \/ Yoast SEO plugin. -->","yoast_head_json":{"title":"Little Dutch kamuoliuk\u0173 su plaktuku \u017eaidimas - Montessori \u017eaislai","robots":{"index":"index","follow":"follow","max-snippet":"max-snippet:-1","max-image-preview":"max-image-preview:large","max-video-preview":"max-video-preview:-1"},"canonical":"https:\/\/monti.lt\/en\/product\/little-dutch-kamuoliuku-su-plaktuku-zaidimas\/","og_locale":"en_US","og_type":"article","og_title":"Little Dutch kamuoliuk\u0173 su plaktuku \u017eaidimas - Montessori \u017eaislai","og_description":"Tik tik tik tik tik! Priverskite vi\u0161\u010diuk\u0105 pad\u0117ti kiau\u0161in\u012f, plaktuku dau\u017eydami 3 kamuoliukus mediniame suole. Tai geras pratimas vaiko motoriniams \u012fg\u016bd\u017eiams lavinti. Ar visi kamuoliukai buvo pataikyti? Pad\u0117kite kamuoliukus atgal ir prad\u0117kite i\u0161 naujo. Jie kur\u012f laik\u0105 bus tuo u\u017esi\u0117m\u0119! Med\u017eiaga: FSC medienaAm\u017eius: 12+ m\u0117n.Standartas: EN-71-1-2-3","og_url":"https:\/\/monti.lt\/en\/product\/little-dutch-kamuoliuku-su-plaktuku-zaidimas\/","og_site_name":"Montessori \u017eaislai","article_modified_time":"2025-11-17T21:53:55+00:00","og_image":[{"width":640,"height":640,"url":"https:\/\/monti.lt\/wp-content\/uploads\/2024\/11\/Little-Dutch-haamripink-veerevate-pallidega-\u00b4Little-Farm\u00b4-FSC-7146-1.jpg","type":"image\/jpeg"}],"twitter_card":"summary_large_image","twitter_misc":{"Est. reading time":"1 minute"},"schema":{"@context":"https:\/\/schema.org","@graph":[{"@type":"WebPage","@id":"https:\/\/monti.lt\/product\/little-dutch-kamuoliuku-su-plaktuku-zaidimas\/","url":"https:\/\/monti.lt\/product\/little-dutch-kamuoliuku-su-plaktuku-zaidimas\/","name":"Little Dutch kamuoliuk\u0173 su plaktuku \u017eaidimas - Montessori \u017eaislai","isPartOf":{"@id":"https:\/\/monti.lt\/#website"},"primaryImageOfPage":{"@id":"https:\/\/monti.lt\/product\/little-dutch-kamuoliuku-su-plaktuku-zaidimas\/#primaryimage"},"image":{"@id":"https:\/\/monti.lt\/product\/little-dutch-kamuoliuku-su-plaktuku-zaidimas\/#primaryimage"},"thumbnailUrl":"https:\/\/monti.lt\/wp-content\/uploads\/2024\/11\/Little-Dutch-haamripink-veerevate-pallidega-\u00b4Little-Farm\u00b4-FSC-7146-1.jpg","datePublished":"2024-11-11T12:58:50+00:00","dateModified":"2025-11-17T21:53:55+00:00","breadcrumb":{"@id":"https:\/\/monti.lt\/product\/little-dutch-kamuoliuku-su-plaktuku-zaidimas\/#breadcrumb"},"inLanguage":"en-US","potentialAction":[{"@type":"ReadAction","target":["https:\/\/monti.lt\/product\/little-dutch-kamuoliuku-su-plaktuku-zaidimas\/"]}]},{"@type":"ImageObject","inLanguage":"en-US","@id":"https:\/\/monti.lt\/product\/little-dutch-kamuoliuku-su-plaktuku-zaidimas\/#primaryimage","url":"https:\/\/monti.lt\/wp-content\/uploads\/2024\/11\/Little-Dutch-haamripink-veerevate-pallidega-\u00b4Little-Farm\u00b4-FSC-7146-1.jpg","contentUrl":"https:\/\/monti.lt\/wp-content\/uploads\/2024\/11\/Little-Dutch-haamripink-veerevate-pallidega-\u00b4Little-Farm\u00b4-FSC-7146-1.jpg","width":640,"height":640,"caption":"little dutch zaidimas"},{"@type":"BreadcrumbList","@id":"https:\/\/monti.lt\/product\/little-dutch-kamuoliuku-su-plaktuku-zaidimas\/#breadcrumb","itemListElement":[{"@type":"ListItem","position":1,"name":"Home","item":"https:\/\/monti.lt\/"},{"@type":"ListItem","position":2,"name":"Parduotuv\u0117","item":"https:\/\/monti.lt\/shop\/"},{"@type":"ListItem","position":3,"name":"Little Dutch kamuoliuk\u0173 su plaktuku \u017eaidimas"}]},{"@type":"WebSite","@id":"https:\/\/monti.lt\/#website","url":"https:\/\/monti.lt\/","name":"Montessori \u017eaislai","description":"","publisher":{"@id":"https:\/\/monti.lt\/#organization"},"potentialAction":[{"@type":"SearchAction","target":{"@type":"EntryPoint","urlTemplate":"https:\/\/monti.lt\/?s={search_term_string}"},"query-input":"required name=search_term_string"}],"inLanguage":"en-US"},{"@type":"Organization","@id":"https:\/\/monti.lt\/#organization","name":"Montessori \u017eaislai","url":"https:\/\/monti.lt\/","logo":{"@type":"ImageObject","inLanguage":"en-US","@id":"https:\/\/monti.lt\/#\/schema\/logo\/image\/","url":"https:\/\/monti.lt\/wp-content\/uploads\/2022\/03\/montilogo-1.png","contentUrl":"https:\/\/monti.lt\/wp-content\/uploads\/2022\/03\/montilogo-1.png","width":512,"height":512,"caption":"Montessori \u017eaislai"},"image":{"@id":"https:\/\/monti.lt\/#\/schema\/logo\/image\/"}}]}},"_links":{"self":[{"href":"https:\/\/monti.lt\/en\/wp-json\/wp\/v2\/product\/27154"}],"collection":[{"href":"https:\/\/monti.lt\/en\/wp-json\/wp\/v2\/product"}],"about":[{"href":"https:\/\/monti.lt\/en\/wp-json\/wp\/v2\/types\/product"}],"version-history":[{"count":1,"href":"https:\/\/monti.lt\/en\/wp-json\/wp\/v2\/product\/27154\/revisions"}],"predecessor-version":[{"id":27161,"href":"https:\/\/monti.lt\/en\/wp-json\/wp\/v2\/product\/27154\/revisions\/27161"}],"wp:featuredmedia":[{"embeddable":true,"href":"https:\/\/monti.lt\/en\/wp-json\/wp\/v2\/media\/27156"}],"wp:attachment":[{"href":"https:\/\/monti.lt\/en\/wp-json\/wp\/v2\/media?parent=27154"}],"wp:term":[{"taxonomy":"product_cat","embeddable":true,"href":"https:\/\/monti.lt\/en\/wp-json\/wp\/v2\/product_cat?post=27154"},{"taxonomy":"product_tag","embeddable":true,"href":"https:\/\/monti.lt\/en\/wp-json\/wp\/v2\/product_tag?post=27154"}],"curies":[{"name":"wp","href":"https:\/\/api.w.org\/{rel}","templated":true}]}}