{"id":27158,"date":"2024-11-11T13:00:39","date_gmt":"2024-11-11T13:00:39","guid":{"rendered":"https:\/\/monti.lt\/?post_type=product&#038;p=27158"},"modified":"2025-11-16T12:43:33","modified_gmt":"2025-11-16T12:43:33","slug":"little-dutch-rinkinys-misko-draugai","status":"publish","type":"product","link":"https:\/\/monti.lt\/en\/product\/little-dutch-rinkinys-misko-draugai\/","title":{"rendered":"Little Dutch rinkinys &#8220;Mi\u0161ko draugai&#8221;"},"content":{"rendered":"<p>M\u016bs\u0173 m\u0117gstamiausi \u201eMi\u0161ko draug\u0173\u201c kolekcijos \u017eaislai &#8211; puiki dovana k\u016bdikiui ar k\u016bdikio \u0161vent\u0117s proga. \u0160ioje gra\u017eioje d\u0117\u017eut\u0117je yra trys mink\u0161ti gaminiai, skirti miegui, glamon\u0117ms ir \u017eaidimams. Mink\u0161tas muslino skudur\u0117lis su mink\u0161ta ir draugi\u0161ka pel\u0117d\u017eiuke puikiai tinka ne tik prigulti, bet ir \u017eaisti \u017eaidim\u0105 \u201epeek-a-boo\u201c. Mielasis lapiukas visada pasiruo\u0161\u0119s dideliam apkabinimui ir \u017eaidimui-perd\u0117jimui. \u0160iame rinkinyje taip pat yra dygstan\u010di\u0173 dantuk\u0173 \u017eiedas, kad b\u016bt\u0173 patogu, kai prad\u0117s dygti pirmieji dantukai. Ant \u017eiedo esantis juokingas vabaliukas skatina k\u016bdiki\u0173 rank\u0173 ir aki\u0173 koordinacij\u0105 ir smalsum\u0105. Visi trys gaminiai supakuoti \u012f vien\u0105 gra\u017ei\u0105 dovan\u0173 d\u0117\u017eut\u0119.<\/p>\n\n\n\n<p>I\u0161matavimai: 27 x 27 x 10,5 cm<br>Am\u017eius: 0+ m\u0117n.<br>Standartinis: EN-71-1-2-3<\/p>","protected":false},"excerpt":{"rendered":"<p>M\u016bs\u0173 m\u0117gstamiausi \u201eMi\u0161ko draug\u0173\u201c kolekcijos \u017eaislai &#8211; puiki dovana k\u016bdikiui ar k\u016bdikio \u0161vent\u0117s proga. \u0160ioje gra\u017eioje d\u0117\u017eut\u0117je yra trys mink\u0161ti gaminiai, skirti miegui, glamon\u0117ms ir \u017eaidimams. Mink\u0161tas muslino skudur\u0117lis su mink\u0161ta ir draugi\u0161ka pel\u0117d\u017eiuke puikiai tinka ne tik prigulti, bet ir \u017eaisti \u017eaidim\u0105 \u201epeek-a-boo\u201c. Mielasis lapiukas visada pasiruo\u0161\u0119s dideliam apkabinimui ir \u017eaidimui-perd\u0117jimui. \u0160iame rinkinyje taip [&hellip;]<\/p>","protected":false},"featured_media":27162,"template":"","meta":{"_acf_changed":false,"iawp_total_views":73},"product_cat":[200,191,241,244,50,49,39],"product_tag":[94],"class_list":{"0":"post-27158","1":"product","2":"type-product","3":"status-publish","4":"has-post-thumbnail","6":"product_cat-dovanos-kudikiams","7":"product_cat-dovanos-vaikams","8":"product_cat-dovanu-rinkiniai","9":"product_cat-little-dutch","10":"product_cat-top-dovanos","11":"product_cat-visi-zaislai","12":"product_cat-zaislai","13":"product_tag-iki-1-m","15":"first","16":"outofstock","17":"sale","18":"taxable","19":"shipping-taxable","20":"purchasable","21":"product-type-simple"},"acf":[],"yoast_head":"<!-- This site is optimized with the Yoast SEO plugin v23.3 - https:\/\/yoast.com\/wordpress\/plugins\/seo\/ -->\n<title>Little Dutch rinkinys &quot;Mi\u0161ko draugai&quot; - Montessori \u017eaislai<\/title>\n<meta name=\"robots\" content=\"index, follow, max-snippet:-1, max-image-preview:large, max-video-preview:-1\" \/>\n<link rel=\"canonical\" href=\"https:\/\/monti.lt\/en\/product\/little-dutch-rinkinys-misko-draugai\/\" \/>\n<meta property=\"og:locale\" content=\"en_US\" \/>\n<meta property=\"og:type\" content=\"article\" \/>\n<meta property=\"og:title\" content=\"Little Dutch rinkinys &quot;Mi\u0161ko draugai&quot; - Montessori \u017eaislai\" \/>\n<meta property=\"og:description\" content=\"M\u016bs\u0173 m\u0117gstamiausi \u201eMi\u0161ko draug\u0173\u201c kolekcijos \u017eaislai &#8211; puiki dovana k\u016bdikiui ar k\u016bdikio \u0161vent\u0117s proga. \u0160ioje gra\u017eioje d\u0117\u017eut\u0117je yra trys mink\u0161ti gaminiai, skirti miegui, glamon\u0117ms ir \u017eaidimams. Mink\u0161tas muslino skudur\u0117lis su mink\u0161ta ir draugi\u0161ka pel\u0117d\u017eiuke puikiai tinka ne tik prigulti, bet ir \u017eaisti \u017eaidim\u0105 \u201epeek-a-boo\u201c. Mielasis lapiukas visada pasiruo\u0161\u0119s dideliam apkabinimui ir \u017eaidimui-perd\u0117jimui. \u0160iame rinkinyje taip [&hellip;]\" \/>\n<meta property=\"og:url\" content=\"https:\/\/monti.lt\/en\/product\/little-dutch-rinkinys-misko-draugai\/\" \/>\n<meta property=\"og:site_name\" content=\"Montessori \u017eaislai\" \/>\n<meta property=\"article:modified_time\" content=\"2025-11-16T12:43:33+00:00\" \/>\n<meta property=\"og:image\" content=\"https:\/\/monti.lt\/wp-content\/uploads\/2024\/11\/mikdukai-lapiukai.jpg\" \/>\n\t<meta property=\"og:image:width\" content=\"1200\" \/>\n\t<meta property=\"og:image:height\" content=\"1200\" \/>\n\t<meta property=\"og:image:type\" content=\"image\/jpeg\" \/>\n<meta name=\"twitter:card\" content=\"summary_large_image\" \/>\n<meta name=\"twitter:label1\" content=\"Est. reading time\" \/>\n\t<meta name=\"twitter:data1\" content=\"1 minute\" \/>\n<script type=\"application\/ld+json\" class=\"yoast-schema-graph\">{\"@context\":\"https:\/\/schema.org\",\"@graph\":[{\"@type\":\"WebPage\",\"@id\":\"https:\/\/monti.lt\/product\/little-dutch-rinkinys-misko-draugai\/\",\"url\":\"https:\/\/monti.lt\/product\/little-dutch-rinkinys-misko-draugai\/\",\"name\":\"Little Dutch rinkinys \\\"Mi\u0161ko draugai\\\" - Montessori \u017eaislai\",\"isPartOf\":{\"@id\":\"https:\/\/monti.lt\/#website\"},\"primaryImageOfPage\":{\"@id\":\"https:\/\/monti.lt\/product\/little-dutch-rinkinys-misko-draugai\/#primaryimage\"},\"image\":{\"@id\":\"https:\/\/monti.lt\/product\/little-dutch-rinkinys-misko-draugai\/#primaryimage\"},\"thumbnailUrl\":\"https:\/\/monti.lt\/wp-content\/uploads\/2024\/11\/mikdukai-lapiukai.jpg\",\"datePublished\":\"2024-11-11T13:00:39+00:00\",\"dateModified\":\"2025-11-16T12:43:33+00:00\",\"breadcrumb\":{\"@id\":\"https:\/\/monti.lt\/product\/little-dutch-rinkinys-misko-draugai\/#breadcrumb\"},\"inLanguage\":\"en-US\",\"potentialAction\":[{\"@type\":\"ReadAction\",\"target\":[\"https:\/\/monti.lt\/product\/little-dutch-rinkinys-misko-draugai\/\"]}]},{\"@type\":\"ImageObject\",\"inLanguage\":\"en-US\",\"@id\":\"https:\/\/monti.lt\/product\/little-dutch-rinkinys-misko-draugai\/#primaryimage\",\"url\":\"https:\/\/monti.lt\/wp-content\/uploads\/2024\/11\/mikdukai-lapiukai.jpg\",\"contentUrl\":\"https:\/\/monti.lt\/wp-content\/uploads\/2024\/11\/mikdukai-lapiukai.jpg\",\"width\":1200,\"height\":1200,\"caption\":\"dovanu rinkinys\"},{\"@type\":\"BreadcrumbList\",\"@id\":\"https:\/\/monti.lt\/product\/little-dutch-rinkinys-misko-draugai\/#breadcrumb\",\"itemListElement\":[{\"@type\":\"ListItem\",\"position\":1,\"name\":\"Home\",\"item\":\"https:\/\/monti.lt\/\"},{\"@type\":\"ListItem\",\"position\":2,\"name\":\"Parduotuv\u0117\",\"item\":\"https:\/\/monti.lt\/shop\/\"},{\"@type\":\"ListItem\",\"position\":3,\"name\":\"Little Dutch rinkinys &#8220;Mi\u0161ko draugai&#8221;\"}]},{\"@type\":\"WebSite\",\"@id\":\"https:\/\/monti.lt\/#website\",\"url\":\"https:\/\/monti.lt\/\",\"name\":\"Montessori \u017eaislai\",\"description\":\"\",\"publisher\":{\"@id\":\"https:\/\/monti.lt\/#organization\"},\"potentialAction\":[{\"@type\":\"SearchAction\",\"target\":{\"@type\":\"EntryPoint\",\"urlTemplate\":\"https:\/\/monti.lt\/?s={search_term_string}\"},\"query-input\":\"required name=search_term_string\"}],\"inLanguage\":\"en-US\"},{\"@type\":\"Organization\",\"@id\":\"https:\/\/monti.lt\/#organization\",\"name\":\"Montessori \u017eaislai\",\"url\":\"https:\/\/monti.lt\/\",\"logo\":{\"@type\":\"ImageObject\",\"inLanguage\":\"en-US\",\"@id\":\"https:\/\/monti.lt\/#\/schema\/logo\/image\/\",\"url\":\"https:\/\/monti.lt\/wp-content\/uploads\/2022\/03\/montilogo-1.png\",\"contentUrl\":\"https:\/\/monti.lt\/wp-content\/uploads\/2022\/03\/montilogo-1.png\",\"width\":512,\"height\":512,\"caption\":\"Montessori \u017eaislai\"},\"image\":{\"@id\":\"https:\/\/monti.lt\/#\/schema\/logo\/image\/\"}}]}<\/script>\n<!-- \/ Yoast SEO plugin. -->","yoast_head_json":{"title":"Little Dutch rinkinys \"Mi\u0161ko draugai\" - Montessori \u017eaislai","robots":{"index":"index","follow":"follow","max-snippet":"max-snippet:-1","max-image-preview":"max-image-preview:large","max-video-preview":"max-video-preview:-1"},"canonical":"https:\/\/monti.lt\/en\/product\/little-dutch-rinkinys-misko-draugai\/","og_locale":"en_US","og_type":"article","og_title":"Little Dutch rinkinys \"Mi\u0161ko draugai\" - Montessori \u017eaislai","og_description":"M\u016bs\u0173 m\u0117gstamiausi \u201eMi\u0161ko draug\u0173\u201c kolekcijos \u017eaislai &#8211; puiki dovana k\u016bdikiui ar k\u016bdikio \u0161vent\u0117s proga. \u0160ioje gra\u017eioje d\u0117\u017eut\u0117je yra trys mink\u0161ti gaminiai, skirti miegui, glamon\u0117ms ir \u017eaidimams. Mink\u0161tas muslino skudur\u0117lis su mink\u0161ta ir draugi\u0161ka pel\u0117d\u017eiuke puikiai tinka ne tik prigulti, bet ir \u017eaisti \u017eaidim\u0105 \u201epeek-a-boo\u201c. Mielasis lapiukas visada pasiruo\u0161\u0119s dideliam apkabinimui ir \u017eaidimui-perd\u0117jimui. \u0160iame rinkinyje taip [&hellip;]","og_url":"https:\/\/monti.lt\/en\/product\/little-dutch-rinkinys-misko-draugai\/","og_site_name":"Montessori \u017eaislai","article_modified_time":"2025-11-16T12:43:33+00:00","og_image":[{"width":1200,"height":1200,"url":"https:\/\/monti.lt\/wp-content\/uploads\/2024\/11\/mikdukai-lapiukai.jpg","type":"image\/jpeg"}],"twitter_card":"summary_large_image","twitter_misc":{"Est. reading time":"1 minute"},"schema":{"@context":"https:\/\/schema.org","@graph":[{"@type":"WebPage","@id":"https:\/\/monti.lt\/product\/little-dutch-rinkinys-misko-draugai\/","url":"https:\/\/monti.lt\/product\/little-dutch-rinkinys-misko-draugai\/","name":"Little Dutch rinkinys \"Mi\u0161ko draugai\" - Montessori \u017eaislai","isPartOf":{"@id":"https:\/\/monti.lt\/#website"},"primaryImageOfPage":{"@id":"https:\/\/monti.lt\/product\/little-dutch-rinkinys-misko-draugai\/#primaryimage"},"image":{"@id":"https:\/\/monti.lt\/product\/little-dutch-rinkinys-misko-draugai\/#primaryimage"},"thumbnailUrl":"https:\/\/monti.lt\/wp-content\/uploads\/2024\/11\/mikdukai-lapiukai.jpg","datePublished":"2024-11-11T13:00:39+00:00","dateModified":"2025-11-16T12:43:33+00:00","breadcrumb":{"@id":"https:\/\/monti.lt\/product\/little-dutch-rinkinys-misko-draugai\/#breadcrumb"},"inLanguage":"en-US","potentialAction":[{"@type":"ReadAction","target":["https:\/\/monti.lt\/product\/little-dutch-rinkinys-misko-draugai\/"]}]},{"@type":"ImageObject","inLanguage":"en-US","@id":"https:\/\/monti.lt\/product\/little-dutch-rinkinys-misko-draugai\/#primaryimage","url":"https:\/\/monti.lt\/wp-content\/uploads\/2024\/11\/mikdukai-lapiukai.jpg","contentUrl":"https:\/\/monti.lt\/wp-content\/uploads\/2024\/11\/mikdukai-lapiukai.jpg","width":1200,"height":1200,"caption":"dovanu rinkinys"},{"@type":"BreadcrumbList","@id":"https:\/\/monti.lt\/product\/little-dutch-rinkinys-misko-draugai\/#breadcrumb","itemListElement":[{"@type":"ListItem","position":1,"name":"Home","item":"https:\/\/monti.lt\/"},{"@type":"ListItem","position":2,"name":"Parduotuv\u0117","item":"https:\/\/monti.lt\/shop\/"},{"@type":"ListItem","position":3,"name":"Little Dutch rinkinys &#8220;Mi\u0161ko draugai&#8221;"}]},{"@type":"WebSite","@id":"https:\/\/monti.lt\/#website","url":"https:\/\/monti.lt\/","name":"Montessori \u017eaislai","description":"","publisher":{"@id":"https:\/\/monti.lt\/#organization"},"potentialAction":[{"@type":"SearchAction","target":{"@type":"EntryPoint","urlTemplate":"https:\/\/monti.lt\/?s={search_term_string}"},"query-input":"required name=search_term_string"}],"inLanguage":"en-US"},{"@type":"Organization","@id":"https:\/\/monti.lt\/#organization","name":"Montessori \u017eaislai","url":"https:\/\/monti.lt\/","logo":{"@type":"ImageObject","inLanguage":"en-US","@id":"https:\/\/monti.lt\/#\/schema\/logo\/image\/","url":"https:\/\/monti.lt\/wp-content\/uploads\/2022\/03\/montilogo-1.png","contentUrl":"https:\/\/monti.lt\/wp-content\/uploads\/2022\/03\/montilogo-1.png","width":512,"height":512,"caption":"Montessori \u017eaislai"},"image":{"@id":"https:\/\/monti.lt\/#\/schema\/logo\/image\/"}}]}},"_links":{"self":[{"href":"https:\/\/monti.lt\/en\/wp-json\/wp\/v2\/product\/27158"}],"collection":[{"href":"https:\/\/monti.lt\/en\/wp-json\/wp\/v2\/product"}],"about":[{"href":"https:\/\/monti.lt\/en\/wp-json\/wp\/v2\/types\/product"}],"version-history":[{"count":2,"href":"https:\/\/monti.lt\/en\/wp-json\/wp\/v2\/product\/27158\/revisions"}],"predecessor-version":[{"id":27415,"href":"https:\/\/monti.lt\/en\/wp-json\/wp\/v2\/product\/27158\/revisions\/27415"}],"wp:featuredmedia":[{"embeddable":true,"href":"https:\/\/monti.lt\/en\/wp-json\/wp\/v2\/media\/27162"}],"wp:attachment":[{"href":"https:\/\/monti.lt\/en\/wp-json\/wp\/v2\/media?parent=27158"}],"wp:term":[{"taxonomy":"product_cat","embeddable":true,"href":"https:\/\/monti.lt\/en\/wp-json\/wp\/v2\/product_cat?post=27158"},{"taxonomy":"product_tag","embeddable":true,"href":"https:\/\/monti.lt\/en\/wp-json\/wp\/v2\/product_tag?post=27158"}],"curies":[{"name":"wp","href":"https:\/\/api.w.org\/{rel}","templated":true}]}}