{"id":27163,"date":"2024-11-11T13:03:46","date_gmt":"2024-11-11T13:03:46","guid":{"rendered":"https:\/\/monti.lt\/?post_type=product&#038;p=27163"},"modified":"2025-10-23T05:33:39","modified_gmt":"2025-10-23T05:33:39","slug":"little-dutch-muzikine-dezute-ferma","status":"publish","type":"product","link":"https:\/\/monti.lt\/en\/product\/little-dutch-muzikine-dezute-ferma\/","title":{"rendered":"Little Dutch muzikin\u0117 d\u0117\u017eut\u0117 &#8220;Ferma&#8221;"},"content":{"rendered":"<p>Steb\u0117kite, kaip muzikai skambant sukasi vi\u0161\u010diukai ir avys! \u0160i\u0105 apvalios formos muzikin\u0119 d\u0117\u017eut\u0119 puo\u0161ia linksmas mylimos Ma\u017eosios fermos vaizdelis. \u0160velniai u\u017esukite dugn\u0105 ir paleiskite stebukling\u0105 \u0161ok\u012f. Prad\u0117jus skamb\u0117ti melodijai, avyt\u0117s ir vi\u0161\u010diukai grak\u0161\u010diai \u0161oka pagal pa\u017e\u012fstamas \u201eSenelis Makdonaldas tur\u0117jo \u016bk\u012f\u201c natas. Nuostabi dovana, kuri sukels \u0161ypsen\u0105 j\u016bs\u0173 ma\u017eylio veide, vos tik prad\u0117s groti muzikin\u0117 Ma\u017eojo \u016bkio kelion\u0117.<\/p>\n\n\n\n<p>I\u0161matavimai: Dydis: 11,2 x 10,5 cm<br>Med\u017eiaga: Mediena: FSC mediena<br>Am\u017eius: 12+ m\u0117n.<br>Standartas: EN-71-1-2-3<\/p>\n\n\n\n<p><\/p>","protected":false},"excerpt":{"rendered":"<p>Steb\u0117kite, kaip muzikai skambant sukasi vi\u0161\u010diukai ir avys! \u0160i\u0105 apvalios formos muzikin\u0119 d\u0117\u017eut\u0119 puo\u0161ia linksmas mylimos Ma\u017eosios fermos vaizdelis. \u0160velniai u\u017esukite dugn\u0105 ir paleiskite stebukling\u0105 \u0161ok\u012f. Prad\u0117jus skamb\u0117ti melodijai, avyt\u0117s ir vi\u0161\u010diukai grak\u0161\u010diai \u0161oka pagal pa\u017e\u012fstamas \u201eSenelis Makdonaldas tur\u0117jo \u016bk\u012f\u201c natas. Nuostabi dovana, kuri sukels \u0161ypsen\u0105 j\u016bs\u0173 ma\u017eylio veide, vos tik prad\u0117s groti muzikin\u0117 Ma\u017eojo [&hellip;]<\/p>","protected":false},"featured_media":27165,"template":"","meta":{"_acf_changed":false,"iawp_total_views":374},"product_cat":[193,194,195,191,192,84,244,102,85,90,49,39],"product_tag":[95,96,97],"class_list":{"0":"post-27163","1":"product","2":"type-product","3":"status-publish","4":"has-post-thumbnail","6":"product_cat-dovanos-vaikams-1-2-metu","7":"product_cat-dovanos-vaikams-2-3-metu","8":"product_cat-dovanos-vaikams-3-4-metu","9":"product_cat-dovanos-vaikams","10":"product_cat-kaledines-dovanos-vaikams","11":"product_cat-lavinamieji-zaislai","12":"product_cat-little-dutch","13":"product_cat-mediniai-zaislai","14":"product_cat-muzikiniai-zaislai","15":"product_cat-pasaulio-pazinimas","16":"product_cat-visi-zaislai","17":"product_cat-zaislai","18":"product_tag-1-m-2-m","19":"product_tag-2-m-3-m","20":"product_tag-3-m-4-m","22":"first","23":"outofstock","24":"sale","25":"taxable","26":"shipping-taxable","27":"purchasable","28":"product-type-simple"},"acf":[],"yoast_head":"<!-- This site is optimized with the Yoast SEO plugin v23.3 - https:\/\/yoast.com\/wordpress\/plugins\/seo\/ -->\n<title>Little Dutch muzikin\u0117 d\u0117\u017eut\u0117 &quot;Ferma&quot; - Montessori \u017eaislai<\/title>\n<meta name=\"robots\" content=\"index, follow, max-snippet:-1, max-image-preview:large, max-video-preview:-1\" \/>\n<link rel=\"canonical\" href=\"https:\/\/monti.lt\/en\/product\/little-dutch-muzikine-dezute-ferma\/\" \/>\n<meta property=\"og:locale\" content=\"en_US\" \/>\n<meta property=\"og:type\" content=\"article\" \/>\n<meta property=\"og:title\" content=\"Little Dutch muzikin\u0117 d\u0117\u017eut\u0117 &quot;Ferma&quot; - Montessori \u017eaislai\" \/>\n<meta property=\"og:description\" content=\"Steb\u0117kite, kaip muzikai skambant sukasi vi\u0161\u010diukai ir avys! \u0160i\u0105 apvalios formos muzikin\u0119 d\u0117\u017eut\u0119 puo\u0161ia linksmas mylimos Ma\u017eosios fermos vaizdelis. \u0160velniai u\u017esukite dugn\u0105 ir paleiskite stebukling\u0105 \u0161ok\u012f. Prad\u0117jus skamb\u0117ti melodijai, avyt\u0117s ir vi\u0161\u010diukai grak\u0161\u010diai \u0161oka pagal pa\u017e\u012fstamas \u201eSenelis Makdonaldas tur\u0117jo \u016bk\u012f\u201c natas. Nuostabi dovana, kuri sukels \u0161ypsen\u0105 j\u016bs\u0173 ma\u017eylio veide, vos tik prad\u0117s groti muzikin\u0117 Ma\u017eojo [&hellip;]\" \/>\n<meta property=\"og:url\" content=\"https:\/\/monti.lt\/en\/product\/little-dutch-muzikine-dezute-ferma\/\" \/>\n<meta property=\"og:site_name\" content=\"Montessori \u017eaislai\" \/>\n<meta property=\"article:modified_time\" content=\"2025-10-23T05:33:39+00:00\" \/>\n<meta property=\"og:image\" content=\"https:\/\/monti.lt\/wp-content\/uploads\/2024\/11\/LD7165-Muziekdoosje-Little-Farm.jpg\" \/>\n\t<meta property=\"og:image:width\" content=\"1200\" \/>\n\t<meta property=\"og:image:height\" content=\"1200\" \/>\n\t<meta property=\"og:image:type\" content=\"image\/jpeg\" \/>\n<meta name=\"twitter:card\" content=\"summary_large_image\" \/>\n<meta name=\"twitter:label1\" content=\"Est. reading time\" \/>\n\t<meta name=\"twitter:data1\" content=\"1 minute\" \/>\n<script type=\"application\/ld+json\" class=\"yoast-schema-graph\">{\"@context\":\"https:\/\/schema.org\",\"@graph\":[{\"@type\":\"WebPage\",\"@id\":\"https:\/\/monti.lt\/product\/little-dutch-muzikine-dezute-ferma\/\",\"url\":\"https:\/\/monti.lt\/product\/little-dutch-muzikine-dezute-ferma\/\",\"name\":\"Little Dutch muzikin\u0117 d\u0117\u017eut\u0117 \\\"Ferma\\\" - Montessori \u017eaislai\",\"isPartOf\":{\"@id\":\"https:\/\/monti.lt\/#website\"},\"primaryImageOfPage\":{\"@id\":\"https:\/\/monti.lt\/product\/little-dutch-muzikine-dezute-ferma\/#primaryimage\"},\"image\":{\"@id\":\"https:\/\/monti.lt\/product\/little-dutch-muzikine-dezute-ferma\/#primaryimage\"},\"thumbnailUrl\":\"https:\/\/monti.lt\/wp-content\/uploads\/2024\/11\/LD7165-Muziekdoosje-Little-Farm.jpg\",\"datePublished\":\"2024-11-11T13:03:46+00:00\",\"dateModified\":\"2025-10-23T05:33:39+00:00\",\"breadcrumb\":{\"@id\":\"https:\/\/monti.lt\/product\/little-dutch-muzikine-dezute-ferma\/#breadcrumb\"},\"inLanguage\":\"en-US\",\"potentialAction\":[{\"@type\":\"ReadAction\",\"target\":[\"https:\/\/monti.lt\/product\/little-dutch-muzikine-dezute-ferma\/\"]}]},{\"@type\":\"ImageObject\",\"inLanguage\":\"en-US\",\"@id\":\"https:\/\/monti.lt\/product\/little-dutch-muzikine-dezute-ferma\/#primaryimage\",\"url\":\"https:\/\/monti.lt\/wp-content\/uploads\/2024\/11\/LD7165-Muziekdoosje-Little-Farm.jpg\",\"contentUrl\":\"https:\/\/monti.lt\/wp-content\/uploads\/2024\/11\/LD7165-Muziekdoosje-Little-Farm.jpg\",\"width\":1200,\"height\":1200,\"caption\":\"Little dutch muzikin\u0117 dezute\"},{\"@type\":\"BreadcrumbList\",\"@id\":\"https:\/\/monti.lt\/product\/little-dutch-muzikine-dezute-ferma\/#breadcrumb\",\"itemListElement\":[{\"@type\":\"ListItem\",\"position\":1,\"name\":\"Home\",\"item\":\"https:\/\/monti.lt\/\"},{\"@type\":\"ListItem\",\"position\":2,\"name\":\"Parduotuv\u0117\",\"item\":\"https:\/\/monti.lt\/shop\/\"},{\"@type\":\"ListItem\",\"position\":3,\"name\":\"Little Dutch muzikin\u0117 d\u0117\u017eut\u0117 &#8220;Ferma&#8221;\"}]},{\"@type\":\"WebSite\",\"@id\":\"https:\/\/monti.lt\/#website\",\"url\":\"https:\/\/monti.lt\/\",\"name\":\"Montessori \u017eaislai\",\"description\":\"\",\"publisher\":{\"@id\":\"https:\/\/monti.lt\/#organization\"},\"potentialAction\":[{\"@type\":\"SearchAction\",\"target\":{\"@type\":\"EntryPoint\",\"urlTemplate\":\"https:\/\/monti.lt\/?s={search_term_string}\"},\"query-input\":\"required name=search_term_string\"}],\"inLanguage\":\"en-US\"},{\"@type\":\"Organization\",\"@id\":\"https:\/\/monti.lt\/#organization\",\"name\":\"Montessori \u017eaislai\",\"url\":\"https:\/\/monti.lt\/\",\"logo\":{\"@type\":\"ImageObject\",\"inLanguage\":\"en-US\",\"@id\":\"https:\/\/monti.lt\/#\/schema\/logo\/image\/\",\"url\":\"https:\/\/monti.lt\/wp-content\/uploads\/2022\/03\/montilogo-1.png\",\"contentUrl\":\"https:\/\/monti.lt\/wp-content\/uploads\/2022\/03\/montilogo-1.png\",\"width\":512,\"height\":512,\"caption\":\"Montessori \u017eaislai\"},\"image\":{\"@id\":\"https:\/\/monti.lt\/#\/schema\/logo\/image\/\"}}]}<\/script>\n<!-- \/ Yoast SEO plugin. -->","yoast_head_json":{"title":"Little Dutch muzikin\u0117 d\u0117\u017eut\u0117 \"Ferma\" - Montessori \u017eaislai","robots":{"index":"index","follow":"follow","max-snippet":"max-snippet:-1","max-image-preview":"max-image-preview:large","max-video-preview":"max-video-preview:-1"},"canonical":"https:\/\/monti.lt\/en\/product\/little-dutch-muzikine-dezute-ferma\/","og_locale":"en_US","og_type":"article","og_title":"Little Dutch muzikin\u0117 d\u0117\u017eut\u0117 \"Ferma\" - Montessori \u017eaislai","og_description":"Steb\u0117kite, kaip muzikai skambant sukasi vi\u0161\u010diukai ir avys! \u0160i\u0105 apvalios formos muzikin\u0119 d\u0117\u017eut\u0119 puo\u0161ia linksmas mylimos Ma\u017eosios fermos vaizdelis. \u0160velniai u\u017esukite dugn\u0105 ir paleiskite stebukling\u0105 \u0161ok\u012f. Prad\u0117jus skamb\u0117ti melodijai, avyt\u0117s ir vi\u0161\u010diukai grak\u0161\u010diai \u0161oka pagal pa\u017e\u012fstamas \u201eSenelis Makdonaldas tur\u0117jo \u016bk\u012f\u201c natas. Nuostabi dovana, kuri sukels \u0161ypsen\u0105 j\u016bs\u0173 ma\u017eylio veide, vos tik prad\u0117s groti muzikin\u0117 Ma\u017eojo [&hellip;]","og_url":"https:\/\/monti.lt\/en\/product\/little-dutch-muzikine-dezute-ferma\/","og_site_name":"Montessori \u017eaislai","article_modified_time":"2025-10-23T05:33:39+00:00","og_image":[{"width":1200,"height":1200,"url":"https:\/\/monti.lt\/wp-content\/uploads\/2024\/11\/LD7165-Muziekdoosje-Little-Farm.jpg","type":"image\/jpeg"}],"twitter_card":"summary_large_image","twitter_misc":{"Est. reading time":"1 minute"},"schema":{"@context":"https:\/\/schema.org","@graph":[{"@type":"WebPage","@id":"https:\/\/monti.lt\/product\/little-dutch-muzikine-dezute-ferma\/","url":"https:\/\/monti.lt\/product\/little-dutch-muzikine-dezute-ferma\/","name":"Little Dutch muzikin\u0117 d\u0117\u017eut\u0117 \"Ferma\" - Montessori \u017eaislai","isPartOf":{"@id":"https:\/\/monti.lt\/#website"},"primaryImageOfPage":{"@id":"https:\/\/monti.lt\/product\/little-dutch-muzikine-dezute-ferma\/#primaryimage"},"image":{"@id":"https:\/\/monti.lt\/product\/little-dutch-muzikine-dezute-ferma\/#primaryimage"},"thumbnailUrl":"https:\/\/monti.lt\/wp-content\/uploads\/2024\/11\/LD7165-Muziekdoosje-Little-Farm.jpg","datePublished":"2024-11-11T13:03:46+00:00","dateModified":"2025-10-23T05:33:39+00:00","breadcrumb":{"@id":"https:\/\/monti.lt\/product\/little-dutch-muzikine-dezute-ferma\/#breadcrumb"},"inLanguage":"en-US","potentialAction":[{"@type":"ReadAction","target":["https:\/\/monti.lt\/product\/little-dutch-muzikine-dezute-ferma\/"]}]},{"@type":"ImageObject","inLanguage":"en-US","@id":"https:\/\/monti.lt\/product\/little-dutch-muzikine-dezute-ferma\/#primaryimage","url":"https:\/\/monti.lt\/wp-content\/uploads\/2024\/11\/LD7165-Muziekdoosje-Little-Farm.jpg","contentUrl":"https:\/\/monti.lt\/wp-content\/uploads\/2024\/11\/LD7165-Muziekdoosje-Little-Farm.jpg","width":1200,"height":1200,"caption":"Little dutch muzikin\u0117 dezute"},{"@type":"BreadcrumbList","@id":"https:\/\/monti.lt\/product\/little-dutch-muzikine-dezute-ferma\/#breadcrumb","itemListElement":[{"@type":"ListItem","position":1,"name":"Home","item":"https:\/\/monti.lt\/"},{"@type":"ListItem","position":2,"name":"Parduotuv\u0117","item":"https:\/\/monti.lt\/shop\/"},{"@type":"ListItem","position":3,"name":"Little Dutch muzikin\u0117 d\u0117\u017eut\u0117 &#8220;Ferma&#8221;"}]},{"@type":"WebSite","@id":"https:\/\/monti.lt\/#website","url":"https:\/\/monti.lt\/","name":"Montessori \u017eaislai","description":"","publisher":{"@id":"https:\/\/monti.lt\/#organization"},"potentialAction":[{"@type":"SearchAction","target":{"@type":"EntryPoint","urlTemplate":"https:\/\/monti.lt\/?s={search_term_string}"},"query-input":"required name=search_term_string"}],"inLanguage":"en-US"},{"@type":"Organization","@id":"https:\/\/monti.lt\/#organization","name":"Montessori \u017eaislai","url":"https:\/\/monti.lt\/","logo":{"@type":"ImageObject","inLanguage":"en-US","@id":"https:\/\/monti.lt\/#\/schema\/logo\/image\/","url":"https:\/\/monti.lt\/wp-content\/uploads\/2022\/03\/montilogo-1.png","contentUrl":"https:\/\/monti.lt\/wp-content\/uploads\/2022\/03\/montilogo-1.png","width":512,"height":512,"caption":"Montessori \u017eaislai"},"image":{"@id":"https:\/\/monti.lt\/#\/schema\/logo\/image\/"}}]}},"_links":{"self":[{"href":"https:\/\/monti.lt\/en\/wp-json\/wp\/v2\/product\/27163"}],"collection":[{"href":"https:\/\/monti.lt\/en\/wp-json\/wp\/v2\/product"}],"about":[{"href":"https:\/\/monti.lt\/en\/wp-json\/wp\/v2\/types\/product"}],"version-history":[{"count":1,"href":"https:\/\/monti.lt\/en\/wp-json\/wp\/v2\/product\/27163\/revisions"}],"predecessor-version":[{"id":27173,"href":"https:\/\/monti.lt\/en\/wp-json\/wp\/v2\/product\/27163\/revisions\/27173"}],"wp:featuredmedia":[{"embeddable":true,"href":"https:\/\/monti.lt\/en\/wp-json\/wp\/v2\/media\/27165"}],"wp:attachment":[{"href":"https:\/\/monti.lt\/en\/wp-json\/wp\/v2\/media?parent=27163"}],"wp:term":[{"taxonomy":"product_cat","embeddable":true,"href":"https:\/\/monti.lt\/en\/wp-json\/wp\/v2\/product_cat?post=27163"},{"taxonomy":"product_tag","embeddable":true,"href":"https:\/\/monti.lt\/en\/wp-json\/wp\/v2\/product_tag?post=27163"}],"curies":[{"name":"wp","href":"https:\/\/api.w.org\/{rel}","templated":true}]}}