{"id":27166,"date":"2024-11-11T13:03:54","date_gmt":"2024-11-11T13:03:54","guid":{"rendered":"https:\/\/monti.lt\/?post_type=product&#038;p=27166"},"modified":"2026-03-20T08:55:58","modified_gmt":"2026-03-20T08:55:58","slug":"little-dutch-rinkinys-baby-bunny","status":"publish","type":"product","link":"https:\/\/monti.lt\/en\/product\/little-dutch-rinkinys-baby-bunny\/","title":{"rendered":"Little Dutch rinkinys &#8220;Baby Bunny&#8221;"},"content":{"rendered":"<p>\u201eLittle Dutch\u201c dovan\u0173 rinkinys \u201aBaby Bunny\u2018 &#8211; tai puiki dovana laimingam ma\u017eyliui j\u016bs\u0173 gyvenime. \u0160\u012f rinkin\u012f sudaro trys neatremiami daiktai: mink\u0161tas pliu\u0161inis triu\u0161iukas, pliu\u0161inis \u017eaislas su miela triu\u0161io galva ir mink\u0161tas \u017eiedinis bar\u0161kutis. Pliu\u0161inis triu\u0161iukas suteikia jaukumo ir maloni\u0173 linksmybi\u0173, o pliu\u0161inis \u017eaislas tampa m\u0117gstamiausiu \u017eaidimams ir glamon\u0117ms. \u017diedinis bar\u0161kutis stimuliuoja k\u016bdikio poj\u016b\u010dius ir motorinius \u012fg\u016bd\u017eius. Kartu jie sudaro meili\u0105 ir lavinan\u010di\u0105 dovan\u0105, supakuot\u0105 \u012f gra\u017ei\u0105 dovan\u0173 d\u0117\u017eut\u0119, kuri\u0105 gal\u0117site branginti.<\/p>\n\n\n\n<p>I\u0161matavimai: 26 x 26 x 10 cm<br>Med\u017eiaga: audinys: 80 % poliesteris ir 20 % medviln\u0117 | bar\u0161kutis: 100 % poliesteris | zuikutis: 100 % poliesteris<br>Skalbti skalbimo ma\u0161inoje: 30\u00b0 C<br>Am\u017eius: 0+ m\u0117n.<br>Standartas: EN-71-1-2-3<\/p>","protected":false},"excerpt":{"rendered":"<p>\u201eLittle Dutch\u201c dovan\u0173 rinkinys \u201aBaby Bunny\u2018 &#8211; tai puiki dovana laimingam ma\u017eyliui j\u016bs\u0173 gyvenime. \u0160\u012f rinkin\u012f sudaro trys neatremiami daiktai: mink\u0161tas pliu\u0161inis triu\u0161iukas, pliu\u0161inis \u017eaislas su miela triu\u0161io galva ir mink\u0161tas \u017eiedinis bar\u0161kutis. Pliu\u0161inis triu\u0161iukas suteikia jaukumo ir maloni\u0173 linksmybi\u0173, o pliu\u0161inis \u017eaislas tampa m\u0117gstamiausiu \u017eaidimams ir glamon\u0117ms. \u017diedinis bar\u0161kutis stimuliuoja k\u016bdikio poj\u016b\u010dius ir motorinius [&hellip;]<\/p>","protected":false},"featured_media":27172,"template":"","meta":{"_acf_changed":false,"iawp_total_views":165},"product_cat":[213,200,191,241,82,192,244,50],"product_tag":[94],"class_list":{"0":"post-27166","1":"product","2":"type-product","3":"status-publish","4":"has-post-thumbnail","6":"product_cat-akcija","7":"product_cat-dovanos-kudikiams","8":"product_cat-dovanos-vaikams","9":"product_cat-dovanu-rinkiniai","10":"product_cat-ispardavimas","11":"product_cat-kaledines-dovanos-vaikams","12":"product_cat-little-dutch","13":"product_cat-top-dovanos","14":"product_tag-iki-1-m","16":"first","17":"instock","18":"sale","19":"taxable","20":"shipping-taxable","21":"purchasable","22":"product-type-simple"},"acf":[],"yoast_head":"<!-- This site is optimized with the Yoast SEO plugin v23.3 - https:\/\/yoast.com\/wordpress\/plugins\/seo\/ -->\n<title>Little Dutch rinkinys &quot;Baby Bunny&quot; - Montessori \u017eaislai<\/title>\n<meta name=\"robots\" content=\"index, follow, max-snippet:-1, max-image-preview:large, max-video-preview:-1\" \/>\n<link rel=\"canonical\" href=\"https:\/\/monti.lt\/en\/product\/little-dutch-rinkinys-baby-bunny\/\" \/>\n<meta property=\"og:locale\" content=\"en_US\" \/>\n<meta property=\"og:type\" content=\"article\" \/>\n<meta property=\"og:title\" content=\"Little Dutch rinkinys &quot;Baby Bunny&quot; - Montessori \u017eaislai\" \/>\n<meta property=\"og:description\" content=\"\u201eLittle Dutch\u201c dovan\u0173 rinkinys \u201aBaby Bunny\u2018 &#8211; tai puiki dovana laimingam ma\u017eyliui j\u016bs\u0173 gyvenime. \u0160\u012f rinkin\u012f sudaro trys neatremiami daiktai: mink\u0161tas pliu\u0161inis triu\u0161iukas, pliu\u0161inis \u017eaislas su miela triu\u0161io galva ir mink\u0161tas \u017eiedinis bar\u0161kutis. Pliu\u0161inis triu\u0161iukas suteikia jaukumo ir maloni\u0173 linksmybi\u0173, o pliu\u0161inis \u017eaislas tampa m\u0117gstamiausiu \u017eaidimams ir glamon\u0117ms. \u017diedinis bar\u0161kutis stimuliuoja k\u016bdikio poj\u016b\u010dius ir motorinius [&hellip;]\" \/>\n<meta property=\"og:url\" content=\"https:\/\/monti.lt\/en\/product\/little-dutch-rinkinys-baby-bunny\/\" \/>\n<meta property=\"og:site_name\" content=\"Montessori \u017eaislai\" \/>\n<meta property=\"article:modified_time\" content=\"2026-03-20T08:55:58+00:00\" \/>\n<meta property=\"og:image\" content=\"https:\/\/monti.lt\/wp-content\/uploads\/2024\/11\/kiskuciai.jpg\" \/>\n\t<meta property=\"og:image:width\" content=\"1200\" \/>\n\t<meta property=\"og:image:height\" content=\"1200\" \/>\n\t<meta property=\"og:image:type\" content=\"image\/jpeg\" \/>\n<meta name=\"twitter:card\" content=\"summary_large_image\" \/>\n<meta name=\"twitter:label1\" content=\"Est. reading time\" \/>\n\t<meta name=\"twitter:data1\" content=\"1 minute\" \/>\n<script type=\"application\/ld+json\" class=\"yoast-schema-graph\">{\"@context\":\"https:\/\/schema.org\",\"@graph\":[{\"@type\":\"WebPage\",\"@id\":\"https:\/\/monti.lt\/product\/little-dutch-rinkinys-baby-bunny\/\",\"url\":\"https:\/\/monti.lt\/product\/little-dutch-rinkinys-baby-bunny\/\",\"name\":\"Little Dutch rinkinys \\\"Baby Bunny\\\" - Montessori \u017eaislai\",\"isPartOf\":{\"@id\":\"https:\/\/monti.lt\/#website\"},\"primaryImageOfPage\":{\"@id\":\"https:\/\/monti.lt\/product\/little-dutch-rinkinys-baby-bunny\/#primaryimage\"},\"image\":{\"@id\":\"https:\/\/monti.lt\/product\/little-dutch-rinkinys-baby-bunny\/#primaryimage\"},\"thumbnailUrl\":\"https:\/\/monti.lt\/wp-content\/uploads\/2024\/11\/kiskuciai.jpg\",\"datePublished\":\"2024-11-11T13:03:54+00:00\",\"dateModified\":\"2026-03-20T08:55:58+00:00\",\"breadcrumb\":{\"@id\":\"https:\/\/monti.lt\/product\/little-dutch-rinkinys-baby-bunny\/#breadcrumb\"},\"inLanguage\":\"en-US\",\"potentialAction\":[{\"@type\":\"ReadAction\",\"target\":[\"https:\/\/monti.lt\/product\/little-dutch-rinkinys-baby-bunny\/\"]}]},{\"@type\":\"ImageObject\",\"inLanguage\":\"en-US\",\"@id\":\"https:\/\/monti.lt\/product\/little-dutch-rinkinys-baby-bunny\/#primaryimage\",\"url\":\"https:\/\/monti.lt\/wp-content\/uploads\/2024\/11\/kiskuciai.jpg\",\"contentUrl\":\"https:\/\/monti.lt\/wp-content\/uploads\/2024\/11\/kiskuciai.jpg\",\"width\":1200,\"height\":1200,\"caption\":\"baby bunny\"},{\"@type\":\"BreadcrumbList\",\"@id\":\"https:\/\/monti.lt\/product\/little-dutch-rinkinys-baby-bunny\/#breadcrumb\",\"itemListElement\":[{\"@type\":\"ListItem\",\"position\":1,\"name\":\"Home\",\"item\":\"https:\/\/monti.lt\/\"},{\"@type\":\"ListItem\",\"position\":2,\"name\":\"Parduotuv\u0117\",\"item\":\"https:\/\/monti.lt\/shop\/\"},{\"@type\":\"ListItem\",\"position\":3,\"name\":\"Little Dutch rinkinys &#8220;Baby Bunny&#8221;\"}]},{\"@type\":\"WebSite\",\"@id\":\"https:\/\/monti.lt\/#website\",\"url\":\"https:\/\/monti.lt\/\",\"name\":\"Montessori \u017eaislai\",\"description\":\"\",\"publisher\":{\"@id\":\"https:\/\/monti.lt\/#organization\"},\"potentialAction\":[{\"@type\":\"SearchAction\",\"target\":{\"@type\":\"EntryPoint\",\"urlTemplate\":\"https:\/\/monti.lt\/?s={search_term_string}\"},\"query-input\":\"required name=search_term_string\"}],\"inLanguage\":\"en-US\"},{\"@type\":\"Organization\",\"@id\":\"https:\/\/monti.lt\/#organization\",\"name\":\"Montessori \u017eaislai\",\"url\":\"https:\/\/monti.lt\/\",\"logo\":{\"@type\":\"ImageObject\",\"inLanguage\":\"en-US\",\"@id\":\"https:\/\/monti.lt\/#\/schema\/logo\/image\/\",\"url\":\"https:\/\/monti.lt\/wp-content\/uploads\/2022\/03\/montilogo-1.png\",\"contentUrl\":\"https:\/\/monti.lt\/wp-content\/uploads\/2022\/03\/montilogo-1.png\",\"width\":512,\"height\":512,\"caption\":\"Montessori \u017eaislai\"},\"image\":{\"@id\":\"https:\/\/monti.lt\/#\/schema\/logo\/image\/\"}}]}<\/script>\n<!-- \/ Yoast SEO plugin. -->","yoast_head_json":{"title":"Little Dutch rinkinys \"Baby Bunny\" - Montessori \u017eaislai","robots":{"index":"index","follow":"follow","max-snippet":"max-snippet:-1","max-image-preview":"max-image-preview:large","max-video-preview":"max-video-preview:-1"},"canonical":"https:\/\/monti.lt\/en\/product\/little-dutch-rinkinys-baby-bunny\/","og_locale":"en_US","og_type":"article","og_title":"Little Dutch rinkinys \"Baby Bunny\" - Montessori \u017eaislai","og_description":"\u201eLittle Dutch\u201c dovan\u0173 rinkinys \u201aBaby Bunny\u2018 &#8211; tai puiki dovana laimingam ma\u017eyliui j\u016bs\u0173 gyvenime. \u0160\u012f rinkin\u012f sudaro trys neatremiami daiktai: mink\u0161tas pliu\u0161inis triu\u0161iukas, pliu\u0161inis \u017eaislas su miela triu\u0161io galva ir mink\u0161tas \u017eiedinis bar\u0161kutis. Pliu\u0161inis triu\u0161iukas suteikia jaukumo ir maloni\u0173 linksmybi\u0173, o pliu\u0161inis \u017eaislas tampa m\u0117gstamiausiu \u017eaidimams ir glamon\u0117ms. \u017diedinis bar\u0161kutis stimuliuoja k\u016bdikio poj\u016b\u010dius ir motorinius [&hellip;]","og_url":"https:\/\/monti.lt\/en\/product\/little-dutch-rinkinys-baby-bunny\/","og_site_name":"Montessori \u017eaislai","article_modified_time":"2026-03-20T08:55:58+00:00","og_image":[{"width":1200,"height":1200,"url":"https:\/\/monti.lt\/wp-content\/uploads\/2024\/11\/kiskuciai.jpg","type":"image\/jpeg"}],"twitter_card":"summary_large_image","twitter_misc":{"Est. reading time":"1 minute"},"schema":{"@context":"https:\/\/schema.org","@graph":[{"@type":"WebPage","@id":"https:\/\/monti.lt\/product\/little-dutch-rinkinys-baby-bunny\/","url":"https:\/\/monti.lt\/product\/little-dutch-rinkinys-baby-bunny\/","name":"Little Dutch rinkinys \"Baby Bunny\" - Montessori \u017eaislai","isPartOf":{"@id":"https:\/\/monti.lt\/#website"},"primaryImageOfPage":{"@id":"https:\/\/monti.lt\/product\/little-dutch-rinkinys-baby-bunny\/#primaryimage"},"image":{"@id":"https:\/\/monti.lt\/product\/little-dutch-rinkinys-baby-bunny\/#primaryimage"},"thumbnailUrl":"https:\/\/monti.lt\/wp-content\/uploads\/2024\/11\/kiskuciai.jpg","datePublished":"2024-11-11T13:03:54+00:00","dateModified":"2026-03-20T08:55:58+00:00","breadcrumb":{"@id":"https:\/\/monti.lt\/product\/little-dutch-rinkinys-baby-bunny\/#breadcrumb"},"inLanguage":"en-US","potentialAction":[{"@type":"ReadAction","target":["https:\/\/monti.lt\/product\/little-dutch-rinkinys-baby-bunny\/"]}]},{"@type":"ImageObject","inLanguage":"en-US","@id":"https:\/\/monti.lt\/product\/little-dutch-rinkinys-baby-bunny\/#primaryimage","url":"https:\/\/monti.lt\/wp-content\/uploads\/2024\/11\/kiskuciai.jpg","contentUrl":"https:\/\/monti.lt\/wp-content\/uploads\/2024\/11\/kiskuciai.jpg","width":1200,"height":1200,"caption":"baby bunny"},{"@type":"BreadcrumbList","@id":"https:\/\/monti.lt\/product\/little-dutch-rinkinys-baby-bunny\/#breadcrumb","itemListElement":[{"@type":"ListItem","position":1,"name":"Home","item":"https:\/\/monti.lt\/"},{"@type":"ListItem","position":2,"name":"Parduotuv\u0117","item":"https:\/\/monti.lt\/shop\/"},{"@type":"ListItem","position":3,"name":"Little Dutch rinkinys &#8220;Baby Bunny&#8221;"}]},{"@type":"WebSite","@id":"https:\/\/monti.lt\/#website","url":"https:\/\/monti.lt\/","name":"Montessori \u017eaislai","description":"","publisher":{"@id":"https:\/\/monti.lt\/#organization"},"potentialAction":[{"@type":"SearchAction","target":{"@type":"EntryPoint","urlTemplate":"https:\/\/monti.lt\/?s={search_term_string}"},"query-input":"required name=search_term_string"}],"inLanguage":"en-US"},{"@type":"Organization","@id":"https:\/\/monti.lt\/#organization","name":"Montessori \u017eaislai","url":"https:\/\/monti.lt\/","logo":{"@type":"ImageObject","inLanguage":"en-US","@id":"https:\/\/monti.lt\/#\/schema\/logo\/image\/","url":"https:\/\/monti.lt\/wp-content\/uploads\/2022\/03\/montilogo-1.png","contentUrl":"https:\/\/monti.lt\/wp-content\/uploads\/2022\/03\/montilogo-1.png","width":512,"height":512,"caption":"Montessori \u017eaislai"},"image":{"@id":"https:\/\/monti.lt\/#\/schema\/logo\/image\/"}}]}},"_links":{"self":[{"href":"https:\/\/monti.lt\/en\/wp-json\/wp\/v2\/product\/27166"}],"collection":[{"href":"https:\/\/monti.lt\/en\/wp-json\/wp\/v2\/product"}],"about":[{"href":"https:\/\/monti.lt\/en\/wp-json\/wp\/v2\/types\/product"}],"version-history":[{"count":2,"href":"https:\/\/monti.lt\/en\/wp-json\/wp\/v2\/product\/27166\/revisions"}],"predecessor-version":[{"id":27410,"href":"https:\/\/monti.lt\/en\/wp-json\/wp\/v2\/product\/27166\/revisions\/27410"}],"wp:featuredmedia":[{"embeddable":true,"href":"https:\/\/monti.lt\/en\/wp-json\/wp\/v2\/media\/27172"}],"wp:attachment":[{"href":"https:\/\/monti.lt\/en\/wp-json\/wp\/v2\/media?parent=27166"}],"wp:term":[{"taxonomy":"product_cat","embeddable":true,"href":"https:\/\/monti.lt\/en\/wp-json\/wp\/v2\/product_cat?post=27166"},{"taxonomy":"product_tag","embeddable":true,"href":"https:\/\/monti.lt\/en\/wp-json\/wp\/v2\/product_tag?post=27166"}],"curies":[{"name":"wp","href":"https:\/\/api.w.org\/{rel}","templated":true}]}}