{"id":27176,"date":"2024-11-11T13:06:54","date_gmt":"2024-11-11T13:06:54","guid":{"rendered":"https:\/\/monti.lt\/?post_type=product&#038;p=27176"},"modified":"2025-11-27T11:28:51","modified_gmt":"2025-11-27T11:28:51","slug":"little-dutch-piramide-misko-draugai","status":"publish","type":"product","link":"https:\/\/monti.lt\/en\/product\/little-dutch-piramide-misko-draugai\/","title":{"rendered":"Little Dutch piramid\u0117 &#8220;Mi\u0161ko draugai&#8221;"},"content":{"rendered":"<p>Sud\u0117kite \u017eiedus ant supamojo pagrindo ir leiskite lap\u0117ms \u0161okti ir suktis! Sud\u0117ti \u017eiedus ant medinio pagrindo, kuris svyruoja pirmyn ir atgal, yra nema\u017eas i\u0161\u0161\u016bkis. Ta\u010diau \u017eavioji lap\u0117 skatina jus atkakliai stengtis, o kai piramid\u0117 bus baigta, ji pa\u0161oks ma\u017e\u0105 \u0161ok\u012f. Kiekvienas mielas \u017eiedas turi unikal\u0173 dizain\u0105, \u012fkv\u0117pt\u0105 kolekcijos \u201eMi\u0161ko draugai\u201c. \u0160is s\u016bpuojamasis \u017eied\u0173 d\u0117liotojas sukurtas taip, kad per malon\u0173 \u017eaidim\u0105 rankomis b\u016bt\u0173 lavinama rank\u0173 ir aki\u0173 koordinacija. Tegul prasideda krovimo nuotykiai!<\/p>\n\n\n\n<p>Matmenys: 26 x 11 x 11 cm<br>Am\u017eius: 0+ m\u0117n.<br>Standartinis: EN-71-1-2-3<\/p>","protected":false},"excerpt":{"rendered":"<p>Sud\u0117kite \u017eiedus ant supamojo pagrindo ir leiskite lap\u0117ms \u0161okti ir suktis! Sud\u0117ti \u017eiedus ant medinio pagrindo, kuris svyruoja pirmyn ir atgal, yra nema\u017eas i\u0161\u0161\u016bkis. Ta\u010diau \u017eavioji lap\u0117 skatina jus atkakliai stengtis, o kai piramid\u0117 bus baigta, ji pa\u0161oks ma\u017e\u0105 \u0161ok\u012f. Kiekvienas mielas \u017eiedas turi unikal\u0173 dizain\u0105, \u012fkv\u0117pt\u0105 kolekcijos \u201eMi\u0161ko draugai\u201c. \u0160is s\u016bpuojamasis \u017eied\u0173 d\u0117liotojas sukurtas [&hellip;]<\/p>","protected":false},"featured_media":27178,"template":"","meta":{"_acf_changed":false,"iawp_total_views":150},"product_cat":[193,194,200,244,102,83],"product_tag":[95,94],"class_list":{"0":"post-27176","1":"product","2":"type-product","3":"status-publish","4":"has-post-thumbnail","6":"product_cat-dovanos-vaikams-1-2-metu","7":"product_cat-dovanos-vaikams-2-3-metu","8":"product_cat-dovanos-kudikiams","9":"product_cat-little-dutch","10":"product_cat-mediniai-zaislai","11":"product_cat-montessori-zaislai","12":"product_tag-1-m-2-m","13":"product_tag-iki-1-m","15":"first","16":"outofstock","17":"sale","18":"taxable","19":"shipping-taxable","20":"purchasable","21":"product-type-simple"},"acf":[],"yoast_head":"<!-- This site is optimized with the Yoast SEO plugin v23.3 - https:\/\/yoast.com\/wordpress\/plugins\/seo\/ -->\n<title>Little Dutch piramid\u0117 &quot;Mi\u0161ko draugai&quot; - Montessori \u017eaislai<\/title>\n<meta name=\"robots\" content=\"index, follow, max-snippet:-1, max-image-preview:large, max-video-preview:-1\" \/>\n<link rel=\"canonical\" href=\"https:\/\/monti.lt\/en\/product\/little-dutch-piramide-misko-draugai\/\" \/>\n<meta property=\"og:locale\" content=\"en_US\" \/>\n<meta property=\"og:type\" content=\"article\" \/>\n<meta property=\"og:title\" content=\"Little Dutch piramid\u0117 &quot;Mi\u0161ko draugai&quot; - Montessori \u017eaislai\" \/>\n<meta property=\"og:description\" content=\"Sud\u0117kite \u017eiedus ant supamojo pagrindo ir leiskite lap\u0117ms \u0161okti ir suktis! Sud\u0117ti \u017eiedus ant medinio pagrindo, kuris svyruoja pirmyn ir atgal, yra nema\u017eas i\u0161\u0161\u016bkis. Ta\u010diau \u017eavioji lap\u0117 skatina jus atkakliai stengtis, o kai piramid\u0117 bus baigta, ji pa\u0161oks ma\u017e\u0105 \u0161ok\u012f. Kiekvienas mielas \u017eiedas turi unikal\u0173 dizain\u0105, \u012fkv\u0117pt\u0105 kolekcijos \u201eMi\u0161ko draugai\u201c. \u0160is s\u016bpuojamasis \u017eied\u0173 d\u0117liotojas sukurtas [&hellip;]\" \/>\n<meta property=\"og:url\" content=\"https:\/\/monti.lt\/en\/product\/little-dutch-piramide-misko-draugai\/\" \/>\n<meta property=\"og:site_name\" content=\"Montessori \u017eaislai\" \/>\n<meta property=\"article:modified_time\" content=\"2025-11-27T11:28:51+00:00\" \/>\n<meta property=\"og:image\" content=\"https:\/\/monti.lt\/wp-content\/uploads\/2024\/11\/piramide.jpg\" \/>\n\t<meta property=\"og:image:width\" content=\"1200\" \/>\n\t<meta property=\"og:image:height\" content=\"1200\" \/>\n\t<meta property=\"og:image:type\" content=\"image\/jpeg\" \/>\n<meta name=\"twitter:card\" content=\"summary_large_image\" \/>\n<meta name=\"twitter:label1\" content=\"Est. reading time\" \/>\n\t<meta name=\"twitter:data1\" content=\"1 minute\" \/>\n<script type=\"application\/ld+json\" class=\"yoast-schema-graph\">{\"@context\":\"https:\/\/schema.org\",\"@graph\":[{\"@type\":\"WebPage\",\"@id\":\"https:\/\/monti.lt\/product\/little-dutch-piramide-misko-draugai\/\",\"url\":\"https:\/\/monti.lt\/product\/little-dutch-piramide-misko-draugai\/\",\"name\":\"Little Dutch piramid\u0117 \\\"Mi\u0161ko draugai\\\" - Montessori \u017eaislai\",\"isPartOf\":{\"@id\":\"https:\/\/monti.lt\/#website\"},\"primaryImageOfPage\":{\"@id\":\"https:\/\/monti.lt\/product\/little-dutch-piramide-misko-draugai\/#primaryimage\"},\"image\":{\"@id\":\"https:\/\/monti.lt\/product\/little-dutch-piramide-misko-draugai\/#primaryimage\"},\"thumbnailUrl\":\"https:\/\/monti.lt\/wp-content\/uploads\/2024\/11\/piramide.jpg\",\"datePublished\":\"2024-11-11T13:06:54+00:00\",\"dateModified\":\"2025-11-27T11:28:51+00:00\",\"breadcrumb\":{\"@id\":\"https:\/\/monti.lt\/product\/little-dutch-piramide-misko-draugai\/#breadcrumb\"},\"inLanguage\":\"en-US\",\"potentialAction\":[{\"@type\":\"ReadAction\",\"target\":[\"https:\/\/monti.lt\/product\/little-dutch-piramide-misko-draugai\/\"]}]},{\"@type\":\"ImageObject\",\"inLanguage\":\"en-US\",\"@id\":\"https:\/\/monti.lt\/product\/little-dutch-piramide-misko-draugai\/#primaryimage\",\"url\":\"https:\/\/monti.lt\/wp-content\/uploads\/2024\/11\/piramide.jpg\",\"contentUrl\":\"https:\/\/monti.lt\/wp-content\/uploads\/2024\/11\/piramide.jpg\",\"width\":1200,\"height\":1200,\"caption\":\"piramide\"},{\"@type\":\"BreadcrumbList\",\"@id\":\"https:\/\/monti.lt\/product\/little-dutch-piramide-misko-draugai\/#breadcrumb\",\"itemListElement\":[{\"@type\":\"ListItem\",\"position\":1,\"name\":\"Home\",\"item\":\"https:\/\/monti.lt\/\"},{\"@type\":\"ListItem\",\"position\":2,\"name\":\"Parduotuv\u0117\",\"item\":\"https:\/\/monti.lt\/shop\/\"},{\"@type\":\"ListItem\",\"position\":3,\"name\":\"Little Dutch piramid\u0117 &#8220;Mi\u0161ko draugai&#8221;\"}]},{\"@type\":\"WebSite\",\"@id\":\"https:\/\/monti.lt\/#website\",\"url\":\"https:\/\/monti.lt\/\",\"name\":\"Montessori \u017eaislai\",\"description\":\"\",\"publisher\":{\"@id\":\"https:\/\/monti.lt\/#organization\"},\"potentialAction\":[{\"@type\":\"SearchAction\",\"target\":{\"@type\":\"EntryPoint\",\"urlTemplate\":\"https:\/\/monti.lt\/?s={search_term_string}\"},\"query-input\":\"required name=search_term_string\"}],\"inLanguage\":\"en-US\"},{\"@type\":\"Organization\",\"@id\":\"https:\/\/monti.lt\/#organization\",\"name\":\"Montessori \u017eaislai\",\"url\":\"https:\/\/monti.lt\/\",\"logo\":{\"@type\":\"ImageObject\",\"inLanguage\":\"en-US\",\"@id\":\"https:\/\/monti.lt\/#\/schema\/logo\/image\/\",\"url\":\"https:\/\/monti.lt\/wp-content\/uploads\/2022\/03\/montilogo-1.png\",\"contentUrl\":\"https:\/\/monti.lt\/wp-content\/uploads\/2022\/03\/montilogo-1.png\",\"width\":512,\"height\":512,\"caption\":\"Montessori \u017eaislai\"},\"image\":{\"@id\":\"https:\/\/monti.lt\/#\/schema\/logo\/image\/\"}}]}<\/script>\n<!-- \/ Yoast SEO plugin. -->","yoast_head_json":{"title":"Little Dutch piramid\u0117 \"Mi\u0161ko draugai\" - Montessori \u017eaislai","robots":{"index":"index","follow":"follow","max-snippet":"max-snippet:-1","max-image-preview":"max-image-preview:large","max-video-preview":"max-video-preview:-1"},"canonical":"https:\/\/monti.lt\/en\/product\/little-dutch-piramide-misko-draugai\/","og_locale":"en_US","og_type":"article","og_title":"Little Dutch piramid\u0117 \"Mi\u0161ko draugai\" - Montessori \u017eaislai","og_description":"Sud\u0117kite \u017eiedus ant supamojo pagrindo ir leiskite lap\u0117ms \u0161okti ir suktis! Sud\u0117ti \u017eiedus ant medinio pagrindo, kuris svyruoja pirmyn ir atgal, yra nema\u017eas i\u0161\u0161\u016bkis. Ta\u010diau \u017eavioji lap\u0117 skatina jus atkakliai stengtis, o kai piramid\u0117 bus baigta, ji pa\u0161oks ma\u017e\u0105 \u0161ok\u012f. Kiekvienas mielas \u017eiedas turi unikal\u0173 dizain\u0105, \u012fkv\u0117pt\u0105 kolekcijos \u201eMi\u0161ko draugai\u201c. \u0160is s\u016bpuojamasis \u017eied\u0173 d\u0117liotojas sukurtas [&hellip;]","og_url":"https:\/\/monti.lt\/en\/product\/little-dutch-piramide-misko-draugai\/","og_site_name":"Montessori \u017eaislai","article_modified_time":"2025-11-27T11:28:51+00:00","og_image":[{"width":1200,"height":1200,"url":"https:\/\/monti.lt\/wp-content\/uploads\/2024\/11\/piramide.jpg","type":"image\/jpeg"}],"twitter_card":"summary_large_image","twitter_misc":{"Est. reading time":"1 minute"},"schema":{"@context":"https:\/\/schema.org","@graph":[{"@type":"WebPage","@id":"https:\/\/monti.lt\/product\/little-dutch-piramide-misko-draugai\/","url":"https:\/\/monti.lt\/product\/little-dutch-piramide-misko-draugai\/","name":"Little Dutch piramid\u0117 \"Mi\u0161ko draugai\" - Montessori \u017eaislai","isPartOf":{"@id":"https:\/\/monti.lt\/#website"},"primaryImageOfPage":{"@id":"https:\/\/monti.lt\/product\/little-dutch-piramide-misko-draugai\/#primaryimage"},"image":{"@id":"https:\/\/monti.lt\/product\/little-dutch-piramide-misko-draugai\/#primaryimage"},"thumbnailUrl":"https:\/\/monti.lt\/wp-content\/uploads\/2024\/11\/piramide.jpg","datePublished":"2024-11-11T13:06:54+00:00","dateModified":"2025-11-27T11:28:51+00:00","breadcrumb":{"@id":"https:\/\/monti.lt\/product\/little-dutch-piramide-misko-draugai\/#breadcrumb"},"inLanguage":"en-US","potentialAction":[{"@type":"ReadAction","target":["https:\/\/monti.lt\/product\/little-dutch-piramide-misko-draugai\/"]}]},{"@type":"ImageObject","inLanguage":"en-US","@id":"https:\/\/monti.lt\/product\/little-dutch-piramide-misko-draugai\/#primaryimage","url":"https:\/\/monti.lt\/wp-content\/uploads\/2024\/11\/piramide.jpg","contentUrl":"https:\/\/monti.lt\/wp-content\/uploads\/2024\/11\/piramide.jpg","width":1200,"height":1200,"caption":"piramide"},{"@type":"BreadcrumbList","@id":"https:\/\/monti.lt\/product\/little-dutch-piramide-misko-draugai\/#breadcrumb","itemListElement":[{"@type":"ListItem","position":1,"name":"Home","item":"https:\/\/monti.lt\/"},{"@type":"ListItem","position":2,"name":"Parduotuv\u0117","item":"https:\/\/monti.lt\/shop\/"},{"@type":"ListItem","position":3,"name":"Little Dutch piramid\u0117 &#8220;Mi\u0161ko draugai&#8221;"}]},{"@type":"WebSite","@id":"https:\/\/monti.lt\/#website","url":"https:\/\/monti.lt\/","name":"Montessori \u017eaislai","description":"","publisher":{"@id":"https:\/\/monti.lt\/#organization"},"potentialAction":[{"@type":"SearchAction","target":{"@type":"EntryPoint","urlTemplate":"https:\/\/monti.lt\/?s={search_term_string}"},"query-input":"required name=search_term_string"}],"inLanguage":"en-US"},{"@type":"Organization","@id":"https:\/\/monti.lt\/#organization","name":"Montessori \u017eaislai","url":"https:\/\/monti.lt\/","logo":{"@type":"ImageObject","inLanguage":"en-US","@id":"https:\/\/monti.lt\/#\/schema\/logo\/image\/","url":"https:\/\/monti.lt\/wp-content\/uploads\/2022\/03\/montilogo-1.png","contentUrl":"https:\/\/monti.lt\/wp-content\/uploads\/2022\/03\/montilogo-1.png","width":512,"height":512,"caption":"Montessori \u017eaislai"},"image":{"@id":"https:\/\/monti.lt\/#\/schema\/logo\/image\/"}}]}},"_links":{"self":[{"href":"https:\/\/monti.lt\/en\/wp-json\/wp\/v2\/product\/27176"}],"collection":[{"href":"https:\/\/monti.lt\/en\/wp-json\/wp\/v2\/product"}],"about":[{"href":"https:\/\/monti.lt\/en\/wp-json\/wp\/v2\/types\/product"}],"version-history":[{"count":2,"href":"https:\/\/monti.lt\/en\/wp-json\/wp\/v2\/product\/27176\/revisions"}],"predecessor-version":[{"id":27398,"href":"https:\/\/monti.lt\/en\/wp-json\/wp\/v2\/product\/27176\/revisions\/27398"}],"wp:featuredmedia":[{"embeddable":true,"href":"https:\/\/monti.lt\/en\/wp-json\/wp\/v2\/media\/27178"}],"wp:attachment":[{"href":"https:\/\/monti.lt\/en\/wp-json\/wp\/v2\/media?parent=27176"}],"wp:term":[{"taxonomy":"product_cat","embeddable":true,"href":"https:\/\/monti.lt\/en\/wp-json\/wp\/v2\/product_cat?post=27176"},{"taxonomy":"product_tag","embeddable":true,"href":"https:\/\/monti.lt\/en\/wp-json\/wp\/v2\/product_tag?post=27176"}],"curies":[{"name":"wp","href":"https:\/\/api.w.org\/{rel}","templated":true}]}}