{"id":27190,"date":"2024-11-11T13:13:39","date_gmt":"2024-11-11T13:13:39","guid":{"rendered":"https:\/\/monti.lt\/?post_type=product&#038;p=27190"},"modified":"2026-03-20T08:55:34","modified_gmt":"2026-03-20T08:55:34","slug":"little-dutch-dovanu-dezute-misko-draugai","status":"publish","type":"product","link":"https:\/\/monti.lt\/en\/product\/little-dutch-dovanu-dezute-misko-draugai\/","title":{"rendered":"Little Dutch dovan\u0173 d\u0117\u017eut\u0117 &#8220;Mi\u0161ko draugai&#8221;"},"content":{"rendered":"<p>\u0160ioje gra\u017eioje dovan\u0173 d\u0117\u017eut\u0117je sud\u0117ti mylimiausi mediniai \u017eaislai i\u0161 kerin\u010dios kolekcijos \u201eMi\u0161ko draugai\u201c. Trys \u017eav\u016bs mediniai daiktai, skirti brangioms pirmosioms \u017eaidimo ir vystymosi akimirkoms. Viduje rasite ritinin\u012f bar\u0161kut\u012f, puikiai tinkant\u012f griebti ir purtyti, kad i\u0161girstum\u0117te skambut\u012f. \u010cia yra \u017eavinga ma\u017ea krautuv\u0117l\u0117 su kalad\u0117l\u0117mis, i\u0161 kuri\u0173 galima pastatyti gryb\u0105, o ant jo vir\u0161aus s\u0117di mielas vabalas. Taip pat riedantis vabalas, papuo\u0161tas grybu, gil\u0117s ir lapai, judantys i\u0161ilgai spiral\u0117s ant jo nugaros. Visi trys gaminiai eleganti\u0161kai supakuoti \u012f vien\u0105 gra\u017ei\u0105 dovan\u0173 d\u0117\u017eut\u0119.<\/p>\n\n\n\n<p>I\u0161matavimai: 20 x 8,4 x 21 cm<br>Med\u017eiaga: FSC mediena<br>Am\u017eius: nuo 12 m\u0117n.<br>Standartas: EN-71-1-2-3<\/p>","protected":false},"excerpt":{"rendered":"<p>\u0160ioje gra\u017eioje dovan\u0173 d\u0117\u017eut\u0117je sud\u0117ti mylimiausi mediniai \u017eaislai i\u0161 kerin\u010dios kolekcijos \u201eMi\u0161ko draugai\u201c. Trys \u017eav\u016bs mediniai daiktai, skirti brangioms pirmosioms \u017eaidimo ir vystymosi akimirkoms. Viduje rasite ritinin\u012f bar\u0161kut\u012f, puikiai tinkant\u012f griebti ir purtyti, kad i\u0161girstum\u0117te skambut\u012f. \u010cia yra \u017eavinga ma\u017ea krautuv\u0117l\u0117 su kalad\u0117l\u0117mis, i\u0161 kuri\u0173 galima pastatyti gryb\u0105, o ant jo vir\u0161aus s\u0117di mielas vabalas. [&hellip;]<\/p>","protected":false},"featured_media":27192,"template":"","meta":{"_acf_changed":false,"iawp_total_views":237},"product_cat":[193,194,197,200,191,192,84,244,91,102,90,86,49,39],"product_tag":[95,96],"class_list":{"0":"post-27190","1":"product","2":"type-product","3":"status-publish","4":"has-post-thumbnail","6":"product_cat-dovanos-vaikams-1-2-metu","7":"product_cat-dovanos-vaikams-2-3-metu","8":"product_cat-dovanos-berniukams","9":"product_cat-dovanos-kudikiams","10":"product_cat-dovanos-vaikams","11":"product_cat-kaledines-dovanos-vaikams","12":"product_cat-lavinamieji-zaislai","13":"product_cat-little-dutch","14":"product_cat-loginiam-mastymui","15":"product_cat-mediniai-zaislai","16":"product_cat-pasaulio-pazinimas","17":"product_cat-smulkioji-motorika","18":"product_cat-visi-zaislai","19":"product_cat-zaislai","20":"product_tag-1-m-2-m","21":"product_tag-2-m-3-m","23":"first","24":"instock","25":"sale","26":"taxable","27":"shipping-taxable","28":"purchasable","29":"product-type-simple"},"acf":[],"yoast_head":"<!-- This site is optimized with the Yoast SEO plugin v23.3 - https:\/\/yoast.com\/wordpress\/plugins\/seo\/ -->\n<title>Little Dutch dovan\u0173 d\u0117\u017eut\u0117 &quot;Mi\u0161ko draugai&quot; - Montessori \u017eaislai<\/title>\n<meta name=\"robots\" content=\"index, follow, max-snippet:-1, max-image-preview:large, max-video-preview:-1\" \/>\n<link rel=\"canonical\" href=\"https:\/\/monti.lt\/en\/product\/little-dutch-dovanu-dezute-misko-draugai\/\" \/>\n<meta property=\"og:locale\" content=\"en_US\" \/>\n<meta property=\"og:type\" content=\"article\" \/>\n<meta property=\"og:title\" content=\"Little Dutch dovan\u0173 d\u0117\u017eut\u0117 &quot;Mi\u0161ko draugai&quot; - Montessori \u017eaislai\" \/>\n<meta property=\"og:description\" content=\"\u0160ioje gra\u017eioje dovan\u0173 d\u0117\u017eut\u0117je sud\u0117ti mylimiausi mediniai \u017eaislai i\u0161 kerin\u010dios kolekcijos \u201eMi\u0161ko draugai\u201c. Trys \u017eav\u016bs mediniai daiktai, skirti brangioms pirmosioms \u017eaidimo ir vystymosi akimirkoms. Viduje rasite ritinin\u012f bar\u0161kut\u012f, puikiai tinkant\u012f griebti ir purtyti, kad i\u0161girstum\u0117te skambut\u012f. \u010cia yra \u017eavinga ma\u017ea krautuv\u0117l\u0117 su kalad\u0117l\u0117mis, i\u0161 kuri\u0173 galima pastatyti gryb\u0105, o ant jo vir\u0161aus s\u0117di mielas vabalas. [&hellip;]\" \/>\n<meta property=\"og:url\" content=\"https:\/\/monti.lt\/en\/product\/little-dutch-dovanu-dezute-misko-draugai\/\" \/>\n<meta property=\"og:site_name\" content=\"Montessori \u017eaislai\" \/>\n<meta property=\"article:modified_time\" content=\"2026-03-20T08:55:34+00:00\" \/>\n<meta property=\"og:image\" content=\"https:\/\/monti.lt\/wp-content\/uploads\/2024\/11\/LD7256-Product-Gift-box-wood-Forest-Friends-1.jpg\" \/>\n\t<meta property=\"og:image:width\" content=\"1200\" \/>\n\t<meta property=\"og:image:height\" content=\"1200\" \/>\n\t<meta property=\"og:image:type\" content=\"image\/jpeg\" \/>\n<meta name=\"twitter:card\" content=\"summary_large_image\" \/>\n<meta name=\"twitter:label1\" content=\"Est. reading time\" \/>\n\t<meta name=\"twitter:data1\" content=\"1 minute\" \/>\n<script type=\"application\/ld+json\" class=\"yoast-schema-graph\">{\"@context\":\"https:\/\/schema.org\",\"@graph\":[{\"@type\":\"WebPage\",\"@id\":\"https:\/\/monti.lt\/product\/little-dutch-dovanu-dezute-misko-draugai\/\",\"url\":\"https:\/\/monti.lt\/product\/little-dutch-dovanu-dezute-misko-draugai\/\",\"name\":\"Little Dutch dovan\u0173 d\u0117\u017eut\u0117 \\\"Mi\u0161ko draugai\\\" - Montessori \u017eaislai\",\"isPartOf\":{\"@id\":\"https:\/\/monti.lt\/#website\"},\"primaryImageOfPage\":{\"@id\":\"https:\/\/monti.lt\/product\/little-dutch-dovanu-dezute-misko-draugai\/#primaryimage\"},\"image\":{\"@id\":\"https:\/\/monti.lt\/product\/little-dutch-dovanu-dezute-misko-draugai\/#primaryimage\"},\"thumbnailUrl\":\"https:\/\/monti.lt\/wp-content\/uploads\/2024\/11\/LD7256-Product-Gift-box-wood-Forest-Friends-1.jpg\",\"datePublished\":\"2024-11-11T13:13:39+00:00\",\"dateModified\":\"2026-03-20T08:55:34+00:00\",\"breadcrumb\":{\"@id\":\"https:\/\/monti.lt\/product\/little-dutch-dovanu-dezute-misko-draugai\/#breadcrumb\"},\"inLanguage\":\"en-US\",\"potentialAction\":[{\"@type\":\"ReadAction\",\"target\":[\"https:\/\/monti.lt\/product\/little-dutch-dovanu-dezute-misko-draugai\/\"]}]},{\"@type\":\"ImageObject\",\"inLanguage\":\"en-US\",\"@id\":\"https:\/\/monti.lt\/product\/little-dutch-dovanu-dezute-misko-draugai\/#primaryimage\",\"url\":\"https:\/\/monti.lt\/wp-content\/uploads\/2024\/11\/LD7256-Product-Gift-box-wood-Forest-Friends-1.jpg\",\"contentUrl\":\"https:\/\/monti.lt\/wp-content\/uploads\/2024\/11\/LD7256-Product-Gift-box-wood-Forest-Friends-1.jpg\",\"width\":1200,\"height\":1200},{\"@type\":\"BreadcrumbList\",\"@id\":\"https:\/\/monti.lt\/product\/little-dutch-dovanu-dezute-misko-draugai\/#breadcrumb\",\"itemListElement\":[{\"@type\":\"ListItem\",\"position\":1,\"name\":\"Home\",\"item\":\"https:\/\/monti.lt\/\"},{\"@type\":\"ListItem\",\"position\":2,\"name\":\"Parduotuv\u0117\",\"item\":\"https:\/\/monti.lt\/shop\/\"},{\"@type\":\"ListItem\",\"position\":3,\"name\":\"Little Dutch dovan\u0173 d\u0117\u017eut\u0117 &#8220;Mi\u0161ko draugai&#8221;\"}]},{\"@type\":\"WebSite\",\"@id\":\"https:\/\/monti.lt\/#website\",\"url\":\"https:\/\/monti.lt\/\",\"name\":\"Montessori \u017eaislai\",\"description\":\"\",\"publisher\":{\"@id\":\"https:\/\/monti.lt\/#organization\"},\"potentialAction\":[{\"@type\":\"SearchAction\",\"target\":{\"@type\":\"EntryPoint\",\"urlTemplate\":\"https:\/\/monti.lt\/?s={search_term_string}\"},\"query-input\":\"required name=search_term_string\"}],\"inLanguage\":\"en-US\"},{\"@type\":\"Organization\",\"@id\":\"https:\/\/monti.lt\/#organization\",\"name\":\"Montessori \u017eaislai\",\"url\":\"https:\/\/monti.lt\/\",\"logo\":{\"@type\":\"ImageObject\",\"inLanguage\":\"en-US\",\"@id\":\"https:\/\/monti.lt\/#\/schema\/logo\/image\/\",\"url\":\"https:\/\/monti.lt\/wp-content\/uploads\/2022\/03\/montilogo-1.png\",\"contentUrl\":\"https:\/\/monti.lt\/wp-content\/uploads\/2022\/03\/montilogo-1.png\",\"width\":512,\"height\":512,\"caption\":\"Montessori \u017eaislai\"},\"image\":{\"@id\":\"https:\/\/monti.lt\/#\/schema\/logo\/image\/\"}}]}<\/script>\n<!-- \/ Yoast SEO plugin. -->","yoast_head_json":{"title":"Little Dutch dovan\u0173 d\u0117\u017eut\u0117 \"Mi\u0161ko draugai\" - Montessori \u017eaislai","robots":{"index":"index","follow":"follow","max-snippet":"max-snippet:-1","max-image-preview":"max-image-preview:large","max-video-preview":"max-video-preview:-1"},"canonical":"https:\/\/monti.lt\/en\/product\/little-dutch-dovanu-dezute-misko-draugai\/","og_locale":"en_US","og_type":"article","og_title":"Little Dutch dovan\u0173 d\u0117\u017eut\u0117 \"Mi\u0161ko draugai\" - Montessori \u017eaislai","og_description":"\u0160ioje gra\u017eioje dovan\u0173 d\u0117\u017eut\u0117je sud\u0117ti mylimiausi mediniai \u017eaislai i\u0161 kerin\u010dios kolekcijos \u201eMi\u0161ko draugai\u201c. Trys \u017eav\u016bs mediniai daiktai, skirti brangioms pirmosioms \u017eaidimo ir vystymosi akimirkoms. Viduje rasite ritinin\u012f bar\u0161kut\u012f, puikiai tinkant\u012f griebti ir purtyti, kad i\u0161girstum\u0117te skambut\u012f. \u010cia yra \u017eavinga ma\u017ea krautuv\u0117l\u0117 su kalad\u0117l\u0117mis, i\u0161 kuri\u0173 galima pastatyti gryb\u0105, o ant jo vir\u0161aus s\u0117di mielas vabalas. [&hellip;]","og_url":"https:\/\/monti.lt\/en\/product\/little-dutch-dovanu-dezute-misko-draugai\/","og_site_name":"Montessori \u017eaislai","article_modified_time":"2026-03-20T08:55:34+00:00","og_image":[{"width":1200,"height":1200,"url":"https:\/\/monti.lt\/wp-content\/uploads\/2024\/11\/LD7256-Product-Gift-box-wood-Forest-Friends-1.jpg","type":"image\/jpeg"}],"twitter_card":"summary_large_image","twitter_misc":{"Est. reading time":"1 minute"},"schema":{"@context":"https:\/\/schema.org","@graph":[{"@type":"WebPage","@id":"https:\/\/monti.lt\/product\/little-dutch-dovanu-dezute-misko-draugai\/","url":"https:\/\/monti.lt\/product\/little-dutch-dovanu-dezute-misko-draugai\/","name":"Little Dutch dovan\u0173 d\u0117\u017eut\u0117 \"Mi\u0161ko draugai\" - Montessori \u017eaislai","isPartOf":{"@id":"https:\/\/monti.lt\/#website"},"primaryImageOfPage":{"@id":"https:\/\/monti.lt\/product\/little-dutch-dovanu-dezute-misko-draugai\/#primaryimage"},"image":{"@id":"https:\/\/monti.lt\/product\/little-dutch-dovanu-dezute-misko-draugai\/#primaryimage"},"thumbnailUrl":"https:\/\/monti.lt\/wp-content\/uploads\/2024\/11\/LD7256-Product-Gift-box-wood-Forest-Friends-1.jpg","datePublished":"2024-11-11T13:13:39+00:00","dateModified":"2026-03-20T08:55:34+00:00","breadcrumb":{"@id":"https:\/\/monti.lt\/product\/little-dutch-dovanu-dezute-misko-draugai\/#breadcrumb"},"inLanguage":"en-US","potentialAction":[{"@type":"ReadAction","target":["https:\/\/monti.lt\/product\/little-dutch-dovanu-dezute-misko-draugai\/"]}]},{"@type":"ImageObject","inLanguage":"en-US","@id":"https:\/\/monti.lt\/product\/little-dutch-dovanu-dezute-misko-draugai\/#primaryimage","url":"https:\/\/monti.lt\/wp-content\/uploads\/2024\/11\/LD7256-Product-Gift-box-wood-Forest-Friends-1.jpg","contentUrl":"https:\/\/monti.lt\/wp-content\/uploads\/2024\/11\/LD7256-Product-Gift-box-wood-Forest-Friends-1.jpg","width":1200,"height":1200},{"@type":"BreadcrumbList","@id":"https:\/\/monti.lt\/product\/little-dutch-dovanu-dezute-misko-draugai\/#breadcrumb","itemListElement":[{"@type":"ListItem","position":1,"name":"Home","item":"https:\/\/monti.lt\/"},{"@type":"ListItem","position":2,"name":"Parduotuv\u0117","item":"https:\/\/monti.lt\/shop\/"},{"@type":"ListItem","position":3,"name":"Little Dutch dovan\u0173 d\u0117\u017eut\u0117 &#8220;Mi\u0161ko draugai&#8221;"}]},{"@type":"WebSite","@id":"https:\/\/monti.lt\/#website","url":"https:\/\/monti.lt\/","name":"Montessori \u017eaislai","description":"","publisher":{"@id":"https:\/\/monti.lt\/#organization"},"potentialAction":[{"@type":"SearchAction","target":{"@type":"EntryPoint","urlTemplate":"https:\/\/monti.lt\/?s={search_term_string}"},"query-input":"required name=search_term_string"}],"inLanguage":"en-US"},{"@type":"Organization","@id":"https:\/\/monti.lt\/#organization","name":"Montessori \u017eaislai","url":"https:\/\/monti.lt\/","logo":{"@type":"ImageObject","inLanguage":"en-US","@id":"https:\/\/monti.lt\/#\/schema\/logo\/image\/","url":"https:\/\/monti.lt\/wp-content\/uploads\/2022\/03\/montilogo-1.png","contentUrl":"https:\/\/monti.lt\/wp-content\/uploads\/2022\/03\/montilogo-1.png","width":512,"height":512,"caption":"Montessori \u017eaislai"},"image":{"@id":"https:\/\/monti.lt\/#\/schema\/logo\/image\/"}}]}},"_links":{"self":[{"href":"https:\/\/monti.lt\/en\/wp-json\/wp\/v2\/product\/27190"}],"collection":[{"href":"https:\/\/monti.lt\/en\/wp-json\/wp\/v2\/product"}],"about":[{"href":"https:\/\/monti.lt\/en\/wp-json\/wp\/v2\/types\/product"}],"version-history":[{"count":1,"href":"https:\/\/monti.lt\/en\/wp-json\/wp\/v2\/product\/27190\/revisions"}],"predecessor-version":[{"id":27208,"href":"https:\/\/monti.lt\/en\/wp-json\/wp\/v2\/product\/27190\/revisions\/27208"}],"wp:featuredmedia":[{"embeddable":true,"href":"https:\/\/monti.lt\/en\/wp-json\/wp\/v2\/media\/27192"}],"wp:attachment":[{"href":"https:\/\/monti.lt\/en\/wp-json\/wp\/v2\/media?parent=27190"}],"wp:term":[{"taxonomy":"product_cat","embeddable":true,"href":"https:\/\/monti.lt\/en\/wp-json\/wp\/v2\/product_cat?post=27190"},{"taxonomy":"product_tag","embeddable":true,"href":"https:\/\/monti.lt\/en\/wp-json\/wp\/v2\/product_tag?post=27190"}],"curies":[{"name":"wp","href":"https:\/\/api.w.org\/{rel}","templated":true}]}}