{"id":27210,"date":"2024-11-11T13:17:08","date_gmt":"2024-11-11T13:17:08","guid":{"rendered":"https:\/\/monti.lt\/?post_type=product&#038;p=27210"},"modified":"2025-12-12T15:05:29","modified_gmt":"2025-12-12T15:05:29","slug":"little-dutch-veiklos-staliukas-ferma","status":"publish","type":"product","link":"https:\/\/monti.lt\/en\/product\/little-dutch-veiklos-staliukas-ferma\/","title":{"rendered":"Little Dutch veiklos staliukas &#8220;Ferma&#8221;"},"content":{"rendered":"<p>Kelkit\u0117s ir \u017eaiskite! Atraskite visus \u0161io stalo si\u016blomus u\u017esi\u0117mimus. Perkelkite karoliukus i\u0161 vienos spiral\u0117s pus\u0117s \u012f kit\u0105. Arba statykite \u016bk\u012f. I\u0161spr\u0119skite galvos\u016bk\u012f, sukite krumpliara\u010dius ir perkelkite ma\u017e\u0105sias avis, karv\u0119 ir vi\u0161tas. \u0160is medinis veiklos stalas j\u016bs\u0173 ma\u017eyliui kelia daugyb\u0119 i\u0161\u0161\u016bki\u0173. \u010cia rasite 5 u\u017eduotis, kuri\u0173 kiekviena padeda lavinti smulki\u0105j\u0105 motorik\u0105. D\u0117l saugios ir subalansuotos konstrukcijos veiklos stalas taip pat skatina atsistoti. Ir stov\u0117ti! Nes visos \u0161ios \u017eaidim\u0173 funkcijos leis ma\u017eyliui kur\u012f laik\u0105 b\u016bti u\u017eimtam.<\/p>\n\n\n\n<p>Staliuk\u0105 turi surinkti suaugusysis.<\/p>\n\n\n\n<p>Matmenys: 39 x 39 x 54 cm<br>Med\u017eiaga: Mediena: FSC mediena<br>Am\u017eius: nuo 12 m\u0117n.<\/p>","protected":false},"excerpt":{"rendered":"<p>Kelkit\u0117s ir \u017eaiskite! Atraskite visus \u0161io stalo si\u016blomus u\u017esi\u0117mimus. Perkelkite karoliukus i\u0161 vienos spiral\u0117s pus\u0117s \u012f kit\u0105. Arba statykite \u016bk\u012f. I\u0161spr\u0119skite galvos\u016bk\u012f, sukite krumpliara\u010dius ir perkelkite ma\u017e\u0105sias avis, karv\u0119 ir vi\u0161tas. \u0160is medinis veiklos stalas j\u016bs\u0173 ma\u017eyliui kelia daugyb\u0119 i\u0161\u0161\u016bki\u0173. \u010cia rasite 5 u\u017eduotis, kuri\u0173 kiekviena padeda lavinti smulki\u0105j\u0105 motorik\u0105. D\u0117l saugios ir subalansuotos konstrukcijos [&hellip;]<\/p>","protected":false},"featured_media":27212,"template":"","meta":{"_acf_changed":false,"iawp_total_views":1072},"product_cat":[193,194,200,191,192,84,244,91,102,90,86,199,49,39],"product_tag":[95,96],"class_list":{"0":"post-27210","1":"product","2":"type-product","3":"status-publish","4":"has-post-thumbnail","6":"product_cat-dovanos-vaikams-1-2-metu","7":"product_cat-dovanos-vaikams-2-3-metu","8":"product_cat-dovanos-kudikiams","9":"product_cat-dovanos-vaikams","10":"product_cat-kaledines-dovanos-vaikams","11":"product_cat-lavinamieji-zaislai","12":"product_cat-little-dutch","13":"product_cat-loginiam-mastymui","14":"product_cat-mediniai-zaislai","15":"product_cat-pasaulio-pazinimas","16":"product_cat-smulkioji-motorika","17":"product_cat-ugdymo-istaigoms","18":"product_cat-visi-zaislai","19":"product_cat-zaislai","20":"product_tag-1-m-2-m","21":"product_tag-2-m-3-m","23":"first","24":"outofstock","25":"taxable","26":"shipping-taxable","27":"purchasable","28":"product-type-simple"},"acf":[],"yoast_head":"<!-- This site is optimized with the Yoast SEO plugin v23.3 - https:\/\/yoast.com\/wordpress\/plugins\/seo\/ -->\n<title>Little Dutch veiklos staliukas &quot;Ferma&quot; - Montessori \u017eaislai<\/title>\n<meta name=\"robots\" content=\"index, follow, max-snippet:-1, max-image-preview:large, max-video-preview:-1\" \/>\n<link rel=\"canonical\" href=\"https:\/\/monti.lt\/en\/product\/little-dutch-veiklos-staliukas-ferma\/\" \/>\n<meta property=\"og:locale\" content=\"en_US\" \/>\n<meta property=\"og:type\" content=\"article\" \/>\n<meta property=\"og:title\" content=\"Little Dutch veiklos staliukas &quot;Ferma&quot; - Montessori \u017eaislai\" \/>\n<meta property=\"og:description\" content=\"Kelkit\u0117s ir \u017eaiskite! Atraskite visus \u0161io stalo si\u016blomus u\u017esi\u0117mimus. Perkelkite karoliukus i\u0161 vienos spiral\u0117s pus\u0117s \u012f kit\u0105. Arba statykite \u016bk\u012f. I\u0161spr\u0119skite galvos\u016bk\u012f, sukite krumpliara\u010dius ir perkelkite ma\u017e\u0105sias avis, karv\u0119 ir vi\u0161tas. \u0160is medinis veiklos stalas j\u016bs\u0173 ma\u017eyliui kelia daugyb\u0119 i\u0161\u0161\u016bki\u0173. \u010cia rasite 5 u\u017eduotis, kuri\u0173 kiekviena padeda lavinti smulki\u0105j\u0105 motorik\u0105. D\u0117l saugios ir subalansuotos konstrukcijos [&hellip;]\" \/>\n<meta property=\"og:url\" content=\"https:\/\/monti.lt\/en\/product\/little-dutch-veiklos-staliukas-ferma\/\" \/>\n<meta property=\"og:site_name\" content=\"Montessori \u017eaislai\" \/>\n<meta property=\"article:modified_time\" content=\"2025-12-12T15:05:29+00:00\" \/>\n<meta property=\"og:image\" content=\"https:\/\/monti.lt\/wp-content\/uploads\/2024\/11\/Little-Dutch-motoorikalaud-\u00b4Little-Farm\u00b4-FSC-7141-1-1.jpg\" \/>\n\t<meta property=\"og:image:width\" content=\"640\" \/>\n\t<meta property=\"og:image:height\" content=\"640\" \/>\n\t<meta property=\"og:image:type\" content=\"image\/jpeg\" \/>\n<meta name=\"twitter:card\" content=\"summary_large_image\" \/>\n<meta name=\"twitter:label1\" content=\"Est. reading time\" \/>\n\t<meta name=\"twitter:data1\" content=\"1 minute\" \/>\n<script type=\"application\/ld+json\" class=\"yoast-schema-graph\">{\"@context\":\"https:\/\/schema.org\",\"@graph\":[{\"@type\":\"WebPage\",\"@id\":\"https:\/\/monti.lt\/product\/little-dutch-veiklos-staliukas-ferma\/\",\"url\":\"https:\/\/monti.lt\/product\/little-dutch-veiklos-staliukas-ferma\/\",\"name\":\"Little Dutch veiklos staliukas \\\"Ferma\\\" - Montessori \u017eaislai\",\"isPartOf\":{\"@id\":\"https:\/\/monti.lt\/#website\"},\"primaryImageOfPage\":{\"@id\":\"https:\/\/monti.lt\/product\/little-dutch-veiklos-staliukas-ferma\/#primaryimage\"},\"image\":{\"@id\":\"https:\/\/monti.lt\/product\/little-dutch-veiklos-staliukas-ferma\/#primaryimage\"},\"thumbnailUrl\":\"https:\/\/monti.lt\/wp-content\/uploads\/2024\/11\/Little-Dutch-motoorikalaud-\u00b4Little-Farm\u00b4-FSC-7141-1-1.jpg\",\"datePublished\":\"2024-11-11T13:17:08+00:00\",\"dateModified\":\"2025-12-12T15:05:29+00:00\",\"breadcrumb\":{\"@id\":\"https:\/\/monti.lt\/product\/little-dutch-veiklos-staliukas-ferma\/#breadcrumb\"},\"inLanguage\":\"en-US\",\"potentialAction\":[{\"@type\":\"ReadAction\",\"target\":[\"https:\/\/monti.lt\/product\/little-dutch-veiklos-staliukas-ferma\/\"]}]},{\"@type\":\"ImageObject\",\"inLanguage\":\"en-US\",\"@id\":\"https:\/\/monti.lt\/product\/little-dutch-veiklos-staliukas-ferma\/#primaryimage\",\"url\":\"https:\/\/monti.lt\/wp-content\/uploads\/2024\/11\/Little-Dutch-motoorikalaud-\u00b4Little-Farm\u00b4-FSC-7141-1-1.jpg\",\"contentUrl\":\"https:\/\/monti.lt\/wp-content\/uploads\/2024\/11\/Little-Dutch-motoorikalaud-\u00b4Little-Farm\u00b4-FSC-7141-1-1.jpg\",\"width\":640,\"height\":640,\"caption\":\"little dutch veiklos staliukas\"},{\"@type\":\"BreadcrumbList\",\"@id\":\"https:\/\/monti.lt\/product\/little-dutch-veiklos-staliukas-ferma\/#breadcrumb\",\"itemListElement\":[{\"@type\":\"ListItem\",\"position\":1,\"name\":\"Home\",\"item\":\"https:\/\/monti.lt\/\"},{\"@type\":\"ListItem\",\"position\":2,\"name\":\"Parduotuv\u0117\",\"item\":\"https:\/\/monti.lt\/shop\/\"},{\"@type\":\"ListItem\",\"position\":3,\"name\":\"Little Dutch veiklos staliukas &#8220;Ferma&#8221;\"}]},{\"@type\":\"WebSite\",\"@id\":\"https:\/\/monti.lt\/#website\",\"url\":\"https:\/\/monti.lt\/\",\"name\":\"Montessori \u017eaislai\",\"description\":\"\",\"publisher\":{\"@id\":\"https:\/\/monti.lt\/#organization\"},\"potentialAction\":[{\"@type\":\"SearchAction\",\"target\":{\"@type\":\"EntryPoint\",\"urlTemplate\":\"https:\/\/monti.lt\/?s={search_term_string}\"},\"query-input\":\"required name=search_term_string\"}],\"inLanguage\":\"en-US\"},{\"@type\":\"Organization\",\"@id\":\"https:\/\/monti.lt\/#organization\",\"name\":\"Montessori \u017eaislai\",\"url\":\"https:\/\/monti.lt\/\",\"logo\":{\"@type\":\"ImageObject\",\"inLanguage\":\"en-US\",\"@id\":\"https:\/\/monti.lt\/#\/schema\/logo\/image\/\",\"url\":\"https:\/\/monti.lt\/wp-content\/uploads\/2022\/03\/montilogo-1.png\",\"contentUrl\":\"https:\/\/monti.lt\/wp-content\/uploads\/2022\/03\/montilogo-1.png\",\"width\":512,\"height\":512,\"caption\":\"Montessori \u017eaislai\"},\"image\":{\"@id\":\"https:\/\/monti.lt\/#\/schema\/logo\/image\/\"}}]}<\/script>\n<!-- \/ Yoast SEO plugin. -->","yoast_head_json":{"title":"Little Dutch veiklos staliukas \"Ferma\" - Montessori \u017eaislai","robots":{"index":"index","follow":"follow","max-snippet":"max-snippet:-1","max-image-preview":"max-image-preview:large","max-video-preview":"max-video-preview:-1"},"canonical":"https:\/\/monti.lt\/en\/product\/little-dutch-veiklos-staliukas-ferma\/","og_locale":"en_US","og_type":"article","og_title":"Little Dutch veiklos staliukas \"Ferma\" - Montessori \u017eaislai","og_description":"Kelkit\u0117s ir \u017eaiskite! Atraskite visus \u0161io stalo si\u016blomus u\u017esi\u0117mimus. Perkelkite karoliukus i\u0161 vienos spiral\u0117s pus\u0117s \u012f kit\u0105. Arba statykite \u016bk\u012f. I\u0161spr\u0119skite galvos\u016bk\u012f, sukite krumpliara\u010dius ir perkelkite ma\u017e\u0105sias avis, karv\u0119 ir vi\u0161tas. \u0160is medinis veiklos stalas j\u016bs\u0173 ma\u017eyliui kelia daugyb\u0119 i\u0161\u0161\u016bki\u0173. \u010cia rasite 5 u\u017eduotis, kuri\u0173 kiekviena padeda lavinti smulki\u0105j\u0105 motorik\u0105. D\u0117l saugios ir subalansuotos konstrukcijos [&hellip;]","og_url":"https:\/\/monti.lt\/en\/product\/little-dutch-veiklos-staliukas-ferma\/","og_site_name":"Montessori \u017eaislai","article_modified_time":"2025-12-12T15:05:29+00:00","og_image":[{"width":640,"height":640,"url":"https:\/\/monti.lt\/wp-content\/uploads\/2024\/11\/Little-Dutch-motoorikalaud-\u00b4Little-Farm\u00b4-FSC-7141-1-1.jpg","type":"image\/jpeg"}],"twitter_card":"summary_large_image","twitter_misc":{"Est. reading time":"1 minute"},"schema":{"@context":"https:\/\/schema.org","@graph":[{"@type":"WebPage","@id":"https:\/\/monti.lt\/product\/little-dutch-veiklos-staliukas-ferma\/","url":"https:\/\/monti.lt\/product\/little-dutch-veiklos-staliukas-ferma\/","name":"Little Dutch veiklos staliukas \"Ferma\" - Montessori \u017eaislai","isPartOf":{"@id":"https:\/\/monti.lt\/#website"},"primaryImageOfPage":{"@id":"https:\/\/monti.lt\/product\/little-dutch-veiklos-staliukas-ferma\/#primaryimage"},"image":{"@id":"https:\/\/monti.lt\/product\/little-dutch-veiklos-staliukas-ferma\/#primaryimage"},"thumbnailUrl":"https:\/\/monti.lt\/wp-content\/uploads\/2024\/11\/Little-Dutch-motoorikalaud-\u00b4Little-Farm\u00b4-FSC-7141-1-1.jpg","datePublished":"2024-11-11T13:17:08+00:00","dateModified":"2025-12-12T15:05:29+00:00","breadcrumb":{"@id":"https:\/\/monti.lt\/product\/little-dutch-veiklos-staliukas-ferma\/#breadcrumb"},"inLanguage":"en-US","potentialAction":[{"@type":"ReadAction","target":["https:\/\/monti.lt\/product\/little-dutch-veiklos-staliukas-ferma\/"]}]},{"@type":"ImageObject","inLanguage":"en-US","@id":"https:\/\/monti.lt\/product\/little-dutch-veiklos-staliukas-ferma\/#primaryimage","url":"https:\/\/monti.lt\/wp-content\/uploads\/2024\/11\/Little-Dutch-motoorikalaud-\u00b4Little-Farm\u00b4-FSC-7141-1-1.jpg","contentUrl":"https:\/\/monti.lt\/wp-content\/uploads\/2024\/11\/Little-Dutch-motoorikalaud-\u00b4Little-Farm\u00b4-FSC-7141-1-1.jpg","width":640,"height":640,"caption":"little dutch veiklos staliukas"},{"@type":"BreadcrumbList","@id":"https:\/\/monti.lt\/product\/little-dutch-veiklos-staliukas-ferma\/#breadcrumb","itemListElement":[{"@type":"ListItem","position":1,"name":"Home","item":"https:\/\/monti.lt\/"},{"@type":"ListItem","position":2,"name":"Parduotuv\u0117","item":"https:\/\/monti.lt\/shop\/"},{"@type":"ListItem","position":3,"name":"Little Dutch veiklos staliukas &#8220;Ferma&#8221;"}]},{"@type":"WebSite","@id":"https:\/\/monti.lt\/#website","url":"https:\/\/monti.lt\/","name":"Montessori \u017eaislai","description":"","publisher":{"@id":"https:\/\/monti.lt\/#organization"},"potentialAction":[{"@type":"SearchAction","target":{"@type":"EntryPoint","urlTemplate":"https:\/\/monti.lt\/?s={search_term_string}"},"query-input":"required name=search_term_string"}],"inLanguage":"en-US"},{"@type":"Organization","@id":"https:\/\/monti.lt\/#organization","name":"Montessori \u017eaislai","url":"https:\/\/monti.lt\/","logo":{"@type":"ImageObject","inLanguage":"en-US","@id":"https:\/\/monti.lt\/#\/schema\/logo\/image\/","url":"https:\/\/monti.lt\/wp-content\/uploads\/2022\/03\/montilogo-1.png","contentUrl":"https:\/\/monti.lt\/wp-content\/uploads\/2022\/03\/montilogo-1.png","width":512,"height":512,"caption":"Montessori \u017eaislai"},"image":{"@id":"https:\/\/monti.lt\/#\/schema\/logo\/image\/"}}]}},"_links":{"self":[{"href":"https:\/\/monti.lt\/en\/wp-json\/wp\/v2\/product\/27210"}],"collection":[{"href":"https:\/\/monti.lt\/en\/wp-json\/wp\/v2\/product"}],"about":[{"href":"https:\/\/monti.lt\/en\/wp-json\/wp\/v2\/types\/product"}],"version-history":[{"count":1,"href":"https:\/\/monti.lt\/en\/wp-json\/wp\/v2\/product\/27210\/revisions"}],"predecessor-version":[{"id":27220,"href":"https:\/\/monti.lt\/en\/wp-json\/wp\/v2\/product\/27210\/revisions\/27220"}],"wp:featuredmedia":[{"embeddable":true,"href":"https:\/\/monti.lt\/en\/wp-json\/wp\/v2\/media\/27212"}],"wp:attachment":[{"href":"https:\/\/monti.lt\/en\/wp-json\/wp\/v2\/media?parent=27210"}],"wp:term":[{"taxonomy":"product_cat","embeddable":true,"href":"https:\/\/monti.lt\/en\/wp-json\/wp\/v2\/product_cat?post=27210"},{"taxonomy":"product_tag","embeddable":true,"href":"https:\/\/monti.lt\/en\/wp-json\/wp\/v2\/product_tag?post=27210"}],"curies":[{"name":"wp","href":"https:\/\/api.w.org\/{rel}","templated":true}]}}