{"id":27346,"date":"2024-11-14T11:29:31","date_gmt":"2024-11-14T11:29:31","guid":{"rendered":"https:\/\/monti.lt\/?post_type=product&#038;p=27346"},"modified":"2026-03-20T08:45:09","modified_gmt":"2026-03-20T08:45:09","slug":"connetix-trasa-su-rutuliukais-92-el","status":"publish","type":"product","link":"https:\/\/monti.lt\/en\/product\/connetix-trasa-su-rutuliukais-92-el\/","title":{"rendered":"Connetix tr\u0105sa su rutuliukais, 92 el."},"content":{"rendered":"<p>Ir suaugusieji, ir vaikai d\u017eiaugsis neribotomis STEAM mokymosi galimyb\u0117mis, kurias \u012fkv\u0117ps m\u016bs\u0173 92 dali\u0173 \u201eBall Run Expansion Pack\u201c.<\/p>\n\n\n\n<p>\u0160ioje pakuot\u0117je yra unikal\u016bs i\u0161skirtinio dizaino skaidr\u016bs riev\u0117ti vamzdeliai, 6 vaivoryk\u0161tiniai mediniai rutuliukai, x2 specialaus efekto laipt\u0173 garsinio vaizdo vamzdeliai, x2 S formos i\u0161lenkimo vamzdeliai IR padalytas vamzdelis lenktyni\u0173 pramogai! Be to, \u0161iame komplekte yra jungiam\u0173j\u0173 plyteli\u0173, tod\u0117l tai yra puikus i\u0161pl\u0117timo paketas gravitacijai ir jud\u0117jimui tyrin\u0117ti.<\/p>\n\n\n\n<p>Kadangi CONNETIX yra &#8220;open-ended&#8221; \u017eaislas, jis augs kartu su j\u016bs\u0173 vaiku, kai jis mokysis ir jo \u017eaidimas taps sud\u0117tingesnis. Papildykite savo kamuoliuk\u0173 rungties i\u0161pl\u0117timo rinkin\u012f 40 dali\u0173 i\u0161pl\u0117timo rinkiniu ir pagrindo plok\u0161teli\u0173 rinkiniu, kad j\u016bs\u0173 kamuoliuk\u0173 rungties k\u016briniai pereit\u0173 \u012f kit\u0105 lyg\u012f.<\/p>\n\n\n\n<p>Kiekvien\u0105 pakuot\u0119 sudaro:<\/p>\n\n\n\n<p>36 x jungiamieji kvadrat\u0117liai<br>6 x mediniai rutuliukai<br>2 x Y formos padalyti vamzdeliai<br>2 x ilgi laiptai<br>2 x S formos lenkimo vamzd\u017eiai<br>8 x U formos vamzd\u017eiai (180 laipsni\u0173 sulenkimas)<br>8 x slankieji vamzdeliai<br>12 x sta\u010diojo kampo vamzd\u017ei\u0173 (90 laipsni\u0173 sulenkimas)<br>6 x ilgi ties\u016bs vamzd\u017eiai<br>8 x trumpi ties\u016bs vamzd\u017eiai<br>2 x dubenys<br>Id\u0117j\u0173 knygel\u0117<br>Atkreipkite d\u0117mes\u012f, kad \u0161ioje pakuot\u0117je n\u0117ra standartini\u0173 plyteli\u0173<\/p>","protected":false},"excerpt":{"rendered":"<p>\u201eCONNETIX BALL RUN PACK\u201c &#8211; tai 92 dali\u0173 rinkinys su unikaliomis ir i\u0161skirtin\u0117mis CONNETIX dizaino savyb\u0117mis.<\/p>\n<p>Permatomi, riev\u0117ti vamzdeliai, kad gal\u0117tum\u0117te steb\u0117ti, kaip kamuoliukai priart\u0117ja.<\/p>\n<p>2 x speciali\u0173j\u0173 efekt\u0173 laipt\u0173 garsin\u0117s dekoracijos,<\/p>\n<p>2 x \u201eS\u201c formos i\u0161lenkimo detal\u0117s ir vamzdelis lenktyn\u0117ms&#8230;.<\/p>\n<p>Plius daugyb\u0117 kit\u0173 detali\u0173 ir 6 mediniai kamuoliukai, kad \u017eaidimas prasid\u0117t\u0173!<\/p>\n<p>I\u0161 netoksi\u0161k\u0173 med\u017eiag\u0173 pagamintas \u201eBall Run Pack\u201c puikiai papildo m\u016bs\u0173 standartines CONNETIX pakuotes.<\/p>","protected":false},"featured_media":27352,"template":"","meta":{"_acf_changed":false,"iawp_total_views":731},"product_cat":[213,243,194,195,216,217,191,82,192,87,84,91,90,50,199,202,39],"product_tag":[96,97,98],"class_list":{"0":"post-27346","1":"product","2":"type-product","3":"status-publish","4":"has-post-thumbnail","6":"product_cat-akcija","7":"product_cat-connetix","8":"product_cat-dovanos-vaikams-2-3-metu","9":"product_cat-dovanos-vaikams-3-4-metu","10":"product_cat-dovanos-4-5-metu-vaikams","11":"product_cat-dovanos-5-7-metu-vaikams","12":"product_cat-dovanos-vaikams","13":"product_cat-ispardavimas","14":"product_cat-kaledines-dovanos-vaikams","15":"product_cat-kurybiniai-rinkiniai","16":"product_cat-lavinamieji-zaislai","17":"product_cat-loginiam-mastymui","18":"product_cat-pasaulio-pazinimas","19":"product_cat-top-dovanos","20":"product_cat-ugdymo-istaigoms","21":"product_cat-vaaikiski-konstruktoriai","22":"product_cat-zaislai","23":"product_tag-2-m-3-m","24":"product_tag-3-m-4-m","25":"product_tag-5-m-7-m","27":"first","28":"instock","29":"sale","30":"taxable","31":"shipping-taxable","32":"purchasable","33":"product-type-simple"},"acf":[],"yoast_head":"<!-- This site is optimized with the Yoast SEO plugin v23.3 - https:\/\/yoast.com\/wordpress\/plugins\/seo\/ -->\n<title>Connetix tr\u0105sa su rutuliukais, 92 el. - Montessori \u017eaislai<\/title>\n<meta name=\"robots\" content=\"index, follow, max-snippet:-1, max-image-preview:large, max-video-preview:-1\" \/>\n<link rel=\"canonical\" href=\"https:\/\/monti.lt\/en\/product\/connetix-trasa-su-rutuliukais-92-el\/\" \/>\n<meta property=\"og:locale\" content=\"en_US\" \/>\n<meta property=\"og:type\" content=\"article\" \/>\n<meta property=\"og:title\" content=\"Connetix tr\u0105sa su rutuliukais, 92 el. - Montessori \u017eaislai\" \/>\n<meta property=\"og:description\" content=\"\u201eCONNETIX BALL RUN PACK\u201c - tai 92 dali\u0173 rinkinys su unikaliomis ir i\u0161skirtin\u0117mis CONNETIX dizaino savyb\u0117mis.  Permatomi, riev\u0117ti vamzdeliai, kad gal\u0117tum\u0117te steb\u0117ti, kaip kamuoliukai priart\u0117ja.  2 x speciali\u0173j\u0173 efekt\u0173 laipt\u0173 garsin\u0117s dekoracijos,  2 x \u201eS\u201c formos i\u0161lenkimo detal\u0117s ir vamzdelis lenktyn\u0117ms....  Plius daugyb\u0117 kit\u0173 detali\u0173 ir 6 mediniai kamuoliukai, kad \u017eaidimas prasid\u0117t\u0173!  I\u0161 netoksi\u0161k\u0173 med\u017eiag\u0173 pagamintas \u201eBall Run Pack\u201c puikiai papildo m\u016bs\u0173 standartines CONNETIX pakuotes.\" \/>\n<meta property=\"og:url\" content=\"https:\/\/monti.lt\/en\/product\/connetix-trasa-su-rutuliukais-92-el\/\" \/>\n<meta property=\"og:site_name\" content=\"Montessori \u017eaislai\" \/>\n<meta property=\"article:modified_time\" content=\"2026-03-20T08:45:09+00:00\" \/>\n<meta property=\"og:image\" content=\"https:\/\/monti.lt\/wp-content\/uploads\/2024\/11\/92-Ball-Run-910x1024.jpg\" \/>\n\t<meta property=\"og:image:width\" content=\"910\" \/>\n\t<meta property=\"og:image:height\" content=\"1024\" \/>\n\t<meta property=\"og:image:type\" content=\"image\/jpeg\" \/>\n<meta name=\"twitter:card\" content=\"summary_large_image\" \/>\n<meta name=\"twitter:label1\" content=\"Est. reading time\" \/>\n\t<meta name=\"twitter:data1\" content=\"2 minutes\" \/>\n<script type=\"application\/ld+json\" class=\"yoast-schema-graph\">{\"@context\":\"https:\/\/schema.org\",\"@graph\":[{\"@type\":\"WebPage\",\"@id\":\"https:\/\/monti.lt\/product\/connetix-trasa-su-rutuliukais-92-el\/\",\"url\":\"https:\/\/monti.lt\/product\/connetix-trasa-su-rutuliukais-92-el\/\",\"name\":\"Connetix tr\u0105sa su rutuliukais, 92 el. - Montessori \u017eaislai\",\"isPartOf\":{\"@id\":\"https:\/\/monti.lt\/#website\"},\"primaryImageOfPage\":{\"@id\":\"https:\/\/monti.lt\/product\/connetix-trasa-su-rutuliukais-92-el\/#primaryimage\"},\"image\":{\"@id\":\"https:\/\/monti.lt\/product\/connetix-trasa-su-rutuliukais-92-el\/#primaryimage\"},\"thumbnailUrl\":\"https:\/\/monti.lt\/wp-content\/uploads\/2024\/11\/92-Ball-Run.jpg\",\"datePublished\":\"2024-11-14T11:29:31+00:00\",\"dateModified\":\"2026-03-20T08:45:09+00:00\",\"breadcrumb\":{\"@id\":\"https:\/\/monti.lt\/product\/connetix-trasa-su-rutuliukais-92-el\/#breadcrumb\"},\"inLanguage\":\"en-US\",\"potentialAction\":[{\"@type\":\"ReadAction\",\"target\":[\"https:\/\/monti.lt\/product\/connetix-trasa-su-rutuliukais-92-el\/\"]}]},{\"@type\":\"ImageObject\",\"inLanguage\":\"en-US\",\"@id\":\"https:\/\/monti.lt\/product\/connetix-trasa-su-rutuliukais-92-el\/#primaryimage\",\"url\":\"https:\/\/monti.lt\/wp-content\/uploads\/2024\/11\/92-Ball-Run.jpg\",\"contentUrl\":\"https:\/\/monti.lt\/wp-content\/uploads\/2024\/11\/92-Ball-Run.jpg\",\"width\":1600,\"height\":1800,\"caption\":\"connetix konstruktorius\"},{\"@type\":\"BreadcrumbList\",\"@id\":\"https:\/\/monti.lt\/product\/connetix-trasa-su-rutuliukais-92-el\/#breadcrumb\",\"itemListElement\":[{\"@type\":\"ListItem\",\"position\":1,\"name\":\"Home\",\"item\":\"https:\/\/monti.lt\/\"},{\"@type\":\"ListItem\",\"position\":2,\"name\":\"Parduotuv\u0117\",\"item\":\"https:\/\/monti.lt\/shop\/\"},{\"@type\":\"ListItem\",\"position\":3,\"name\":\"Connetix tr\u0105sa su rutuliukais, 92 el.\"}]},{\"@type\":\"WebSite\",\"@id\":\"https:\/\/monti.lt\/#website\",\"url\":\"https:\/\/monti.lt\/\",\"name\":\"Montessori \u017eaislai\",\"description\":\"\",\"publisher\":{\"@id\":\"https:\/\/monti.lt\/#organization\"},\"potentialAction\":[{\"@type\":\"SearchAction\",\"target\":{\"@type\":\"EntryPoint\",\"urlTemplate\":\"https:\/\/monti.lt\/?s={search_term_string}\"},\"query-input\":\"required name=search_term_string\"}],\"inLanguage\":\"en-US\"},{\"@type\":\"Organization\",\"@id\":\"https:\/\/monti.lt\/#organization\",\"name\":\"Montessori \u017eaislai\",\"url\":\"https:\/\/monti.lt\/\",\"logo\":{\"@type\":\"ImageObject\",\"inLanguage\":\"en-US\",\"@id\":\"https:\/\/monti.lt\/#\/schema\/logo\/image\/\",\"url\":\"https:\/\/monti.lt\/wp-content\/uploads\/2022\/03\/montilogo-1.png\",\"contentUrl\":\"https:\/\/monti.lt\/wp-content\/uploads\/2022\/03\/montilogo-1.png\",\"width\":512,\"height\":512,\"caption\":\"Montessori \u017eaislai\"},\"image\":{\"@id\":\"https:\/\/monti.lt\/#\/schema\/logo\/image\/\"}}]}<\/script>\n<!-- \/ Yoast SEO plugin. -->","yoast_head_json":{"title":"Connetix tr\u0105sa su rutuliukais, 92 el. - Montessori \u017eaislai","robots":{"index":"index","follow":"follow","max-snippet":"max-snippet:-1","max-image-preview":"max-image-preview:large","max-video-preview":"max-video-preview:-1"},"canonical":"https:\/\/monti.lt\/en\/product\/connetix-trasa-su-rutuliukais-92-el\/","og_locale":"en_US","og_type":"article","og_title":"Connetix tr\u0105sa su rutuliukais, 92 el. - Montessori \u017eaislai","og_description":"\u201eCONNETIX BALL RUN PACK\u201c - tai 92 dali\u0173 rinkinys su unikaliomis ir i\u0161skirtin\u0117mis CONNETIX dizaino savyb\u0117mis.  Permatomi, riev\u0117ti vamzdeliai, kad gal\u0117tum\u0117te steb\u0117ti, kaip kamuoliukai priart\u0117ja.  2 x speciali\u0173j\u0173 efekt\u0173 laipt\u0173 garsin\u0117s dekoracijos,  2 x \u201eS\u201c formos i\u0161lenkimo detal\u0117s ir vamzdelis lenktyn\u0117ms....  Plius daugyb\u0117 kit\u0173 detali\u0173 ir 6 mediniai kamuoliukai, kad \u017eaidimas prasid\u0117t\u0173!  I\u0161 netoksi\u0161k\u0173 med\u017eiag\u0173 pagamintas \u201eBall Run Pack\u201c puikiai papildo m\u016bs\u0173 standartines CONNETIX pakuotes.","og_url":"https:\/\/monti.lt\/en\/product\/connetix-trasa-su-rutuliukais-92-el\/","og_site_name":"Montessori \u017eaislai","article_modified_time":"2026-03-20T08:45:09+00:00","og_image":[{"width":910,"height":1024,"url":"https:\/\/monti.lt\/wp-content\/uploads\/2024\/11\/92-Ball-Run-910x1024.jpg","type":"image\/jpeg"}],"twitter_card":"summary_large_image","twitter_misc":{"Est. reading time":"2 minutes"},"schema":{"@context":"https:\/\/schema.org","@graph":[{"@type":"WebPage","@id":"https:\/\/monti.lt\/product\/connetix-trasa-su-rutuliukais-92-el\/","url":"https:\/\/monti.lt\/product\/connetix-trasa-su-rutuliukais-92-el\/","name":"Connetix tr\u0105sa su rutuliukais, 92 el. - Montessori \u017eaislai","isPartOf":{"@id":"https:\/\/monti.lt\/#website"},"primaryImageOfPage":{"@id":"https:\/\/monti.lt\/product\/connetix-trasa-su-rutuliukais-92-el\/#primaryimage"},"image":{"@id":"https:\/\/monti.lt\/product\/connetix-trasa-su-rutuliukais-92-el\/#primaryimage"},"thumbnailUrl":"https:\/\/monti.lt\/wp-content\/uploads\/2024\/11\/92-Ball-Run.jpg","datePublished":"2024-11-14T11:29:31+00:00","dateModified":"2026-03-20T08:45:09+00:00","breadcrumb":{"@id":"https:\/\/monti.lt\/product\/connetix-trasa-su-rutuliukais-92-el\/#breadcrumb"},"inLanguage":"en-US","potentialAction":[{"@type":"ReadAction","target":["https:\/\/monti.lt\/product\/connetix-trasa-su-rutuliukais-92-el\/"]}]},{"@type":"ImageObject","inLanguage":"en-US","@id":"https:\/\/monti.lt\/product\/connetix-trasa-su-rutuliukais-92-el\/#primaryimage","url":"https:\/\/monti.lt\/wp-content\/uploads\/2024\/11\/92-Ball-Run.jpg","contentUrl":"https:\/\/monti.lt\/wp-content\/uploads\/2024\/11\/92-Ball-Run.jpg","width":1600,"height":1800,"caption":"connetix konstruktorius"},{"@type":"BreadcrumbList","@id":"https:\/\/monti.lt\/product\/connetix-trasa-su-rutuliukais-92-el\/#breadcrumb","itemListElement":[{"@type":"ListItem","position":1,"name":"Home","item":"https:\/\/monti.lt\/"},{"@type":"ListItem","position":2,"name":"Parduotuv\u0117","item":"https:\/\/monti.lt\/shop\/"},{"@type":"ListItem","position":3,"name":"Connetix tr\u0105sa su rutuliukais, 92 el."}]},{"@type":"WebSite","@id":"https:\/\/monti.lt\/#website","url":"https:\/\/monti.lt\/","name":"Montessori \u017eaislai","description":"","publisher":{"@id":"https:\/\/monti.lt\/#organization"},"potentialAction":[{"@type":"SearchAction","target":{"@type":"EntryPoint","urlTemplate":"https:\/\/monti.lt\/?s={search_term_string}"},"query-input":"required name=search_term_string"}],"inLanguage":"en-US"},{"@type":"Organization","@id":"https:\/\/monti.lt\/#organization","name":"Montessori \u017eaislai","url":"https:\/\/monti.lt\/","logo":{"@type":"ImageObject","inLanguage":"en-US","@id":"https:\/\/monti.lt\/#\/schema\/logo\/image\/","url":"https:\/\/monti.lt\/wp-content\/uploads\/2022\/03\/montilogo-1.png","contentUrl":"https:\/\/monti.lt\/wp-content\/uploads\/2022\/03\/montilogo-1.png","width":512,"height":512,"caption":"Montessori \u017eaislai"},"image":{"@id":"https:\/\/monti.lt\/#\/schema\/logo\/image\/"}}]}},"_links":{"self":[{"href":"https:\/\/monti.lt\/en\/wp-json\/wp\/v2\/product\/27346"}],"collection":[{"href":"https:\/\/monti.lt\/en\/wp-json\/wp\/v2\/product"}],"about":[{"href":"https:\/\/monti.lt\/en\/wp-json\/wp\/v2\/types\/product"}],"version-history":[{"count":2,"href":"https:\/\/monti.lt\/en\/wp-json\/wp\/v2\/product\/27346\/revisions"}],"predecessor-version":[{"id":27359,"href":"https:\/\/monti.lt\/en\/wp-json\/wp\/v2\/product\/27346\/revisions\/27359"}],"wp:featuredmedia":[{"embeddable":true,"href":"https:\/\/monti.lt\/en\/wp-json\/wp\/v2\/media\/27352"}],"wp:attachment":[{"href":"https:\/\/monti.lt\/en\/wp-json\/wp\/v2\/media?parent=27346"}],"wp:term":[{"taxonomy":"product_cat","embeddable":true,"href":"https:\/\/monti.lt\/en\/wp-json\/wp\/v2\/product_cat?post=27346"},{"taxonomy":"product_tag","embeddable":true,"href":"https:\/\/monti.lt\/en\/wp-json\/wp\/v2\/product_tag?post=27346"}],"curies":[{"name":"wp","href":"https:\/\/api.w.org\/{rel}","templated":true}]}}