{"id":27360,"date":"2024-11-14T11:36:49","date_gmt":"2024-11-14T11:36:49","guid":{"rendered":"https:\/\/monti.lt\/?post_type=product&#038;p=27360"},"modified":"2026-03-20T08:44:51","modified_gmt":"2026-03-20T08:44:51","slug":"connetix-kurybinis-rinkinys-102-el","status":"publish","type":"product","link":"https:\/\/monti.lt\/en\/product\/connetix-kurybinis-rinkinys-102-el\/","title":{"rendered":"Connetix k\u016brybinis rinkinys, 102 el."},"content":{"rendered":"<p>Su m\u016bs\u0173 102 dali\u0173 vaivoryk\u0161t\u0117s k\u016brybos rinkiniu atgaivinkite vaizduot\u0119 ir suteikite begal\u0119 k\u016brybi\u0161kumo bei mokymosi per \u017dAIDIM\u0104 galimybi\u0173. \u0160iame rinkinyje yra \u012fvairi\u0173 form\u0173, \u012fskaitant ma\u017eus ir didelius kvadratus, lygia\u0161onius, sta\u010diakampius ir lygiakra\u0161\u010dius trikampius, taip pat vis\u0173 vaivoryk\u0161t\u0117s spalv\u0173 tvoros, langai ir dur\u0173 r\u0117mai.<\/p>\n\n\n\n<p>Nesvarbu, ar \u017eaid\u017eiate savaranki\u0161kai, ar su draugais ir \u0161eima, k\u016brybinis paketas skatina atvir\u0105 mokym\u0105si ir lavina smulki\u0105j\u0105 bei stambi\u0105j\u0105 motorik\u0105, nes vaikai kuria pilis, raketas, auk\u0161tas sienas, monetas, tiltus ir bok\u0161tus. Vaikai tyrin\u0117s STEAM s\u0105vokas, tokias kaip matematika, in\u017einerija, spalvos, formos, prie\u017eastys ir pasekm\u0117s, ir kartu ugdys komandin\u012f darb\u0105, atkaklum\u0105 ir atsparum\u0105, \u012fgyvendindami savo dideles id\u0117jas!<\/p>\n\n\n\n<p>Kadangi CONNETIX yra &#8220;auk\u0161tos&#8221;open-ended&#8221; \u017eaislas, jis augs kartu su j\u016bs\u0173 vaiku, kai jis mokysis ir jo \u017eaidimas taps sud\u0117tingesnis. <\/p>\n\n\n\n<p>Apie m\u016bs\u0173 produktus:<\/p>\n\n\n\n<p>Visos plytel\u0117s pagamintos i\u0161 netoksi\u0161ko ABS plastiko, kuriame n\u0117ra BPA ir ftalat\u0173.<br>M\u016bs\u0173 unikali nuo\u017eulni konstrukcija leid\u017eia CONNETIX plytel\u0117ms b\u016bti tvirtoms ir tuo pat metu u\u017etikrinti gra\u017eius ir ai\u0161kius l\u016b\u017eius.<br>CONNETIX yra suderinami su kitais pirmaujan\u010diais preki\u0173 \u017eenklais.<br>Rekomenduojamas am\u017eius: 3+ (yra magnet\u0173 ir smulki\u0173 dali\u0173).<\/p>\n\n\n\n<p>Pakuot\u0117s turinys<\/p>\n\n\n\n<p>Kiekvien\u0105 pakuot\u0119 sudaro:<\/p>\n\n\n\n<p>36 x ma\u017ei kvadrat\u0117liai<br>6 x dideli kvadratai<br>12 x lygiakra\u0161\u010diai trikampiai<br>12 x sta\u010diakampiai trikampiai<br>12 x lygiakra\u0161\u010diai trikampiai<br>6 x Lang\u0173 dalys<br>6 x Durys<br>6 x sta\u010diakampiai<br>6 x tvoros<\/p>\n\n\n\n<p><\/p>","protected":false},"excerpt":{"rendered":"<p>Su m\u016bs\u0173 102 dali\u0173 vaivoryk\u0161t\u0117s k\u016brybos rinkiniu atgaivinkite vaizduot\u0119 ir suteikite begal\u0119 k\u016brybi\u0161kumo bei mokymosi per \u017dAIDIM\u0104 galimybi\u0173. \u0160iame rinkinyje yra \u012fvairi\u0173 form\u0173, \u012fskaitant ma\u017eus ir didelius kvadratus, lygia\u0161onius, sta\u010diakampius ir lygiakra\u0161\u010dius trikampius, taip pat vis\u0173 vaivoryk\u0161t\u0117s spalv\u0173 tvoros, langai ir dur\u0173 r\u0117mai. Nesvarbu, ar \u017eaid\u017eiate savaranki\u0161kai, ar su draugais ir \u0161eima, k\u016brybinis paketas skatina [&hellip;]<\/p>","protected":false},"featured_media":27361,"template":"","meta":{"_acf_changed":false,"iawp_total_views":920},"product_cat":[213,243,194,195,216,191,82],"product_tag":[96,97,98],"class_list":{"0":"post-27360","1":"product","2":"type-product","3":"status-publish","4":"has-post-thumbnail","6":"product_cat-akcija","7":"product_cat-connetix","8":"product_cat-dovanos-vaikams-2-3-metu","9":"product_cat-dovanos-vaikams-3-4-metu","10":"product_cat-dovanos-4-5-metu-vaikams","11":"product_cat-dovanos-vaikams","12":"product_cat-ispardavimas","13":"product_tag-2-m-3-m","14":"product_tag-3-m-4-m","15":"product_tag-5-m-7-m","17":"first","18":"instock","19":"sale","20":"taxable","21":"shipping-taxable","22":"purchasable","23":"product-type-simple"},"acf":[],"yoast_head":"<!-- This site is optimized with the Yoast SEO plugin v23.3 - https:\/\/yoast.com\/wordpress\/plugins\/seo\/ -->\n<title>Connetix k\u016brybinis rinkinys, 102 el. - Montessori \u017eaislai<\/title>\n<meta name=\"robots\" content=\"index, follow, max-snippet:-1, max-image-preview:large, max-video-preview:-1\" \/>\n<link rel=\"canonical\" href=\"https:\/\/monti.lt\/en\/product\/connetix-kurybinis-rinkinys-102-el\/\" \/>\n<meta property=\"og:locale\" content=\"en_US\" \/>\n<meta property=\"og:type\" content=\"article\" \/>\n<meta property=\"og:title\" content=\"Connetix k\u016brybinis rinkinys, 102 el. - Montessori \u017eaislai\" \/>\n<meta property=\"og:description\" content=\"Su m\u016bs\u0173 102 dali\u0173 vaivoryk\u0161t\u0117s k\u016brybos rinkiniu atgaivinkite vaizduot\u0119 ir suteikite begal\u0119 k\u016brybi\u0161kumo bei mokymosi per \u017dAIDIM\u0104 galimybi\u0173. \u0160iame rinkinyje yra \u012fvairi\u0173 form\u0173, \u012fskaitant ma\u017eus ir didelius kvadratus, lygia\u0161onius, sta\u010diakampius ir lygiakra\u0161\u010dius trikampius, taip pat vis\u0173 vaivoryk\u0161t\u0117s spalv\u0173 tvoros, langai ir dur\u0173 r\u0117mai. Nesvarbu, ar \u017eaid\u017eiate savaranki\u0161kai, ar su draugais ir \u0161eima, k\u016brybinis paketas skatina [&hellip;]\" \/>\n<meta property=\"og:url\" content=\"https:\/\/monti.lt\/en\/product\/connetix-kurybinis-rinkinys-102-el\/\" \/>\n<meta property=\"og:site_name\" content=\"Montessori \u017eaislai\" \/>\n<meta property=\"article:modified_time\" content=\"2026-03-20T08:44:51+00:00\" \/>\n<meta property=\"og:image\" content=\"https:\/\/monti.lt\/wp-content\/uploads\/2024\/11\/102-Creative-910x1024.jpg\" \/>\n\t<meta property=\"og:image:width\" content=\"910\" \/>\n\t<meta property=\"og:image:height\" content=\"1024\" \/>\n\t<meta property=\"og:image:type\" content=\"image\/jpeg\" \/>\n<meta name=\"twitter:card\" content=\"summary_large_image\" \/>\n<meta name=\"twitter:label1\" content=\"Est. reading time\" \/>\n\t<meta name=\"twitter:data1\" content=\"2 minutes\" \/>\n<script type=\"application\/ld+json\" class=\"yoast-schema-graph\">{\"@context\":\"https:\/\/schema.org\",\"@graph\":[{\"@type\":\"WebPage\",\"@id\":\"https:\/\/monti.lt\/product\/connetix-kurybinis-rinkinys-102-el\/\",\"url\":\"https:\/\/monti.lt\/product\/connetix-kurybinis-rinkinys-102-el\/\",\"name\":\"Connetix k\u016brybinis rinkinys, 102 el. - Montessori \u017eaislai\",\"isPartOf\":{\"@id\":\"https:\/\/monti.lt\/#website\"},\"primaryImageOfPage\":{\"@id\":\"https:\/\/monti.lt\/product\/connetix-kurybinis-rinkinys-102-el\/#primaryimage\"},\"image\":{\"@id\":\"https:\/\/monti.lt\/product\/connetix-kurybinis-rinkinys-102-el\/#primaryimage\"},\"thumbnailUrl\":\"https:\/\/monti.lt\/wp-content\/uploads\/2024\/11\/102-Creative.jpg\",\"datePublished\":\"2024-11-14T11:36:49+00:00\",\"dateModified\":\"2026-03-20T08:44:51+00:00\",\"breadcrumb\":{\"@id\":\"https:\/\/monti.lt\/product\/connetix-kurybinis-rinkinys-102-el\/#breadcrumb\"},\"inLanguage\":\"en-US\",\"potentialAction\":[{\"@type\":\"ReadAction\",\"target\":[\"https:\/\/monti.lt\/product\/connetix-kurybinis-rinkinys-102-el\/\"]}]},{\"@type\":\"ImageObject\",\"inLanguage\":\"en-US\",\"@id\":\"https:\/\/monti.lt\/product\/connetix-kurybinis-rinkinys-102-el\/#primaryimage\",\"url\":\"https:\/\/monti.lt\/wp-content\/uploads\/2024\/11\/102-Creative.jpg\",\"contentUrl\":\"https:\/\/monti.lt\/wp-content\/uploads\/2024\/11\/102-Creative.jpg\",\"width\":1600,\"height\":1800,\"caption\":\"connetix konstruktorius\"},{\"@type\":\"BreadcrumbList\",\"@id\":\"https:\/\/monti.lt\/product\/connetix-kurybinis-rinkinys-102-el\/#breadcrumb\",\"itemListElement\":[{\"@type\":\"ListItem\",\"position\":1,\"name\":\"Home\",\"item\":\"https:\/\/monti.lt\/\"},{\"@type\":\"ListItem\",\"position\":2,\"name\":\"Parduotuv\u0117\",\"item\":\"https:\/\/monti.lt\/shop\/\"},{\"@type\":\"ListItem\",\"position\":3,\"name\":\"Connetix k\u016brybinis rinkinys, 102 el.\"}]},{\"@type\":\"WebSite\",\"@id\":\"https:\/\/monti.lt\/#website\",\"url\":\"https:\/\/monti.lt\/\",\"name\":\"Montessori \u017eaislai\",\"description\":\"\",\"publisher\":{\"@id\":\"https:\/\/monti.lt\/#organization\"},\"potentialAction\":[{\"@type\":\"SearchAction\",\"target\":{\"@type\":\"EntryPoint\",\"urlTemplate\":\"https:\/\/monti.lt\/?s={search_term_string}\"},\"query-input\":\"required name=search_term_string\"}],\"inLanguage\":\"en-US\"},{\"@type\":\"Organization\",\"@id\":\"https:\/\/monti.lt\/#organization\",\"name\":\"Montessori \u017eaislai\",\"url\":\"https:\/\/monti.lt\/\",\"logo\":{\"@type\":\"ImageObject\",\"inLanguage\":\"en-US\",\"@id\":\"https:\/\/monti.lt\/#\/schema\/logo\/image\/\",\"url\":\"https:\/\/monti.lt\/wp-content\/uploads\/2022\/03\/montilogo-1.png\",\"contentUrl\":\"https:\/\/monti.lt\/wp-content\/uploads\/2022\/03\/montilogo-1.png\",\"width\":512,\"height\":512,\"caption\":\"Montessori \u017eaislai\"},\"image\":{\"@id\":\"https:\/\/monti.lt\/#\/schema\/logo\/image\/\"}}]}<\/script>\n<!-- \/ Yoast SEO plugin. -->","yoast_head_json":{"title":"Connetix k\u016brybinis rinkinys, 102 el. - Montessori \u017eaislai","robots":{"index":"index","follow":"follow","max-snippet":"max-snippet:-1","max-image-preview":"max-image-preview:large","max-video-preview":"max-video-preview:-1"},"canonical":"https:\/\/monti.lt\/en\/product\/connetix-kurybinis-rinkinys-102-el\/","og_locale":"en_US","og_type":"article","og_title":"Connetix k\u016brybinis rinkinys, 102 el. - Montessori \u017eaislai","og_description":"Su m\u016bs\u0173 102 dali\u0173 vaivoryk\u0161t\u0117s k\u016brybos rinkiniu atgaivinkite vaizduot\u0119 ir suteikite begal\u0119 k\u016brybi\u0161kumo bei mokymosi per \u017dAIDIM\u0104 galimybi\u0173. \u0160iame rinkinyje yra \u012fvairi\u0173 form\u0173, \u012fskaitant ma\u017eus ir didelius kvadratus, lygia\u0161onius, sta\u010diakampius ir lygiakra\u0161\u010dius trikampius, taip pat vis\u0173 vaivoryk\u0161t\u0117s spalv\u0173 tvoros, langai ir dur\u0173 r\u0117mai. Nesvarbu, ar \u017eaid\u017eiate savaranki\u0161kai, ar su draugais ir \u0161eima, k\u016brybinis paketas skatina [&hellip;]","og_url":"https:\/\/monti.lt\/en\/product\/connetix-kurybinis-rinkinys-102-el\/","og_site_name":"Montessori \u017eaislai","article_modified_time":"2026-03-20T08:44:51+00:00","og_image":[{"width":910,"height":1024,"url":"https:\/\/monti.lt\/wp-content\/uploads\/2024\/11\/102-Creative-910x1024.jpg","type":"image\/jpeg"}],"twitter_card":"summary_large_image","twitter_misc":{"Est. reading time":"2 minutes"},"schema":{"@context":"https:\/\/schema.org","@graph":[{"@type":"WebPage","@id":"https:\/\/monti.lt\/product\/connetix-kurybinis-rinkinys-102-el\/","url":"https:\/\/monti.lt\/product\/connetix-kurybinis-rinkinys-102-el\/","name":"Connetix k\u016brybinis rinkinys, 102 el. - Montessori \u017eaislai","isPartOf":{"@id":"https:\/\/monti.lt\/#website"},"primaryImageOfPage":{"@id":"https:\/\/monti.lt\/product\/connetix-kurybinis-rinkinys-102-el\/#primaryimage"},"image":{"@id":"https:\/\/monti.lt\/product\/connetix-kurybinis-rinkinys-102-el\/#primaryimage"},"thumbnailUrl":"https:\/\/monti.lt\/wp-content\/uploads\/2024\/11\/102-Creative.jpg","datePublished":"2024-11-14T11:36:49+00:00","dateModified":"2026-03-20T08:44:51+00:00","breadcrumb":{"@id":"https:\/\/monti.lt\/product\/connetix-kurybinis-rinkinys-102-el\/#breadcrumb"},"inLanguage":"en-US","potentialAction":[{"@type":"ReadAction","target":["https:\/\/monti.lt\/product\/connetix-kurybinis-rinkinys-102-el\/"]}]},{"@type":"ImageObject","inLanguage":"en-US","@id":"https:\/\/monti.lt\/product\/connetix-kurybinis-rinkinys-102-el\/#primaryimage","url":"https:\/\/monti.lt\/wp-content\/uploads\/2024\/11\/102-Creative.jpg","contentUrl":"https:\/\/monti.lt\/wp-content\/uploads\/2024\/11\/102-Creative.jpg","width":1600,"height":1800,"caption":"connetix konstruktorius"},{"@type":"BreadcrumbList","@id":"https:\/\/monti.lt\/product\/connetix-kurybinis-rinkinys-102-el\/#breadcrumb","itemListElement":[{"@type":"ListItem","position":1,"name":"Home","item":"https:\/\/monti.lt\/"},{"@type":"ListItem","position":2,"name":"Parduotuv\u0117","item":"https:\/\/monti.lt\/shop\/"},{"@type":"ListItem","position":3,"name":"Connetix k\u016brybinis rinkinys, 102 el."}]},{"@type":"WebSite","@id":"https:\/\/monti.lt\/#website","url":"https:\/\/monti.lt\/","name":"Montessori \u017eaislai","description":"","publisher":{"@id":"https:\/\/monti.lt\/#organization"},"potentialAction":[{"@type":"SearchAction","target":{"@type":"EntryPoint","urlTemplate":"https:\/\/monti.lt\/?s={search_term_string}"},"query-input":"required name=search_term_string"}],"inLanguage":"en-US"},{"@type":"Organization","@id":"https:\/\/monti.lt\/#organization","name":"Montessori \u017eaislai","url":"https:\/\/monti.lt\/","logo":{"@type":"ImageObject","inLanguage":"en-US","@id":"https:\/\/monti.lt\/#\/schema\/logo\/image\/","url":"https:\/\/monti.lt\/wp-content\/uploads\/2022\/03\/montilogo-1.png","contentUrl":"https:\/\/monti.lt\/wp-content\/uploads\/2022\/03\/montilogo-1.png","width":512,"height":512,"caption":"Montessori \u017eaislai"},"image":{"@id":"https:\/\/monti.lt\/#\/schema\/logo\/image\/"}}]}},"_links":{"self":[{"href":"https:\/\/monti.lt\/en\/wp-json\/wp\/v2\/product\/27360"}],"collection":[{"href":"https:\/\/monti.lt\/en\/wp-json\/wp\/v2\/product"}],"about":[{"href":"https:\/\/monti.lt\/en\/wp-json\/wp\/v2\/types\/product"}],"version-history":[{"count":1,"href":"https:\/\/monti.lt\/en\/wp-json\/wp\/v2\/product\/27360\/revisions"}],"predecessor-version":[{"id":27368,"href":"https:\/\/monti.lt\/en\/wp-json\/wp\/v2\/product\/27360\/revisions\/27368"}],"wp:featuredmedia":[{"embeddable":true,"href":"https:\/\/monti.lt\/en\/wp-json\/wp\/v2\/media\/27361"}],"wp:attachment":[{"href":"https:\/\/monti.lt\/en\/wp-json\/wp\/v2\/media?parent=27360"}],"wp:term":[{"taxonomy":"product_cat","embeddable":true,"href":"https:\/\/monti.lt\/en\/wp-json\/wp\/v2\/product_cat?post=27360"},{"taxonomy":"product_tag","embeddable":true,"href":"https:\/\/monti.lt\/en\/wp-json\/wp\/v2\/product_tag?post=27360"}],"curies":[{"name":"wp","href":"https:\/\/api.w.org\/{rel}","templated":true}]}}