{"id":27369,"date":"2024-11-14T11:49:05","date_gmt":"2024-11-14T11:49:05","guid":{"rendered":"https:\/\/monti.lt\/?post_type=product&#038;p=27369"},"modified":"2026-03-20T08:44:38","modified_gmt":"2026-03-20T08:44:38","slug":"connetix-pirmasis-rinkinys-60-el","status":"publish","type":"product","link":"https:\/\/monti.lt\/en\/product\/connetix-pirmasis-rinkinys-60-el\/","title":{"rendered":"Connetix pirmasis rinkinys, 60 el."},"content":{"rendered":"<p>Kiekvien\u0105 pakuot\u0119 sudaro:<\/p>\n\n\n\n<p>6 x dideli kvadratai<br>24 x ma\u017ei kvadrat\u0117liai<br>6 x lygiakra\u0161\u010diai trikampiai<br>6 x sta\u010diakampiai trikampiai<br>6 x lygiakra\u0161\u010diai trikampiai 6 x lygiakra\u0161\u010diai trikampiai<br>6 x Lang\u0173 dalys<br>6 x dur\u0173 detal\u0117s<br>Id\u0117j\u0173 knygel\u0117<\/p>\n\n\n\n<p>Atraskite atvir\u0105 \u017eaidim\u0105 ir mokym\u0105si su m\u016bs\u0173 60 dali\u0173 vaivoryk\u0161t\u0117s pradiniu paketu!<\/p>\n\n\n\n<p>\u0160i pakuot\u0117, kurioje yra dideli\u0173 ir ma\u017e\u0173 kvadrat\u0173 bei trij\u0173 tip\u0173 trikampi\u0173, \u0161e\u0161i\u0173 ry\u0161ki\u0173 vaivoryk\u0161t\u0117s spalv\u0173, yra puiki \u012f\u017eanga \u012f CONNETIX \u017eaidim\u0105 arba papildymas augan\u010dioms magnetini\u0173 plyteli\u0173 kolekcijoms.<\/p>\n\n\n\n<p>\u0160i pakuot\u0117, skirta lavinti vaizduot\u0119 ir skatinti vaikus tyrin\u0117ti STEAM mokym\u0105si per \u017dAIDIM\u0104, \u012fkv\u0117ps vaikus kurti 2D ir 3D konstrukcijas, pavyzd\u017eiui, namus, pilis, \u016bkius, zoologijos sodus, automobili\u0173 stov\u0117jimo aik\u0161teles, raketas, bok\u0161tus, d\u0117liones, r\u016b\u0161iavimo d\u0117\u017ees, monet\u0173 kalnelius ir dar daugiau! Steb\u0117kite, kaip vaikai tyrin\u0117ja magnetizmo, dizaino, formos, modeli\u0173, in\u017einerijos, matematikos ir spalv\u0173 s\u0105vokas, lavindami smulki\u0105j\u0105 motorik\u0105 ir problem\u0173 sprendimo \u012fg\u016bd\u017eius.<\/p>","protected":false},"excerpt":{"rendered":"<p>Kiekvien\u0105 pakuot\u0119 sudaro: 6 x dideli kvadratai24 x ma\u017ei kvadrat\u0117liai6 x lygiakra\u0161\u010diai trikampiai6 x sta\u010diakampiai trikampiai6 x lygiakra\u0161\u010diai trikampiai 6 x lygiakra\u0161\u010diai trikampiai6 x Lang\u0173 dalys6 x dur\u0173 detal\u0117sId\u0117j\u0173 knygel\u0117 Atraskite atvir\u0105 \u017eaidim\u0105 ir mokym\u0105si su m\u016bs\u0173 60 dali\u0173 vaivoryk\u0161t\u0117s pradiniu paketu! \u0160i pakuot\u0117, kurioje yra dideli\u0173 ir ma\u017e\u0173 kvadrat\u0173 bei trij\u0173 tip\u0173 trikampi\u0173, \u0161e\u0161i\u0173 [&hellip;]<\/p>","protected":false},"featured_media":27371,"template":"","meta":{"_acf_changed":false,"iawp_total_views":1009},"product_cat":[213,243,194,195,216,217,191,82,87,84,91,86,50,199,202,49,39],"product_tag":[97,98],"class_list":{"0":"post-27369","1":"product","2":"type-product","3":"status-publish","4":"has-post-thumbnail","6":"product_cat-akcija","7":"product_cat-connetix","8":"product_cat-dovanos-vaikams-2-3-metu","9":"product_cat-dovanos-vaikams-3-4-metu","10":"product_cat-dovanos-4-5-metu-vaikams","11":"product_cat-dovanos-5-7-metu-vaikams","12":"product_cat-dovanos-vaikams","13":"product_cat-ispardavimas","14":"product_cat-kurybiniai-rinkiniai","15":"product_cat-lavinamieji-zaislai","16":"product_cat-loginiam-mastymui","17":"product_cat-smulkioji-motorika","18":"product_cat-top-dovanos","19":"product_cat-ugdymo-istaigoms","20":"product_cat-vaaikiski-konstruktoriai","21":"product_cat-visi-zaislai","22":"product_cat-zaislai","23":"product_tag-3-m-4-m","24":"product_tag-5-m-7-m","26":"first","27":"instock","28":"sale","29":"taxable","30":"shipping-taxable","31":"purchasable","32":"product-type-simple"},"acf":[],"yoast_head":"<!-- This site is optimized with the Yoast SEO plugin v23.3 - https:\/\/yoast.com\/wordpress\/plugins\/seo\/ -->\n<title>Connetix pirmasis rinkinys, 60 el. - Montessori \u017eaislai<\/title>\n<meta name=\"robots\" content=\"index, follow, max-snippet:-1, max-image-preview:large, max-video-preview:-1\" \/>\n<link rel=\"canonical\" href=\"https:\/\/monti.lt\/en\/product\/connetix-pirmasis-rinkinys-60-el\/\" \/>\n<meta property=\"og:locale\" content=\"en_US\" \/>\n<meta property=\"og:type\" content=\"article\" \/>\n<meta property=\"og:title\" content=\"Connetix pirmasis rinkinys, 60 el. - Montessori \u017eaislai\" \/>\n<meta property=\"og:description\" content=\"Kiekvien\u0105 pakuot\u0119 sudaro: 6 x dideli kvadratai24 x ma\u017ei kvadrat\u0117liai6 x lygiakra\u0161\u010diai trikampiai6 x sta\u010diakampiai trikampiai6 x lygiakra\u0161\u010diai trikampiai 6 x lygiakra\u0161\u010diai trikampiai6 x Lang\u0173 dalys6 x dur\u0173 detal\u0117sId\u0117j\u0173 knygel\u0117 Atraskite atvir\u0105 \u017eaidim\u0105 ir mokym\u0105si su m\u016bs\u0173 60 dali\u0173 vaivoryk\u0161t\u0117s pradiniu paketu! \u0160i pakuot\u0117, kurioje yra dideli\u0173 ir ma\u017e\u0173 kvadrat\u0173 bei trij\u0173 tip\u0173 trikampi\u0173, \u0161e\u0161i\u0173 [&hellip;]\" \/>\n<meta property=\"og:url\" content=\"https:\/\/monti.lt\/en\/product\/connetix-pirmasis-rinkinys-60-el\/\" \/>\n<meta property=\"og:site_name\" content=\"Montessori \u017eaislai\" \/>\n<meta property=\"article:modified_time\" content=\"2026-03-20T08:44:38+00:00\" \/>\n<meta property=\"og:image\" content=\"https:\/\/monti.lt\/wp-content\/uploads\/2024\/11\/60-Starter-Resized.jpg\" \/>\n\t<meta property=\"og:image:width\" content=\"1600\" \/>\n\t<meta property=\"og:image:height\" content=\"1800\" \/>\n\t<meta property=\"og:image:type\" content=\"image\/jpeg\" \/>\n<meta name=\"twitter:card\" content=\"summary_large_image\" \/>\n<meta name=\"twitter:label1\" content=\"Est. reading time\" \/>\n\t<meta name=\"twitter:data1\" content=\"1 minute\" \/>\n<script type=\"application\/ld+json\" class=\"yoast-schema-graph\">{\"@context\":\"https:\/\/schema.org\",\"@graph\":[{\"@type\":\"WebPage\",\"@id\":\"https:\/\/monti.lt\/product\/connetix-pirmasis-rinkinys-60-el\/\",\"url\":\"https:\/\/monti.lt\/product\/connetix-pirmasis-rinkinys-60-el\/\",\"name\":\"Connetix pirmasis rinkinys, 60 el. - Montessori \u017eaislai\",\"isPartOf\":{\"@id\":\"https:\/\/monti.lt\/#website\"},\"primaryImageOfPage\":{\"@id\":\"https:\/\/monti.lt\/product\/connetix-pirmasis-rinkinys-60-el\/#primaryimage\"},\"image\":{\"@id\":\"https:\/\/monti.lt\/product\/connetix-pirmasis-rinkinys-60-el\/#primaryimage\"},\"thumbnailUrl\":\"https:\/\/monti.lt\/wp-content\/uploads\/2024\/11\/60-Starter-Resized.jpg\",\"datePublished\":\"2024-11-14T11:49:05+00:00\",\"dateModified\":\"2026-03-20T08:44:38+00:00\",\"breadcrumb\":{\"@id\":\"https:\/\/monti.lt\/product\/connetix-pirmasis-rinkinys-60-el\/#breadcrumb\"},\"inLanguage\":\"en-US\",\"potentialAction\":[{\"@type\":\"ReadAction\",\"target\":[\"https:\/\/monti.lt\/product\/connetix-pirmasis-rinkinys-60-el\/\"]}]},{\"@type\":\"ImageObject\",\"inLanguage\":\"en-US\",\"@id\":\"https:\/\/monti.lt\/product\/connetix-pirmasis-rinkinys-60-el\/#primaryimage\",\"url\":\"https:\/\/monti.lt\/wp-content\/uploads\/2024\/11\/60-Starter-Resized.jpg\",\"contentUrl\":\"https:\/\/monti.lt\/wp-content\/uploads\/2024\/11\/60-Starter-Resized.jpg\",\"width\":1600,\"height\":1800,\"caption\":\"connetix konstruktorius\"},{\"@type\":\"BreadcrumbList\",\"@id\":\"https:\/\/monti.lt\/product\/connetix-pirmasis-rinkinys-60-el\/#breadcrumb\",\"itemListElement\":[{\"@type\":\"ListItem\",\"position\":1,\"name\":\"Home\",\"item\":\"https:\/\/monti.lt\/\"},{\"@type\":\"ListItem\",\"position\":2,\"name\":\"Parduotuv\u0117\",\"item\":\"https:\/\/monti.lt\/shop\/\"},{\"@type\":\"ListItem\",\"position\":3,\"name\":\"Connetix pirmasis rinkinys, 60 el.\"}]},{\"@type\":\"WebSite\",\"@id\":\"https:\/\/monti.lt\/#website\",\"url\":\"https:\/\/monti.lt\/\",\"name\":\"Montessori \u017eaislai\",\"description\":\"\",\"publisher\":{\"@id\":\"https:\/\/monti.lt\/#organization\"},\"potentialAction\":[{\"@type\":\"SearchAction\",\"target\":{\"@type\":\"EntryPoint\",\"urlTemplate\":\"https:\/\/monti.lt\/?s={search_term_string}\"},\"query-input\":\"required name=search_term_string\"}],\"inLanguage\":\"en-US\"},{\"@type\":\"Organization\",\"@id\":\"https:\/\/monti.lt\/#organization\",\"name\":\"Montessori \u017eaislai\",\"url\":\"https:\/\/monti.lt\/\",\"logo\":{\"@type\":\"ImageObject\",\"inLanguage\":\"en-US\",\"@id\":\"https:\/\/monti.lt\/#\/schema\/logo\/image\/\",\"url\":\"https:\/\/monti.lt\/wp-content\/uploads\/2022\/03\/montilogo-1.png\",\"contentUrl\":\"https:\/\/monti.lt\/wp-content\/uploads\/2022\/03\/montilogo-1.png\",\"width\":512,\"height\":512,\"caption\":\"Montessori \u017eaislai\"},\"image\":{\"@id\":\"https:\/\/monti.lt\/#\/schema\/logo\/image\/\"}}]}<\/script>\n<!-- \/ Yoast SEO plugin. -->","yoast_head_json":{"title":"Connetix pirmasis rinkinys, 60 el. - Montessori \u017eaislai","robots":{"index":"index","follow":"follow","max-snippet":"max-snippet:-1","max-image-preview":"max-image-preview:large","max-video-preview":"max-video-preview:-1"},"canonical":"https:\/\/monti.lt\/en\/product\/connetix-pirmasis-rinkinys-60-el\/","og_locale":"en_US","og_type":"article","og_title":"Connetix pirmasis rinkinys, 60 el. - Montessori \u017eaislai","og_description":"Kiekvien\u0105 pakuot\u0119 sudaro: 6 x dideli kvadratai24 x ma\u017ei kvadrat\u0117liai6 x lygiakra\u0161\u010diai trikampiai6 x sta\u010diakampiai trikampiai6 x lygiakra\u0161\u010diai trikampiai 6 x lygiakra\u0161\u010diai trikampiai6 x Lang\u0173 dalys6 x dur\u0173 detal\u0117sId\u0117j\u0173 knygel\u0117 Atraskite atvir\u0105 \u017eaidim\u0105 ir mokym\u0105si su m\u016bs\u0173 60 dali\u0173 vaivoryk\u0161t\u0117s pradiniu paketu! \u0160i pakuot\u0117, kurioje yra dideli\u0173 ir ma\u017e\u0173 kvadrat\u0173 bei trij\u0173 tip\u0173 trikampi\u0173, \u0161e\u0161i\u0173 [&hellip;]","og_url":"https:\/\/monti.lt\/en\/product\/connetix-pirmasis-rinkinys-60-el\/","og_site_name":"Montessori \u017eaislai","article_modified_time":"2026-03-20T08:44:38+00:00","og_image":[{"width":1600,"height":1800,"url":"https:\/\/monti.lt\/wp-content\/uploads\/2024\/11\/60-Starter-Resized.jpg","type":"image\/jpeg"}],"twitter_card":"summary_large_image","twitter_misc":{"Est. reading time":"1 minute"},"schema":{"@context":"https:\/\/schema.org","@graph":[{"@type":"WebPage","@id":"https:\/\/monti.lt\/product\/connetix-pirmasis-rinkinys-60-el\/","url":"https:\/\/monti.lt\/product\/connetix-pirmasis-rinkinys-60-el\/","name":"Connetix pirmasis rinkinys, 60 el. - Montessori \u017eaislai","isPartOf":{"@id":"https:\/\/monti.lt\/#website"},"primaryImageOfPage":{"@id":"https:\/\/monti.lt\/product\/connetix-pirmasis-rinkinys-60-el\/#primaryimage"},"image":{"@id":"https:\/\/monti.lt\/product\/connetix-pirmasis-rinkinys-60-el\/#primaryimage"},"thumbnailUrl":"https:\/\/monti.lt\/wp-content\/uploads\/2024\/11\/60-Starter-Resized.jpg","datePublished":"2024-11-14T11:49:05+00:00","dateModified":"2026-03-20T08:44:38+00:00","breadcrumb":{"@id":"https:\/\/monti.lt\/product\/connetix-pirmasis-rinkinys-60-el\/#breadcrumb"},"inLanguage":"en-US","potentialAction":[{"@type":"ReadAction","target":["https:\/\/monti.lt\/product\/connetix-pirmasis-rinkinys-60-el\/"]}]},{"@type":"ImageObject","inLanguage":"en-US","@id":"https:\/\/monti.lt\/product\/connetix-pirmasis-rinkinys-60-el\/#primaryimage","url":"https:\/\/monti.lt\/wp-content\/uploads\/2024\/11\/60-Starter-Resized.jpg","contentUrl":"https:\/\/monti.lt\/wp-content\/uploads\/2024\/11\/60-Starter-Resized.jpg","width":1600,"height":1800,"caption":"connetix konstruktorius"},{"@type":"BreadcrumbList","@id":"https:\/\/monti.lt\/product\/connetix-pirmasis-rinkinys-60-el\/#breadcrumb","itemListElement":[{"@type":"ListItem","position":1,"name":"Home","item":"https:\/\/monti.lt\/"},{"@type":"ListItem","position":2,"name":"Parduotuv\u0117","item":"https:\/\/monti.lt\/shop\/"},{"@type":"ListItem","position":3,"name":"Connetix pirmasis rinkinys, 60 el."}]},{"@type":"WebSite","@id":"https:\/\/monti.lt\/#website","url":"https:\/\/monti.lt\/","name":"Montessori \u017eaislai","description":"","publisher":{"@id":"https:\/\/monti.lt\/#organization"},"potentialAction":[{"@type":"SearchAction","target":{"@type":"EntryPoint","urlTemplate":"https:\/\/monti.lt\/?s={search_term_string}"},"query-input":"required name=search_term_string"}],"inLanguage":"en-US"},{"@type":"Organization","@id":"https:\/\/monti.lt\/#organization","name":"Montessori \u017eaislai","url":"https:\/\/monti.lt\/","logo":{"@type":"ImageObject","inLanguage":"en-US","@id":"https:\/\/monti.lt\/#\/schema\/logo\/image\/","url":"https:\/\/monti.lt\/wp-content\/uploads\/2022\/03\/montilogo-1.png","contentUrl":"https:\/\/monti.lt\/wp-content\/uploads\/2022\/03\/montilogo-1.png","width":512,"height":512,"caption":"Montessori \u017eaislai"},"image":{"@id":"https:\/\/monti.lt\/#\/schema\/logo\/image\/"}}]}},"_links":{"self":[{"href":"https:\/\/monti.lt\/en\/wp-json\/wp\/v2\/product\/27369"}],"collection":[{"href":"https:\/\/monti.lt\/en\/wp-json\/wp\/v2\/product"}],"about":[{"href":"https:\/\/monti.lt\/en\/wp-json\/wp\/v2\/types\/product"}],"version-history":[{"count":1,"href":"https:\/\/monti.lt\/en\/wp-json\/wp\/v2\/product\/27369\/revisions"}],"predecessor-version":[{"id":27376,"href":"https:\/\/monti.lt\/en\/wp-json\/wp\/v2\/product\/27369\/revisions\/27376"}],"wp:featuredmedia":[{"embeddable":true,"href":"https:\/\/monti.lt\/en\/wp-json\/wp\/v2\/media\/27371"}],"wp:attachment":[{"href":"https:\/\/monti.lt\/en\/wp-json\/wp\/v2\/media?parent=27369"}],"wp:term":[{"taxonomy":"product_cat","embeddable":true,"href":"https:\/\/monti.lt\/en\/wp-json\/wp\/v2\/product_cat?post=27369"},{"taxonomy":"product_tag","embeddable":true,"href":"https:\/\/monti.lt\/en\/wp-json\/wp\/v2\/product_tag?post=27369"}],"curies":[{"name":"wp","href":"https:\/\/api.w.org\/{rel}","templated":true}]}}