{"id":27377,"date":"2024-11-14T11:55:48","date_gmt":"2024-11-14T11:55:48","guid":{"rendered":"https:\/\/monti.lt\/?post_type=product&#038;p=27377"},"modified":"2026-03-13T11:06:07","modified_gmt":"2026-03-13T11:06:07","slug":"connetix-rinkinys-transportas-50-el","status":"publish","type":"product","link":"https:\/\/monti.lt\/en\/product\/connetix-rinkinys-transportas-50-el\/","title":{"rendered":"Connetix rinkinys &#8220;transportas&#8221;, 50 el"},"content":{"rendered":"<p>Pasiruo\u0161kite \u012fsp\u016bdingoms transporto priemoni\u0173 pramogoms su CONNETIX transportavimo rinkiniu. \u0160iame pakete, sukurtame atsi\u017evelgiant \u012f transporto priemoni\u0173 entuziastus, yra vienas apver\u010diamas pilkas transportavimo pagrindas, du skaidr\u016bs jud\u0117jimo pagrindai su tikros gumos ratais ir daugyb\u0117 magnetini\u0173 plyteli\u0173 form\u0173, padedan\u010di\u0173 konstruoti ir kurti begal\u0119 transporto priemoni\u0173 dizain\u0173.<\/p>\n\n\n\n<p>Atraskite STEAM mokym\u0105si, kai naudodamiesi magnetizmu, formomis ir spalvomis sukursite savo sunkve\u017eimius ir traukinius, l\u0117ktuvus ir greitosios pagalbos automobilius, gaisrines ma\u0161inas ir krautuvus. Lavinkite vaizduot\u0119 ir \u012fgyvendinkite j\u0105 su CONNETIX transporto priemoni\u0173 rinkiniu.<\/p>\n\n\n\n<p>\u0160i pakuot\u0117 su m\u016bs\u0173 firminiu nuo\u017eulniu dizainu, u\u017etikrinan\u010diu didesn\u012f patvarum\u0105 ir ai\u0161kesnius l\u016b\u017eius, sukurta taip, kad augt\u0173 kartu su vaikais, kai jie \u017eaid\u017eia ir mokosi.<\/p>\n\n\n\n<p>Transporto priemoni\u0173 paket\u0105 papildykite bet kuriuo CONNETIX asortimento paketu ir pakelkite savo transporto priemoni\u0173 k\u016bryb\u0105 \u012f auk\u0161tesn\u012f lyg\u012f.<\/p>\n\n\n\n<p>Pakuot\u0117s turinys<\/p>\n\n\n\n<p>Kiekvien\u0105 pakuot\u0119 sudaro:<\/p>\n\n\n\n<p>1 x traukinio\/sunkve\u017eimio pagrindas<br>2 x automobili\u0173 baz\u0117s<br>3 x lygiakra\u0161\u010diai trikampiai<br>3 x sta\u010diakampiai trikampiai<br>2 x lygiakra\u0161\u010diai trikampiai<br>15 x Durys<br>4 x Ma\u017ei kvadratai<br>2 x Langai<br>18 x sta\u010diakampiai<br>Id\u0117j\u0173 knygel\u0117<\/p>","protected":false},"excerpt":{"rendered":"<p>Pasiruo\u0161kite \u012fsp\u016bdingoms transporto priemoni\u0173 pramogoms su CONNETIX transportavimo rinkiniu. \u0160iame pakete, sukurtame atsi\u017evelgiant \u012f transporto priemoni\u0173 entuziastus, yra vienas apver\u010diamas pilkas transportavimo pagrindas, du skaidr\u016bs jud\u0117jimo pagrindai su tikros gumos ratais ir daugyb\u0117 magnetini\u0173 plyteli\u0173 form\u0173, padedan\u010di\u0173 konstruoti ir kurti begal\u0119 transporto priemoni\u0173 dizain\u0173. Atraskite STEAM mokym\u0105si, kai naudodamiesi magnetizmu, formomis ir spalvomis sukursite savo [&hellip;]<\/p>","protected":false},"featured_media":27378,"template":"","meta":{"_acf_changed":false,"iawp_total_views":925},"product_cat":[243,194,195,216,217,191,192,87,84,91,90,50,199,202,49,39],"product_tag":[96,97,98],"class_list":{"0":"post-27377","1":"product","2":"type-product","3":"status-publish","4":"has-post-thumbnail","6":"product_cat-connetix","7":"product_cat-dovanos-vaikams-2-3-metu","8":"product_cat-dovanos-vaikams-3-4-metu","9":"product_cat-dovanos-4-5-metu-vaikams","10":"product_cat-dovanos-5-7-metu-vaikams","11":"product_cat-dovanos-vaikams","12":"product_cat-kaledines-dovanos-vaikams","13":"product_cat-kurybiniai-rinkiniai","14":"product_cat-lavinamieji-zaislai","15":"product_cat-loginiam-mastymui","16":"product_cat-pasaulio-pazinimas","17":"product_cat-top-dovanos","18":"product_cat-ugdymo-istaigoms","19":"product_cat-vaaikiski-konstruktoriai","20":"product_cat-visi-zaislai","21":"product_cat-zaislai","22":"product_tag-2-m-3-m","23":"product_tag-3-m-4-m","24":"product_tag-5-m-7-m","26":"first","27":"outofstock","28":"taxable","29":"shipping-taxable","30":"purchasable","31":"product-type-simple"},"acf":[],"yoast_head":"<!-- This site is optimized with the Yoast SEO plugin v23.3 - https:\/\/yoast.com\/wordpress\/plugins\/seo\/ -->\n<title>Connetix rinkinys &quot;transportas&quot;, 50 el - Montessori \u017eaislai<\/title>\n<meta name=\"robots\" content=\"index, follow, max-snippet:-1, max-image-preview:large, max-video-preview:-1\" \/>\n<link rel=\"canonical\" href=\"https:\/\/monti.lt\/en\/product\/connetix-rinkinys-transportas-50-el\/\" \/>\n<meta property=\"og:locale\" content=\"en_US\" \/>\n<meta property=\"og:type\" content=\"article\" \/>\n<meta property=\"og:title\" content=\"Connetix rinkinys &quot;transportas&quot;, 50 el - Montessori \u017eaislai\" \/>\n<meta property=\"og:description\" content=\"Pasiruo\u0161kite \u012fsp\u016bdingoms transporto priemoni\u0173 pramogoms su CONNETIX transportavimo rinkiniu. \u0160iame pakete, sukurtame atsi\u017evelgiant \u012f transporto priemoni\u0173 entuziastus, yra vienas apver\u010diamas pilkas transportavimo pagrindas, du skaidr\u016bs jud\u0117jimo pagrindai su tikros gumos ratais ir daugyb\u0117 magnetini\u0173 plyteli\u0173 form\u0173, padedan\u010di\u0173 konstruoti ir kurti begal\u0119 transporto priemoni\u0173 dizain\u0173. Atraskite STEAM mokym\u0105si, kai naudodamiesi magnetizmu, formomis ir spalvomis sukursite savo [&hellip;]\" \/>\n<meta property=\"og:url\" content=\"https:\/\/monti.lt\/en\/product\/connetix-rinkinys-transportas-50-el\/\" \/>\n<meta property=\"og:site_name\" content=\"Montessori \u017eaislai\" \/>\n<meta property=\"article:modified_time\" content=\"2026-03-13T11:06:07+00:00\" \/>\n<meta property=\"og:image\" content=\"https:\/\/monti.lt\/wp-content\/uploads\/2024\/11\/50-Transport-Rainbow-910x1024.jpg\" \/>\n\t<meta property=\"og:image:width\" content=\"910\" \/>\n\t<meta property=\"og:image:height\" content=\"1024\" \/>\n\t<meta property=\"og:image:type\" content=\"image\/jpeg\" \/>\n<meta name=\"twitter:card\" content=\"summary_large_image\" \/>\n<meta name=\"twitter:label1\" content=\"Est. reading time\" \/>\n\t<meta name=\"twitter:data1\" content=\"2 minutes\" \/>\n<script type=\"application\/ld+json\" class=\"yoast-schema-graph\">{\"@context\":\"https:\/\/schema.org\",\"@graph\":[{\"@type\":\"WebPage\",\"@id\":\"https:\/\/monti.lt\/product\/connetix-rinkinys-transportas-50-el\/\",\"url\":\"https:\/\/monti.lt\/product\/connetix-rinkinys-transportas-50-el\/\",\"name\":\"Connetix rinkinys \\\"transportas\\\", 50 el - Montessori \u017eaislai\",\"isPartOf\":{\"@id\":\"https:\/\/monti.lt\/#website\"},\"primaryImageOfPage\":{\"@id\":\"https:\/\/monti.lt\/product\/connetix-rinkinys-transportas-50-el\/#primaryimage\"},\"image\":{\"@id\":\"https:\/\/monti.lt\/product\/connetix-rinkinys-transportas-50-el\/#primaryimage\"},\"thumbnailUrl\":\"https:\/\/monti.lt\/wp-content\/uploads\/2024\/11\/50-Transport-Rainbow.jpg\",\"datePublished\":\"2024-11-14T11:55:48+00:00\",\"dateModified\":\"2026-03-13T11:06:07+00:00\",\"breadcrumb\":{\"@id\":\"https:\/\/monti.lt\/product\/connetix-rinkinys-transportas-50-el\/#breadcrumb\"},\"inLanguage\":\"en-US\",\"potentialAction\":[{\"@type\":\"ReadAction\",\"target\":[\"https:\/\/monti.lt\/product\/connetix-rinkinys-transportas-50-el\/\"]}]},{\"@type\":\"ImageObject\",\"inLanguage\":\"en-US\",\"@id\":\"https:\/\/monti.lt\/product\/connetix-rinkinys-transportas-50-el\/#primaryimage\",\"url\":\"https:\/\/monti.lt\/wp-content\/uploads\/2024\/11\/50-Transport-Rainbow.jpg\",\"contentUrl\":\"https:\/\/monti.lt\/wp-content\/uploads\/2024\/11\/50-Transport-Rainbow.jpg\",\"width\":1600,\"height\":1800,\"caption\":\"connetix konstruktorius\"},{\"@type\":\"BreadcrumbList\",\"@id\":\"https:\/\/monti.lt\/product\/connetix-rinkinys-transportas-50-el\/#breadcrumb\",\"itemListElement\":[{\"@type\":\"ListItem\",\"position\":1,\"name\":\"Home\",\"item\":\"https:\/\/monti.lt\/\"},{\"@type\":\"ListItem\",\"position\":2,\"name\":\"Parduotuv\u0117\",\"item\":\"https:\/\/monti.lt\/shop\/\"},{\"@type\":\"ListItem\",\"position\":3,\"name\":\"Connetix rinkinys &#8220;transportas&#8221;, 50 el\"}]},{\"@type\":\"WebSite\",\"@id\":\"https:\/\/monti.lt\/#website\",\"url\":\"https:\/\/monti.lt\/\",\"name\":\"Montessori \u017eaislai\",\"description\":\"\",\"publisher\":{\"@id\":\"https:\/\/monti.lt\/#organization\"},\"potentialAction\":[{\"@type\":\"SearchAction\",\"target\":{\"@type\":\"EntryPoint\",\"urlTemplate\":\"https:\/\/monti.lt\/?s={search_term_string}\"},\"query-input\":\"required name=search_term_string\"}],\"inLanguage\":\"en-US\"},{\"@type\":\"Organization\",\"@id\":\"https:\/\/monti.lt\/#organization\",\"name\":\"Montessori \u017eaislai\",\"url\":\"https:\/\/monti.lt\/\",\"logo\":{\"@type\":\"ImageObject\",\"inLanguage\":\"en-US\",\"@id\":\"https:\/\/monti.lt\/#\/schema\/logo\/image\/\",\"url\":\"https:\/\/monti.lt\/wp-content\/uploads\/2022\/03\/montilogo-1.png\",\"contentUrl\":\"https:\/\/monti.lt\/wp-content\/uploads\/2022\/03\/montilogo-1.png\",\"width\":512,\"height\":512,\"caption\":\"Montessori \u017eaislai\"},\"image\":{\"@id\":\"https:\/\/monti.lt\/#\/schema\/logo\/image\/\"}}]}<\/script>\n<!-- \/ Yoast SEO plugin. -->","yoast_head_json":{"title":"Connetix rinkinys \"transportas\", 50 el - Montessori \u017eaislai","robots":{"index":"index","follow":"follow","max-snippet":"max-snippet:-1","max-image-preview":"max-image-preview:large","max-video-preview":"max-video-preview:-1"},"canonical":"https:\/\/monti.lt\/en\/product\/connetix-rinkinys-transportas-50-el\/","og_locale":"en_US","og_type":"article","og_title":"Connetix rinkinys \"transportas\", 50 el - Montessori \u017eaislai","og_description":"Pasiruo\u0161kite \u012fsp\u016bdingoms transporto priemoni\u0173 pramogoms su CONNETIX transportavimo rinkiniu. \u0160iame pakete, sukurtame atsi\u017evelgiant \u012f transporto priemoni\u0173 entuziastus, yra vienas apver\u010diamas pilkas transportavimo pagrindas, du skaidr\u016bs jud\u0117jimo pagrindai su tikros gumos ratais ir daugyb\u0117 magnetini\u0173 plyteli\u0173 form\u0173, padedan\u010di\u0173 konstruoti ir kurti begal\u0119 transporto priemoni\u0173 dizain\u0173. Atraskite STEAM mokym\u0105si, kai naudodamiesi magnetizmu, formomis ir spalvomis sukursite savo [&hellip;]","og_url":"https:\/\/monti.lt\/en\/product\/connetix-rinkinys-transportas-50-el\/","og_site_name":"Montessori \u017eaislai","article_modified_time":"2026-03-13T11:06:07+00:00","og_image":[{"width":910,"height":1024,"url":"https:\/\/monti.lt\/wp-content\/uploads\/2024\/11\/50-Transport-Rainbow-910x1024.jpg","type":"image\/jpeg"}],"twitter_card":"summary_large_image","twitter_misc":{"Est. reading time":"2 minutes"},"schema":{"@context":"https:\/\/schema.org","@graph":[{"@type":"WebPage","@id":"https:\/\/monti.lt\/product\/connetix-rinkinys-transportas-50-el\/","url":"https:\/\/monti.lt\/product\/connetix-rinkinys-transportas-50-el\/","name":"Connetix rinkinys \"transportas\", 50 el - Montessori \u017eaislai","isPartOf":{"@id":"https:\/\/monti.lt\/#website"},"primaryImageOfPage":{"@id":"https:\/\/monti.lt\/product\/connetix-rinkinys-transportas-50-el\/#primaryimage"},"image":{"@id":"https:\/\/monti.lt\/product\/connetix-rinkinys-transportas-50-el\/#primaryimage"},"thumbnailUrl":"https:\/\/monti.lt\/wp-content\/uploads\/2024\/11\/50-Transport-Rainbow.jpg","datePublished":"2024-11-14T11:55:48+00:00","dateModified":"2026-03-13T11:06:07+00:00","breadcrumb":{"@id":"https:\/\/monti.lt\/product\/connetix-rinkinys-transportas-50-el\/#breadcrumb"},"inLanguage":"en-US","potentialAction":[{"@type":"ReadAction","target":["https:\/\/monti.lt\/product\/connetix-rinkinys-transportas-50-el\/"]}]},{"@type":"ImageObject","inLanguage":"en-US","@id":"https:\/\/monti.lt\/product\/connetix-rinkinys-transportas-50-el\/#primaryimage","url":"https:\/\/monti.lt\/wp-content\/uploads\/2024\/11\/50-Transport-Rainbow.jpg","contentUrl":"https:\/\/monti.lt\/wp-content\/uploads\/2024\/11\/50-Transport-Rainbow.jpg","width":1600,"height":1800,"caption":"connetix konstruktorius"},{"@type":"BreadcrumbList","@id":"https:\/\/monti.lt\/product\/connetix-rinkinys-transportas-50-el\/#breadcrumb","itemListElement":[{"@type":"ListItem","position":1,"name":"Home","item":"https:\/\/monti.lt\/"},{"@type":"ListItem","position":2,"name":"Parduotuv\u0117","item":"https:\/\/monti.lt\/shop\/"},{"@type":"ListItem","position":3,"name":"Connetix rinkinys &#8220;transportas&#8221;, 50 el"}]},{"@type":"WebSite","@id":"https:\/\/monti.lt\/#website","url":"https:\/\/monti.lt\/","name":"Montessori \u017eaislai","description":"","publisher":{"@id":"https:\/\/monti.lt\/#organization"},"potentialAction":[{"@type":"SearchAction","target":{"@type":"EntryPoint","urlTemplate":"https:\/\/monti.lt\/?s={search_term_string}"},"query-input":"required name=search_term_string"}],"inLanguage":"en-US"},{"@type":"Organization","@id":"https:\/\/monti.lt\/#organization","name":"Montessori \u017eaislai","url":"https:\/\/monti.lt\/","logo":{"@type":"ImageObject","inLanguage":"en-US","@id":"https:\/\/monti.lt\/#\/schema\/logo\/image\/","url":"https:\/\/monti.lt\/wp-content\/uploads\/2022\/03\/montilogo-1.png","contentUrl":"https:\/\/monti.lt\/wp-content\/uploads\/2022\/03\/montilogo-1.png","width":512,"height":512,"caption":"Montessori \u017eaislai"},"image":{"@id":"https:\/\/monti.lt\/#\/schema\/logo\/image\/"}}]}},"_links":{"self":[{"href":"https:\/\/monti.lt\/en\/wp-json\/wp\/v2\/product\/27377"}],"collection":[{"href":"https:\/\/monti.lt\/en\/wp-json\/wp\/v2\/product"}],"about":[{"href":"https:\/\/monti.lt\/en\/wp-json\/wp\/v2\/types\/product"}],"version-history":[{"count":1,"href":"https:\/\/monti.lt\/en\/wp-json\/wp\/v2\/product\/27377\/revisions"}],"predecessor-version":[{"id":27388,"href":"https:\/\/monti.lt\/en\/wp-json\/wp\/v2\/product\/27377\/revisions\/27388"}],"wp:featuredmedia":[{"embeddable":true,"href":"https:\/\/monti.lt\/en\/wp-json\/wp\/v2\/media\/27378"}],"wp:attachment":[{"href":"https:\/\/monti.lt\/en\/wp-json\/wp\/v2\/media?parent=27377"}],"wp:term":[{"taxonomy":"product_cat","embeddable":true,"href":"https:\/\/monti.lt\/en\/wp-json\/wp\/v2\/product_cat?post=27377"},{"taxonomy":"product_tag","embeddable":true,"href":"https:\/\/monti.lt\/en\/wp-json\/wp\/v2\/product_tag?post=27377"}],"curies":[{"name":"wp","href":"https:\/\/api.w.org\/{rel}","templated":true}]}}