{"id":27482,"date":"2024-11-15T11:34:06","date_gmt":"2024-11-15T11:34:06","guid":{"rendered":"https:\/\/monti.lt\/?post_type=product&#038;p=27482"},"modified":"2026-03-13T18:54:05","modified_gmt":"2026-03-13T18:54:05","slug":"medine-saldumynu-dezute","status":"publish","type":"product","link":"https:\/\/monti.lt\/en\/product\/medine-saldumynu-dezute\/","title":{"rendered":"Medin\u0117 saldumyn\u0173 d\u0117\u017eut\u0117"},"content":{"rendered":"<p>\u2764\ufe0f\u200d Perkelkite savo vaik\u0105 \u012f stebukling\u0105 saldumyn\u0173 pasaul\u012f su m\u016bs\u0173 mediniu konditerijos rinkiniu! \u0160is \u017eavus rinkinys &#8211; puiki proga ma\u017eajam konditeriui lavinti vaizduot\u0119 ir kulinarinius \u012fg\u016bd\u017eius gaminant gard\u017eius desertus ir skan\u0117stus.<\/p>\n\n\n\n<p>\u2795Medinis pad\u0117klas &#8211; stilingas pad\u0117klas, ant kurio galima patiekti visus saldumynus. Puikiai tinka rengti vakar\u0117lius ir \u017eaisti konditerij\u0105!<br>\u2795Medin\u0117 d\u0117\u017eut\u0117 &#8211; gra\u017ei d\u0117\u017eut\u0117 visiems priedams, kurie suteiks magijos bet kokiam vakar\u0117liui, laikyti.<br>\u2795Medinis tortas, kur\u012f galima padalyti &#8211; medinis tortas sudarytas i\u0161 dali\u0173, kurias galima atskirti ir v\u0117l sud\u0117ti. Tai leid\u017eia k\u016brybi\u0161kai \u017eaisti pjaustant ir patiekiant tort\u0105 dalimis.<br>\u2795Puodelis su \u0161auk\u0161teliu, \u0161akute ir l\u0117k\u0161tele &#8211; stilingas puodelis su pried\u0173 rinkiniu leid\u017eia ma\u017eiesiems konditeriams vakar\u0117liuose patiekti saldumyn\u0173 ir gerti \u201earbat\u0105\u201c arba \u201ekav\u0105\u201c.<br>\u2795Peilis &#8211; medinis peilis, kuriuo galima pjaustyti kai kurias g\u0117rybes, taip \u017eaidimui suteikiant tikrovi\u0161kumo.<br>\u2795Saldumynai &#8211; \u012fvair\u016bs mediniai saldumynai, kurie prad\u017eiugins kiekvien\u0105 ma\u017e\u0105j\u012f gurman\u0105. Kai kuriuos i\u0161 j\u0173 galima pjaustyti, o tai lavina vaiko rank\u0173 darbo \u012fg\u016bd\u017eius.<br>\u2795Rolada &#8211; saldus vyniotinis, kuriuo galima dalytis &#8211; puikus \u201edeserto\u201c variantas prie arbatos puodelio. Puikiai tinka \u017eaisti su pjaustymu ir \u012fvairi\u0173 form\u0173 komponavimu.<\/p>\n\n\n\n<p><\/p>","protected":false},"excerpt":{"rendered":"<p>\u2764\ufe0f\u200d Perkelkite savo vaik\u0105 \u012f stebukling\u0105 saldumyn\u0173 pasaul\u012f su m\u016bs\u0173 mediniu konditerijos rinkiniu! \u0160is \u017eavus rinkinys &#8211; puiki proga ma\u017eajam konditeriui lavinti vaizduot\u0119 ir kulinarinius \u012fg\u016bd\u017eius gaminant gard\u017eius desertus ir skan\u0117stus. \u2795Medinis pad\u0117klas &#8211; stilingas pad\u0117klas, ant kurio galima patiekti visus saldumynus. Puikiai tinka rengti vakar\u0117lius ir \u017eaisti konditerij\u0105!\u2795Medin\u0117 d\u0117\u017eut\u0117 &#8211; gra\u017ei d\u0117\u017eut\u0117 visiems priedams, [&hellip;]<\/p>","protected":false},"featured_media":27483,"template":"","meta":{"_acf_changed":false,"iawp_total_views":226},"product_cat":[216,217,191,192,84,102,93,49,39],"product_tag":[96,97,98],"class_list":{"0":"post-27482","1":"product","2":"type-product","3":"status-publish","4":"has-post-thumbnail","6":"product_cat-dovanos-4-5-metu-vaikams","7":"product_cat-dovanos-5-7-metu-vaikams","8":"product_cat-dovanos-vaikams","9":"product_cat-kaledines-dovanos-vaikams","10":"product_cat-lavinamieji-zaislai","11":"product_cat-mediniai-zaislai","12":"product_cat-vaidmenu-zaidimai","13":"product_cat-visi-zaislai","14":"product_cat-zaislai","15":"product_tag-2-m-3-m","16":"product_tag-3-m-4-m","17":"product_tag-5-m-7-m","19":"first","20":"outofstock","21":"taxable","22":"shipping-taxable","23":"purchasable","24":"product-type-simple"},"acf":[],"yoast_head":"<!-- This site is optimized with the Yoast SEO plugin v23.3 - https:\/\/yoast.com\/wordpress\/plugins\/seo\/ -->\n<title>Medin\u0117 saldumyn\u0173 d\u0117\u017eut\u0117 - Montessori \u017eaislai<\/title>\n<meta name=\"robots\" content=\"index, follow, max-snippet:-1, max-image-preview:large, max-video-preview:-1\" \/>\n<link rel=\"canonical\" href=\"https:\/\/monti.lt\/en\/product\/medine-saldumynu-dezute\/\" \/>\n<meta property=\"og:locale\" content=\"en_US\" \/>\n<meta property=\"og:type\" content=\"article\" \/>\n<meta property=\"og:title\" content=\"Medin\u0117 saldumyn\u0173 d\u0117\u017eut\u0117 - Montessori \u017eaislai\" \/>\n<meta property=\"og:description\" content=\"\u2764\ufe0f\u200d Perkelkite savo vaik\u0105 \u012f stebukling\u0105 saldumyn\u0173 pasaul\u012f su m\u016bs\u0173 mediniu konditerijos rinkiniu! \u0160is \u017eavus rinkinys &#8211; puiki proga ma\u017eajam konditeriui lavinti vaizduot\u0119 ir kulinarinius \u012fg\u016bd\u017eius gaminant gard\u017eius desertus ir skan\u0117stus. \u2795Medinis pad\u0117klas &#8211; stilingas pad\u0117klas, ant kurio galima patiekti visus saldumynus. Puikiai tinka rengti vakar\u0117lius ir \u017eaisti konditerij\u0105!\u2795Medin\u0117 d\u0117\u017eut\u0117 &#8211; gra\u017ei d\u0117\u017eut\u0117 visiems priedams, [&hellip;]\" \/>\n<meta property=\"og:url\" content=\"https:\/\/monti.lt\/en\/product\/medine-saldumynu-dezute\/\" \/>\n<meta property=\"og:site_name\" content=\"Montessori \u017eaislai\" \/>\n<meta property=\"article:modified_time\" content=\"2026-03-13T18:54:05+00:00\" \/>\n<meta property=\"og:image\" content=\"https:\/\/monti.lt\/wp-content\/uploads\/2024\/11\/ogromny-drewniany-zestaw-slodkosci-ciasto-cukiernia-zabawka-dla-dzieci-tort-2.webp\" \/>\n\t<meta property=\"og:image:width\" content=\"800\" \/>\n\t<meta property=\"og:image:height\" content=\"800\" \/>\n\t<meta property=\"og:image:type\" content=\"image\/webp\" \/>\n<meta name=\"twitter:card\" content=\"summary_large_image\" \/>\n<meta name=\"twitter:label1\" content=\"Est. reading time\" \/>\n\t<meta name=\"twitter:data1\" content=\"2 minutes\" \/>\n<script type=\"application\/ld+json\" class=\"yoast-schema-graph\">{\"@context\":\"https:\/\/schema.org\",\"@graph\":[{\"@type\":\"WebPage\",\"@id\":\"https:\/\/monti.lt\/product\/medine-saldumynu-dezute\/\",\"url\":\"https:\/\/monti.lt\/product\/medine-saldumynu-dezute\/\",\"name\":\"Medin\u0117 saldumyn\u0173 d\u0117\u017eut\u0117 - Montessori \u017eaislai\",\"isPartOf\":{\"@id\":\"https:\/\/monti.lt\/#website\"},\"primaryImageOfPage\":{\"@id\":\"https:\/\/monti.lt\/product\/medine-saldumynu-dezute\/#primaryimage\"},\"image\":{\"@id\":\"https:\/\/monti.lt\/product\/medine-saldumynu-dezute\/#primaryimage\"},\"thumbnailUrl\":\"https:\/\/monti.lt\/wp-content\/uploads\/2024\/11\/ogromny-drewniany-zestaw-slodkosci-ciasto-cukiernia-zabawka-dla-dzieci-tort-2.webp\",\"datePublished\":\"2024-11-15T11:34:06+00:00\",\"dateModified\":\"2026-03-13T18:54:05+00:00\",\"breadcrumb\":{\"@id\":\"https:\/\/monti.lt\/product\/medine-saldumynu-dezute\/#breadcrumb\"},\"inLanguage\":\"en-US\",\"potentialAction\":[{\"@type\":\"ReadAction\",\"target\":[\"https:\/\/monti.lt\/product\/medine-saldumynu-dezute\/\"]}]},{\"@type\":\"ImageObject\",\"inLanguage\":\"en-US\",\"@id\":\"https:\/\/monti.lt\/product\/medine-saldumynu-dezute\/#primaryimage\",\"url\":\"https:\/\/monti.lt\/wp-content\/uploads\/2024\/11\/ogromny-drewniany-zestaw-slodkosci-ciasto-cukiernia-zabawka-dla-dzieci-tort-2.webp\",\"contentUrl\":\"https:\/\/monti.lt\/wp-content\/uploads\/2024\/11\/ogromny-drewniany-zestaw-slodkosci-ciasto-cukiernia-zabawka-dla-dzieci-tort-2.webp\",\"width\":800,\"height\":800,\"caption\":\"medine saldumynu dezute\"},{\"@type\":\"BreadcrumbList\",\"@id\":\"https:\/\/monti.lt\/product\/medine-saldumynu-dezute\/#breadcrumb\",\"itemListElement\":[{\"@type\":\"ListItem\",\"position\":1,\"name\":\"Home\",\"item\":\"https:\/\/monti.lt\/\"},{\"@type\":\"ListItem\",\"position\":2,\"name\":\"Parduotuv\u0117\",\"item\":\"https:\/\/monti.lt\/shop\/\"},{\"@type\":\"ListItem\",\"position\":3,\"name\":\"Medin\u0117 saldumyn\u0173 d\u0117\u017eut\u0117\"}]},{\"@type\":\"WebSite\",\"@id\":\"https:\/\/monti.lt\/#website\",\"url\":\"https:\/\/monti.lt\/\",\"name\":\"Montessori \u017eaislai\",\"description\":\"\",\"publisher\":{\"@id\":\"https:\/\/monti.lt\/#organization\"},\"potentialAction\":[{\"@type\":\"SearchAction\",\"target\":{\"@type\":\"EntryPoint\",\"urlTemplate\":\"https:\/\/monti.lt\/?s={search_term_string}\"},\"query-input\":\"required name=search_term_string\"}],\"inLanguage\":\"en-US\"},{\"@type\":\"Organization\",\"@id\":\"https:\/\/monti.lt\/#organization\",\"name\":\"Montessori \u017eaislai\",\"url\":\"https:\/\/monti.lt\/\",\"logo\":{\"@type\":\"ImageObject\",\"inLanguage\":\"en-US\",\"@id\":\"https:\/\/monti.lt\/#\/schema\/logo\/image\/\",\"url\":\"https:\/\/monti.lt\/wp-content\/uploads\/2022\/03\/montilogo-1.png\",\"contentUrl\":\"https:\/\/monti.lt\/wp-content\/uploads\/2022\/03\/montilogo-1.png\",\"width\":512,\"height\":512,\"caption\":\"Montessori \u017eaislai\"},\"image\":{\"@id\":\"https:\/\/monti.lt\/#\/schema\/logo\/image\/\"}}]}<\/script>\n<!-- \/ Yoast SEO plugin. -->","yoast_head_json":{"title":"Medin\u0117 saldumyn\u0173 d\u0117\u017eut\u0117 - Montessori \u017eaislai","robots":{"index":"index","follow":"follow","max-snippet":"max-snippet:-1","max-image-preview":"max-image-preview:large","max-video-preview":"max-video-preview:-1"},"canonical":"https:\/\/monti.lt\/en\/product\/medine-saldumynu-dezute\/","og_locale":"en_US","og_type":"article","og_title":"Medin\u0117 saldumyn\u0173 d\u0117\u017eut\u0117 - Montessori \u017eaislai","og_description":"\u2764\ufe0f\u200d Perkelkite savo vaik\u0105 \u012f stebukling\u0105 saldumyn\u0173 pasaul\u012f su m\u016bs\u0173 mediniu konditerijos rinkiniu! \u0160is \u017eavus rinkinys &#8211; puiki proga ma\u017eajam konditeriui lavinti vaizduot\u0119 ir kulinarinius \u012fg\u016bd\u017eius gaminant gard\u017eius desertus ir skan\u0117stus. \u2795Medinis pad\u0117klas &#8211; stilingas pad\u0117klas, ant kurio galima patiekti visus saldumynus. Puikiai tinka rengti vakar\u0117lius ir \u017eaisti konditerij\u0105!\u2795Medin\u0117 d\u0117\u017eut\u0117 &#8211; gra\u017ei d\u0117\u017eut\u0117 visiems priedams, [&hellip;]","og_url":"https:\/\/monti.lt\/en\/product\/medine-saldumynu-dezute\/","og_site_name":"Montessori \u017eaislai","article_modified_time":"2026-03-13T18:54:05+00:00","og_image":[{"width":800,"height":800,"url":"https:\/\/monti.lt\/wp-content\/uploads\/2024\/11\/ogromny-drewniany-zestaw-slodkosci-ciasto-cukiernia-zabawka-dla-dzieci-tort-2.webp","type":"image\/webp"}],"twitter_card":"summary_large_image","twitter_misc":{"Est. reading time":"2 minutes"},"schema":{"@context":"https:\/\/schema.org","@graph":[{"@type":"WebPage","@id":"https:\/\/monti.lt\/product\/medine-saldumynu-dezute\/","url":"https:\/\/monti.lt\/product\/medine-saldumynu-dezute\/","name":"Medin\u0117 saldumyn\u0173 d\u0117\u017eut\u0117 - Montessori \u017eaislai","isPartOf":{"@id":"https:\/\/monti.lt\/#website"},"primaryImageOfPage":{"@id":"https:\/\/monti.lt\/product\/medine-saldumynu-dezute\/#primaryimage"},"image":{"@id":"https:\/\/monti.lt\/product\/medine-saldumynu-dezute\/#primaryimage"},"thumbnailUrl":"https:\/\/monti.lt\/wp-content\/uploads\/2024\/11\/ogromny-drewniany-zestaw-slodkosci-ciasto-cukiernia-zabawka-dla-dzieci-tort-2.webp","datePublished":"2024-11-15T11:34:06+00:00","dateModified":"2026-03-13T18:54:05+00:00","breadcrumb":{"@id":"https:\/\/monti.lt\/product\/medine-saldumynu-dezute\/#breadcrumb"},"inLanguage":"en-US","potentialAction":[{"@type":"ReadAction","target":["https:\/\/monti.lt\/product\/medine-saldumynu-dezute\/"]}]},{"@type":"ImageObject","inLanguage":"en-US","@id":"https:\/\/monti.lt\/product\/medine-saldumynu-dezute\/#primaryimage","url":"https:\/\/monti.lt\/wp-content\/uploads\/2024\/11\/ogromny-drewniany-zestaw-slodkosci-ciasto-cukiernia-zabawka-dla-dzieci-tort-2.webp","contentUrl":"https:\/\/monti.lt\/wp-content\/uploads\/2024\/11\/ogromny-drewniany-zestaw-slodkosci-ciasto-cukiernia-zabawka-dla-dzieci-tort-2.webp","width":800,"height":800,"caption":"medine saldumynu dezute"},{"@type":"BreadcrumbList","@id":"https:\/\/monti.lt\/product\/medine-saldumynu-dezute\/#breadcrumb","itemListElement":[{"@type":"ListItem","position":1,"name":"Home","item":"https:\/\/monti.lt\/"},{"@type":"ListItem","position":2,"name":"Parduotuv\u0117","item":"https:\/\/monti.lt\/shop\/"},{"@type":"ListItem","position":3,"name":"Medin\u0117 saldumyn\u0173 d\u0117\u017eut\u0117"}]},{"@type":"WebSite","@id":"https:\/\/monti.lt\/#website","url":"https:\/\/monti.lt\/","name":"Montessori \u017eaislai","description":"","publisher":{"@id":"https:\/\/monti.lt\/#organization"},"potentialAction":[{"@type":"SearchAction","target":{"@type":"EntryPoint","urlTemplate":"https:\/\/monti.lt\/?s={search_term_string}"},"query-input":"required name=search_term_string"}],"inLanguage":"en-US"},{"@type":"Organization","@id":"https:\/\/monti.lt\/#organization","name":"Montessori \u017eaislai","url":"https:\/\/monti.lt\/","logo":{"@type":"ImageObject","inLanguage":"en-US","@id":"https:\/\/monti.lt\/#\/schema\/logo\/image\/","url":"https:\/\/monti.lt\/wp-content\/uploads\/2022\/03\/montilogo-1.png","contentUrl":"https:\/\/monti.lt\/wp-content\/uploads\/2022\/03\/montilogo-1.png","width":512,"height":512,"caption":"Montessori \u017eaislai"},"image":{"@id":"https:\/\/monti.lt\/#\/schema\/logo\/image\/"}}]}},"_links":{"self":[{"href":"https:\/\/monti.lt\/en\/wp-json\/wp\/v2\/product\/27482"}],"collection":[{"href":"https:\/\/monti.lt\/en\/wp-json\/wp\/v2\/product"}],"about":[{"href":"https:\/\/monti.lt\/en\/wp-json\/wp\/v2\/types\/product"}],"version-history":[{"count":1,"href":"https:\/\/monti.lt\/en\/wp-json\/wp\/v2\/product\/27482\/revisions"}],"predecessor-version":[{"id":27488,"href":"https:\/\/monti.lt\/en\/wp-json\/wp\/v2\/product\/27482\/revisions\/27488"}],"wp:featuredmedia":[{"embeddable":true,"href":"https:\/\/monti.lt\/en\/wp-json\/wp\/v2\/media\/27483"}],"wp:attachment":[{"href":"https:\/\/monti.lt\/en\/wp-json\/wp\/v2\/media?parent=27482"}],"wp:term":[{"taxonomy":"product_cat","embeddable":true,"href":"https:\/\/monti.lt\/en\/wp-json\/wp\/v2\/product_cat?post=27482"},{"taxonomy":"product_tag","embeddable":true,"href":"https:\/\/monti.lt\/en\/wp-json\/wp\/v2\/product_tag?post=27482"}],"curies":[{"name":"wp","href":"https:\/\/api.w.org\/{rel}","templated":true}]}}