{"id":27734,"date":"2024-11-20T07:39:47","date_gmt":"2024-11-20T07:39:47","guid":{"rendered":"https:\/\/monti.lt\/?post_type=product&#038;p=27734"},"modified":"2026-05-14T07:11:27","modified_gmt":"2026-05-14T07:11:27","slug":"medines-kaladeles-dezuteje-miestas","status":"publish","type":"product","link":"https:\/\/monti.lt\/en\/product\/medines-kaladeles-dezuteje-miestas\/","title":{"rendered":"Medin\u0117s kalad\u0117l\u0117s d\u0117\u017eut\u0117je &#8220;Miestas&#8221;"},"content":{"rendered":"<ul class=\"wp-block-list\">\n<li><strong>K\u016aRYBINGI IR LINKSMINGAI<\/strong>\u00a0\u2013 D\u0117l \u012fvairi\u0173 kvartal\u0173 vaikai gali statyti \u012fvairius miesto statinius,\u00a0<strong>kurti savo miesto maketus<\/strong>\u00a0. Jie gali planuoti ir projektuoti gatves, statyti pastatus ir \u012frengti erdv\u0119 pagal savo id\u0117jas.<\/li>\n\n\n\n<li><strong>MOTORINI\u0172 IR K\u016aRYBINI\u0172 GEB\u0116JIM\u0172 UGDYMAS\u00a0<\/strong>\u2013 d\u0117l form\u0173 \u012fvairov\u0117s ir galimyb\u0117s statyti savo konstrukcijas,\u00a0<strong>vaikai lavina savo rankinius \u012fg\u016bd\u017eius, mokosi tikslumo ir rank\u0173-aki\u0173 koordinacijos<\/strong>\u00a0. Savo miesto plan\u0173 k\u016brimas\u00a0<strong>skatina k\u016brybin\u012f m\u0105stym\u0105<\/strong>\u00a0, skatina planuoti, eksperimentuoti ir reik\u0161ti savo id\u0117jas.<\/li>\n\n\n\n<li><strong>LINKSMUMAS DAUGIAMS VAIK\u0172\u00a0<\/strong>\u2013 rinkinys puikiai tinka \u017eaisti kartu, eh\u00a0<strong>lavina socialinius ir bendravimo \u012fg\u016bd\u017eius<\/strong>\u00a0. \u017daisdami miesto gyvenimo scenas vaikai papildomai su\u017eino apie \u012fvairi\u0173 infrastrukt\u016bros element\u0173 funkcionavim\u0105.<\/li>\n\n\n\n<li><strong>MEDIN\u0116 MED\u017dIAGA<\/strong>\u00a0&#8211; kalad\u0117l\u0117s pagamintos i\u0161 auk\u0161tos kokyb\u0117s medienos, kuri u\u017etikrina ilgaam\u017ei\u0161kum\u0105 ir saugum\u0105. Yra mediena\u00a0<strong>kruop\u0161\u010diai \u0161lifuoti, o visi kra\u0161tai suapvalinti<\/strong>\u00a0, tod\u0117l i\u0161vengiama \u012fpjovim\u0173. Blokeliai nuda\u017eyti netoksi\u0161kais da\u017eais, tod\u0117l yra saug\u016bs vaikams.<\/li>\n\n\n\n<li><strong>SPECIFIKACIJA<\/strong>\u00a0\u2013 prek\u0117s \u017eenklas: Kruzzel; med\u017eiaga: mediena, MDF, gele\u017eis; blok\u0173 skai\u010dius: 115; d\u0117lion\u0117s kilim\u0117lis: 20 vnt; matmenys: plotis x gylis: 54 x 42 cm; galimyb\u0117 sutvarkyti pastatus: bankas, mokykla, knygynas, policija, ligonin\u0117, ugniagesiai, prekybos centras, muziejus, kavin\u0117; automobiliai: 7 transporto priemon\u0117s (gaisrin\u0117, policija, greitoji pagalba, taksi, mal\u016bnsparnis, mokyklinis autobusas, automobilis); 6 med\u017eiai, 2 \u017eenklai, 2 \u017eibintai; svoris: 2,265 kg; svoris pakuot\u0117je: 2,33 kg.\u00a0<\/li>\n<\/ul>\n\n\n\n<p><strong>RINKIN\u0116S SPECIFIKACIJOS:<\/strong><\/p>\n\n\n\n<ul class=\"wp-block-list\">\n<li>Prekinis \u017eenklas: Kruzzel<\/li>\n\n\n\n<li>med\u017eiaga: mediena, MDF, gele\u017eis<\/li>\n\n\n\n<li>blok\u0173 skai\u010dius: 115<\/li>\n\n\n\n<li>d\u0117lion\u0117s kilim\u0117lis: 20 vnt<\/li>\n\n\n\n<li>galimyb\u0117 sutvarkyti pastatus: bankas, mokykla, knygynas, policija, ligonin\u0117, gaisrin\u0117, prekybos centras, muziejus, kavin\u0117<\/li>\n\n\n\n<li>matmenys: plotis x gylis: 54 x 42 cm<\/li>\n\n\n\n<li>svoris: 2,265 kg<\/li>\n\n\n\n<li>svoris pakuot\u0117je: 2,33 kg<\/li>\n<\/ul>\n\n\n\n<p><strong>\u012eSKAI\u010cIUOTA:<\/strong><\/p>\n\n\n\n<ul class=\"wp-block-list\">\n<li>blokai: 115<\/li>\n\n\n\n<li>d\u0117lion\u0117s kilim\u0117lis: 20 vnt<\/li>\n\n\n\n<li>automobiliai: 7 transporto priemon\u0117s (gaisrin\u0117, policija, greitoji pagalba, taksi, mal\u016bnsparnis, mokyklinis autobusas, automobilis)<\/li>\n\n\n\n<li>6 med\u017eiai<\/li>\n\n\n\n<li>2 simboliai<\/li>\n\n\n\n<li>2 \u017eibintai<\/li>\n<\/ul>","protected":false},"excerpt":{"rendered":"<p>RINKIN\u0116S SPECIFIKACIJOS: \u012eSKAI\u010cIUOTA:<\/p>","protected":false},"featured_media":27735,"template":"","meta":{"_acf_changed":false,"iawp_total_views":521},"product_cat":[92,194,195,191,192,248,84,102,90,49,39],"product_tag":[96,97],"class_list":{"0":"post-27734","1":"product","2":"type-product","3":"status-publish","4":"has-post-thumbnail","6":"product_cat-deliones","7":"product_cat-dovanos-vaikams-2-3-metu","8":"product_cat-dovanos-vaikams-3-4-metu","9":"product_cat-dovanos-vaikams","10":"product_cat-kaledines-dovanos-vaikams","11":"product_cat-kruzzel","12":"product_cat-lavinamieji-zaislai","13":"product_cat-mediniai-zaislai","14":"product_cat-pasaulio-pazinimas","15":"product_cat-visi-zaislai","16":"product_cat-zaislai","17":"product_tag-2-m-3-m","18":"product_tag-3-m-4-m","20":"first","21":"instock","22":"taxable","23":"shipping-taxable","24":"purchasable","25":"product-type-simple"},"acf":[],"yoast_head":"<!-- This site is optimized with the Yoast SEO plugin v23.3 - https:\/\/yoast.com\/wordpress\/plugins\/seo\/ -->\n<title>Medin\u0117s kalad\u0117l\u0117s d\u0117\u017eut\u0117je &quot;Miestas&quot; - Montessori \u017eaislai<\/title>\n<meta name=\"robots\" content=\"index, follow, max-snippet:-1, max-image-preview:large, max-video-preview:-1\" \/>\n<link rel=\"canonical\" href=\"https:\/\/monti.lt\/en\/product\/medines-kaladeles-dezuteje-miestas\/\" \/>\n<meta property=\"og:locale\" content=\"en_US\" \/>\n<meta property=\"og:type\" content=\"article\" \/>\n<meta property=\"og:title\" content=\"Medin\u0117s kalad\u0117l\u0117s d\u0117\u017eut\u0117je &quot;Miestas&quot; - Montessori \u017eaislai\" \/>\n<meta property=\"og:description\" content=\"RINKIN\u0116S SPECIFIKACIJOS: \u012eSKAI\u010cIUOTA:\" \/>\n<meta property=\"og:url\" content=\"https:\/\/monti.lt\/en\/product\/medines-kaladeles-dezuteje-miestas\/\" \/>\n<meta property=\"og:site_name\" content=\"Montessori \u017eaislai\" \/>\n<meta property=\"article:modified_time\" content=\"2026-05-14T07:11:27+00:00\" \/>\n<meta property=\"og:image\" content=\"https:\/\/monti.lt\/wp-content\/uploads\/2024\/11\/lit_pl_Medines-kaladeles-115-vnt-miestas-23519-17851_14.jpg\" \/>\n\t<meta property=\"og:image:width\" content=\"500\" \/>\n\t<meta property=\"og:image:height\" content=\"500\" \/>\n\t<meta property=\"og:image:type\" content=\"image\/jpeg\" \/>\n<meta name=\"twitter:card\" content=\"summary_large_image\" \/>\n<meta name=\"twitter:label1\" content=\"Est. reading time\" \/>\n\t<meta name=\"twitter:data1\" content=\"2 minutes\" \/>\n<script type=\"application\/ld+json\" class=\"yoast-schema-graph\">{\"@context\":\"https:\/\/schema.org\",\"@graph\":[{\"@type\":\"WebPage\",\"@id\":\"https:\/\/monti.lt\/product\/medines-kaladeles-dezuteje-miestas\/\",\"url\":\"https:\/\/monti.lt\/product\/medines-kaladeles-dezuteje-miestas\/\",\"name\":\"Medin\u0117s kalad\u0117l\u0117s d\u0117\u017eut\u0117je \\\"Miestas\\\" - Montessori \u017eaislai\",\"isPartOf\":{\"@id\":\"https:\/\/monti.lt\/#website\"},\"primaryImageOfPage\":{\"@id\":\"https:\/\/monti.lt\/product\/medines-kaladeles-dezuteje-miestas\/#primaryimage\"},\"image\":{\"@id\":\"https:\/\/monti.lt\/product\/medines-kaladeles-dezuteje-miestas\/#primaryimage\"},\"thumbnailUrl\":\"https:\/\/monti.lt\/wp-content\/uploads\/2024\/11\/lit_pl_Medines-kaladeles-115-vnt-miestas-23519-17851_14.jpg\",\"datePublished\":\"2024-11-20T07:39:47+00:00\",\"dateModified\":\"2026-05-14T07:11:27+00:00\",\"breadcrumb\":{\"@id\":\"https:\/\/monti.lt\/product\/medines-kaladeles-dezuteje-miestas\/#breadcrumb\"},\"inLanguage\":\"en-US\",\"potentialAction\":[{\"@type\":\"ReadAction\",\"target\":[\"https:\/\/monti.lt\/product\/medines-kaladeles-dezuteje-miestas\/\"]}]},{\"@type\":\"ImageObject\",\"inLanguage\":\"en-US\",\"@id\":\"https:\/\/monti.lt\/product\/medines-kaladeles-dezuteje-miestas\/#primaryimage\",\"url\":\"https:\/\/monti.lt\/wp-content\/uploads\/2024\/11\/lit_pl_Medines-kaladeles-115-vnt-miestas-23519-17851_14.jpg\",\"contentUrl\":\"https:\/\/monti.lt\/wp-content\/uploads\/2024\/11\/lit_pl_Medines-kaladeles-115-vnt-miestas-23519-17851_14.jpg\",\"width\":500,\"height\":500,\"caption\":\"medines kaladeles miestas\"},{\"@type\":\"BreadcrumbList\",\"@id\":\"https:\/\/monti.lt\/product\/medines-kaladeles-dezuteje-miestas\/#breadcrumb\",\"itemListElement\":[{\"@type\":\"ListItem\",\"position\":1,\"name\":\"Home\",\"item\":\"https:\/\/monti.lt\/\"},{\"@type\":\"ListItem\",\"position\":2,\"name\":\"Parduotuv\u0117\",\"item\":\"https:\/\/monti.lt\/shop\/\"},{\"@type\":\"ListItem\",\"position\":3,\"name\":\"Medin\u0117s kalad\u0117l\u0117s d\u0117\u017eut\u0117je &#8220;Miestas&#8221;\"}]},{\"@type\":\"WebSite\",\"@id\":\"https:\/\/monti.lt\/#website\",\"url\":\"https:\/\/monti.lt\/\",\"name\":\"Montessori \u017eaislai\",\"description\":\"\",\"publisher\":{\"@id\":\"https:\/\/monti.lt\/#organization\"},\"potentialAction\":[{\"@type\":\"SearchAction\",\"target\":{\"@type\":\"EntryPoint\",\"urlTemplate\":\"https:\/\/monti.lt\/?s={search_term_string}\"},\"query-input\":\"required name=search_term_string\"}],\"inLanguage\":\"en-US\"},{\"@type\":\"Organization\",\"@id\":\"https:\/\/monti.lt\/#organization\",\"name\":\"Montessori \u017eaislai\",\"url\":\"https:\/\/monti.lt\/\",\"logo\":{\"@type\":\"ImageObject\",\"inLanguage\":\"en-US\",\"@id\":\"https:\/\/monti.lt\/#\/schema\/logo\/image\/\",\"url\":\"https:\/\/monti.lt\/wp-content\/uploads\/2022\/03\/montilogo-1.png\",\"contentUrl\":\"https:\/\/monti.lt\/wp-content\/uploads\/2022\/03\/montilogo-1.png\",\"width\":512,\"height\":512,\"caption\":\"Montessori \u017eaislai\"},\"image\":{\"@id\":\"https:\/\/monti.lt\/#\/schema\/logo\/image\/\"}}]}<\/script>\n<!-- \/ Yoast SEO plugin. -->","yoast_head_json":{"title":"Medin\u0117s kalad\u0117l\u0117s d\u0117\u017eut\u0117je \"Miestas\" - Montessori \u017eaislai","robots":{"index":"index","follow":"follow","max-snippet":"max-snippet:-1","max-image-preview":"max-image-preview:large","max-video-preview":"max-video-preview:-1"},"canonical":"https:\/\/monti.lt\/en\/product\/medines-kaladeles-dezuteje-miestas\/","og_locale":"en_US","og_type":"article","og_title":"Medin\u0117s kalad\u0117l\u0117s d\u0117\u017eut\u0117je \"Miestas\" - Montessori \u017eaislai","og_description":"RINKIN\u0116S SPECIFIKACIJOS: \u012eSKAI\u010cIUOTA:","og_url":"https:\/\/monti.lt\/en\/product\/medines-kaladeles-dezuteje-miestas\/","og_site_name":"Montessori \u017eaislai","article_modified_time":"2026-05-14T07:11:27+00:00","og_image":[{"width":500,"height":500,"url":"https:\/\/monti.lt\/wp-content\/uploads\/2024\/11\/lit_pl_Medines-kaladeles-115-vnt-miestas-23519-17851_14.jpg","type":"image\/jpeg"}],"twitter_card":"summary_large_image","twitter_misc":{"Est. reading time":"2 minutes"},"schema":{"@context":"https:\/\/schema.org","@graph":[{"@type":"WebPage","@id":"https:\/\/monti.lt\/product\/medines-kaladeles-dezuteje-miestas\/","url":"https:\/\/monti.lt\/product\/medines-kaladeles-dezuteje-miestas\/","name":"Medin\u0117s kalad\u0117l\u0117s d\u0117\u017eut\u0117je \"Miestas\" - Montessori \u017eaislai","isPartOf":{"@id":"https:\/\/monti.lt\/#website"},"primaryImageOfPage":{"@id":"https:\/\/monti.lt\/product\/medines-kaladeles-dezuteje-miestas\/#primaryimage"},"image":{"@id":"https:\/\/monti.lt\/product\/medines-kaladeles-dezuteje-miestas\/#primaryimage"},"thumbnailUrl":"https:\/\/monti.lt\/wp-content\/uploads\/2024\/11\/lit_pl_Medines-kaladeles-115-vnt-miestas-23519-17851_14.jpg","datePublished":"2024-11-20T07:39:47+00:00","dateModified":"2026-05-14T07:11:27+00:00","breadcrumb":{"@id":"https:\/\/monti.lt\/product\/medines-kaladeles-dezuteje-miestas\/#breadcrumb"},"inLanguage":"en-US","potentialAction":[{"@type":"ReadAction","target":["https:\/\/monti.lt\/product\/medines-kaladeles-dezuteje-miestas\/"]}]},{"@type":"ImageObject","inLanguage":"en-US","@id":"https:\/\/monti.lt\/product\/medines-kaladeles-dezuteje-miestas\/#primaryimage","url":"https:\/\/monti.lt\/wp-content\/uploads\/2024\/11\/lit_pl_Medines-kaladeles-115-vnt-miestas-23519-17851_14.jpg","contentUrl":"https:\/\/monti.lt\/wp-content\/uploads\/2024\/11\/lit_pl_Medines-kaladeles-115-vnt-miestas-23519-17851_14.jpg","width":500,"height":500,"caption":"medines kaladeles miestas"},{"@type":"BreadcrumbList","@id":"https:\/\/monti.lt\/product\/medines-kaladeles-dezuteje-miestas\/#breadcrumb","itemListElement":[{"@type":"ListItem","position":1,"name":"Home","item":"https:\/\/monti.lt\/"},{"@type":"ListItem","position":2,"name":"Parduotuv\u0117","item":"https:\/\/monti.lt\/shop\/"},{"@type":"ListItem","position":3,"name":"Medin\u0117s kalad\u0117l\u0117s d\u0117\u017eut\u0117je &#8220;Miestas&#8221;"}]},{"@type":"WebSite","@id":"https:\/\/monti.lt\/#website","url":"https:\/\/monti.lt\/","name":"Montessori \u017eaislai","description":"","publisher":{"@id":"https:\/\/monti.lt\/#organization"},"potentialAction":[{"@type":"SearchAction","target":{"@type":"EntryPoint","urlTemplate":"https:\/\/monti.lt\/?s={search_term_string}"},"query-input":"required name=search_term_string"}],"inLanguage":"en-US"},{"@type":"Organization","@id":"https:\/\/monti.lt\/#organization","name":"Montessori \u017eaislai","url":"https:\/\/monti.lt\/","logo":{"@type":"ImageObject","inLanguage":"en-US","@id":"https:\/\/monti.lt\/#\/schema\/logo\/image\/","url":"https:\/\/monti.lt\/wp-content\/uploads\/2022\/03\/montilogo-1.png","contentUrl":"https:\/\/monti.lt\/wp-content\/uploads\/2022\/03\/montilogo-1.png","width":512,"height":512,"caption":"Montessori \u017eaislai"},"image":{"@id":"https:\/\/monti.lt\/#\/schema\/logo\/image\/"}}]}},"_links":{"self":[{"href":"https:\/\/monti.lt\/en\/wp-json\/wp\/v2\/product\/27734"}],"collection":[{"href":"https:\/\/monti.lt\/en\/wp-json\/wp\/v2\/product"}],"about":[{"href":"https:\/\/monti.lt\/en\/wp-json\/wp\/v2\/types\/product"}],"version-history":[{"count":1,"href":"https:\/\/monti.lt\/en\/wp-json\/wp\/v2\/product\/27734\/revisions"}],"predecessor-version":[{"id":27739,"href":"https:\/\/monti.lt\/en\/wp-json\/wp\/v2\/product\/27734\/revisions\/27739"}],"wp:featuredmedia":[{"embeddable":true,"href":"https:\/\/monti.lt\/en\/wp-json\/wp\/v2\/media\/27735"}],"wp:attachment":[{"href":"https:\/\/monti.lt\/en\/wp-json\/wp\/v2\/media?parent=27734"}],"wp:term":[{"taxonomy":"product_cat","embeddable":true,"href":"https:\/\/monti.lt\/en\/wp-json\/wp\/v2\/product_cat?post=27734"},{"taxonomy":"product_tag","embeddable":true,"href":"https:\/\/monti.lt\/en\/wp-json\/wp\/v2\/product_tag?post=27734"}],"curies":[{"name":"wp","href":"https:\/\/api.w.org\/{rel}","templated":true}]}}