{"id":27740,"date":"2024-11-20T07:44:40","date_gmt":"2024-11-20T07:44:40","guid":{"rendered":"https:\/\/monti.lt\/?post_type=product&#038;p=27740"},"modified":"2026-05-08T05:28:05","modified_gmt":"2026-05-08T05:28:05","slug":"minkstos-kaladeles-kudikiams-kruzzel","status":"publish","type":"product","link":"https:\/\/monti.lt\/en\/product\/minkstos-kaladeles-kudikiams-kruzzel\/","title":{"rendered":"Mink\u0161tos kalad\u0117l\u0117s k\u016bdikiams &#8220;Kruzzel&#8221;"},"content":{"rendered":"<ul class=\"wp-block-list\">\n<li><strong>AUK\u0160TOS KOKYB\u0116S SAUGI MED\u017dIAGA<\/strong>\u00a0\u2013 mink\u0161ti sensoriniai blokeliai pagaminti vien i\u0161\u00a0<strong>auk\u0161tos kokyb\u0117s mink\u0161ta PVC med\u017eiaga<\/strong>\u00a0, kuri garantuoja j\u0173 ilgaam\u017ei\u0161kum\u0105\u00a0<strong>ilgaam\u017ei\u0161kumas ir naudojimo saugumas<\/strong>\u00a0.\u00a0<strong>Skirtos vyresniems nei 6 m\u0117nesi\u0173 vaikams<\/strong>\u00a0, jie yra visi\u0161kai saug\u016bs,\u00a0tod\u0117l\u00a0<strong>be kenksming\u0173 med\u017eiag\u0173<\/strong>\u00a0<strong>jie gali atlikti funkcij\u0105<\/strong>\u00a0tiek<strong>\u00a0\u017eaislai,<\/strong>\u00a0K\u0105\u00a0<strong>dantis<\/strong>\u00a0.\u00a0<strong>Mink\u0161tas, lankstus dizainas<\/strong>\u00a0kalad\u0117les padaro patogias vaikams \u2013 jas galite naudoti be r\u016bpes\u010di\u0173\u00a0<strong>suspausti, minkyti ar net \u012fk\u0105sti<\/strong>\u00a0.\u00a0<strong>\u0160velnios \u017eem\u0117s spalvos,<\/strong>\u00a0kurioje jie pagaminti, jie yra\u00a0<strong>\u0161velnus akims ir pad\u0117ti vaikui nusiraminti<\/strong>\u00a0, tod\u0117l \u017eaidimas tampa dar malonesnis.<\/li>\n\n\n\n<li><strong>FUNKCIONALUMAS<\/strong>\u00a0&#8211; komplektas\u00a0<strong>susideda i\u0161 12 element\u0173 ir koala lokio\u00a0<\/strong>kuriuos galima d\u0117ti ant kalad\u0117li\u0173.\u00a0<strong>6 mink\u0161ti ir lankst\u016bs blokeliai<\/strong>\u00a0, galintys atlikti daugyb\u0119 funkcij\u0173. Kiekvienas blokas veikia kaip\u00a0<strong>squeaker \u2013 suspaudus, susmulkinus ar \u012fkandus<\/strong>\u00a0i\u0161 j\u0173 vidaus sklinda subtilus garsas, k\u0105\u00a0<strong>patraukia vaiko d\u0117mes\u012f<\/strong>\u00a0ir papildomai\u00a0<strong>stimuliuoja klausos jausm\u0105<\/strong>\u00a0.\u00a0<strong>I\u0161gaubti elementai blokeli\u0173 pavir\u0161iuje palaiko lyt\u0117jimo poj\u016b\u010dio vystym\u0105si<\/strong>\u00a0, suteikdami&#8230;\u00a0<strong>\u012fvair\u016bs jutiminiai i\u0161gyvenimai.<\/strong>\u00a0Ant blokeli\u0173 sien\u0173 yra \u012fvairi\u0173 ra\u0161t\u0173:\u00a0<strong>raid\u0117s, gyv\u016bnai, vaisiai skai\u010diais nuo 1 iki 6 ir skai\u010diai,<\/strong>\u00a0tai palengvina j\u016bs\u0173 ma\u017eyliui \u012fdomiu ir lavinamuoju b\u016bdu ankstyvame am\u017eiuje pa\u017einti pasaul\u012f. Blokai yra\u00a0<strong>puikiai tinka krauti<\/strong>\u00a0, galite juos naudoti\u00a0<strong>statykite bok\u0161tus, derindami atitinkamas formas prie skyli\u0173<\/strong>\u00a0, o tai lavina \u012fg\u016bd\u017eius\u00a0<strong>loginis m\u0105stymas ir aki\u0173-rank\u0173 koordinacija.<\/strong><\/li>\n\n\n\n<li><strong>Universalumas<\/strong>\u00a0\u2013 neskaitant blokeli\u0173,\u00a0<strong>rinkinyje yra 6 skirting\u0173 tekst\u016br\u0173, spalv\u0173 ir diametr\u0173 sensoriniai diskai.<\/strong>\u00a0Visi\u00a0<strong>diskas turi \u012fdubas ir \u012fdubas<\/strong>\u00a0, kurios suteikia\u00a0<strong>\u012fvair\u016bs lyt\u0117jimo poj\u016b\u010diai, skatinantys lyt\u0117jimo poj\u016bt\u012f<\/strong>\u00a0vaikas. Kaip kalad\u0117l\u0117s,\u00a0<strong>Suspaudus diskai skleid\u017eia \u0161veln\u0173 girg\u017ed\u0117jim\u0105<\/strong>\u00a0, \u012fvairiais b\u016bdais \u012ftraukdami k\u016bdik\u012f. Vaikai gali statyti<strong>\u00a0rituli\u0173 bok\u0161tai<\/strong>\u00a0, kuriems reikia susikaupimo ir tikslumo, ir jie gali pastatyti miel\u0105 bok\u0161t\u0105 bok\u0161to vir\u0161uje\u00a0<strong>koala lokys<\/strong>\u00a0. D\u0117l to<strong>\u00a0\u017daidimas su diskais skatina lavinti regos ir klausos koordinacij\u0105, smulki\u0105j\u0105 motorik\u0105 ir rank\u0173 \u012fg\u016bd\u017eius<\/strong>\u00a0.<\/li>\n\n\n\n<li><strong>PALAIKANT VEIDIM\u0104 IR LENGVAI VALYTI<\/strong>\u00a0\u2013 sensoriniai blokai ir diskai yra itin\u00a0<strong>lengva palaikyti \u0161var\u0105<\/strong>\u00a0\u2013 tiesiog nuplaukite juos po tekan\u010diu vandeniu, naudodami \u0161velni\u0105 valymo priemon\u0119. \u0160is \u017eaislas daro daugiau nei tai\u00a0<strong>tai teikia d\u017eiaugsmo ma\u017eyliui<\/strong>\u00a0, bet taip pat\u00a0<strong>palaiko jo vystym\u0105si\u00a0<\/strong>daugeliu lygi\u0173. Padeda\u00a0<strong>ugdyti suvokimo \u012fg\u016bd\u017eius<\/strong>\u00a0, o tai labai svarbu\u00a0<strong>ankstyvas motorinis vystymasis<\/strong>\u00a0ir papildomai\u00a0<strong>stimuliuoja poj\u016b\u010dius<\/strong>\u00a0pateik\u0117\u00a0<strong>gausyb\u0117 lyt\u0117jimo, klausos ir vaizdin\u0117s patirties<\/strong>\u00a0. \u0160is rinkinys padeda\u00a0<strong>lavina motorin\u0119 koordinacij\u0105, moko kantryb\u0117s ir tikslumo<\/strong>\u00a0, suteikia vaikui ilgas k\u016brybin\u0117s pramogos valandas.<\/li>\n\n\n\n<li><strong>SPECIFIKACIJOS &#8211;\u00a0<\/strong>spalva: daugiaspalvis; med\u017eiaga: PVC; tipas: bok\u0161tas + kubeliai; matmenys: 11 x 9,5 cm; svoris: 0,46 kg; svoris pakuot\u0117je: 0,64 kg.\u00a0<\/li>\n<\/ul>\n\n\n\n<p><strong>RINKIN\u0116S SPECIFIKACIJOS:<\/strong><\/p>\n\n\n\n<ul class=\"wp-block-list\">\n<li>spalva: \u012fvairiaspalv\u0117<\/li>\n\n\n\n<li>Med\u017eiaga: PVC<\/li>\n\n\n\n<li>tipas: bok\u0161tas + kubeliai<\/li>\n\n\n\n<li>matmenys: 11 x 9,5 cm<\/li>\n\n\n\n<li>svoris: 0,46 kg<\/li>\n\n\n\n<li>svoris pakuot\u0117je: 0,64 kg<\/li>\n<\/ul>\n\n\n\n<p><strong>\u012eSKAI\u010cIUOTA:<\/strong><\/p>\n\n\n\n<ul class=\"wp-block-list\">\n<li>koala<\/li>\n\n\n\n<li>6 diskai<\/li>\n\n\n\n<li>6 kubeliai<\/li>\n<\/ul>","protected":false},"excerpt":{"rendered":"<p>RINKIN\u0116S SPECIFIKACIJOS: \u012eSKAI\u010cIUOTA:<\/p>","protected":false},"featured_media":27741,"template":"","meta":{"_acf_changed":false,"iawp_total_views":497},"product_cat":[200,191,248,84,88,90,86,49,39],"product_tag":[94],"class_list":{"0":"post-27740","1":"product","2":"type-product","3":"status-publish","4":"has-post-thumbnail","6":"product_cat-dovanos-kudikiams","7":"product_cat-dovanos-vaikams","8":"product_cat-kruzzel","9":"product_cat-lavinamieji-zaislai","10":"product_cat-mokausi-zaisti","11":"product_cat-pasaulio-pazinimas","12":"product_cat-smulkioji-motorika","13":"product_cat-visi-zaislai","14":"product_cat-zaislai","15":"product_tag-iki-1-m","17":"first","18":"instock","19":"sale","20":"taxable","21":"shipping-taxable","22":"purchasable","23":"product-type-simple"},"acf":[],"yoast_head":"<!-- This site is optimized with the Yoast SEO plugin v23.3 - https:\/\/yoast.com\/wordpress\/plugins\/seo\/ -->\n<title>Mink\u0161tos kalad\u0117l\u0117s k\u016bdikiams &quot;Kruzzel&quot; - Montessori \u017eaislai<\/title>\n<meta name=\"robots\" content=\"index, follow, max-snippet:-1, max-image-preview:large, max-video-preview:-1\" \/>\n<link rel=\"canonical\" href=\"https:\/\/monti.lt\/en\/product\/minkstos-kaladeles-kudikiams-kruzzel\/\" \/>\n<meta property=\"og:locale\" content=\"en_US\" \/>\n<meta property=\"og:type\" content=\"article\" \/>\n<meta property=\"og:title\" content=\"Mink\u0161tos kalad\u0117l\u0117s k\u016bdikiams &quot;Kruzzel&quot; - Montessori \u017eaislai\" \/>\n<meta property=\"og:description\" content=\"RINKIN\u0116S SPECIFIKACIJOS: \u012eSKAI\u010cIUOTA:\" \/>\n<meta property=\"og:url\" content=\"https:\/\/monti.lt\/en\/product\/minkstos-kaladeles-kudikiams-kruzzel\/\" \/>\n<meta property=\"og:site_name\" content=\"Montessori \u017eaislai\" \/>\n<meta property=\"article:modified_time\" content=\"2026-05-08T05:28:05+00:00\" \/>\n<meta property=\"og:image\" content=\"https:\/\/monti.lt\/wp-content\/uploads\/2024\/11\/lit_pl_Minkstos-sensorines-kaladeles-13-vnt-Kruzzel-24812-17884_11.jpg\" \/>\n\t<meta property=\"og:image:width\" content=\"500\" \/>\n\t<meta property=\"og:image:height\" content=\"500\" \/>\n\t<meta property=\"og:image:type\" content=\"image\/jpeg\" \/>\n<meta name=\"twitter:card\" content=\"summary_large_image\" \/>\n<meta name=\"twitter:label1\" content=\"Est. reading time\" \/>\n\t<meta name=\"twitter:data1\" content=\"3 minutes\" \/>\n<script type=\"application\/ld+json\" class=\"yoast-schema-graph\">{\"@context\":\"https:\/\/schema.org\",\"@graph\":[{\"@type\":\"WebPage\",\"@id\":\"https:\/\/monti.lt\/product\/minkstos-kaladeles-kudikiams-kruzzel\/\",\"url\":\"https:\/\/monti.lt\/product\/minkstos-kaladeles-kudikiams-kruzzel\/\",\"name\":\"Mink\u0161tos kalad\u0117l\u0117s k\u016bdikiams \\\"Kruzzel\\\" - Montessori \u017eaislai\",\"isPartOf\":{\"@id\":\"https:\/\/monti.lt\/#website\"},\"primaryImageOfPage\":{\"@id\":\"https:\/\/monti.lt\/product\/minkstos-kaladeles-kudikiams-kruzzel\/#primaryimage\"},\"image\":{\"@id\":\"https:\/\/monti.lt\/product\/minkstos-kaladeles-kudikiams-kruzzel\/#primaryimage\"},\"thumbnailUrl\":\"https:\/\/monti.lt\/wp-content\/uploads\/2024\/11\/lit_pl_Minkstos-sensorines-kaladeles-13-vnt-Kruzzel-24812-17884_11.jpg\",\"datePublished\":\"2024-11-20T07:44:40+00:00\",\"dateModified\":\"2026-05-08T05:28:05+00:00\",\"breadcrumb\":{\"@id\":\"https:\/\/monti.lt\/product\/minkstos-kaladeles-kudikiams-kruzzel\/#breadcrumb\"},\"inLanguage\":\"en-US\",\"potentialAction\":[{\"@type\":\"ReadAction\",\"target\":[\"https:\/\/monti.lt\/product\/minkstos-kaladeles-kudikiams-kruzzel\/\"]}]},{\"@type\":\"ImageObject\",\"inLanguage\":\"en-US\",\"@id\":\"https:\/\/monti.lt\/product\/minkstos-kaladeles-kudikiams-kruzzel\/#primaryimage\",\"url\":\"https:\/\/monti.lt\/wp-content\/uploads\/2024\/11\/lit_pl_Minkstos-sensorines-kaladeles-13-vnt-Kruzzel-24812-17884_11.jpg\",\"contentUrl\":\"https:\/\/monti.lt\/wp-content\/uploads\/2024\/11\/lit_pl_Minkstos-sensorines-kaladeles-13-vnt-Kruzzel-24812-17884_11.jpg\",\"width\":500,\"height\":500,\"caption\":\"dovana kudikiams\"},{\"@type\":\"BreadcrumbList\",\"@id\":\"https:\/\/monti.lt\/product\/minkstos-kaladeles-kudikiams-kruzzel\/#breadcrumb\",\"itemListElement\":[{\"@type\":\"ListItem\",\"position\":1,\"name\":\"Home\",\"item\":\"https:\/\/monti.lt\/\"},{\"@type\":\"ListItem\",\"position\":2,\"name\":\"Parduotuv\u0117\",\"item\":\"https:\/\/monti.lt\/shop\/\"},{\"@type\":\"ListItem\",\"position\":3,\"name\":\"Mink\u0161tos kalad\u0117l\u0117s k\u016bdikiams &#8220;Kruzzel&#8221;\"}]},{\"@type\":\"WebSite\",\"@id\":\"https:\/\/monti.lt\/#website\",\"url\":\"https:\/\/monti.lt\/\",\"name\":\"Montessori \u017eaislai\",\"description\":\"\",\"publisher\":{\"@id\":\"https:\/\/monti.lt\/#organization\"},\"potentialAction\":[{\"@type\":\"SearchAction\",\"target\":{\"@type\":\"EntryPoint\",\"urlTemplate\":\"https:\/\/monti.lt\/?s={search_term_string}\"},\"query-input\":\"required name=search_term_string\"}],\"inLanguage\":\"en-US\"},{\"@type\":\"Organization\",\"@id\":\"https:\/\/monti.lt\/#organization\",\"name\":\"Montessori \u017eaislai\",\"url\":\"https:\/\/monti.lt\/\",\"logo\":{\"@type\":\"ImageObject\",\"inLanguage\":\"en-US\",\"@id\":\"https:\/\/monti.lt\/#\/schema\/logo\/image\/\",\"url\":\"https:\/\/monti.lt\/wp-content\/uploads\/2022\/03\/montilogo-1.png\",\"contentUrl\":\"https:\/\/monti.lt\/wp-content\/uploads\/2022\/03\/montilogo-1.png\",\"width\":512,\"height\":512,\"caption\":\"Montessori \u017eaislai\"},\"image\":{\"@id\":\"https:\/\/monti.lt\/#\/schema\/logo\/image\/\"}}]}<\/script>\n<!-- \/ Yoast SEO plugin. -->","yoast_head_json":{"title":"Mink\u0161tos kalad\u0117l\u0117s k\u016bdikiams \"Kruzzel\" - Montessori \u017eaislai","robots":{"index":"index","follow":"follow","max-snippet":"max-snippet:-1","max-image-preview":"max-image-preview:large","max-video-preview":"max-video-preview:-1"},"canonical":"https:\/\/monti.lt\/en\/product\/minkstos-kaladeles-kudikiams-kruzzel\/","og_locale":"en_US","og_type":"article","og_title":"Mink\u0161tos kalad\u0117l\u0117s k\u016bdikiams \"Kruzzel\" - Montessori \u017eaislai","og_description":"RINKIN\u0116S SPECIFIKACIJOS: \u012eSKAI\u010cIUOTA:","og_url":"https:\/\/monti.lt\/en\/product\/minkstos-kaladeles-kudikiams-kruzzel\/","og_site_name":"Montessori \u017eaislai","article_modified_time":"2026-05-08T05:28:05+00:00","og_image":[{"width":500,"height":500,"url":"https:\/\/monti.lt\/wp-content\/uploads\/2024\/11\/lit_pl_Minkstos-sensorines-kaladeles-13-vnt-Kruzzel-24812-17884_11.jpg","type":"image\/jpeg"}],"twitter_card":"summary_large_image","twitter_misc":{"Est. reading time":"3 minutes"},"schema":{"@context":"https:\/\/schema.org","@graph":[{"@type":"WebPage","@id":"https:\/\/monti.lt\/product\/minkstos-kaladeles-kudikiams-kruzzel\/","url":"https:\/\/monti.lt\/product\/minkstos-kaladeles-kudikiams-kruzzel\/","name":"Mink\u0161tos kalad\u0117l\u0117s k\u016bdikiams \"Kruzzel\" - Montessori \u017eaislai","isPartOf":{"@id":"https:\/\/monti.lt\/#website"},"primaryImageOfPage":{"@id":"https:\/\/monti.lt\/product\/minkstos-kaladeles-kudikiams-kruzzel\/#primaryimage"},"image":{"@id":"https:\/\/monti.lt\/product\/minkstos-kaladeles-kudikiams-kruzzel\/#primaryimage"},"thumbnailUrl":"https:\/\/monti.lt\/wp-content\/uploads\/2024\/11\/lit_pl_Minkstos-sensorines-kaladeles-13-vnt-Kruzzel-24812-17884_11.jpg","datePublished":"2024-11-20T07:44:40+00:00","dateModified":"2026-05-08T05:28:05+00:00","breadcrumb":{"@id":"https:\/\/monti.lt\/product\/minkstos-kaladeles-kudikiams-kruzzel\/#breadcrumb"},"inLanguage":"en-US","potentialAction":[{"@type":"ReadAction","target":["https:\/\/monti.lt\/product\/minkstos-kaladeles-kudikiams-kruzzel\/"]}]},{"@type":"ImageObject","inLanguage":"en-US","@id":"https:\/\/monti.lt\/product\/minkstos-kaladeles-kudikiams-kruzzel\/#primaryimage","url":"https:\/\/monti.lt\/wp-content\/uploads\/2024\/11\/lit_pl_Minkstos-sensorines-kaladeles-13-vnt-Kruzzel-24812-17884_11.jpg","contentUrl":"https:\/\/monti.lt\/wp-content\/uploads\/2024\/11\/lit_pl_Minkstos-sensorines-kaladeles-13-vnt-Kruzzel-24812-17884_11.jpg","width":500,"height":500,"caption":"dovana kudikiams"},{"@type":"BreadcrumbList","@id":"https:\/\/monti.lt\/product\/minkstos-kaladeles-kudikiams-kruzzel\/#breadcrumb","itemListElement":[{"@type":"ListItem","position":1,"name":"Home","item":"https:\/\/monti.lt\/"},{"@type":"ListItem","position":2,"name":"Parduotuv\u0117","item":"https:\/\/monti.lt\/shop\/"},{"@type":"ListItem","position":3,"name":"Mink\u0161tos kalad\u0117l\u0117s k\u016bdikiams &#8220;Kruzzel&#8221;"}]},{"@type":"WebSite","@id":"https:\/\/monti.lt\/#website","url":"https:\/\/monti.lt\/","name":"Montessori \u017eaislai","description":"","publisher":{"@id":"https:\/\/monti.lt\/#organization"},"potentialAction":[{"@type":"SearchAction","target":{"@type":"EntryPoint","urlTemplate":"https:\/\/monti.lt\/?s={search_term_string}"},"query-input":"required name=search_term_string"}],"inLanguage":"en-US"},{"@type":"Organization","@id":"https:\/\/monti.lt\/#organization","name":"Montessori \u017eaislai","url":"https:\/\/monti.lt\/","logo":{"@type":"ImageObject","inLanguage":"en-US","@id":"https:\/\/monti.lt\/#\/schema\/logo\/image\/","url":"https:\/\/monti.lt\/wp-content\/uploads\/2022\/03\/montilogo-1.png","contentUrl":"https:\/\/monti.lt\/wp-content\/uploads\/2022\/03\/montilogo-1.png","width":512,"height":512,"caption":"Montessori \u017eaislai"},"image":{"@id":"https:\/\/monti.lt\/#\/schema\/logo\/image\/"}}]}},"_links":{"self":[{"href":"https:\/\/monti.lt\/en\/wp-json\/wp\/v2\/product\/27740"}],"collection":[{"href":"https:\/\/monti.lt\/en\/wp-json\/wp\/v2\/product"}],"about":[{"href":"https:\/\/monti.lt\/en\/wp-json\/wp\/v2\/types\/product"}],"version-history":[{"count":1,"href":"https:\/\/monti.lt\/en\/wp-json\/wp\/v2\/product\/27740\/revisions"}],"predecessor-version":[{"id":27750,"href":"https:\/\/monti.lt\/en\/wp-json\/wp\/v2\/product\/27740\/revisions\/27750"}],"wp:featuredmedia":[{"embeddable":true,"href":"https:\/\/monti.lt\/en\/wp-json\/wp\/v2\/media\/27741"}],"wp:attachment":[{"href":"https:\/\/monti.lt\/en\/wp-json\/wp\/v2\/media?parent=27740"}],"wp:term":[{"taxonomy":"product_cat","embeddable":true,"href":"https:\/\/monti.lt\/en\/wp-json\/wp\/v2\/product_cat?post=27740"},{"taxonomy":"product_tag","embeddable":true,"href":"https:\/\/monti.lt\/en\/wp-json\/wp\/v2\/product_tag?post=27740"}],"curies":[{"name":"wp","href":"https:\/\/api.w.org\/{rel}","templated":true}]}}